{"id":1313192,"date":"2024-12-26T23:24:26","date_gmt":"2024-12-26T22:24:26","guid":{"rendered":"https:\/\/positiveprints.com\/product\/you-me-photo-collage\/"},"modified":"2026-04-03T02:35:09","modified_gmt":"2026-04-03T01:35:09","slug":"ty-i-ja-fotokolaz","status":"publish","type":"product","link":"https:\/\/positiveprints.com\/pl\/produkt\/ty-i-ja-fotokolaz\/","title":{"rendered":"Ty i Ja &#8211; Fotokola\u017c"},"content":{"rendered":"","protected":false},"excerpt":{"rendered":"<ul class=\"check-list\">\n<li>Zmie\u0144 ulubione zdj\u0119cia w wyj\u0105tkow\u0105 pami\u0105tk\u0119, kt\u00f3ra upami\u0119tnia wa\u017cne chwile i wi\u0119zi, kt\u00f3re Was \u0142\u0105cz\u0105<\/li>\n<li>Do\u0142\u0105cz spersonalizowany tekst prosto z serca<\/li>\n<li>Zaprojektuj w zaledwie 2 minuty<\/li>\n<li>Wybierz szablon lub wyka\u017c si\u0119 kreatywno\u015bci\u0105<\/li>\n<li>Interaktywny podgl\u0105d pozwoli dopracowa\u0107 ka\u017cdy szczeg\u00f3\u0142<\/li>\n<\/ul>\n","protected":false},"featured_media":1313784,"template":"","meta":[],"product_brand":[],"product_cat":[99,7500,11186,11184,11185,5271,11410,11411,11407,11403,11417,11412,8010,7675,7643,7690,7786,7753,3120,11239,11240],"product_tag":[14970,14973,14981,14959,14960,14957,14962,14980,11756,11770,11817,11816,11815,11813,14170,14977,14174,14979,14983,14968,14984,14972,14982,14964,14976],"class_list":{"0":"post-1313192","1":"product","2":"type-product","3":"status-publish","4":"has-post-thumbnail","6":"product_cat-wszystkie-produkty","7":"product_cat-foto-pl","8":"product_cat-prezenty-na-rocznice-dla-pary","9":"product_cat-prezenty-na-rocznice-dla-niej","10":"product_cat-prezenty-na-rocznice-dla-niego","11":"product_cat-prezent-na-boze-narodzenie","12":"product_cat-prezenty-pod-choinke-dla-niej","13":"product_cat-prezenty-pod-choinke-dla-niego","14":"product_cat-prezenty-pod-choinke-dla-dziewczyny","15":"product_cat-prezenty-pod-choinke-dla-chlopaka","16":"product_cat-prezenty-pod-choinke-dla-zony","17":"product_cat-prezenty-pod-choinke-dla-meza","18":"product_cat-prezent-dla-mezczyzny","19":"product_cat-prezent-dla-chlopaka","20":"product_cat-prezent-dla-meza","21":"product_cat-prezent-dla-kobiety","22":"product_cat-prezent-dla-dziewczyny","23":"product_cat-prezent-dla-zony","24":"product_cat-prezent-na-walentynki","25":"product_cat-prezenty-na-walentynki-dla-niej","26":"product_cat-prezenty-na-walentynki-dla-niego","27":"product_tag-anniversary-gift-pl","28":"product_tag-anniversary-gifts-pl","29":"product_tag-anniversary-present-pl","30":"product_tag-couple-gift-pl","31":"product_tag-gift-for-couple-pl","32":"product_tag-love-pl","33":"product_tag-love-gift-pl","34":"product_tag-personalized-gift-pl","35":"product_tag-prezenty-pod-choinke-dla-chlopaka","36":"product_tag-prezenty-pod-choinke-dla-dziewczyny","37":"product_tag-prezenty-pod-choinke-dla-meza","38":"product_tag-prezenty-pod-choinke-dla-niego","39":"product_tag-prezenty-pod-choinke-dla-niej","40":"product_tag-prezenty-pod-choinke-dla-zony","41":"product_tag-rocznicowy-prezent-dla-pary","42":"product_tag-romantic-gifts-pl","43":"product_tag-romantyczny-prezent","44":"product_tag-sentimental-gift-pl","45":"product_tag-special-occasion-pl","46":"product_tag-thoughtful-gift-pl","47":"product_tag-unique-gift-pl","48":"product_tag-valentines-day-gifts-pl","49":"product_tag-valentines-day-pl","50":"product_tag-valentines-day-gift-pl","51":"product_tag-wedding-anniversary-pl","53":"first","54":"instock","55":"sale","56":"taxable","57":"shipping-taxable","58":"purchasable","59":"product-type-variable"},"yoast_head":"<!-- This site is optimized with the Yoast SEO Premium plugin v27.2 (Yoast SEO v27.2) - https:\/\/yoast.com\/product\/yoast-seo-premium-wordpress\/ -->\n<title>Ty i Ja - Fotokola\u017c - Positive Prints<\/title>\n<meta name=\"description\" content=\"Uchwy\u0107 swoje ulubione chwile dzi\u0119ki fotokola\u017cowi Ty i Ja. Ten pi\u0119knie personalizowany projekt jest idealny, aby uczci\u0107 Wasz\u0105 wyj\u0105tkow\u0105 wi\u0119\u017a.\" \/>\n<meta name=\"robots\" content=\"index, follow, max-snippet:-1, max-image-preview:large, max-video-preview:-1\" \/>\n<link rel=\"canonical\" href=\"https:\/\/positiveprints.com\/pl\/produkt\/ty-i-ja-fotokolaz\/\" \/>\n<meta property=\"og:locale\" content=\"pl_PL\" \/>\n<meta property=\"og:type\" content=\"article\" \/>\n<meta property=\"og:title\" content=\"Ty i Ja - Fotokola\u017c\" \/>\n<meta property=\"og:description\" content=\"Zmie\u0144 ulubione zdj\u0119cia w wyj\u0105tkow\u0105 pami\u0105tk\u0119, kt\u00f3ra upami\u0119tnia wa\u017cne chwile i wi\u0119zi, kt\u00f3re Was \u0142\u0105cz\u0105 Do\u0142\u0105cz spersonalizowany tekst prosto z serca Zaprojektuj w zaledwie 2 minuty Wybierz szablon lub wyka\u017c si\u0119 kreatywno\u015bci\u0105 Interaktywny podgl\u0105d pozwoli dopracowa\u0107 ka\u017cdy szczeg\u00f3\u0142\" \/>\n<meta property=\"og:url\" content=\"https:\/\/positiveprints.com\/pl\/produkt\/ty-i-ja-fotokolaz\/\" \/>\n<meta property=\"og:site_name\" content=\"Positive Prints\" \/>\n<meta property=\"article:publisher\" content=\"https:\/\/www.facebook.com\/positiveprintscom\" \/>\n<meta property=\"article:modified_time\" content=\"2026-04-03T01:35:09+00:00\" \/>\n<meta property=\"og:image\" content=\"https:\/\/positiveprints.com\/wp-content\/uploads\/2024\/12\/Ty-i-Ja-Fotokolaz\u0307.webp\" \/>\n\t<meta property=\"og:image:width\" content=\"1450\" \/>\n\t<meta property=\"og:image:height\" content=\"1450\" \/>\n\t<meta property=\"og:image:type\" content=\"image\/webp\" \/>\n<meta name=\"twitter:card\" content=\"summary_large_image\" \/>\n<meta name=\"twitter:label1\" content=\"Szacowany czas czytania\" \/>\n\t<meta name=\"twitter:data1\" content=\"1 minuta\" \/>\n<!-- \/ Yoast SEO Premium plugin. -->","yoast_head_json":{"title":"Ty i Ja - Fotokola\u017c - Positive Prints","description":"Uchwy\u0107 swoje ulubione chwile dzi\u0119ki fotokola\u017cowi Ty i Ja. Ten pi\u0119knie personalizowany projekt jest idealny, aby uczci\u0107 Wasz\u0105 wyj\u0105tkow\u0105 wi\u0119\u017a.","robots":{"index":"index","follow":"follow","max-snippet":"max-snippet:-1","max-image-preview":"max-image-preview:large","max-video-preview":"max-video-preview:-1"},"canonical":"https:\/\/positiveprints.com\/pl\/produkt\/ty-i-ja-fotokolaz\/","og_locale":"pl_PL","og_type":"article","og_title":"Ty i Ja - Fotokola\u017c","og_description":"Zmie\u0144 ulubione zdj\u0119cia w wyj\u0105tkow\u0105 pami\u0105tk\u0119, kt\u00f3ra upami\u0119tnia wa\u017cne chwile i wi\u0119zi, kt\u00f3re Was \u0142\u0105cz\u0105 Do\u0142\u0105cz spersonalizowany tekst prosto z serca Zaprojektuj w zaledwie 2 minuty Wybierz szablon lub wyka\u017c si\u0119 kreatywno\u015bci\u0105 Interaktywny podgl\u0105d pozwoli dopracowa\u0107 ka\u017cdy szczeg\u00f3\u0142","og_url":"https:\/\/positiveprints.com\/pl\/produkt\/ty-i-ja-fotokolaz\/","og_site_name":"Positive Prints","article_publisher":"https:\/\/www.facebook.com\/positiveprintscom","article_modified_time":"2026-04-03T01:35:09+00:00","og_image":[{"width":1450,"height":1450,"url":"https:\/\/positiveprints.com\/wp-content\/uploads\/2024\/12\/Ty-i-Ja-Fotokolaz\u0307.webp","type":"image\/webp"}],"twitter_card":"summary_large_image","twitter_misc":{"Szacowany czas czytania":"1 minuta"},"schema":{"@context":"https:\/\/schema.org","@graph":[{"@type":["WebPage","ItemPage"],"@id":"https:\/\/positiveprints.com\/pl\/produkt\/ty-i-ja-fotokolaz\/","url":"https:\/\/positiveprints.com\/pl\/produkt\/ty-i-ja-fotokolaz\/","name":"Ty i Ja - Fotokola\u017c - Positive Prints","isPartOf":{"@id":"https:\/\/positiveprints.com\/pl\/#website"},"primaryImageOfPage":{"@id":"https:\/\/positiveprints.com\/pl\/produkt\/ty-i-ja-fotokolaz\/#primaryimage"},"image":{"@id":"https:\/\/positiveprints.com\/pl\/produkt\/ty-i-ja-fotokolaz\/#primaryimage"},"thumbnailUrl":"https:\/\/positiveprints.com\/wp-content\/uploads\/2024\/12\/Ty-i-Ja-Fotokolaz\u0307.webp","datePublished":"2024-12-26T22:24:26+00:00","dateModified":"2026-04-03T01:35:09+00:00","description":"Uchwy\u0107 swoje ulubione chwile dzi\u0119ki fotokola\u017cowi Ty i Ja. Ten pi\u0119knie personalizowany projekt jest idealny, aby uczci\u0107 Wasz\u0105 wyj\u0105tkow\u0105 wi\u0119\u017a.","breadcrumb":{"@id":"https:\/\/positiveprints.com\/pl\/produkt\/ty-i-ja-fotokolaz\/#breadcrumb"},"inLanguage":"pl-PL","potentialAction":[{"@type":"ReadAction","target":["https:\/\/positiveprints.com\/pl\/produkt\/ty-i-ja-fotokolaz\/"]}]},{"@type":"ImageObject","inLanguage":"pl-PL","@id":"https:\/\/positiveprints.com\/pl\/produkt\/ty-i-ja-fotokolaz\/#primaryimage","url":"https:\/\/positiveprints.com\/wp-content\/uploads\/2024\/12\/Ty-i-Ja-Fotokolaz\u0307.webp","contentUrl":"https:\/\/positiveprints.com\/wp-content\/uploads\/2024\/12\/Ty-i-Ja-Fotokolaz\u0307.webp","width":1450,"height":1450,"caption":"Ty i Ja - Fotokola\u017c"},{"@type":"BreadcrumbList","@id":"https:\/\/positiveprints.com\/pl\/produkt\/ty-i-ja-fotokolaz\/#breadcrumb","itemListElement":[{"@type":"ListItem","position":1,"name":"Home","item":"https:\/\/positiveprints.com\/pl\/"},{"@type":"ListItem","position":2,"name":"Produkty","item":"https:\/\/positiveprints.com\/pl\/shop\/"},{"@type":"ListItem","position":3,"name":"Ty i Ja &#8211; Fotokola\u017c"}]},{"@type":"WebSite","@id":"https:\/\/positiveprints.com\/pl\/#website","url":"https:\/\/positiveprints.com\/pl\/","name":"Positive Prints","description":"Amazing Custom Personalized Gifts","publisher":{"@id":"https:\/\/positiveprints.com\/pl\/#organization"},"potentialAction":[{"@type":"SearchAction","target":{"@type":"EntryPoint","urlTemplate":"https:\/\/positiveprints.com\/pl\/?s={search_term_string}"},"query-input":{"@type":"PropertyValueSpecification","valueRequired":true,"valueName":"search_term_string"}}],"inLanguage":"pl-PL"},{"@type":"Organization","@id":"https:\/\/positiveprints.com\/pl\/#organization","name":"Positive Prints","alternateName":"Positive Prints","url":"https:\/\/positiveprints.com\/pl\/","logo":{"@type":"ImageObject","inLanguage":"pl-PL","@id":"https:\/\/positiveprints.com\/pl\/#\/schema\/logo\/image\/","url":"https:\/\/positiveprints.com\/wp-content\/uploads\/2026\/03\/245815646_1337939713319158_5671353136411139666_n.png","contentUrl":"https:\/\/positiveprints.com\/wp-content\/uploads\/2026\/03\/245815646_1337939713319158_5671353136411139666_n.png","width":800,"height":800,"caption":"Positive Prints"},"image":{"@id":"https:\/\/positiveprints.com\/pl\/#\/schema\/logo\/image\/"},"sameAs":["https:\/\/www.facebook.com\/positiveprintscom","https:\/\/www.instagram.com\/positiveprintscom\/","https:\/\/www.tiktok.com\/@positiveprintscom","https:\/\/www.pinterest.com\/positiveprintscom\/"]}]}},"jetpack_sharing_enabled":true,"_links":{"self":[{"href":"https:\/\/positiveprints.com\/pl\/wp-json\/wp\/v2\/product\/1313192","targetHints":{"allow":["GET"]}}],"collection":[{"href":"https:\/\/positiveprints.com\/pl\/wp-json\/wp\/v2\/product"}],"about":[{"href":"https:\/\/positiveprints.com\/pl\/wp-json\/wp\/v2\/types\/product"}],"wp:featuredmedia":[{"embeddable":true,"href":"https:\/\/positiveprints.com\/pl\/wp-json\/wp\/v2\/media\/1313784"}],"wp:attachment":[{"href":"https:\/\/positiveprints.com\/pl\/wp-json\/wp\/v2\/media?parent=1313192"}],"wp:term":[{"taxonomy":"product_brand","embeddable":true,"href":"https:\/\/positiveprints.com\/pl\/wp-json\/wp\/v2\/product_brand?post=1313192"},{"taxonomy":"product_cat","embeddable":true,"href":"https:\/\/positiveprints.com\/pl\/wp-json\/wp\/v2\/product_cat?post=1313192"},{"taxonomy":"product_tag","embeddable":true,"href":"https:\/\/positiveprints.com\/pl\/wp-json\/wp\/v2\/product_tag?post=1313192"}],"curies":[{"name":"wp","href":"https:\/\/api.w.org\/{rel}","templated":true}]}}