{"id":1311396,"date":"2023-10-25T10:58:19","date_gmt":"2023-10-25T09:58:19","guid":{"rendered":"https:\/\/positiveprints.com\/product\/the-day-you-became-my-grandma-with-photo\/"},"modified":"2026-04-12T21:29:59","modified_gmt":"2026-04-12T20:29:59","slug":"dzien-w-ktorym-zostalas-babcia-plakat-ze-zdjeciem","status":"publish","type":"product","link":"https:\/\/positiveprints.com\/pl\/produkt\/dzien-w-ktorym-zostalas-babcia-plakat-ze-zdjeciem\/","title":{"rendered":"Dzie\u0144, w kt\u00f3rym zosta\u0142a\u015b babci\u0105 &#8211; Plakat ze zdj\u0119ciem"},"content":{"rendered":"","protected":false},"excerpt":{"rendered":"<ul class=\"check-list\">\n<li>Upami\u0119tnij wyj\u0105tkowy dzie\u0144 widokiem gwiazd i pami\u0105tkowym zdj\u0119ciem<\/li>\n<li>Dodaj konstelacje do mapy i wybierz zdj\u0119cie<\/li>\n<li>Spersonalizuj w 3 prostych krokach<\/li>\n<li>Dodaj dedykacj\u0119 prosto z serca<\/li>\n<li>Interaktywny podgl\u0105d pozwoli dopracowa\u0107 ka\u017cdy szczeg\u00f3\u0142<\/li>\n<\/ul>\n","protected":false},"featured_media":1311430,"template":"","meta":[],"product_brand":[],"product_cat":[9105,9765,99,5271,11408,7723],"product_tag":[9453,8586,13360],"class_list":{"0":"post-1311396","1":"product","2":"type-product","3":"status-publish","4":"has-post-thumbnail","6":"product_cat-duo-stars-pl","7":"product_cat-trending-label-pl","8":"product_cat-wszystkie-produkty","9":"product_cat-prezent-na-boze-narodzenie","10":"product_cat-prezenty-pod-choinke-dla-babci","11":"product_cat-prezent-dla-babci","12":"product_tag-babcia","13":"product_tag-babunia","14":"product_tag-prezent-swiateczny-dla-babci","16":"first","17":"instock","18":"sale","19":"taxable","20":"shipping-taxable","21":"purchasable","22":"product-type-variable"},"yoast_head":"<!-- This site is optimized with the Yoast SEO Premium plugin v27.2 (Yoast SEO v27.2) - https:\/\/yoast.com\/product\/yoast-seo-premium-wordpress\/ -->\n<title>Dzie\u0144, w kt\u00f3rym zosta\u0142a\u015b babci\u0105 - Plakat ze zdj\u0119ciem - Positive Prints<\/title>\n<meta name=\"description\" content=\"\u015awi\u0119tuj mi\u0142o\u015b\u0107 do niej i dzie\u0144, w kt\u00f3rym zosta\u0142a babci\u0105. Podaruj plakat ze zdj\u0119ciem - Dzie\u0144, w kt\u00f3rym zosta\u0142a\u015b babci\u0105.\" \/>\n<meta name=\"robots\" content=\"index, follow, max-snippet:-1, max-image-preview:large, max-video-preview:-1\" \/>\n<link rel=\"canonical\" href=\"https:\/\/positiveprints.com\/pl\/produkt\/dzien-w-ktorym-zostalas-babcia-plakat-ze-zdjeciem\/\" \/>\n<meta property=\"og:locale\" content=\"pl_PL\" \/>\n<meta property=\"og:type\" content=\"article\" \/>\n<meta property=\"og:title\" content=\"Dzie\u0144, w kt\u00f3rym zosta\u0142a\u015b babci\u0105 - Plakat ze zdj\u0119ciem\" \/>\n<meta property=\"og:description\" content=\"Upami\u0119tnij wyj\u0105tkowy dzie\u0144 widokiem gwiazd i pami\u0105tkowym zdj\u0119ciem Dodaj konstelacje do mapy i wybierz zdj\u0119cie Spersonalizuj w 3 prostych krokach Dodaj dedykacj\u0119 prosto z serca Interaktywny podgl\u0105d pozwoli dopracowa\u0107 ka\u017cdy szczeg\u00f3\u0142\" \/>\n<meta property=\"og:url\" content=\"https:\/\/positiveprints.com\/pl\/produkt\/dzien-w-ktorym-zostalas-babcia-plakat-ze-zdjeciem\/\" \/>\n<meta property=\"og:site_name\" content=\"Positive Prints\" \/>\n<meta property=\"article:publisher\" content=\"https:\/\/www.facebook.com\/positiveprintscom\" \/>\n<meta property=\"article:modified_time\" content=\"2026-04-12T20:29:59+00:00\" \/>\n<meta property=\"og:image\" content=\"https:\/\/positiveprints.com\/wp-content\/uploads\/2023\/10\/Dzien\u0301-w-kto\u0301rym-zostalas\u0301-babcia\u0328-Plakat-ze-zdje\u0328ciem.webp\" \/>\n\t<meta property=\"og:image:width\" content=\"1080\" \/>\n\t<meta property=\"og:image:height\" content=\"1080\" \/>\n\t<meta property=\"og:image:type\" content=\"image\/webp\" \/>\n<meta name=\"twitter:card\" content=\"summary_large_image\" \/>\n<meta name=\"twitter:label1\" content=\"Szacowany czas czytania\" \/>\n\t<meta name=\"twitter:data1\" content=\"1 minuta\" \/>\n<!-- \/ Yoast SEO Premium plugin. -->","yoast_head_json":{"title":"Dzie\u0144, w kt\u00f3rym zosta\u0142a\u015b babci\u0105 - Plakat ze zdj\u0119ciem - Positive Prints","description":"\u015awi\u0119tuj mi\u0142o\u015b\u0107 do niej i dzie\u0144, w kt\u00f3rym zosta\u0142a babci\u0105. Podaruj plakat ze zdj\u0119ciem - Dzie\u0144, w kt\u00f3rym zosta\u0142a\u015b babci\u0105.","robots":{"index":"index","follow":"follow","max-snippet":"max-snippet:-1","max-image-preview":"max-image-preview:large","max-video-preview":"max-video-preview:-1"},"canonical":"https:\/\/positiveprints.com\/pl\/produkt\/dzien-w-ktorym-zostalas-babcia-plakat-ze-zdjeciem\/","og_locale":"pl_PL","og_type":"article","og_title":"Dzie\u0144, w kt\u00f3rym zosta\u0142a\u015b babci\u0105 - Plakat ze zdj\u0119ciem","og_description":"Upami\u0119tnij wyj\u0105tkowy dzie\u0144 widokiem gwiazd i pami\u0105tkowym zdj\u0119ciem Dodaj konstelacje do mapy i wybierz zdj\u0119cie Spersonalizuj w 3 prostych krokach Dodaj dedykacj\u0119 prosto z serca Interaktywny podgl\u0105d pozwoli dopracowa\u0107 ka\u017cdy szczeg\u00f3\u0142","og_url":"https:\/\/positiveprints.com\/pl\/produkt\/dzien-w-ktorym-zostalas-babcia-plakat-ze-zdjeciem\/","og_site_name":"Positive Prints","article_publisher":"https:\/\/www.facebook.com\/positiveprintscom","article_modified_time":"2026-04-12T20:29:59+00:00","og_image":[{"width":1080,"height":1080,"url":"https:\/\/positiveprints.com\/wp-content\/uploads\/2023\/10\/Dzien\u0301-w-kto\u0301rym-zostalas\u0301-babcia\u0328-Plakat-ze-zdje\u0328ciem.webp","type":"image\/webp"}],"twitter_card":"summary_large_image","twitter_misc":{"Szacowany czas czytania":"1 minuta"},"schema":{"@context":"https:\/\/schema.org","@graph":[{"@type":["WebPage","ItemPage"],"@id":"https:\/\/positiveprints.com\/pl\/produkt\/dzien-w-ktorym-zostalas-babcia-plakat-ze-zdjeciem\/","url":"https:\/\/positiveprints.com\/pl\/produkt\/dzien-w-ktorym-zostalas-babcia-plakat-ze-zdjeciem\/","name":"Dzie\u0144, w kt\u00f3rym zosta\u0142a\u015b babci\u0105 - Plakat ze zdj\u0119ciem - Positive Prints","isPartOf":{"@id":"https:\/\/positiveprints.com\/pl\/#website"},"primaryImageOfPage":{"@id":"https:\/\/positiveprints.com\/pl\/produkt\/dzien-w-ktorym-zostalas-babcia-plakat-ze-zdjeciem\/#primaryimage"},"image":{"@id":"https:\/\/positiveprints.com\/pl\/produkt\/dzien-w-ktorym-zostalas-babcia-plakat-ze-zdjeciem\/#primaryimage"},"thumbnailUrl":"https:\/\/positiveprints.com\/wp-content\/uploads\/2023\/10\/Dzien\u0301-w-kto\u0301rym-zostalas\u0301-babcia\u0328-Plakat-ze-zdje\u0328ciem.webp","datePublished":"2023-10-25T09:58:19+00:00","dateModified":"2026-04-12T20:29:59+00:00","description":"\u015awi\u0119tuj mi\u0142o\u015b\u0107 do niej i dzie\u0144, w kt\u00f3rym zosta\u0142a babci\u0105. Podaruj plakat ze zdj\u0119ciem - Dzie\u0144, w kt\u00f3rym zosta\u0142a\u015b babci\u0105.","breadcrumb":{"@id":"https:\/\/positiveprints.com\/pl\/produkt\/dzien-w-ktorym-zostalas-babcia-plakat-ze-zdjeciem\/#breadcrumb"},"inLanguage":"pl-PL","potentialAction":[{"@type":"ReadAction","target":["https:\/\/positiveprints.com\/pl\/produkt\/dzien-w-ktorym-zostalas-babcia-plakat-ze-zdjeciem\/"]}]},{"@type":"ImageObject","inLanguage":"pl-PL","@id":"https:\/\/positiveprints.com\/pl\/produkt\/dzien-w-ktorym-zostalas-babcia-plakat-ze-zdjeciem\/#primaryimage","url":"https:\/\/positiveprints.com\/wp-content\/uploads\/2023\/10\/Dzien\u0301-w-kto\u0301rym-zostalas\u0301-babcia\u0328-Plakat-ze-zdje\u0328ciem.webp","contentUrl":"https:\/\/positiveprints.com\/wp-content\/uploads\/2023\/10\/Dzien\u0301-w-kto\u0301rym-zostalas\u0301-babcia\u0328-Plakat-ze-zdje\u0328ciem.webp","width":1080,"height":1080,"caption":"Dzien\u0301, w kto\u0301rym zosta\u0142as\u0301 babcia\u0328 - Plakat ze zdje\u0328ciem"},{"@type":"BreadcrumbList","@id":"https:\/\/positiveprints.com\/pl\/produkt\/dzien-w-ktorym-zostalas-babcia-plakat-ze-zdjeciem\/#breadcrumb","itemListElement":[{"@type":"ListItem","position":1,"name":"Home","item":"https:\/\/positiveprints.com\/pl\/"},{"@type":"ListItem","position":2,"name":"Produkty","item":"https:\/\/positiveprints.com\/pl\/shop\/"},{"@type":"ListItem","position":3,"name":"Dzie\u0144, w kt\u00f3rym zosta\u0142a\u015b babci\u0105 &#8211; Plakat ze zdj\u0119ciem"}]},{"@type":"WebSite","@id":"https:\/\/positiveprints.com\/pl\/#website","url":"https:\/\/positiveprints.com\/pl\/","name":"Positive Prints","description":"Amazing Custom Personalized Gifts","publisher":{"@id":"https:\/\/positiveprints.com\/pl\/#organization"},"potentialAction":[{"@type":"SearchAction","target":{"@type":"EntryPoint","urlTemplate":"https:\/\/positiveprints.com\/pl\/?s={search_term_string}"},"query-input":{"@type":"PropertyValueSpecification","valueRequired":true,"valueName":"search_term_string"}}],"inLanguage":"pl-PL"},{"@type":"Organization","@id":"https:\/\/positiveprints.com\/pl\/#organization","name":"Positive Prints","alternateName":"Positive Prints","url":"https:\/\/positiveprints.com\/pl\/","logo":{"@type":"ImageObject","inLanguage":"pl-PL","@id":"https:\/\/positiveprints.com\/pl\/#\/schema\/logo\/image\/","url":"https:\/\/positiveprints.com\/wp-content\/uploads\/2026\/03\/245815646_1337939713319158_5671353136411139666_n.png","contentUrl":"https:\/\/positiveprints.com\/wp-content\/uploads\/2026\/03\/245815646_1337939713319158_5671353136411139666_n.png","width":800,"height":800,"caption":"Positive Prints"},"image":{"@id":"https:\/\/positiveprints.com\/pl\/#\/schema\/logo\/image\/"},"sameAs":["https:\/\/www.facebook.com\/positiveprintscom","https:\/\/www.instagram.com\/positiveprintscom\/","https:\/\/www.tiktok.com\/@positiveprintscom","https:\/\/www.pinterest.com\/positiveprintscom\/"]}]}},"jetpack_sharing_enabled":true,"_links":{"self":[{"href":"https:\/\/positiveprints.com\/pl\/wp-json\/wp\/v2\/product\/1311396","targetHints":{"allow":["GET"]}}],"collection":[{"href":"https:\/\/positiveprints.com\/pl\/wp-json\/wp\/v2\/product"}],"about":[{"href":"https:\/\/positiveprints.com\/pl\/wp-json\/wp\/v2\/types\/product"}],"wp:featuredmedia":[{"embeddable":true,"href":"https:\/\/positiveprints.com\/pl\/wp-json\/wp\/v2\/media\/1311430"}],"wp:attachment":[{"href":"https:\/\/positiveprints.com\/pl\/wp-json\/wp\/v2\/media?parent=1311396"}],"wp:term":[{"taxonomy":"product_brand","embeddable":true,"href":"https:\/\/positiveprints.com\/pl\/wp-json\/wp\/v2\/product_brand?post=1311396"},{"taxonomy":"product_cat","embeddable":true,"href":"https:\/\/positiveprints.com\/pl\/wp-json\/wp\/v2\/product_cat?post=1311396"},{"taxonomy":"product_tag","embeddable":true,"href":"https:\/\/positiveprints.com\/pl\/wp-json\/wp\/v2\/product_tag?post=1311396"}],"curies":[{"name":"wp","href":"https:\/\/api.w.org\/{rel}","templated":true}]}}