{"id":1311318,"date":"2025-01-09T12:10:51","date_gmt":"2025-01-09T11:10:51","guid":{"rendered":"https:\/\/positiveprints.com\/product\/wnuki-kochanej-babci\/"},"modified":"2026-04-03T02:35:08","modified_gmt":"2026-04-03T01:35:08","slug":"wnuki-kochanej-babci-plakat-line-art","status":"publish","type":"product","link":"https:\/\/positiveprints.com\/pl\/produkt\/wnuki-kochanej-babci-plakat-line-art\/","title":{"rendered":"Wnuki kochanej babci &#8211; Plakat Line Art"},"content":{"rendered":"","protected":false},"excerpt":{"rendered":"<ul class=\"check-list\">\n<li>Pozw\u00f3l naszym artystom narysowa\u0107 unikalny Line Art ze zdj\u0119cia<\/li>\n<li>Narysowany i wys\u0142any do Twojej akceptacji w ci\u0105gu 2-3 dni roboczych<\/li>\n<li>Personalizacja w 3 prostych krokach<\/li>\n<li>Dost\u0119pny w wielu wariantach kolorystycznych<\/li>\n<li>2 poprawki wliczone w cen\u0119<\/li>\n<\/ul>\n","protected":false},"featured_media":1366064,"template":"","meta":[],"product_brand":[],"product_cat":[9279,9182,99,5271,11408,7723],"product_tag":[9453,8586,12613,11777,15476],"class_list":{"0":"post-1311318","1":"product","2":"type-product","3":"status-publish","4":"has-post-thumbnail","6":"product_cat-bestsellers-label-pl","7":"product_cat-line-art-pl","8":"product_cat-wszystkie-produkty","9":"product_cat-prezent-na-boze-narodzenie","10":"product_cat-prezenty-pod-choinke-dla-babci","11":"product_cat-prezent-dla-babci","12":"product_tag-babcia","13":"product_tag-babunia","14":"product_tag-prezent-dla-babci","15":"product_tag-prezenty-pod-choinke-dla-babci","16":"product_tag-wnuki","18":"first","19":"instock","20":"sale","21":"taxable","22":"shipping-taxable","23":"purchasable","24":"product-type-variable"},"yoast_head":"<!-- This site is optimized with the Yoast SEO Premium plugin v27.2 (Yoast SEO v27.2) - https:\/\/yoast.com\/product\/yoast-seo-premium-wordpress\/ -->\n<title>Wnuki kochanej babci - Plakat Line Art - Positive Prints<\/title>\n<meta name=\"description\" content=\"Stw\u00f3rz wyj\u0105tkowy prezent dla Babci! Zamie\u0144 zdj\u0119cie w grafik\u0119 line art, dodaj tekst i wybierz t\u0142o. Ponadczasowy obraz, kt\u00f3ry Twoja babci pokocha na zawsze.\" \/>\n<meta name=\"robots\" content=\"index, follow, max-snippet:-1, max-image-preview:large, max-video-preview:-1\" \/>\n<link rel=\"canonical\" href=\"https:\/\/positiveprints.com\/pl\/produkt\/wnuki-kochanej-babci-plakat-line-art\/\" \/>\n<meta property=\"og:locale\" content=\"pl_PL\" \/>\n<meta property=\"og:type\" content=\"article\" \/>\n<meta property=\"og:title\" content=\"Wnuki kochanej babci - Plakat Line Art\" \/>\n<meta property=\"og:description\" content=\"Pozw\u00f3l naszym artystom narysowa\u0107 unikalny Line Art ze zdj\u0119cia   Narysowany i wys\u0142any do Twojej akceptacji w ci\u0105gu 2-3 dni roboczych   Personalizacja w 3 prostych krokach   Dost\u0119pny w wielu wariantach kolorystycznych   2 poprawki wliczone w cen\u0119\" \/>\n<meta property=\"og:url\" content=\"https:\/\/positiveprints.com\/pl\/produkt\/wnuki-kochanej-babci-plakat-line-art\/\" \/>\n<meta property=\"og:site_name\" content=\"Positive Prints\" \/>\n<meta property=\"article:publisher\" content=\"https:\/\/www.facebook.com\/positiveprintscom\" \/>\n<meta property=\"article:modified_time\" content=\"2026-04-03T01:35:08+00:00\" \/>\n<meta property=\"og:image\" content=\"https:\/\/positiveprints.com\/wp-content\/uploads\/2025\/02\/Wnuki-kochanej-babci-Plakat-Line-Art-1.webp\" \/>\n\t<meta property=\"og:image:width\" content=\"1450\" \/>\n\t<meta property=\"og:image:height\" content=\"1450\" \/>\n\t<meta property=\"og:image:type\" content=\"image\/webp\" \/>\n<meta name=\"twitter:card\" content=\"summary_large_image\" \/>\n<meta name=\"twitter:label1\" content=\"Szacowany czas czytania\" \/>\n\t<meta name=\"twitter:data1\" content=\"1 minuta\" \/>\n<!-- \/ Yoast SEO Premium plugin. -->","yoast_head_json":{"title":"Wnuki kochanej babci - Plakat Line Art - Positive Prints","description":"Stw\u00f3rz wyj\u0105tkowy prezent dla Babci! Zamie\u0144 zdj\u0119cie w grafik\u0119 line art, dodaj tekst i wybierz t\u0142o. Ponadczasowy obraz, kt\u00f3ry Twoja babci pokocha na zawsze.","robots":{"index":"index","follow":"follow","max-snippet":"max-snippet:-1","max-image-preview":"max-image-preview:large","max-video-preview":"max-video-preview:-1"},"canonical":"https:\/\/positiveprints.com\/pl\/produkt\/wnuki-kochanej-babci-plakat-line-art\/","og_locale":"pl_PL","og_type":"article","og_title":"Wnuki kochanej babci - Plakat Line Art","og_description":"Pozw\u00f3l naszym artystom narysowa\u0107 unikalny Line Art ze zdj\u0119cia   Narysowany i wys\u0142any do Twojej akceptacji w ci\u0105gu 2-3 dni roboczych   Personalizacja w 3 prostych krokach   Dost\u0119pny w wielu wariantach kolorystycznych   2 poprawki wliczone w cen\u0119","og_url":"https:\/\/positiveprints.com\/pl\/produkt\/wnuki-kochanej-babci-plakat-line-art\/","og_site_name":"Positive Prints","article_publisher":"https:\/\/www.facebook.com\/positiveprintscom","article_modified_time":"2026-04-03T01:35:08+00:00","og_image":[{"width":1450,"height":1450,"url":"https:\/\/positiveprints.com\/wp-content\/uploads\/2025\/02\/Wnuki-kochanej-babci-Plakat-Line-Art-1.webp","type":"image\/webp"}],"twitter_card":"summary_large_image","twitter_misc":{"Szacowany czas czytania":"1 minuta"},"schema":{"@context":"https:\/\/schema.org","@graph":[{"@type":["WebPage","ItemPage"],"@id":"https:\/\/positiveprints.com\/pl\/produkt\/wnuki-kochanej-babci-plakat-line-art\/","url":"https:\/\/positiveprints.com\/pl\/produkt\/wnuki-kochanej-babci-plakat-line-art\/","name":"Wnuki kochanej babci - Plakat Line Art - Positive Prints","isPartOf":{"@id":"https:\/\/positiveprints.com\/pl\/#website"},"primaryImageOfPage":{"@id":"https:\/\/positiveprints.com\/pl\/produkt\/wnuki-kochanej-babci-plakat-line-art\/#primaryimage"},"image":{"@id":"https:\/\/positiveprints.com\/pl\/produkt\/wnuki-kochanej-babci-plakat-line-art\/#primaryimage"},"thumbnailUrl":"https:\/\/positiveprints.com\/wp-content\/uploads\/2025\/02\/Wnuki-kochanej-babci-Plakat-Line-Art-1.webp","datePublished":"2025-01-09T11:10:51+00:00","dateModified":"2026-04-03T01:35:08+00:00","description":"Stw\u00f3rz wyj\u0105tkowy prezent dla Babci! Zamie\u0144 zdj\u0119cie w grafik\u0119 line art, dodaj tekst i wybierz t\u0142o. Ponadczasowy obraz, kt\u00f3ry Twoja babci pokocha na zawsze.","breadcrumb":{"@id":"https:\/\/positiveprints.com\/pl\/produkt\/wnuki-kochanej-babci-plakat-line-art\/#breadcrumb"},"inLanguage":"pl-PL","potentialAction":[{"@type":"ReadAction","target":["https:\/\/positiveprints.com\/pl\/produkt\/wnuki-kochanej-babci-plakat-line-art\/"]}]},{"@type":"ImageObject","inLanguage":"pl-PL","@id":"https:\/\/positiveprints.com\/pl\/produkt\/wnuki-kochanej-babci-plakat-line-art\/#primaryimage","url":"https:\/\/positiveprints.com\/wp-content\/uploads\/2025\/02\/Wnuki-kochanej-babci-Plakat-Line-Art-1.webp","contentUrl":"https:\/\/positiveprints.com\/wp-content\/uploads\/2025\/02\/Wnuki-kochanej-babci-Plakat-Line-Art-1.webp","width":1450,"height":1450},{"@type":"BreadcrumbList","@id":"https:\/\/positiveprints.com\/pl\/produkt\/wnuki-kochanej-babci-plakat-line-art\/#breadcrumb","itemListElement":[{"@type":"ListItem","position":1,"name":"Home","item":"https:\/\/positiveprints.com\/pl\/"},{"@type":"ListItem","position":2,"name":"Produkty","item":"https:\/\/positiveprints.com\/pl\/shop\/"},{"@type":"ListItem","position":3,"name":"Wnuki kochanej babci &#8211; Plakat Line Art"}]},{"@type":"WebSite","@id":"https:\/\/positiveprints.com\/pl\/#website","url":"https:\/\/positiveprints.com\/pl\/","name":"Positive Prints","description":"Amazing Custom Personalized Gifts","publisher":{"@id":"https:\/\/positiveprints.com\/pl\/#organization"},"potentialAction":[{"@type":"SearchAction","target":{"@type":"EntryPoint","urlTemplate":"https:\/\/positiveprints.com\/pl\/?s={search_term_string}"},"query-input":{"@type":"PropertyValueSpecification","valueRequired":true,"valueName":"search_term_string"}}],"inLanguage":"pl-PL"},{"@type":"Organization","@id":"https:\/\/positiveprints.com\/pl\/#organization","name":"Positive Prints","alternateName":"Positive Prints","url":"https:\/\/positiveprints.com\/pl\/","logo":{"@type":"ImageObject","inLanguage":"pl-PL","@id":"https:\/\/positiveprints.com\/pl\/#\/schema\/logo\/image\/","url":"https:\/\/positiveprints.com\/wp-content\/uploads\/2026\/03\/245815646_1337939713319158_5671353136411139666_n.png","contentUrl":"https:\/\/positiveprints.com\/wp-content\/uploads\/2026\/03\/245815646_1337939713319158_5671353136411139666_n.png","width":800,"height":800,"caption":"Positive Prints"},"image":{"@id":"https:\/\/positiveprints.com\/pl\/#\/schema\/logo\/image\/"},"sameAs":["https:\/\/www.facebook.com\/positiveprintscom","https:\/\/www.instagram.com\/positiveprintscom\/","https:\/\/www.tiktok.com\/@positiveprintscom","https:\/\/www.pinterest.com\/positiveprintscom\/"]}]}},"jetpack_sharing_enabled":true,"_links":{"self":[{"href":"https:\/\/positiveprints.com\/pl\/wp-json\/wp\/v2\/product\/1311318","targetHints":{"allow":["GET"]}}],"collection":[{"href":"https:\/\/positiveprints.com\/pl\/wp-json\/wp\/v2\/product"}],"about":[{"href":"https:\/\/positiveprints.com\/pl\/wp-json\/wp\/v2\/types\/product"}],"wp:featuredmedia":[{"embeddable":true,"href":"https:\/\/positiveprints.com\/pl\/wp-json\/wp\/v2\/media\/1366064"}],"wp:attachment":[{"href":"https:\/\/positiveprints.com\/pl\/wp-json\/wp\/v2\/media?parent=1311318"}],"wp:term":[{"taxonomy":"product_brand","embeddable":true,"href":"https:\/\/positiveprints.com\/pl\/wp-json\/wp\/v2\/product_brand?post=1311318"},{"taxonomy":"product_cat","embeddable":true,"href":"https:\/\/positiveprints.com\/pl\/wp-json\/wp\/v2\/product_cat?post=1311318"},{"taxonomy":"product_tag","embeddable":true,"href":"https:\/\/positiveprints.com\/pl\/wp-json\/wp\/v2\/product_tag?post=1311318"}],"curies":[{"name":"wp","href":"https:\/\/api.w.org\/{rel}","templated":true}]}}