{"id":1309690,"date":"2024-12-26T22:11:54","date_gmt":"2024-12-26T21:11:54","guid":{"rendered":"https:\/\/positiveprints.com\/product\/ty-i-ja-fotokolaz-w-formie-napisu\/"},"modified":"2026-04-18T03:09:47","modified_gmt":"2026-04-18T02:09:47","slug":"ty-i-ja-fotokolaz-napis","status":"publish","type":"product","link":"https:\/\/positiveprints.com\/pl\/produkt\/ty-i-ja-fotokolaz-napis\/","title":{"rendered":"Ty i Ja &#8211; Fotokola\u017c"},"content":{"rendered":"","protected":false},"excerpt":{"rendered":"<ul class=\"check-list\">\n<li>Zdj\u0119cia umieszczone w literach \u201eTY i JA\u201d symbolizuj\u0105 Wasz\u0105 blisko\u015b\u0107, wsp\u00f3lne chwile i niezapomniane wspomnienia<\/li>\n<li>Dodaj osobist\u0105 dedykacj\u0119 lub kr\u00f3tki tekst<\/li>\n<li>Spersonalizuj projekt w 3 prostych krokach<\/li>\n<li>Interaktywny podgl\u0105d pozwoli dopracowa\u0107 ka\u017cdy szczeg\u00f3\u0142<\/li>\n<\/ul>\n","protected":false},"featured_media":1671760,"template":"","meta":[],"product_brand":[],"product_cat":[9279,8978,8829,99,5333,11186,11184,11185,5271,11410,11411,11407,11403,8010,7675,7643,7690,7786,7753,7802,3120,11239,11240],"product_tag":[14970,14973,14981,14959,14960,14957,14962,14980,11756,11770,11816,11815,14170,14977,14174,14979,14983,14968,14984,14972,14982,14964,14976],"class_list":{"0":"post-1309690","1":"product","2":"type-product","3":"status-publish","4":"has-post-thumbnail","6":"product_cat-bestsellers-label-pl","7":"product_cat-nowosci","8":"product_cat-kolaz-ze-zdjec-w-formie-napisu","9":"product_cat-wszystkie-produkty","10":"product_cat-prezent-na-rocznice","11":"product_cat-prezenty-na-rocznice-dla-pary","12":"product_cat-prezenty-na-rocznice-dla-niej","13":"product_cat-prezenty-na-rocznice-dla-niego","14":"product_cat-prezent-na-boze-narodzenie","15":"product_cat-prezenty-pod-choinke-dla-niej","16":"product_cat-prezenty-pod-choinke-dla-niego","17":"product_cat-prezenty-pod-choinke-dla-dziewczyny","18":"product_cat-prezenty-pod-choinke-dla-chlopaka","19":"product_cat-prezent-dla-mezczyzny","20":"product_cat-prezent-dla-chlopaka","21":"product_cat-prezent-dla-meza","22":"product_cat-prezent-dla-kobiety","23":"product_cat-prezent-dla-dziewczyny","24":"product_cat-prezent-dla-zony","25":"product_cat-prezent-dla-pary","26":"product_cat-prezent-na-walentynki","27":"product_cat-prezenty-na-walentynki-dla-niej","28":"product_cat-prezenty-na-walentynki-dla-niego","29":"product_tag-anniversary-gift-pl","30":"product_tag-anniversary-gifts-pl","31":"product_tag-anniversary-present-pl","32":"product_tag-couple-gift-pl","33":"product_tag-gift-for-couple-pl","34":"product_tag-love-pl","35":"product_tag-love-gift-pl","36":"product_tag-personalized-gift-pl","37":"product_tag-prezenty-pod-choinke-dla-chlopaka","38":"product_tag-prezenty-pod-choinke-dla-dziewczyny","39":"product_tag-prezenty-pod-choinke-dla-niego","40":"product_tag-prezenty-pod-choinke-dla-niej","41":"product_tag-rocznicowy-prezent-dla-pary","42":"product_tag-romantic-gifts-pl","43":"product_tag-romantyczny-prezent","44":"product_tag-sentimental-gift-pl","45":"product_tag-special-occasion-pl","46":"product_tag-thoughtful-gift-pl","47":"product_tag-unique-gift-pl","48":"product_tag-valentines-day-gifts-pl","49":"product_tag-valentines-day-pl","50":"product_tag-valentines-day-gift-pl","51":"product_tag-wedding-anniversary-pl","53":"first","54":"instock","55":"sale","56":"taxable","57":"shipping-taxable","58":"purchasable","59":"product-type-variable"},"yoast_head":"<!-- This site is optimized with the Yoast SEO Premium plugin v27.2 (Yoast SEO v27.2) - https:\/\/yoast.com\/product\/yoast-seo-premium-wordpress\/ -->\n<title>Ty i Ja - Fotokola\u017c - Positive Prints<\/title>\n<meta name=\"description\" content=\"Celebruj Wasz\u0105 wyj\u0105tkow\u0105 wi\u0119\u017a z naszym kola\u017cem \u201cTy&amp;Ja\u201d - kt\u00f3ry mo\u017cesz w pe\u0142ni spersonalizowa\u0107. To niezwyk\u0142e dzie\u0142o sztuki jest idealnym prezentem, kt\u00f3ry uwieczni Wasze ulubione wspomnienia.\" \/>\n<meta name=\"robots\" content=\"index, follow, max-snippet:-1, max-image-preview:large, max-video-preview:-1\" \/>\n<link rel=\"canonical\" href=\"https:\/\/positiveprints.com\/pl\/produkt\/ty-i-ja-fotokolaz-napis\/\" \/>\n<meta property=\"og:locale\" content=\"pl_PL\" \/>\n<meta property=\"og:type\" content=\"article\" \/>\n<meta property=\"og:title\" content=\"Ty i Ja - Fotokola\u017c\" \/>\n<meta property=\"og:description\" content=\"Zdj\u0119cia umieszczone w literach \u201eTY i JA\u201d symbolizuj\u0105 Wasz\u0105 blisko\u015b\u0107, wsp\u00f3lne chwile i niezapomniane wspomnienia Dodaj osobist\u0105 dedykacj\u0119 lub kr\u00f3tki tekst Spersonalizuj projekt w 3 prostych krokach Interaktywny podgl\u0105d pozwoli dopracowa\u0107 ka\u017cdy szczeg\u00f3\u0142\" \/>\n<meta property=\"og:url\" content=\"https:\/\/positiveprints.com\/pl\/produkt\/ty-i-ja-fotokolaz-napis\/\" \/>\n<meta property=\"og:site_name\" content=\"Positive Prints\" \/>\n<meta property=\"article:publisher\" content=\"https:\/\/www.facebook.com\/positiveprintscom\" \/>\n<meta property=\"article:modified_time\" content=\"2026-04-18T02:09:47+00:00\" \/>\n<meta property=\"og:image\" content=\"https:\/\/positiveprints.com\/wp-content\/uploads\/2025\/03\/Ty-Ja-Fotokolaz\u0307-1.webp\" \/>\n\t<meta property=\"og:image:width\" content=\"1450\" \/>\n\t<meta property=\"og:image:height\" content=\"1450\" \/>\n\t<meta property=\"og:image:type\" content=\"image\/webp\" \/>\n<meta name=\"twitter:card\" content=\"summary_large_image\" \/>\n<meta name=\"twitter:label1\" content=\"Szacowany czas czytania\" \/>\n\t<meta name=\"twitter:data1\" content=\"1 minuta\" \/>\n<!-- \/ Yoast SEO Premium plugin. -->","yoast_head_json":{"title":"Ty i Ja - Fotokola\u017c - Positive Prints","description":"Celebruj Wasz\u0105 wyj\u0105tkow\u0105 wi\u0119\u017a z naszym kola\u017cem \u201cTy&Ja\u201d - kt\u00f3ry mo\u017cesz w pe\u0142ni spersonalizowa\u0107. To niezwyk\u0142e dzie\u0142o sztuki jest idealnym prezentem, kt\u00f3ry uwieczni Wasze ulubione wspomnienia.","robots":{"index":"index","follow":"follow","max-snippet":"max-snippet:-1","max-image-preview":"max-image-preview:large","max-video-preview":"max-video-preview:-1"},"canonical":"https:\/\/positiveprints.com\/pl\/produkt\/ty-i-ja-fotokolaz-napis\/","og_locale":"pl_PL","og_type":"article","og_title":"Ty i Ja - Fotokola\u017c","og_description":"Zdj\u0119cia umieszczone w literach \u201eTY i JA\u201d symbolizuj\u0105 Wasz\u0105 blisko\u015b\u0107, wsp\u00f3lne chwile i niezapomniane wspomnienia Dodaj osobist\u0105 dedykacj\u0119 lub kr\u00f3tki tekst Spersonalizuj projekt w 3 prostych krokach Interaktywny podgl\u0105d pozwoli dopracowa\u0107 ka\u017cdy szczeg\u00f3\u0142","og_url":"https:\/\/positiveprints.com\/pl\/produkt\/ty-i-ja-fotokolaz-napis\/","og_site_name":"Positive Prints","article_publisher":"https:\/\/www.facebook.com\/positiveprintscom","article_modified_time":"2026-04-18T02:09:47+00:00","og_image":[{"width":1450,"height":1450,"url":"https:\/\/positiveprints.com\/wp-content\/uploads\/2025\/03\/Ty-Ja-Fotokolaz\u0307-1.webp","type":"image\/webp"}],"twitter_card":"summary_large_image","twitter_misc":{"Szacowany czas czytania":"1 minuta"},"schema":{"@context":"https:\/\/schema.org","@graph":[{"@type":["WebPage","ItemPage"],"@id":"https:\/\/positiveprints.com\/pl\/produkt\/ty-i-ja-fotokolaz-napis\/","url":"https:\/\/positiveprints.com\/pl\/produkt\/ty-i-ja-fotokolaz-napis\/","name":"Ty i Ja - Fotokola\u017c - Positive Prints","isPartOf":{"@id":"https:\/\/positiveprints.com\/pl\/#website"},"primaryImageOfPage":{"@id":"https:\/\/positiveprints.com\/pl\/produkt\/ty-i-ja-fotokolaz-napis\/#primaryimage"},"image":{"@id":"https:\/\/positiveprints.com\/pl\/produkt\/ty-i-ja-fotokolaz-napis\/#primaryimage"},"thumbnailUrl":"https:\/\/positiveprints.com\/wp-content\/uploads\/2026\/03\/tyja_PL.webp","datePublished":"2024-12-26T21:11:54+00:00","dateModified":"2026-04-18T02:09:47+00:00","description":"Celebruj Wasz\u0105 wyj\u0105tkow\u0105 wi\u0119\u017a z naszym kola\u017cem \u201cTy&Ja\u201d - kt\u00f3ry mo\u017cesz w pe\u0142ni spersonalizowa\u0107. To niezwyk\u0142e dzie\u0142o sztuki jest idealnym prezentem, kt\u00f3ry uwieczni Wasze ulubione wspomnienia.","breadcrumb":{"@id":"https:\/\/positiveprints.com\/pl\/produkt\/ty-i-ja-fotokolaz-napis\/#breadcrumb"},"inLanguage":"pl-PL","potentialAction":[{"@type":"ReadAction","target":["https:\/\/positiveprints.com\/pl\/produkt\/ty-i-ja-fotokolaz-napis\/"]}]},{"@type":"ImageObject","inLanguage":"pl-PL","@id":"https:\/\/positiveprints.com\/pl\/produkt\/ty-i-ja-fotokolaz-napis\/#primaryimage","url":"https:\/\/positiveprints.com\/wp-content\/uploads\/2026\/03\/tyja_PL.webp","contentUrl":"https:\/\/positiveprints.com\/wp-content\/uploads\/2026\/03\/tyja_PL.webp","width":1450,"height":1450},{"@type":"BreadcrumbList","@id":"https:\/\/positiveprints.com\/pl\/produkt\/ty-i-ja-fotokolaz-napis\/#breadcrumb","itemListElement":[{"@type":"ListItem","position":1,"name":"Home","item":"https:\/\/positiveprints.com\/pl\/"},{"@type":"ListItem","position":2,"name":"Produkty","item":"https:\/\/positiveprints.com\/pl\/shop\/"},{"@type":"ListItem","position":3,"name":"Ty i Ja &#8211; Fotokola\u017c"}]},{"@type":"WebSite","@id":"https:\/\/positiveprints.com\/pl\/#website","url":"https:\/\/positiveprints.com\/pl\/","name":"Positive Prints","description":"Amazing Custom Personalized Gifts","publisher":{"@id":"https:\/\/positiveprints.com\/pl\/#organization"},"potentialAction":[{"@type":"SearchAction","target":{"@type":"EntryPoint","urlTemplate":"https:\/\/positiveprints.com\/pl\/?s={search_term_string}"},"query-input":{"@type":"PropertyValueSpecification","valueRequired":true,"valueName":"search_term_string"}}],"inLanguage":"pl-PL"},{"@type":"Organization","@id":"https:\/\/positiveprints.com\/pl\/#organization","name":"Positive Prints","alternateName":"Positive Prints","url":"https:\/\/positiveprints.com\/pl\/","logo":{"@type":"ImageObject","inLanguage":"pl-PL","@id":"https:\/\/positiveprints.com\/pl\/#\/schema\/logo\/image\/","url":"https:\/\/positiveprints.com\/wp-content\/uploads\/2026\/03\/245815646_1337939713319158_5671353136411139666_n.png","contentUrl":"https:\/\/positiveprints.com\/wp-content\/uploads\/2026\/03\/245815646_1337939713319158_5671353136411139666_n.png","width":800,"height":800,"caption":"Positive Prints"},"image":{"@id":"https:\/\/positiveprints.com\/pl\/#\/schema\/logo\/image\/"},"sameAs":["https:\/\/www.facebook.com\/positiveprintscom","https:\/\/www.instagram.com\/positiveprintscom\/","https:\/\/www.tiktok.com\/@positiveprintscom","https:\/\/www.pinterest.com\/positiveprintscom\/"]}]}},"jetpack_sharing_enabled":true,"_links":{"self":[{"href":"https:\/\/positiveprints.com\/pl\/wp-json\/wp\/v2\/product\/1309690","targetHints":{"allow":["GET"]}}],"collection":[{"href":"https:\/\/positiveprints.com\/pl\/wp-json\/wp\/v2\/product"}],"about":[{"href":"https:\/\/positiveprints.com\/pl\/wp-json\/wp\/v2\/types\/product"}],"wp:featuredmedia":[{"embeddable":true,"href":"https:\/\/positiveprints.com\/pl\/wp-json\/wp\/v2\/media\/1671760"}],"wp:attachment":[{"href":"https:\/\/positiveprints.com\/pl\/wp-json\/wp\/v2\/media?parent=1309690"}],"wp:term":[{"taxonomy":"product_brand","embeddable":true,"href":"https:\/\/positiveprints.com\/pl\/wp-json\/wp\/v2\/product_brand?post=1309690"},{"taxonomy":"product_cat","embeddable":true,"href":"https:\/\/positiveprints.com\/pl\/wp-json\/wp\/v2\/product_cat?post=1309690"},{"taxonomy":"product_tag","embeddable":true,"href":"https:\/\/positiveprints.com\/pl\/wp-json\/wp\/v2\/product_tag?post=1309690"}],"curies":[{"name":"wp","href":"https:\/\/api.w.org\/{rel}","templated":true}]}}