{"id":1309271,"date":"2024-12-26T21:25:34","date_gmt":"2024-12-26T20:25:34","guid":{"rendered":"https:\/\/positiveprints.com\/product\/tutaj-wszystko-sie-zaczelo-mapa-i-zdjecie\/"},"modified":"2026-04-03T02:35:30","modified_gmt":"2026-04-03T01:35:30","slug":"tutaj-wszystko-sie-zaczelo-mapa-i-zdjecie","status":"publish","type":"product","link":"https:\/\/positiveprints.com\/pl\/produkt\/tutaj-wszystko-sie-zaczelo-mapa-i-zdjecie\/","title":{"rendered":"Tutaj wszystko si\u0119 zacz\u0119\u0142o &#8211; mapa i zdj\u0119cie"},"content":{"rendered":"","protected":false},"excerpt":{"rendered":"<ul class=\"check-list\">\n<li>Uchwy\u0107 wyj\u0105tkowy moment dzi\u0119ki personalizowanej mapie i zdj\u0119ciu, wskazuj\u0105c dok\u0142adn\u0105 lokalizacj\u0119 tych cennych wspomnie\u0144<\/li>\n<li>Podkre\u015bl wa\u017cne miejsce za pomoc\u0105 wybranego symbolu<\/li>\n<li>Do\u0142\u0105cz spersonalizowany tekst prosto z serca<\/li>\n<li>Spersonalizuj w 3 prostych krokach<\/li>\n<li>Interaktywny podgl\u0105d pozwoli dopracowa\u0107 ka\u017cdy szczeg\u00f3\u0142<\/li>\n<\/ul>\n","protected":false},"featured_media":1352237,"template":"","meta":[],"product_brand":[],"product_cat":[9116,99,11186,11184,11185,5271,11410,11411,11407,11403,11417,11412,8010,7675,7643,7690,7786,7753,7802,3120,11239,11240],"product_tag":[11756,11770,11817,11816,11815,11813,14982,14964],"class_list":{"0":"post-1309271","1":"product","2":"type-product","3":"status-publish","4":"has-post-thumbnail","6":"product_cat-double-maps-pl","7":"product_cat-wszystkie-produkty","8":"product_cat-prezenty-na-rocznice-dla-pary","9":"product_cat-prezenty-na-rocznice-dla-niej","10":"product_cat-prezenty-na-rocznice-dla-niego","11":"product_cat-prezent-na-boze-narodzenie","12":"product_cat-prezenty-pod-choinke-dla-niej","13":"product_cat-prezenty-pod-choinke-dla-niego","14":"product_cat-prezenty-pod-choinke-dla-dziewczyny","15":"product_cat-prezenty-pod-choinke-dla-chlopaka","16":"product_cat-prezenty-pod-choinke-dla-zony","17":"product_cat-prezenty-pod-choinke-dla-meza","18":"product_cat-prezent-dla-mezczyzny","19":"product_cat-prezent-dla-chlopaka","20":"product_cat-prezent-dla-meza","21":"product_cat-prezent-dla-kobiety","22":"product_cat-prezent-dla-dziewczyny","23":"product_cat-prezent-dla-zony","24":"product_cat-prezent-dla-pary","25":"product_cat-prezent-na-walentynki","26":"product_cat-prezenty-na-walentynki-dla-niej","27":"product_cat-prezenty-na-walentynki-dla-niego","28":"product_tag-prezenty-pod-choinke-dla-chlopaka","29":"product_tag-prezenty-pod-choinke-dla-dziewczyny","30":"product_tag-prezenty-pod-choinke-dla-meza","31":"product_tag-prezenty-pod-choinke-dla-niego","32":"product_tag-prezenty-pod-choinke-dla-niej","33":"product_tag-prezenty-pod-choinke-dla-zony","34":"product_tag-valentines-day-pl","35":"product_tag-valentines-day-gift-pl","37":"first","38":"instock","39":"sale","40":"taxable","41":"shipping-taxable","42":"purchasable","43":"product-type-variable"},"yoast_head":"<!-- This site is optimized with the Yoast SEO Premium plugin v27.2 (Yoast SEO v27.2) - https:\/\/yoast.com\/product\/yoast-seo-premium-wordpress\/ -->\n<title>Tutaj wszystko si\u0119 zacz\u0119\u0142o - mapa i zdj\u0119cie - Positive Prints<\/title>\n<meta name=\"description\" content=\"Mapa i zdj\u0119cie miejsca, gdzie wszystko si\u0119 zacz\u0119\u0142o, to wyj\u0105tkowy i przemy\u015blany prezent na rocznice, Walentynki, \u015bluby lub ka\u017cd\u0105 inn\u0105 specjaln\u0105 okazj\u0119.\" \/>\n<meta name=\"robots\" content=\"index, follow, max-snippet:-1, max-image-preview:large, max-video-preview:-1\" \/>\n<link rel=\"canonical\" href=\"https:\/\/positiveprints.com\/pl\/produkt\/tutaj-wszystko-sie-zaczelo-mapa-i-zdjecie\/\" \/>\n<meta property=\"og:locale\" content=\"pl_PL\" \/>\n<meta property=\"og:type\" content=\"article\" \/>\n<meta property=\"og:title\" content=\"Tutaj wszystko si\u0119 zacz\u0119\u0142o - mapa i zdj\u0119cie\" \/>\n<meta property=\"og:description\" content=\"Uchwy\u0107 wyj\u0105tkowy moment dzi\u0119ki personalizowanej mapie i zdj\u0119ciu, wskazuj\u0105c dok\u0142adn\u0105 lokalizacj\u0119 tych cennych wspomnie\u0144  Podkre\u015bl wa\u017cne miejsce za pomoc\u0105 wybranego symbolu  Do\u0142\u0105cz spersonalizowany tekst prosto z serca  Spersonalizuj w 3 prostych krokach  Interaktywny podgl\u0105d pozwoli dopracowa\u0107 ka\u017cdy szczeg\u00f3\u0142\" \/>\n<meta property=\"og:url\" content=\"https:\/\/positiveprints.com\/pl\/produkt\/tutaj-wszystko-sie-zaczelo-mapa-i-zdjecie\/\" \/>\n<meta property=\"og:site_name\" content=\"Positive Prints\" \/>\n<meta property=\"article:publisher\" content=\"https:\/\/www.facebook.com\/positiveprintscom\" \/>\n<meta property=\"article:modified_time\" content=\"2026-04-03T01:35:30+00:00\" \/>\n<meta property=\"og:image\" content=\"https:\/\/positiveprints.com\/wp-content\/uploads\/2025\/02\/Tutaj-wszystko-sie\u0328-zacze\u0328lo-mapa-i-zdje\u0328cie-1.webp\" \/>\n\t<meta property=\"og:image:width\" content=\"1450\" \/>\n\t<meta property=\"og:image:height\" content=\"1450\" \/>\n\t<meta property=\"og:image:type\" content=\"image\/webp\" \/>\n<meta name=\"twitter:card\" content=\"summary_large_image\" \/>\n<meta name=\"twitter:label1\" content=\"Szacowany czas czytania\" \/>\n\t<meta name=\"twitter:data1\" content=\"1 minuta\" \/>\n<!-- \/ Yoast SEO Premium plugin. -->","yoast_head_json":{"title":"Tutaj wszystko si\u0119 zacz\u0119\u0142o - mapa i zdj\u0119cie - Positive Prints","description":"Mapa i zdj\u0119cie miejsca, gdzie wszystko si\u0119 zacz\u0119\u0142o, to wyj\u0105tkowy i przemy\u015blany prezent na rocznice, Walentynki, \u015bluby lub ka\u017cd\u0105 inn\u0105 specjaln\u0105 okazj\u0119.","robots":{"index":"index","follow":"follow","max-snippet":"max-snippet:-1","max-image-preview":"max-image-preview:large","max-video-preview":"max-video-preview:-1"},"canonical":"https:\/\/positiveprints.com\/pl\/produkt\/tutaj-wszystko-sie-zaczelo-mapa-i-zdjecie\/","og_locale":"pl_PL","og_type":"article","og_title":"Tutaj wszystko si\u0119 zacz\u0119\u0142o - mapa i zdj\u0119cie","og_description":"Uchwy\u0107 wyj\u0105tkowy moment dzi\u0119ki personalizowanej mapie i zdj\u0119ciu, wskazuj\u0105c dok\u0142adn\u0105 lokalizacj\u0119 tych cennych wspomnie\u0144  Podkre\u015bl wa\u017cne miejsce za pomoc\u0105 wybranego symbolu  Do\u0142\u0105cz spersonalizowany tekst prosto z serca  Spersonalizuj w 3 prostych krokach  Interaktywny podgl\u0105d pozwoli dopracowa\u0107 ka\u017cdy szczeg\u00f3\u0142","og_url":"https:\/\/positiveprints.com\/pl\/produkt\/tutaj-wszystko-sie-zaczelo-mapa-i-zdjecie\/","og_site_name":"Positive Prints","article_publisher":"https:\/\/www.facebook.com\/positiveprintscom","article_modified_time":"2026-04-03T01:35:30+00:00","og_image":[{"width":1450,"height":1450,"url":"https:\/\/positiveprints.com\/wp-content\/uploads\/2025\/02\/Tutaj-wszystko-sie\u0328-zacze\u0328lo-mapa-i-zdje\u0328cie-1.webp","type":"image\/webp"}],"twitter_card":"summary_large_image","twitter_misc":{"Szacowany czas czytania":"1 minuta"},"schema":{"@context":"https:\/\/schema.org","@graph":[{"@type":["WebPage","ItemPage"],"@id":"https:\/\/positiveprints.com\/pl\/produkt\/tutaj-wszystko-sie-zaczelo-mapa-i-zdjecie\/","url":"https:\/\/positiveprints.com\/pl\/produkt\/tutaj-wszystko-sie-zaczelo-mapa-i-zdjecie\/","name":"Tutaj wszystko si\u0119 zacz\u0119\u0142o - mapa i zdj\u0119cie - Positive Prints","isPartOf":{"@id":"https:\/\/positiveprints.com\/pl\/#website"},"primaryImageOfPage":{"@id":"https:\/\/positiveprints.com\/pl\/produkt\/tutaj-wszystko-sie-zaczelo-mapa-i-zdjecie\/#primaryimage"},"image":{"@id":"https:\/\/positiveprints.com\/pl\/produkt\/tutaj-wszystko-sie-zaczelo-mapa-i-zdjecie\/#primaryimage"},"thumbnailUrl":"https:\/\/positiveprints.com\/wp-content\/uploads\/2025\/02\/Tutaj-wszystko-sie\u0328-zacze\u0328lo-mapa-i-zdje\u0328cie-1.webp","datePublished":"2024-12-26T20:25:34+00:00","dateModified":"2026-04-03T01:35:30+00:00","description":"Mapa i zdj\u0119cie miejsca, gdzie wszystko si\u0119 zacz\u0119\u0142o, to wyj\u0105tkowy i przemy\u015blany prezent na rocznice, Walentynki, \u015bluby lub ka\u017cd\u0105 inn\u0105 specjaln\u0105 okazj\u0119.","breadcrumb":{"@id":"https:\/\/positiveprints.com\/pl\/produkt\/tutaj-wszystko-sie-zaczelo-mapa-i-zdjecie\/#breadcrumb"},"inLanguage":"pl-PL","potentialAction":[{"@type":"ReadAction","target":["https:\/\/positiveprints.com\/pl\/produkt\/tutaj-wszystko-sie-zaczelo-mapa-i-zdjecie\/"]}]},{"@type":"ImageObject","inLanguage":"pl-PL","@id":"https:\/\/positiveprints.com\/pl\/produkt\/tutaj-wszystko-sie-zaczelo-mapa-i-zdjecie\/#primaryimage","url":"https:\/\/positiveprints.com\/wp-content\/uploads\/2025\/02\/Tutaj-wszystko-sie\u0328-zacze\u0328lo-mapa-i-zdje\u0328cie-1.webp","contentUrl":"https:\/\/positiveprints.com\/wp-content\/uploads\/2025\/02\/Tutaj-wszystko-sie\u0328-zacze\u0328lo-mapa-i-zdje\u0328cie-1.webp","width":1450,"height":1450},{"@type":"BreadcrumbList","@id":"https:\/\/positiveprints.com\/pl\/produkt\/tutaj-wszystko-sie-zaczelo-mapa-i-zdjecie\/#breadcrumb","itemListElement":[{"@type":"ListItem","position":1,"name":"Home","item":"https:\/\/positiveprints.com\/pl\/"},{"@type":"ListItem","position":2,"name":"Produkty","item":"https:\/\/positiveprints.com\/pl\/shop\/"},{"@type":"ListItem","position":3,"name":"Tutaj wszystko si\u0119 zacz\u0119\u0142o &#8211; mapa i zdj\u0119cie"}]},{"@type":"WebSite","@id":"https:\/\/positiveprints.com\/pl\/#website","url":"https:\/\/positiveprints.com\/pl\/","name":"Positive Prints","description":"Amazing Custom Personalized Gifts","publisher":{"@id":"https:\/\/positiveprints.com\/pl\/#organization"},"potentialAction":[{"@type":"SearchAction","target":{"@type":"EntryPoint","urlTemplate":"https:\/\/positiveprints.com\/pl\/?s={search_term_string}"},"query-input":{"@type":"PropertyValueSpecification","valueRequired":true,"valueName":"search_term_string"}}],"inLanguage":"pl-PL"},{"@type":"Organization","@id":"https:\/\/positiveprints.com\/pl\/#organization","name":"Positive Prints","alternateName":"Positive Prints","url":"https:\/\/positiveprints.com\/pl\/","logo":{"@type":"ImageObject","inLanguage":"pl-PL","@id":"https:\/\/positiveprints.com\/pl\/#\/schema\/logo\/image\/","url":"https:\/\/positiveprints.com\/wp-content\/uploads\/2026\/03\/245815646_1337939713319158_5671353136411139666_n.png","contentUrl":"https:\/\/positiveprints.com\/wp-content\/uploads\/2026\/03\/245815646_1337939713319158_5671353136411139666_n.png","width":800,"height":800,"caption":"Positive Prints"},"image":{"@id":"https:\/\/positiveprints.com\/pl\/#\/schema\/logo\/image\/"},"sameAs":["https:\/\/www.facebook.com\/positiveprintscom","https:\/\/www.instagram.com\/positiveprintscom\/","https:\/\/www.tiktok.com\/@positiveprintscom","https:\/\/www.pinterest.com\/positiveprintscom\/"]}]}},"jetpack_sharing_enabled":true,"_links":{"self":[{"href":"https:\/\/positiveprints.com\/pl\/wp-json\/wp\/v2\/product\/1309271","targetHints":{"allow":["GET"]}}],"collection":[{"href":"https:\/\/positiveprints.com\/pl\/wp-json\/wp\/v2\/product"}],"about":[{"href":"https:\/\/positiveprints.com\/pl\/wp-json\/wp\/v2\/types\/product"}],"wp:featuredmedia":[{"embeddable":true,"href":"https:\/\/positiveprints.com\/pl\/wp-json\/wp\/v2\/media\/1352237"}],"wp:attachment":[{"href":"https:\/\/positiveprints.com\/pl\/wp-json\/wp\/v2\/media?parent=1309271"}],"wp:term":[{"taxonomy":"product_brand","embeddable":true,"href":"https:\/\/positiveprints.com\/pl\/wp-json\/wp\/v2\/product_brand?post=1309271"},{"taxonomy":"product_cat","embeddable":true,"href":"https:\/\/positiveprints.com\/pl\/wp-json\/wp\/v2\/product_cat?post=1309271"},{"taxonomy":"product_tag","embeddable":true,"href":"https:\/\/positiveprints.com\/pl\/wp-json\/wp\/v2\/product_tag?post=1309271"}],"curies":[{"name":"wp","href":"https:\/\/api.w.org\/{rel}","templated":true}]}}