{"id":130901,"date":"2021-03-23T08:59:16","date_gmt":"2021-03-23T07:59:16","guid":{"rendered":"https:\/\/positiveprints.com\/product\/nasza-gwiezdna-konstelacja\/"},"modified":"2026-04-18T09:12:51","modified_gmt":"2026-04-18T08:12:51","slug":"nasza-gwiezdna-konstelacja","status":"publish","type":"product","link":"https:\/\/positiveprints.com\/pl\/produkt\/nasza-gwiezdna-konstelacja\/","title":{"rendered":"Nasza Gwiezdna Konstelacja"},"content":{"rendered":"<p>Nasza Gwiezdna Konstelacja to personalizowane dzie\u0142o sztuki, a Ty wcale nie musisz by\u0107 artyst\u0105, aby je stworzy\u0107. <\/p>\n<p>Za\u0142o\u017cymy si\u0119, \u017ce Ty i Twoja druga po\u0142\u00f3wka nie pami\u0119tacie uk\u0142adu gwiazd z tej wyj\u0105tkowej nocy, kiedy po raz pierwszy spojrzeli\u015bcie sobie w oczy. Dzi\u0119ki Positive Prints przekonasz si\u0119, jak wygl\u0105da\u0142o nocne niebo w wybranym przez Ciebie momencie!<\/p>\n<h2 class=\"grenB f24 cblue\" style=\"margin-top: 3rem\">Magiczne momenty pod gwiazdami<\/h2>\n<p style=\"margin-top: 1rem\">Czy cz\u0119sto wracasz wspomnieniami do chwili, kiedy pozna\u0142e\u015b swoj\u0105 drug\u0105 po\u0142\u00f3wk\u0119? To niewiarygodne, ile decyzji zosta\u0142o przez Was podj\u0119tych i jak wiele dr\u00f3g obrali\u015bcie, aby w ko\u0144cu dosz\u0142o do tego prze\u0142omowego spotkania. Niekt\u00f3rzy nazywaj\u0105 to zrz\u0105dzeniem losu, inni przeznaczeniem. Nikt nie zaprzeczy jednak, \u017ce to jedyny i wyj\u0105tkowy moment, kt\u00f3remu towarzyszy\u0142y gwiazdy i sklepienie niebieskie. Chyba ju\u017c domy\u015blasz si\u0119, czemu powsta\u0142 ten plakat? <\/p>\n<p style=\"margin-top: 1rem\">W trakcie pierwszego spotkania z pewno\u015bci\u0105 nie zdawa\u0142e\u015b sobie sprawy, \u017ce w\u0142a\u015bnie spotka\u0142e\u015b te jedn\u0105 jedyn\u0105 osob\u0119 na reszt\u0119 \u017cycia. By\u0107 mo\u017ce Wasze drogi przeci\u0119\u0142y si\u0119 przypadkowo, a mo\u017ce wsp\u00f3lny znajomy po\u0142\u0105czy\u0142 Was poprzez randk\u0119 w ciemno. W trakcie takiego spotkania zwykle patrzymy sobie w oczy, nie zwracaj\u0105c uwagi na dodatkowe okoliczno\u015bci. A je\u015bli to nie randka w obserwatorium astronomicznym, to pewnie nawet nie przychodzi nam do g\u0142owy, \u017ceby popatrze\u0107 w niebo.<\/p>\n<h2 class=\"grenB f24 cblue\" style=\"margin-top: 3rem\">\u201eNasza Gwiezdna Konstelacja\u201d \u2013 co to takiego?<\/h2>\n<p style=\"margin-top: 1rem\">Nocne niebo jest jak gobelin z przetkanymi gwiazdami, planetami, konstelacjami oraz innymi cia\u0142ami niebieskimi. <\/p>\n<p style=\"margin-top: 1rem\">Widok nieba w Hiszpanii b\u0119dzie r\u00f3\u017cny od tego w Australii, cho\u0107by 2 osoby patrzy\u0142y na nie dok\u0142adnie w tym samym momencie. Nawet je\u015bli codziennie obserwujesz niebo z tego samego punktu, ka\u017cdego wieczoru b\u0119dziesz widzie\u0107 co innego ni\u017c poprzedniego. Dlatego plakat \u201eNasza Gwiezdna Konstelacja\u201d jest tak niepowtarzalny!<\/p>\n<p style=\"margin-top: 1rem\">Przy u\u017cyciu wypracowanych przez nas technologii i prostego kreatora, odtworzysz widok nocnego nieba dla wybranej daty i lokalizacji. Dzi\u0119ki temu Tw\u00f3j plakat b\u0119dzie spersonalizowany specjalnie pod Ciebie.<\/p>\n<p style=\"margin-top: 1rem\">Wyobra\u017a sobie plakat z uk\u0142adem gwiazd z Waszej pierwszej randki, kt\u00f3ry wisi na \u015bcianie w salonie lub sypialni. Ka\u017cde spojrzenie na ten pi\u0119kny wydruk przypomni Ci dzie\u0144, kt\u00f3ry odmieni\u0142 Wasze \u017cycia na dobre. <\/p>\n<h2 class=\"grenB f24 cblue\" style=\"margin-top: 3rem\">Dlaczego plakat \u201eNasza Gwiezdna Konstelacja\u201d jest tak wyj\u0105tkowy?<\/h2>\n<p style=\"margin-top: 1rem\">Wielu z naszych Klient\u00f3w kojarzy Positive Prints ze skarbnic\u0105 oryginalnych prezent\u00f3w, kt\u00f3re chwytaj\u0105 za serce. Nie ukrywamy \u2013 uwielbiamy kreowa\u0107 pomys\u0142y na personalizowane podarunki. Nasze plakaty zaprojektowane s\u0105 tak, aby dzi\u0119ki personalizacji pokaza\u0107 jak wiele uczucia i wysi\u0142ku w\u0142o\u017cy\u0142e\u015b w przygotowanie takiego podarunku.  <\/p>\n<p style=\"margin-top: 1rem\">Ka\u017cdy z naszych plakat\u00f3w drukowany jest z ogromn\u0105 staranno\u015bci\u0105, na materia\u0142ach najwy\u017cszej jako\u015bci. Wybierz ulubiony format spo\u015br\u00f3d matowego papieru, p\u0142\u00f3tna lub wydruku w ramie. Jako\u015b\u0107 naszych plakat\u00f3w jest nasz\u0105 dum\u0105. Wierzymy, \u017ce Ty te\u017c b\u0119dziesz z nich dumny, kiedy ju\u017c znajd\u0105 si\u0119 w Twoim domu. <\/p>\n<p style=\"margin-top: 1rem\">Nasze plakaty to idealne pomys\u0142y na prezent dla niej i dla niego, na wiele r\u00f3\u017cnych okazji, takich jak:<\/p>\n<ul>\n<li>Urodziny<\/li>\n<li>Zar\u0119czyny<\/li>\n<li>Rocznica \u015blubu<\/li>\n<li>Prezent \u015blubny<\/li>\n<li>Bo\u017ce Narodzenie<\/li>\n<li>Walentynki<\/li>\n<li>Okazja do wyra\u017cenia swoich uczu\u0107<\/li>\n<\/ul>\n<p>Nie musisz szuka\u0107 pretekstu do tego, by powiedzie\u0107 \u201cKocham Ci\u0119!\u201d. Poka\u017c, jak wa\u017cn\u0105 osob\u0105 w Twoim \u017cyciu jest Tw\u00f3j partner! <\/p>\n<h2 class=\"grenB f24 cblue\" style=\"margin-top: 3rem\">Jak zaprojektowa\u0107 plakat \u201eNasza Gwiezdna Konstelacja\u201d?<\/h2>\n<p style=\"margin-top: 1rem\">\u201cNasza Gwiezdna Konstelacja\u201d to personalizowane dzie\u0142o sztuki, a Ty wcale nie musisz by\u0107 artyst\u0105, aby je stworzy\u0107. Nasz prosty w u\u017cyciu kreator pomo\u017ce Ci zaprojektowa\u0107 wymarzony plakat w zaledwie 3 krokach. <\/p>\n<p style=\"margin-top: 1rem\"><em>Krok 1:<\/em> Podczas projektowania plakatu poprosimy Ci\u0119 o wybranie rozmiaru i formatu wydruku. Dodatkowo mo\u017cesz zdecydowa\u0107 jakie detale powinny pojawi\u0107 si\u0119 na Twojej mapie nieba: planety, gwiazdy, konstelacje, a mo\u017ce Droga Mleczna?\n<\/p>\n<p style=\"margin-top: 1rem\"><em>Krok 2:<\/em> Wybierz dok\u0142adne miejsce i czas Waszego pierwszego spotkania. Dzi\u0119ki tym informacjom nocne niebo zostanie odtworzone precyzyjnie.\n<\/p>\n<p style=\"margin-top: 1rem\"><em>Krok 3:<\/em> Dodaj spersonalizowan\u0105 wiadomo\u015b\u0107 lub cytat, kt\u00f3re podkre\u015bl\u0105 wyj\u0105tkowo\u015b\u0107 wybranej chwili. Im wi\u0119cej szczeg\u00f3\u0142\u00f3w podasz, tym bardziej czytelna b\u0119dzie symbolika plakatu.\n<\/p>\n<p style=\"margin-top: 1rem\">Ka\u017cda zmiana dokonana w kreatorze jest na bie\u017c\u0105co widoczna w podgl\u0105dzie na \u017cywo. Dzi\u0119ki tej opcji od razu widzisz, jak plakat b\u0119dzie wygl\u0105da\u0142 w rzeczywisto\u015bci. <\/p>\n<h2 class=\"grenB f24 cblue\" style=\"margin-top: 3rem\">Spraw niespodziank\u0119 bliskiej Ci osobie \u2013 zam\u00f3w \u201eNasz\u0105 Gwiezdn\u0105 Konstelacj\u0119\u201d!<\/h2>\n<p style=\"margin-top: 1rem\">Plakat \u201eNasza Gwiezdna Konstelacja\u201d to niepowtarzalny pomys\u0142 na prezent. Zaskakuje, wzrusza, a dodatkowo jego stworzenie zajmie Ci tylko kilka minut.\n<\/p>\n<p style=\"margin-top: 1rem\">Opowiedz swoj\u0105 histori\u0119 mi\u0142osn\u0105 za pomoc\u0105 \u201cNaszej Gwiezdnej Konstelacji\u201d \u2013 zaprojektuj plakat ju\u017c dzi\u015b!\n<\/p><h2 class=\"wp-block-heading\" id=\"h-faq\"><strong>FAQ<\/strong><\/h2><details class=\"wp-block-details is-layout-flow wp-block-details-is-layout-flow\"><summary><strong>Czym jest &#8220;Nasza Gwiezdna Konstelacja&#8221;?<\/strong><\/summary><p>\u201eNasza Gwiezdna Konstelacja\u201d to spersonalizowany plakat przedstawiaj\u0105cy uk\u0142ad gwiazd z dnia pierwszego spotkania pary.\u00a0 Konkretnie, u\u017cywa precyzyjnych algorytm\u00f3w do odwzorowania nocnego nieba z wybranej daty i miejsca. W konsekwencji, upami\u0119tnia moment, kt\u00f3ry odmieni\u0142 wasze \u017cycia na zawsze.<\/p><\/details><details class=\"wp-block-details is-layout-flow wp-block-details-is-layout-flow\"><summary><strong>Czy mapa nieba jest naukowo dok\u0142adna?<\/strong><\/summary><p>Tak, ka\u017cda mapa jest naukowo dok\u0142adna. U\u017cywa danych zebranych podczas kluczowej misja Europejskiej Agencji Kosmicznej (ESA) przez satelit\u0119 Hipparcos,\u00a0 do precyzyjnego odwzorowania uk\u0142adu gwiazd. Ponadto, pokazuje autentyczne cia\u0142a niebieskie, planety i konstelacje z wybranej daty. Dodatkowo, interaktywny podgl\u0105d pozwala dopracowa\u0107 ka\u017cdy szczeg\u00f3\u0142 w czasie rzeczywistym.\u200b<\/p><\/details><details class=\"wp-block-details is-layout-flow wp-block-details-is-layout-flow\"><summary><strong>Dlaczego to idealny prezent dla pary?<\/strong><\/summary><p>To idealny prezent, poniewa\u017c chwyta za serce i pokazuje, jak wiele uczu\u0107 w niego w\u0142o\u017cono. Jest w 100% personalizowany i opowiada wyj\u0105tkow\u0105 histori\u0119 mi\u0142osn\u0105. W efekcie powstaje niepowtarzalna pami\u0105tka, kt\u00f3ra wzrusza i pozytywnie zaskakuje obdarowanych.<\/p><\/details><details class=\"wp-block-details is-layout-flow wp-block-details-is-layout-flow\"><summary><strong>Jak zaprojektowa\u0107 &#8220;Nasz\u0105 Gwiezdn\u0105 Konstelacj\u0119&#8221;?<\/strong><\/summary><p>Stworzenie mapy to trzy proste kroki. Po pierwsze, wybierz kszta\u0142t, styl kolorystyczny i elementy astralne mapy nieba do wy\u015bwietlenia. Nast\u0119pnie, wprowad\u017a dat\u0119, miejsce, czas i dodaj swoj\u0105 dedykacj\u0119 prosto z serca. Na koniec, wybierz rodzaj wydruku i rozmiar. Mo\u017cesz zam\u00f3wi\u0107 plakat sam lub z ram\u0105, wydruk na p\u0142\u00f3tnie lub plik cyfrowy.<\/p><\/details><details class=\"wp-block-details is-layout-flow wp-block-details-is-layout-flow\"><summary><strong>Na jakie okazje sprawdzi si\u0119 ten plakat?<\/strong><\/summary><p>Ten plakat sprawdza si\u0119 na urodziny, zar\u0119czyny, rocznice \u015blubu i Walentynki. Ponadto, to \u015bwietny prezent \u015blubny lub na Bo\u017ce Narodzenie. Dodatkowo, doskonale nadaje si\u0119 do wyra\u017cenia uczu\u0107 i powiedzenia &#8220;Kocham Ci\u0119&#8221;.\u200b<\/p><\/details><details class=\"wp-block-details is-layout-flow wp-block-details-is-layout-flow\"><summary><strong>Jak szybko otrzymam plakat?<\/strong><\/summary><p>W przypadku pilnego prezentu wybierz natychmiastowy plik cyfrowy do pobrania jest to\u2013 plik JPEG o wysokiej rozdzielczo\u015bci 300 dpi, kt\u00f3ry mo\u017cesz wydrukowa\u0107 samodzielnie. W przypadku produkt\u00f3w fizycznych drukujemy i wysy\u0142amy lokalnie z naszych drukarni w Australii, Kanadzie, Stanach Zjednoczonych, Wielkiej Brytanii i Polsce. Gwarantuje to szybk\u0105 i niezawodn\u0105 dostaw\u0119, cz\u0119sto w ci\u0105gu zaledwie kilku dni.<\/p><\/details><p><\/p>","protected":false},"excerpt":{"rendered":"<ul class=\"check-list\">\n<li>Dodaj planety, konstelacje i Drog\u0119 Mleczn\u0105 <\/li>\n<li>Spersonalizuj w 3 prostych krokach<\/li>\n<li>Dodaj dedykacj\u0119 prosto z serca<\/li>\n<li>Interaktywny podgl\u0105d pozwoli dopracowa\u0107 ka\u017cdy szczeg\u00f3\u0142<\/li>\n<\/ul>\n","protected":false},"featured_media":1424662,"template":"","meta":[],"product_brand":[],"product_cat":[9279,11403,7675,11407,7786,7690,11412,8010,8206,11411,8190,11410,7802,11417,11185,11184,11186,11240,5333,3114,5271,9765,3120],"product_tag":[14975,15454,11756,11770,11812,11817,11818,11816,11815,11813],"class_list":{"0":"post-130901","1":"product","2":"type-product","3":"status-publish","4":"has-post-thumbnail","6":"product_cat-bestsellers-label-pl","7":"product_cat-prezenty-pod-choinke-dla-chlopaka","8":"product_cat-prezent-dla-chlopaka","9":"product_cat-prezenty-pod-choinke-dla-dziewczyny","10":"product_cat-prezent-dla-dziewczyny","11":"product_cat-prezent-dla-kobiety","12":"product_cat-prezenty-pod-choinke-dla-meza","13":"product_cat-prezent-dla-mezczyzny","14":"product_cat-dla-niego","15":"product_cat-prezenty-pod-choinke-dla-niego","16":"product_cat-dla-niej","17":"product_cat-prezenty-pod-choinke-dla-niej","18":"product_cat-prezent-dla-pary","19":"product_cat-prezenty-pod-choinke-dla-zony","20":"product_cat-prezenty-na-rocznice-dla-niego","21":"product_cat-prezenty-na-rocznice-dla-niej","22":"product_cat-prezenty-na-rocznice-dla-pary","23":"product_cat-prezenty-na-walentynki-dla-niego","24":"product_cat-prezent-na-rocznice","25":"product_cat-star-pl-2","26":"product_cat-prezent-na-boze-narodzenie","27":"product_cat-trending-label-pl","28":"product_cat-prezent-na-walentynki","29":"product_tag-anniversary-pl","30":"product_tag-niebo-w-dniu-pierwszego-spotkania","31":"product_tag-prezenty-pod-choinke-dla-chlopaka","32":"product_tag-prezenty-pod-choinke-dla-dziewczyny","33":"product_tag-prezenty-pod-choinke-dla-kobiety","34":"product_tag-prezenty-pod-choinke-dla-meza","35":"product_tag-prezenty-pod-choinke-dla-mezczyzny","36":"product_tag-prezenty-pod-choinke-dla-niego","37":"product_tag-prezenty-pod-choinke-dla-niej","38":"product_tag-prezenty-pod-choinke-dla-zony","40":"first","41":"instock","42":"sale","43":"taxable","44":"shipping-taxable","45":"purchasable","46":"product-type-variable"},"yoast_head":"<!-- This site is optimized with the Yoast SEO Premium plugin v27.2 (Yoast SEO v27.2) - https:\/\/yoast.com\/product\/yoast-seo-premium-wordpress\/ -->\n<title>Nasza Gwiezdna Konstelacja - Positive Prints<\/title>\n<meta name=\"description\" content=\"\u201eNasza Gwiezdna Konstelacja\u201d to plakat ze szczeg\u00f3\u0142owym rozk\u0142adem gwiazd, a tak\u017ce planet i konstelacji oraz Drogi Mlecznej\" \/>\n<meta name=\"robots\" content=\"index, follow, max-snippet:-1, max-image-preview:large, max-video-preview:-1\" \/>\n<link rel=\"canonical\" href=\"https:\/\/positiveprints.com\/pl\/produkt\/nasza-gwiezdna-konstelacja\/\" \/>\n<meta property=\"og:locale\" content=\"pl_PL\" \/>\n<meta property=\"og:type\" content=\"article\" \/>\n<meta property=\"og:title\" content=\"Nasza Gwiezdna Konstelacja\" \/>\n<meta property=\"og:description\" content=\"Dodaj planety, konstelacje i Drog\u0119 Mleczn\u0105   Spersonalizuj w 3 prostych krokach  Dodaj dedykacj\u0119 prosto z serca  Interaktywny podgl\u0105d pozwoli dopracowa\u0107 ka\u017cdy szczeg\u00f3\u0142\" \/>\n<meta property=\"og:url\" content=\"https:\/\/positiveprints.com\/pl\/produkt\/nasza-gwiezdna-konstelacja\/\" \/>\n<meta property=\"og:site_name\" content=\"Positive Prints\" \/>\n<meta property=\"article:publisher\" content=\"https:\/\/www.facebook.com\/positiveprintscom\" \/>\n<meta property=\"article:modified_time\" content=\"2026-04-18T08:12:51+00:00\" \/>\n<meta property=\"og:image\" content=\"https:\/\/positiveprints.com\/wp-content\/uploads\/2025\/05\/Nasza-Gwiezdna-Konstelacja-1.webp\" \/>\n\t<meta property=\"og:image:width\" content=\"1450\" \/>\n\t<meta property=\"og:image:height\" content=\"1450\" \/>\n\t<meta property=\"og:image:type\" content=\"image\/webp\" \/>\n<meta name=\"twitter:card\" content=\"summary_large_image\" \/>\n<meta name=\"twitter:label1\" content=\"Szacowany czas czytania\" \/>\n\t<meta name=\"twitter:data1\" content=\"5 minut\" \/>\n<!-- \/ Yoast SEO Premium plugin. -->","yoast_head_json":{"title":"Nasza Gwiezdna Konstelacja - Positive Prints","description":"\u201eNasza Gwiezdna Konstelacja\u201d to plakat ze szczeg\u00f3\u0142owym rozk\u0142adem gwiazd, a tak\u017ce planet i konstelacji oraz Drogi Mlecznej","robots":{"index":"index","follow":"follow","max-snippet":"max-snippet:-1","max-image-preview":"max-image-preview:large","max-video-preview":"max-video-preview:-1"},"canonical":"https:\/\/positiveprints.com\/pl\/produkt\/nasza-gwiezdna-konstelacja\/","og_locale":"pl_PL","og_type":"article","og_title":"Nasza Gwiezdna Konstelacja","og_description":"Dodaj planety, konstelacje i Drog\u0119 Mleczn\u0105   Spersonalizuj w 3 prostych krokach  Dodaj dedykacj\u0119 prosto z serca  Interaktywny podgl\u0105d pozwoli dopracowa\u0107 ka\u017cdy szczeg\u00f3\u0142","og_url":"https:\/\/positiveprints.com\/pl\/produkt\/nasza-gwiezdna-konstelacja\/","og_site_name":"Positive Prints","article_publisher":"https:\/\/www.facebook.com\/positiveprintscom","article_modified_time":"2026-04-18T08:12:51+00:00","og_image":[{"width":1450,"height":1450,"url":"https:\/\/positiveprints.com\/wp-content\/uploads\/2025\/05\/Nasza-Gwiezdna-Konstelacja-1.webp","type":"image\/webp"}],"twitter_card":"summary_large_image","twitter_misc":{"Szacowany czas czytania":"5 minut"},"schema":{"@context":"https:\/\/schema.org","@graph":[{"@type":["WebPage","ItemPage"],"@id":"https:\/\/positiveprints.com\/pl\/produkt\/nasza-gwiezdna-konstelacja\/","url":"https:\/\/positiveprints.com\/pl\/produkt\/nasza-gwiezdna-konstelacja\/","name":"Nasza Gwiezdna Konstelacja - Positive Prints","isPartOf":{"@id":"https:\/\/positiveprints.com\/pl\/#website"},"primaryImageOfPage":{"@id":"https:\/\/positiveprints.com\/pl\/produkt\/nasza-gwiezdna-konstelacja\/#primaryimage"},"image":{"@id":"https:\/\/positiveprints.com\/pl\/produkt\/nasza-gwiezdna-konstelacja\/#primaryimage"},"thumbnailUrl":"https:\/\/positiveprints.com\/wp-content\/uploads\/2025\/05\/Nasza-Gwiezdna-Konstelacja-1.webp","datePublished":"2021-03-23T07:59:16+00:00","dateModified":"2026-04-18T08:12:51+00:00","description":"\u201eNasza Gwiezdna Konstelacja\u201d to plakat ze szczeg\u00f3\u0142owym rozk\u0142adem gwiazd, a tak\u017ce planet i konstelacji oraz Drogi Mlecznej","breadcrumb":{"@id":"https:\/\/positiveprints.com\/pl\/produkt\/nasza-gwiezdna-konstelacja\/#breadcrumb"},"inLanguage":"pl-PL","potentialAction":[{"@type":"ReadAction","target":["https:\/\/positiveprints.com\/pl\/produkt\/nasza-gwiezdna-konstelacja\/"]}]},{"@type":"ImageObject","inLanguage":"pl-PL","@id":"https:\/\/positiveprints.com\/pl\/produkt\/nasza-gwiezdna-konstelacja\/#primaryimage","url":"https:\/\/positiveprints.com\/wp-content\/uploads\/2025\/05\/Nasza-Gwiezdna-Konstelacja-1.webp","contentUrl":"https:\/\/positiveprints.com\/wp-content\/uploads\/2025\/05\/Nasza-Gwiezdna-Konstelacja-1.webp","width":1450,"height":1450},{"@type":"BreadcrumbList","@id":"https:\/\/positiveprints.com\/pl\/produkt\/nasza-gwiezdna-konstelacja\/#breadcrumb","itemListElement":[{"@type":"ListItem","position":1,"name":"Home","item":"https:\/\/positiveprints.com\/pl\/"},{"@type":"ListItem","position":2,"name":"Produkty","item":"https:\/\/positiveprints.com\/pl\/shop\/"},{"@type":"ListItem","position":3,"name":"Nasza Gwiezdna Konstelacja"}]},{"@type":"WebSite","@id":"https:\/\/positiveprints.com\/pl\/#website","url":"https:\/\/positiveprints.com\/pl\/","name":"Positive Prints","description":"Amazing Custom Personalized Gifts","publisher":{"@id":"https:\/\/positiveprints.com\/pl\/#organization"},"potentialAction":[{"@type":"SearchAction","target":{"@type":"EntryPoint","urlTemplate":"https:\/\/positiveprints.com\/pl\/?s={search_term_string}"},"query-input":{"@type":"PropertyValueSpecification","valueRequired":true,"valueName":"search_term_string"}}],"inLanguage":"pl-PL"},{"@type":"Organization","@id":"https:\/\/positiveprints.com\/pl\/#organization","name":"Positive Prints","alternateName":"Positive Prints","url":"https:\/\/positiveprints.com\/pl\/","logo":{"@type":"ImageObject","inLanguage":"pl-PL","@id":"https:\/\/positiveprints.com\/pl\/#\/schema\/logo\/image\/","url":"https:\/\/positiveprints.com\/wp-content\/uploads\/2026\/03\/245815646_1337939713319158_5671353136411139666_n.png","contentUrl":"https:\/\/positiveprints.com\/wp-content\/uploads\/2026\/03\/245815646_1337939713319158_5671353136411139666_n.png","width":800,"height":800,"caption":"Positive Prints"},"image":{"@id":"https:\/\/positiveprints.com\/pl\/#\/schema\/logo\/image\/"},"sameAs":["https:\/\/www.facebook.com\/positiveprintscom","https:\/\/www.instagram.com\/positiveprintscom\/","https:\/\/www.tiktok.com\/@positiveprintscom","https:\/\/www.pinterest.com\/positiveprintscom\/"]}]}},"jetpack_sharing_enabled":true,"_links":{"self":[{"href":"https:\/\/positiveprints.com\/pl\/wp-json\/wp\/v2\/product\/130901","targetHints":{"allow":["GET"]}}],"collection":[{"href":"https:\/\/positiveprints.com\/pl\/wp-json\/wp\/v2\/product"}],"about":[{"href":"https:\/\/positiveprints.com\/pl\/wp-json\/wp\/v2\/types\/product"}],"wp:featuredmedia":[{"embeddable":true,"href":"https:\/\/positiveprints.com\/pl\/wp-json\/wp\/v2\/media\/1424662"}],"wp:attachment":[{"href":"https:\/\/positiveprints.com\/pl\/wp-json\/wp\/v2\/media?parent=130901"}],"wp:term":[{"taxonomy":"product_brand","embeddable":true,"href":"https:\/\/positiveprints.com\/pl\/wp-json\/wp\/v2\/product_brand?post=130901"},{"taxonomy":"product_cat","embeddable":true,"href":"https:\/\/positiveprints.com\/pl\/wp-json\/wp\/v2\/product_cat?post=130901"},{"taxonomy":"product_tag","embeddable":true,"href":"https:\/\/positiveprints.com\/pl\/wp-json\/wp\/v2\/product_tag?post=130901"}],"curies":[{"name":"wp","href":"https:\/\/api.w.org\/{rel}","templated":true}]}}