{"id":130855,"date":"2020-01-15T17:12:53","date_gmt":"2020-01-15T16:12:53","guid":{"rendered":"https:\/\/positiveprints.com\/product\/mapa-naszych-zareczyn\/"},"modified":"2026-04-18T09:18:16","modified_gmt":"2026-04-18T08:18:16","slug":"mapa-naszych-zareczyn","status":"publish","type":"product","link":"https:\/\/positiveprints.com\/pl\/produkt\/mapa-naszych-zareczyn\/","title":{"rendered":"Mapa Naszych Zar\u0119czyn"},"content":{"rendered":"<p>Spraw sobie pami\u0105tk\u0119 jednej z najwa\u017cniejszych chwil w Twoim \u017cyciu \u2013 stw\u00f3rz map\u0119 miejsca, w kt\u00f3rym ona powiedzia\u0142a TAK!<\/p>\r\n\r\n\r\n\r\n<h2 class=\"grenB f24 cblue\" style=\"margin-top: 3rem\">Mapa Naszych Zar\u0119czyn \u2013 co to takiego?<\/h2>\r\n\r\n\r\n\r\n<p style=\"margin-top: 1rem\">Ka\u017cda mapa jest wa\u017cn\u0105 cz\u0119\u015bci\u0105 podr\u00f3\u017cy. Moment zar\u0119czyn to dla Ciebie i Twojej drugiej po\u0142\u00f3wki pocz\u0105tek Waszej wsp\u00f3lnej podro\u017cy. Uczcij ten moment w wyj\u0105tkowy spos\u00f3b \u2013 stw\u00f3rz Map\u0119 Naszych Zar\u0119czyn. <\/p>\r\n\r\n\r\n\r\n<p style=\"margin-top: 1rem\">Mapa Naszych Zar\u0119czyn prezentuje dok\u0142adne miejsce, w kt\u00f3rym zdecydowali\u015bcie si\u0119 sp\u0119dzi\u0107 razem reszt\u0119 \u017cycia. Ten personalizowany plakat to graficzna opowie\u015b\u0107 Waszej historii mi\u0142osnej, kt\u00f3r\u0105 zobaczy ka\u017cdy, kto przekroczy pr\u00f3g Waszego domu. <\/p>\r\n\r\n\r\n\r\n<h2 class=\"grenB f24 cblue\" style=\"margin-top: 3rem\">Pomys\u0142 na prezent z okazji zar\u0119czyn<\/h2>\r\n\r\n\r\n\r\n<p style=\"margin-top: 1rem\">Mapa Naszych Zar\u0119czyn to fantastyczny pomys\u0142 na prezent z okazji zar\u0119czyn. Kto wie \u2013 by\u0107 mo\u017ce b\u0119dzie to pierwsza dekoracja, kt\u00f3r\u0105 nowo\u017ce\u0144cy powiesz\u0105 w swoim wsp\u00f3lnym gniazdku? <\/p>\r\n\r\n\r\n\r\n<p style=\"margin-top: 1rem\">Wpisz dok\u0142adny adres zar\u0119czyn w odpowiednie pole, a potem wybierz rodzaj znacznika, jakim chcesz zaznaczy\u0107 to wyj\u0105tkowe miejsce na mapie. Dodaj w\u0142asn\u0105 dedykacj\u0119 lub wzruszaj\u0105cy cytat i stw\u00f3rz w pe\u0142ni personalizowan\u0105 map\u0119. <\/p>\r\n\r\n\r\n\r\n<p style=\"margin-top: 1rem\">Mapa Naszych Zar\u0119czyn to r\u00f3wnie\u017c perfekcyjny prezent z okazji \u015blubu, rocznicy lub innej okazji, kt\u00f3r\u0105 to Ty uwa\u017casz za odpowiedni\u0105. Wybierz plakat z ram\u0105 lub dobierz ram\u0119 samodzielnie. Nasze plakaty produkowane s\u0105 w standardowych rozmiarach, wi\u0119c bez problemu znajdziesz pasuj\u0105c\u0105 ram\u0119, kt\u00f3ra najbardziej przypadnie Ci do gustu.<\/p>\r\n\r\n\r\n\r\n<h2 class=\"grenB f24 cblue\" style=\"margin-top: 3rem\">Personalizacja Mapy Naszych Zar\u0119czyn<\/h2>\r\n\r\n\r\n\r\n<p style=\"margin-top: 1rem\">Co dok\u0142adnie mo\u017cesz spersonalizowa\u0107 w Mapie Naszych Zar\u0119czyn? Zesp\u00f3\u0142 Positive Prints zaj\u0105\u0142 si\u0119 stworzeniem koncepcji mapy, ale to Ty jeste\u015b jej tw\u00f3rc\u0105 i projektantem!  <\/p>\r\n\r\n\r\n\r\n<p style=\"margin-top: 1rem\">Na pocz\u0105tek staniesz przed wyborem kszta\u0142tu i kolor\u00f3w mapy. Zdecyduj kt\u00f3ry kszta\u0142t mapy jest najbardziej odpowiedni: serce, okr\u0105g czy kwadrat. Dobierz tak\u0105 kolorystyk\u0119, aby idealnie wpasowa\u0142a si\u0119 we wn\u0119trza pary, kt\u00f3r\u0105 zamierzasz obdarowa\u0107. Mo\u017cesz r\u00f3wnie\u017c skorzysta\u0107 z modnych preset\u00f3w, kt\u00f3re dla Ciebie przygotowali\u015bmy.<\/p>\r\n\r\n\r\n\r\n<p style=\"margin-top: 1rem\">W 2. kroku poprosimy Ci\u0119 o wyb\u00f3r lokalizacji. Wpisz miasto, adres lub konkretne miejsce. Dzi\u0119ki stworzonej przez nas technologii bez problemu znajdziesz odpowiednie miejsce, a dodatkowo mo\u017cesz je przybli\u017cy\u0107 lub oddali\u0107, aby zyska\u0107 po\u017c\u0105dan\u0105 odleg\u0142o\u015b\u0107. Dodaj znacznik, aby wyeksponowa\u0107 dok\u0142adny punkt Waszych zar\u0119czyn. <\/p>\r\n\r\n\r\n\r\n<p style=\"margin-top: 1rem\">Dobrze przemy\u015bl, jak chcesz podpisa\u0107 Map\u0119 Naszych Zar\u0119czyn. Sprawd\u017a inspiracje romantycznych podpis\u00f3w, kt\u00f3re przygotowali\u015bmy specjalnie z my\u015bl\u0105 o Tobie:<\/p>\r\n\r\n\r\n\r\n<ul>\r\n\r\n<li>\u201cPowiedzia\u0142am TAK\u201d<\/li>\r\n\r\n<li>\u201dI \u017cyli d\u0142ugo i szcz\u0119\u015bliwie\u2026\u201d<\/li>\r\n\r\n<li>\u201cWyjdziesz za mnie?\u201d<\/li>\r\n\r\n<li>\u201cNasze Zar\u0119czyny\u201d<\/li>\r\n\r\n<li>\u201cZaj\u0119ta!\u201d<\/li>\r\n\r\n<li>\u201cNasz wyj\u0105tkowy moment\u201d<\/li>\r\n\r\n<li>\u201cI OD TEGO DNIA WSZYSTKO SI\u0118 ZACZ\u0118\u0141O&#8230;\u2661\u201d<\/li>\r\n\r\n<li>\u201cWszystkie historie mi\u0142osne s\u0105 pi\u0119kne, ale nasza to moja ulubiona \u2764\u201d<\/li>\r\n\r\n\r\n\r\n<\/ul>\r\n\r\n\r\n\r\n<p>Kt\u00f3ry z naszych cytat\u00f3w podoba Ci si\u0119 najbardziej? A mo\u017ce masz w\u0142asn\u0105 propozycj\u0119?<\/p>\r\n\r\n\r\n\r\n<p style=\"margin-top: 1rem\">W kroku 3. wybierz plik cyfrowy lub skorzystaj z wysy\u0142ki na ca\u0142y \u015bwiat. W naszej ofercie znajdziesz r\u00f3wnie\u017c wydruk na p\u0142\u00f3tnie lub plakat w ramie. Bez wzgl\u0119du na to, kt\u00f3ry format jest najbardziej odpowiedni dla Ciebie, do\u0142o\u017cymy wszelkich stara\u0144, aby sprosta\u0107 Twoim oczekiwaniom. <\/p>\r\n\r\n\r\n\r\n<h2 class=\"grenB f24 cblue\" style=\"margin-top: 3rem\">Zaprojektuj Map\u0119 Naszych Zar\u0119czyn ju\u017c teraz!\r\n\r\n<\/h2>\r\n\r\n\r\n\r\n<p style=\"margin-top: 1rem\">Taki prezent na zar\u0119czyny zostanie z osob\u0105 obdarowywan\u0105 na lata. To tylko 3 proste kroki do pe\u0142ni szcz\u0119\u015bcia!<\/p>","protected":false},"excerpt":{"rendered":"<ul class=\"check-list\">\n<li>Podkre\u015bl wa\u017cne miejsce za pomoc\u0105 wybranego symbolu<\/li>\n<li>Spersonalizuj w 3 prostych krokach<\/li>\n<li>Dodaj dedykacj\u0119 prosto z serca<\/li>\n<li>Interaktywny podgl\u0105d pozwoli dopracowa\u0107 ka\u017cdy szczeg\u00f3\u0142<\/li>\n<\/ul>\n","protected":false},"featured_media":1695335,"template":"","meta":[],"product_brand":[],"product_cat":[9279,99,7188,5279],"product_tag":[8437],"class_list":{"0":"post-130855","1":"product","2":"type-product","3":"status-publish","4":"has-post-thumbnail","6":"product_cat-bestsellers-label-pl","7":"product_cat-wszystkie-produkty","8":"product_cat-map-pl","9":"product_cat-prezent-na-zareczyny","10":"product_tag-zareczyny","12":"first","13":"instock","14":"sale","15":"taxable","16":"shipping-taxable","17":"purchasable","18":"product-type-variable"},"yoast_head":"<!-- This site is optimized with the Yoast SEO Premium plugin v27.2 (Yoast SEO v27.2) - https:\/\/yoast.com\/product\/yoast-seo-premium-wordpress\/ -->\n<title>Mapa Naszych Zar\u0119czyn - Prezent Zar\u0119czynowy - Positive Prints<\/title>\n<meta name=\"description\" content=\"Spraw sobie pami\u0105tk\u0119 jednej z najwa\u017cniejszych chwil w Twoim \u017cyciu \u2013 stw\u00f3rz map\u0119 miejsca, w kt\u00f3rym ona powiedzia\u0142a TAK!\" \/>\n<meta name=\"robots\" content=\"index, follow, max-snippet:-1, max-image-preview:large, max-video-preview:-1\" \/>\n<link rel=\"canonical\" href=\"https:\/\/positiveprints.com\/pl\/produkt\/mapa-naszych-zareczyn\/\" \/>\n<meta property=\"og:locale\" content=\"pl_PL\" \/>\n<meta property=\"og:type\" content=\"article\" \/>\n<meta property=\"og:title\" content=\"Mapa Naszych Zar\u0119czyn\" \/>\n<meta property=\"og:description\" content=\"Podkre\u015bl wa\u017cne miejsce za pomoc\u0105 wybranego symbolu  Spersonalizuj w 3 prostych krokach  Dodaj dedykacj\u0119 prosto z serca  Interaktywny podgl\u0105d pozwoli dopracowa\u0107 ka\u017cdy szczeg\u00f3\u0142\" \/>\n<meta property=\"og:url\" content=\"https:\/\/positiveprints.com\/pl\/produkt\/mapa-naszych-zareczyn\/\" \/>\n<meta property=\"og:site_name\" content=\"Positive Prints\" \/>\n<meta property=\"article:publisher\" content=\"https:\/\/www.facebook.com\/positiveprintscom\" \/>\n<meta property=\"article:modified_time\" content=\"2026-04-18T08:18:16+00:00\" \/>\n<meta property=\"og:image\" content=\"https:\/\/positiveprints.com\/wp-content\/uploads\/2024\/10\/Packshot_PL_engagement-product-image.webp\" \/>\n\t<meta property=\"og:image:width\" content=\"1450\" \/>\n\t<meta property=\"og:image:height\" content=\"1450\" \/>\n\t<meta property=\"og:image:type\" content=\"image\/webp\" \/>\n<meta name=\"twitter:card\" content=\"summary_large_image\" \/>\n<meta name=\"twitter:label1\" content=\"Szacowany czas czytania\" \/>\n\t<meta name=\"twitter:data1\" content=\"3 minuty\" \/>\n<!-- \/ Yoast SEO Premium plugin. -->","yoast_head_json":{"title":"Mapa Naszych Zar\u0119czyn - Prezent Zar\u0119czynowy - Positive Prints","description":"Spraw sobie pami\u0105tk\u0119 jednej z najwa\u017cniejszych chwil w Twoim \u017cyciu \u2013 stw\u00f3rz map\u0119 miejsca, w kt\u00f3rym ona powiedzia\u0142a TAK!","robots":{"index":"index","follow":"follow","max-snippet":"max-snippet:-1","max-image-preview":"max-image-preview:large","max-video-preview":"max-video-preview:-1"},"canonical":"https:\/\/positiveprints.com\/pl\/produkt\/mapa-naszych-zareczyn\/","og_locale":"pl_PL","og_type":"article","og_title":"Mapa Naszych Zar\u0119czyn","og_description":"Podkre\u015bl wa\u017cne miejsce za pomoc\u0105 wybranego symbolu  Spersonalizuj w 3 prostych krokach  Dodaj dedykacj\u0119 prosto z serca  Interaktywny podgl\u0105d pozwoli dopracowa\u0107 ka\u017cdy szczeg\u00f3\u0142","og_url":"https:\/\/positiveprints.com\/pl\/produkt\/mapa-naszych-zareczyn\/","og_site_name":"Positive Prints","article_publisher":"https:\/\/www.facebook.com\/positiveprintscom","article_modified_time":"2026-04-18T08:18:16+00:00","og_image":[{"width":1450,"height":1450,"url":"https:\/\/positiveprints.com\/wp-content\/uploads\/2024\/10\/Packshot_PL_engagement-product-image.webp","type":"image\/webp"}],"twitter_card":"summary_large_image","twitter_misc":{"Szacowany czas czytania":"3 minuty"},"schema":{"@context":"https:\/\/schema.org","@graph":[{"@type":["WebPage","ItemPage"],"@id":"https:\/\/positiveprints.com\/pl\/produkt\/mapa-naszych-zareczyn\/","url":"https:\/\/positiveprints.com\/pl\/produkt\/mapa-naszych-zareczyn\/","name":"Mapa Naszych Zar\u0119czyn - Prezent Zar\u0119czynowy - Positive Prints","isPartOf":{"@id":"https:\/\/positiveprints.com\/pl\/#website"},"primaryImageOfPage":{"@id":"https:\/\/positiveprints.com\/pl\/produkt\/mapa-naszych-zareczyn\/#primaryimage"},"image":{"@id":"https:\/\/positiveprints.com\/pl\/produkt\/mapa-naszych-zareczyn\/#primaryimage"},"thumbnailUrl":"https:\/\/positiveprints.com\/wp-content\/uploads\/2026\/04\/Packshot_PL_XX-zareczyny.webp","datePublished":"2020-01-15T16:12:53+00:00","dateModified":"2026-04-18T08:18:16+00:00","description":"Spraw sobie pami\u0105tk\u0119 jednej z najwa\u017cniejszych chwil w Twoim \u017cyciu \u2013 stw\u00f3rz map\u0119 miejsca, w kt\u00f3rym ona powiedzia\u0142a TAK!","breadcrumb":{"@id":"https:\/\/positiveprints.com\/pl\/produkt\/mapa-naszych-zareczyn\/#breadcrumb"},"inLanguage":"pl-PL","potentialAction":[{"@type":"ReadAction","target":["https:\/\/positiveprints.com\/pl\/produkt\/mapa-naszych-zareczyn\/"]}]},{"@type":"ImageObject","inLanguage":"pl-PL","@id":"https:\/\/positiveprints.com\/pl\/produkt\/mapa-naszych-zareczyn\/#primaryimage","url":"https:\/\/positiveprints.com\/wp-content\/uploads\/2026\/04\/Packshot_PL_XX-zareczyny.webp","contentUrl":"https:\/\/positiveprints.com\/wp-content\/uploads\/2026\/04\/Packshot_PL_XX-zareczyny.webp","width":1450,"height":1450},{"@type":"BreadcrumbList","@id":"https:\/\/positiveprints.com\/pl\/produkt\/mapa-naszych-zareczyn\/#breadcrumb","itemListElement":[{"@type":"ListItem","position":1,"name":"Home","item":"https:\/\/positiveprints.com\/pl\/"},{"@type":"ListItem","position":2,"name":"Produkty","item":"https:\/\/positiveprints.com\/pl\/shop\/"},{"@type":"ListItem","position":3,"name":"Mapa Naszych Zar\u0119czyn"}]},{"@type":"WebSite","@id":"https:\/\/positiveprints.com\/pl\/#website","url":"https:\/\/positiveprints.com\/pl\/","name":"Positive Prints","description":"Amazing Custom Personalized Gifts","publisher":{"@id":"https:\/\/positiveprints.com\/pl\/#organization"},"potentialAction":[{"@type":"SearchAction","target":{"@type":"EntryPoint","urlTemplate":"https:\/\/positiveprints.com\/pl\/?s={search_term_string}"},"query-input":{"@type":"PropertyValueSpecification","valueRequired":true,"valueName":"search_term_string"}}],"inLanguage":"pl-PL"},{"@type":"Organization","@id":"https:\/\/positiveprints.com\/pl\/#organization","name":"Positive Prints","alternateName":"Positive Prints","url":"https:\/\/positiveprints.com\/pl\/","logo":{"@type":"ImageObject","inLanguage":"pl-PL","@id":"https:\/\/positiveprints.com\/pl\/#\/schema\/logo\/image\/","url":"https:\/\/positiveprints.com\/wp-content\/uploads\/2026\/03\/245815646_1337939713319158_5671353136411139666_n.png","contentUrl":"https:\/\/positiveprints.com\/wp-content\/uploads\/2026\/03\/245815646_1337939713319158_5671353136411139666_n.png","width":800,"height":800,"caption":"Positive Prints"},"image":{"@id":"https:\/\/positiveprints.com\/pl\/#\/schema\/logo\/image\/"},"sameAs":["https:\/\/www.facebook.com\/positiveprintscom","https:\/\/www.instagram.com\/positiveprintscom\/","https:\/\/www.tiktok.com\/@positiveprintscom","https:\/\/www.pinterest.com\/positiveprintscom\/"]}]}},"jetpack_sharing_enabled":true,"_links":{"self":[{"href":"https:\/\/positiveprints.com\/pl\/wp-json\/wp\/v2\/product\/130855","targetHints":{"allow":["GET"]}}],"collection":[{"href":"https:\/\/positiveprints.com\/pl\/wp-json\/wp\/v2\/product"}],"about":[{"href":"https:\/\/positiveprints.com\/pl\/wp-json\/wp\/v2\/types\/product"}],"wp:featuredmedia":[{"embeddable":true,"href":"https:\/\/positiveprints.com\/pl\/wp-json\/wp\/v2\/media\/1695335"}],"wp:attachment":[{"href":"https:\/\/positiveprints.com\/pl\/wp-json\/wp\/v2\/media?parent=130855"}],"wp:term":[{"taxonomy":"product_brand","embeddable":true,"href":"https:\/\/positiveprints.com\/pl\/wp-json\/wp\/v2\/product_brand?post=130855"},{"taxonomy":"product_cat","embeddable":true,"href":"https:\/\/positiveprints.com\/pl\/wp-json\/wp\/v2\/product_cat?post=130855"},{"taxonomy":"product_tag","embeddable":true,"href":"https:\/\/positiveprints.com\/pl\/wp-json\/wp\/v2\/product_tag?post=130855"}],"curies":[{"name":"wp","href":"https:\/\/api.w.org\/{rel}","templated":true}]}}