{"id":130672,"date":"2021-03-23T10:23:30","date_gmt":"2021-03-23T09:23:30","guid":{"rendered":"https:\/\/positiveprints.com\/product\/mapa-nieba-w-dniu-urodzin\/"},"modified":"2026-04-18T09:12:42","modified_gmt":"2026-04-18T08:12:42","slug":"mapa-nieba-w-dniu-urodzin","status":"publish","type":"product","link":"https:\/\/positiveprints.com\/pl\/produkt\/mapa-nieba-w-dniu-urodzin\/","title":{"rendered":"Mapa Nieba w Dniu Urodzin"},"content":{"rendered":"<p>Mapa nieba w dniu urodzin to dok\u0142adne odzwierciedlenie uk\u0142adu gwiazd na niebie dla wybranej daty oraz lokalizacji. <\/p>\n<h2 class=\"grenB f24 cblue\" style=\"margin-top: 3rem\">Niebo w chwili Twoich narodzin<\/h2>\n<p style=\"margin-top: 1rem\">Moment narodzin to cudowna chwila. Naukowcy od lat udowadniaj\u0105, jak wiele czynnik\u00f3w sk\u0142ada si\u0119 na to, \u017ceby\u015bmy w og\u00f3le pojawili si\u0119 na tym \u015bwiecie. To szansa jedna na 400 milion\u00f3w! Dlatego na ca\u0142ym \u015bwiecie rok w rok tak ochoczo \u015bwi\u0119tujemy urodziny, zw\u0142aszcza bliskich nam os\u00f3b. W tym roku mo\u017cesz podarowa\u0107 co\u015b wyj\u0105tkowego. Mapa Nieba w Dniu Urodzin to oryginalny prezent, kt\u00f3ry zostanie w pami\u0119ci Twoich bliskich na lata.  <\/p>\n<p style=\"margin-top: 1rem\">Mapa Nieba w Dniu Urodzin to plakat, kt\u00f3ry dok\u0142adnie odzwierciedla, jak wygl\u0105da\u0142o nocne niebo w dniu urodzenia Twojego bliskiego. Na 99% nie znajdziesz drugiej takiej samej mapy na ca\u0142ym \u015bwiecie! Ka\u017cda mapa bazuje na szczeg\u00f3\u0142ach z dnia narodzin osoby, kt\u00f3r\u0105 chcesz obdarowa\u0107. To dlatego jest taka niezwyk\u0142a!<\/p>\n<p style=\"margin-top: 1rem\"><a href=\"https:\/\/positiveprints.com\/pl\/produkt\/mapa-nieba\/\">Mapa Nieba<\/a> to pami\u0105tka na lata, kt\u00f3ra z pewno\u015bci\u0105 zaskoczy i wzruszy osob\u0119 obdarowywan\u0105. Mapy Nieba nie znajdziesz na zwyk\u0142ej p\u00f3\u0142ce sklepowej. To prezent kreatywny \u2013 od samego pomys\u0142u, a\u017c do detali, takich jak cytat lub personalizowana wiadomo\u015b\u0107, kt\u00f3r\u0105 umie\u015bcisz na plakacie. Starania w\u0142o\u017cone w przygotowanie mapy na pewno nie przejd\u0105 bez echa. <\/p>\n<h2 class=\"grenB f24 cblue\" style=\"margin-top: 3rem\">Dlaczego Mapa Nieba w Dniu Urodzin jest tak wyj\u0105tkowa?<\/h2>\n<p style=\"margin-top: 1rem\">Kiedy spojrzysz w nocne niebo dzi\u015b wieczorem, przekonasz si\u0119, \u017ce nie wygl\u0105da ono tak samo jak w niebo poprzedniej nocy. Elementy wszech\u015bwiata kr\u0105\u017c\u0105, dlatego pewne gwiazdy, planety i konstelacje jeste\u015bmy w stanie zobaczy\u0107 tylko w okre\u015blonych dniach lub porach roku. <\/p>\n<p style=\"margin-top: 1rem\">Gwiazdy u\u0142o\u017cy\u0142y si\u0119 w unikalne konstelacje w momencie Twoich narodzin i to jest nadzwyczajne! Tak samo jak odmienne jest u\u0142o\u017cenie gwiazd, tak r\u00f3\u017cne s\u0105 pozycje planet oraz innych cia\u0142 niebieskich. <\/p>\n<p style=\"margin-top: 1rem\">Nie ma w tym nic dziwnego, \u017ce nie pami\u0119tasz nocnego nieba z chwili swoich narodzin. Potraktuj map\u0119 nieba jako powr\u00f3t do przesz\u0142o\u015bci, jako pocz\u0105tek historii swojego \u017cycia, jako ilustracj\u0119 Twojego dnia 0 na tym \u015bwiecie.<\/p>\n<h2 class=\"grenB f24 cblue\" style=\"margin-top: 3rem\">Jak stworzy\u0107 Map\u0119 Nieba w Dniu Urodzin?<\/h2>\n<p style=\"margin-top: 1rem\">W Positive Prints wychodzimy z za\u0142o\u017cenia, \u017ce ka\u017cdy powinien bez problemu zaprojektowa\u0107 Map\u0119 Nieba w Dniu Urodzin. Bez wzgl\u0119du na to, czy posiadasz zdolno\u015bci artystyczne, czy zaci\u0119cie technologiczne. Przejd\u017a poni\u017csze 3 proste kroki i stw\u00f3rz map\u0119, kt\u00f3ra jest bliska Twojemu sercu:<\/p>\n<h3 class=\"grenB f18 cblue\" style=\"margin-top: 3rem\">Krok 1: Wybierz styl<\/h3>\n<p style=\"margin-top: 1rem\">Zesp\u00f3\u0142 Positive Prints przygotowa\u0142 dla Ciebie 7 preset\u00f3w dla Twojej Mapy Nieba w Dniu Urodzin. W\u015br\u00f3d nich znajdziesz ramk\u0119 w kszta\u0142cie serca i kilka r\u00f3\u017cnych wersji kolorystycznych. Je\u015bli posiadasz dusz\u0119 artysty, samodzielnie wybierz kolory mapy. <\/p>\n<p style=\"margin-top: 1rem\">Mo\u017cesz dodatkowo wybra\u0107 stopie\u0144 szczeg\u00f3\u0142owo\u015bci mapy. Zdecyduj, czy na Twojej mapie powinny pojawi\u0107 si\u0119 nazwy konstelacji, planet oraz Droga Mleczna. Ka\u017cd\u0105 wybran\u0105 opcj\u0119 sprawdzisz w podgl\u0105dzie na \u017cywo, aby skomponowa\u0107 map\u0119 perfekcyjn\u0105 wizualnie. <\/p>\n<h3 class=\"grenB f18 cblue\" style=\"margin-top: 3rem\">Krok 2: Wprowad\u017a szczeg\u00f3\u0142y<\/h3>\n<p style=\"margin-top: 1rem\">W 2. kroku poprosimy Ci\u0119 o wprowadzenie wybranej lokalizacji (lub wsp\u00f3\u0142rz\u0119dnych) oraz daty i godziny narodzin. Powy\u017csze dane s\u0105 niezb\u0119dne do jak najlepszego odzwierciedlenia widoku nocnego nieba dla tej konkretnej daty.\n<\/p>\n<p style=\"margin-top: 1rem\">Do Twojej dyspozycji oddajemy r\u00f3wnie\u017c 3 linijki tekstu (tytu\u0142, podtytu\u0142 oraz stopka). Nasi Klienci uwielbiaj\u0105 wpisywa\u0107 tam ulubione cytaty lub dedykacje \u2013 dzi\u0119ki takim podpisom ka\u017cdy, kto zerknie na map\u0119, dowie si\u0119, co dok\u0142adnie ona symbolizuje. Je\u015bli brak CI pomys\u0142u na w\u0142asn\u0105 dedykacj\u0119, u\u017cyj tekstu ulubionej piosenki lub fragmentu ksi\u0105\u017cki \u2013 im bardziej spersonalizowana dedykacja, tym podarunek stanie si\u0119 bli\u017cszy sercu osoby obdarowywanej. <\/p>\n<h3 class=\"grenB f18 cblue\" style=\"margin-top: 3rem\">Krok 3: Wybierz format<\/h3>\n<p style=\"margin-top: 1rem\">W ostatnim kroku wybierasz rozmiar i format wydruku. Zawsze stawiamy na najwy\u017csz\u0105 jako\u015b\u0107, dlatego wielu naszych Klient\u00f3w zamawia od nas gotowe plakaty. Je\u015bli chcesz, aby wydruk towarzyszy\u0142 Twojemu bliskiemu na lata, wybierz p\u0142\u00f3tno lub wydruk na grubym, matowym papierze. W naszej ofercie znajdziesz r\u00f3wnie\u017c ramy. Zam\u00f3w plakat z ram\u0105, je\u015bli chcesz, aby wydruk znalaz\u0142 si\u0119 na \u015bcianie w mgnieniu oka.<br \/>\nCzy wspomnieli\u015bmy ju\u017c, \u017ce dostarczamy na ca\u0142y \u015bwiat?\n<\/p>\n<p style=\"margin-top: 1rem\">Je\u015bli szukasz prezentu na ostatni\u0105 chwil\u0119, u nas r\u00f3wnie\u017c znajdziesz tak\u0105 opcj\u0119. Wybierz plik w wersji cyfrowej, a otrzymasz go drog\u0105 mailow\u0105, tu\u017c po op\u0142aceniu zam\u00f3wienia. Znajd\u017a drukarni\u0119 blisko swojego miejsca zamieszkania i wydrukuj plakat od r\u0119ki, bez oczekiwania na wysy\u0142k\u0119. <\/p>\n<h2 class=\"grenB f24 cblue\" style=\"margin-top: 3rem\">Zaskocz jubilata prezentem, jakiego si\u0119 nie spodziewa \u2013 zam\u00f3w Map\u0119 Nieba w Dniu Urodzin!<\/h2>\n<p style=\"margin-top: 1rem\">Chcesz podarowa\u0107 co\u015b, co zostanie z blisk\u0105 Ci osob\u0105 na lata? Zaprojektuj personalizowan\u0105 Map\u0119 Nieba w Dniu Urodzin jeszcze dzi\u015b!\n<\/p><h2 class=\"wp-block-heading\" id=\"h-faq\"><strong>FAQ<\/strong><\/h2><details class=\"wp-block-details is-layout-flow wp-block-details-is-layout-flow\"><summary><strong>Czym jest Mapa Nieba w Dniu Urodzin?<\/strong><\/summary><p>Mapa Nieba w Dniu Urodzin to spersonalizowany plakat przedstawiaj\u0105cy dok\u0142adny uk\u0142ad gwiazd z momentu narodzin. Pokazuje, jak wygl\u0105da\u0142o niebo w chwili, gdy przysz\u0142a na \u015bwiat bliska Ci osoba. To wyj\u0105tkowa pami\u0105tka symbolizuj\u0105ca niezwyk\u0142o\u015b\u0107 tego dnia i jedyn\u0105 w swoim rodzaju histori\u0119 \u017cycia.<\/p><\/details><details class=\"wp-block-details is-layout-flow wp-block-details-is-layout-flow\"><summary><strong>Czy mapa jest naukowo dok\u0142adna?<\/strong><\/summary><p>Tak, ka\u017cda mapa nieba jest naukowo dok\u0142adna. Faktycznie, pokazuje oko\u0142o 2000 cia\u0142 niebieskich w autentyczny spos\u00f3b. Ponadto, zawiera planety, konstelacje i ich nazwy oraz Drog\u0119 Mleczn\u0105 w dok\u0142adnych pozycjach. Dodatkowo, interaktywny podgl\u0105d pozwala dopracowa\u0107 ka\u017cdy szczeg\u00f3\u0142 w czasie rzeczywistym.\u200b<\/p><\/details><details class=\"wp-block-details is-layout-flow wp-block-details-is-layout-flow\"><summary><strong>Dlaczego to idealny prezent urodzinowy?<\/strong><\/summary><p>To idealny prezent, poniewa\u017c jest w 100% osobisty i oryginalny. Konkretnie, to niezwyk\u0142y prezent wzbudzaj\u0105cy g\u0142\u0119bokie uczucia i emocje. W konsekwencji, to pami\u0105tka na lata, kt\u00f3ra zostanie w pami\u0119ci obdarowanego.\u200b<\/p><\/details><details class=\"wp-block-details is-layout-flow wp-block-details-is-layout-flow\"><summary><strong>Jak stworzy\u0107 Map\u0119 Nieba w Dniu Urodzin?<\/strong><\/summary><p>Stworzenie mapy nieba to trzy proste kroki. Po pierwsze, wybierz kszta\u0142t, styl\u00a0 kolorystyczny i elementy astralne mapy nieba. Nast\u0119pnie, wprowad\u017a dat\u0119, miejsce, czas i dodaj swoj\u0105 dedykacj\u0119. Na koniec, wybierz rodzaj wydruku i rozmiar. Mo\u017cesz zam\u00f3wi\u0107 plakat sam lub z ram\u0105, wydruk na p\u0142\u00f3tnie lub plik cyfrowy..\u200b<\/p><\/details><details class=\"wp-block-details is-layout-flow wp-block-details-is-layout-flow\"><summary><strong>Na jakie okazje sprawdzi si\u0119 ta mapa?<\/strong><\/summary><p>Ta mapa sprawdza si\u0119 na urodziny, jubileusze, pierwsze urodziny dziecka i chrzciny. Ponadto, to \u015bwietny prezent na ka\u017cd\u0105 okazj\u0119 celebruj\u0105c\u0105 dzie\u0144 narodzin. Dodatkowo, doskonale nadaje si\u0119 jako dekoracja pokoju dzieci\u0119cego.\u200b<\/p><\/details><details class=\"wp-block-details is-layout-flow wp-block-details-is-layout-flow\"><summary><strong>Jak szybko otrzymam map\u0119?<\/strong><\/summary><p>W przypadku pilnego prezentu wybierz natychmiastowy plik cyfrowy do pobrania jest to\u2013 plik JPEG o wysokiej rozdzielczo\u015bci 300 dpi, kt\u00f3ry mo\u017cesz wydrukowa\u0107 samodzielnie. W przypadku produkt\u00f3w fizycznych drukujemy i wysy\u0142amy lokalnie z naszych drukarni w Australii, Kanadzie, Stanach Zjednoczonych, Wielkiej Brytanii i Polsce. Gwarantuje to szybk\u0105 i niezawodn\u0105 dostaw\u0119, cz\u0119sto w ci\u0105gu zaledwie kilku dni.<\/p><\/details>","protected":false},"excerpt":{"rendered":"<ul class=\"check-list\">\n<li>Dodaj planety, konstelacje i Drog\u0119 Mleczn\u0105 <\/li>\n<li>Spersonalizuj w 3 prostych krokach<\/li>\n<li>Dodaj dedykacj\u0119 prosto z serca<\/li>\n<li>Interaktywny podgl\u0105d pozwoli dopracowa\u0107 ka\u017cdy szczeg\u00f3\u0142<\/li>\n<\/ul>\n","protected":false},"featured_media":1424010,"template":"","meta":[],"product_brand":[],"product_cat":[9279,7626,11404,7690,8010,8190,15037,7834,11416,7739,11210,11209,3114,5271,3126],"product_tag":[8468,12776,13458,13478],"class_list":{"0":"post-130672","1":"product","2":"type-product","3":"status-publish","4":"has-post-thumbnail","6":"product_cat-bestsellers-label-pl","7":"product_cat-prezent-dla-brata","8":"product_cat-prezenty-pod-choinke-dla-brata","9":"product_cat-prezent-dla-kobiety","10":"product_cat-prezent-dla-mezczyzny","11":"product_cat-dla-niej","12":"product_cat-prezenty-pod-choinke-dla-przyjaciol","13":"product_cat-prezent-dla-przyjaciol","14":"product_cat-prezenty-pod-choinke-dla-siostry","15":"product_cat-prezent-dla-siostry","16":"product_cat-prezenty-urodzinowe-dla-niego","17":"product_cat-prezenty-urodzinowe-dla-niej","18":"product_cat-star-pl-2","19":"product_cat-prezent-na-boze-narodzenie","20":"product_cat-prezent-na-urodziny","21":"product_tag-birthday-pl","22":"product_tag-prezent-pod-choinke-dla-siostry","23":"product_tag-prezenty-swiateczne-dla-brata","24":"product_tag-prezenty-swiateczne-dla-przyjaciol","26":"first","27":"instock","28":"sale","29":"taxable","30":"shipping-taxable","31":"purchasable","32":"product-type-variable","33":"has-default-attributes"},"yoast_head":"<!-- This site is optimized with the Yoast SEO Premium plugin v27.2 (Yoast SEO v27.2) - https:\/\/yoast.com\/product\/yoast-seo-premium-wordpress\/ -->\n<title>Mapa Nieba w Dniu Urodzin - Prezent na Urodziny - Positive Prints<\/title>\n<meta name=\"description\" content=\"Mapa Nieba w Dniu Urodzin to pomys\u0142 na prezent, kt\u00f3ry zachwyci i zaskoczy ka\u017cdego. Zam\u00f3w na prezent na urodziny ju\u017c dzi\u015b!\" \/>\n<meta name=\"robots\" content=\"index, follow, max-snippet:-1, max-image-preview:large, max-video-preview:-1\" \/>\n<link rel=\"canonical\" href=\"https:\/\/positiveprints.com\/pl\/produkt\/mapa-nieba-w-dniu-urodzin\/\" \/>\n<meta property=\"og:locale\" content=\"pl_PL\" \/>\n<meta property=\"og:type\" content=\"article\" \/>\n<meta property=\"og:title\" content=\"Mapa Nieba w Dniu Urodzin\" \/>\n<meta property=\"og:description\" content=\"Dodaj planety, konstelacje i Drog\u0119 Mleczn\u0105   Spersonalizuj w 3 prostych krokach  Dodaj dedykacj\u0119 prosto z serca  Interaktywny podgl\u0105d pozwoli dopracowa\u0107 ka\u017cdy szczeg\u00f3\u0142\" \/>\n<meta property=\"og:url\" content=\"https:\/\/positiveprints.com\/pl\/produkt\/mapa-nieba-w-dniu-urodzin\/\" \/>\n<meta property=\"og:site_name\" content=\"Positive Prints\" \/>\n<meta property=\"article:publisher\" content=\"https:\/\/www.facebook.com\/positiveprintscom\" \/>\n<meta property=\"article:modified_time\" content=\"2026-04-18T08:12:42+00:00\" \/>\n<meta property=\"og:image\" content=\"https:\/\/positiveprints.com\/wp-content\/uploads\/2025\/05\/Mapa-Nieba-w-Dniu-Urodzin-1.webp\" \/>\n\t<meta property=\"og:image:width\" content=\"1450\" \/>\n\t<meta property=\"og:image:height\" content=\"1450\" \/>\n\t<meta property=\"og:image:type\" content=\"image\/webp\" \/>\n<meta name=\"twitter:card\" content=\"summary_large_image\" \/>\n<meta name=\"twitter:label1\" content=\"Szacowany czas czytania\" \/>\n\t<meta name=\"twitter:data1\" content=\"5 minut\" \/>\n<!-- \/ Yoast SEO Premium plugin. -->","yoast_head_json":{"title":"Mapa Nieba w Dniu Urodzin - Prezent na Urodziny - Positive Prints","description":"Mapa Nieba w Dniu Urodzin to pomys\u0142 na prezent, kt\u00f3ry zachwyci i zaskoczy ka\u017cdego. Zam\u00f3w na prezent na urodziny ju\u017c dzi\u015b!","robots":{"index":"index","follow":"follow","max-snippet":"max-snippet:-1","max-image-preview":"max-image-preview:large","max-video-preview":"max-video-preview:-1"},"canonical":"https:\/\/positiveprints.com\/pl\/produkt\/mapa-nieba-w-dniu-urodzin\/","og_locale":"pl_PL","og_type":"article","og_title":"Mapa Nieba w Dniu Urodzin","og_description":"Dodaj planety, konstelacje i Drog\u0119 Mleczn\u0105   Spersonalizuj w 3 prostych krokach  Dodaj dedykacj\u0119 prosto z serca  Interaktywny podgl\u0105d pozwoli dopracowa\u0107 ka\u017cdy szczeg\u00f3\u0142","og_url":"https:\/\/positiveprints.com\/pl\/produkt\/mapa-nieba-w-dniu-urodzin\/","og_site_name":"Positive Prints","article_publisher":"https:\/\/www.facebook.com\/positiveprintscom","article_modified_time":"2026-04-18T08:12:42+00:00","og_image":[{"width":1450,"height":1450,"url":"https:\/\/positiveprints.com\/wp-content\/uploads\/2025\/05\/Mapa-Nieba-w-Dniu-Urodzin-1.webp","type":"image\/webp"}],"twitter_card":"summary_large_image","twitter_misc":{"Szacowany czas czytania":"5 minut"},"schema":{"@context":"https:\/\/schema.org","@graph":[{"@type":["WebPage","ItemPage"],"@id":"https:\/\/positiveprints.com\/pl\/produkt\/mapa-nieba-w-dniu-urodzin\/","url":"https:\/\/positiveprints.com\/pl\/produkt\/mapa-nieba-w-dniu-urodzin\/","name":"Mapa Nieba w Dniu Urodzin - Prezent na Urodziny - Positive Prints","isPartOf":{"@id":"https:\/\/positiveprints.com\/pl\/#website"},"primaryImageOfPage":{"@id":"https:\/\/positiveprints.com\/pl\/produkt\/mapa-nieba-w-dniu-urodzin\/#primaryimage"},"image":{"@id":"https:\/\/positiveprints.com\/pl\/produkt\/mapa-nieba-w-dniu-urodzin\/#primaryimage"},"thumbnailUrl":"https:\/\/positiveprints.com\/wp-content\/uploads\/2025\/05\/Mapa-Nieba-w-Dniu-Urodzin-1.webp","datePublished":"2021-03-23T09:23:30+00:00","dateModified":"2026-04-18T08:12:42+00:00","description":"Mapa Nieba w Dniu Urodzin to pomys\u0142 na prezent, kt\u00f3ry zachwyci i zaskoczy ka\u017cdego. Zam\u00f3w na prezent na urodziny ju\u017c dzi\u015b!","breadcrumb":{"@id":"https:\/\/positiveprints.com\/pl\/produkt\/mapa-nieba-w-dniu-urodzin\/#breadcrumb"},"inLanguage":"pl-PL","potentialAction":[{"@type":"ReadAction","target":["https:\/\/positiveprints.com\/pl\/produkt\/mapa-nieba-w-dniu-urodzin\/"]}]},{"@type":"ImageObject","inLanguage":"pl-PL","@id":"https:\/\/positiveprints.com\/pl\/produkt\/mapa-nieba-w-dniu-urodzin\/#primaryimage","url":"https:\/\/positiveprints.com\/wp-content\/uploads\/2025\/05\/Mapa-Nieba-w-Dniu-Urodzin-1.webp","contentUrl":"https:\/\/positiveprints.com\/wp-content\/uploads\/2025\/05\/Mapa-Nieba-w-Dniu-Urodzin-1.webp","width":1450,"height":1450},{"@type":"BreadcrumbList","@id":"https:\/\/positiveprints.com\/pl\/produkt\/mapa-nieba-w-dniu-urodzin\/#breadcrumb","itemListElement":[{"@type":"ListItem","position":1,"name":"Home","item":"https:\/\/positiveprints.com\/pl\/"},{"@type":"ListItem","position":2,"name":"Produkty","item":"https:\/\/positiveprints.com\/pl\/shop\/"},{"@type":"ListItem","position":3,"name":"Mapa Nieba w Dniu Urodzin"}]},{"@type":"WebSite","@id":"https:\/\/positiveprints.com\/pl\/#website","url":"https:\/\/positiveprints.com\/pl\/","name":"Positive Prints","description":"Amazing Custom Personalized Gifts","publisher":{"@id":"https:\/\/positiveprints.com\/pl\/#organization"},"potentialAction":[{"@type":"SearchAction","target":{"@type":"EntryPoint","urlTemplate":"https:\/\/positiveprints.com\/pl\/?s={search_term_string}"},"query-input":{"@type":"PropertyValueSpecification","valueRequired":true,"valueName":"search_term_string"}}],"inLanguage":"pl-PL"},{"@type":"Organization","@id":"https:\/\/positiveprints.com\/pl\/#organization","name":"Positive Prints","alternateName":"Positive Prints","url":"https:\/\/positiveprints.com\/pl\/","logo":{"@type":"ImageObject","inLanguage":"pl-PL","@id":"https:\/\/positiveprints.com\/pl\/#\/schema\/logo\/image\/","url":"https:\/\/positiveprints.com\/wp-content\/uploads\/2026\/03\/245815646_1337939713319158_5671353136411139666_n.png","contentUrl":"https:\/\/positiveprints.com\/wp-content\/uploads\/2026\/03\/245815646_1337939713319158_5671353136411139666_n.png","width":800,"height":800,"caption":"Positive Prints"},"image":{"@id":"https:\/\/positiveprints.com\/pl\/#\/schema\/logo\/image\/"},"sameAs":["https:\/\/www.facebook.com\/positiveprintscom","https:\/\/www.instagram.com\/positiveprintscom\/","https:\/\/www.tiktok.com\/@positiveprintscom","https:\/\/www.pinterest.com\/positiveprintscom\/"]}]}},"jetpack_sharing_enabled":true,"_links":{"self":[{"href":"https:\/\/positiveprints.com\/pl\/wp-json\/wp\/v2\/product\/130672","targetHints":{"allow":["GET"]}}],"collection":[{"href":"https:\/\/positiveprints.com\/pl\/wp-json\/wp\/v2\/product"}],"about":[{"href":"https:\/\/positiveprints.com\/pl\/wp-json\/wp\/v2\/types\/product"}],"wp:featuredmedia":[{"embeddable":true,"href":"https:\/\/positiveprints.com\/pl\/wp-json\/wp\/v2\/media\/1424010"}],"wp:attachment":[{"href":"https:\/\/positiveprints.com\/pl\/wp-json\/wp\/v2\/media?parent=130672"}],"wp:term":[{"taxonomy":"product_brand","embeddable":true,"href":"https:\/\/positiveprints.com\/pl\/wp-json\/wp\/v2\/product_brand?post=130672"},{"taxonomy":"product_cat","embeddable":true,"href":"https:\/\/positiveprints.com\/pl\/wp-json\/wp\/v2\/product_cat?post=130672"},{"taxonomy":"product_tag","embeddable":true,"href":"https:\/\/positiveprints.com\/pl\/wp-json\/wp\/v2\/product_tag?post=130672"}],"curies":[{"name":"wp","href":"https:\/\/api.w.org\/{rel}","templated":true}]}}