{"id":1295329,"date":"2024-12-01T21:04:56","date_gmt":"2024-12-01T20:04:56","guid":{"rendered":"https:\/\/positiveprints.com\/product\/plyta-winylowa-z-tekstem-piosenki-plakat-dla-siostry\/"},"modified":"2026-04-18T03:11:31","modified_gmt":"2026-04-18T02:11:31","slug":"winyl-z-tekstem-piosenki-plakat-dla-siostry","status":"publish","type":"product","link":"https:\/\/positiveprints.com\/pl\/produkt\/winyl-z-tekstem-piosenki-plakat-dla-siostry\/","title":{"rendered":"Winyl z tekstem piosenki &#8211; plakat dla siostry"},"content":{"rendered":"","protected":false},"excerpt":{"rendered":"<ul class=\"check-list\">\n<li>Spersonalizuj dodaj\u0105c tekst piosenki lub w\u0142asne s\u0142owa<\/li>\n<li>Wgraj zdj\u0119cie, kt\u00f3re nada projektowi indywidualny styl<\/li>\n<li>Uzupe\u0142nij o imiona, daty lub wyj\u0105tkow\u0105 dedykacj\u0119<\/li>\n<li>Stw\u00f3rz gotowy projekt w 2 minuty<\/li>\n<li>Podgl\u0105d na \u017cywo pozwala dopracowa\u0107 ka\u017cdy detal<\/li>\n<\/ul>\n","protected":false},"featured_media":1296085,"template":"","meta":[],"product_brand":[],"product_cat":[12142,9765,99,5271,11416,7739],"product_tag":[12095,12777,12776,12626,12625,12068,12069],"class_list":{"0":"post-1295329","1":"product","2":"type-product","3":"status-publish","4":"has-post-thumbnail","6":"product_cat-lyrics-pl","7":"product_cat-trending-label-pl","8":"product_cat-wszystkie-produkty","9":"product_cat-prezent-na-boze-narodzenie","10":"product_cat-prezenty-pod-choinke-dla-siostry","11":"product_cat-prezent-dla-siostry","12":"product_tag-piosenka","13":"product_tag-prezent-dla-siostry","14":"product_tag-prezent-pod-choinke-dla-siostry","15":"product_tag-prezenty-dla-siostry","16":"product_tag-siostra","17":"product_tag-tekst-piosenki","18":"product_tag-teksty-piosenek","20":"first","21":"instock","22":"sale","23":"taxable","24":"shipping-taxable","25":"purchasable","26":"product-type-variable"},"yoast_head":"<!-- This site is optimized with the Yoast SEO Premium plugin v27.2 (Yoast SEO v27.2) - https:\/\/yoast.com\/product\/yoast-seo-premium-wordpress\/ -->\n<title>Winyl z tekstem piosenki - plakat dla siostry - Positive Prints<\/title>\n<meta name=\"description\" content=\"Uchwy\u0107 ulubion\u0105 piosenk\u0119 swojej siostry na spersonalizowanym plakacie w formie p\u0142yty winylowej. Idealny prezent na urodziny lub ka\u017cd\u0105 wyj\u0105tkow\u0105 okazj\u0119. Zam\u00f3w plakat z tekstem piosenki dla siostry ju\u017c dzi\u015b!\" \/>\n<meta name=\"robots\" content=\"index, follow, max-snippet:-1, max-image-preview:large, max-video-preview:-1\" \/>\n<link rel=\"canonical\" href=\"https:\/\/positiveprints.com\/pl\/produkt\/winyl-z-tekstem-piosenki-plakat-dla-siostry\/\" \/>\n<meta property=\"og:locale\" content=\"pl_PL\" \/>\n<meta property=\"og:type\" content=\"article\" \/>\n<meta property=\"og:title\" content=\"Winyl z tekstem piosenki - plakat dla siostry\" \/>\n<meta property=\"og:description\" content=\"Spersonalizuj dodaj\u0105c tekst piosenki lub w\u0142asne s\u0142owa Wgraj zdj\u0119cie, kt\u00f3re nada projektowi indywidualny styl Uzupe\u0142nij o imiona, daty lub wyj\u0105tkow\u0105 dedykacj\u0119 Stw\u00f3rz gotowy projekt w 2 minuty Podgl\u0105d na \u017cywo pozwala dopracowa\u0107 ka\u017cdy detal\" \/>\n<meta property=\"og:url\" content=\"https:\/\/positiveprints.com\/pl\/produkt\/winyl-z-tekstem-piosenki-plakat-dla-siostry\/\" \/>\n<meta property=\"og:site_name\" content=\"Positive Prints\" \/>\n<meta property=\"article:publisher\" content=\"https:\/\/www.facebook.com\/positiveprintscom\" \/>\n<meta property=\"article:modified_time\" content=\"2026-04-18T02:11:31+00:00\" \/>\n<meta property=\"og:image\" content=\"https:\/\/positiveprints.com\/wp-content\/uploads\/2024\/12\/plakat-dla-siostry-plyta-winylowa-z-tekstem-piosenki.webp\" \/>\n\t<meta property=\"og:image:width\" content=\"1450\" \/>\n\t<meta property=\"og:image:height\" content=\"1450\" \/>\n\t<meta property=\"og:image:type\" content=\"image\/webp\" \/>\n<meta name=\"twitter:card\" content=\"summary_large_image\" \/>\n<meta name=\"twitter:label1\" content=\"Szacowany czas czytania\" \/>\n\t<meta name=\"twitter:data1\" content=\"1 minuta\" \/>\n<!-- \/ Yoast SEO Premium plugin. -->","yoast_head_json":{"title":"Winyl z tekstem piosenki - plakat dla siostry - Positive Prints","description":"Uchwy\u0107 ulubion\u0105 piosenk\u0119 swojej siostry na spersonalizowanym plakacie w formie p\u0142yty winylowej. Idealny prezent na urodziny lub ka\u017cd\u0105 wyj\u0105tkow\u0105 okazj\u0119. Zam\u00f3w plakat z tekstem piosenki dla siostry ju\u017c dzi\u015b!","robots":{"index":"index","follow":"follow","max-snippet":"max-snippet:-1","max-image-preview":"max-image-preview:large","max-video-preview":"max-video-preview:-1"},"canonical":"https:\/\/positiveprints.com\/pl\/produkt\/winyl-z-tekstem-piosenki-plakat-dla-siostry\/","og_locale":"pl_PL","og_type":"article","og_title":"Winyl z tekstem piosenki - plakat dla siostry","og_description":"Spersonalizuj dodaj\u0105c tekst piosenki lub w\u0142asne s\u0142owa Wgraj zdj\u0119cie, kt\u00f3re nada projektowi indywidualny styl Uzupe\u0142nij o imiona, daty lub wyj\u0105tkow\u0105 dedykacj\u0119 Stw\u00f3rz gotowy projekt w 2 minuty Podgl\u0105d na \u017cywo pozwala dopracowa\u0107 ka\u017cdy detal","og_url":"https:\/\/positiveprints.com\/pl\/produkt\/winyl-z-tekstem-piosenki-plakat-dla-siostry\/","og_site_name":"Positive Prints","article_publisher":"https:\/\/www.facebook.com\/positiveprintscom","article_modified_time":"2026-04-18T02:11:31+00:00","og_image":[{"width":1450,"height":1450,"url":"https:\/\/positiveprints.com\/wp-content\/uploads\/2024\/12\/plakat-dla-siostry-plyta-winylowa-z-tekstem-piosenki.webp","type":"image\/webp"}],"twitter_card":"summary_large_image","twitter_misc":{"Szacowany czas czytania":"1 minuta"},"schema":{"@context":"https:\/\/schema.org","@graph":[{"@type":["WebPage","ItemPage"],"@id":"https:\/\/positiveprints.com\/pl\/produkt\/winyl-z-tekstem-piosenki-plakat-dla-siostry\/","url":"https:\/\/positiveprints.com\/pl\/produkt\/winyl-z-tekstem-piosenki-plakat-dla-siostry\/","name":"Winyl z tekstem piosenki - plakat dla siostry - Positive Prints","isPartOf":{"@id":"https:\/\/positiveprints.com\/pl\/#website"},"primaryImageOfPage":{"@id":"https:\/\/positiveprints.com\/pl\/produkt\/winyl-z-tekstem-piosenki-plakat-dla-siostry\/#primaryimage"},"image":{"@id":"https:\/\/positiveprints.com\/pl\/produkt\/winyl-z-tekstem-piosenki-plakat-dla-siostry\/#primaryimage"},"thumbnailUrl":"https:\/\/positiveprints.com\/wp-content\/uploads\/2024\/12\/plakat-dla-siostry-plyta-winylowa-z-tekstem-piosenki.webp","datePublished":"2024-12-01T20:04:56+00:00","dateModified":"2026-04-18T02:11:31+00:00","description":"Uchwy\u0107 ulubion\u0105 piosenk\u0119 swojej siostry na spersonalizowanym plakacie w formie p\u0142yty winylowej. Idealny prezent na urodziny lub ka\u017cd\u0105 wyj\u0105tkow\u0105 okazj\u0119. Zam\u00f3w plakat z tekstem piosenki dla siostry ju\u017c dzi\u015b!","breadcrumb":{"@id":"https:\/\/positiveprints.com\/pl\/produkt\/winyl-z-tekstem-piosenki-plakat-dla-siostry\/#breadcrumb"},"inLanguage":"pl-PL","potentialAction":[{"@type":"ReadAction","target":["https:\/\/positiveprints.com\/pl\/produkt\/winyl-z-tekstem-piosenki-plakat-dla-siostry\/"]}]},{"@type":"ImageObject","inLanguage":"pl-PL","@id":"https:\/\/positiveprints.com\/pl\/produkt\/winyl-z-tekstem-piosenki-plakat-dla-siostry\/#primaryimage","url":"https:\/\/positiveprints.com\/wp-content\/uploads\/2024\/12\/plakat-dla-siostry-plyta-winylowa-z-tekstem-piosenki.webp","contentUrl":"https:\/\/positiveprints.com\/wp-content\/uploads\/2024\/12\/plakat-dla-siostry-plyta-winylowa-z-tekstem-piosenki.webp","width":1450,"height":1450,"caption":"plakat dla siostry plyta winylowa z tekstem piosenki"},{"@type":"BreadcrumbList","@id":"https:\/\/positiveprints.com\/pl\/produkt\/winyl-z-tekstem-piosenki-plakat-dla-siostry\/#breadcrumb","itemListElement":[{"@type":"ListItem","position":1,"name":"Home","item":"https:\/\/positiveprints.com\/pl\/"},{"@type":"ListItem","position":2,"name":"Produkty","item":"https:\/\/positiveprints.com\/pl\/shop\/"},{"@type":"ListItem","position":3,"name":"Winyl z tekstem piosenki &#8211; plakat dla siostry"}]},{"@type":"WebSite","@id":"https:\/\/positiveprints.com\/pl\/#website","url":"https:\/\/positiveprints.com\/pl\/","name":"Positive Prints","description":"Amazing Custom Personalized Gifts","publisher":{"@id":"https:\/\/positiveprints.com\/pl\/#organization"},"potentialAction":[{"@type":"SearchAction","target":{"@type":"EntryPoint","urlTemplate":"https:\/\/positiveprints.com\/pl\/?s={search_term_string}"},"query-input":{"@type":"PropertyValueSpecification","valueRequired":true,"valueName":"search_term_string"}}],"inLanguage":"pl-PL"},{"@type":"Organization","@id":"https:\/\/positiveprints.com\/pl\/#organization","name":"Positive Prints","alternateName":"Positive Prints","url":"https:\/\/positiveprints.com\/pl\/","logo":{"@type":"ImageObject","inLanguage":"pl-PL","@id":"https:\/\/positiveprints.com\/pl\/#\/schema\/logo\/image\/","url":"https:\/\/positiveprints.com\/wp-content\/uploads\/2026\/03\/245815646_1337939713319158_5671353136411139666_n.png","contentUrl":"https:\/\/positiveprints.com\/wp-content\/uploads\/2026\/03\/245815646_1337939713319158_5671353136411139666_n.png","width":800,"height":800,"caption":"Positive Prints"},"image":{"@id":"https:\/\/positiveprints.com\/pl\/#\/schema\/logo\/image\/"},"sameAs":["https:\/\/www.facebook.com\/positiveprintscom","https:\/\/www.instagram.com\/positiveprintscom\/","https:\/\/www.tiktok.com\/@positiveprintscom","https:\/\/www.pinterest.com\/positiveprintscom\/"]}]}},"jetpack_sharing_enabled":true,"_links":{"self":[{"href":"https:\/\/positiveprints.com\/pl\/wp-json\/wp\/v2\/product\/1295329","targetHints":{"allow":["GET"]}}],"collection":[{"href":"https:\/\/positiveprints.com\/pl\/wp-json\/wp\/v2\/product"}],"about":[{"href":"https:\/\/positiveprints.com\/pl\/wp-json\/wp\/v2\/types\/product"}],"wp:featuredmedia":[{"embeddable":true,"href":"https:\/\/positiveprints.com\/pl\/wp-json\/wp\/v2\/media\/1296085"}],"wp:attachment":[{"href":"https:\/\/positiveprints.com\/pl\/wp-json\/wp\/v2\/media?parent=1295329"}],"wp:term":[{"taxonomy":"product_brand","embeddable":true,"href":"https:\/\/positiveprints.com\/pl\/wp-json\/wp\/v2\/product_brand?post=1295329"},{"taxonomy":"product_cat","embeddable":true,"href":"https:\/\/positiveprints.com\/pl\/wp-json\/wp\/v2\/product_cat?post=1295329"},{"taxonomy":"product_tag","embeddable":true,"href":"https:\/\/positiveprints.com\/pl\/wp-json\/wp\/v2\/product_tag?post=1295329"}],"curies":[{"name":"wp","href":"https:\/\/api.w.org\/{rel}","templated":true}]}}