{"id":1287138,"date":"2024-04-19T11:49:25","date_gmt":"2024-04-19T10:49:25","guid":{"rendered":"https:\/\/positiveprints.com\/product\/mapa-gwiazd-personalizowana-bizuteria\/"},"modified":"2026-04-18T04:26:07","modified_gmt":"2026-04-18T03:26:07","slug":"mapa-gwiazd-bizuteria","status":"publish","type":"product","link":"https:\/\/positiveprints.com\/pl\/produkt\/mapa-gwiazd-bizuteria\/","title":{"rendered":"Mapa Gwiazd Personalizowana Bi\u017cuteria"},"content":{"rendered":"<p>Czy kiedykolwiek chcia\u0142e\u015b uchwyci\u0107 magi\u0119 wyj\u0105tkowej chwili pod gwiazdami? Przedstawiamy nasz\u0105 Personalizowan\u0105 Bi\u017cuteri\u0119 z Map\u0105 Gwiazd. Ale co sprawia, \u017ce ta bi\u017cuteria jest naprawd\u0119 czaruj\u0105ca?  <\/p>\n\n\n\n<h2>Stw\u00f3rz swoj\u0105 w\u0142asn\u0105 Personalizowan\u0105 Bi\u017cuteri\u0119 z Map\u0105 Gwiazd<\/h2>\n\n\n\n<p>Dzi\u0119ki naszej Personalizowanej Bi\u017cuterii z Map\u0105 Gwiazd mo\u017cesz uwieczni\u0107 niebia\u0144skie pi\u0119kno wa\u017cnego momentu w czasie. Po prostu podaj nam dat\u0119, godzin\u0119 i lokalizacj\u0119 swojego wyj\u0105tkowego momentu, a my stworzymy unikalny widok rozgwie\u017cd\u017conego nieba z tej w\u0142a\u015bnie chwili. <\/p>\n\n\n\n<p>Ka\u017cda zawieszka zawiera osza\u0142amiaj\u0105ce przedstawienie gwiezdnej mapy z wybranego przez Ciebie momentu, zapewniaj\u0105c, \u017ce Tw\u00f3j przedmiot jest tak wyj\u0105tkowy, jak wspomnienia, kt\u00f3re reprezentuje. Dodaj niestandardow\u0105 wiadomo\u015b\u0107 z ty\u0142u zawieszki, aby uczyni\u0107 j\u0105 jeszcze bardziej osobist\u0105. <\/p>\n\n\n\n<p>Wybierz spo\u015br\u00f3d dw\u00f3ch materia\u0142\u00f3w premium: Wybierz srebro pr\u00f3by 925 i zdecyduj, czy chcesz mie\u0107 zawieszk\u0119 z \u0142a\u0144cuszkiem, czy bez. Ka\u017cdy element jest poddawany skrupulatnemu grawerowaniu laserowemu, aby zapewni\u0107 precyzj\u0119 i trwa\u0142o\u015b\u0107. <\/p>\n\n\n\n\n\n<h2>Zamawianie bi\u017cuterii z Map\u0105 Gwiazd na prezent<\/h2>\n\n\n\n<p>Szukasz idealnego prezentu dla bliskiej osoby? Nasza Personalizowana Bi\u017cuteria z Map\u0105 Gwiazd to serdeczny spos\u00f3b na upami\u0119tnienie specjalnych okazji, takich jak \u015bluby, urodziny, rocznice lub narodziny dziecka. Wyobra\u017a sobie zachwyt na ich twarzach, gdy otrzymaj\u0105 wisiorek z rozgwie\u017cd\u017conym niebem z chwili, gdy powiedzieli sobie &#8220;tak&#8221; lub w noc narodzin ich dziecka.  <\/p>\n\n\n\n<p>Zamawianie jest proste &#8211; po prostu odwied\u017a nasz\u0105 stron\u0119 internetow\u0105, podaj niezb\u0119dne dane, spersonalizuj sw\u00f3j wisiorek, wybierz preferowany materia\u0142 i opcj\u0119 \u0142a\u0144cuszka, a nast\u0119pnie z\u0142\u00f3\u017c zam\u00f3wienie. My zajmiemy si\u0119 reszt\u0105, zapewniaj\u0105c, \u017ce Tw\u00f3j wisiorek zostanie elegancko zapakowany w pude\u0142ko jubilerskie, wraz z instrukcj\u0105 piel\u0119gnacji i specjaln\u0105 \u015bciereczk\u0105 do czyszczenia. <\/p>\n\n\n\n<p>Niezale\u017cnie od tego, czy \u015bwi\u0119tujesz kamie\u0144 milowy, honorujesz szczeg\u00f3lne wspomnienie, czy po prostu wyra\u017casz swoj\u0105 mi\u0142o\u015b\u0107, nasza Personalizowana Bi\u017cuteria z Map\u0105 Gwiazd to idealny spos\u00f3b na uchwycenie pi\u0119kna kosmosu i zachowanie cennych chwil blisko serca. Po co wi\u0119c czeka\u0107? Zaprojektuj swoj\u0105 spersonalizowan\u0105 bi\u017cuteri\u0119 ju\u017c dzi\u015b i pozw\u00f3l gwiazdom opowiedzie\u0107 Twoj\u0105 histori\u0119!<\/p>","protected":false},"excerpt":{"rendered":"<ul class=\"check-list\">\n<li>Zatrzymaj gwiezdn\u0105 konstelacj\u0119 z wybranego dnia lub nocy<\/li>\n<li>Zawieszka o \u015brednicy 20 mm, wykonana z najwy\u017cszej jako\u015bci srebra pr\u00f3by 925, precyzyjnie grawerowana laserowo i wyko\u0144czona z najwy\u017csz\u0105 precyzj\u0105<\/li>\n<li>Dodaj dedykacj\u0119 prosto z serca<\/li>\n<li>Zaprojektuj w 2 minuty<\/li>\n<li>Podgl\u0105d projektu na ka\u017cdym etapie pozwoli Ci dopracowa\u0107 ka\u017cdy detal<\/li>\n<\/ul>\n","protected":false},"featured_media":1552133,"template":"","meta":[],"product_brand":[],"product_cat":[9255,9222,99,11542,11604,11543,11539,11544,11540,11541,5271,15037,11416,11413,7690],"product_tag":[14956,9316,9331,9339,13703,15550,12776,13478,13718,9356,11901,11902],"class_list":{"0":"post-1287138","1":"product","2":"type-product","3":"status-publish","4":"has-post-thumbnail","6":"product_cat-jewelry-pl","7":"product_cat-bizuteria-z-gwiezdna-mapa","8":"product_cat-wszystkie-produkty","9":"product_cat-10-rocznica","10":"product_cat-50-rocznica","11":"product_cat-15-rocznica","12":"product_cat-1-rocznica","13":"product_cat-20-rocznica","14":"product_cat-2-rocznica","15":"product_cat-5-rocznica","16":"product_cat-prezent-na-boze-narodzenie","17":"product_cat-prezenty-pod-choinke-dla-przyjaciol","18":"product_cat-prezenty-pod-choinke-dla-siostry","19":"product_cat-prezenty-pod-choinke-dla-dzieci","20":"product_cat-prezent-dla-kobiety","21":"product_tag-creators-pl-2","22":"product_tag-lancuszek","23":"product_tag-medalion","24":"product_tag-naszyjnik","25":"product_tag-naszyjnik-z-mapa-gwiazd","26":"product_tag-nocne-niebo","27":"product_tag-prezent-pod-choinke-dla-siostry","28":"product_tag-prezenty-swiateczne-dla-przyjaciol","29":"product_tag-srebrny-naszyjnik-z-mapa-gwiazd","30":"product_tag-wisiorek","31":"product_tag-zawieszka","32":"product_tag-zawieszki","34":"first","35":"instock","36":"sale","37":"taxable","38":"shipping-taxable","39":"purchasable","40":"product-type-variable"},"yoast_head":"<!-- This site is optimized with the Yoast SEO Premium plugin v27.2 (Yoast SEO v27.2) - https:\/\/yoast.com\/product\/yoast-seo-premium-wordpress\/ -->\n<title>Mapa Gwiazd Personalizowana Bi\u017cuteria - Positive Prints<\/title>\n<meta name=\"description\" content=\"Personalizowana bi\u017cuteria z map\u0105 gwiazd to doskona\u0142y spos\u00f3b na uchwycenie pi\u0119kna kosmosu i zatrzymanie cennych chwil blisko serca.\" \/>\n<meta name=\"robots\" content=\"index, follow, max-snippet:-1, max-image-preview:large, max-video-preview:-1\" \/>\n<link rel=\"canonical\" href=\"https:\/\/positiveprints.com\/pl\/produkt\/mapa-gwiazd-bizuteria\/\" \/>\n<meta property=\"og:locale\" content=\"pl_PL\" \/>\n<meta property=\"og:type\" content=\"article\" \/>\n<meta property=\"og:title\" content=\"Mapa Gwiazd Personalizowana Bi\u017cuteria\" \/>\n<meta property=\"og:description\" content=\"Zatrzymaj gwiezdn\u0105 konstelacj\u0119 z wybranego dnia lub nocy Zawieszka o \u015brednicy 20 mm, wykonana z najwy\u017cszej jako\u015bci srebra pr\u00f3by 925, precyzyjnie grawerowana laserowo i wyko\u0144czona z najwy\u017csz\u0105 precyzj\u0105 Dodaj dedykacj\u0119 prosto z serca Zaprojektuj w 2 minuty Podgl\u0105d projektu na ka\u017cdym etapie pozwoli Ci dopracowa\u0107 ka\u017cdy detal\" \/>\n<meta property=\"og:url\" content=\"https:\/\/positiveprints.com\/pl\/produkt\/mapa-gwiazd-bizuteria\/\" \/>\n<meta property=\"og:site_name\" content=\"Positive Prints\" \/>\n<meta property=\"article:publisher\" content=\"https:\/\/www.facebook.com\/positiveprintscom\" \/>\n<meta property=\"article:modified_time\" content=\"2026-04-18T03:26:07+00:00\" \/>\n<meta property=\"og:image\" content=\"https:\/\/positiveprints.com\/wp-content\/uploads\/2025\/10\/main-and-packshot-all-custom-star-chart-jewelry.webp\" \/>\n\t<meta property=\"og:image:width\" content=\"2500\" \/>\n\t<meta property=\"og:image:height\" content=\"2500\" \/>\n\t<meta property=\"og:image:type\" content=\"image\/webp\" \/>\n<meta name=\"twitter:card\" content=\"summary_large_image\" \/>\n<meta name=\"twitter:label1\" content=\"Szacowany czas czytania\" \/>\n\t<meta name=\"twitter:data1\" content=\"2 minuty\" \/>\n<!-- \/ Yoast SEO Premium plugin. -->","yoast_head_json":{"title":"Mapa Gwiazd Personalizowana Bi\u017cuteria - Positive Prints","description":"Personalizowana bi\u017cuteria z map\u0105 gwiazd to doskona\u0142y spos\u00f3b na uchwycenie pi\u0119kna kosmosu i zatrzymanie cennych chwil blisko serca.","robots":{"index":"index","follow":"follow","max-snippet":"max-snippet:-1","max-image-preview":"max-image-preview:large","max-video-preview":"max-video-preview:-1"},"canonical":"https:\/\/positiveprints.com\/pl\/produkt\/mapa-gwiazd-bizuteria\/","og_locale":"pl_PL","og_type":"article","og_title":"Mapa Gwiazd Personalizowana Bi\u017cuteria","og_description":"Zatrzymaj gwiezdn\u0105 konstelacj\u0119 z wybranego dnia lub nocy Zawieszka o \u015brednicy 20 mm, wykonana z najwy\u017cszej jako\u015bci srebra pr\u00f3by 925, precyzyjnie grawerowana laserowo i wyko\u0144czona z najwy\u017csz\u0105 precyzj\u0105 Dodaj dedykacj\u0119 prosto z serca Zaprojektuj w 2 minuty Podgl\u0105d projektu na ka\u017cdym etapie pozwoli Ci dopracowa\u0107 ka\u017cdy detal","og_url":"https:\/\/positiveprints.com\/pl\/produkt\/mapa-gwiazd-bizuteria\/","og_site_name":"Positive Prints","article_publisher":"https:\/\/www.facebook.com\/positiveprintscom","article_modified_time":"2026-04-18T03:26:07+00:00","og_image":[{"width":2500,"height":2500,"url":"https:\/\/positiveprints.com\/wp-content\/uploads\/2025\/10\/main-and-packshot-all-custom-star-chart-jewelry.webp","type":"image\/webp"}],"twitter_card":"summary_large_image","twitter_misc":{"Szacowany czas czytania":"2 minuty"},"schema":{"@context":"https:\/\/schema.org","@graph":[{"@type":["WebPage","ItemPage"],"@id":"https:\/\/positiveprints.com\/pl\/produkt\/mapa-gwiazd-bizuteria\/","url":"https:\/\/positiveprints.com\/pl\/produkt\/mapa-gwiazd-bizuteria\/","name":"Mapa Gwiazd Personalizowana Bi\u017cuteria - Positive Prints","isPartOf":{"@id":"https:\/\/positiveprints.com\/pl\/#website"},"primaryImageOfPage":{"@id":"https:\/\/positiveprints.com\/pl\/produkt\/mapa-gwiazd-bizuteria\/#primaryimage"},"image":{"@id":"https:\/\/positiveprints.com\/pl\/produkt\/mapa-gwiazd-bizuteria\/#primaryimage"},"thumbnailUrl":"https:\/\/positiveprints.com\/wp-content\/uploads\/2025\/10\/main-and-packshot-all-custom-star-chart-jewelry.webp","datePublished":"2024-04-19T10:49:25+00:00","dateModified":"2026-04-18T03:26:07+00:00","description":"Personalizowana bi\u017cuteria z map\u0105 gwiazd to doskona\u0142y spos\u00f3b na uchwycenie pi\u0119kna kosmosu i zatrzymanie cennych chwil blisko serca.","breadcrumb":{"@id":"https:\/\/positiveprints.com\/pl\/produkt\/mapa-gwiazd-bizuteria\/#breadcrumb"},"inLanguage":"pl-PL","potentialAction":[{"@type":"ReadAction","target":["https:\/\/positiveprints.com\/pl\/produkt\/mapa-gwiazd-bizuteria\/"]}]},{"@type":"ImageObject","inLanguage":"pl-PL","@id":"https:\/\/positiveprints.com\/pl\/produkt\/mapa-gwiazd-bizuteria\/#primaryimage","url":"https:\/\/positiveprints.com\/wp-content\/uploads\/2025\/10\/main-and-packshot-all-custom-star-chart-jewelry.webp","contentUrl":"https:\/\/positiveprints.com\/wp-content\/uploads\/2025\/10\/main-and-packshot-all-custom-star-chart-jewelry.webp","width":2500,"height":2500},{"@type":"BreadcrumbList","@id":"https:\/\/positiveprints.com\/pl\/produkt\/mapa-gwiazd-bizuteria\/#breadcrumb","itemListElement":[{"@type":"ListItem","position":1,"name":"Home","item":"https:\/\/positiveprints.com\/pl\/"},{"@type":"ListItem","position":2,"name":"Produkty","item":"https:\/\/positiveprints.com\/pl\/shop\/"},{"@type":"ListItem","position":3,"name":"Mapa Gwiazd Personalizowana Bi\u017cuteria"}]},{"@type":"WebSite","@id":"https:\/\/positiveprints.com\/pl\/#website","url":"https:\/\/positiveprints.com\/pl\/","name":"Positive Prints","description":"Amazing Custom Personalized Gifts","publisher":{"@id":"https:\/\/positiveprints.com\/pl\/#organization"},"potentialAction":[{"@type":"SearchAction","target":{"@type":"EntryPoint","urlTemplate":"https:\/\/positiveprints.com\/pl\/?s={search_term_string}"},"query-input":{"@type":"PropertyValueSpecification","valueRequired":true,"valueName":"search_term_string"}}],"inLanguage":"pl-PL"},{"@type":"Organization","@id":"https:\/\/positiveprints.com\/pl\/#organization","name":"Positive Prints","alternateName":"Positive Prints","url":"https:\/\/positiveprints.com\/pl\/","logo":{"@type":"ImageObject","inLanguage":"pl-PL","@id":"https:\/\/positiveprints.com\/pl\/#\/schema\/logo\/image\/","url":"https:\/\/positiveprints.com\/wp-content\/uploads\/2026\/03\/245815646_1337939713319158_5671353136411139666_n.png","contentUrl":"https:\/\/positiveprints.com\/wp-content\/uploads\/2026\/03\/245815646_1337939713319158_5671353136411139666_n.png","width":800,"height":800,"caption":"Positive Prints"},"image":{"@id":"https:\/\/positiveprints.com\/pl\/#\/schema\/logo\/image\/"},"sameAs":["https:\/\/www.facebook.com\/positiveprintscom","https:\/\/www.instagram.com\/positiveprintscom\/","https:\/\/www.tiktok.com\/@positiveprintscom","https:\/\/www.pinterest.com\/positiveprintscom\/"]}]}},"jetpack_sharing_enabled":true,"_links":{"self":[{"href":"https:\/\/positiveprints.com\/pl\/wp-json\/wp\/v2\/product\/1287138","targetHints":{"allow":["GET"]}}],"collection":[{"href":"https:\/\/positiveprints.com\/pl\/wp-json\/wp\/v2\/product"}],"about":[{"href":"https:\/\/positiveprints.com\/pl\/wp-json\/wp\/v2\/types\/product"}],"wp:featuredmedia":[{"embeddable":true,"href":"https:\/\/positiveprints.com\/pl\/wp-json\/wp\/v2\/media\/1552133"}],"wp:attachment":[{"href":"https:\/\/positiveprints.com\/pl\/wp-json\/wp\/v2\/media?parent=1287138"}],"wp:term":[{"taxonomy":"product_brand","embeddable":true,"href":"https:\/\/positiveprints.com\/pl\/wp-json\/wp\/v2\/product_brand?post=1287138"},{"taxonomy":"product_cat","embeddable":true,"href":"https:\/\/positiveprints.com\/pl\/wp-json\/wp\/v2\/product_cat?post=1287138"},{"taxonomy":"product_tag","embeddable":true,"href":"https:\/\/positiveprints.com\/pl\/wp-json\/wp\/v2\/product_tag?post=1287138"}],"curies":[{"name":"wp","href":"https:\/\/api.w.org\/{rel}","templated":true}]}}