{"id":1272673,"date":"2024-11-06T17:30:12","date_gmt":"2024-11-06T16:30:12","guid":{"rendered":"https:\/\/positiveprints.com\/?post_type=product&#038;p=1272673"},"modified":"2026-04-23T10:46:07","modified_gmt":"2026-04-23T09:46:07","slug":"personalizowany-tekst-piosenki","status":"publish","type":"product","link":"https:\/\/positiveprints.com\/pl\/produkt\/personalizowany-tekst-piosenki\/","title":{"rendered":"Personalizowany Tekst Piosenki"},"content":{"rendered":"<p>Szukasz wyj\u0105tkowego i specjalnego prezentu? Personalizowany Tekst Piosenki to spersonalizowany wydruk lub p\u0142\u00f3tno, kt\u00f3re pi\u0119knie prezentuje s\u0142owa wybranej przez Ciebie piosenki.  To idealny spos\u00f3b na \u015bwi\u0119towanie ka\u017cdej okazji i tworzenie trwa\u0142ych wspomnie\u0144.<\/p>\r\n\r\n<h2>Stw\u00f3rz w\u0142asny plakat Personalizowany Tekst Piosenki<\/h2>\r\n\r\n<p>Odwied\u017a nasz edytor online i zacznij od wybrania t\u0142a. Mo\u017cesz wybra\u0107 jedn\u0105 z naszych predefiniowanych opcji lub stworzy\u0107 w\u0142asn\u0105. Nast\u0119pnie wybierz tekst piosenki, kt\u00f3ry chcesz doda\u0107. Mo\u017cesz tak\u017ce doda\u0107 spersonalizowan\u0105 wiadomo\u015b\u0107 pod tekstem, aby uczyni\u0107 projekt jeszcze bardziej wyj\u0105tkowym.   <\/p>\r\n\r\n<p>Wybierz format swojej grafiki spo\u015br\u00f3d r\u00f3\u017cnych opcji, w tym drukowanych lub oprawionych plakat\u00f3w, wydruk\u00f3w na p\u0142\u00f3tnie i plik\u00f3w cyfrowych do pobrania. Ka\u017cde dzie\u0142o jest tworzone specjalnie dla Ciebie, dzi\u0119ki czemu jest wyj\u0105tkowym i cenionym prezentem.  <\/p>\r\n\r\n<h2>Idealny Prezent na Ka\u017cd\u0105 Okazj\u0119<\/h2>\r\n\r\n<p>Personalizowany Tekst Piosenki to \u015bwietny prezent na ka\u017cd\u0105 okazj\u0119. Niezale\u017cnie od tego, czy s\u0105 to urodziny, rocznica, \u015blub, czy po prostu pokazanie, \u017ce Ci zale\u017cy, ta grafika to znacz\u0105cy spos\u00f3b na uczczenie wyj\u0105tkowych chwil. Jest to r\u00f3wnie\u017c romantyczny prezent, idealny do upami\u0119tnienia piosenki z waszego pierwszego ta\u0144ca lub pierwszego spotkania.  <\/p>\r\n\r\n<p>Ten prezent jest idealny dla przyjaci\u00f3\u0142, cz\u0142onk\u00f3w rodziny lub wsp\u00f3\u0142pracownik\u00f3w, kt\u00f3rzy maj\u0105 ulubion\u0105 piosenk\u0119, kt\u00f3ra ma dla nich szczeg\u00f3lne znaczenie.<\/p>\r\n\r\n<h2>Zacznij personalizowa\u0107 sw\u00f3j prezent ju\u017c dzi\u015b<\/h2>\r\n\r\n<p>Chcesz stworzy\u0107 prezent od serca? Ju\u017c dzi\u015b zacznij personalizowa\u0107 sw\u00f3j Personalizowany Tekst Piosenki. Odwied\u017a nasz edytor online, aby wybra\u0107 t\u0142o, wpisa\u0107 tekst piosenki i doda\u0107 spersonalizowan\u0105 wiadomo\u015b\u0107. Wybierz format, kt\u00f3ry pasuje do Twojego stylu i gotowe!   <\/p>\r\n\r\n<p>Zam\u00f3w plakat Personalizowany Tekst Piosenki ju\u017c teraz i podaruj prezent, kt\u00f3ry na zawsze pozostanie w Waszej pami\u0119ci.<\/p>","protected":false},"excerpt":{"rendered":"<ul class=\"check-list\">\n<li>Spersonalizuj dodaj\u0105c tekst piosenki lub w\u0142asne s\u0142owa<\/li>\n<li>Wgraj zdj\u0119cie, kt\u00f3re nada projektowi indywidualny styl<\/li>\n<li>Uzupe\u0142nij o imiona, daty lub wyj\u0105tkow\u0105 dedykacj\u0119<\/li>\n<li>Stw\u00f3rz gotowy projekt w 2 minuty<\/li>\n<li>Podgl\u0105d na \u017cywo pozwala dopracowa\u0107 ka\u017cdy detal<\/li>\n<\/ul>\n","protected":false},"featured_media":1271480,"template":"","meta":[],"product_brand":[],"product_cat":[8206,12142,9765,99,9003,3126,11545,11546,11547,11548,11636,11637,11638,11639,11209,11210,5296,5271,11408,11409,11405,11413,7946,7675,7643,7658,7770,7786,7753,7850,7834],"product_tag":[16274,8468,9410,12095,13360,13361,15952,13249,12068,12069],"class_list":{"0":"post-1272673","1":"product","2":"type-product","3":"status-publish","4":"has-post-thumbnail","6":"product_cat-dla-niego","7":"product_cat-lyrics-pl","8":"product_cat-trending-label-pl","9":"product_cat-wszystkie-produkty","10":"product_cat-dzien-babci-i-dziadka","11":"product_cat-prezent-na-urodziny","12":"product_cat-18-urodziny","13":"product_cat-21-urodziny","14":"product_cat-30-urodziny","15":"product_cat-40-urodziny","16":"product_cat-50-urodziny","17":"product_cat-60-urodziny","18":"product_cat-70-urodziny","19":"product_cat-80-urodziny","20":"product_cat-prezenty-urodzinowe-dla-niej","21":"product_cat-prezenty-urodzinowe-dla-niego","22":"product_cat-prezent-na-parapetowke","23":"product_cat-prezent-na-boze-narodzenie","24":"product_cat-prezenty-pod-choinke-dla-babci","25":"product_cat-prezenty-pod-choinke-dla-dziadka","26":"product_cat-prezenty-pod-choinke-dla-wspolpracownikow","27":"product_cat-prezenty-pod-choinke-dla-dzieci","28":"product_cat-prezent-na-emeryture","29":"product_cat-prezent-dla-chlopaka","30":"product_cat-prezent-dla-meza","31":"product_cat-prezent-dla-syna","32":"product_cat-prezent-dla-corki","33":"product_cat-prezent-dla-dziewczyny","34":"product_cat-prezent-dla-zony","35":"product_cat-prezent-dla-rodziny","36":"product_cat-prezent-dla-przyjaciol","37":"product_tag-album-winylowy","38":"product_tag-birthday-pl","39":"product_tag-muzyczny","40":"product_tag-piosenka","41":"product_tag-prezent-swiateczny-dla-babci","42":"product_tag-prezent-swiateczny-dla-dziadka","43":"product_tag-prezent-swiateczny-dla-dzieci","44":"product_tag-prezent-swiateczny-dla-wspolpracownika","45":"product_tag-tekst-piosenki","46":"product_tag-teksty-piosenek","48":"first","49":"instock","50":"sale","51":"taxable","52":"shipping-taxable","53":"purchasable","54":"product-type-variable"},"yoast_head":"<!-- This site is optimized with the Yoast SEO Premium plugin v27.2 (Yoast SEO v27.2) - https:\/\/yoast.com\/product\/yoast-seo-premium-wordpress\/ -->\n<title>Personalizowany Tekst Piosenki - Positive Prints<\/title>\n<meta name=\"description\" content=\"Szukasz wyj\u0105tkowego i specjalnego prezentu? Personalizowany Tekst Piosenki to spersonalizowany wydruk lub p\u0142\u00f3tno, kt\u00f3re pi\u0119knie prezentuje s\u0142owa wybranej przez Ciebie piosenki.\" \/>\n<meta name=\"robots\" content=\"index, follow, max-snippet:-1, max-image-preview:large, max-video-preview:-1\" \/>\n<link rel=\"canonical\" href=\"https:\/\/positiveprints.com\/pl\/produkt\/personalizowany-tekst-piosenki\/\" \/>\n<meta property=\"og:locale\" content=\"pl_PL\" \/>\n<meta property=\"og:type\" content=\"article\" \/>\n<meta property=\"og:title\" content=\"Personalizowany Tekst Piosenki\" \/>\n<meta property=\"og:description\" content=\"Spersonalizuj dodaj\u0105c tekst piosenki lub w\u0142asne s\u0142owa Wgraj zdj\u0119cie, kt\u00f3re nada projektowi indywidualny styl Uzupe\u0142nij o imiona, daty lub wyj\u0105tkow\u0105 dedykacj\u0119 Stw\u00f3rz gotowy projekt w 2 minuty Podgl\u0105d na \u017cywo pozwala dopracowa\u0107 ka\u017cdy detal\" \/>\n<meta property=\"og:url\" content=\"https:\/\/positiveprints.com\/pl\/produkt\/personalizowany-tekst-piosenki\/\" \/>\n<meta property=\"og:site_name\" content=\"Positive Prints\" \/>\n<meta property=\"article:publisher\" content=\"https:\/\/www.facebook.com\/positiveprintscom\" \/>\n<meta property=\"article:modified_time\" content=\"2026-04-23T09:46:07+00:00\" \/>\n<meta property=\"og:image\" content=\"https:\/\/positiveprints.com\/wp-content\/uploads\/2024\/11\/Packshot_PL_Custom-Song-Lyrics-Art-product-image-.webp\" \/>\n\t<meta property=\"og:image:width\" content=\"1450\" \/>\n\t<meta property=\"og:image:height\" content=\"1450\" \/>\n\t<meta property=\"og:image:type\" content=\"image\/webp\" \/>\n<meta name=\"twitter:card\" content=\"summary_large_image\" \/>\n<meta name=\"twitter:label1\" content=\"Szacowany czas czytania\" \/>\n\t<meta name=\"twitter:data1\" content=\"2 minuty\" \/>\n<!-- \/ Yoast SEO Premium plugin. -->","yoast_head_json":{"title":"Personalizowany Tekst Piosenki - Positive Prints","description":"Szukasz wyj\u0105tkowego i specjalnego prezentu? Personalizowany Tekst Piosenki to spersonalizowany wydruk lub p\u0142\u00f3tno, kt\u00f3re pi\u0119knie prezentuje s\u0142owa wybranej przez Ciebie piosenki.","robots":{"index":"index","follow":"follow","max-snippet":"max-snippet:-1","max-image-preview":"max-image-preview:large","max-video-preview":"max-video-preview:-1"},"canonical":"https:\/\/positiveprints.com\/pl\/produkt\/personalizowany-tekst-piosenki\/","og_locale":"pl_PL","og_type":"article","og_title":"Personalizowany Tekst Piosenki","og_description":"Spersonalizuj dodaj\u0105c tekst piosenki lub w\u0142asne s\u0142owa Wgraj zdj\u0119cie, kt\u00f3re nada projektowi indywidualny styl Uzupe\u0142nij o imiona, daty lub wyj\u0105tkow\u0105 dedykacj\u0119 Stw\u00f3rz gotowy projekt w 2 minuty Podgl\u0105d na \u017cywo pozwala dopracowa\u0107 ka\u017cdy detal","og_url":"https:\/\/positiveprints.com\/pl\/produkt\/personalizowany-tekst-piosenki\/","og_site_name":"Positive Prints","article_publisher":"https:\/\/www.facebook.com\/positiveprintscom","article_modified_time":"2026-04-23T09:46:07+00:00","og_image":[{"width":1450,"height":1450,"url":"https:\/\/positiveprints.com\/wp-content\/uploads\/2024\/11\/Packshot_PL_Custom-Song-Lyrics-Art-product-image-.webp","type":"image\/webp"}],"twitter_card":"summary_large_image","twitter_misc":{"Szacowany czas czytania":"2 minuty"},"schema":{"@context":"https:\/\/schema.org","@graph":[{"@type":["WebPage","ItemPage"],"@id":"https:\/\/positiveprints.com\/pl\/produkt\/personalizowany-tekst-piosenki\/","url":"https:\/\/positiveprints.com\/pl\/produkt\/personalizowany-tekst-piosenki\/","name":"Personalizowany Tekst Piosenki - Positive Prints","isPartOf":{"@id":"https:\/\/positiveprints.com\/pl\/#website"},"primaryImageOfPage":{"@id":"https:\/\/positiveprints.com\/pl\/produkt\/personalizowany-tekst-piosenki\/#primaryimage"},"image":{"@id":"https:\/\/positiveprints.com\/pl\/produkt\/personalizowany-tekst-piosenki\/#primaryimage"},"thumbnailUrl":"https:\/\/positiveprints.com\/wp-content\/uploads\/2024\/11\/Packshot_PL_Custom-Song-Lyrics-Art-product-image-.webp","datePublished":"2024-11-06T16:30:12+00:00","dateModified":"2026-04-23T09:46:07+00:00","description":"Szukasz wyj\u0105tkowego i specjalnego prezentu? Personalizowany Tekst Piosenki to spersonalizowany wydruk lub p\u0142\u00f3tno, kt\u00f3re pi\u0119knie prezentuje s\u0142owa wybranej przez Ciebie piosenki.","breadcrumb":{"@id":"https:\/\/positiveprints.com\/pl\/produkt\/personalizowany-tekst-piosenki\/#breadcrumb"},"inLanguage":"pl-PL","potentialAction":[{"@type":"ReadAction","target":["https:\/\/positiveprints.com\/pl\/produkt\/personalizowany-tekst-piosenki\/"]}]},{"@type":"ImageObject","inLanguage":"pl-PL","@id":"https:\/\/positiveprints.com\/pl\/produkt\/personalizowany-tekst-piosenki\/#primaryimage","url":"https:\/\/positiveprints.com\/wp-content\/uploads\/2024\/11\/Packshot_PL_Custom-Song-Lyrics-Art-product-image-.webp","contentUrl":"https:\/\/positiveprints.com\/wp-content\/uploads\/2024\/11\/Packshot_PL_Custom-Song-Lyrics-Art-product-image-.webp","width":1450,"height":1450},{"@type":"BreadcrumbList","@id":"https:\/\/positiveprints.com\/pl\/produkt\/personalizowany-tekst-piosenki\/#breadcrumb","itemListElement":[{"@type":"ListItem","position":1,"name":"Home","item":"https:\/\/positiveprints.com\/pl\/"},{"@type":"ListItem","position":2,"name":"Produkty","item":"https:\/\/positiveprints.com\/pl\/shop\/"},{"@type":"ListItem","position":3,"name":"Personalizowany Tekst Piosenki"}]},{"@type":"WebSite","@id":"https:\/\/positiveprints.com\/pl\/#website","url":"https:\/\/positiveprints.com\/pl\/","name":"Positive Prints","description":"Amazing Custom Personalized Gifts","publisher":{"@id":"https:\/\/positiveprints.com\/pl\/#organization"},"potentialAction":[{"@type":"SearchAction","target":{"@type":"EntryPoint","urlTemplate":"https:\/\/positiveprints.com\/pl\/?s={search_term_string}"},"query-input":{"@type":"PropertyValueSpecification","valueRequired":true,"valueName":"search_term_string"}}],"inLanguage":"pl-PL"},{"@type":"Organization","@id":"https:\/\/positiveprints.com\/pl\/#organization","name":"Positive Prints","alternateName":"Positive Prints","url":"https:\/\/positiveprints.com\/pl\/","logo":{"@type":"ImageObject","inLanguage":"pl-PL","@id":"https:\/\/positiveprints.com\/pl\/#\/schema\/logo\/image\/","url":"https:\/\/positiveprints.com\/wp-content\/uploads\/2026\/03\/245815646_1337939713319158_5671353136411139666_n.png","contentUrl":"https:\/\/positiveprints.com\/wp-content\/uploads\/2026\/03\/245815646_1337939713319158_5671353136411139666_n.png","width":800,"height":800,"caption":"Positive Prints"},"image":{"@id":"https:\/\/positiveprints.com\/pl\/#\/schema\/logo\/image\/"},"sameAs":["https:\/\/www.facebook.com\/positiveprintscom","https:\/\/www.instagram.com\/positiveprintscom\/","https:\/\/www.tiktok.com\/@positiveprintscom","https:\/\/www.pinterest.com\/positiveprintscom\/"]}]}},"jetpack_sharing_enabled":true,"_links":{"self":[{"href":"https:\/\/positiveprints.com\/pl\/wp-json\/wp\/v2\/product\/1272673","targetHints":{"allow":["GET"]}}],"collection":[{"href":"https:\/\/positiveprints.com\/pl\/wp-json\/wp\/v2\/product"}],"about":[{"href":"https:\/\/positiveprints.com\/pl\/wp-json\/wp\/v2\/types\/product"}],"wp:featuredmedia":[{"embeddable":true,"href":"https:\/\/positiveprints.com\/pl\/wp-json\/wp\/v2\/media\/1271480"}],"wp:attachment":[{"href":"https:\/\/positiveprints.com\/pl\/wp-json\/wp\/v2\/media?parent=1272673"}],"wp:term":[{"taxonomy":"product_brand","embeddable":true,"href":"https:\/\/positiveprints.com\/pl\/wp-json\/wp\/v2\/product_brand?post=1272673"},{"taxonomy":"product_cat","embeddable":true,"href":"https:\/\/positiveprints.com\/pl\/wp-json\/wp\/v2\/product_cat?post=1272673"},{"taxonomy":"product_tag","embeddable":true,"href":"https:\/\/positiveprints.com\/pl\/wp-json\/wp\/v2\/product_tag?post=1272673"}],"curies":[{"name":"wp","href":"https:\/\/api.w.org\/{rel}","templated":true}]}}