{"id":1272667,"date":"2024-11-06T19:52:37","date_gmt":"2024-11-06T18:52:37","guid":{"rendered":"https:\/\/positiveprints.com\/?post_type=product&#038;p=1272667"},"modified":"2026-04-12T20:01:26","modified_gmt":"2026-04-12T19:01:26","slug":"ty-i-ja-plakat-z-tekstem-piosenki","status":"publish","type":"product","link":"https:\/\/positiveprints.com\/pl\/produkt\/ty-i-ja-plakat-z-tekstem-piosenki\/","title":{"rendered":"Ty i Ja &#8211; Plakat z tekstem piosenki"},"content":{"rendered":"<p>Szukasz romantycznego prezentu dla swojej wyj\u0105tkowej osoby? Ty i Ja &#8211; Plakat z tekstem piosenki to wyj\u0105tkowy i szczery spos\u00f3b na uczczenie waszej mi\u0142o\u015bci.  Ta pi\u0119kna grafika zawiera s\u0142owa piosenki, kt\u00f3ra oznacza co\u015b wyj\u0105tkowego dla was obojga, elegancko wyeksponowane wok\u00f3\u0142 cennego zdj\u0119cia, tworz\u0105c niezapomnian\u0105 pami\u0105tk\u0119 waszego zwi\u0105zku.<\/p>\r\n\r\n<h2>Stw\u00f3rz w\u0142asny Plakat z tekstem wyj\u0105tkowej dla Was piosenki<\/h2>\r\n\r\n<p>Zacznij od odwiedzenia naszego edytora online, w kt\u00f3rym mo\u017cesz \u0142atwo przes\u0142a\u0107 zdj\u0119cie, kt\u00f3re ma szczeg\u00f3lne znaczenie. Wybierz t\u0142o z naszej oferty lub stw\u00f3rz w\u0142asne, aby wzbogaci\u0107 zdj\u0119cie i tekst piosenki. Nast\u0119pnie wprowad\u017a s\u0142owa swojej wyj\u0105tkowej piosenki i dodaj osobist\u0105 wiadomo\u015b\u0107, aby nada\u0107 jej jeszcze wi\u0119ksze znaczenie.  <\/p>\r\n\r\n<p>Wybierz format, kt\u00f3ry najlepiej pasuje do Twojego stylu. Oferujemy r\u00f3\u017cne opcje, w tym drukowane lub oprawione plakaty, wydruki na p\u0142\u00f3tnie i pliki cyfrowe do pobrania. Ka\u017cdy projekt jest tworzony wed\u0142ug Twoich wytycznych, dzi\u0119ki czemu mo\u017cesz mie\u0107 pewno\u015b\u0107, \u017ce b\u0119dzie on wyj\u0105tkowym i cennym prezentem.  <\/p>\r\n\r\n<h2>Idealny romantyczny prezent<\/h2>\r\n\r\n<p>Nasz wyj\u0105tkowy produkt &#8211; Plakat z tekstem piosenki to idealny romantyczny prezent dla niej lub dla niego. Niezale\u017cnie od tego, czy jest to rocznica, urodziny, Walentynki, czy po prostu okazanie troski, ta grafika to pi\u0119kny spos\u00f3b na uczczenie waszej mi\u0142o\u015bci i wsp\u00f3lnych chwil. Jest idealna dla par, kt\u00f3re chc\u0105 zapami\u0119ta\u0107 specjaln\u0105 piosenk\u0119 i cenne zdj\u0119cie, kt\u00f3re reprezentuje ich zwi\u0105zek.  <\/p>\r\n\r\n<h2>Zacznij personalizowa\u0107 sw\u00f3j prezent ju\u017c dzi\u015b<\/h2>\r\n\r\n<p>Chcesz stworzy\u0107 wyj\u0105tkowy i romantyczny prezent? Zacznij personalizowa\u0107 Ty i Ja &#8211; Plakat z tekstem piosenki ju\u017c dzi\u015b. Odwied\u017a nasz edytor online, aby przes\u0142a\u0107 zdj\u0119cie, wybra\u0107 t\u0142o, wybra\u0107 piosenk\u0119 i doda\u0107 osobist\u0105 wiadomo\u015b\u0107. Wybierz format, kt\u00f3ry pasuje do Twojego stylu i gotowe!   <\/p>\r\n\r\n<p>Zam\u00f3w ju\u017c teraz spersonalizowany plakat z tekstem wyj\u0105tkowej piosenki i podaruj prezent, kt\u00f3ry b\u0119dzie piel\u0119gnowa\u0142 wspomnienia na zawsze.<\/p>","protected":false},"excerpt":{"rendered":"<ul class=\"check-list\">\n<li>Spersonalizuj dodaj\u0105c tekst piosenki, przysi\u0119g\u0119 \u015blubn\u0105 lub w\u0142asne s\u0142owa<\/li>\n<li>Wgraj zdj\u0119cie, kt\u00f3re nada projektowi indywidualny styl<\/li>\n<li>Uzupe\u0142nij o imiona, daty lub wyj\u0105tkow\u0105 dedykacj\u0119<\/li>\n<li>Stw\u00f3rz gotowy projekt w 2 minuty<\/li>\n<li>Podgl\u0105d na \u017cywo pozwala dopracowa\u0107 ka\u017cdy detal<\/li>\n<\/ul>\n","protected":false},"featured_media":1265646,"template":"","meta":[],"product_brand":[],"product_cat":[11539,11542,11543,11540,11544,11541,11604,9279,11407,7690,8010,12142,8978,11185,11184,11186,11240,11239,11209,5333,5271,3120,99],"product_tag":[14975,14970,14973,14981,14959,14960,14957,14962,9410,12094,9730,14980,12095,11770,14170,14977,14174,14979,14983,12068,12069,14968,14984,14972,14982,14964,14976],"class_list":{"0":"post-1272667","1":"product","2":"type-product","3":"status-publish","4":"has-post-thumbnail","6":"product_cat-1-rocznica","7":"product_cat-10-rocznica","8":"product_cat-15-rocznica","9":"product_cat-2-rocznica","10":"product_cat-20-rocznica","11":"product_cat-5-rocznica","12":"product_cat-50-rocznica","13":"product_cat-bestsellers-label-pl","14":"product_cat-prezenty-pod-choinke-dla-dziewczyny","15":"product_cat-prezent-dla-kobiety","16":"product_cat-prezent-dla-mezczyzny","17":"product_cat-lyrics-pl","18":"product_cat-nowosci","19":"product_cat-prezenty-na-rocznice-dla-niego","20":"product_cat-prezenty-na-rocznice-dla-niej","21":"product_cat-prezenty-na-rocznice-dla-pary","22":"product_cat-prezenty-na-walentynki-dla-niego","23":"product_cat-prezenty-na-walentynki-dla-niej","24":"product_cat-prezenty-urodzinowe-dla-niej","25":"product_cat-prezent-na-rocznice","26":"product_cat-prezent-na-boze-narodzenie","27":"product_cat-prezent-na-walentynki","28":"product_cat-wszystkie-produkty","29":"product_tag-anniversary-pl","30":"product_tag-anniversary-gift-pl","31":"product_tag-anniversary-gifts-pl","32":"product_tag-anniversary-present-pl","33":"product_tag-couple-gift-pl","34":"product_tag-gift-for-couple-pl","35":"product_tag-love-pl","36":"product_tag-love-gift-pl","37":"product_tag-muzyczny","38":"product_tag-nasza-piosenka","39":"product_tag-pary","40":"product_tag-personalized-gift-pl","41":"product_tag-piosenka","42":"product_tag-prezenty-pod-choinke-dla-dziewczyny","43":"product_tag-rocznicowy-prezent-dla-pary","44":"product_tag-romantic-gifts-pl","45":"product_tag-romantyczny-prezent","46":"product_tag-sentimental-gift-pl","47":"product_tag-special-occasion-pl","48":"product_tag-tekst-piosenki","49":"product_tag-teksty-piosenek","50":"product_tag-thoughtful-gift-pl","51":"product_tag-unique-gift-pl","52":"product_tag-valentines-day-gifts-pl","53":"product_tag-valentines-day-pl","54":"product_tag-valentines-day-gift-pl","55":"product_tag-wedding-anniversary-pl","57":"first","58":"instock","59":"sale","60":"taxable","61":"shipping-taxable","62":"purchasable","63":"product-type-variable"},"yoast_head":"<!-- This site is optimized with the Yoast SEO Premium plugin v27.2 (Yoast SEO v27.2) - https:\/\/yoast.com\/product\/yoast-seo-premium-wordpress\/ -->\n<title>Ty i Ja - Plakat ze tekstem piosenki - Positive Prints<\/title>\n<meta name=\"description\" content=\"Szukasz romantycznego prezentu dla swojej wyj\u0105tkowej osoby? Ty i Ja - Plakat z tekstem piosenki to wyj\u0105tkowy i szczery spos\u00f3b na uczczenie waszej mi\u0142o\u015bci.\" \/>\n<meta name=\"robots\" content=\"index, follow, max-snippet:-1, max-image-preview:large, max-video-preview:-1\" \/>\n<link rel=\"canonical\" href=\"https:\/\/positiveprints.com\/pl\/produkt\/ty-i-ja-plakat-z-tekstem-piosenki\/\" \/>\n<meta property=\"og:locale\" content=\"pl_PL\" \/>\n<meta property=\"og:type\" content=\"article\" \/>\n<meta property=\"og:title\" content=\"Ty i Ja - Plakat z tekstem piosenki\" \/>\n<meta property=\"og:description\" content=\"Spersonalizuj dodaj\u0105c tekst piosenki, przysi\u0119g\u0119 \u015blubn\u0105 lub w\u0142asne s\u0142owa Wgraj zdj\u0119cie, kt\u00f3re nada projektowi indywidualny styl Uzupe\u0142nij o imiona, daty lub wyj\u0105tkow\u0105 dedykacj\u0119 Stw\u00f3rz gotowy projekt w 2 minuty Podgl\u0105d na \u017cywo pozwala dopracowa\u0107 ka\u017cdy detal\" \/>\n<meta property=\"og:url\" content=\"https:\/\/positiveprints.com\/pl\/produkt\/ty-i-ja-plakat-z-tekstem-piosenki\/\" \/>\n<meta property=\"og:site_name\" content=\"Positive Prints\" \/>\n<meta property=\"article:publisher\" content=\"https:\/\/www.facebook.com\/positiveprintscom\" \/>\n<meta property=\"article:modified_time\" content=\"2026-04-12T19:01:26+00:00\" \/>\n<meta property=\"og:image\" content=\"https:\/\/positiveprints.com\/wp-content\/uploads\/2024\/11\/PL_PACKSHOT_Our-Special-Song-with-Photo-product-image-.webp\" \/>\n\t<meta property=\"og:image:width\" content=\"1450\" \/>\n\t<meta property=\"og:image:height\" content=\"1450\" \/>\n\t<meta property=\"og:image:type\" content=\"image\/webp\" \/>\n<meta name=\"twitter:card\" content=\"summary_large_image\" \/>\n<meta name=\"twitter:label1\" content=\"Szacowany czas czytania\" \/>\n\t<meta name=\"twitter:data1\" content=\"2 minuty\" \/>\n<!-- \/ Yoast SEO Premium plugin. -->","yoast_head_json":{"title":"Ty i Ja - Plakat ze tekstem piosenki - Positive Prints","description":"Szukasz romantycznego prezentu dla swojej wyj\u0105tkowej osoby? Ty i Ja - Plakat z tekstem piosenki to wyj\u0105tkowy i szczery spos\u00f3b na uczczenie waszej mi\u0142o\u015bci.","robots":{"index":"index","follow":"follow","max-snippet":"max-snippet:-1","max-image-preview":"max-image-preview:large","max-video-preview":"max-video-preview:-1"},"canonical":"https:\/\/positiveprints.com\/pl\/produkt\/ty-i-ja-plakat-z-tekstem-piosenki\/","og_locale":"pl_PL","og_type":"article","og_title":"Ty i Ja - Plakat z tekstem piosenki","og_description":"Spersonalizuj dodaj\u0105c tekst piosenki, przysi\u0119g\u0119 \u015blubn\u0105 lub w\u0142asne s\u0142owa Wgraj zdj\u0119cie, kt\u00f3re nada projektowi indywidualny styl Uzupe\u0142nij o imiona, daty lub wyj\u0105tkow\u0105 dedykacj\u0119 Stw\u00f3rz gotowy projekt w 2 minuty Podgl\u0105d na \u017cywo pozwala dopracowa\u0107 ka\u017cdy detal","og_url":"https:\/\/positiveprints.com\/pl\/produkt\/ty-i-ja-plakat-z-tekstem-piosenki\/","og_site_name":"Positive Prints","article_publisher":"https:\/\/www.facebook.com\/positiveprintscom","article_modified_time":"2026-04-12T19:01:26+00:00","og_image":[{"width":1450,"height":1450,"url":"https:\/\/positiveprints.com\/wp-content\/uploads\/2024\/11\/PL_PACKSHOT_Our-Special-Song-with-Photo-product-image-.webp","type":"image\/webp"}],"twitter_card":"summary_large_image","twitter_misc":{"Szacowany czas czytania":"2 minuty"},"schema":{"@context":"https:\/\/schema.org","@graph":[{"@type":["WebPage","ItemPage"],"@id":"https:\/\/positiveprints.com\/pl\/produkt\/ty-i-ja-plakat-z-tekstem-piosenki\/","url":"https:\/\/positiveprints.com\/pl\/produkt\/ty-i-ja-plakat-z-tekstem-piosenki\/","name":"Ty i Ja - Plakat ze tekstem piosenki - Positive Prints","isPartOf":{"@id":"https:\/\/positiveprints.com\/pl\/#website"},"primaryImageOfPage":{"@id":"https:\/\/positiveprints.com\/pl\/produkt\/ty-i-ja-plakat-z-tekstem-piosenki\/#primaryimage"},"image":{"@id":"https:\/\/positiveprints.com\/pl\/produkt\/ty-i-ja-plakat-z-tekstem-piosenki\/#primaryimage"},"thumbnailUrl":"https:\/\/positiveprints.com\/wp-content\/uploads\/2024\/11\/PL_PACKSHOT_Our-Special-Song-with-Photo-product-image-.webp","datePublished":"2024-11-06T18:52:37+00:00","dateModified":"2026-04-12T19:01:26+00:00","description":"Szukasz romantycznego prezentu dla swojej wyj\u0105tkowej osoby? Ty i Ja - Plakat z tekstem piosenki to wyj\u0105tkowy i szczery spos\u00f3b na uczczenie waszej mi\u0142o\u015bci.","breadcrumb":{"@id":"https:\/\/positiveprints.com\/pl\/produkt\/ty-i-ja-plakat-z-tekstem-piosenki\/#breadcrumb"},"inLanguage":"pl-PL","potentialAction":[{"@type":"ReadAction","target":["https:\/\/positiveprints.com\/pl\/produkt\/ty-i-ja-plakat-z-tekstem-piosenki\/"]}]},{"@type":"ImageObject","inLanguage":"pl-PL","@id":"https:\/\/positiveprints.com\/pl\/produkt\/ty-i-ja-plakat-z-tekstem-piosenki\/#primaryimage","url":"https:\/\/positiveprints.com\/wp-content\/uploads\/2024\/11\/PL_PACKSHOT_Our-Special-Song-with-Photo-product-image-.webp","contentUrl":"https:\/\/positiveprints.com\/wp-content\/uploads\/2024\/11\/PL_PACKSHOT_Our-Special-Song-with-Photo-product-image-.webp","width":1450,"height":1450},{"@type":"BreadcrumbList","@id":"https:\/\/positiveprints.com\/pl\/produkt\/ty-i-ja-plakat-z-tekstem-piosenki\/#breadcrumb","itemListElement":[{"@type":"ListItem","position":1,"name":"Home","item":"https:\/\/positiveprints.com\/pl\/"},{"@type":"ListItem","position":2,"name":"Produkty","item":"https:\/\/positiveprints.com\/pl\/shop\/"},{"@type":"ListItem","position":3,"name":"Ty i Ja &#8211; Plakat z tekstem piosenki"}]},{"@type":"WebSite","@id":"https:\/\/positiveprints.com\/pl\/#website","url":"https:\/\/positiveprints.com\/pl\/","name":"Positive Prints","description":"Amazing Custom Personalized Gifts","publisher":{"@id":"https:\/\/positiveprints.com\/pl\/#organization"},"potentialAction":[{"@type":"SearchAction","target":{"@type":"EntryPoint","urlTemplate":"https:\/\/positiveprints.com\/pl\/?s={search_term_string}"},"query-input":{"@type":"PropertyValueSpecification","valueRequired":true,"valueName":"search_term_string"}}],"inLanguage":"pl-PL"},{"@type":"Organization","@id":"https:\/\/positiveprints.com\/pl\/#organization","name":"Positive Prints","alternateName":"Positive Prints","url":"https:\/\/positiveprints.com\/pl\/","logo":{"@type":"ImageObject","inLanguage":"pl-PL","@id":"https:\/\/positiveprints.com\/pl\/#\/schema\/logo\/image\/","url":"https:\/\/positiveprints.com\/wp-content\/uploads\/2026\/03\/245815646_1337939713319158_5671353136411139666_n.png","contentUrl":"https:\/\/positiveprints.com\/wp-content\/uploads\/2026\/03\/245815646_1337939713319158_5671353136411139666_n.png","width":800,"height":800,"caption":"Positive Prints"},"image":{"@id":"https:\/\/positiveprints.com\/pl\/#\/schema\/logo\/image\/"},"sameAs":["https:\/\/www.facebook.com\/positiveprintscom","https:\/\/www.instagram.com\/positiveprintscom\/","https:\/\/www.tiktok.com\/@positiveprintscom","https:\/\/www.pinterest.com\/positiveprintscom\/"]}]}},"jetpack_sharing_enabled":true,"_links":{"self":[{"href":"https:\/\/positiveprints.com\/pl\/wp-json\/wp\/v2\/product\/1272667","targetHints":{"allow":["GET"]}}],"collection":[{"href":"https:\/\/positiveprints.com\/pl\/wp-json\/wp\/v2\/product"}],"about":[{"href":"https:\/\/positiveprints.com\/pl\/wp-json\/wp\/v2\/types\/product"}],"wp:featuredmedia":[{"embeddable":true,"href":"https:\/\/positiveprints.com\/pl\/wp-json\/wp\/v2\/media\/1265646"}],"wp:attachment":[{"href":"https:\/\/positiveprints.com\/pl\/wp-json\/wp\/v2\/media?parent=1272667"}],"wp:term":[{"taxonomy":"product_brand","embeddable":true,"href":"https:\/\/positiveprints.com\/pl\/wp-json\/wp\/v2\/product_brand?post=1272667"},{"taxonomy":"product_cat","embeddable":true,"href":"https:\/\/positiveprints.com\/pl\/wp-json\/wp\/v2\/product_cat?post=1272667"},{"taxonomy":"product_tag","embeddable":true,"href":"https:\/\/positiveprints.com\/pl\/wp-json\/wp\/v2\/product_tag?post=1272667"}],"curies":[{"name":"wp","href":"https:\/\/api.w.org\/{rel}","templated":true}]}}