{"id":1272645,"date":"2024-11-06T19:43:10","date_gmt":"2024-11-06T18:43:10","guid":{"rendered":"https:\/\/positiveprints.com\/?post_type=product&#038;p=1272645"},"modified":"2026-04-28T13:34:07","modified_gmt":"2026-04-28T12:34:07","slug":"przysiega-slubna-ze-zdjeciem","status":"publish","type":"product","link":"https:\/\/positiveprints.com\/pl\/produkt\/przysiega-slubna-ze-zdjeciem\/","title":{"rendered":"Przysi\u0119ga \u015blubna ze zdj\u0119ciem"},"content":{"rendered":"<p>Szukasz wyj\u0105tkowego sposobu na upami\u0119tnienie dnia \u015blubu? Nasza Przysi\u0119ga \u015blubna ze zdj\u0119ciem to idealny spos\u00f3b na uczczenie waszej mi\u0142o\u015bci i zaanga\u017cowania.  Na tej pi\u0119knej grafice znajduje si\u0119 Twoja w\u0142asna przysi\u0119ga \u015blubna elegancko zapisana wok\u00f3\u0142 cennego zdj\u0119cia, tworz\u0105c ponadczasow\u0105 pami\u0105tk\u0119 z Twojego wyj\u0105tkowego dnia.<\/p>\r\n\r\n<h2>Stw\u00f3rz w\u0142asn\u0105 Przysi\u0119g\u0119 \u015blubn\u0105 ze zdj\u0119ciem<\/h2>\r\n\r\n<p>Zacznij od odwiedzenia naszego edytora online, w kt\u00f3rym mo\u017cesz \u0142atwo przes\u0142a\u0107 zdj\u0119cie, kt\u00f3re ma dla Ciebie szczeg\u00f3lne znaczenie. Wybierz t\u0142o z naszej wyselekcjonowanej oferty lub stw\u00f3rz w\u0142asne, aby wzbogaci\u0107 zdj\u0119cie i przysi\u0119g\u0119. Nast\u0119pnie wprowad\u017a swoj\u0105 przysi\u0119g\u0119 \u015blubn\u0105 i dodaj spersonalizowan\u0105 wiadomo\u015b\u0107, aby uczyni\u0107 plakat jeszcze bardziej wyj\u0105tkowym.  <\/p>\r\n\r\n<p>Wybierz format, kt\u00f3ry najlepiej odpowiada Twojemu stylowi i potrzebom. Oferujemy r\u00f3\u017cne opcje, w tym drukowane lub oprawione wydruki plakat\u00f3w, nadruki na p\u0142\u00f3tnie i pliki cyfrowe do natychmiastowego pobrania. Ka\u017cdy projekt jest wykonany specjalnie dla Ciebie, dzi\u0119ki czemu Twoje dzie\u0142o b\u0119dzie wyj\u0105tkow\u0105 i cenn\u0105 pami\u0105tk\u0105.  <\/p>\r\n\r\n<h2>Idealny spos\u00f3b na uczczenie dnia \u015blubu<\/h2>\r\n\r\n<p>Przysi\u0119ga \u015blubna ze zdj\u0119ciem jest idealnym prezentem na ka\u017cd\u0105 specjaln\u0105 okazj\u0119. Niezale\u017cnie od tego, czy jest to \u015blub, rocznica, czy po prostu gest mi\u0142o\u015bci, ta grafika jest znacz\u0105cym sposobem na uczczenie i upami\u0119tnienie obietnic, kt\u00f3re sobie z\u0142o\u017cyli\u015bcie. Jest to idealne rozwi\u0105zanie dla par, kt\u00f3re chc\u0105 zapami\u0119ta\u0107 dzie\u0144 swojego \u015blubu i specjalne przysi\u0119gi, kt\u00f3re wyznaczy\u0142y pocz\u0105tek ich wsp\u00f3lnej podr\u00f3\u017cy.  <\/p>\r\n\r\n<h2>Zacznij tworzy\u0107 swoje wspomnienia \u015blubne ju\u017c dzi\u015b<\/h2>\r\n\r\n<p>Chcesz stworzy\u0107 wyj\u0105tkow\u0105 i niezapomnian\u0105 pami\u0105tk\u0119? Ju\u017c dzi\u015b zacznij personalizowa\u0107 swoj\u0105 Przysi\u0119g\u0119 \u015blubn\u0105 ze zdj\u0119ciem. Odwied\u017a nasz edytor online, aby przes\u0142a\u0107 zdj\u0119cie, wybra\u0107 t\u0142o, wpisa\u0107 przysi\u0119g\u0119 \u015blubn\u0105 i doda\u0107 spersonalizowan\u0105 wiadomo\u015b\u0107. Wybierz format, kt\u00f3ry pasuje do Twojego stylu i gotowe!   <\/p>\r\n\r\n<p>Zam\u00f3w spersonalizowan\u0105 Przysi\u0119g\u0119 \u015blubn\u0105 ze zdj\u0119ciem ju\u017c teraz i stw\u00f3rz trwa\u0142\u0105 pami\u0105tk\u0119 swojego wyj\u0105tkowego dnia.<\/p>","protected":false},"excerpt":{"rendered":"<ul class=\"check-list\">\n<li>Spersonalizuj dodaj\u0105c tekst piosenki, przysi\u0119g\u0119 \u015blubn\u0105 lub w\u0142asne s\u0142owa<\/li>\n<li>Wgraj zdj\u0119cie, kt\u00f3re nada projektowi indywidualny styl<\/li>\n<li>Uzupe\u0142nij o imiona, daty lub wyj\u0105tkow\u0105 dedykacj\u0119<\/li>\n<li>Stw\u00f3rz gotowy projekt w 2 minuty<\/li>\n<li>Podgl\u0105d na \u017cywo pozwala dopracowa\u0107 ka\u017cdy detal<\/li>\n<\/ul>\n","protected":false},"featured_media":1260903,"template":"","meta":[],"product_brand":[],"product_cat":[12142,99,11539,11184,11185,3125],"product_tag":[14975,12095,12068,12069,16280,14976],"class_list":{"0":"post-1272645","1":"product","2":"type-product","3":"status-publish","4":"has-post-thumbnail","6":"product_cat-lyrics-pl","7":"product_cat-wszystkie-produkty","8":"product_cat-1-rocznica","9":"product_cat-prezenty-na-rocznice-dla-niej","10":"product_cat-prezenty-na-rocznice-dla-niego","11":"product_cat-prezent-na-slub","12":"product_tag-anniversary-pl","13":"product_tag-piosenka","14":"product_tag-tekst-piosenki","15":"product_tag-teksty-piosenek","16":"product_tag-wedding-pl-2","17":"product_tag-wedding-anniversary-pl","19":"first","20":"instock","21":"sale","22":"taxable","23":"shipping-taxable","24":"purchasable","25":"product-type-variable"},"yoast_head":"<!-- This site is optimized with the Yoast SEO Premium plugin v27.2 (Yoast SEO v27.2) - https:\/\/yoast.com\/product\/yoast-seo-premium-wordpress\/ -->\n<title>Przysi\u0119ga \u015blubna ze zdj\u0119ciem - Positive Prints<\/title>\n<meta name=\"description\" content=\"Szukasz wyj\u0105tkowego sposobu na upami\u0119tnienie dnia \u015blubu? Nasza Przysi\u0119ga \u015blubna ze zdj\u0119ciem to idealny spos\u00f3b na uczczenie waszej mi\u0142o\u015bci i zaanga\u017cowania.\" \/>\n<meta name=\"robots\" content=\"index, follow, max-snippet:-1, max-image-preview:large, max-video-preview:-1\" \/>\n<link rel=\"canonical\" href=\"https:\/\/positiveprints.com\/pl\/produkt\/przysiega-slubna-ze-zdjeciem\/\" \/>\n<meta property=\"og:locale\" content=\"pl_PL\" \/>\n<meta property=\"og:type\" content=\"article\" \/>\n<meta property=\"og:title\" content=\"Przysi\u0119ga \u015blubna ze zdj\u0119ciem\" \/>\n<meta property=\"og:description\" content=\"Spersonalizuj dodaj\u0105c tekst piosenki, przysi\u0119g\u0119 \u015blubn\u0105 lub w\u0142asne s\u0142owa Wgraj zdj\u0119cie, kt\u00f3re nada projektowi indywidualny styl Uzupe\u0142nij o imiona, daty lub wyj\u0105tkow\u0105 dedykacj\u0119 Stw\u00f3rz gotowy projekt w 2 minuty Podgl\u0105d na \u017cywo pozwala dopracowa\u0107 ka\u017cdy detal\" \/>\n<meta property=\"og:url\" content=\"https:\/\/positiveprints.com\/pl\/produkt\/przysiega-slubna-ze-zdjeciem\/\" \/>\n<meta property=\"og:site_name\" content=\"Positive Prints\" \/>\n<meta property=\"article:publisher\" content=\"https:\/\/www.facebook.com\/positiveprintscom\" \/>\n<meta property=\"article:modified_time\" content=\"2026-04-28T12:34:07+00:00\" \/>\n<meta property=\"og:image\" content=\"https:\/\/positiveprints.com\/wp-content\/uploads\/2024\/11\/PL_PACKSHOT_Wedding-Vows-Art-with-Photo-product-image-.webp\" \/>\n\t<meta property=\"og:image:width\" content=\"1450\" \/>\n\t<meta property=\"og:image:height\" content=\"1450\" \/>\n\t<meta property=\"og:image:type\" content=\"image\/webp\" \/>\n<meta name=\"twitter:card\" content=\"summary_large_image\" \/>\n<!-- \/ Yoast SEO Premium plugin. -->","yoast_head_json":{"title":"Przysi\u0119ga \u015blubna ze zdj\u0119ciem - Positive Prints","description":"Szukasz wyj\u0105tkowego sposobu na upami\u0119tnienie dnia \u015blubu? Nasza Przysi\u0119ga \u015blubna ze zdj\u0119ciem to idealny spos\u00f3b na uczczenie waszej mi\u0142o\u015bci i zaanga\u017cowania.","robots":{"index":"index","follow":"follow","max-snippet":"max-snippet:-1","max-image-preview":"max-image-preview:large","max-video-preview":"max-video-preview:-1"},"canonical":"https:\/\/positiveprints.com\/pl\/produkt\/przysiega-slubna-ze-zdjeciem\/","og_locale":"pl_PL","og_type":"article","og_title":"Przysi\u0119ga \u015blubna ze zdj\u0119ciem","og_description":"Spersonalizuj dodaj\u0105c tekst piosenki, przysi\u0119g\u0119 \u015blubn\u0105 lub w\u0142asne s\u0142owa Wgraj zdj\u0119cie, kt\u00f3re nada projektowi indywidualny styl Uzupe\u0142nij o imiona, daty lub wyj\u0105tkow\u0105 dedykacj\u0119 Stw\u00f3rz gotowy projekt w 2 minuty Podgl\u0105d na \u017cywo pozwala dopracowa\u0107 ka\u017cdy detal","og_url":"https:\/\/positiveprints.com\/pl\/produkt\/przysiega-slubna-ze-zdjeciem\/","og_site_name":"Positive Prints","article_publisher":"https:\/\/www.facebook.com\/positiveprintscom","article_modified_time":"2026-04-28T12:34:07+00:00","og_image":[{"width":1450,"height":1450,"url":"https:\/\/positiveprints.com\/wp-content\/uploads\/2024\/11\/PL_PACKSHOT_Wedding-Vows-Art-with-Photo-product-image-.webp","type":"image\/webp"}],"twitter_card":"summary_large_image","schema":{"@context":"https:\/\/schema.org","@graph":[{"@type":["WebPage","ItemPage"],"@id":"https:\/\/positiveprints.com\/pl\/produkt\/przysiega-slubna-ze-zdjeciem\/","url":"https:\/\/positiveprints.com\/pl\/produkt\/przysiega-slubna-ze-zdjeciem\/","name":"Przysi\u0119ga \u015blubna ze zdj\u0119ciem - Positive Prints","isPartOf":{"@id":"https:\/\/positiveprints.com\/pl\/#website"},"primaryImageOfPage":{"@id":"https:\/\/positiveprints.com\/pl\/produkt\/przysiega-slubna-ze-zdjeciem\/#primaryimage"},"image":{"@id":"https:\/\/positiveprints.com\/pl\/produkt\/przysiega-slubna-ze-zdjeciem\/#primaryimage"},"thumbnailUrl":"https:\/\/positiveprints.com\/wp-content\/uploads\/2024\/11\/PL_PACKSHOT_Wedding-Vows-Art-with-Photo-product-image-.webp","datePublished":"2024-11-06T18:43:10+00:00","dateModified":"2026-04-28T12:34:07+00:00","description":"Szukasz wyj\u0105tkowego sposobu na upami\u0119tnienie dnia \u015blubu? Nasza Przysi\u0119ga \u015blubna ze zdj\u0119ciem to idealny spos\u00f3b na uczczenie waszej mi\u0142o\u015bci i zaanga\u017cowania.","breadcrumb":{"@id":"https:\/\/positiveprints.com\/pl\/produkt\/przysiega-slubna-ze-zdjeciem\/#breadcrumb"},"inLanguage":"pl-PL","potentialAction":[{"@type":"ReadAction","target":["https:\/\/positiveprints.com\/pl\/produkt\/przysiega-slubna-ze-zdjeciem\/"]}]},{"@type":"ImageObject","inLanguage":"pl-PL","@id":"https:\/\/positiveprints.com\/pl\/produkt\/przysiega-slubna-ze-zdjeciem\/#primaryimage","url":"https:\/\/positiveprints.com\/wp-content\/uploads\/2024\/11\/PL_PACKSHOT_Wedding-Vows-Art-with-Photo-product-image-.webp","contentUrl":"https:\/\/positiveprints.com\/wp-content\/uploads\/2024\/11\/PL_PACKSHOT_Wedding-Vows-Art-with-Photo-product-image-.webp","width":1450,"height":1450,"caption":"PL_PACKSHOT_Wedding Vows Art with Photo product image"},{"@type":"BreadcrumbList","@id":"https:\/\/positiveprints.com\/pl\/produkt\/przysiega-slubna-ze-zdjeciem\/#breadcrumb","itemListElement":[{"@type":"ListItem","position":1,"name":"Home","item":"https:\/\/positiveprints.com\/pl\/"},{"@type":"ListItem","position":2,"name":"Produkty","item":"https:\/\/positiveprints.com\/pl\/shop\/"},{"@type":"ListItem","position":3,"name":"Przysi\u0119ga \u015blubna ze zdj\u0119ciem"}]},{"@type":"WebSite","@id":"https:\/\/positiveprints.com\/pl\/#website","url":"https:\/\/positiveprints.com\/pl\/","name":"Positive Prints","description":"Amazing Custom Personalized Gifts","publisher":{"@id":"https:\/\/positiveprints.com\/pl\/#organization"},"potentialAction":[{"@type":"SearchAction","target":{"@type":"EntryPoint","urlTemplate":"https:\/\/positiveprints.com\/pl\/?s={search_term_string}"},"query-input":{"@type":"PropertyValueSpecification","valueRequired":true,"valueName":"search_term_string"}}],"inLanguage":"pl-PL"},{"@type":"Organization","@id":"https:\/\/positiveprints.com\/pl\/#organization","name":"Positive Prints","alternateName":"Positive Prints","url":"https:\/\/positiveprints.com\/pl\/","logo":{"@type":"ImageObject","inLanguage":"pl-PL","@id":"https:\/\/positiveprints.com\/pl\/#\/schema\/logo\/image\/","url":"https:\/\/positiveprints.com\/wp-content\/uploads\/2026\/03\/245815646_1337939713319158_5671353136411139666_n.png","contentUrl":"https:\/\/positiveprints.com\/wp-content\/uploads\/2026\/03\/245815646_1337939713319158_5671353136411139666_n.png","width":800,"height":800,"caption":"Positive Prints"},"image":{"@id":"https:\/\/positiveprints.com\/pl\/#\/schema\/logo\/image\/"},"sameAs":["https:\/\/www.facebook.com\/positiveprintscom","https:\/\/www.instagram.com\/positiveprintscom\/","https:\/\/www.tiktok.com\/@positiveprintscom","https:\/\/www.pinterest.com\/positiveprintscom\/"]}]}},"jetpack_sharing_enabled":true,"_links":{"self":[{"href":"https:\/\/positiveprints.com\/pl\/wp-json\/wp\/v2\/product\/1272645","targetHints":{"allow":["GET"]}}],"collection":[{"href":"https:\/\/positiveprints.com\/pl\/wp-json\/wp\/v2\/product"}],"about":[{"href":"https:\/\/positiveprints.com\/pl\/wp-json\/wp\/v2\/types\/product"}],"wp:featuredmedia":[{"embeddable":true,"href":"https:\/\/positiveprints.com\/pl\/wp-json\/wp\/v2\/media\/1260903"}],"wp:attachment":[{"href":"https:\/\/positiveprints.com\/pl\/wp-json\/wp\/v2\/media?parent=1272645"}],"wp:term":[{"taxonomy":"product_brand","embeddable":true,"href":"https:\/\/positiveprints.com\/pl\/wp-json\/wp\/v2\/product_brand?post=1272645"},{"taxonomy":"product_cat","embeddable":true,"href":"https:\/\/positiveprints.com\/pl\/wp-json\/wp\/v2\/product_cat?post=1272645"},{"taxonomy":"product_tag","embeddable":true,"href":"https:\/\/positiveprints.com\/pl\/wp-json\/wp\/v2\/product_tag?post=1272645"}],"curies":[{"name":"wp","href":"https:\/\/api.w.org\/{rel}","templated":true}]}}