{"id":1259646,"date":"2024-11-06T17:42:52","date_gmt":"2024-11-06T16:42:52","guid":{"rendered":"https:\/\/positiveprints.com\/?post_type=product&#038;p=1259646"},"modified":"2026-04-18T03:18:01","modified_gmt":"2026-04-18T02:18:01","slug":"pierwszy-taniec-ze-zdjeciem","status":"publish","type":"product","link":"https:\/\/positiveprints.com\/pl\/produkt\/pierwszy-taniec-ze-zdjeciem\/","title":{"rendered":"Pierwszy Taniec ze Zdj\u0119ciem"},"content":{"rendered":"<p>Szukasz idealnego prezentu na rocznic\u0119? Nasz plakat Pierwszy Taniec ze Zdj\u0119ciem to wyj\u0105tkowy i niepowtarzalny spos\u00f3b na upami\u0119tnienie \u015blubu. To pi\u0119kne dzie\u0142o zawiera s\u0142owa piosenki z pierwszego ta\u0144ca wy\u015bwietlane wok\u00f3\u0142 ulubionego zdj\u0119cia ze \u015blubu lub innego wyj\u0105tkowego momentu, tworz\u0105c trwa\u0142e wspomnienie Waszej historii mi\u0142osnej.\r\n\r\n<h2>Stw\u00f3rz w\u0142asny plakat Pierwszy Taniec ze Zdj\u0119ciem<\/h2>\r\n\r\n<p>Zacznij od odwiedzenia naszego kreatora online, w kt\u00f3rym mo\u017cesz \u0142atwo przes\u0142a\u0107 zdj\u0119cie, kt\u00f3re ma dla Ciebie znaczenie. Wybierz t\u0142o z naszej listy lub stw\u00f3rz w\u0142asne, pasuj\u0105ce do zdj\u0119cia i tekstu piosenki. Nast\u0119pnie wprowad\u017a tekst piosenki z pierwszego ta\u0144ca i dodaj osobist\u0105 wiadomo\u015b\u0107, aby uczyni\u0107 go jeszcze bardziej wyj\u0105tkowym.\r\n\r\n<p>Wybierz format, kt\u00f3ry najlepiej pasuje do Twojego stylu. Oferujemy r\u00f3\u017cne opcje, w tym drukowane lub oprawione plakaty, p\u0142\u00f3tna i cyfrowe pliki do natychmiastowego pobrania. Ka\u017cde dzie\u0142o jest wykonane specjalnie dla Ciebie, zapewniaj\u0105c, \u017ce b\u0119dzie to wyj\u0105tkowy i cenny prezent.<\/p>\r\n\r\n<h2>Idealny prezent na rocznic\u0119<\/h2>\r\n\r\n<p> Pierwszy Taniec ze Zdj\u0119ciem to idealny prezent na rocznic\u0119. Niezale\u017cnie od tego, czy \u015bwi\u0119tujesz sw\u00f3j pierwszy rok razem, czy wa\u017cny moment, ta grafika jest wspania\u0142ym sposobem na uhonorowanie Waszej mi\u0142o\u015bci i wsp\u00f3lnych wspomnie\u0144. Jest idealny dla par, kt\u00f3re chc\u0105 pami\u0119ta\u0107 dzie\u0144 swojego \u015blubu i specjaln\u0105 piosenk\u0119, kt\u00f3ra rozpocz\u0119\u0142a ich wsp\u00f3ln\u0105 podr\u00f3\u017c.<\/p>\r\n\r\n<h2>Zacznij personalizowa\u0107 sw\u00f3j prezent ju\u017c dzi\u015b<\/h2>\r\n\r\n<p>Jeste\u015b gotowy, aby stworzy\u0107 wyj\u0105tkowy i serdeczny prezent na rocznic\u0119? Zacznij personalizowa\u0107 sw\u00f3j plakat Pierwszy Taniec ze Zdj\u0119ciem ju\u017c dzi\u015b. Odwied\u017a nasz kreator online, aby przes\u0142a\u0107 zdj\u0119cie, wybra\u0107 t\u0142o, wpisa\u0107 tekst piosenki i doda\u0107 osobist\u0105 wiadomo\u015b\u0107. Wybierz format, kt\u00f3ry pasuje do Twojego stylu i gotowe! <\/p>\r\n\r\n<p>Zam\u00f3w personalizowany plakat Pierwszy Taniec ze Zdj\u0119ciem ju\u017c teraz i podaruj prezent, kt\u00f3ry b\u0119dzie ceniony na zawsze.<\/p>","protected":false},"excerpt":{"rendered":"<ul class=\"check-list\">\n<li>Spersonalizuj dodaj\u0105c tekst piosenki, przysi\u0119g\u0119 \u015blubn\u0105 lub w\u0142asne s\u0142owa<\/li>\n<li>Wgraj zdj\u0119cie, kt\u00f3re nada projektowi indywidualny styl<\/li>\n<li>Uzupe\u0142nij o imiona, daty lub wyj\u0105tkow\u0105 dedykacj\u0119<\/li>\n<li>Stw\u00f3rz gotowy projekt w 2 minuty<\/li>\n<li>Podgl\u0105d na \u017cywo pozwala dopracowa\u0107 ka\u017cdy detal<\/li>\n<\/ul>\n","protected":false},"featured_media":1261455,"template":"","meta":[],"product_brand":[],"product_cat":[15849,9279,12142,99,11539,11186,11184,3125,5271,11410,11411,15059,11417,11412],"product_tag":[14975,12095,11817,11816,11815,11813,13468,12068,12069,16280],"class_list":{"0":"post-1259646","1":"product","2":"type-product","3":"status-publish","4":"has-post-thumbnail","6":"product_cat-shop-bestsellers-pl","7":"product_cat-bestsellers-label-pl","8":"product_cat-lyrics-pl","9":"product_cat-wszystkie-produkty","10":"product_cat-1-rocznica","11":"product_cat-prezenty-na-rocznice-dla-pary","12":"product_cat-prezenty-na-rocznice-dla-niej","13":"product_cat-prezent-na-slub","14":"product_cat-prezent-na-boze-narodzenie","15":"product_cat-prezenty-pod-choinke-dla-niej","16":"product_cat-prezenty-pod-choinke-dla-niego","17":"product_cat-prezenty-pod-choinke-dla-rodziny","18":"product_cat-prezenty-pod-choinke-dla-zony","19":"product_cat-prezenty-pod-choinke-dla-meza","20":"product_tag-anniversary-pl","21":"product_tag-piosenka","22":"product_tag-prezenty-pod-choinke-dla-meza","23":"product_tag-prezenty-pod-choinke-dla-niego","24":"product_tag-prezenty-pod-choinke-dla-niej","25":"product_tag-prezenty-pod-choinke-dla-zony","26":"product_tag-prezenty-swiateczne-dla-rodziny","27":"product_tag-tekst-piosenki","28":"product_tag-teksty-piosenek","29":"product_tag-wedding-pl-2","31":"first","32":"instock","33":"sale","34":"taxable","35":"shipping-taxable","36":"purchasable","37":"product-type-variable"},"yoast_head":"<!-- This site is optimized with the Yoast SEO Premium plugin v27.2 (Yoast SEO v27.2) - https:\/\/yoast.com\/product\/yoast-seo-premium-wordpress\/ -->\n<title>Pierwszy Taniec ze Zdj\u0119ciem - Positive Prints<\/title>\n<meta name=\"description\" content=\"Szukasz idealnego prezentu na rocznic\u0119? Nasz plakat Pierwszy Taniec ze Zdj\u0119ciem to wyj\u0105tkowy i niepowtarzalny spos\u00f3b na upami\u0119tnienie \u015blubu.\" \/>\n<meta name=\"robots\" content=\"index, follow, max-snippet:-1, max-image-preview:large, max-video-preview:-1\" \/>\n<link rel=\"canonical\" href=\"https:\/\/positiveprints.com\/pl\/produkt\/pierwszy-taniec-ze-zdjeciem\/\" \/>\n<meta property=\"og:locale\" content=\"pl_PL\" \/>\n<meta property=\"og:type\" content=\"article\" \/>\n<meta property=\"og:title\" content=\"Pierwszy Taniec ze Zdj\u0119ciem\" \/>\n<meta property=\"og:description\" content=\"Spersonalizuj dodaj\u0105c tekst piosenki, przysi\u0119g\u0119 \u015blubn\u0105 lub w\u0142asne s\u0142owa Wgraj zdj\u0119cie, kt\u00f3re nada projektowi indywidualny styl Uzupe\u0142nij o imiona, daty lub wyj\u0105tkow\u0105 dedykacj\u0119 Stw\u00f3rz gotowy projekt w 2 minuty Podgl\u0105d na \u017cywo pozwala dopracowa\u0107 ka\u017cdy detal\" \/>\n<meta property=\"og:url\" content=\"https:\/\/positiveprints.com\/pl\/produkt\/pierwszy-taniec-ze-zdjeciem\/\" \/>\n<meta property=\"og:site_name\" content=\"Positive Prints\" \/>\n<meta property=\"article:publisher\" content=\"https:\/\/www.facebook.com\/positiveprintscom\" \/>\n<meta property=\"article:modified_time\" content=\"2026-04-18T02:18:01+00:00\" \/>\n<meta property=\"og:image\" content=\"https:\/\/positiveprints.com\/wp-content\/uploads\/2024\/11\/PL_PACKSHOT_First-Dance-Song-Lyrics-with-Photo-product-image-.webp\" \/>\n\t<meta property=\"og:image:width\" content=\"1450\" \/>\n\t<meta property=\"og:image:height\" content=\"1450\" \/>\n\t<meta property=\"og:image:type\" content=\"image\/webp\" \/>\n<meta name=\"twitter:card\" content=\"summary_large_image\" \/>\n<meta name=\"twitter:label1\" content=\"Szacowany czas czytania\" \/>\n\t<meta name=\"twitter:data1\" content=\"2 minuty\" \/>\n<!-- \/ Yoast SEO Premium plugin. -->","yoast_head_json":{"title":"Pierwszy Taniec ze Zdj\u0119ciem - Positive Prints","description":"Szukasz idealnego prezentu na rocznic\u0119? Nasz plakat Pierwszy Taniec ze Zdj\u0119ciem to wyj\u0105tkowy i niepowtarzalny spos\u00f3b na upami\u0119tnienie \u015blubu.","robots":{"index":"index","follow":"follow","max-snippet":"max-snippet:-1","max-image-preview":"max-image-preview:large","max-video-preview":"max-video-preview:-1"},"canonical":"https:\/\/positiveprints.com\/pl\/produkt\/pierwszy-taniec-ze-zdjeciem\/","og_locale":"pl_PL","og_type":"article","og_title":"Pierwszy Taniec ze Zdj\u0119ciem","og_description":"Spersonalizuj dodaj\u0105c tekst piosenki, przysi\u0119g\u0119 \u015blubn\u0105 lub w\u0142asne s\u0142owa Wgraj zdj\u0119cie, kt\u00f3re nada projektowi indywidualny styl Uzupe\u0142nij o imiona, daty lub wyj\u0105tkow\u0105 dedykacj\u0119 Stw\u00f3rz gotowy projekt w 2 minuty Podgl\u0105d na \u017cywo pozwala dopracowa\u0107 ka\u017cdy detal","og_url":"https:\/\/positiveprints.com\/pl\/produkt\/pierwszy-taniec-ze-zdjeciem\/","og_site_name":"Positive Prints","article_publisher":"https:\/\/www.facebook.com\/positiveprintscom","article_modified_time":"2026-04-18T02:18:01+00:00","og_image":[{"width":1450,"height":1450,"url":"https:\/\/positiveprints.com\/wp-content\/uploads\/2024\/11\/PL_PACKSHOT_First-Dance-Song-Lyrics-with-Photo-product-image-.webp","type":"image\/webp"}],"twitter_card":"summary_large_image","twitter_misc":{"Szacowany czas czytania":"2 minuty"},"schema":{"@context":"https:\/\/schema.org","@graph":[{"@type":["WebPage","ItemPage"],"@id":"https:\/\/positiveprints.com\/pl\/produkt\/pierwszy-taniec-ze-zdjeciem\/","url":"https:\/\/positiveprints.com\/pl\/produkt\/pierwszy-taniec-ze-zdjeciem\/","name":"Pierwszy Taniec ze Zdj\u0119ciem - Positive Prints","isPartOf":{"@id":"https:\/\/positiveprints.com\/pl\/#website"},"primaryImageOfPage":{"@id":"https:\/\/positiveprints.com\/pl\/produkt\/pierwszy-taniec-ze-zdjeciem\/#primaryimage"},"image":{"@id":"https:\/\/positiveprints.com\/pl\/produkt\/pierwszy-taniec-ze-zdjeciem\/#primaryimage"},"thumbnailUrl":"https:\/\/positiveprints.com\/wp-content\/uploads\/2024\/11\/PL_PACKSHOT_First-Dance-Song-Lyrics-with-Photo-product-image-.webp","datePublished":"2024-11-06T16:42:52+00:00","dateModified":"2026-04-18T02:18:01+00:00","description":"Szukasz idealnego prezentu na rocznic\u0119? Nasz plakat Pierwszy Taniec ze Zdj\u0119ciem to wyj\u0105tkowy i niepowtarzalny spos\u00f3b na upami\u0119tnienie \u015blubu.","breadcrumb":{"@id":"https:\/\/positiveprints.com\/pl\/produkt\/pierwszy-taniec-ze-zdjeciem\/#breadcrumb"},"inLanguage":"pl-PL","potentialAction":[{"@type":"ReadAction","target":["https:\/\/positiveprints.com\/pl\/produkt\/pierwszy-taniec-ze-zdjeciem\/"]}]},{"@type":"ImageObject","inLanguage":"pl-PL","@id":"https:\/\/positiveprints.com\/pl\/produkt\/pierwszy-taniec-ze-zdjeciem\/#primaryimage","url":"https:\/\/positiveprints.com\/wp-content\/uploads\/2024\/11\/PL_PACKSHOT_First-Dance-Song-Lyrics-with-Photo-product-image-.webp","contentUrl":"https:\/\/positiveprints.com\/wp-content\/uploads\/2024\/11\/PL_PACKSHOT_First-Dance-Song-Lyrics-with-Photo-product-image-.webp","width":1450,"height":1450},{"@type":"BreadcrumbList","@id":"https:\/\/positiveprints.com\/pl\/produkt\/pierwszy-taniec-ze-zdjeciem\/#breadcrumb","itemListElement":[{"@type":"ListItem","position":1,"name":"Home","item":"https:\/\/positiveprints.com\/pl\/"},{"@type":"ListItem","position":2,"name":"Produkty","item":"https:\/\/positiveprints.com\/pl\/shop\/"},{"@type":"ListItem","position":3,"name":"Pierwszy Taniec ze Zdj\u0119ciem"}]},{"@type":"WebSite","@id":"https:\/\/positiveprints.com\/pl\/#website","url":"https:\/\/positiveprints.com\/pl\/","name":"Positive Prints","description":"Amazing Custom Personalized Gifts","publisher":{"@id":"https:\/\/positiveprints.com\/pl\/#organization"},"potentialAction":[{"@type":"SearchAction","target":{"@type":"EntryPoint","urlTemplate":"https:\/\/positiveprints.com\/pl\/?s={search_term_string}"},"query-input":{"@type":"PropertyValueSpecification","valueRequired":true,"valueName":"search_term_string"}}],"inLanguage":"pl-PL"},{"@type":"Organization","@id":"https:\/\/positiveprints.com\/pl\/#organization","name":"Positive Prints","alternateName":"Positive Prints","url":"https:\/\/positiveprints.com\/pl\/","logo":{"@type":"ImageObject","inLanguage":"pl-PL","@id":"https:\/\/positiveprints.com\/pl\/#\/schema\/logo\/image\/","url":"https:\/\/positiveprints.com\/wp-content\/uploads\/2026\/03\/245815646_1337939713319158_5671353136411139666_n.png","contentUrl":"https:\/\/positiveprints.com\/wp-content\/uploads\/2026\/03\/245815646_1337939713319158_5671353136411139666_n.png","width":800,"height":800,"caption":"Positive Prints"},"image":{"@id":"https:\/\/positiveprints.com\/pl\/#\/schema\/logo\/image\/"},"sameAs":["https:\/\/www.facebook.com\/positiveprintscom","https:\/\/www.instagram.com\/positiveprintscom\/","https:\/\/www.tiktok.com\/@positiveprintscom","https:\/\/www.pinterest.com\/positiveprintscom\/"]}]}},"jetpack_sharing_enabled":true,"_links":{"self":[{"href":"https:\/\/positiveprints.com\/pl\/wp-json\/wp\/v2\/product\/1259646","targetHints":{"allow":["GET"]}}],"collection":[{"href":"https:\/\/positiveprints.com\/pl\/wp-json\/wp\/v2\/product"}],"about":[{"href":"https:\/\/positiveprints.com\/pl\/wp-json\/wp\/v2\/types\/product"}],"wp:featuredmedia":[{"embeddable":true,"href":"https:\/\/positiveprints.com\/pl\/wp-json\/wp\/v2\/media\/1261455"}],"wp:attachment":[{"href":"https:\/\/positiveprints.com\/pl\/wp-json\/wp\/v2\/media?parent=1259646"}],"wp:term":[{"taxonomy":"product_brand","embeddable":true,"href":"https:\/\/positiveprints.com\/pl\/wp-json\/wp\/v2\/product_brand?post=1259646"},{"taxonomy":"product_cat","embeddable":true,"href":"https:\/\/positiveprints.com\/pl\/wp-json\/wp\/v2\/product_cat?post=1259646"},{"taxonomy":"product_tag","embeddable":true,"href":"https:\/\/positiveprints.com\/pl\/wp-json\/wp\/v2\/product_tag?post=1259646"}],"curies":[{"name":"wp","href":"https:\/\/api.w.org\/{rel}","templated":true}]}}