{"id":1259412,"date":"2024-11-06T19:57:23","date_gmt":"2024-11-06T18:57:23","guid":{"rendered":"https:\/\/positiveprints.com\/?post_type=product&#038;p=1259412"},"modified":"2026-04-28T13:33:56","modified_gmt":"2026-04-28T12:33:56","slug":"nasza-piosenka","status":"publish","type":"product","link":"https:\/\/positiveprints.com\/pl\/produkt\/nasza-piosenka\/","title":{"rendered":"Nasza Piosenka"},"content":{"rendered":"<p>Szukasz romantycznego prezentu dla swojej wyj\u0105tkowej osoby? Plakat Nasza Piosenka to wyj\u0105tkowy i szczery spos\u00f3b na uczczenie Waszej mi\u0142o\u015bci. To pi\u0119kne dzie\u0142o zawiera s\u0142owa piosenki, kt\u00f3ra oznacza co\u015b wyj\u0105tkowego dla Was obojga, kt\u00f3re elegancko wyeksponowano, aby stworzy\u0107 niezapomnian\u0105 pami\u0105tk\u0119 Waszego zwi\u0105zku.<\/p>\r\n\r\n<h2>Stw\u00f3rz w\u0142asn\u0105 grafik\u0119 Nasza Piosenka<\/h2>\r\n\r\n<p>Zacznij od odwiedzenia naszego kreatora online, w kt\u00f3rym mo\u017cesz wybra\u0107 t\u0142o z naszej oferty lub stworzy\u0107 w\u0142asne, aby idealnie pasowa\u0142o do tekstu. Nast\u0119pnie wprowad\u017a tekst swojej wyj\u0105tkowej piosenki i dodaj osobist\u0105 wiadomo\u015b\u0107, aby uczyni\u0107 j\u0105 jeszcze bardziej wyj\u0105tkow\u0105.<\/p>\r\n\r\n<p>Wybierz format, kt\u00f3ry najlepiej pasuje do Twojego stylu. Oferujemy r\u00f3\u017cne opcje, w tym drukowane lub oprawione plakaty, p\u0142\u00f3tna i pliki cyforwe do natychmiastowego pobrania. Ka\u017cdy element jest wykonany specjalnie dla Ciebie, zapewniaj\u0105c, \u017ce Twoje dzie\u0142o sztuki b\u0119dzie wyj\u0105tkowym i cennym prezentem.<\/p>\r\n\r\n<h2>Idealny romantyczny prezent<\/h2>\r\n\r\n<p>Plakat Nasza Piosenka to idealny romantyczny prezent dla niej lub dla niego. Niezale\u017cnie od tego, czy jest to rocznica, urodziny, Walentynki, czy po prostu okazanie troski, ta grafika to pi\u0119kny spos\u00f3b na uczczenie mi\u0142o\u015bci i wsp\u00f3lnych chwil. Jest idealny dla par, kt\u00f3re chc\u0105 zapami\u0119ta\u0107 specjaln\u0105 piosenk\u0119, kt\u00f3ra reprezentuje ich zwi\u0105zek.<\/p>\r\n\r\n<h2>Zacznij personalizowa\u0107 sw\u00f3j prezent ju\u017c dzi\u015b<\/h2>\r\n\r\n<p>Gotowy do stworzenia wyj\u0105tkowego i romantycznego prezentu? Zacznij personalizowa\u0107 swoj\u0105 Plakat Nasza Piosenka ju\u017c dzi\u015b. Odwied\u017a nasz kreator online, aby wybra\u0107 t\u0142o, wpisa\u0107 tekst piosenki i doda\u0107 osobist\u0105 wiadomo\u015b\u0107. Wybierz format, kt\u00f3ry pasuje do Twojego stylu i gotowe! <\/p>\r\n\r\n<p>Zam\u00f3w personalizowany Plakat Nasza Piosenka ju\u017c teraz i podaruj prezent, kt\u00f3ry b\u0119dzie ceniony na zawsze.<\/p>","protected":false},"excerpt":{"rendered":"<ul class=\"check-list\">\n<li>Spersonalizuj dodaj\u0105c tekst piosenki, przysi\u0119g\u0119 \u015blubn\u0105 lub w\u0142asne s\u0142owa<\/li>\n<li>Wgraj zdj\u0119cie, kt\u00f3re nada projektowi indywidualny styl<\/li>\n<li>Uzupe\u0142nij o imiona, daty lub wyj\u0105tkow\u0105 dedykacj\u0119<\/li>\n<li>Stw\u00f3rz gotowy projekt w 2 minuty<\/li>\n<li>Podgl\u0105d na \u017cywo pozwala dopracowa\u0107 ka\u017cdy detal<\/li>\n<\/ul>\n","protected":false},"featured_media":1267754,"template":"","meta":[],"product_brand":[],"product_cat":[11539,11542,11543,11540,11544,11541,11604,11403,11407,7690,11412,8010,8206,11411,11410,11417,12142,11185,11186,11240,11239,11210,5271,9765,3120,99],"product_tag":[16274,14975,14970,14973,14981,14959,14960,14957,14962,9410,14980,12095,11756,11770,11817,11816,11815,11813,14977,14174,14979,14983,12068,12069,14968,14984,14976],"class_list":{"0":"post-1259412","1":"product","2":"type-product","3":"status-publish","4":"has-post-thumbnail","6":"product_cat-1-rocznica","7":"product_cat-10-rocznica","8":"product_cat-15-rocznica","9":"product_cat-2-rocznica","10":"product_cat-20-rocznica","11":"product_cat-5-rocznica","12":"product_cat-50-rocznica","13":"product_cat-prezenty-pod-choinke-dla-chlopaka","14":"product_cat-prezenty-pod-choinke-dla-dziewczyny","15":"product_cat-prezent-dla-kobiety","16":"product_cat-prezenty-pod-choinke-dla-meza","17":"product_cat-prezent-dla-mezczyzny","18":"product_cat-dla-niego","19":"product_cat-prezenty-pod-choinke-dla-niego","20":"product_cat-prezenty-pod-choinke-dla-niej","21":"product_cat-prezenty-pod-choinke-dla-zony","22":"product_cat-lyrics-pl","23":"product_cat-prezenty-na-rocznice-dla-niego","24":"product_cat-prezenty-na-rocznice-dla-pary","25":"product_cat-prezenty-na-walentynki-dla-niego","26":"product_cat-prezenty-na-walentynki-dla-niej","27":"product_cat-prezenty-urodzinowe-dla-niego","28":"product_cat-prezent-na-boze-narodzenie","29":"product_cat-trending-label-pl","30":"product_cat-prezent-na-walentynki","31":"product_cat-wszystkie-produkty","32":"product_tag-album-winylowy","33":"product_tag-anniversary-pl","34":"product_tag-anniversary-gift-pl","35":"product_tag-anniversary-gifts-pl","36":"product_tag-anniversary-present-pl","37":"product_tag-couple-gift-pl","38":"product_tag-gift-for-couple-pl","39":"product_tag-love-pl","40":"product_tag-love-gift-pl","41":"product_tag-muzyczny","42":"product_tag-personalized-gift-pl","43":"product_tag-piosenka","44":"product_tag-prezenty-pod-choinke-dla-chlopaka","45":"product_tag-prezenty-pod-choinke-dla-dziewczyny","46":"product_tag-prezenty-pod-choinke-dla-meza","47":"product_tag-prezenty-pod-choinke-dla-niego","48":"product_tag-prezenty-pod-choinke-dla-niej","49":"product_tag-prezenty-pod-choinke-dla-zony","50":"product_tag-romantic-gifts-pl","51":"product_tag-romantyczny-prezent","52":"product_tag-sentimental-gift-pl","53":"product_tag-special-occasion-pl","54":"product_tag-tekst-piosenki","55":"product_tag-teksty-piosenek","56":"product_tag-thoughtful-gift-pl","57":"product_tag-unique-gift-pl","58":"product_tag-wedding-anniversary-pl","60":"first","61":"instock","62":"sale","63":"taxable","64":"shipping-taxable","65":"purchasable","66":"product-type-variable"},"yoast_head":"<!-- This site is optimized with the Yoast SEO Premium plugin v27.2 (Yoast SEO v27.2) - https:\/\/yoast.com\/product\/yoast-seo-premium-wordpress\/ -->\n<title>Nasza Piosenka - Positive Prints<\/title>\n<meta name=\"description\" content=\"Szukasz romantycznego prezentu dla kogo\u015b wyj\u0105tkowego? Plakat Nasza Piosenka to wyj\u0105tkowy i szczery spos\u00f3b na uczczenie mi\u0142o\u015bci.\" \/>\n<meta name=\"robots\" content=\"index, follow, max-snippet:-1, max-image-preview:large, max-video-preview:-1\" \/>\n<link rel=\"canonical\" href=\"https:\/\/positiveprints.com\/pl\/produkt\/nasza-piosenka\/\" \/>\n<meta property=\"og:locale\" content=\"pl_PL\" \/>\n<meta property=\"og:type\" content=\"article\" \/>\n<meta property=\"og:title\" content=\"Nasza Piosenka\" \/>\n<meta property=\"og:description\" content=\"Spersonalizuj dodaj\u0105c tekst piosenki, przysi\u0119g\u0119 \u015blubn\u0105 lub w\u0142asne s\u0142owa Wgraj zdj\u0119cie, kt\u00f3re nada projektowi indywidualny styl Uzupe\u0142nij o imiona, daty lub wyj\u0105tkow\u0105 dedykacj\u0119 Stw\u00f3rz gotowy projekt w 2 minuty Podgl\u0105d na \u017cywo pozwala dopracowa\u0107 ka\u017cdy detal\" \/>\n<meta property=\"og:url\" content=\"https:\/\/positiveprints.com\/pl\/produkt\/nasza-piosenka\/\" \/>\n<meta property=\"og:site_name\" content=\"Positive Prints\" \/>\n<meta property=\"article:publisher\" content=\"https:\/\/www.facebook.com\/positiveprintscom\" \/>\n<meta property=\"article:modified_time\" content=\"2026-04-28T12:33:56+00:00\" \/>\n<meta property=\"og:image\" content=\"https:\/\/positiveprints.com\/wp-content\/uploads\/2024\/11\/PL_PACKSHOT_Our-Special-Song-product-image-.webp\" \/>\n\t<meta property=\"og:image:width\" content=\"1450\" \/>\n\t<meta property=\"og:image:height\" content=\"1450\" \/>\n\t<meta property=\"og:image:type\" content=\"image\/webp\" \/>\n<meta name=\"twitter:card\" content=\"summary_large_image\" \/>\n<!-- \/ Yoast SEO Premium plugin. -->","yoast_head_json":{"title":"Nasza Piosenka - Positive Prints","description":"Szukasz romantycznego prezentu dla kogo\u015b wyj\u0105tkowego? Plakat Nasza Piosenka to wyj\u0105tkowy i szczery spos\u00f3b na uczczenie mi\u0142o\u015bci.","robots":{"index":"index","follow":"follow","max-snippet":"max-snippet:-1","max-image-preview":"max-image-preview:large","max-video-preview":"max-video-preview:-1"},"canonical":"https:\/\/positiveprints.com\/pl\/produkt\/nasza-piosenka\/","og_locale":"pl_PL","og_type":"article","og_title":"Nasza Piosenka","og_description":"Spersonalizuj dodaj\u0105c tekst piosenki, przysi\u0119g\u0119 \u015blubn\u0105 lub w\u0142asne s\u0142owa Wgraj zdj\u0119cie, kt\u00f3re nada projektowi indywidualny styl Uzupe\u0142nij o imiona, daty lub wyj\u0105tkow\u0105 dedykacj\u0119 Stw\u00f3rz gotowy projekt w 2 minuty Podgl\u0105d na \u017cywo pozwala dopracowa\u0107 ka\u017cdy detal","og_url":"https:\/\/positiveprints.com\/pl\/produkt\/nasza-piosenka\/","og_site_name":"Positive Prints","article_publisher":"https:\/\/www.facebook.com\/positiveprintscom","article_modified_time":"2026-04-28T12:33:56+00:00","og_image":[{"width":1450,"height":1450,"url":"https:\/\/positiveprints.com\/wp-content\/uploads\/2024\/11\/PL_PACKSHOT_Our-Special-Song-product-image-.webp","type":"image\/webp"}],"twitter_card":"summary_large_image","schema":{"@context":"https:\/\/schema.org","@graph":[{"@type":["WebPage","ItemPage"],"@id":"https:\/\/positiveprints.com\/pl\/produkt\/nasza-piosenka\/","url":"https:\/\/positiveprints.com\/pl\/produkt\/nasza-piosenka\/","name":"Nasza Piosenka - Positive Prints","isPartOf":{"@id":"https:\/\/positiveprints.com\/pl\/#website"},"primaryImageOfPage":{"@id":"https:\/\/positiveprints.com\/pl\/produkt\/nasza-piosenka\/#primaryimage"},"image":{"@id":"https:\/\/positiveprints.com\/pl\/produkt\/nasza-piosenka\/#primaryimage"},"thumbnailUrl":"https:\/\/positiveprints.com\/wp-content\/uploads\/2024\/11\/PL_PACKSHOT_Our-Special-Song-product-image-.webp","datePublished":"2024-11-06T18:57:23+00:00","dateModified":"2026-04-28T12:33:56+00:00","description":"Szukasz romantycznego prezentu dla kogo\u015b wyj\u0105tkowego? Plakat Nasza Piosenka to wyj\u0105tkowy i szczery spos\u00f3b na uczczenie mi\u0142o\u015bci.","breadcrumb":{"@id":"https:\/\/positiveprints.com\/pl\/produkt\/nasza-piosenka\/#breadcrumb"},"inLanguage":"pl-PL","potentialAction":[{"@type":"ReadAction","target":["https:\/\/positiveprints.com\/pl\/produkt\/nasza-piosenka\/"]}]},{"@type":"ImageObject","inLanguage":"pl-PL","@id":"https:\/\/positiveprints.com\/pl\/produkt\/nasza-piosenka\/#primaryimage","url":"https:\/\/positiveprints.com\/wp-content\/uploads\/2024\/11\/PL_PACKSHOT_Our-Special-Song-product-image-.webp","contentUrl":"https:\/\/positiveprints.com\/wp-content\/uploads\/2024\/11\/PL_PACKSHOT_Our-Special-Song-product-image-.webp","width":1450,"height":1450},{"@type":"BreadcrumbList","@id":"https:\/\/positiveprints.com\/pl\/produkt\/nasza-piosenka\/#breadcrumb","itemListElement":[{"@type":"ListItem","position":1,"name":"Home","item":"https:\/\/positiveprints.com\/pl\/"},{"@type":"ListItem","position":2,"name":"Produkty","item":"https:\/\/positiveprints.com\/pl\/shop\/"},{"@type":"ListItem","position":3,"name":"Nasza Piosenka"}]},{"@type":"WebSite","@id":"https:\/\/positiveprints.com\/pl\/#website","url":"https:\/\/positiveprints.com\/pl\/","name":"Positive Prints","description":"Amazing Custom Personalized Gifts","publisher":{"@id":"https:\/\/positiveprints.com\/pl\/#organization"},"potentialAction":[{"@type":"SearchAction","target":{"@type":"EntryPoint","urlTemplate":"https:\/\/positiveprints.com\/pl\/?s={search_term_string}"},"query-input":{"@type":"PropertyValueSpecification","valueRequired":true,"valueName":"search_term_string"}}],"inLanguage":"pl-PL"},{"@type":"Organization","@id":"https:\/\/positiveprints.com\/pl\/#organization","name":"Positive Prints","alternateName":"Positive Prints","url":"https:\/\/positiveprints.com\/pl\/","logo":{"@type":"ImageObject","inLanguage":"pl-PL","@id":"https:\/\/positiveprints.com\/pl\/#\/schema\/logo\/image\/","url":"https:\/\/positiveprints.com\/wp-content\/uploads\/2026\/03\/245815646_1337939713319158_5671353136411139666_n.png","contentUrl":"https:\/\/positiveprints.com\/wp-content\/uploads\/2026\/03\/245815646_1337939713319158_5671353136411139666_n.png","width":800,"height":800,"caption":"Positive Prints"},"image":{"@id":"https:\/\/positiveprints.com\/pl\/#\/schema\/logo\/image\/"},"sameAs":["https:\/\/www.facebook.com\/positiveprintscom","https:\/\/www.instagram.com\/positiveprintscom\/","https:\/\/www.tiktok.com\/@positiveprintscom","https:\/\/www.pinterest.com\/positiveprintscom\/"]}]}},"jetpack_sharing_enabled":true,"_links":{"self":[{"href":"https:\/\/positiveprints.com\/pl\/wp-json\/wp\/v2\/product\/1259412","targetHints":{"allow":["GET"]}}],"collection":[{"href":"https:\/\/positiveprints.com\/pl\/wp-json\/wp\/v2\/product"}],"about":[{"href":"https:\/\/positiveprints.com\/pl\/wp-json\/wp\/v2\/types\/product"}],"wp:featuredmedia":[{"embeddable":true,"href":"https:\/\/positiveprints.com\/pl\/wp-json\/wp\/v2\/media\/1267754"}],"wp:attachment":[{"href":"https:\/\/positiveprints.com\/pl\/wp-json\/wp\/v2\/media?parent=1259412"}],"wp:term":[{"taxonomy":"product_brand","embeddable":true,"href":"https:\/\/positiveprints.com\/pl\/wp-json\/wp\/v2\/product_brand?post=1259412"},{"taxonomy":"product_cat","embeddable":true,"href":"https:\/\/positiveprints.com\/pl\/wp-json\/wp\/v2\/product_cat?post=1259412"},{"taxonomy":"product_tag","embeddable":true,"href":"https:\/\/positiveprints.com\/pl\/wp-json\/wp\/v2\/product_tag?post=1259412"}],"curies":[{"name":"wp","href":"https:\/\/api.w.org\/{rel}","templated":true}]}}