{"id":1245394,"date":"2024-10-23T23:02:42","date_gmt":"2024-10-23T22:02:42","guid":{"rendered":"https:\/\/positiveprints.com\/?post_type=product&#038;p=1245394"},"modified":"2026-04-18T03:18:15","modified_gmt":"2026-04-18T02:18:15","slug":"personalizowany-plakat-z-tekstem-waszej-ulubionej-piosenki","status":"publish","type":"product","link":"https:\/\/positiveprints.com\/pl\/produkt\/personalizowany-plakat-z-tekstem-waszej-ulubionej-piosenki\/","title":{"rendered":"Personalizowany plakat z tekstem Waszej ulubionej piosenki"},"content":{"rendered":"<p style=\"margin-top: 1rem;\">Szukasz wyj\u0105tkowego i specjalnego prezentu? Personalizowany plakat z tekstem Waszej ulubionej piosenki to wyj\u0105tkowy prezent, kt\u00f3ry pi\u0119knie wy\u015bwietla tekst wybranej piosenki. To idealny spos\u00f3b na \u015bwi\u0119towanie ka\u017cdej okazji i tworzenie trwa\u0142ych wspomnie\u0144.<\/p>\r\n\r\n<h2 class=\"grenB f24 cblue\" style=\"margin-top: 3rem;\">Stw\u00f3rz sw\u00f3j Personalizowany Plakat z tekstem Waszej ulubionej piosenki<\/h2>\r\n\r\n<p style=\"margin-top: 1rem;\">Odwied\u017a nasz kreator online i zacznij od wybrania t\u0142a. Mo\u017cesz wybra\u0107 jedn\u0105 z naszych gotowych propozycji lub stworzy\u0107 w\u0142asn\u0105. Nast\u0119pnie wybierz piosenk\u0119, kt\u00f3rej tekst chcesz wy\u015bwietli\u0107. Mo\u017cesz tak\u017ce doda\u0107 personalizowan\u0105 wiadomo\u015b\u0107 na dole plakatu, aby uczyni\u0107 go jeszcze bardziej wyj\u0105tkowym.<\/p>\r\n\r\n<p style=\"margin-top: 1rem;\">Wybierz format swojej grafiki spo\u015br\u00f3d r\u00f3\u017cnych dost\u0119pnych opcji, w tym drukowanych lub oprawionych plakat\u00f3w, wydruk\u00f3w na p\u0142\u00f3tnie i plik\u00f3w cyfrowych do natychmiastowego pobrania. Ka\u017cdy plakat jest tworzony specjalnie dla Ciebie, dzi\u0119ki czemu jest wyj\u0105tkowym i cenionym prezentem.<\/p>\r\n\r\n<h2 class=\"grenB f24 cblue\" style=\"margin-top: 3rem;\">Idealny prezent na ka\u017cd\u0105 okazj\u0119<\/h2>\r\n\r\n<p style=\"margin-top: 1rem;\">Personalizowany plakat z tekstem Waszej ulubionej piosenki to \u015bwietny prezent na ka\u017cd\u0105 okazj\u0119. Niezale\u017cnie od tego, czy s\u0105 to urodziny, rocznica, \u015blub, czy po prostu okazanie uczu\u0107, ta grafika to wspania\u0142y spos\u00f3b na uczczenie wyj\u0105tkowych chwil. Jest to r\u00f3wnie\u017c romantyczny prezent, idealny do wy\u015bwietlania piosenki z pierwszego ta\u0144ca lub pierwszego spotkania.<\/p>\r\n\r\n<p style=\"margin-top: 1rem;\">Ten prezent jest idealny dla przyjaci\u00f3\u0142, cz\u0142onk\u00f3w rodziny lub wsp\u00f3\u0142pracownik\u00f3w, bo ka\u017cdy z nas ma ulubion\u0105 piosenk\u0119, oznaczaj\u0105c\u0105 dla nas co\u015b wyj\u0105tkowego.<\/p>\r\n\r\n<h2 class=\"grenB f24 cblue\" style=\"margin-top: 3rem;\">Zacznij personalizowa\u0107 sw\u00f3j prezent ju\u017c teraz!<\/h2>\r\n\r\n<p style=\"margin-top: 1rem;\">Gotowy do stworzenia prezentu od serca? Zacznij tworzy\u0107 sw\u00f3j Personalizowany plakat z tekstem Waszej ulubionej piosenki ju\u017c dzi\u015b. Odwied\u017a nasz kreator online, aby wybra\u0107 t\u0142o, wybra\u0107 piosenk\u0119 i doda\u0107 personalizowan\u0105 wiadomo\u015b\u0107. Wybierz format, kt\u00f3ry pasuje do Twojego stylu i gotowe!<\/p>\r\n\r\n<p style=\"margin-top: 1rem;\">Zam\u00f3w Personalizowany plakat z tekstem Waszej ulubionej piosenki ju\u017c teraz i podaruj prezent, kt\u00f3ry na zawsze pozostanie w pami\u0119ci.<\/p>","protected":false},"excerpt":{"rendered":"<ul class=\"check-list\">\n<li>Spersonalizuj dodaj\u0105c tekst piosenki lub w\u0142asne s\u0142owa<\/li>\n<li>Wgraj zdj\u0119cie, kt\u00f3re nada projektowi indywidualny styl<\/li>\n<li>Uzupe\u0142nij o imiona, daty lub wyj\u0105tkow\u0105 dedykacj\u0119<\/li>\n<li>Stw\u00f3rz gotowy projekt w 2 minuty<\/li>\n<li>Podgl\u0105d na \u017cywo pozwala dopracowa\u0107 ka\u017cdy detal<\/li>\n<\/ul>\n","protected":false},"featured_media":1248191,"template":"","meta":[],"product_brand":[],"product_cat":[9279,15114,8238,12142,99,262,11545,11546,11547,11548,11636,11637,11638,11639,11209,11210,5296,7929,5271,11416,11404,7626,7658,7770,7739,7850,7834],"product_tag":[8468,14956,12776,13458],"class_list":{"0":"post-1245394","1":"product","2":"type-product","3":"status-publish","4":"has-post-thumbnail","6":"product_cat-bestsellers-label-pl","7":"product_cat-bestsellers-menu-pl","8":"product_cat-digital-products-pl","9":"product_cat-lyrics-pl","10":"product_cat-wszystkie-produkty","11":"product_cat-creators-pl","12":"product_cat-18-urodziny","13":"product_cat-21-urodziny","14":"product_cat-30-urodziny","15":"product_cat-40-urodziny","16":"product_cat-50-urodziny","17":"product_cat-60-urodziny","18":"product_cat-70-urodziny","19":"product_cat-80-urodziny","20":"product_cat-prezenty-urodzinowe-dla-niej","21":"product_cat-prezenty-urodzinowe-dla-niego","22":"product_cat-prezent-na-parapetowke","23":"product_cat-prezent-na-wieczor-panienski","24":"product_cat-prezent-na-boze-narodzenie","25":"product_cat-prezenty-pod-choinke-dla-siostry","26":"product_cat-prezenty-pod-choinke-dla-brata","27":"product_cat-prezent-dla-brata","28":"product_cat-prezent-dla-syna","29":"product_cat-prezent-dla-corki","30":"product_cat-prezent-dla-siostry","31":"product_cat-prezent-dla-rodziny","32":"product_cat-prezent-dla-przyjaciol","33":"product_tag-birthday-pl","34":"product_tag-creators-pl-2","35":"product_tag-prezent-pod-choinke-dla-siostry","36":"product_tag-prezenty-swiateczne-dla-brata","38":"first","39":"instock","40":"sale","41":"taxable","42":"shipping-taxable","43":"purchasable","44":"product-type-variable"},"yoast_head":"<!-- This site is optimized with the Yoast SEO Premium plugin v27.2 (Yoast SEO v27.2) - https:\/\/yoast.com\/product\/yoast-seo-premium-wordpress\/ -->\n<title>Personalizowany plakat z tekstem Waszej ulubionej piosenki - Positive Prints<\/title>\n<meta name=\"description\" content=\"Szukasz wyj\u0105tkowego i specjalnego prezentu? Personalizowany plakat z tekstem Waszej ulubionej piosenki to wyj\u0105tkowy poster lub wydruk na p\u0142\u00f3tnie, kt\u00f3ry pi\u0119knie wy\u015bwietla s\u0142owa wybranej piosenki.\" \/>\n<meta name=\"robots\" content=\"index, follow, max-snippet:-1, max-image-preview:large, max-video-preview:-1\" \/>\n<link rel=\"canonical\" href=\"https:\/\/positiveprints.com\/pl\/produkt\/personalizowany-plakat-z-tekstem-waszej-ulubionej-piosenki\/\" \/>\n<meta property=\"og:locale\" content=\"pl_PL\" \/>\n<meta property=\"og:type\" content=\"article\" \/>\n<meta property=\"og:title\" content=\"Personalizowany plakat z tekstem Waszej ulubionej piosenki\" \/>\n<meta property=\"og:description\" content=\"Spersonalizuj dodaj\u0105c tekst piosenki lub w\u0142asne s\u0142owa Wgraj zdj\u0119cie, kt\u00f3re nada projektowi indywidualny styl Uzupe\u0142nij o imiona, daty lub wyj\u0105tkow\u0105 dedykacj\u0119 Stw\u00f3rz gotowy projekt w 2 minuty Podgl\u0105d na \u017cywo pozwala dopracowa\u0107 ka\u017cdy detal\" \/>\n<meta property=\"og:url\" content=\"https:\/\/positiveprints.com\/pl\/produkt\/personalizowany-plakat-z-tekstem-waszej-ulubionej-piosenki\/\" \/>\n<meta property=\"og:site_name\" content=\"Positive Prints\" \/>\n<meta property=\"article:publisher\" content=\"https:\/\/www.facebook.com\/positiveprintscom\" \/>\n<meta property=\"article:modified_time\" content=\"2026-04-18T02:18:15+00:00\" \/>\n<meta property=\"og:image\" content=\"https:\/\/positiveprints.com\/wp-content\/uploads\/2024\/11\/Packshot_PL_Custom-Song-Lyrics-Art-with-Photo-product-image-.webp\" \/>\n\t<meta property=\"og:image:width\" content=\"1450\" \/>\n\t<meta property=\"og:image:height\" content=\"1450\" \/>\n\t<meta property=\"og:image:type\" content=\"image\/webp\" \/>\n<meta name=\"twitter:card\" content=\"summary_large_image\" \/>\n<meta name=\"twitter:label1\" content=\"Szacowany czas czytania\" \/>\n\t<meta name=\"twitter:data1\" content=\"2 minuty\" \/>\n<!-- \/ Yoast SEO Premium plugin. -->","yoast_head_json":{"title":"Personalizowany plakat z tekstem Waszej ulubionej piosenki - Positive Prints","description":"Szukasz wyj\u0105tkowego i specjalnego prezentu? Personalizowany plakat z tekstem Waszej ulubionej piosenki to wyj\u0105tkowy poster lub wydruk na p\u0142\u00f3tnie, kt\u00f3ry pi\u0119knie wy\u015bwietla s\u0142owa wybranej piosenki.","robots":{"index":"index","follow":"follow","max-snippet":"max-snippet:-1","max-image-preview":"max-image-preview:large","max-video-preview":"max-video-preview:-1"},"canonical":"https:\/\/positiveprints.com\/pl\/produkt\/personalizowany-plakat-z-tekstem-waszej-ulubionej-piosenki\/","og_locale":"pl_PL","og_type":"article","og_title":"Personalizowany plakat z tekstem Waszej ulubionej piosenki","og_description":"Spersonalizuj dodaj\u0105c tekst piosenki lub w\u0142asne s\u0142owa Wgraj zdj\u0119cie, kt\u00f3re nada projektowi indywidualny styl Uzupe\u0142nij o imiona, daty lub wyj\u0105tkow\u0105 dedykacj\u0119 Stw\u00f3rz gotowy projekt w 2 minuty Podgl\u0105d na \u017cywo pozwala dopracowa\u0107 ka\u017cdy detal","og_url":"https:\/\/positiveprints.com\/pl\/produkt\/personalizowany-plakat-z-tekstem-waszej-ulubionej-piosenki\/","og_site_name":"Positive Prints","article_publisher":"https:\/\/www.facebook.com\/positiveprintscom","article_modified_time":"2026-04-18T02:18:15+00:00","og_image":[{"width":1450,"height":1450,"url":"https:\/\/positiveprints.com\/wp-content\/uploads\/2024\/11\/Packshot_PL_Custom-Song-Lyrics-Art-with-Photo-product-image-.webp","type":"image\/webp"}],"twitter_card":"summary_large_image","twitter_misc":{"Szacowany czas czytania":"2 minuty"},"schema":{"@context":"https:\/\/schema.org","@graph":[{"@type":["WebPage","ItemPage"],"@id":"https:\/\/positiveprints.com\/pl\/produkt\/personalizowany-plakat-z-tekstem-waszej-ulubionej-piosenki\/","url":"https:\/\/positiveprints.com\/pl\/produkt\/personalizowany-plakat-z-tekstem-waszej-ulubionej-piosenki\/","name":"Personalizowany plakat z tekstem Waszej ulubionej piosenki - Positive Prints","isPartOf":{"@id":"https:\/\/positiveprints.com\/pl\/#website"},"primaryImageOfPage":{"@id":"https:\/\/positiveprints.com\/pl\/produkt\/personalizowany-plakat-z-tekstem-waszej-ulubionej-piosenki\/#primaryimage"},"image":{"@id":"https:\/\/positiveprints.com\/pl\/produkt\/personalizowany-plakat-z-tekstem-waszej-ulubionej-piosenki\/#primaryimage"},"thumbnailUrl":"https:\/\/positiveprints.com\/wp-content\/uploads\/2024\/11\/Packshot_PL_Custom-Song-Lyrics-Art-with-Photo-product-image-.webp","datePublished":"2024-10-23T22:02:42+00:00","dateModified":"2026-04-18T02:18:15+00:00","description":"Szukasz wyj\u0105tkowego i specjalnego prezentu? Personalizowany plakat z tekstem Waszej ulubionej piosenki to wyj\u0105tkowy poster lub wydruk na p\u0142\u00f3tnie, kt\u00f3ry pi\u0119knie wy\u015bwietla s\u0142owa wybranej piosenki.","breadcrumb":{"@id":"https:\/\/positiveprints.com\/pl\/produkt\/personalizowany-plakat-z-tekstem-waszej-ulubionej-piosenki\/#breadcrumb"},"inLanguage":"pl-PL","potentialAction":[{"@type":"ReadAction","target":["https:\/\/positiveprints.com\/pl\/produkt\/personalizowany-plakat-z-tekstem-waszej-ulubionej-piosenki\/"]}]},{"@type":"ImageObject","inLanguage":"pl-PL","@id":"https:\/\/positiveprints.com\/pl\/produkt\/personalizowany-plakat-z-tekstem-waszej-ulubionej-piosenki\/#primaryimage","url":"https:\/\/positiveprints.com\/wp-content\/uploads\/2024\/11\/Packshot_PL_Custom-Song-Lyrics-Art-with-Photo-product-image-.webp","contentUrl":"https:\/\/positiveprints.com\/wp-content\/uploads\/2024\/11\/Packshot_PL_Custom-Song-Lyrics-Art-with-Photo-product-image-.webp","width":1450,"height":1450},{"@type":"BreadcrumbList","@id":"https:\/\/positiveprints.com\/pl\/produkt\/personalizowany-plakat-z-tekstem-waszej-ulubionej-piosenki\/#breadcrumb","itemListElement":[{"@type":"ListItem","position":1,"name":"Home","item":"https:\/\/positiveprints.com\/pl\/"},{"@type":"ListItem","position":2,"name":"Produkty","item":"https:\/\/positiveprints.com\/pl\/shop\/"},{"@type":"ListItem","position":3,"name":"Personalizowany plakat z tekstem Waszej ulubionej piosenki"}]},{"@type":"WebSite","@id":"https:\/\/positiveprints.com\/pl\/#website","url":"https:\/\/positiveprints.com\/pl\/","name":"Positive Prints","description":"Amazing Custom Personalized Gifts","publisher":{"@id":"https:\/\/positiveprints.com\/pl\/#organization"},"potentialAction":[{"@type":"SearchAction","target":{"@type":"EntryPoint","urlTemplate":"https:\/\/positiveprints.com\/pl\/?s={search_term_string}"},"query-input":{"@type":"PropertyValueSpecification","valueRequired":true,"valueName":"search_term_string"}}],"inLanguage":"pl-PL"},{"@type":"Organization","@id":"https:\/\/positiveprints.com\/pl\/#organization","name":"Positive Prints","alternateName":"Positive Prints","url":"https:\/\/positiveprints.com\/pl\/","logo":{"@type":"ImageObject","inLanguage":"pl-PL","@id":"https:\/\/positiveprints.com\/pl\/#\/schema\/logo\/image\/","url":"https:\/\/positiveprints.com\/wp-content\/uploads\/2026\/03\/245815646_1337939713319158_5671353136411139666_n.png","contentUrl":"https:\/\/positiveprints.com\/wp-content\/uploads\/2026\/03\/245815646_1337939713319158_5671353136411139666_n.png","width":800,"height":800,"caption":"Positive Prints"},"image":{"@id":"https:\/\/positiveprints.com\/pl\/#\/schema\/logo\/image\/"},"sameAs":["https:\/\/www.facebook.com\/positiveprintscom","https:\/\/www.instagram.com\/positiveprintscom\/","https:\/\/www.tiktok.com\/@positiveprintscom","https:\/\/www.pinterest.com\/positiveprintscom\/"]}]}},"jetpack_sharing_enabled":true,"_links":{"self":[{"href":"https:\/\/positiveprints.com\/pl\/wp-json\/wp\/v2\/product\/1245394","targetHints":{"allow":["GET"]}}],"collection":[{"href":"https:\/\/positiveprints.com\/pl\/wp-json\/wp\/v2\/product"}],"about":[{"href":"https:\/\/positiveprints.com\/pl\/wp-json\/wp\/v2\/types\/product"}],"wp:featuredmedia":[{"embeddable":true,"href":"https:\/\/positiveprints.com\/pl\/wp-json\/wp\/v2\/media\/1248191"}],"wp:attachment":[{"href":"https:\/\/positiveprints.com\/pl\/wp-json\/wp\/v2\/media?parent=1245394"}],"wp:term":[{"taxonomy":"product_brand","embeddable":true,"href":"https:\/\/positiveprints.com\/pl\/wp-json\/wp\/v2\/product_brand?post=1245394"},{"taxonomy":"product_cat","embeddable":true,"href":"https:\/\/positiveprints.com\/pl\/wp-json\/wp\/v2\/product_cat?post=1245394"},{"taxonomy":"product_tag","embeddable":true,"href":"https:\/\/positiveprints.com\/pl\/wp-json\/wp\/v2\/product_tag?post=1245394"}],"curies":[{"name":"wp","href":"https:\/\/api.w.org\/{rel}","templated":true}]}}