{"id":1235907,"date":"2024-10-15T22:23:15","date_gmt":"2024-10-15T21:23:15","guid":{"rendered":"https:\/\/positiveprints.com\/product\/white-frame\/"},"modified":"2026-04-07T12:48:25","modified_gmt":"2026-04-07T11:48:25","slug":"biala-ramka","status":"publish","type":"product","link":"https:\/\/positiveprints.com\/pl\/produkt\/biala-ramka\/","title":{"rendered":"Bia\u0142a ramka"},"content":{"rendered":"","protected":false},"excerpt":{"rendered":"<ul class=\"check-list\">\n<li>Elegancki wygl\u0105d: Ramki z drewna d\u0119bowego pasuj\u0105 do ka\u017cdego wystroju.<\/li>\n<li>Odporne na st\u0142uczenia szk\u0142o pleksi: Wytrzyma\u0142e i redukuje odblaski.<\/li>\n<li>Zr\u00f3wnowa\u017cony rozw\u00f3j: Ekologiczne, odpowiedzialnie pozyskiwane drewno.<\/li>\n<li>\u0141atwa instalacja: Zawiera zestaw do zawieszania w pionie\/poziomie.<\/li>\n<\/ul>\n","protected":false},"featured_media":1215439,"template":"","meta":[],"product_brand":[],"product_cat":[11921,99],"product_tag":[11946,11947],"class_list":{"0":"post-1235907","1":"product","2":"type-product","3":"status-publish","4":"has-post-thumbnail","6":"product_cat-ramka","7":"product_cat-wszystkie-produkty","8":"product_tag-ramka","9":"product_tag-ramki","11":"first","12":"instock","13":"sale","14":"taxable","15":"shipping-taxable","16":"purchasable","17":"product-type-variable"},"yoast_head":"<!-- This site is optimized with the Yoast SEO Premium plugin v27.2 (Yoast SEO v27.2) - https:\/\/yoast.com\/product\/yoast-seo-premium-wordpress\/ -->\n<title>Bia\u0142a ramka - Positive Prints<\/title>\n<meta name=\"description\" content=\"Zam\u00f3w bia\u0142e ramki wykonane z d\u0119bu i jesionu. Niet\u0142uk\u0105ce si\u0119 szk\u0142o plexi. \u0141atwy monta\u017c z zestawem do zawieszania. Pasuj\u0105 do ka\u017cdego wystroju.\" \/>\n<meta name=\"robots\" content=\"index, follow, max-snippet:-1, max-image-preview:large, max-video-preview:-1\" \/>\n<link rel=\"canonical\" href=\"https:\/\/positiveprints.com\/pl\/produkt\/biala-ramka\/\" \/>\n<meta property=\"og:locale\" content=\"pl_PL\" \/>\n<meta property=\"og:type\" content=\"article\" \/>\n<meta property=\"og:title\" content=\"Bia\u0142a ramka\" \/>\n<meta property=\"og:description\" content=\"Elegancki wygl\u0105d: Ramki z drewna d\u0119bowego pasuj\u0105 do ka\u017cdego wystroju. Odporne na st\u0142uczenia szk\u0142o pleksi: Wytrzyma\u0142e i redukuje odblaski. Zr\u00f3wnowa\u017cony rozw\u00f3j: Ekologiczne, odpowiedzialnie pozyskiwane drewno. \u0141atwa instalacja: Zawiera zestaw do zawieszania w pionie\/poziomie.\" \/>\n<meta property=\"og:url\" content=\"https:\/\/positiveprints.com\/pl\/produkt\/biala-ramka\/\" \/>\n<meta property=\"og:site_name\" content=\"Positive Prints\" \/>\n<meta property=\"article:publisher\" content=\"https:\/\/www.facebook.com\/positiveprintscom\" \/>\n<meta property=\"article:modified_time\" content=\"2026-04-07T11:48:25+00:00\" \/>\n<meta property=\"og:image\" content=\"https:\/\/positiveprints.com\/wp-content\/uploads\/2024\/10\/01_frame-main-1-_WHITE.webp\" \/>\n\t<meta property=\"og:image:width\" content=\"1450\" \/>\n\t<meta property=\"og:image:height\" content=\"1450\" \/>\n\t<meta property=\"og:image:type\" content=\"image\/webp\" \/>\n<meta name=\"twitter:card\" content=\"summary_large_image\" \/>\n<meta name=\"twitter:label1\" content=\"Szacowany czas czytania\" \/>\n\t<meta name=\"twitter:data1\" content=\"1 minuta\" \/>\n<!-- \/ Yoast SEO Premium plugin. -->","yoast_head_json":{"title":"Bia\u0142a ramka - Positive Prints","description":"Zam\u00f3w bia\u0142e ramki wykonane z d\u0119bu i jesionu. Niet\u0142uk\u0105ce si\u0119 szk\u0142o plexi. \u0141atwy monta\u017c z zestawem do zawieszania. Pasuj\u0105 do ka\u017cdego wystroju.","robots":{"index":"index","follow":"follow","max-snippet":"max-snippet:-1","max-image-preview":"max-image-preview:large","max-video-preview":"max-video-preview:-1"},"canonical":"https:\/\/positiveprints.com\/pl\/produkt\/biala-ramka\/","og_locale":"pl_PL","og_type":"article","og_title":"Bia\u0142a ramka","og_description":"Elegancki wygl\u0105d: Ramki z drewna d\u0119bowego pasuj\u0105 do ka\u017cdego wystroju. Odporne na st\u0142uczenia szk\u0142o pleksi: Wytrzyma\u0142e i redukuje odblaski. Zr\u00f3wnowa\u017cony rozw\u00f3j: Ekologiczne, odpowiedzialnie pozyskiwane drewno. \u0141atwa instalacja: Zawiera zestaw do zawieszania w pionie\/poziomie.","og_url":"https:\/\/positiveprints.com\/pl\/produkt\/biala-ramka\/","og_site_name":"Positive Prints","article_publisher":"https:\/\/www.facebook.com\/positiveprintscom","article_modified_time":"2026-04-07T11:48:25+00:00","og_image":[{"width":1450,"height":1450,"url":"https:\/\/positiveprints.com\/wp-content\/uploads\/2024\/10\/01_frame-main-1-_WHITE.webp","type":"image\/webp"}],"twitter_card":"summary_large_image","twitter_misc":{"Szacowany czas czytania":"1 minuta"},"schema":{"@context":"https:\/\/schema.org","@graph":[{"@type":["WebPage","ItemPage"],"@id":"https:\/\/positiveprints.com\/pl\/produkt\/biala-ramka\/","url":"https:\/\/positiveprints.com\/pl\/produkt\/biala-ramka\/","name":"Bia\u0142a ramka - Positive Prints","isPartOf":{"@id":"https:\/\/positiveprints.com\/pl\/#website"},"primaryImageOfPage":{"@id":"https:\/\/positiveprints.com\/pl\/produkt\/biala-ramka\/#primaryimage"},"image":{"@id":"https:\/\/positiveprints.com\/pl\/produkt\/biala-ramka\/#primaryimage"},"thumbnailUrl":"https:\/\/positiveprints.com\/wp-content\/uploads\/2024\/10\/01_frame-main-1-_WHITE.webp","datePublished":"2024-10-15T21:23:15+00:00","dateModified":"2026-04-07T11:48:25+00:00","description":"Zam\u00f3w bia\u0142e ramki wykonane z d\u0119bu i jesionu. Niet\u0142uk\u0105ce si\u0119 szk\u0142o plexi. \u0141atwy monta\u017c z zestawem do zawieszania. Pasuj\u0105 do ka\u017cdego wystroju.","breadcrumb":{"@id":"https:\/\/positiveprints.com\/pl\/produkt\/biala-ramka\/#breadcrumb"},"inLanguage":"pl-PL","potentialAction":[{"@type":"ReadAction","target":["https:\/\/positiveprints.com\/pl\/produkt\/biala-ramka\/"]}]},{"@type":"ImageObject","inLanguage":"pl-PL","@id":"https:\/\/positiveprints.com\/pl\/produkt\/biala-ramka\/#primaryimage","url":"https:\/\/positiveprints.com\/wp-content\/uploads\/2024\/10\/01_frame-main-1-_WHITE.webp","contentUrl":"https:\/\/positiveprints.com\/wp-content\/uploads\/2024\/10\/01_frame-main-1-_WHITE.webp","width":1450,"height":1450},{"@type":"BreadcrumbList","@id":"https:\/\/positiveprints.com\/pl\/produkt\/biala-ramka\/#breadcrumb","itemListElement":[{"@type":"ListItem","position":1,"name":"Home","item":"https:\/\/positiveprints.com\/pl\/"},{"@type":"ListItem","position":2,"name":"Produkty","item":"https:\/\/positiveprints.com\/pl\/shop\/"},{"@type":"ListItem","position":3,"name":"Bia\u0142a ramka"}]},{"@type":"WebSite","@id":"https:\/\/positiveprints.com\/pl\/#website","url":"https:\/\/positiveprints.com\/pl\/","name":"Positive Prints","description":"Amazing Custom Personalized Gifts","publisher":{"@id":"https:\/\/positiveprints.com\/pl\/#organization"},"potentialAction":[{"@type":"SearchAction","target":{"@type":"EntryPoint","urlTemplate":"https:\/\/positiveprints.com\/pl\/?s={search_term_string}"},"query-input":{"@type":"PropertyValueSpecification","valueRequired":true,"valueName":"search_term_string"}}],"inLanguage":"pl-PL"},{"@type":"Organization","@id":"https:\/\/positiveprints.com\/pl\/#organization","name":"Positive Prints","alternateName":"Positive Prints","url":"https:\/\/positiveprints.com\/pl\/","logo":{"@type":"ImageObject","inLanguage":"pl-PL","@id":"https:\/\/positiveprints.com\/pl\/#\/schema\/logo\/image\/","url":"https:\/\/positiveprints.com\/wp-content\/uploads\/2026\/03\/245815646_1337939713319158_5671353136411139666_n.png","contentUrl":"https:\/\/positiveprints.com\/wp-content\/uploads\/2026\/03\/245815646_1337939713319158_5671353136411139666_n.png","width":800,"height":800,"caption":"Positive Prints"},"image":{"@id":"https:\/\/positiveprints.com\/pl\/#\/schema\/logo\/image\/"},"sameAs":["https:\/\/www.facebook.com\/positiveprintscom","https:\/\/www.instagram.com\/positiveprintscom\/","https:\/\/www.tiktok.com\/@positiveprintscom","https:\/\/www.pinterest.com\/positiveprintscom\/"]}]}},"jetpack_sharing_enabled":true,"_links":{"self":[{"href":"https:\/\/positiveprints.com\/pl\/wp-json\/wp\/v2\/product\/1235907","targetHints":{"allow":["GET"]}}],"collection":[{"href":"https:\/\/positiveprints.com\/pl\/wp-json\/wp\/v2\/product"}],"about":[{"href":"https:\/\/positiveprints.com\/pl\/wp-json\/wp\/v2\/types\/product"}],"wp:featuredmedia":[{"embeddable":true,"href":"https:\/\/positiveprints.com\/pl\/wp-json\/wp\/v2\/media\/1215439"}],"wp:attachment":[{"href":"https:\/\/positiveprints.com\/pl\/wp-json\/wp\/v2\/media?parent=1235907"}],"wp:term":[{"taxonomy":"product_brand","embeddable":true,"href":"https:\/\/positiveprints.com\/pl\/wp-json\/wp\/v2\/product_brand?post=1235907"},{"taxonomy":"product_cat","embeddable":true,"href":"https:\/\/positiveprints.com\/pl\/wp-json\/wp\/v2\/product_cat?post=1235907"},{"taxonomy":"product_tag","embeddable":true,"href":"https:\/\/positiveprints.com\/pl\/wp-json\/wp\/v2\/product_tag?post=1235907"}],"curies":[{"name":"wp","href":"https:\/\/api.w.org\/{rel}","templated":true}]}}