{"id":1222092,"date":"2024-10-21T20:16:53","date_gmt":"2024-10-21T20:06:46","guid":{"rendered":"https:\/\/positiveprints.com\/product\/plakat-z-definicja-do-wydruku\/"},"modified":"2026-04-03T02:37:59","modified_gmt":"2026-04-03T01:37:59","slug":"plakat-definicja-plik-cyfrowy","status":"publish","type":"product","link":"https:\/\/positiveprints.com\/pl\/produkt\/plakat-definicja-plik-cyfrowy\/","title":{"rendered":"Plakat z Definicj\u0105 do Wydruku"},"content":{"rendered":"","protected":false},"excerpt":{"rendered":"<ul class=\"check-list\">\n<li>Stw\u00f3rz swoj\u0105 w\u0142asn\u0105 definicj\u0119 lub wybierz jedn\u0105 z gotowych<\/li>\n<li>Plik mo\u017cesz pobra\u0107 od razu po z\u0142o\u017ceniu i op\u0142aceniu zam\u00f3wienia\n<li>\n<li>Oferujemy wiele r\u00f3\u017cnych rozmiar\u00f3w grafiki\n<li>\n<li>Otrzymasz wysokiej jako\u015bci plik JPEG (300 dpi)\n<li>\n<li>Interaktywny podgl\u0105d pozwoli Ci dopracowa\u0107 ka\u017cdy detal przed zakupem<\/li>\n<\/ul>\n","protected":false},"featured_media":1477071,"template":"","meta":[],"product_brand":[],"product_cat":[9729,8238,99,7578],"product_tag":[15827,8724],"class_list":{"0":"post-1222092","1":"product","2":"type-product","3":"status-publish","4":"has-post-thumbnail","6":"product_cat-definicja","7":"product_cat-digital-products-pl","8":"product_cat-wszystkie-produkty","9":"product_cat-prezenty-na-ostatnia-chwile","10":"product_tag-last-minute-pl-2","11":"product_tag-last-minute-pl","13":"first","14":"instock","15":"sale","16":"taxable","17":"shipping-taxable","18":"purchasable","19":"product-type-variable"},"yoast_head":"<!-- This site is optimized with the Yoast SEO Premium plugin v27.2 (Yoast SEO v27.2) - https:\/\/yoast.com\/product\/yoast-seo-premium-wordpress\/ -->\n<title>Plakat z Definicj\u0105 do Wydruku - Positive Prints<\/title>\n<meta name=\"description\" content=\"Odkryj nasz Plakat z Definicj\u0105 do Wydruku, gdzie mo\u017cesz zdefiniowa\u0107 dowolne s\u0142owo lub poj\u0119cie z nutk\u0105 kreatywno\u015bci i sentymentalno\u015bci.\" \/>\n<meta name=\"robots\" content=\"index, follow, max-snippet:-1, max-image-preview:large, max-video-preview:-1\" \/>\n<link rel=\"canonical\" href=\"https:\/\/positiveprints.com\/pl\/produkt\/plakat-definicja-plik-cyfrowy\/\" \/>\n<meta property=\"og:locale\" content=\"pl_PL\" \/>\n<meta property=\"og:type\" content=\"article\" \/>\n<meta property=\"og:title\" content=\"Plakat z Definicj\u0105 do Wydruku\" \/>\n<meta property=\"og:description\" content=\"Stw\u00f3rz swoj\u0105 w\u0142asn\u0105 definicj\u0119 lub wybierz jedn\u0105 z gotowych Plik mo\u017cesz pobra\u0107 od razu po z\u0142o\u017ceniu i op\u0142aceniu zam\u00f3wienia Oferujemy wiele r\u00f3\u017cnych rozmiar\u00f3w grafiki Otrzymasz wysokiej jako\u015bci plik JPEG (300 dpi) Interaktywny podgl\u0105d pozwoli Ci dopracowa\u0107 ka\u017cdy detal przed zakupem\" \/>\n<meta property=\"og:url\" content=\"https:\/\/positiveprints.com\/pl\/produkt\/plakat-definicja-plik-cyfrowy\/\" \/>\n<meta property=\"og:site_name\" content=\"Positive Prints\" \/>\n<meta property=\"article:publisher\" content=\"https:\/\/www.facebook.com\/positiveprintscom\" \/>\n<meta property=\"article:modified_time\" content=\"2026-04-03T01:37:59+00:00\" \/>\n<meta property=\"og:image\" content=\"https:\/\/positiveprints.com\/wp-content\/uploads\/2024\/05\/soulmate-bratnia-dusza-plakat.jpg\" \/>\n\t<meta property=\"og:image:width\" content=\"1080\" \/>\n\t<meta property=\"og:image:height\" content=\"1080\" \/>\n\t<meta property=\"og:image:type\" content=\"image\/jpeg\" \/>\n<meta name=\"twitter:card\" content=\"summary_large_image\" \/>\n<meta name=\"twitter:label1\" content=\"Szacowany czas czytania\" \/>\n\t<meta name=\"twitter:data1\" content=\"1 minuta\" \/>\n<!-- \/ Yoast SEO Premium plugin. -->","yoast_head_json":{"title":"Plakat z Definicj\u0105 do Wydruku - Positive Prints","description":"Odkryj nasz Plakat z Definicj\u0105 do Wydruku, gdzie mo\u017cesz zdefiniowa\u0107 dowolne s\u0142owo lub poj\u0119cie z nutk\u0105 kreatywno\u015bci i sentymentalno\u015bci.","robots":{"index":"index","follow":"follow","max-snippet":"max-snippet:-1","max-image-preview":"max-image-preview:large","max-video-preview":"max-video-preview:-1"},"canonical":"https:\/\/positiveprints.com\/pl\/produkt\/plakat-definicja-plik-cyfrowy\/","og_locale":"pl_PL","og_type":"article","og_title":"Plakat z Definicj\u0105 do Wydruku","og_description":"Stw\u00f3rz swoj\u0105 w\u0142asn\u0105 definicj\u0119 lub wybierz jedn\u0105 z gotowych Plik mo\u017cesz pobra\u0107 od razu po z\u0142o\u017ceniu i op\u0142aceniu zam\u00f3wienia Oferujemy wiele r\u00f3\u017cnych rozmiar\u00f3w grafiki Otrzymasz wysokiej jako\u015bci plik JPEG (300 dpi) Interaktywny podgl\u0105d pozwoli Ci dopracowa\u0107 ka\u017cdy detal przed zakupem","og_url":"https:\/\/positiveprints.com\/pl\/produkt\/plakat-definicja-plik-cyfrowy\/","og_site_name":"Positive Prints","article_publisher":"https:\/\/www.facebook.com\/positiveprintscom","article_modified_time":"2026-04-03T01:37:59+00:00","og_image":[{"width":1080,"height":1080,"url":"https:\/\/positiveprints.com\/wp-content\/uploads\/2024\/05\/soulmate-bratnia-dusza-plakat.jpg","type":"image\/jpeg"}],"twitter_card":"summary_large_image","twitter_misc":{"Szacowany czas czytania":"1 minuta"},"schema":{"@context":"https:\/\/schema.org","@graph":[{"@type":["WebPage","ItemPage"],"@id":"https:\/\/positiveprints.com\/pl\/produkt\/plakat-definicja-plik-cyfrowy\/","url":"https:\/\/positiveprints.com\/pl\/produkt\/plakat-definicja-plik-cyfrowy\/","name":"Plakat z Definicj\u0105 do Wydruku - Positive Prints","isPartOf":{"@id":"https:\/\/positiveprints.com\/pl\/#website"},"primaryImageOfPage":{"@id":"https:\/\/positiveprints.com\/pl\/produkt\/plakat-definicja-plik-cyfrowy\/#primaryimage"},"image":{"@id":"https:\/\/positiveprints.com\/pl\/produkt\/plakat-definicja-plik-cyfrowy\/#primaryimage"},"thumbnailUrl":"https:\/\/positiveprints.com\/wp-content\/uploads\/2025\/07\/Packshot_PL_Plakat-z-Definicja\u0328-do-Wydruku.webp","datePublished":"2024-10-21T20:06:46+00:00","dateModified":"2026-04-03T01:37:59+00:00","description":"Odkryj nasz Plakat z Definicj\u0105 do Wydruku, gdzie mo\u017cesz zdefiniowa\u0107 dowolne s\u0142owo lub poj\u0119cie z nutk\u0105 kreatywno\u015bci i sentymentalno\u015bci.","breadcrumb":{"@id":"https:\/\/positiveprints.com\/pl\/produkt\/plakat-definicja-plik-cyfrowy\/#breadcrumb"},"inLanguage":"pl-PL","potentialAction":[{"@type":"ReadAction","target":["https:\/\/positiveprints.com\/pl\/produkt\/plakat-definicja-plik-cyfrowy\/"]}]},{"@type":"ImageObject","inLanguage":"pl-PL","@id":"https:\/\/positiveprints.com\/pl\/produkt\/plakat-definicja-plik-cyfrowy\/#primaryimage","url":"https:\/\/positiveprints.com\/wp-content\/uploads\/2025\/07\/Packshot_PL_Plakat-z-Definicja\u0328-do-Wydruku.webp","contentUrl":"https:\/\/positiveprints.com\/wp-content\/uploads\/2025\/07\/Packshot_PL_Plakat-z-Definicja\u0328-do-Wydruku.webp","width":1450,"height":1450},{"@type":"BreadcrumbList","@id":"https:\/\/positiveprints.com\/pl\/produkt\/plakat-definicja-plik-cyfrowy\/#breadcrumb","itemListElement":[{"@type":"ListItem","position":1,"name":"Home","item":"https:\/\/positiveprints.com\/pl\/"},{"@type":"ListItem","position":2,"name":"Produkty","item":"https:\/\/positiveprints.com\/pl\/shop\/"},{"@type":"ListItem","position":3,"name":"Plakat z Definicj\u0105 do Wydruku"}]},{"@type":"WebSite","@id":"https:\/\/positiveprints.com\/pl\/#website","url":"https:\/\/positiveprints.com\/pl\/","name":"Positive Prints","description":"Amazing Custom Personalized Gifts","publisher":{"@id":"https:\/\/positiveprints.com\/pl\/#organization"},"potentialAction":[{"@type":"SearchAction","target":{"@type":"EntryPoint","urlTemplate":"https:\/\/positiveprints.com\/pl\/?s={search_term_string}"},"query-input":{"@type":"PropertyValueSpecification","valueRequired":true,"valueName":"search_term_string"}}],"inLanguage":"pl-PL"},{"@type":"Organization","@id":"https:\/\/positiveprints.com\/pl\/#organization","name":"Positive Prints","alternateName":"Positive Prints","url":"https:\/\/positiveprints.com\/pl\/","logo":{"@type":"ImageObject","inLanguage":"pl-PL","@id":"https:\/\/positiveprints.com\/pl\/#\/schema\/logo\/image\/","url":"https:\/\/positiveprints.com\/wp-content\/uploads\/2026\/03\/245815646_1337939713319158_5671353136411139666_n.png","contentUrl":"https:\/\/positiveprints.com\/wp-content\/uploads\/2026\/03\/245815646_1337939713319158_5671353136411139666_n.png","width":800,"height":800,"caption":"Positive Prints"},"image":{"@id":"https:\/\/positiveprints.com\/pl\/#\/schema\/logo\/image\/"},"sameAs":["https:\/\/www.facebook.com\/positiveprintscom","https:\/\/www.instagram.com\/positiveprintscom\/","https:\/\/www.tiktok.com\/@positiveprintscom","https:\/\/www.pinterest.com\/positiveprintscom\/"]}]}},"jetpack_sharing_enabled":true,"_links":{"self":[{"href":"https:\/\/positiveprints.com\/pl\/wp-json\/wp\/v2\/product\/1222092","targetHints":{"allow":["GET"]}}],"collection":[{"href":"https:\/\/positiveprints.com\/pl\/wp-json\/wp\/v2\/product"}],"about":[{"href":"https:\/\/positiveprints.com\/pl\/wp-json\/wp\/v2\/types\/product"}],"wp:featuredmedia":[{"embeddable":true,"href":"https:\/\/positiveprints.com\/pl\/wp-json\/wp\/v2\/media\/1477071"}],"wp:attachment":[{"href":"https:\/\/positiveprints.com\/pl\/wp-json\/wp\/v2\/media?parent=1222092"}],"wp:term":[{"taxonomy":"product_brand","embeddable":true,"href":"https:\/\/positiveprints.com\/pl\/wp-json\/wp\/v2\/product_brand?post=1222092"},{"taxonomy":"product_cat","embeddable":true,"href":"https:\/\/positiveprints.com\/pl\/wp-json\/wp\/v2\/product_cat?post=1222092"},{"taxonomy":"product_tag","embeddable":true,"href":"https:\/\/positiveprints.com\/pl\/wp-json\/wp\/v2\/product_tag?post=1222092"}],"curies":[{"name":"wp","href":"https:\/\/api.w.org\/{rel}","templated":true}]}}