{"id":1172067,"date":"2024-08-05T10:01:00","date_gmt":"2024-08-05T09:01:00","guid":{"rendered":"https:\/\/positiveprints.com\/?post_type=product&#038;p=1172067"},"modified":"2026-04-03T02:39:03","modified_gmt":"2026-04-03T01:39:03","slug":"fazy-ksiezyca-w-dniu-pierwszego-spotkania-zareczyn-i-slubu","status":"publish","type":"product","link":"https:\/\/positiveprints.com\/pl\/produkt\/fazy-ksiezyca-w-dniu-pierwszego-spotkania-zareczyn-i-slubu\/","title":{"rendered":"Fazy Ksi\u0119\u017cyca w Dniu Pierwszego Spotkania, Zar\u0119czyn i \u015alubu"},"content":{"rendered":"<p>U\u015bwietnij swoj\u0105 histori\u0119 mi\u0142osn\u0105 wyj\u0105tkowym i warto\u015bciowym prezentem. Fazy Ksi\u0119\u017cyca w Dniu Pierwszego Spotkania, Zar\u0119czyn i \u015alubu to personalizowany plakat lub obraz na p\u0142\u00f3tnie, kt\u00f3ry pi\u0119knie przedstawia najwa\u017cniejsze etapy Waszego zwi\u0105zku. Zawieraj\u0105ca trzy fazy ksi\u0119\u017cyca &#8211; jedn\u0105 z dnia, w kt\u00f3rym si\u0119 poznali\u015bcie, jedn\u0105 z dnia zar\u0119czyn i jedn\u0105 z dnia \u015blubu &#8211; ta wyj\u0105tkowa grafika jest idealnym sposobem na upami\u0119tnienie Waszej wsp\u00f3lnej podr\u00f3\u017cy i stworzenie trwa\u0142ej pami\u0105tki.<\/p>\r\n\r\n<h2>Fazy Ksi\u0119\u017cyca w Dniu Pierwszego Spotkania, Zar\u0119czyn i \u015alubu<\/h2>\r\n\r\n<p>Fazy Ksi\u0119\u017cyca w Dniu Pierwszego Spotkania, Zar\u0119czyn i \u015alubu to osza\u0142amiaj\u0105ca grafika, kt\u00f3ra przedstawia trzy wa\u017cne fazy ksi\u0119\u017cyca wraz z osobistymi szczeg\u00f3\u0142ami. Aby stworzy\u0107 t\u0119 znacz\u0105c\u0105 pami\u0105tk\u0119, wystarczy odwiedzi\u0107 nasz kreator online. Zacznij od wybrania t\u0142a. Wybierz jedn\u0105 z gotowych opcji lub samodzielnie skomponuj kolorystyk\u0119. Nast\u0119pnie dodaj tytu\u0142 swojego dzie\u0142a &#8211; specjaln\u0105 wiadomo\u015b\u0107 lub sentencj\u0119, kt\u00f3ra b\u0119dzie wy\u015bwietlana nad fazami ksi\u0119\u017cyca.<\/p>\r\n\r\n<p>Po ustawieniu tytu\u0142u wprowad\u017a daty i lokalizacje, aby wy\u015bwietli\u0107 fazy ksi\u0119\u017cyca z dnia, w kt\u00f3rym si\u0119 poznali\u015bcie, dnia zar\u0119czyn i dnia \u015blubu. Poni\u017cej ka\u017cdej fazy ksi\u0119\u017cyca mo\u017cesz doda\u0107 imiona, daty lub inny tekst, kt\u00f3ry sprawi, \u017ce b\u0119dzie on jeszcze bardziej osobisty. Na koniec wybierz format swojej grafiki. Oferujemy r\u00f3\u017cne rozmiary i style, w tym drukowane lub oprawione plakaty, obrazy na p\u0142\u00f3tnie i pliki cyfrowe do natychmiastowego pobrania.<\/p>\r\n\r\n<h2>Dlaczego Fazy Ksi\u0119\u017cyca w Dniu Pierwszego Spotkania, Zar\u0119czyn i \u015alubu jest idealnym prezentem<\/h2>\r\n\r\n<p>Znalezienie warto\u015bciowego i romantycznego prezentu do uczczenia zwi\u0105zku mo\u017ce by\u0107 wyzwaniem, ale Fazy Ksi\u0119\u017cyca w Dniu Pierwszego Spotkania, Zar\u0119czyn i \u015alubu jest idealnym rozwi\u0105zaniem. Ta grafika to nie tylko wizualna przyjemno\u015b\u0107. To sentymentalne przypomnienie kluczowych moment\u00f3w, kt\u00f3re ukszta\u0142towa\u0142y Wasz\u0105 histori\u0119 mi\u0142osn\u0105. Idealny na rocznice, \u015bluby, zar\u0119czyny lub inne specjalne okazje, ten prezent poka\u017ce Twojemu partnerowi, jak wiele te chwile dla Ciebie znacz\u0105.<\/p>\r\n\r\n<p>Personalizowany charakter tego dzie\u0142a sztuki zapewnia, \u017ce ka\u017cdy obraz jest wyj\u0105tkowy. Za ka\u017cdym razem, gdy Ty i Tw\u00f3j partner go zobaczycie, przypomnicie sobie o mi\u0142o\u015bci i rado\u015bci, kt\u00f3r\u0105 dzielili\u015bcie. To prezent, kt\u00f3ry ma g\u0142\u0119bokie znaczenie i z pewno\u015bci\u0105 stanie si\u0119 cenn\u0105 cz\u0119\u015bci\u0105 Twojego domu.<\/p>\r\n\r\n<h2>Zacznij personalizowa\u0107 sw\u00f3j prezent ju\u017c dzi\u015b<\/h2>\r\n\r\n<p>Jeste\u015b gotowy, aby stworzy\u0107 niezapomnian\u0105 i serdeczn\u0105 pami\u0105tk\u0119? Zacznij personalizowa\u0107 swoj\u0105 grafik\u0119 Fazy Ksi\u0119\u017cyca w Dniu Pierwszego Spotkania, Zar\u0119czyn i \u015alubu ju\u017c dzi\u015b.<\/p>\r\n\r\n<p>Nie czekaj &#8211; zamie\u0144 wa\u017cne momenty swojej historii mi\u0142osnej w osza\u0142amiaj\u0105ce dzie\u0142o sztuki, kt\u00f3re Ty i Tw\u00f3j partner b\u0119dziecie ceni\u0107 na zawsze. Zam\u00f3w sw\u00f3j personalizowany obraz Fazy Ksi\u0119\u017cyca w Dniu Pierwszego Spotkania, Zar\u0119czyn i \u015alubu ju\u017c teraz i uczcij Wasz\u0105 wsp\u00f3ln\u0105 podr\u00f3\u017c prezentem, kt\u00f3ry jest naprawd\u0119 nie z tego \u015bwiata.<\/p>","protected":false},"excerpt":{"rendered":"<ul class=\"check-list\">\n<li>Spersonalizuj w 3 prostych krokach<\/li>\n<li>Wybierz jedn\u0105 z efektownych wersji kolorystycznych<\/li>\n<li>Dodaj dedykacj\u0119 prosto z serca<\/li>\n<li>Interaktywny podgl\u0105d pozwoli dopracowa\u0107 ka\u017cdy szczeg\u00f3\u0142<\/li>\n<\/ul>\n","protected":false},"featured_media":1479568,"template":"","meta":[],"product_brand":[],"product_cat":[11403,11407,7690,11412,7643,8010,11411,11410,7753,11417,11111,11185,11184,11186,11240,11239,5333,3125,5271,3120,7929,99],"product_tag":[14975,13763,13753,9792,17444,13633,15521,11756,11770,11817,11816,11815,11813,16280,8482],"class_list":{"0":"post-1172067","1":"product","2":"type-product","3":"status-publish","4":"has-post-thumbnail","6":"product_cat-prezenty-pod-choinke-dla-chlopaka","7":"product_cat-prezenty-pod-choinke-dla-dziewczyny","8":"product_cat-prezent-dla-kobiety","9":"product_cat-prezenty-pod-choinke-dla-meza","10":"product_cat-prezent-dla-meza","11":"product_cat-prezent-dla-mezczyzny","12":"product_cat-prezenty-pod-choinke-dla-niego","13":"product_cat-prezenty-pod-choinke-dla-niej","14":"product_cat-prezent-dla-zony","15":"product_cat-prezenty-pod-choinke-dla-zony","16":"product_cat-potrojny-ksiezyc","17":"product_cat-prezenty-na-rocznice-dla-niego","18":"product_cat-prezenty-na-rocznice-dla-niej","19":"product_cat-prezenty-na-rocznice-dla-pary","20":"product_cat-prezenty-na-walentynki-dla-niego","21":"product_cat-prezenty-na-walentynki-dla-niej","22":"product_cat-prezent-na-rocznice","23":"product_cat-prezent-na-slub","24":"product_cat-prezent-na-boze-narodzenie","25":"product_cat-prezent-na-walentynki","26":"product_cat-prezent-na-wieczor-panienski","27":"product_cat-wszystkie-produkty","28":"product_tag-anniversary-pl","29":"product_tag-faza-ksiezyca-w-dniu-slubu","30":"product_tag-faza-ksiezyca-w-rocznice","31":"product_tag-ksiezyc","32":"product_tag-moon-pl","33":"product_tag-moon-phase-pl","34":"product_tag-nasza-historia-milosna","35":"product_tag-prezenty-pod-choinke-dla-chlopaka","36":"product_tag-prezenty-pod-choinke-dla-dziewczyny","37":"product_tag-prezenty-pod-choinke-dla-meza","38":"product_tag-prezenty-pod-choinke-dla-niego","39":"product_tag-prezenty-pod-choinke-dla-niej","40":"product_tag-prezenty-pod-choinke-dla-zony","41":"product_tag-wedding-pl-2","42":"product_tag-wedding-pl","44":"first","45":"instock","46":"sale","47":"taxable","48":"shipping-taxable","49":"purchasable","50":"product-type-variable"},"yoast_head":"<!-- This site is optimized with the Yoast SEO Premium plugin v27.2 (Yoast SEO v27.2) - https:\/\/yoast.com\/product\/yoast-seo-premium-wordpress\/ -->\n<title>Fazy Ksi\u0119\u017cyca w Dniu Pierwszego Spotkania, Zar\u0119czyn i \u015alubu - Positive Prints<\/title>\n<meta name=\"description\" content=\"Fazy Ksi\u0119\u017cyca w Dniu Pierwszego Spotkania, Zar\u0119czyn i \u015alubu to personalizowany wydruk lub obraz na p\u0142\u00f3tnie, kt\u00f3ry pi\u0119knie przedstawia najwa\u017cniejsze etapy Waszego zwi\u0105zku.\" \/>\n<meta name=\"robots\" content=\"index, follow, max-snippet:-1, max-image-preview:large, max-video-preview:-1\" \/>\n<link rel=\"canonical\" href=\"https:\/\/positiveprints.com\/pl\/produkt\/fazy-ksiezyca-w-dniu-pierwszego-spotkania-zareczyn-i-slubu\/\" \/>\n<meta property=\"og:locale\" content=\"pl_PL\" \/>\n<meta property=\"og:type\" content=\"article\" \/>\n<meta property=\"og:title\" content=\"Fazy Ksi\u0119\u017cyca w Dniu Pierwszego Spotkania, Zar\u0119czyn i \u015alubu\" \/>\n<meta property=\"og:description\" content=\"Spersonalizuj w 3 prostych krokach  Wybierz jedn\u0105 z efektownych wersji kolorystycznych  Dodaj dedykacj\u0119 prosto z serca  Interaktywny podgl\u0105d pozwoli dopracowa\u0107 ka\u017cdy szczeg\u00f3\u0142\" \/>\n<meta property=\"og:url\" content=\"https:\/\/positiveprints.com\/pl\/produkt\/fazy-ksiezyca-w-dniu-pierwszego-spotkania-zareczyn-i-slubu\/\" \/>\n<meta property=\"og:site_name\" content=\"Positive Prints\" \/>\n<meta property=\"article:publisher\" content=\"https:\/\/www.facebook.com\/positiveprintscom\" \/>\n<meta property=\"article:modified_time\" content=\"2026-04-03T01:39:03+00:00\" \/>\n<meta property=\"og:image\" content=\"https:\/\/positiveprints.com\/wp-content\/uploads\/2025\/07\/Packshot_PL_Fazy-Ksie\u0328z\u0307yca-w-Dniu-Pierwszego-Spotkania-Zare\u0328czyn-i-S\u0301lubu.webp\" \/>\n\t<meta property=\"og:image:width\" content=\"1450\" \/>\n\t<meta property=\"og:image:height\" content=\"1450\" \/>\n\t<meta property=\"og:image:type\" content=\"image\/webp\" \/>\n<meta name=\"twitter:card\" content=\"summary_large_image\" \/>\n<meta name=\"twitter:label1\" content=\"Szacowany czas czytania\" \/>\n\t<meta name=\"twitter:data1\" content=\"2 minuty\" \/>\n<!-- \/ Yoast SEO Premium plugin. -->","yoast_head_json":{"title":"Fazy Ksi\u0119\u017cyca w Dniu Pierwszego Spotkania, Zar\u0119czyn i \u015alubu - Positive Prints","description":"Fazy Ksi\u0119\u017cyca w Dniu Pierwszego Spotkania, Zar\u0119czyn i \u015alubu to personalizowany wydruk lub obraz na p\u0142\u00f3tnie, kt\u00f3ry pi\u0119knie przedstawia najwa\u017cniejsze etapy Waszego zwi\u0105zku.","robots":{"index":"index","follow":"follow","max-snippet":"max-snippet:-1","max-image-preview":"max-image-preview:large","max-video-preview":"max-video-preview:-1"},"canonical":"https:\/\/positiveprints.com\/pl\/produkt\/fazy-ksiezyca-w-dniu-pierwszego-spotkania-zareczyn-i-slubu\/","og_locale":"pl_PL","og_type":"article","og_title":"Fazy Ksi\u0119\u017cyca w Dniu Pierwszego Spotkania, Zar\u0119czyn i \u015alubu","og_description":"Spersonalizuj w 3 prostych krokach  Wybierz jedn\u0105 z efektownych wersji kolorystycznych  Dodaj dedykacj\u0119 prosto z serca  Interaktywny podgl\u0105d pozwoli dopracowa\u0107 ka\u017cdy szczeg\u00f3\u0142","og_url":"https:\/\/positiveprints.com\/pl\/produkt\/fazy-ksiezyca-w-dniu-pierwszego-spotkania-zareczyn-i-slubu\/","og_site_name":"Positive Prints","article_publisher":"https:\/\/www.facebook.com\/positiveprintscom","article_modified_time":"2026-04-03T01:39:03+00:00","og_image":[{"width":1450,"height":1450,"url":"https:\/\/positiveprints.com\/wp-content\/uploads\/2025\/07\/Packshot_PL_Fazy-Ksie\u0328z\u0307yca-w-Dniu-Pierwszego-Spotkania-Zare\u0328czyn-i-S\u0301lubu.webp","type":"image\/webp"}],"twitter_card":"summary_large_image","twitter_misc":{"Szacowany czas czytania":"2 minuty"},"schema":{"@context":"https:\/\/schema.org","@graph":[{"@type":["WebPage","ItemPage"],"@id":"https:\/\/positiveprints.com\/pl\/produkt\/fazy-ksiezyca-w-dniu-pierwszego-spotkania-zareczyn-i-slubu\/","url":"https:\/\/positiveprints.com\/pl\/produkt\/fazy-ksiezyca-w-dniu-pierwszego-spotkania-zareczyn-i-slubu\/","name":"Fazy Ksi\u0119\u017cyca w Dniu Pierwszego Spotkania, Zar\u0119czyn i \u015alubu - Positive Prints","isPartOf":{"@id":"https:\/\/positiveprints.com\/pl\/#website"},"primaryImageOfPage":{"@id":"https:\/\/positiveprints.com\/pl\/produkt\/fazy-ksiezyca-w-dniu-pierwszego-spotkania-zareczyn-i-slubu\/#primaryimage"},"image":{"@id":"https:\/\/positiveprints.com\/pl\/produkt\/fazy-ksiezyca-w-dniu-pierwszego-spotkania-zareczyn-i-slubu\/#primaryimage"},"thumbnailUrl":"https:\/\/positiveprints.com\/wp-content\/uploads\/2025\/07\/Packshot_PL_Fazy-Ksie\u0328z\u0307yca-w-Dniu-Pierwszego-Spotkania-Zare\u0328czyn-i-S\u0301lubu.webp","datePublished":"2024-08-05T09:01:00+00:00","dateModified":"2026-04-03T01:39:03+00:00","description":"Fazy Ksi\u0119\u017cyca w Dniu Pierwszego Spotkania, Zar\u0119czyn i \u015alubu to personalizowany wydruk lub obraz na p\u0142\u00f3tnie, kt\u00f3ry pi\u0119knie przedstawia najwa\u017cniejsze etapy Waszego zwi\u0105zku.","breadcrumb":{"@id":"https:\/\/positiveprints.com\/pl\/produkt\/fazy-ksiezyca-w-dniu-pierwszego-spotkania-zareczyn-i-slubu\/#breadcrumb"},"inLanguage":"pl-PL","potentialAction":[{"@type":"ReadAction","target":["https:\/\/positiveprints.com\/pl\/produkt\/fazy-ksiezyca-w-dniu-pierwszego-spotkania-zareczyn-i-slubu\/"]}]},{"@type":"ImageObject","inLanguage":"pl-PL","@id":"https:\/\/positiveprints.com\/pl\/produkt\/fazy-ksiezyca-w-dniu-pierwszego-spotkania-zareczyn-i-slubu\/#primaryimage","url":"https:\/\/positiveprints.com\/wp-content\/uploads\/2025\/07\/Packshot_PL_Fazy-Ksie\u0328z\u0307yca-w-Dniu-Pierwszego-Spotkania-Zare\u0328czyn-i-S\u0301lubu.webp","contentUrl":"https:\/\/positiveprints.com\/wp-content\/uploads\/2025\/07\/Packshot_PL_Fazy-Ksie\u0328z\u0307yca-w-Dniu-Pierwszego-Spotkania-Zare\u0328czyn-i-S\u0301lubu.webp","width":1450,"height":1450,"caption":"Packshot_PL_Fazy Ksie\u0328z\u0307yca w Dniu Pierwszego Spotkania, Zare\u0328czyn i S\u0301lubu"},{"@type":"BreadcrumbList","@id":"https:\/\/positiveprints.com\/pl\/produkt\/fazy-ksiezyca-w-dniu-pierwszego-spotkania-zareczyn-i-slubu\/#breadcrumb","itemListElement":[{"@type":"ListItem","position":1,"name":"Home","item":"https:\/\/positiveprints.com\/pl\/"},{"@type":"ListItem","position":2,"name":"Produkty","item":"https:\/\/positiveprints.com\/pl\/shop\/"},{"@type":"ListItem","position":3,"name":"Fazy Ksi\u0119\u017cyca w Dniu Pierwszego Spotkania, Zar\u0119czyn i \u015alubu"}]},{"@type":"WebSite","@id":"https:\/\/positiveprints.com\/pl\/#website","url":"https:\/\/positiveprints.com\/pl\/","name":"Positive Prints","description":"Amazing Custom Personalized Gifts","publisher":{"@id":"https:\/\/positiveprints.com\/pl\/#organization"},"potentialAction":[{"@type":"SearchAction","target":{"@type":"EntryPoint","urlTemplate":"https:\/\/positiveprints.com\/pl\/?s={search_term_string}"},"query-input":{"@type":"PropertyValueSpecification","valueRequired":true,"valueName":"search_term_string"}}],"inLanguage":"pl-PL"},{"@type":"Organization","@id":"https:\/\/positiveprints.com\/pl\/#organization","name":"Positive Prints","alternateName":"Positive Prints","url":"https:\/\/positiveprints.com\/pl\/","logo":{"@type":"ImageObject","inLanguage":"pl-PL","@id":"https:\/\/positiveprints.com\/pl\/#\/schema\/logo\/image\/","url":"https:\/\/positiveprints.com\/wp-content\/uploads\/2026\/03\/245815646_1337939713319158_5671353136411139666_n.png","contentUrl":"https:\/\/positiveprints.com\/wp-content\/uploads\/2026\/03\/245815646_1337939713319158_5671353136411139666_n.png","width":800,"height":800,"caption":"Positive Prints"},"image":{"@id":"https:\/\/positiveprints.com\/pl\/#\/schema\/logo\/image\/"},"sameAs":["https:\/\/www.facebook.com\/positiveprintscom","https:\/\/www.instagram.com\/positiveprintscom\/","https:\/\/www.tiktok.com\/@positiveprintscom","https:\/\/www.pinterest.com\/positiveprintscom\/"]}]}},"jetpack_sharing_enabled":true,"_links":{"self":[{"href":"https:\/\/positiveprints.com\/pl\/wp-json\/wp\/v2\/product\/1172067","targetHints":{"allow":["GET"]}}],"collection":[{"href":"https:\/\/positiveprints.com\/pl\/wp-json\/wp\/v2\/product"}],"about":[{"href":"https:\/\/positiveprints.com\/pl\/wp-json\/wp\/v2\/types\/product"}],"wp:featuredmedia":[{"embeddable":true,"href":"https:\/\/positiveprints.com\/pl\/wp-json\/wp\/v2\/media\/1479568"}],"wp:attachment":[{"href":"https:\/\/positiveprints.com\/pl\/wp-json\/wp\/v2\/media?parent=1172067"}],"wp:term":[{"taxonomy":"product_brand","embeddable":true,"href":"https:\/\/positiveprints.com\/pl\/wp-json\/wp\/v2\/product_brand?post=1172067"},{"taxonomy":"product_cat","embeddable":true,"href":"https:\/\/positiveprints.com\/pl\/wp-json\/wp\/v2\/product_cat?post=1172067"},{"taxonomy":"product_tag","embeddable":true,"href":"https:\/\/positiveprints.com\/pl\/wp-json\/wp\/v2\/product_tag?post=1172067"}],"curies":[{"name":"wp","href":"https:\/\/api.w.org\/{rel}","templated":true}]}}