{"id":1171891,"date":"2024-08-02T10:02:32","date_gmt":"2024-08-02T09:02:32","guid":{"rendered":"https:\/\/positiveprints.com\/?post_type=product&#038;p=1171891"},"modified":"2026-04-12T20:09:48","modified_gmt":"2026-04-12T19:09:48","slug":"ksiezyc-z-naszej-pierwszej-randki-ze-zdjeciem","status":"publish","type":"product","link":"https:\/\/positiveprints.com\/pl\/produkt\/ksiezyc-z-naszej-pierwszej-randki-ze-zdjeciem\/","title":{"rendered":"Ksi\u0119\u017cyc z Naszej Pierwszej Randki ze Zdj\u0119ciem"},"content":{"rendered":"<p>Szukasz wyj\u0105tkowego i romantycznego sposobu na uczczenie swojej historii mi\u0142osnej? Ksi\u0119\u017cyc z Naszej Pierwszej Randki ze Zdj\u0119ciem to personalizowany wydruk lub obraz na p\u0142\u00f3tnie, kt\u00f3ry pi\u0119knie oddaje magi\u0119 Waszej pierwszej randki. Ta wyj\u0105tkowa grafika przedstawia faz\u0119 ksi\u0119\u017cyca z tego pami\u0119tnego wieczoru wraz z cennym zdj\u0119ciem przedstawiaj\u0105cym Ciebie i Twojego partnera. To idealny spos\u00f3b na upami\u0119tnienie pocz\u0105tku wsp\u00f3lnej podr\u00f3\u017cy i stworzenie trwa\u0142ej pami\u0105tki.<\/p>\r\n\r\n<h2>Ksi\u0119\u017cyc z Naszej Pierwszej Randki ze Zdj\u0119ciem<\/h2>\r\n\r\n<p>Ksi\u0119\u017cyc z Naszej Pierwszej Randki ze Zdj\u0119ciem to osza\u0142amiaj\u0105ca grafika, kt\u00f3ra \u0142\u0105czy w sobie faz\u0119 ksi\u0119\u017cyca i osobiste zdj\u0119cie. Aby stworzy\u0107 t\u0119 sentymentaln\u0105 pami\u0105tk\u0119, wystarczy odwiedzi\u0107 nasz kreator online. Zacznij od wybrania t\u0142a &#8211; wybierz jedn\u0105 z gotowych opcji lub samodzielnie skomponuj kolorystyk\u0119. Nast\u0119pnie dodaj tytu\u0142 swojego dzie\u0142a &#8211; specjaln\u0105 wiadomo\u015b\u0107 lub sentencj\u0119, kt\u00f3ra b\u0119dzie wy\u015bwietlana nad ksi\u0119\u017cycem i zdj\u0119ciem.<\/p>\r\n\r\n<p>Po ustawieniu tytu\u0142u wprowad\u017a dat\u0119 i lokalizacj\u0119, aby wy\u015bwietli\u0107 faz\u0119 ksi\u0119\u017cyca z nocy pierwszej randki. Poni\u017cej ksi\u0119\u017cyca i zdj\u0119cia mo\u017cesz doda\u0107 imiona, specjaln\u0105 dat\u0119 lub dowolny inny tekst, aby uczyni\u0107 go jeszcze bardziej osobistym. Na koniec wybierz format swojej grafiki. Oferujemy r\u00f3\u017cne rozmiary i style, w tym drukowane lub oprawione plakaty, obrazy na p\u0142\u00f3tnie i pliki cyfrowe do natychmiastowego pobrania.<\/p>\r\n\r\n<h2>Dlaczego Ksi\u0119\u017cyc z Naszej Pierwszej Randki ze Zdj\u0119ciem jest idealnym prezentem<\/h2>\r\n\r\n<p>Znalezienie znacz\u0105cego i romantycznego prezentu, aby uczci\u0107 sw\u00f3j zwi\u0105zek mo\u017ce by\u0107 wyzwaniem, ale Ksi\u0119\u017cyc z Naszej Pierwszej Randki ze Zdj\u0119ciem jest idealnym rozwi\u0105zaniem. Ta grafika to nie tylko wizualna przyjemno\u015b\u0107. To sentymentalne przypomnienie nocy, kt\u00f3ra zapocz\u0105tkowa\u0142a Wasz\u0105 histori\u0119 mi\u0142osn\u0105. Idealny na rocznic\u0119, Walentynki lub inn\u0105 specjaln\u0105 okazj\u0119, ten prezent poka\u017ce Twojej partnerce, jak wiele znaczy dla Ciebie ta pierwsza randka.<\/p>\r\n\r\n<p>Personalizowany charakter tego dzie\u0142a sztuki zapewnia, \u017ce ka\u017cdy obraz jest wyj\u0105tkowy. Za ka\u017cdym razem, gdy Ty i Tw\u00f3j partner go zobaczycie, przypomni Wam si\u0119 ekscytacja i magia pierwszej randki. Jest to prezent, kt\u00f3ry ma g\u0142\u0119bokie znaczenie i z pewno\u015bci\u0105 stanie si\u0119 cenn\u0105 cz\u0119\u015bci\u0105 Twojego domu.<\/p>\r\n\r\n<h2>Zacznij personalizowa\u0107 sw\u00f3j prezent ju\u017c dzi\u015b<\/h2>\r\n\r\n<p>Gotowy do stworzenia niezapomnianego i zapadaj\u0105cego w pami\u0119\u0107 prezentu? Rozpocznij personalizacj\u0119 Ksi\u0119\u017cyca z Naszej Pierwszej Randki ze Zdj\u0119ciem ju\u017c dzi\u015b.<\/p>\r\n\r\n<p>Nie czekaj &#8211; zamie\u0144 t\u0119 niezapomnian\u0105 pierwsz\u0105 randk\u0119 w osza\u0142amiaj\u0105ce dzie\u0142o sztuki, kt\u00f3re Ty i Tw\u00f3j partner b\u0119dziecie ceni\u0107 na zawsze. Zam\u00f3w personalizowany Ksi\u0119\u017cyc z Naszej Pierwszej Randki ze Zdj\u0119ciem ju\u017c teraz i podaruj prezent, kt\u00f3ry jest naprawd\u0119 nie z tego \u015bwiata.<\/p>","protected":false},"excerpt":{"rendered":"<ul class=\"check-list\">\n<li>Zapami\u0119taj wyj\u0105tkow\u0105 chwil\u0119 z wydrukiem fazy ksi\u0119\u017cyca z wybranej daty i miejsca<\/li>\n<li>Spersonalizuj w 3 prostych krokach<\/li>\n<li>Wybierz jedn\u0105 z efektownych wersji kolorystycznych<\/li>\n<li>Dodaj dedykacj\u0119 prosto z serca<\/li>\n<li>Interaktywny podgl\u0105d pozwoli dopracowa\u0107 ka\u017cdy szczeg\u00f3\u0142<\/li>\n<\/ul>\n","protected":false},"featured_media":1176866,"template":"","meta":[],"product_brand":[],"product_cat":[11109,99,8010,7690],"product_tag":[14975,9792,17444,13633,8375],"class_list":{"0":"post-1171891","1":"product","2":"type-product","3":"status-publish","4":"has-post-thumbnail","6":"product_cat-podwojny-ksiezyc","7":"product_cat-wszystkie-produkty","8":"product_cat-prezent-dla-mezczyzny","9":"product_cat-prezent-dla-kobiety","10":"product_tag-anniversary-pl","11":"product_tag-ksiezyc","12":"product_tag-moon-pl","13":"product_tag-moon-phase-pl","14":"product_tag-rocznica","16":"first","17":"instock","18":"sale","19":"taxable","20":"shipping-taxable","21":"purchasable","22":"product-type-variable"},"yoast_head":"<!-- This site is optimized with the Yoast SEO Premium plugin v27.2 (Yoast SEO v27.2) - https:\/\/yoast.com\/product\/yoast-seo-premium-wordpress\/ -->\n<title>Ksi\u0119\u017cyc z Naszej Pierwszej Randki ze Zdj\u0119ciem - Positive Prints<\/title>\n<meta name=\"description\" content=\"Szukasz wyj\u0105tkowego i romantycznego sposobu na uczczenie swojej historii mi\u0142osnej? Zacznij personalizowa\u0107 sw\u00f3j Ksi\u0119\u017cyc z Naszej Pierwszej Randki ze zdj\u0119ciem ju\u017c dzi\u015b\" \/>\n<meta name=\"robots\" content=\"index, follow, max-snippet:-1, max-image-preview:large, max-video-preview:-1\" \/>\n<link rel=\"canonical\" href=\"https:\/\/positiveprints.com\/pl\/produkt\/ksiezyc-z-naszej-pierwszej-randki-ze-zdjeciem\/\" \/>\n<meta property=\"og:locale\" content=\"pl_PL\" \/>\n<meta property=\"og:type\" content=\"article\" \/>\n<meta property=\"og:title\" content=\"Ksi\u0119\u017cyc z Naszej Pierwszej Randki ze Zdj\u0119ciem\" \/>\n<meta property=\"og:description\" content=\"Zapami\u0119taj wyj\u0105tkow\u0105 chwil\u0119 z wydrukiem fazy ksi\u0119\u017cyca z wybranej daty i miejsca Spersonalizuj w 3 prostych krokach Wybierz jedn\u0105 z efektownych wersji kolorystycznych Dodaj dedykacj\u0119 prosto z serca Interaktywny podgl\u0105d pozwoli dopracowa\u0107 ka\u017cdy szczeg\u00f3\u0142\" \/>\n<meta property=\"og:url\" content=\"https:\/\/positiveprints.com\/pl\/produkt\/ksiezyc-z-naszej-pierwszej-randki-ze-zdjeciem\/\" \/>\n<meta property=\"og:site_name\" content=\"Positive Prints\" \/>\n<meta property=\"article:publisher\" content=\"https:\/\/www.facebook.com\/positiveprintscom\" \/>\n<meta property=\"article:modified_time\" content=\"2026-04-12T19:09:48+00:00\" \/>\n<meta property=\"og:image\" content=\"https:\/\/positiveprints.com\/wp-content\/uploads\/2024\/08\/Ksie\u0328z\u0307yc-z-Naszej-Pierwszej-Randki-ze-Zdje\u0328ciem.jpg\" \/>\n\t<meta property=\"og:image:width\" content=\"1080\" \/>\n\t<meta property=\"og:image:height\" content=\"1080\" \/>\n\t<meta property=\"og:image:type\" content=\"image\/jpeg\" \/>\n<meta name=\"twitter:card\" content=\"summary_large_image\" \/>\n<meta name=\"twitter:label1\" content=\"Szacowany czas czytania\" \/>\n\t<meta name=\"twitter:data1\" content=\"2 minuty\" \/>\n<!-- \/ Yoast SEO Premium plugin. -->","yoast_head_json":{"title":"Ksi\u0119\u017cyc z Naszej Pierwszej Randki ze Zdj\u0119ciem - Positive Prints","description":"Szukasz wyj\u0105tkowego i romantycznego sposobu na uczczenie swojej historii mi\u0142osnej? Zacznij personalizowa\u0107 sw\u00f3j Ksi\u0119\u017cyc z Naszej Pierwszej Randki ze zdj\u0119ciem ju\u017c dzi\u015b","robots":{"index":"index","follow":"follow","max-snippet":"max-snippet:-1","max-image-preview":"max-image-preview:large","max-video-preview":"max-video-preview:-1"},"canonical":"https:\/\/positiveprints.com\/pl\/produkt\/ksiezyc-z-naszej-pierwszej-randki-ze-zdjeciem\/","og_locale":"pl_PL","og_type":"article","og_title":"Ksi\u0119\u017cyc z Naszej Pierwszej Randki ze Zdj\u0119ciem","og_description":"Zapami\u0119taj wyj\u0105tkow\u0105 chwil\u0119 z wydrukiem fazy ksi\u0119\u017cyca z wybranej daty i miejsca Spersonalizuj w 3 prostych krokach Wybierz jedn\u0105 z efektownych wersji kolorystycznych Dodaj dedykacj\u0119 prosto z serca Interaktywny podgl\u0105d pozwoli dopracowa\u0107 ka\u017cdy szczeg\u00f3\u0142","og_url":"https:\/\/positiveprints.com\/pl\/produkt\/ksiezyc-z-naszej-pierwszej-randki-ze-zdjeciem\/","og_site_name":"Positive Prints","article_publisher":"https:\/\/www.facebook.com\/positiveprintscom","article_modified_time":"2026-04-12T19:09:48+00:00","og_image":[{"width":1080,"height":1080,"url":"https:\/\/positiveprints.com\/wp-content\/uploads\/2024\/08\/Ksie\u0328z\u0307yc-z-Naszej-Pierwszej-Randki-ze-Zdje\u0328ciem.jpg","type":"image\/jpeg"}],"twitter_card":"summary_large_image","twitter_misc":{"Szacowany czas czytania":"2 minuty"},"schema":{"@context":"https:\/\/schema.org","@graph":[{"@type":["WebPage","ItemPage"],"@id":"https:\/\/positiveprints.com\/pl\/produkt\/ksiezyc-z-naszej-pierwszej-randki-ze-zdjeciem\/","url":"https:\/\/positiveprints.com\/pl\/produkt\/ksiezyc-z-naszej-pierwszej-randki-ze-zdjeciem\/","name":"Ksi\u0119\u017cyc z Naszej Pierwszej Randki ze Zdj\u0119ciem - Positive Prints","isPartOf":{"@id":"https:\/\/positiveprints.com\/pl\/#website"},"primaryImageOfPage":{"@id":"https:\/\/positiveprints.com\/pl\/produkt\/ksiezyc-z-naszej-pierwszej-randki-ze-zdjeciem\/#primaryimage"},"image":{"@id":"https:\/\/positiveprints.com\/pl\/produkt\/ksiezyc-z-naszej-pierwszej-randki-ze-zdjeciem\/#primaryimage"},"thumbnailUrl":"https:\/\/positiveprints.com\/wp-content\/uploads\/2024\/08\/Ksie\u0328z\u0307yc-z-Naszej-Pierwszej-Randki-ze-Zdje\u0328ciem.jpg","datePublished":"2024-08-02T09:02:32+00:00","dateModified":"2026-04-12T19:09:48+00:00","description":"Szukasz wyj\u0105tkowego i romantycznego sposobu na uczczenie swojej historii mi\u0142osnej? Zacznij personalizowa\u0107 sw\u00f3j Ksi\u0119\u017cyc z Naszej Pierwszej Randki ze zdj\u0119ciem ju\u017c dzi\u015b","breadcrumb":{"@id":"https:\/\/positiveprints.com\/pl\/produkt\/ksiezyc-z-naszej-pierwszej-randki-ze-zdjeciem\/#breadcrumb"},"inLanguage":"pl-PL","potentialAction":[{"@type":"ReadAction","target":["https:\/\/positiveprints.com\/pl\/produkt\/ksiezyc-z-naszej-pierwszej-randki-ze-zdjeciem\/"]}]},{"@type":"ImageObject","inLanguage":"pl-PL","@id":"https:\/\/positiveprints.com\/pl\/produkt\/ksiezyc-z-naszej-pierwszej-randki-ze-zdjeciem\/#primaryimage","url":"https:\/\/positiveprints.com\/wp-content\/uploads\/2024\/08\/Ksie\u0328z\u0307yc-z-Naszej-Pierwszej-Randki-ze-Zdje\u0328ciem.jpg","contentUrl":"https:\/\/positiveprints.com\/wp-content\/uploads\/2024\/08\/Ksie\u0328z\u0307yc-z-Naszej-Pierwszej-Randki-ze-Zdje\u0328ciem.jpg","width":1080,"height":1080},{"@type":"BreadcrumbList","@id":"https:\/\/positiveprints.com\/pl\/produkt\/ksiezyc-z-naszej-pierwszej-randki-ze-zdjeciem\/#breadcrumb","itemListElement":[{"@type":"ListItem","position":1,"name":"Home","item":"https:\/\/positiveprints.com\/pl\/"},{"@type":"ListItem","position":2,"name":"Produkty","item":"https:\/\/positiveprints.com\/pl\/shop\/"},{"@type":"ListItem","position":3,"name":"Ksi\u0119\u017cyc z Naszej Pierwszej Randki ze Zdj\u0119ciem"}]},{"@type":"WebSite","@id":"https:\/\/positiveprints.com\/pl\/#website","url":"https:\/\/positiveprints.com\/pl\/","name":"Positive Prints","description":"Amazing Custom Personalized Gifts","publisher":{"@id":"https:\/\/positiveprints.com\/pl\/#organization"},"potentialAction":[{"@type":"SearchAction","target":{"@type":"EntryPoint","urlTemplate":"https:\/\/positiveprints.com\/pl\/?s={search_term_string}"},"query-input":{"@type":"PropertyValueSpecification","valueRequired":true,"valueName":"search_term_string"}}],"inLanguage":"pl-PL"},{"@type":"Organization","@id":"https:\/\/positiveprints.com\/pl\/#organization","name":"Positive Prints","alternateName":"Positive Prints","url":"https:\/\/positiveprints.com\/pl\/","logo":{"@type":"ImageObject","inLanguage":"pl-PL","@id":"https:\/\/positiveprints.com\/pl\/#\/schema\/logo\/image\/","url":"https:\/\/positiveprints.com\/wp-content\/uploads\/2026\/03\/245815646_1337939713319158_5671353136411139666_n.png","contentUrl":"https:\/\/positiveprints.com\/wp-content\/uploads\/2026\/03\/245815646_1337939713319158_5671353136411139666_n.png","width":800,"height":800,"caption":"Positive Prints"},"image":{"@id":"https:\/\/positiveprints.com\/pl\/#\/schema\/logo\/image\/"},"sameAs":["https:\/\/www.facebook.com\/positiveprintscom","https:\/\/www.instagram.com\/positiveprintscom\/","https:\/\/www.tiktok.com\/@positiveprintscom","https:\/\/www.pinterest.com\/positiveprintscom\/"]}]}},"jetpack_sharing_enabled":true,"_links":{"self":[{"href":"https:\/\/positiveprints.com\/pl\/wp-json\/wp\/v2\/product\/1171891","targetHints":{"allow":["GET"]}}],"collection":[{"href":"https:\/\/positiveprints.com\/pl\/wp-json\/wp\/v2\/product"}],"about":[{"href":"https:\/\/positiveprints.com\/pl\/wp-json\/wp\/v2\/types\/product"}],"wp:featuredmedia":[{"embeddable":true,"href":"https:\/\/positiveprints.com\/pl\/wp-json\/wp\/v2\/media\/1176866"}],"wp:attachment":[{"href":"https:\/\/positiveprints.com\/pl\/wp-json\/wp\/v2\/media?parent=1171891"}],"wp:term":[{"taxonomy":"product_brand","embeddable":true,"href":"https:\/\/positiveprints.com\/pl\/wp-json\/wp\/v2\/product_brand?post=1171891"},{"taxonomy":"product_cat","embeddable":true,"href":"https:\/\/positiveprints.com\/pl\/wp-json\/wp\/v2\/product_cat?post=1171891"},{"taxonomy":"product_tag","embeddable":true,"href":"https:\/\/positiveprints.com\/pl\/wp-json\/wp\/v2\/product_tag?post=1171891"}],"curies":[{"name":"wp","href":"https:\/\/api.w.org\/{rel}","templated":true}]}}