{"id":1171876,"date":"2024-08-02T09:30:21","date_gmt":"2024-08-02T08:30:21","guid":{"rendered":"https:\/\/positiveprints.com\/?post_type=product&#038;p=1171876"},"modified":"2026-04-03T02:39:49","modified_gmt":"2026-04-03T01:39:49","slug":"faza-ksiezyca-ze-zdjeciem","status":"publish","type":"product","link":"https:\/\/positiveprints.com\/pl\/produkt\/faza-ksiezyca-ze-zdjeciem\/","title":{"rendered":"Faza Ksi\u0119\u017cyca ze Zdj\u0119ciem"},"content":{"rendered":"<p>Szukasz wyj\u0105tkowego i niezapomnianego prezentu, kt\u00f3ry \u0142\u0105czy niebia\u0144skie pi\u0119kno z osobistymi wspomnieniami? Faza Ksi\u0119\u017cyca ze Zdj\u0119ciem to personalizowany wydruk lub obraz na p\u0142\u00f3tnie, kt\u00f3ry pi\u0119knie \u0142\u0105czy cudowne fazy ksi\u0119\u017cyca z cennym zdj\u0119ciem. Ta wyj\u0105tkowa grafika przedstawia faz\u0119 ksi\u0119\u017cyca z wa\u017cnej daty w Twoim \u017cyciu wraz z cennym zdj\u0119ciem. To idealny spos\u00f3b na uczczenie wyj\u0105tkowych chwil i stworzenie trwa\u0142ej pami\u0105tki.<\/p>\r\n\r\n<h2>Faza Ksi\u0119\u017cyca ze Zdj\u0119ciem<\/h2>\r\n\r\n<p>Faza Ksi\u0119\u017cyca ze Zdj\u0119ciem to osza\u0142amiaj\u0105ca grafika, kt\u00f3ra przedstawia faz\u0119 ksi\u0119\u017cyca i osobiste zdj\u0119cie. Aby stworzy\u0107 t\u0119 znacz\u0105c\u0105 pami\u0105tk\u0119, wystarczy odwiedzi\u0107 nasz kreator online. Zacznij od wybrania t\u0142a. Wybierz jedn\u0105 z gotowych opcji lub samodzielnie skomponuj kolorystyk\u0119. Nast\u0119pnie dodaj tytu\u0142 swojego dzie\u0142a &#8211; specjaln\u0105 wiadomo\u015b\u0107 lub sentencj\u0119, kt\u00f3ra b\u0119dzie wy\u015bwietlana nad ksi\u0119\u017cycem i zdj\u0119ciem.<\/p>\r\n\r\n<p>Po ustawieniu tytu\u0142u wprowad\u017a dat\u0119 i lokalizacj\u0119, aby wy\u015bwietli\u0107 faz\u0119 ksi\u0119\u017cyca z wybranego wa\u017cnego dnia. Poni\u017cej ksi\u0119\u017cyca i zdj\u0119cia mo\u017cesz doda\u0107 imiona lub dowolny inny tekst, aby uczyni\u0107 go jeszcze bardziej osobistym. Na koniec wybierz format swojej grafiki. Oferujemy r\u00f3\u017cne rozmiary i style, w tym drukowane lub oprawione plakaty, obrazy na p\u0142\u00f3tnie i pliki cyfrowe do natychmiastowego pobrania.<\/p>\r\n\r\n<h2>Dlaczego Faza Ksi\u0119\u017cyca ze Zdj\u0119ciami jest idealnym prezentem<\/h2>\r\n\r\n<p>Znalezienie warto\u015bciowego i personalizowanego prezentu mo\u017ce by\u0107 wyzwaniem, ale Faza Ksi\u0119\u017cyca ze Zdj\u0119ciem jest idealnym rozwi\u0105zaniem. Ta grafika to nie tylko wizualna przyjemno\u015b\u0107. To sentymentalne przypomnienie wa\u017cnego dnia w \u017cyciu. Idealny na urodziny, rocznice, wesela lub inne specjalne okazje, ten prezent poka\u017ce Twoim bliskim, jak wiele te chwile dla Ciebie znacz\u0105.<\/p>\r\n\r\n<p>Personalizowany charakter tego dzie\u0142a sztuki zapewnia, \u017ce ka\u017cdy egzemplarz jest wyj\u0105tkowy. Za ka\u017cdym razem, gdy Ty lub Twoja ukochana osoba go zobaczycie, przypomni Wam si\u0119 mi\u0142o\u015b\u0107 i wsp\u00f3lne wspomnienia. Jest to prezent, kt\u00f3ry ma g\u0142\u0119bokie znaczenie i z pewno\u015bci\u0105 stanie si\u0119 cenn\u0105 cz\u0119\u015bci\u0105 Twojego domu.<\/p>\r\n\r\n<h2>Zacznij personalizowa\u0107 sw\u00f3j prezent ju\u017c dzi\u015b<\/h2>\r\n\r\n<p>Gotowy do stworzenia niezapomnianego i zapadaj\u0105cego w pami\u0119\u0107 prezentu? Zacznij personalizowa\u0107 swoj\u0105 Faz\u0119 Ksi\u0119\u017cyca ze Zdj\u0119ciem ju\u017c dzi\u015b.<\/p>\r\n\r\n<p>Nie czekaj &#8211; zamie\u0144 te wyj\u0105tkowe chwile w osza\u0142amiaj\u0105ce dzie\u0142o sztuki, kt\u00f3re Ty i Twoi bliscy b\u0119dziecie piel\u0119gnowa\u0107 na zawsze. Zam\u00f3w personalizowan\u0105 Faz\u0119 Ksi\u0119\u017cyca ze Zdj\u0119ciem ju\u017c teraz i podaruj prezent, kt\u00f3ry jest naprawd\u0119 nie z tego \u015bwiata.<\/p>","protected":false},"excerpt":{"rendered":"<ul class=\"check-list\">\n<li>Zapami\u0119taj wyj\u0105tkow\u0105 chwil\u0119 z plakatem fazy ksi\u0119\u017cyca z wybranej daty i miejsca<\/li>\n<li>Spersonalizuj w 3 prostych krokach<\/li>\n<li>Wybierz jedn\u0105 z efektownych wersji kolorystycznych<\/li>\n<li>Dodaj dedykacj\u0119 prosto z serca<\/li>\n<li>Interaktywny podgl\u0105d pozwoli dopracowa\u0107 ka\u017cdy szczeg\u00f3\u0142<\/li>\n<\/ul>\n","protected":false},"featured_media":1176060,"template":"","meta":[],"product_brand":[],"product_cat":[11109,99,8010,7690],"product_tag":[9792,17444,13633],"class_list":{"0":"post-1171876","1":"product","2":"type-product","3":"status-publish","4":"has-post-thumbnail","6":"product_cat-podwojny-ksiezyc","7":"product_cat-wszystkie-produkty","8":"product_cat-prezent-dla-mezczyzny","9":"product_cat-prezent-dla-kobiety","10":"product_tag-ksiezyc","11":"product_tag-moon-pl","12":"product_tag-moon-phase-pl","14":"first","15":"instock","16":"sale","17":"taxable","18":"shipping-taxable","19":"purchasable","20":"product-type-variable"},"yoast_head":"<!-- This site is optimized with the Yoast SEO Premium plugin v27.2 (Yoast SEO v27.2) - https:\/\/yoast.com\/product\/yoast-seo-premium-wordpress\/ -->\n<title>Faza Ksi\u0119\u017cyca ze Zdj\u0119ciem - Positive Prints<\/title>\n<meta name=\"description\" content=\"Szukasz wyj\u0105tkowego i niezapomnianego prezentu, kt\u00f3ry \u0142\u0105czy w sobie niebia\u0144skie pi\u0119kno z osobistymi wspomnieniami? Zacznij personalizowa\u0107 swoj\u0105 Faz\u0119 Ksi\u0119\u017cyca ze Zdj\u0119ciem ju\u017c dzi\u015b.\" \/>\n<meta name=\"robots\" content=\"index, follow, max-snippet:-1, max-image-preview:large, max-video-preview:-1\" \/>\n<link rel=\"canonical\" href=\"https:\/\/positiveprints.com\/pl\/produkt\/faza-ksiezyca-ze-zdjeciem\/\" \/>\n<meta property=\"og:locale\" content=\"pl_PL\" \/>\n<meta property=\"og:type\" content=\"article\" \/>\n<meta property=\"og:title\" content=\"Faza Ksi\u0119\u017cyca ze Zdj\u0119ciem\" \/>\n<meta property=\"og:description\" content=\"Zapami\u0119taj wyj\u0105tkow\u0105 chwil\u0119 z plakatem fazy ksi\u0119\u017cyca z wybranej daty i miejsca Spersonalizuj w 3 prostych krokach Wybierz jedn\u0105 z efektownych wersji kolorystycznych Dodaj dedykacj\u0119 prosto z serca Interaktywny podgl\u0105d pozwoli dopracowa\u0107 ka\u017cdy szczeg\u00f3\u0142\" \/>\n<meta property=\"og:url\" content=\"https:\/\/positiveprints.com\/pl\/produkt\/faza-ksiezyca-ze-zdjeciem\/\" \/>\n<meta property=\"og:site_name\" content=\"Positive Prints\" \/>\n<meta property=\"article:publisher\" content=\"https:\/\/www.facebook.com\/positiveprintscom\" \/>\n<meta property=\"article:modified_time\" content=\"2026-04-03T01:39:49+00:00\" \/>\n<meta property=\"og:image\" content=\"https:\/\/positiveprints.com\/wp-content\/uploads\/2024\/08\/Faza-Ksie\u0328z\u0307yca-ze-Zdje\u0328ciem.jpg\" \/>\n\t<meta property=\"og:image:width\" content=\"1080\" \/>\n\t<meta property=\"og:image:height\" content=\"1080\" \/>\n\t<meta property=\"og:image:type\" content=\"image\/jpeg\" \/>\n<meta name=\"twitter:card\" content=\"summary_large_image\" \/>\n<!-- \/ Yoast SEO Premium plugin. -->","yoast_head_json":{"title":"Faza Ksi\u0119\u017cyca ze Zdj\u0119ciem - Positive Prints","description":"Szukasz wyj\u0105tkowego i niezapomnianego prezentu, kt\u00f3ry \u0142\u0105czy w sobie niebia\u0144skie pi\u0119kno z osobistymi wspomnieniami? Zacznij personalizowa\u0107 swoj\u0105 Faz\u0119 Ksi\u0119\u017cyca ze Zdj\u0119ciem ju\u017c dzi\u015b.","robots":{"index":"index","follow":"follow","max-snippet":"max-snippet:-1","max-image-preview":"max-image-preview:large","max-video-preview":"max-video-preview:-1"},"canonical":"https:\/\/positiveprints.com\/pl\/produkt\/faza-ksiezyca-ze-zdjeciem\/","og_locale":"pl_PL","og_type":"article","og_title":"Faza Ksi\u0119\u017cyca ze Zdj\u0119ciem","og_description":"Zapami\u0119taj wyj\u0105tkow\u0105 chwil\u0119 z plakatem fazy ksi\u0119\u017cyca z wybranej daty i miejsca Spersonalizuj w 3 prostych krokach Wybierz jedn\u0105 z efektownych wersji kolorystycznych Dodaj dedykacj\u0119 prosto z serca Interaktywny podgl\u0105d pozwoli dopracowa\u0107 ka\u017cdy szczeg\u00f3\u0142","og_url":"https:\/\/positiveprints.com\/pl\/produkt\/faza-ksiezyca-ze-zdjeciem\/","og_site_name":"Positive Prints","article_publisher":"https:\/\/www.facebook.com\/positiveprintscom","article_modified_time":"2026-04-03T01:39:49+00:00","og_image":[{"width":1080,"height":1080,"url":"https:\/\/positiveprints.com\/wp-content\/uploads\/2024\/08\/Faza-Ksie\u0328z\u0307yca-ze-Zdje\u0328ciem.jpg","type":"image\/jpeg"}],"twitter_card":"summary_large_image","schema":{"@context":"https:\/\/schema.org","@graph":[{"@type":["WebPage","ItemPage"],"@id":"https:\/\/positiveprints.com\/pl\/produkt\/faza-ksiezyca-ze-zdjeciem\/","url":"https:\/\/positiveprints.com\/pl\/produkt\/faza-ksiezyca-ze-zdjeciem\/","name":"Faza Ksi\u0119\u017cyca ze Zdj\u0119ciem - Positive Prints","isPartOf":{"@id":"https:\/\/positiveprints.com\/pl\/#website"},"primaryImageOfPage":{"@id":"https:\/\/positiveprints.com\/pl\/produkt\/faza-ksiezyca-ze-zdjeciem\/#primaryimage"},"image":{"@id":"https:\/\/positiveprints.com\/pl\/produkt\/faza-ksiezyca-ze-zdjeciem\/#primaryimage"},"thumbnailUrl":"https:\/\/positiveprints.com\/wp-content\/uploads\/2024\/08\/Faza-Ksie\u0328z\u0307yca-ze-Zdje\u0328ciem.jpg","datePublished":"2024-08-02T08:30:21+00:00","dateModified":"2026-04-03T01:39:49+00:00","description":"Szukasz wyj\u0105tkowego i niezapomnianego prezentu, kt\u00f3ry \u0142\u0105czy w sobie niebia\u0144skie pi\u0119kno z osobistymi wspomnieniami? Zacznij personalizowa\u0107 swoj\u0105 Faz\u0119 Ksi\u0119\u017cyca ze Zdj\u0119ciem ju\u017c dzi\u015b.","breadcrumb":{"@id":"https:\/\/positiveprints.com\/pl\/produkt\/faza-ksiezyca-ze-zdjeciem\/#breadcrumb"},"inLanguage":"pl-PL","potentialAction":[{"@type":"ReadAction","target":["https:\/\/positiveprints.com\/pl\/produkt\/faza-ksiezyca-ze-zdjeciem\/"]}]},{"@type":"ImageObject","inLanguage":"pl-PL","@id":"https:\/\/positiveprints.com\/pl\/produkt\/faza-ksiezyca-ze-zdjeciem\/#primaryimage","url":"https:\/\/positiveprints.com\/wp-content\/uploads\/2024\/08\/Faza-Ksie\u0328z\u0307yca-ze-Zdje\u0328ciem.jpg","contentUrl":"https:\/\/positiveprints.com\/wp-content\/uploads\/2024\/08\/Faza-Ksie\u0328z\u0307yca-ze-Zdje\u0328ciem.jpg","width":1080,"height":1080},{"@type":"BreadcrumbList","@id":"https:\/\/positiveprints.com\/pl\/produkt\/faza-ksiezyca-ze-zdjeciem\/#breadcrumb","itemListElement":[{"@type":"ListItem","position":1,"name":"Home","item":"https:\/\/positiveprints.com\/pl\/"},{"@type":"ListItem","position":2,"name":"Produkty","item":"https:\/\/positiveprints.com\/pl\/shop\/"},{"@type":"ListItem","position":3,"name":"Faza Ksi\u0119\u017cyca ze Zdj\u0119ciem"}]},{"@type":"WebSite","@id":"https:\/\/positiveprints.com\/pl\/#website","url":"https:\/\/positiveprints.com\/pl\/","name":"Positive Prints","description":"Amazing Custom Personalized Gifts","publisher":{"@id":"https:\/\/positiveprints.com\/pl\/#organization"},"potentialAction":[{"@type":"SearchAction","target":{"@type":"EntryPoint","urlTemplate":"https:\/\/positiveprints.com\/pl\/?s={search_term_string}"},"query-input":{"@type":"PropertyValueSpecification","valueRequired":true,"valueName":"search_term_string"}}],"inLanguage":"pl-PL"},{"@type":"Organization","@id":"https:\/\/positiveprints.com\/pl\/#organization","name":"Positive Prints","alternateName":"Positive Prints","url":"https:\/\/positiveprints.com\/pl\/","logo":{"@type":"ImageObject","inLanguage":"pl-PL","@id":"https:\/\/positiveprints.com\/pl\/#\/schema\/logo\/image\/","url":"https:\/\/positiveprints.com\/wp-content\/uploads\/2026\/03\/245815646_1337939713319158_5671353136411139666_n.png","contentUrl":"https:\/\/positiveprints.com\/wp-content\/uploads\/2026\/03\/245815646_1337939713319158_5671353136411139666_n.png","width":800,"height":800,"caption":"Positive Prints"},"image":{"@id":"https:\/\/positiveprints.com\/pl\/#\/schema\/logo\/image\/"},"sameAs":["https:\/\/www.facebook.com\/positiveprintscom","https:\/\/www.instagram.com\/positiveprintscom\/","https:\/\/www.tiktok.com\/@positiveprintscom","https:\/\/www.pinterest.com\/positiveprintscom\/"]}]}},"jetpack_sharing_enabled":true,"_links":{"self":[{"href":"https:\/\/positiveprints.com\/pl\/wp-json\/wp\/v2\/product\/1171876","targetHints":{"allow":["GET"]}}],"collection":[{"href":"https:\/\/positiveprints.com\/pl\/wp-json\/wp\/v2\/product"}],"about":[{"href":"https:\/\/positiveprints.com\/pl\/wp-json\/wp\/v2\/types\/product"}],"wp:featuredmedia":[{"embeddable":true,"href":"https:\/\/positiveprints.com\/pl\/wp-json\/wp\/v2\/media\/1176060"}],"wp:attachment":[{"href":"https:\/\/positiveprints.com\/pl\/wp-json\/wp\/v2\/media?parent=1171876"}],"wp:term":[{"taxonomy":"product_brand","embeddable":true,"href":"https:\/\/positiveprints.com\/pl\/wp-json\/wp\/v2\/product_brand?post=1171876"},{"taxonomy":"product_cat","embeddable":true,"href":"https:\/\/positiveprints.com\/pl\/wp-json\/wp\/v2\/product_cat?post=1171876"},{"taxonomy":"product_tag","embeddable":true,"href":"https:\/\/positiveprints.com\/pl\/wp-json\/wp\/v2\/product_tag?post=1171876"}],"curies":[{"name":"wp","href":"https:\/\/api.w.org\/{rel}","templated":true}]}}