{"id":1170790,"date":"2024-08-01T10:56:20","date_gmt":"2024-08-01T09:56:20","guid":{"rendered":"https:\/\/positiveprints.com\/?post_type=product&#038;p=1170790"},"modified":"2026-04-28T13:37:20","modified_gmt":"2026-04-28T12:37:20","slug":"fazy-ksiezyca-najlepszych-przyjaciol","status":"publish","type":"product","link":"https:\/\/positiveprints.com\/pl\/produkt\/fazy-ksiezyca-najlepszych-przyjaciol\/","title":{"rendered":"Fazy Ksi\u0119\u017cyca Najlepszych Przyjaci\u00f3\u0142"},"content":{"rendered":"<p>Szukasz wyj\u0105tkowego sposobu na uczczenie swojej przyja\u017ani? Fazy Ksi\u0119\u017cyca Najlepszych Przyjaci\u00f3\u0142 to personalizowany prezent, kt\u00f3ry pi\u0119knie oddaje wyj\u0105tkow\u0105 wi\u0119\u017a mi\u0119dzy najlepszymi przyjaci\u00f3\u0142mi. Ta wyj\u0105tkowa grafika przedstawia dwie fazy ksi\u0119\u017cyca: jedn\u0105 z twoich urodzin i jedn\u0105 z urodzin twojego najlepszego przyjaciela. To wspania\u0142y spos\u00f3b na uhonorowanie wyj\u0105tkowych chwil, kt\u00f3re definiuj\u0105 Wasz\u0105 przyja\u017a\u0144 i stworzenie trwa\u0142ej pami\u0105tki \u0142\u0105cz\u0105cej Was wi\u0119zi.<\/p>\r\n\r\n<h2>Fazy Ksi\u0119\u017cyca Najlepszych Przyjaci\u00f3\u0142<\/h2>\r\n\r\n<p>Fazy Ksi\u0119\u017cyca Najlepszych Przyjaci\u00f3\u0142 to osza\u0142amiaj\u0105ca, personalizowana grafika, kt\u00f3ra przedstawia dwie fazy ksi\u0119\u017cyca, z kt\u00f3rych ka\u017cda reprezentuje urodziny Twoje i Twojego najlepszego przyjaciela. Aby stworzy\u0107 t\u0119 niezapomnian\u0105 pami\u0105tk\u0119, wystarczy odwiedzi\u0107 nasz kreator online. Zacznij od wybrania t\u0142a; wybierz spo\u015br\u00f3d gotowych opcji lub samodzielnie skomponuj kolorystyk\u0119. Nast\u0119pnie dodaj tytu\u0142 swojego dzie\u0142a &#8211; specjaln\u0105 wiadomo\u015b\u0107 lub sentencj\u0119, kt\u00f3ra b\u0119dzie wy\u015bwietlana nad ksi\u0119\u017cycami.<\/p>\r\n\r\n<p>Po ustawieniu tytu\u0142u wprowad\u017a daty i lokalizacje dla ka\u017cdej fazy ksi\u0119\u017cyca. Dzi\u0119ki temu dowiesz si\u0119, jak wygl\u0105da\u0142 ksi\u0119\u017cyc w dniach, w kt\u00f3rych urodzi\u0142e\u015b si\u0119 Ty i Tw\u00f3j najlepszy przyjaciel. Poni\u017cej ka\u017cdego ksi\u0119\u017cyca mo\u017cesz doda\u0107 imiona lub dowolny inny tekst. Na koniec wybierz format swojej grafiki. Oferujemy r\u00f3\u017cne rozmiary i style, w tym drukowane lub oprawione plakaty, obrazy na p\u0142\u00f3tnie i pliki cyfrowe do natychmiastowego pobrania.<\/p>\r\n\r\n<h2>Dlaczego Fazy Ksi\u0119\u017cyca Najlepszych Przyjaci\u00f3\u0142 to idealny prezent<\/h2>\r\n\r\n<p>Znalezienie wyj\u0105tkowego prezentu, aby uczci\u0107 swoj\u0105 przyja\u017a\u0144 mo\u017ce by\u0107 wyzwaniem, ale Fazy Ksi\u0119\u017cyca Najlepszych Przyjaci\u00f3\u0142 to idealne rozwi\u0105zanie. Ta grafika to nie tylko wizualna przyjemno\u015b\u0107. To sentymentalne przypomnienie wyj\u0105tkowych dni, kt\u00f3re wyznaczy\u0142y Wasze pocz\u0105tki. Idealny na urodziny, Dzie\u0144 Przyja\u017ani lub ka\u017cd\u0105 inn\u0105 specjaln\u0105 okazj\u0119, ten prezent pokazuje najlepszemu przyjacielowi, jak wiele dla Ciebie znaczy.<\/p>\r\n\r\n<p>Personalizowany charakter tej grafiki zapewnia, \u017ce ka\u017cdy obraz jest wyj\u0105tkowy. Za ka\u017cdym razem, gdy Ty i Tw\u00f3j najlepszy przyjaciel go zobaczycie, przypomni Wam si\u0119 mi\u0142o\u015b\u0107 i wi\u0119\u017a, kt\u00f3r\u0105 dzielicie. To prezent, kt\u00f3ry ma g\u0142\u0119bokie znaczenie i z pewno\u015bci\u0105 stanie si\u0119 cenn\u0105 cz\u0119\u015bci\u0105 Waszych dom\u00f3w.<\/p>\r\n\r\n<h2>Zacznij personalizowa\u0107 sw\u00f3j prezent ju\u017c dzi\u015b<\/h2>\r\n\r\n<p>Jeste\u015b gotowy, aby stworzy\u0107 niezapomniany i zapadaj\u0105cy w pami\u0119\u0107 prezent dla swojego najlepszego przyjaciela? Rozpocznij personalizacj\u0119 grafiki &#8220;Fazy Ksi\u0119\u017cyca Najlepszych Przyjaci\u00f3\u0142&#8221; ju\u017c dzi\u015b.<\/p>\r\n\r\n<p>Nie przegap &#8211; zamie\u0144 te wyj\u0105tkowe chwile w osza\u0142amiaj\u0105ce dzie\u0142o sztuki, kt\u00f3re Ty i Tw\u00f3j najlepszy przyjaciel b\u0119dziecie piel\u0119gnowa\u0107 na zawsze. Zam\u00f3w personalizowany obraz &#8221; Fazy Ksi\u0119\u017cyca Najlepszych Przyjaci\u00f3\u0142 &#8221; ju\u017c teraz i podaruj prezent, kt\u00f3ry jest naprawd\u0119 nie z tego \u015bwiata.<\/p>","protected":false},"excerpt":{"rendered":"<ul class=\"check-list\">\n<li>Uchwy\u0107 dwa wyj\u0105tkowe momenty i poka\u017c, jak wygl\u0105da\u0142 Ksi\u0119\u017cyc w tych dniach<\/li>\n<li>Spersonalizuj w 3 prostych krokach<\/li>\n<li>Wybierz jedn\u0105 z efektownych wersji kolorystycznych<\/li>\n<li>Dodaj dedykacj\u0119 prosto z serca<\/li>\n<li>Interaktywny podgl\u0105d pozwoli dopracowa\u0107 ka\u017cdy szczeg\u00f3\u0142<\/li>\n<\/ul>\n","protected":false},"featured_media":1174417,"template":"","meta":[],"product_brand":[],"product_cat":[11109,9765,99,5271,15037,7834],"product_tag":[15188,15189,9388,15190,15191,15234,13492,9792,17444,13633,9375,13478,8631,11871],"class_list":{"0":"post-1170790","1":"product","2":"type-product","3":"status-publish","4":"has-post-thumbnail","6":"product_cat-podwojny-ksiezyc","7":"product_cat-trending-label-pl","8":"product_cat-wszystkie-produkty","9":"product_cat-prezent-na-boze-narodzenie","10":"product_cat-prezenty-pod-choinke-dla-przyjaciol","11":"product_cat-prezent-dla-przyjaciol","12":"product_tag-best-friend-pl","13":"product_tag-best-friends-forever-pl","14":"product_tag-besties-pl","15":"product_tag-bff-pl","16":"product_tag-friend-pl","17":"product_tag-galentines-day-pl-2","18":"product_tag-galentines-day-pl","19":"product_tag-ksiezyc","20":"product_tag-moon-pl","21":"product_tag-moon-phase-pl","22":"product_tag-najlepsi-przyjaciele","23":"product_tag-prezenty-swiateczne-dla-przyjaciol","24":"product_tag-przyjaciolki","25":"product_tag-przyjazn","27":"first","28":"instock","29":"sale","30":"taxable","31":"shipping-taxable","32":"purchasable","33":"product-type-variable"},"yoast_head":"<!-- This site is optimized with the Yoast SEO Premium plugin v27.2 (Yoast SEO v27.2) - https:\/\/yoast.com\/product\/yoast-seo-premium-wordpress\/ -->\n<title>Fazy Ksi\u0119\u017cyca Najlepszych Przyjaci\u00f3\u0142 - Positive Prints<\/title>\n<meta name=\"description\" content=\"Szukasz wyj\u0105tkowego sposobu na uczczenie swojej przyja\u017ani? Fazy Ksi\u0119\u017cyca Najlepszych Przyjaci\u00f3\u0142 to personalizowany prezent, kt\u00f3ry oddaje wyj\u0105tkow\u0105 wi\u0119\u017a mi\u0119dzy najlepszymi przyjaci\u00f3\u0142mi.\" \/>\n<meta name=\"robots\" content=\"index, follow, max-snippet:-1, max-image-preview:large, max-video-preview:-1\" \/>\n<link rel=\"canonical\" href=\"https:\/\/positiveprints.com\/pl\/produkt\/fazy-ksiezyca-najlepszych-przyjaciol\/\" \/>\n<meta property=\"og:locale\" content=\"pl_PL\" \/>\n<meta property=\"og:type\" content=\"article\" \/>\n<meta property=\"og:title\" content=\"Fazy Ksi\u0119\u017cyca Najlepszych Przyjaci\u00f3\u0142\" \/>\n<meta property=\"og:description\" content=\"Uchwy\u0107 dwa wyj\u0105tkowe momenty i poka\u017c, jak wygl\u0105da\u0142 Ksi\u0119\u017cyc w tych dniach Spersonalizuj w 3 prostych krokach Wybierz jedn\u0105 z efektownych wersji kolorystycznych Dodaj dedykacj\u0119 prosto z serca Interaktywny podgl\u0105d pozwoli dopracowa\u0107 ka\u017cdy szczeg\u00f3\u0142\" \/>\n<meta property=\"og:url\" content=\"https:\/\/positiveprints.com\/pl\/produkt\/fazy-ksiezyca-najlepszych-przyjaciol\/\" \/>\n<meta property=\"og:site_name\" content=\"Positive Prints\" \/>\n<meta property=\"article:publisher\" content=\"https:\/\/www.facebook.com\/positiveprintscom\" \/>\n<meta property=\"article:modified_time\" content=\"2026-04-28T12:37:20+00:00\" \/>\n<meta property=\"og:image\" content=\"https:\/\/positiveprints.com\/wp-content\/uploads\/2024\/08\/Fazy-Ksie\u0328z\u0307yca-Najlepszych-Przyjacio\u0301l.jpg\" \/>\n\t<meta property=\"og:image:width\" content=\"1080\" \/>\n\t<meta property=\"og:image:height\" content=\"1080\" \/>\n\t<meta property=\"og:image:type\" content=\"image\/jpeg\" \/>\n<meta name=\"twitter:card\" content=\"summary_large_image\" \/>\n<!-- \/ Yoast SEO Premium plugin. -->","yoast_head_json":{"title":"Fazy Ksi\u0119\u017cyca Najlepszych Przyjaci\u00f3\u0142 - Positive Prints","description":"Szukasz wyj\u0105tkowego sposobu na uczczenie swojej przyja\u017ani? Fazy Ksi\u0119\u017cyca Najlepszych Przyjaci\u00f3\u0142 to personalizowany prezent, kt\u00f3ry oddaje wyj\u0105tkow\u0105 wi\u0119\u017a mi\u0119dzy najlepszymi przyjaci\u00f3\u0142mi.","robots":{"index":"index","follow":"follow","max-snippet":"max-snippet:-1","max-image-preview":"max-image-preview:large","max-video-preview":"max-video-preview:-1"},"canonical":"https:\/\/positiveprints.com\/pl\/produkt\/fazy-ksiezyca-najlepszych-przyjaciol\/","og_locale":"pl_PL","og_type":"article","og_title":"Fazy Ksi\u0119\u017cyca Najlepszych Przyjaci\u00f3\u0142","og_description":"Uchwy\u0107 dwa wyj\u0105tkowe momenty i poka\u017c, jak wygl\u0105da\u0142 Ksi\u0119\u017cyc w tych dniach Spersonalizuj w 3 prostych krokach Wybierz jedn\u0105 z efektownych wersji kolorystycznych Dodaj dedykacj\u0119 prosto z serca Interaktywny podgl\u0105d pozwoli dopracowa\u0107 ka\u017cdy szczeg\u00f3\u0142","og_url":"https:\/\/positiveprints.com\/pl\/produkt\/fazy-ksiezyca-najlepszych-przyjaciol\/","og_site_name":"Positive Prints","article_publisher":"https:\/\/www.facebook.com\/positiveprintscom","article_modified_time":"2026-04-28T12:37:20+00:00","og_image":[{"width":1080,"height":1080,"url":"https:\/\/positiveprints.com\/wp-content\/uploads\/2024\/08\/Fazy-Ksie\u0328z\u0307yca-Najlepszych-Przyjacio\u0301l.jpg","type":"image\/jpeg"}],"twitter_card":"summary_large_image","schema":{"@context":"https:\/\/schema.org","@graph":[{"@type":["WebPage","ItemPage"],"@id":"https:\/\/positiveprints.com\/pl\/produkt\/fazy-ksiezyca-najlepszych-przyjaciol\/","url":"https:\/\/positiveprints.com\/pl\/produkt\/fazy-ksiezyca-najlepszych-przyjaciol\/","name":"Fazy Ksi\u0119\u017cyca Najlepszych Przyjaci\u00f3\u0142 - Positive Prints","isPartOf":{"@id":"https:\/\/positiveprints.com\/pl\/#website"},"primaryImageOfPage":{"@id":"https:\/\/positiveprints.com\/pl\/produkt\/fazy-ksiezyca-najlepszych-przyjaciol\/#primaryimage"},"image":{"@id":"https:\/\/positiveprints.com\/pl\/produkt\/fazy-ksiezyca-najlepszych-przyjaciol\/#primaryimage"},"thumbnailUrl":"https:\/\/positiveprints.com\/wp-content\/uploads\/2024\/08\/Fazy-Ksie\u0328z\u0307yca-Najlepszych-Przyjacio\u0301l.jpg","datePublished":"2024-08-01T09:56:20+00:00","dateModified":"2026-04-28T12:37:20+00:00","description":"Szukasz wyj\u0105tkowego sposobu na uczczenie swojej przyja\u017ani? Fazy Ksi\u0119\u017cyca Najlepszych Przyjaci\u00f3\u0142 to personalizowany prezent, kt\u00f3ry oddaje wyj\u0105tkow\u0105 wi\u0119\u017a mi\u0119dzy najlepszymi przyjaci\u00f3\u0142mi.","breadcrumb":{"@id":"https:\/\/positiveprints.com\/pl\/produkt\/fazy-ksiezyca-najlepszych-przyjaciol\/#breadcrumb"},"inLanguage":"pl-PL","potentialAction":[{"@type":"ReadAction","target":["https:\/\/positiveprints.com\/pl\/produkt\/fazy-ksiezyca-najlepszych-przyjaciol\/"]}]},{"@type":"ImageObject","inLanguage":"pl-PL","@id":"https:\/\/positiveprints.com\/pl\/produkt\/fazy-ksiezyca-najlepszych-przyjaciol\/#primaryimage","url":"https:\/\/positiveprints.com\/wp-content\/uploads\/2024\/08\/Fazy-Ksie\u0328z\u0307yca-Najlepszych-Przyjacio\u0301l.jpg","contentUrl":"https:\/\/positiveprints.com\/wp-content\/uploads\/2024\/08\/Fazy-Ksie\u0328z\u0307yca-Najlepszych-Przyjacio\u0301l.jpg","width":1080,"height":1080},{"@type":"BreadcrumbList","@id":"https:\/\/positiveprints.com\/pl\/produkt\/fazy-ksiezyca-najlepszych-przyjaciol\/#breadcrumb","itemListElement":[{"@type":"ListItem","position":1,"name":"Home","item":"https:\/\/positiveprints.com\/pl\/"},{"@type":"ListItem","position":2,"name":"Produkty","item":"https:\/\/positiveprints.com\/pl\/shop\/"},{"@type":"ListItem","position":3,"name":"Fazy Ksi\u0119\u017cyca Najlepszych Przyjaci\u00f3\u0142"}]},{"@type":"WebSite","@id":"https:\/\/positiveprints.com\/pl\/#website","url":"https:\/\/positiveprints.com\/pl\/","name":"Positive Prints","description":"Amazing Custom Personalized Gifts","publisher":{"@id":"https:\/\/positiveprints.com\/pl\/#organization"},"potentialAction":[{"@type":"SearchAction","target":{"@type":"EntryPoint","urlTemplate":"https:\/\/positiveprints.com\/pl\/?s={search_term_string}"},"query-input":{"@type":"PropertyValueSpecification","valueRequired":true,"valueName":"search_term_string"}}],"inLanguage":"pl-PL"},{"@type":"Organization","@id":"https:\/\/positiveprints.com\/pl\/#organization","name":"Positive Prints","alternateName":"Positive Prints","url":"https:\/\/positiveprints.com\/pl\/","logo":{"@type":"ImageObject","inLanguage":"pl-PL","@id":"https:\/\/positiveprints.com\/pl\/#\/schema\/logo\/image\/","url":"https:\/\/positiveprints.com\/wp-content\/uploads\/2026\/03\/245815646_1337939713319158_5671353136411139666_n.png","contentUrl":"https:\/\/positiveprints.com\/wp-content\/uploads\/2026\/03\/245815646_1337939713319158_5671353136411139666_n.png","width":800,"height":800,"caption":"Positive Prints"},"image":{"@id":"https:\/\/positiveprints.com\/pl\/#\/schema\/logo\/image\/"},"sameAs":["https:\/\/www.facebook.com\/positiveprintscom","https:\/\/www.instagram.com\/positiveprintscom\/","https:\/\/www.tiktok.com\/@positiveprintscom","https:\/\/www.pinterest.com\/positiveprintscom\/"]}]}},"jetpack_sharing_enabled":true,"_links":{"self":[{"href":"https:\/\/positiveprints.com\/pl\/wp-json\/wp\/v2\/product\/1170790","targetHints":{"allow":["GET"]}}],"collection":[{"href":"https:\/\/positiveprints.com\/pl\/wp-json\/wp\/v2\/product"}],"about":[{"href":"https:\/\/positiveprints.com\/pl\/wp-json\/wp\/v2\/types\/product"}],"wp:featuredmedia":[{"embeddable":true,"href":"https:\/\/positiveprints.com\/pl\/wp-json\/wp\/v2\/media\/1174417"}],"wp:attachment":[{"href":"https:\/\/positiveprints.com\/pl\/wp-json\/wp\/v2\/media?parent=1170790"}],"wp:term":[{"taxonomy":"product_brand","embeddable":true,"href":"https:\/\/positiveprints.com\/pl\/wp-json\/wp\/v2\/product_brand?post=1170790"},{"taxonomy":"product_cat","embeddable":true,"href":"https:\/\/positiveprints.com\/pl\/wp-json\/wp\/v2\/product_cat?post=1170790"},{"taxonomy":"product_tag","embeddable":true,"href":"https:\/\/positiveprints.com\/pl\/wp-json\/wp\/v2\/product_tag?post=1170790"}],"curies":[{"name":"wp","href":"https:\/\/api.w.org\/{rel}","templated":true}]}}