{"id":1170105,"date":"2024-07-29T10:45:33","date_gmt":"2024-07-29T09:45:33","guid":{"rendered":"https:\/\/positiveprints.com\/?post_type=product&#038;p=1170105"},"modified":"2026-04-03T02:40:47","modified_gmt":"2026-04-03T01:40:47","slug":"dwa-ksiezyce-dla-mamy","status":"publish","type":"product","link":"https:\/\/positiveprints.com\/pl\/produkt\/dwa-ksiezyce-dla-mamy\/","title":{"rendered":"Dwa Ksi\u0119\u017cyce dla Mamy"},"content":{"rendered":"<p>Szukasz wyj\u0105tkowego prezentu dla mamy? Dwa Ksi\u0119\u017cyce dla Mamy to wspania\u0142y i wyj\u0105tkowy prezent, kt\u00f3ry wywo\u0142a u\u015bmiech na jej twarzy. Ten personalizowany wydruk lub obraz na p\u0142\u00f3tnie przedstawia fazy ksi\u0119\u017cyca z dw\u00f3ch wa\u017cnych dat, takich jak daty narodzin jej dzieci. To pi\u0119kny spos\u00f3b na uchwycenie tych cennych chwil i przypomnienie jej o szczeg\u00f3lnej wi\u0119zi, jak\u0105 dzieli ze swoimi dzie\u0107mi.<\/p>\r\n\r\n<h2>Dwa Ksi\u0119\u017cyce dla Mamy<\/h2>\r\n\r\n<p>Dwa Ksi\u0119\u017cyce dla Mamy to osza\u0142amiaj\u0105ca personalizowana grafika przedstawiaj\u0105ca dwie fazy ksi\u0119\u017cyca, z kt\u00f3rych ka\u017cda reprezentuje wa\u017cn\u0105 dat\u0119. Aby stworzy\u0107 to arcydzie\u0142o, wystarczy odwiedzi\u0107 nasz kreator online. Zacznij od wybrania t\u0142a. Mo\u017cesz wybra\u0107 jedno z gotowych kolor\u00f3w t\u0142a lub skomponowa\u0107 w\u0142asny zestaw kolor\u00f3w. Nast\u0119pnie dodaj tytu\u0142 swojego dzie\u0142a &#8211; osobist\u0105 wiadomo\u015b\u0107 lub sentencj\u0119, kt\u00f3ra pojawi si\u0119 nad ksi\u0119\u017cycami.<\/p>\r\n\r\n<p>Po ustawieniu tytu\u0142u wprowad\u017a czas i miejsce dla ka\u017cdej fazy ksi\u0119\u017cyca. Spowoduje to wy\u015bwietlenie wygl\u0105du ksi\u0119\u017cyca w wybranych przez Ciebie szczeg\u00f3lnych dniach, takich jak daty narodzin jej dzieci. Poni\u017cej ka\u017cdego ksi\u0119\u017cyca mo\u017cesz doda\u0107 imiona lub dowolny inny tekst. Na koniec wybierz format grafiki. Oferujemy r\u00f3\u017cne rozmiary i style, w tym drukowane lub oprawione plakaty, obrazy i pliki cyfrowe do natychmiastowego pobrania.<\/p>\r\n\r\n<h2>Dlaczego Dwa Ksi\u0119\u017cyce dla Mamy to idealny prezent<\/h2>\r\n\r\n<p>Je\u015bli chodzi o prezenty dla mamy, znalezienie czego\u015b, co jest zar\u00f3wno warto\u015bciowe, jak i wyj\u0105tkowe, mo\u017ce by\u0107 wyzwaniem. Dwa Ksi\u0119\u017cyce dla Mamy to nie tylko dzie\u0142o sztuki. To sentymentalne przypomnienie dw\u00f3ch najszcz\u0119\u015bliwszych dni w jej \u017cyciu. Ten prezent jest idealny na urodziny, Dzie\u0144 Matki lub inn\u0105 specjaln\u0105 okazj\u0119, w kt\u00f3rej chcesz pokaza\u0107 mamie, jak wiele dla Ciebie znaczy.<\/p>\r\n\r\n<p>Personalizowany charakter tego dzie\u0142a sztuki gwarantuje, \u017ce \u017cadne dwa obrazy nie s\u0105 do siebie podobne. Za ka\u017cdym razem, gdy mama na ni\u0105 spojrzy, przypomni jej si\u0119 mi\u0142o\u015b\u0107 i rado\u015b\u0107, jak\u0105 jej dzieci wnosz\u0105 do jej \u017cycia. To prezent, kt\u00f3ry wiele m\u00f3wi i z pewno\u015bci\u0105 stanie si\u0119 cenn\u0105 pami\u0105tk\u0105 w Twojej rodzinie.<\/p>\r\n\r\n<h2>Zacznij personalizowa\u0107 sw\u00f3j prezent ju\u017c dzi\u015b<\/h2>\r\n\r\n<p>Gotowy do stworzenia niezapomnianego prezentu dla mamy? Rozpocznij personalizacj\u0119 grafiki Dwa Ksi\u0119\u017cyce dla Mamy ju\u017c teraz. <\/p>\r\n\r\n<p>Nie czekaj &#8211; zamie\u0144 te wyj\u0105tkowe chwile w pi\u0119kne dzie\u0142o sztuki, kt\u00f3re mama b\u0119dzie piel\u0119gnowa\u0107 na zawsze. Zam\u00f3w sw\u00f3j personalizowany obraz Dwa Ksi\u0119\u017cyce dla Mamy ju\u017c dzi\u015b i podaruj prezent, kt\u00f3ry jest naprawd\u0119 nie z tego \u015bwiata.<\/p>","protected":false},"excerpt":{"rendered":"<ul class=\"check-list\">\n<li>Uchwy\u0107 dwa wyj\u0105tkowe momenty i poka\u017c, jak wygl\u0105da\u0142 Ksi\u0119\u017cyc w tych dniach<\/li>\n<li>Spersonalizuj w 3 prostych krokach<\/li>\n<li>Wybierz jedn\u0105 z efektownych wersji kolorystycznych<\/li>\n<li>Dodaj dedykacj\u0119 prosto z serca<\/li>\n<li>Interaktywny podgl\u0105d pozwoli dopracowa\u0107 ka\u017cdy szczeg\u00f3\u0142<\/li>\n<\/ul>\n","protected":false},"featured_media":1381198,"template":"","meta":[],"product_brand":[],"product_cat":[11109,9765,99,5271,11414,7706],"product_tag":[12620,9792,12618,17444,13633,8407,11819],"class_list":{"0":"post-1170105","1":"product","2":"type-product","3":"status-publish","4":"has-post-thumbnail","6":"product_cat-podwojny-ksiezyc","7":"product_cat-trending-label-pl","8":"product_cat-wszystkie-produkty","9":"product_cat-prezent-na-boze-narodzenie","10":"product_cat-prezenty-pod-choinke-dla-mamy","11":"product_cat-prezent-dla-mamy","12":"product_tag-dzien-matki","13":"product_tag-ksiezyc","14":"product_tag-mama-pl","15":"product_tag-moon-pl","16":"product_tag-moon-phase-pl","17":"product_tag-mother-pl","18":"product_tag-prezenty-pod-choinke-dla-mamy","20":"first","21":"instock","22":"sale","23":"taxable","24":"shipping-taxable","25":"purchasable","26":"product-type-variable"},"yoast_head":"<!-- This site is optimized with the Yoast SEO Premium plugin v27.2 (Yoast SEO v27.2) - https:\/\/yoast.com\/product\/yoast-seo-premium-wordpress\/ -->\n<title>Dwa Ksi\u0119\u017cyce dla Mamy - Positive Prints<\/title>\n<meta name=\"description\" content=\"Szukasz idealnego prezentu dla mamy? Dwa Ksi\u0119\u017cyce dla Mamy to wyj\u0105tkowy i przemy\u015blany prezent, kt\u00f3ry poruszy jej serce. Zam\u00f3w ju\u017c teraz.\" \/>\n<meta name=\"robots\" content=\"index, follow, max-snippet:-1, max-image-preview:large, max-video-preview:-1\" \/>\n<link rel=\"canonical\" href=\"https:\/\/positiveprints.com\/pl\/produkt\/dwa-ksiezyce-dla-mamy\/\" \/>\n<meta property=\"og:locale\" content=\"pl_PL\" \/>\n<meta property=\"og:type\" content=\"article\" \/>\n<meta property=\"og:title\" content=\"Dwa Ksi\u0119\u017cyce dla Mamy\" \/>\n<meta property=\"og:description\" content=\"Uchwy\u0107 dwa wyj\u0105tkowe momenty i poka\u017c, jak wygl\u0105da\u0142 Ksi\u0119\u017cyc w tych dniach Spersonalizuj w 3 prostych krokach Wybierz jedn\u0105 z efektownych wersji kolorystycznych Dodaj dedykacj\u0119 prosto z serca Interaktywny podgl\u0105d pozwoli dopracowa\u0107 ka\u017cdy szczeg\u00f3\u0142\" \/>\n<meta property=\"og:url\" content=\"https:\/\/positiveprints.com\/pl\/produkt\/dwa-ksiezyce-dla-mamy\/\" \/>\n<meta property=\"og:site_name\" content=\"Positive Prints\" \/>\n<meta property=\"article:publisher\" content=\"https:\/\/www.facebook.com\/positiveprintscom\" \/>\n<meta property=\"article:modified_time\" content=\"2026-04-03T01:40:47+00:00\" \/>\n<meta property=\"og:image\" content=\"https:\/\/positiveprints.com\/wp-content\/uploads\/2025\/03\/Dwa-Ksie\u0328z\u0307yce-dla-Mamy-1.webp\" \/>\n\t<meta property=\"og:image:width\" content=\"1450\" \/>\n\t<meta property=\"og:image:height\" content=\"1450\" \/>\n\t<meta property=\"og:image:type\" content=\"image\/webp\" \/>\n<meta name=\"twitter:card\" content=\"summary_large_image\" \/>\n<!-- \/ Yoast SEO Premium plugin. -->","yoast_head_json":{"title":"Dwa Ksi\u0119\u017cyce dla Mamy - Positive Prints","description":"Szukasz idealnego prezentu dla mamy? Dwa Ksi\u0119\u017cyce dla Mamy to wyj\u0105tkowy i przemy\u015blany prezent, kt\u00f3ry poruszy jej serce. Zam\u00f3w ju\u017c teraz.","robots":{"index":"index","follow":"follow","max-snippet":"max-snippet:-1","max-image-preview":"max-image-preview:large","max-video-preview":"max-video-preview:-1"},"canonical":"https:\/\/positiveprints.com\/pl\/produkt\/dwa-ksiezyce-dla-mamy\/","og_locale":"pl_PL","og_type":"article","og_title":"Dwa Ksi\u0119\u017cyce dla Mamy","og_description":"Uchwy\u0107 dwa wyj\u0105tkowe momenty i poka\u017c, jak wygl\u0105da\u0142 Ksi\u0119\u017cyc w tych dniach Spersonalizuj w 3 prostych krokach Wybierz jedn\u0105 z efektownych wersji kolorystycznych Dodaj dedykacj\u0119 prosto z serca Interaktywny podgl\u0105d pozwoli dopracowa\u0107 ka\u017cdy szczeg\u00f3\u0142","og_url":"https:\/\/positiveprints.com\/pl\/produkt\/dwa-ksiezyce-dla-mamy\/","og_site_name":"Positive Prints","article_publisher":"https:\/\/www.facebook.com\/positiveprintscom","article_modified_time":"2026-04-03T01:40:47+00:00","og_image":[{"width":1450,"height":1450,"url":"https:\/\/positiveprints.com\/wp-content\/uploads\/2025\/03\/Dwa-Ksie\u0328z\u0307yce-dla-Mamy-1.webp","type":"image\/webp"}],"twitter_card":"summary_large_image","schema":{"@context":"https:\/\/schema.org","@graph":[{"@type":["WebPage","ItemPage"],"@id":"https:\/\/positiveprints.com\/pl\/produkt\/dwa-ksiezyce-dla-mamy\/","url":"https:\/\/positiveprints.com\/pl\/produkt\/dwa-ksiezyce-dla-mamy\/","name":"Dwa Ksi\u0119\u017cyce dla Mamy - Positive Prints","isPartOf":{"@id":"https:\/\/positiveprints.com\/pl\/#website"},"primaryImageOfPage":{"@id":"https:\/\/positiveprints.com\/pl\/produkt\/dwa-ksiezyce-dla-mamy\/#primaryimage"},"image":{"@id":"https:\/\/positiveprints.com\/pl\/produkt\/dwa-ksiezyce-dla-mamy\/#primaryimage"},"thumbnailUrl":"https:\/\/positiveprints.com\/wp-content\/uploads\/2025\/03\/Dwa-Ksie\u0328z\u0307yce-dla-Mamy-1.webp","datePublished":"2024-07-29T09:45:33+00:00","dateModified":"2026-04-03T01:40:47+00:00","description":"Szukasz idealnego prezentu dla mamy? Dwa Ksi\u0119\u017cyce dla Mamy to wyj\u0105tkowy i przemy\u015blany prezent, kt\u00f3ry poruszy jej serce. Zam\u00f3w ju\u017c teraz.","breadcrumb":{"@id":"https:\/\/positiveprints.com\/pl\/produkt\/dwa-ksiezyce-dla-mamy\/#breadcrumb"},"inLanguage":"pl-PL","potentialAction":[{"@type":"ReadAction","target":["https:\/\/positiveprints.com\/pl\/produkt\/dwa-ksiezyce-dla-mamy\/"]}]},{"@type":"ImageObject","inLanguage":"pl-PL","@id":"https:\/\/positiveprints.com\/pl\/produkt\/dwa-ksiezyce-dla-mamy\/#primaryimage","url":"https:\/\/positiveprints.com\/wp-content\/uploads\/2025\/03\/Dwa-Ksie\u0328z\u0307yce-dla-Mamy-1.webp","contentUrl":"https:\/\/positiveprints.com\/wp-content\/uploads\/2025\/03\/Dwa-Ksie\u0328z\u0307yce-dla-Mamy-1.webp","width":1450,"height":1450,"caption":"Dwa Ksie\u0328z\u0307yce dla Mamy 1"},{"@type":"BreadcrumbList","@id":"https:\/\/positiveprints.com\/pl\/produkt\/dwa-ksiezyce-dla-mamy\/#breadcrumb","itemListElement":[{"@type":"ListItem","position":1,"name":"Home","item":"https:\/\/positiveprints.com\/pl\/"},{"@type":"ListItem","position":2,"name":"Produkty","item":"https:\/\/positiveprints.com\/pl\/shop\/"},{"@type":"ListItem","position":3,"name":"Dwa Ksi\u0119\u017cyce dla Mamy"}]},{"@type":"WebSite","@id":"https:\/\/positiveprints.com\/pl\/#website","url":"https:\/\/positiveprints.com\/pl\/","name":"Positive Prints","description":"Amazing Custom Personalized Gifts","publisher":{"@id":"https:\/\/positiveprints.com\/pl\/#organization"},"potentialAction":[{"@type":"SearchAction","target":{"@type":"EntryPoint","urlTemplate":"https:\/\/positiveprints.com\/pl\/?s={search_term_string}"},"query-input":{"@type":"PropertyValueSpecification","valueRequired":true,"valueName":"search_term_string"}}],"inLanguage":"pl-PL"},{"@type":"Organization","@id":"https:\/\/positiveprints.com\/pl\/#organization","name":"Positive Prints","alternateName":"Positive Prints","url":"https:\/\/positiveprints.com\/pl\/","logo":{"@type":"ImageObject","inLanguage":"pl-PL","@id":"https:\/\/positiveprints.com\/pl\/#\/schema\/logo\/image\/","url":"https:\/\/positiveprints.com\/wp-content\/uploads\/2026\/03\/245815646_1337939713319158_5671353136411139666_n.png","contentUrl":"https:\/\/positiveprints.com\/wp-content\/uploads\/2026\/03\/245815646_1337939713319158_5671353136411139666_n.png","width":800,"height":800,"caption":"Positive Prints"},"image":{"@id":"https:\/\/positiveprints.com\/pl\/#\/schema\/logo\/image\/"},"sameAs":["https:\/\/www.facebook.com\/positiveprintscom","https:\/\/www.instagram.com\/positiveprintscom\/","https:\/\/www.tiktok.com\/@positiveprintscom","https:\/\/www.pinterest.com\/positiveprintscom\/"]}]}},"jetpack_sharing_enabled":true,"_links":{"self":[{"href":"https:\/\/positiveprints.com\/pl\/wp-json\/wp\/v2\/product\/1170105","targetHints":{"allow":["GET"]}}],"collection":[{"href":"https:\/\/positiveprints.com\/pl\/wp-json\/wp\/v2\/product"}],"about":[{"href":"https:\/\/positiveprints.com\/pl\/wp-json\/wp\/v2\/types\/product"}],"wp:featuredmedia":[{"embeddable":true,"href":"https:\/\/positiveprints.com\/pl\/wp-json\/wp\/v2\/media\/1381198"}],"wp:attachment":[{"href":"https:\/\/positiveprints.com\/pl\/wp-json\/wp\/v2\/media?parent=1170105"}],"wp:term":[{"taxonomy":"product_brand","embeddable":true,"href":"https:\/\/positiveprints.com\/pl\/wp-json\/wp\/v2\/product_brand?post=1170105"},{"taxonomy":"product_cat","embeddable":true,"href":"https:\/\/positiveprints.com\/pl\/wp-json\/wp\/v2\/product_cat?post=1170105"},{"taxonomy":"product_tag","embeddable":true,"href":"https:\/\/positiveprints.com\/pl\/wp-json\/wp\/v2\/product_tag?post=1170105"}],"curies":[{"name":"wp","href":"https:\/\/api.w.org\/{rel}","templated":true}]}}