{"id":1170097,"date":"2024-07-29T11:43:07","date_gmt":"2024-07-29T10:43:07","guid":{"rendered":"https:\/\/positiveprints.com\/?post_type=product&#038;p=1170097"},"modified":"2026-04-18T03:30:41","modified_gmt":"2026-04-18T02:30:41","slug":"dwa-ksiezyce-dla-dziadka","status":"publish","type":"product","link":"https:\/\/positiveprints.com\/pl\/produkt\/dwa-ksiezyce-dla-dziadka\/","title":{"rendered":"Dwa Ksi\u0119\u017cyce dla Dziadka"},"content":{"rendered":"<p>Szukasz wyj\u0105tkowego prezentu dla dziadka? Dwa Ksi\u0119\u017cyce dla Dziadka to wyj\u0105tkowy i wzruszaj\u0105cy prezent, kt\u00f3ry poruszy jego serce. Ten personalizowany wydruk lub obraz na p\u0142\u00f3tnie przedstawia fazy ksi\u0119\u017cyca z dw\u00f3ch wa\u017cnych dat, takich jak daty narodzin jego wnuk\u00f3w. To pi\u0119kny spos\u00f3b na \u015bwi\u0119towanie i uhonorowanie cennych chwil, kt\u00f3re s\u0105 mu drogie.<\/p>\r\n\r\n<h2>Dwa Ksi\u0119\u017cyce dla Dziadka<\/h2>\r\n\r\n<p>&#8220;Dwa Ksi\u0119\u017cyce dla Dziadka&#8221; to osza\u0142amiaj\u0105ce dzie\u0142o sztuki, kt\u00f3re przedstawia dwie fazy ksi\u0119\u017cyca, z kt\u00f3rych ka\u017cda reprezentuje wa\u017cn\u0105 dat\u0119. Aby stworzy\u0107 ten niezapomniany prezent, wystarczy odwiedzi\u0107 nasz kreator online. Zacznij od wybrania t\u0142a; wybierz jedn\u0105 z gotowych propozycji lub samodzielnie skomponuj kolorystyk\u0119. Nast\u0119pnie dodaj tytu\u0142 swojego dzie\u0142a &#8211; specjaln\u0105 wiadomo\u015b\u0107 lub sentencj\u0119, kt\u00f3ra b\u0119dzie wy\u015bwietlana nad ksi\u0119\u017cycami.<\/p>\r\n\r\n<p>Po ustawieniu tytu\u0142u wprowad\u017a czas i miejsce dla ka\u017cdej fazy ksi\u0119\u017cyca. Dzi\u0119ki temu dowiesz si\u0119, jak ksi\u0119\u017cyc wygl\u0105da\u0142 w tych szczeg\u00f3lnych dniach, takich jak daty narodzin jego wnuk\u00f3w. Poni\u017cej ka\u017cdego ksi\u0119\u017cyca mo\u017cesz doda\u0107 imiona lub dowolny inny tekst. Na koniec wybierz format grafiki. Oferujemy r\u00f3\u017cne rozmiary i style, w tym drukowane lub oprawione plakaty, obrazy na p\u0142\u00f3tnie i pliki cyfrowe do natychmiastowego pobrania.<\/p>\r\n\r\n<h2>Dlaczego Dwa Ksi\u0119\u017cyce dla Dziadka to idealny prezent<\/h2>\r\n\r\n<p>Znalezienie sensownego prezentu dla dziadka mo\u017ce by\u0107 wyzwaniem, ale Dwa Ksi\u0119\u017cyce dla Dziadka to idealne rozwi\u0105zanie. Ta grafika to nie tylko wizualna gratka. To sentymentalne przypomnienie dw\u00f3ch najszcz\u0119\u015bliwszych dni w jego \u017cyciu. Idealny na urodziny, Dzie\u0144 Dziadka lub inn\u0105 specjaln\u0105 okazj\u0119, ten prezent pokazuje dziadkowi, jak wiele dla Ciebie znaczy.<\/p>\r\n\r\n<p> Personalizowany aspekt tego dzie\u0142a sztuki zapewnia, \u017ce ka\u017cdy obraz jest wyj\u0105tkowy. Za ka\u017cdym razem, gdy dziadek go zobaczy, przypomni mu si\u0119 rado\u015b\u0107 i mi\u0142o\u015b\u0107, jak\u0105 jego wnuki wnosz\u0105 do jego \u017cycia. To prezent, kt\u00f3ry ma g\u0142\u0119bokie znaczenie i z pewno\u015bci\u0105 stanie si\u0119 cenn\u0105 cz\u0119\u015bci\u0105 jego domu.<\/p>\r\n\r\n<h2>Zacznij personalizowa\u0107 sw\u00f3j prezent ju\u017c dzi\u015b<\/h2>\r\n\r\n<p>Jeste\u015b gotowy, aby stworzy\u0107 niezapomniany i zapadaj\u0105cy w pami\u0119\u0107 prezent dla dziadka? Rozpocznij personalizacj\u0119 grafiki Dwa Ksi\u0119\u017cyce dla Dziadka ju\u017c dzi\u015b. Odwied\u017a nasz kreator online, aby wybra\u0107 t\u0142o, doda\u0107 specjalny tytu\u0142, wprowadzi\u0107 daty i lokalizacje faz ksi\u0119\u017cyca oraz spersonalizowa\u0107 tekst pod ka\u017cdym ksi\u0119\u017cycem. Wybierz format, kt\u00f3ry najlepiej pasuje do stylu dziadka i gotowe! <\/p>\r\n\r\n<p>Nie przegap &#8211; zamie\u0144 te wyj\u0105tkowe chwile w osza\u0142amiaj\u0105ce dzie\u0142o sztuki, kt\u00f3re dziadek b\u0119dzie ceni\u0142 na zawsze. Zam\u00f3w personalizowane Dwa Ksi\u0119\u017cyce dla Dziadka ju\u017c teraz i podaruj mu prezent, kt\u00f3ry jest naprawd\u0119 nie z tego \u015bwiata.","protected":false},"excerpt":{"rendered":"<ul class=\"check-list\">\n<li>Uchwy\u0107 dwa wyj\u0105tkowe momenty i poka\u017c, jak wygl\u0105da\u0142 Ksi\u0119\u017cyc w tych dniach<\/li>\n<li>Spersonalizuj w 3 prostych krokach<\/li>\n<li>Wybierz jedn\u0105 z efektownych wersji kolorystycznych<\/li>\n<li>Dodaj dedykacj\u0119 prosto z serca<\/li>\n<li>Interaktywny podgl\u0105d pozwoli dopracowa\u0107 ka\u017cdy szczeg\u00f3\u0142<\/li>\n<\/ul>\n","protected":false},"featured_media":1173813,"template":"","meta":[],"product_brand":[],"product_cat":[11109,99,9003,5271,11409,7610],"product_tag":[8679,9792,17444,13633,13361],"class_list":{"0":"post-1170097","1":"product","2":"type-product","3":"status-publish","4":"has-post-thumbnail","6":"product_cat-podwojny-ksiezyc","7":"product_cat-wszystkie-produkty","8":"product_cat-dzien-babci-i-dziadka","9":"product_cat-prezent-na-boze-narodzenie","10":"product_cat-prezenty-pod-choinke-dla-dziadka","11":"product_cat-prezent-dla-dziadka","12":"product_tag-dziadkowie","13":"product_tag-ksiezyc","14":"product_tag-moon-pl","15":"product_tag-moon-phase-pl","16":"product_tag-prezent-swiateczny-dla-dziadka","18":"first","19":"instock","20":"sale","21":"taxable","22":"shipping-taxable","23":"purchasable","24":"product-type-variable"},"yoast_head":"<!-- This site is optimized with the Yoast SEO Premium plugin v27.2 (Yoast SEO v27.2) - https:\/\/yoast.com\/product\/yoast-seo-premium-wordpress\/ -->\n<title>Dwa Ksi\u0119\u017cyce dla Dziadka - Positive Prints<\/title>\n<meta name=\"description\" content=\"Szukasz wyj\u0105tkowego i warto\u015bciowego prezentu dla dziadka? Dwa Ksi\u0119\u017cyce dla Dziadka to pomys\u0142owy i personalizowany prezent, kt\u00f3ry sprawi, \u017ce jego serce si\u0119 rozczuli.\" \/>\n<meta name=\"robots\" content=\"index, follow, max-snippet:-1, max-image-preview:large, max-video-preview:-1\" \/>\n<link rel=\"canonical\" href=\"https:\/\/positiveprints.com\/pl\/produkt\/dwa-ksiezyce-dla-dziadka\/\" \/>\n<meta property=\"og:locale\" content=\"pl_PL\" \/>\n<meta property=\"og:type\" content=\"article\" \/>\n<meta property=\"og:title\" content=\"Dwa Ksi\u0119\u017cyce dla Dziadka\" \/>\n<meta property=\"og:description\" content=\"Uchwy\u0107 dwa wyj\u0105tkowe momenty i poka\u017c, jak wygl\u0105da\u0142 Ksi\u0119\u017cyc w tych dniach Spersonalizuj w 3 prostych krokach Wybierz jedn\u0105 z efektownych wersji kolorystycznych Dodaj dedykacj\u0119 prosto z serca Interaktywny podgl\u0105d pozwoli dopracowa\u0107 ka\u017cdy szczeg\u00f3\u0142\" \/>\n<meta property=\"og:url\" content=\"https:\/\/positiveprints.com\/pl\/produkt\/dwa-ksiezyce-dla-dziadka\/\" \/>\n<meta property=\"og:site_name\" content=\"Positive Prints\" \/>\n<meta property=\"article:publisher\" content=\"https:\/\/www.facebook.com\/positiveprintscom\" \/>\n<meta property=\"article:modified_time\" content=\"2026-04-18T02:30:41+00:00\" \/>\n<meta property=\"og:image\" content=\"https:\/\/positiveprints.com\/wp-content\/uploads\/2024\/08\/Dwa-Ksie\u0328z\u0307yce-dla-Dziadka.jpg\" \/>\n\t<meta property=\"og:image:width\" content=\"1080\" \/>\n\t<meta property=\"og:image:height\" content=\"1080\" \/>\n\t<meta property=\"og:image:type\" content=\"image\/jpeg\" \/>\n<meta name=\"twitter:card\" content=\"summary_large_image\" \/>\n<!-- \/ Yoast SEO Premium plugin. -->","yoast_head_json":{"title":"Dwa Ksi\u0119\u017cyce dla Dziadka - Positive Prints","description":"Szukasz wyj\u0105tkowego i warto\u015bciowego prezentu dla dziadka? Dwa Ksi\u0119\u017cyce dla Dziadka to pomys\u0142owy i personalizowany prezent, kt\u00f3ry sprawi, \u017ce jego serce si\u0119 rozczuli.","robots":{"index":"index","follow":"follow","max-snippet":"max-snippet:-1","max-image-preview":"max-image-preview:large","max-video-preview":"max-video-preview:-1"},"canonical":"https:\/\/positiveprints.com\/pl\/produkt\/dwa-ksiezyce-dla-dziadka\/","og_locale":"pl_PL","og_type":"article","og_title":"Dwa Ksi\u0119\u017cyce dla Dziadka","og_description":"Uchwy\u0107 dwa wyj\u0105tkowe momenty i poka\u017c, jak wygl\u0105da\u0142 Ksi\u0119\u017cyc w tych dniach Spersonalizuj w 3 prostych krokach Wybierz jedn\u0105 z efektownych wersji kolorystycznych Dodaj dedykacj\u0119 prosto z serca Interaktywny podgl\u0105d pozwoli dopracowa\u0107 ka\u017cdy szczeg\u00f3\u0142","og_url":"https:\/\/positiveprints.com\/pl\/produkt\/dwa-ksiezyce-dla-dziadka\/","og_site_name":"Positive Prints","article_publisher":"https:\/\/www.facebook.com\/positiveprintscom","article_modified_time":"2026-04-18T02:30:41+00:00","og_image":[{"width":1080,"height":1080,"url":"https:\/\/positiveprints.com\/wp-content\/uploads\/2024\/08\/Dwa-Ksie\u0328z\u0307yce-dla-Dziadka.jpg","type":"image\/jpeg"}],"twitter_card":"summary_large_image","schema":{"@context":"https:\/\/schema.org","@graph":[{"@type":["WebPage","ItemPage"],"@id":"https:\/\/positiveprints.com\/pl\/produkt\/dwa-ksiezyce-dla-dziadka\/","url":"https:\/\/positiveprints.com\/pl\/produkt\/dwa-ksiezyce-dla-dziadka\/","name":"Dwa Ksi\u0119\u017cyce dla Dziadka - Positive Prints","isPartOf":{"@id":"https:\/\/positiveprints.com\/pl\/#website"},"primaryImageOfPage":{"@id":"https:\/\/positiveprints.com\/pl\/produkt\/dwa-ksiezyce-dla-dziadka\/#primaryimage"},"image":{"@id":"https:\/\/positiveprints.com\/pl\/produkt\/dwa-ksiezyce-dla-dziadka\/#primaryimage"},"thumbnailUrl":"https:\/\/positiveprints.com\/wp-content\/uploads\/2024\/08\/Dwa-Ksie\u0328z\u0307yce-dla-Dziadka.jpg","datePublished":"2024-07-29T10:43:07+00:00","dateModified":"2026-04-18T02:30:41+00:00","description":"Szukasz wyj\u0105tkowego i warto\u015bciowego prezentu dla dziadka? Dwa Ksi\u0119\u017cyce dla Dziadka to pomys\u0142owy i personalizowany prezent, kt\u00f3ry sprawi, \u017ce jego serce si\u0119 rozczuli.","breadcrumb":{"@id":"https:\/\/positiveprints.com\/pl\/produkt\/dwa-ksiezyce-dla-dziadka\/#breadcrumb"},"inLanguage":"pl-PL","potentialAction":[{"@type":"ReadAction","target":["https:\/\/positiveprints.com\/pl\/produkt\/dwa-ksiezyce-dla-dziadka\/"]}]},{"@type":"ImageObject","inLanguage":"pl-PL","@id":"https:\/\/positiveprints.com\/pl\/produkt\/dwa-ksiezyce-dla-dziadka\/#primaryimage","url":"https:\/\/positiveprints.com\/wp-content\/uploads\/2024\/08\/Dwa-Ksie\u0328z\u0307yce-dla-Dziadka.jpg","contentUrl":"https:\/\/positiveprints.com\/wp-content\/uploads\/2024\/08\/Dwa-Ksie\u0328z\u0307yce-dla-Dziadka.jpg","width":1080,"height":1080},{"@type":"BreadcrumbList","@id":"https:\/\/positiveprints.com\/pl\/produkt\/dwa-ksiezyce-dla-dziadka\/#breadcrumb","itemListElement":[{"@type":"ListItem","position":1,"name":"Home","item":"https:\/\/positiveprints.com\/pl\/"},{"@type":"ListItem","position":2,"name":"Produkty","item":"https:\/\/positiveprints.com\/pl\/shop\/"},{"@type":"ListItem","position":3,"name":"Dwa Ksi\u0119\u017cyce dla Dziadka"}]},{"@type":"WebSite","@id":"https:\/\/positiveprints.com\/pl\/#website","url":"https:\/\/positiveprints.com\/pl\/","name":"Positive Prints","description":"Amazing Custom Personalized Gifts","publisher":{"@id":"https:\/\/positiveprints.com\/pl\/#organization"},"potentialAction":[{"@type":"SearchAction","target":{"@type":"EntryPoint","urlTemplate":"https:\/\/positiveprints.com\/pl\/?s={search_term_string}"},"query-input":{"@type":"PropertyValueSpecification","valueRequired":true,"valueName":"search_term_string"}}],"inLanguage":"pl-PL"},{"@type":"Organization","@id":"https:\/\/positiveprints.com\/pl\/#organization","name":"Positive Prints","alternateName":"Positive Prints","url":"https:\/\/positiveprints.com\/pl\/","logo":{"@type":"ImageObject","inLanguage":"pl-PL","@id":"https:\/\/positiveprints.com\/pl\/#\/schema\/logo\/image\/","url":"https:\/\/positiveprints.com\/wp-content\/uploads\/2026\/03\/245815646_1337939713319158_5671353136411139666_n.png","contentUrl":"https:\/\/positiveprints.com\/wp-content\/uploads\/2026\/03\/245815646_1337939713319158_5671353136411139666_n.png","width":800,"height":800,"caption":"Positive Prints"},"image":{"@id":"https:\/\/positiveprints.com\/pl\/#\/schema\/logo\/image\/"},"sameAs":["https:\/\/www.facebook.com\/positiveprintscom","https:\/\/www.instagram.com\/positiveprintscom\/","https:\/\/www.tiktok.com\/@positiveprintscom","https:\/\/www.pinterest.com\/positiveprintscom\/"]}]}},"jetpack_sharing_enabled":true,"_links":{"self":[{"href":"https:\/\/positiveprints.com\/pl\/wp-json\/wp\/v2\/product\/1170097","targetHints":{"allow":["GET"]}}],"collection":[{"href":"https:\/\/positiveprints.com\/pl\/wp-json\/wp\/v2\/product"}],"about":[{"href":"https:\/\/positiveprints.com\/pl\/wp-json\/wp\/v2\/types\/product"}],"wp:featuredmedia":[{"embeddable":true,"href":"https:\/\/positiveprints.com\/pl\/wp-json\/wp\/v2\/media\/1173813"}],"wp:attachment":[{"href":"https:\/\/positiveprints.com\/pl\/wp-json\/wp\/v2\/media?parent=1170097"}],"wp:term":[{"taxonomy":"product_brand","embeddable":true,"href":"https:\/\/positiveprints.com\/pl\/wp-json\/wp\/v2\/product_brand?post=1170097"},{"taxonomy":"product_cat","embeddable":true,"href":"https:\/\/positiveprints.com\/pl\/wp-json\/wp\/v2\/product_cat?post=1170097"},{"taxonomy":"product_tag","embeddable":true,"href":"https:\/\/positiveprints.com\/pl\/wp-json\/wp\/v2\/product_tag?post=1170097"}],"curies":[{"name":"wp","href":"https:\/\/api.w.org\/{rel}","templated":true}]}}