{"id":1170093,"date":"2024-08-05T10:33:39","date_gmt":"2024-08-05T09:33:39","guid":{"rendered":"https:\/\/positiveprints.com\/?post_type=product&#038;p=1170093"},"modified":"2026-04-12T20:07:12","modified_gmt":"2026-04-12T19:07:12","slug":"trzy-ksiezyce-dla-taty","status":"publish","type":"product","link":"https:\/\/positiveprints.com\/pl\/produkt\/trzy-ksiezyce-dla-taty\/","title":{"rendered":"Trzy Ksi\u0119\u017cyce dla Taty"},"content":{"rendered":"<p>Szukasz oryginalnego i wyj\u0105tkowego prezentu, kt\u00f3ry uczci szczeg\u00f3ln\u0105 wi\u0119\u017a mi\u0119dzy tat\u0105 a jego dzie\u0107mi? Trzy Ksi\u0119\u017cyce dla Taty to personalizowany plakat lub obraz na p\u0142\u00f3tnie, kt\u00f3ry pi\u0119knie oddaje magi\u0119 ojcostwa. Zawieraj\u0105ca trzy fazy ksi\u0119\u017cyca &#8211; po jednej dla ka\u017cdego z jego dzieci &#8211; ta wspania\u0142a grafika jest idealnym sposobem na uhonorowanie taty i stworzenie trwa\u0142ej pami\u0105tki, kt\u00f3r\u0105 b\u0119dzie ceni\u0142 na zawsze.<\/p>\r\n\r\n<h2>Trzy Ksi\u0119\u017cyce dla Taty<\/h2>\r\n\r\n<p>Trzy Ksi\u0119\u017cyce dla Taty to osza\u0142amiaj\u0105ca grafika na zam\u00f3wienie, kt\u00f3ra przedstawia trzy najwa\u017cniejsze fazy ksi\u0119\u017cyca, z kt\u00f3rych ka\u017cda reprezentuje dzie\u0144 narodzin ka\u017cdego dziecka. Aby stworzy\u0107 t\u0119 wyj\u0105tkow\u0105 pami\u0105tk\u0119, wystarczy odwiedzi\u0107 nasz kreator online. Zacznij od wybrania t\u0142a. Wybierz jedn\u0105 z gotowych opcji lub samodzielnie skomponuj kolorystyk\u0119. Nast\u0119pnie dodaj tytu\u0142 swojego dzie\u0142a &#8211; specjaln\u0105 wiadomo\u015b\u0107 lub sentencj\u0119, kt\u00f3ra b\u0119dzie wy\u015bwietlana nad fazami ksi\u0119\u017cyca.<\/p>\r\n\r\n<p>Po ustawieniu tytu\u0142u wprowad\u017a daty i lokalizacje, aby wy\u015bwietli\u0107 fazy ksi\u0119\u017cyca z dat urodzenia ka\u017cdego dziecka. Poni\u017cej ka\u017cdej fazy ksi\u0119\u017cyca mo\u017cesz doda\u0107 imiona, daty urodzenia lub inny tekst, kt\u00f3ry sprawi, \u017ce b\u0119dzie on jeszcze bardziej indywidualny. Na koniec wybierz format grafiki. Oferujemy r\u00f3\u017cne rozmiary i style, w tym drukowane lub oprawione plakaty, obrazy na p\u0142\u00f3tnie i pliki cyfrowe do natychmiastowego pobrania.<\/p>\r\n\r\n<h2>Dlaczego Trzy Ksi\u0119\u017cyce dla Taty to idealny prezent<\/h2>\r\n\r\n<p>Znalezienie warto\u015bciowego i wyj\u0105tkowego prezentu dla taty mo\u017ce by\u0107 wyzwaniem, ale Trzy ksi\u0119\u017cyce dla taty to idealne rozwi\u0105zanie. Ta grafika to nie tylko wizualna przyjemno\u015b\u0107. To sentymentalne przypomnienie wyj\u0105tkowych dni, w kt\u00f3rych urodzi\u0142o si\u0119 ka\u017cde z jego dzieci. Idealny na Dzie\u0144 Ojca, urodziny lub inn\u0105 specjaln\u0105 okazj\u0119, ten prezent pokazuje tacie, jak wiele te chwile znacz\u0105 dla Ciebie i Twojej rodziny.<\/p>\r\n\r\n<p>Personalizowany charakter tej grafiki sprawia, \u017ce ka\u017cdy egzemplarz jest wyj\u0105tkowy. Za ka\u017cdym razem, gdy tata go zobaczy, przypomni mu si\u0119 mi\u0142o\u015b\u0107 i rado\u015b\u0107, jak\u0105 jego dzieci wnosz\u0105 do jego \u017cycia. To prezent, kt\u00f3ry ma g\u0142\u0119bokie znaczenie i z pewno\u015bci\u0105 stanie si\u0119 cenn\u0105 cz\u0119\u015bci\u0105 Twojego domu.<\/p>\r\n\r\n<h2>Zacznij personalizowa\u0107 sw\u00f3j prezent ju\u017c dzi\u015b<\/h2>\r\n\r\n<p>Jeste\u015b gotowy, aby stworzy\u0107 niezapomniany i zapadaj\u0105cy w pami\u0119\u0107 prezent dla taty? Rozpocznij personalizacj\u0119 grafiki Trzy Ksi\u0119\u017cyce dla Taty ju\u017c dzi\u015b. <\/p>\r\n\r\n<p>Nie czekaj &#8211; zamie\u0144 te niezapomniane chwile w osza\u0142amiaj\u0105ce dzie\u0142o sztuki, kt\u00f3re tata b\u0119dzie ceni\u0142 na zawsze. Zam\u00f3w personalizowane Trzy Ksi\u0119\u017cyce dla Taty ju\u017c teraz i podaruj prezent, kt\u00f3ry jest naprawd\u0119 nie z tego \u015bwiata.<\/p>","protected":false},"excerpt":{"rendered":"<ul class=\"check-list\">\n<li>Uchwy\u0107 trzy wyj\u0105tkowe momenty i poka\u017c, jak wygl\u0105da\u0142 Ksi\u0119\u017cyc w tych dniach<\/li>\n<li>Spersonalizuj w 3 prostych krokach<\/li>\n<li>Wybierz jedn\u0105 z efektownych wersji kolorystycznych<\/li>\n<li>Dodaj dedykacj\u0119 prosto z serca<\/li>\n<li>Interaktywny podgl\u0105d pozwoli dopracowa\u0107 ka\u017cdy szczeg\u00f3\u0142<\/li>\n<\/ul>\n","protected":false},"featured_media":1480752,"template":"","meta":[],"product_brand":[],"product_cat":[11406,7978,7339,11111,5271,99],"product_tag":[12615,8556,9792,17444,13633,11763,12614,12616],"class_list":{"0":"post-1170093","1":"product","2":"type-product","3":"status-publish","4":"has-post-thumbnail","6":"product_cat-prezenty-pod-choinke-dla-taty","7":"product_cat-prezent-dla-taty","8":"product_cat-prezenty-na-dzien-ojca","9":"product_cat-potrojny-ksiezyc","10":"product_cat-prezent-na-boze-narodzenie","11":"product_cat-wszystkie-produkty","12":"product_tag-dzien-ojca","13":"product_tag-father-pl","14":"product_tag-ksiezyc","15":"product_tag-moon-pl","16":"product_tag-moon-phase-pl","17":"product_tag-prezenty-pod-choinke-dla-taty","18":"product_tag-tata","19":"product_tag-tatus","21":"first","22":"instock","23":"sale","24":"taxable","25":"shipping-taxable","26":"purchasable","27":"product-type-variable"},"yoast_head":"<!-- This site is optimized with the Yoast SEO Premium plugin v27.2 (Yoast SEO v27.2) - https:\/\/yoast.com\/product\/yoast-seo-premium-wordpress\/ -->\n<title>Trzy Ksi\u0119\u017cyce dla Taty - Positive Prints<\/title>\n<meta name=\"description\" content=\"Trzy Ksi\u0119\u017cyce dla Taty to personalizowany plakat lub obraz na p\u0142\u00f3tnie, kt\u00f3ry pi\u0119knie oddaje magi\u0119 ojcostwa. Zam\u00f3w ju\u017c teraz.\" \/>\n<meta name=\"robots\" content=\"index, follow, max-snippet:-1, max-image-preview:large, max-video-preview:-1\" \/>\n<link rel=\"canonical\" href=\"https:\/\/positiveprints.com\/pl\/produkt\/trzy-ksiezyce-dla-taty\/\" \/>\n<meta property=\"og:locale\" content=\"pl_PL\" \/>\n<meta property=\"og:type\" content=\"article\" \/>\n<meta property=\"og:title\" content=\"Trzy Ksi\u0119\u017cyce dla Taty\" \/>\n<meta property=\"og:description\" content=\"Uchwy\u0107 trzy wyj\u0105tkowe momenty i poka\u017c, jak wygl\u0105da\u0142 Ksi\u0119\u017cyc w tych dniach Spersonalizuj w 3 prostych krokach Wybierz jedn\u0105 z efektownych wersji kolorystycznych Dodaj dedykacj\u0119 prosto z serca Interaktywny podgl\u0105d pozwoli dopracowa\u0107 ka\u017cdy szczeg\u00f3\u0142\" \/>\n<meta property=\"og:url\" content=\"https:\/\/positiveprints.com\/pl\/produkt\/trzy-ksiezyce-dla-taty\/\" \/>\n<meta property=\"og:site_name\" content=\"Positive Prints\" \/>\n<meta property=\"article:publisher\" content=\"https:\/\/www.facebook.com\/positiveprintscom\" \/>\n<meta property=\"article:modified_time\" content=\"2026-04-12T19:07:12+00:00\" \/>\n<meta property=\"og:image\" content=\"https:\/\/positiveprints.com\/wp-content\/uploads\/2025\/07\/Packshot_PL_Trzy-Ksie\u0328z\u0307yce-dla-Taty.webp\" \/>\n\t<meta property=\"og:image:width\" content=\"1450\" \/>\n\t<meta property=\"og:image:height\" content=\"1450\" \/>\n\t<meta property=\"og:image:type\" content=\"image\/webp\" \/>\n<meta name=\"twitter:card\" content=\"summary_large_image\" \/>\n<!-- \/ Yoast SEO Premium plugin. -->","yoast_head_json":{"title":"Trzy Ksi\u0119\u017cyce dla Taty - Positive Prints","description":"Trzy Ksi\u0119\u017cyce dla Taty to personalizowany plakat lub obraz na p\u0142\u00f3tnie, kt\u00f3ry pi\u0119knie oddaje magi\u0119 ojcostwa. Zam\u00f3w ju\u017c teraz.","robots":{"index":"index","follow":"follow","max-snippet":"max-snippet:-1","max-image-preview":"max-image-preview:large","max-video-preview":"max-video-preview:-1"},"canonical":"https:\/\/positiveprints.com\/pl\/produkt\/trzy-ksiezyce-dla-taty\/","og_locale":"pl_PL","og_type":"article","og_title":"Trzy Ksi\u0119\u017cyce dla Taty","og_description":"Uchwy\u0107 trzy wyj\u0105tkowe momenty i poka\u017c, jak wygl\u0105da\u0142 Ksi\u0119\u017cyc w tych dniach Spersonalizuj w 3 prostych krokach Wybierz jedn\u0105 z efektownych wersji kolorystycznych Dodaj dedykacj\u0119 prosto z serca Interaktywny podgl\u0105d pozwoli dopracowa\u0107 ka\u017cdy szczeg\u00f3\u0142","og_url":"https:\/\/positiveprints.com\/pl\/produkt\/trzy-ksiezyce-dla-taty\/","og_site_name":"Positive Prints","article_publisher":"https:\/\/www.facebook.com\/positiveprintscom","article_modified_time":"2026-04-12T19:07:12+00:00","og_image":[{"width":1450,"height":1450,"url":"https:\/\/positiveprints.com\/wp-content\/uploads\/2025\/07\/Packshot_PL_Trzy-Ksie\u0328z\u0307yce-dla-Taty.webp","type":"image\/webp"}],"twitter_card":"summary_large_image","schema":{"@context":"https:\/\/schema.org","@graph":[{"@type":["WebPage","ItemPage"],"@id":"https:\/\/positiveprints.com\/pl\/produkt\/trzy-ksiezyce-dla-taty\/","url":"https:\/\/positiveprints.com\/pl\/produkt\/trzy-ksiezyce-dla-taty\/","name":"Trzy Ksi\u0119\u017cyce dla Taty - Positive Prints","isPartOf":{"@id":"https:\/\/positiveprints.com\/pl\/#website"},"primaryImageOfPage":{"@id":"https:\/\/positiveprints.com\/pl\/produkt\/trzy-ksiezyce-dla-taty\/#primaryimage"},"image":{"@id":"https:\/\/positiveprints.com\/pl\/produkt\/trzy-ksiezyce-dla-taty\/#primaryimage"},"thumbnailUrl":"https:\/\/positiveprints.com\/wp-content\/uploads\/2025\/07\/Packshot_PL_Trzy-Ksie\u0328z\u0307yce-dla-Taty.webp","datePublished":"2024-08-05T09:33:39+00:00","dateModified":"2026-04-12T19:07:12+00:00","description":"Trzy Ksi\u0119\u017cyce dla Taty to personalizowany plakat lub obraz na p\u0142\u00f3tnie, kt\u00f3ry pi\u0119knie oddaje magi\u0119 ojcostwa. Zam\u00f3w ju\u017c teraz.","breadcrumb":{"@id":"https:\/\/positiveprints.com\/pl\/produkt\/trzy-ksiezyce-dla-taty\/#breadcrumb"},"inLanguage":"pl-PL","potentialAction":[{"@type":"ReadAction","target":["https:\/\/positiveprints.com\/pl\/produkt\/trzy-ksiezyce-dla-taty\/"]}]},{"@type":"ImageObject","inLanguage":"pl-PL","@id":"https:\/\/positiveprints.com\/pl\/produkt\/trzy-ksiezyce-dla-taty\/#primaryimage","url":"https:\/\/positiveprints.com\/wp-content\/uploads\/2025\/07\/Packshot_PL_Trzy-Ksie\u0328z\u0307yce-dla-Taty.webp","contentUrl":"https:\/\/positiveprints.com\/wp-content\/uploads\/2025\/07\/Packshot_PL_Trzy-Ksie\u0328z\u0307yce-dla-Taty.webp","width":1450,"height":1450,"caption":"Packshot_PL_Trzy Ksie\u0328z\u0307yce dla Taty"},{"@type":"BreadcrumbList","@id":"https:\/\/positiveprints.com\/pl\/produkt\/trzy-ksiezyce-dla-taty\/#breadcrumb","itemListElement":[{"@type":"ListItem","position":1,"name":"Home","item":"https:\/\/positiveprints.com\/pl\/"},{"@type":"ListItem","position":2,"name":"Produkty","item":"https:\/\/positiveprints.com\/pl\/shop\/"},{"@type":"ListItem","position":3,"name":"Trzy Ksi\u0119\u017cyce dla Taty"}]},{"@type":"WebSite","@id":"https:\/\/positiveprints.com\/pl\/#website","url":"https:\/\/positiveprints.com\/pl\/","name":"Positive Prints","description":"Amazing Custom Personalized Gifts","publisher":{"@id":"https:\/\/positiveprints.com\/pl\/#organization"},"potentialAction":[{"@type":"SearchAction","target":{"@type":"EntryPoint","urlTemplate":"https:\/\/positiveprints.com\/pl\/?s={search_term_string}"},"query-input":{"@type":"PropertyValueSpecification","valueRequired":true,"valueName":"search_term_string"}}],"inLanguage":"pl-PL"},{"@type":"Organization","@id":"https:\/\/positiveprints.com\/pl\/#organization","name":"Positive Prints","alternateName":"Positive Prints","url":"https:\/\/positiveprints.com\/pl\/","logo":{"@type":"ImageObject","inLanguage":"pl-PL","@id":"https:\/\/positiveprints.com\/pl\/#\/schema\/logo\/image\/","url":"https:\/\/positiveprints.com\/wp-content\/uploads\/2026\/03\/245815646_1337939713319158_5671353136411139666_n.png","contentUrl":"https:\/\/positiveprints.com\/wp-content\/uploads\/2026\/03\/245815646_1337939713319158_5671353136411139666_n.png","width":800,"height":800,"caption":"Positive Prints"},"image":{"@id":"https:\/\/positiveprints.com\/pl\/#\/schema\/logo\/image\/"},"sameAs":["https:\/\/www.facebook.com\/positiveprintscom","https:\/\/www.instagram.com\/positiveprintscom\/","https:\/\/www.tiktok.com\/@positiveprintscom","https:\/\/www.pinterest.com\/positiveprintscom\/"]}]}},"jetpack_sharing_enabled":true,"_links":{"self":[{"href":"https:\/\/positiveprints.com\/pl\/wp-json\/wp\/v2\/product\/1170093","targetHints":{"allow":["GET"]}}],"collection":[{"href":"https:\/\/positiveprints.com\/pl\/wp-json\/wp\/v2\/product"}],"about":[{"href":"https:\/\/positiveprints.com\/pl\/wp-json\/wp\/v2\/types\/product"}],"wp:featuredmedia":[{"embeddable":true,"href":"https:\/\/positiveprints.com\/pl\/wp-json\/wp\/v2\/media\/1480752"}],"wp:attachment":[{"href":"https:\/\/positiveprints.com\/pl\/wp-json\/wp\/v2\/media?parent=1170093"}],"wp:term":[{"taxonomy":"product_brand","embeddable":true,"href":"https:\/\/positiveprints.com\/pl\/wp-json\/wp\/v2\/product_brand?post=1170093"},{"taxonomy":"product_cat","embeddable":true,"href":"https:\/\/positiveprints.com\/pl\/wp-json\/wp\/v2\/product_cat?post=1170093"},{"taxonomy":"product_tag","embeddable":true,"href":"https:\/\/positiveprints.com\/pl\/wp-json\/wp\/v2\/product_tag?post=1170093"}],"curies":[{"name":"wp","href":"https:\/\/api.w.org\/{rel}","templated":true}]}}