{"id":1151328,"date":"2024-07-05T23:34:48","date_gmt":"2024-07-05T22:34:48","guid":{"rendered":"https:\/\/positiveprints.com\/?post_type=product&#038;p=1151328"},"modified":"2026-04-28T13:44:59","modified_gmt":"2026-04-28T12:44:59","slug":"podwojna-faza-ksiezyca","status":"publish","type":"product","link":"https:\/\/positiveprints.com\/pl\/produkt\/podwojna-faza-ksiezyca\/","title":{"rendered":"Podw\u00f3jna Faza Ksi\u0119\u017cyca"},"content":{"rendered":"<p style=\"margin-top: 1rem\">Szukasz wyj\u0105tkowego i znacz\u0105cego prezentu dla ukochanej osoby? Nasz plakat Podw\u00f3jna Faza Ksi\u0119\u017cyca to idealny wyb\u00f3r. Ten personalizowany wydruk przedstawia dwie fazy ksi\u0119\u017cyca obok siebie, co czyni go niezapomnianym prezentem na ka\u017cd\u0105 specjaln\u0105 okazj\u0119.<\/p>\r\n\r\n<h2 class=\"grenB f24 cblue\" style=\"margin-top: 3rem\">Stw\u00f3rz sw\u00f3j plakat z Podw\u00f3jn\u0105 Faz\u0105 Ksi\u0119\u017cyca<\/h2>\r\n<p style=\"margin-top: 1rem\">Aby rozpocz\u0105\u0107 personalizacj\u0119 projektu, wystarczy przej\u015b\u0107 do naszego kreatora online. Wybierz kolor t\u0142a z naszych gotowych opcji lub baw si\u0119 kolorami samodzielnie, aby znale\u017a\u0107 idealne po\u0142\u0105czenie. Nast\u0119pnie wprowad\u017a miejsce i czas, aby zobaczy\u0107, jak wygl\u0105da\u0142y ksi\u0119\u017cyce w te wyj\u0105tkowe dni. Mo\u017cesz tak\u017ce doda\u0107 kr\u00f3tk\u0105 wiadomo\u015b\u0107 powy\u017cej i tekst poni\u017cej ka\u017cdego ksi\u0119\u017cyca.<\/p>\r\n\r\n<h2 class=\"grenB f24 cblue\" style=\"margin-top: 3rem\">Idealny prezent na specjalne okazje<\/h2>\r\n<p style=\"margin-top: 1rem\">Plakat Podw\u00f3jna Faza Ksi\u0119\u017cyca to idealny prezent na rocznice, romantyczne okazje lub jako pomys\u0142owy prezent dla rodzic\u00f3w. Uchwy\u0107 swoj\u0105 urodzinow\u0105 faz\u0119 ksi\u0119\u017cyca wraz z faz\u0105 ksi\u0119\u017cyca ukochanej osoby, symbolizuj\u0105c swoj\u0105 &#8220;ksi\u0119\u017cycow\u0105 bratni\u0105 dusz\u0119&#8221;. Popularne w\u015br\u00f3d rodzic\u00f3w jest r\u00f3wnie\u017c umieszczanie faz ksi\u0119\u017cyca z dni narodzin ich dw\u00f3jki dzieci. Wyobra\u017a sobie ich zachwyt, gdy otrzymaj\u0105 personalizowany obraz, kt\u00f3ry oddaje pi\u0119kno i znaczenie ich wyj\u0105tkowych dat.<\/p>\r\n\r\n<h2 class=\"grenB f24 cblue\" style=\"margin-top: 3rem\">Wybierz spos\u00f3b, w jaki chcesz otrzyma\u0107 plakat Podw\u00f3jna Faza Ksi\u0119\u017cyca<\/h2>\r\n<p style=\"margin-top: 1rem\">Zam\u00f3w plakat Podw\u00f3jna Faza Ksi\u0119\u017cyca w r\u00f3\u017cnych formatach dostosowanych do Twoich potrzeb &#8211; wybierz plakat drukowany w ramce lub bez ramki, wysokiej jako\u015bci p\u0142\u00f3tno lub plik cyfrowy do natychmiastowego pobrania. Ta elastyczno\u015b\u0107 gwarantuje, \u017ce mo\u017cesz zaprezentowa\u0107 sw\u00f3j wyj\u0105tkowy prezent w spos\u00f3b, kt\u00f3ry najlepiej pasuje do Twojego stylu i okazji.<\/p>\r\n<p style=\"margin-top: 1rem\">Podaruj prezent, kt\u00f3ry b\u0119dzie ceniony na zawsze. Plakat Podw\u00f3jna Faza Ksi\u0119\u017cyca to co\u015b wi\u0119cej ni\u017c tylko zwyk\u0142y obraz. To trwa\u0142y ho\u0142d dla najcenniejszych chwil. Uczcij swoje specjalne wi\u0119zi i stw\u00f3rz pi\u0119kne pami\u0105tki mi\u0142o\u015bci i wspomnie\u0144 z t\u0105 kreatywn\u0105 i wyj\u0105tkow\u0105 pami\u0105tk\u0105.<\/p>","protected":false},"excerpt":{"rendered":"<ul class=\"check-list\">\n<li>Uchwy\u0107 dwa wyj\u0105tkowe momenty i poka\u017c, jak wygl\u0105da\u0142 Ksi\u0119\u017cyc w tych dniach<\/li>\n<li>Spersonalizuj w 3 prostych krokach<\/li>\n<li>Wybierz jedn\u0105 z efektownych wersji kolorystycznych<\/li>\n<li>Dodaj dedykacj\u0119 prosto z serca<\/li>\n<li>Interaktywny podgl\u0105d pozwoli dopracowa\u0107 ka\u017cdy szczeg\u00f3\u0142<\/li>\n<\/ul>\n","protected":false},"featured_media":1553866,"template":"","meta":[],"product_brand":[],"product_cat":[11110,99,262,8010,7690],"product_tag":[14956],"class_list":{"0":"post-1151328","1":"product","2":"type-product","3":"status-publish","4":"has-post-thumbnail","6":"product_cat-fazy-ksiezyca","7":"product_cat-wszystkie-produkty","8":"product_cat-creators-pl","9":"product_cat-prezent-dla-mezczyzny","10":"product_cat-prezent-dla-kobiety","11":"product_tag-creators-pl-2","13":"first","14":"instock","15":"sale","16":"taxable","17":"shipping-taxable","18":"purchasable","19":"product-type-variable"},"yoast_head":"<!-- This site is optimized with the Yoast SEO Premium plugin v27.2 (Yoast SEO v27.2) - https:\/\/yoast.com\/product\/yoast-seo-premium-wordpress\/ -->\n<title>Podw\u00f3jna Faza Ksi\u0119\u017cyca - Positive Prints<\/title>\n<meta name=\"description\" content=\"Szukasz wyj\u0105tkowego i warto\u015bciowego prezentu dla ukochanej osoby? Nasz plakat Podw\u00f3jna Faza Ksi\u0119\u017cyca to idealny wyb\u00f3r.\" \/>\n<meta name=\"robots\" content=\"index, follow, max-snippet:-1, max-image-preview:large, max-video-preview:-1\" \/>\n<link rel=\"canonical\" href=\"https:\/\/positiveprints.com\/pl\/produkt\/podwojna-faza-ksiezyca\/\" \/>\n<meta property=\"og:locale\" content=\"pl_PL\" \/>\n<meta property=\"og:type\" content=\"article\" \/>\n<meta property=\"og:title\" content=\"Podw\u00f3jna Faza Ksi\u0119\u017cyca\" \/>\n<meta property=\"og:description\" content=\"Uchwy\u0107 dwa wyj\u0105tkowe momenty i poka\u017c, jak wygl\u0105da\u0142 Ksi\u0119\u017cyc w tych dniach  Spersonalizuj w 3 prostych krokach  Wybierz jedn\u0105 z efektownych wersji kolorystycznych  Dodaj dedykacj\u0119 prosto z serca  Interaktywny podgl\u0105d pozwoli dopracowa\u0107 ka\u017cdy szczeg\u00f3\u0142\" \/>\n<meta property=\"og:url\" content=\"https:\/\/positiveprints.com\/pl\/produkt\/podwojna-faza-ksiezyca\/\" \/>\n<meta property=\"og:site_name\" content=\"Positive Prints\" \/>\n<meta property=\"article:publisher\" content=\"https:\/\/www.facebook.com\/positiveprintscom\" \/>\n<meta property=\"article:modified_time\" content=\"2026-04-28T12:44:59+00:00\" \/>\n<meta property=\"og:image\" content=\"https:\/\/positiveprints.com\/wp-content\/uploads\/2025\/10\/Podwojna-Faza-Ksiezyca-3.webp\" \/>\n\t<meta property=\"og:image:width\" content=\"1450\" \/>\n\t<meta property=\"og:image:height\" content=\"1450\" \/>\n\t<meta property=\"og:image:type\" content=\"image\/webp\" \/>\n<meta name=\"twitter:card\" content=\"summary_large_image\" \/>\n<!-- \/ Yoast SEO Premium plugin. -->","yoast_head_json":{"title":"Podw\u00f3jna Faza Ksi\u0119\u017cyca - Positive Prints","description":"Szukasz wyj\u0105tkowego i warto\u015bciowego prezentu dla ukochanej osoby? Nasz plakat Podw\u00f3jna Faza Ksi\u0119\u017cyca to idealny wyb\u00f3r.","robots":{"index":"index","follow":"follow","max-snippet":"max-snippet:-1","max-image-preview":"max-image-preview:large","max-video-preview":"max-video-preview:-1"},"canonical":"https:\/\/positiveprints.com\/pl\/produkt\/podwojna-faza-ksiezyca\/","og_locale":"pl_PL","og_type":"article","og_title":"Podw\u00f3jna Faza Ksi\u0119\u017cyca","og_description":"Uchwy\u0107 dwa wyj\u0105tkowe momenty i poka\u017c, jak wygl\u0105da\u0142 Ksi\u0119\u017cyc w tych dniach  Spersonalizuj w 3 prostych krokach  Wybierz jedn\u0105 z efektownych wersji kolorystycznych  Dodaj dedykacj\u0119 prosto z serca  Interaktywny podgl\u0105d pozwoli dopracowa\u0107 ka\u017cdy szczeg\u00f3\u0142","og_url":"https:\/\/positiveprints.com\/pl\/produkt\/podwojna-faza-ksiezyca\/","og_site_name":"Positive Prints","article_publisher":"https:\/\/www.facebook.com\/positiveprintscom","article_modified_time":"2026-04-28T12:44:59+00:00","og_image":[{"width":1450,"height":1450,"url":"https:\/\/positiveprints.com\/wp-content\/uploads\/2025\/10\/Podwojna-Faza-Ksiezyca-3.webp","type":"image\/webp"}],"twitter_card":"summary_large_image","schema":{"@context":"https:\/\/schema.org","@graph":[{"@type":["WebPage","ItemPage"],"@id":"https:\/\/positiveprints.com\/pl\/produkt\/podwojna-faza-ksiezyca\/","url":"https:\/\/positiveprints.com\/pl\/produkt\/podwojna-faza-ksiezyca\/","name":"Podw\u00f3jna Faza Ksi\u0119\u017cyca - Positive Prints","isPartOf":{"@id":"https:\/\/positiveprints.com\/pl\/#website"},"primaryImageOfPage":{"@id":"https:\/\/positiveprints.com\/pl\/produkt\/podwojna-faza-ksiezyca\/#primaryimage"},"image":{"@id":"https:\/\/positiveprints.com\/pl\/produkt\/podwojna-faza-ksiezyca\/#primaryimage"},"thumbnailUrl":"https:\/\/positiveprints.com\/wp-content\/uploads\/2025\/10\/Podwojna-Faza-Ksiezyca-3.webp","datePublished":"2024-07-05T22:34:48+00:00","dateModified":"2026-04-28T12:44:59+00:00","description":"Szukasz wyj\u0105tkowego i warto\u015bciowego prezentu dla ukochanej osoby? Nasz plakat Podw\u00f3jna Faza Ksi\u0119\u017cyca to idealny wyb\u00f3r.","breadcrumb":{"@id":"https:\/\/positiveprints.com\/pl\/produkt\/podwojna-faza-ksiezyca\/#breadcrumb"},"inLanguage":"pl-PL","potentialAction":[{"@type":"ReadAction","target":["https:\/\/positiveprints.com\/pl\/produkt\/podwojna-faza-ksiezyca\/"]}]},{"@type":"ImageObject","inLanguage":"pl-PL","@id":"https:\/\/positiveprints.com\/pl\/produkt\/podwojna-faza-ksiezyca\/#primaryimage","url":"https:\/\/positiveprints.com\/wp-content\/uploads\/2025\/10\/Podwojna-Faza-Ksiezyca-3.webp","contentUrl":"https:\/\/positiveprints.com\/wp-content\/uploads\/2025\/10\/Podwojna-Faza-Ksiezyca-3.webp","width":1450,"height":1450},{"@type":"BreadcrumbList","@id":"https:\/\/positiveprints.com\/pl\/produkt\/podwojna-faza-ksiezyca\/#breadcrumb","itemListElement":[{"@type":"ListItem","position":1,"name":"Home","item":"https:\/\/positiveprints.com\/pl\/"},{"@type":"ListItem","position":2,"name":"Produkty","item":"https:\/\/positiveprints.com\/pl\/shop\/"},{"@type":"ListItem","position":3,"name":"Podw\u00f3jna Faza Ksi\u0119\u017cyca"}]},{"@type":"WebSite","@id":"https:\/\/positiveprints.com\/pl\/#website","url":"https:\/\/positiveprints.com\/pl\/","name":"Positive Prints","description":"Amazing Custom Personalized Gifts","publisher":{"@id":"https:\/\/positiveprints.com\/pl\/#organization"},"potentialAction":[{"@type":"SearchAction","target":{"@type":"EntryPoint","urlTemplate":"https:\/\/positiveprints.com\/pl\/?s={search_term_string}"},"query-input":{"@type":"PropertyValueSpecification","valueRequired":true,"valueName":"search_term_string"}}],"inLanguage":"pl-PL"},{"@type":"Organization","@id":"https:\/\/positiveprints.com\/pl\/#organization","name":"Positive Prints","alternateName":"Positive Prints","url":"https:\/\/positiveprints.com\/pl\/","logo":{"@type":"ImageObject","inLanguage":"pl-PL","@id":"https:\/\/positiveprints.com\/pl\/#\/schema\/logo\/image\/","url":"https:\/\/positiveprints.com\/wp-content\/uploads\/2026\/03\/245815646_1337939713319158_5671353136411139666_n.png","contentUrl":"https:\/\/positiveprints.com\/wp-content\/uploads\/2026\/03\/245815646_1337939713319158_5671353136411139666_n.png","width":800,"height":800,"caption":"Positive Prints"},"image":{"@id":"https:\/\/positiveprints.com\/pl\/#\/schema\/logo\/image\/"},"sameAs":["https:\/\/www.facebook.com\/positiveprintscom","https:\/\/www.instagram.com\/positiveprintscom\/","https:\/\/www.tiktok.com\/@positiveprintscom","https:\/\/www.pinterest.com\/positiveprintscom\/"]}]}},"jetpack_sharing_enabled":true,"_links":{"self":[{"href":"https:\/\/positiveprints.com\/pl\/wp-json\/wp\/v2\/product\/1151328","targetHints":{"allow":["GET"]}}],"collection":[{"href":"https:\/\/positiveprints.com\/pl\/wp-json\/wp\/v2\/product"}],"about":[{"href":"https:\/\/positiveprints.com\/pl\/wp-json\/wp\/v2\/types\/product"}],"wp:featuredmedia":[{"embeddable":true,"href":"https:\/\/positiveprints.com\/pl\/wp-json\/wp\/v2\/media\/1553866"}],"wp:attachment":[{"href":"https:\/\/positiveprints.com\/pl\/wp-json\/wp\/v2\/media?parent=1151328"}],"wp:term":[{"taxonomy":"product_brand","embeddable":true,"href":"https:\/\/positiveprints.com\/pl\/wp-json\/wp\/v2\/product_brand?post=1151328"},{"taxonomy":"product_cat","embeddable":true,"href":"https:\/\/positiveprints.com\/pl\/wp-json\/wp\/v2\/product_cat?post=1151328"},{"taxonomy":"product_tag","embeddable":true,"href":"https:\/\/positiveprints.com\/pl\/wp-json\/wp\/v2\/product_tag?post=1151328"}],"curies":[{"name":"wp","href":"https:\/\/api.w.org\/{rel}","templated":true}]}}