{"id":1150291,"date":"2024-06-17T09:01:18","date_gmt":"2024-06-17T08:01:18","guid":{"rendered":"https:\/\/positiveprints.com\/?post_type=product&#038;p=1150291"},"modified":"2026-04-28T13:47:57","modified_gmt":"2026-04-28T12:47:57","slug":"pan-i-pani-kolaz-4-zdjec","status":"publish","type":"product","link":"https:\/\/positiveprints.com\/pl\/produkt\/pan-i-pani-kolaz-4-zdjec\/","title":{"rendered":"Pan i Pani &#8211; Kola\u017c 4 Zdj\u0119\u0107"},"content":{"rendered":"<p>Uchwy\u0107 pi\u0119kne wspomnienia z naszym produktem Pan i Pani &#8211; Kola\u017c 4 Zdj\u0119\u0107. Ten personalizowany wydruk zawiera 4 w\u0142asne zdj\u0119cia u\u0142o\u017cone w stylowy kola\u017c z tekstem &#8220;Pan i Pani&#8221; napisanym pi\u0119kn\u0105 czcionk\u0105. Mo\u017cesz go \u0142atwo stworzy\u0107 zar\u00f3wno na komputerze, jak i telefonie kom\u00f3rkowym. Wystarczy przej\u015b\u0107 do naszego przyjaznego dla u\u017cytkownika kreatora online, wybra\u0107 uk\u0142ad 4 zdj\u0119\u0107 i wybra\u0107 motyw z napisem &#8220;Pan i Pani&#8221;. Nast\u0119pnie prze\u015blij swoje 4 ulubione zdj\u0119cia, aby uzupe\u0142ni\u0107 kola\u017c.<\/p>\r\n\r\n<h2>Stw\u00f3rz Kola\u017c 4 zdj\u0119\u0107 &#8211; Pan i Pani<\/h2>\r\n\r\n<p>Pan i Pani &#8211; Kola\u017c 4 Zdj\u0119\u0107 jest idealnym prezentem na wesela, wieczory panie\u0144skie lub jako specjalny prezent dla pary m\u0142odej. Uczcij ich mi\u0142o\u015b\u0107 i wyj\u0105tkowe chwile dzi\u0119ki oryginalnemu i personalizowanemu prezentowi, kt\u00f3ry b\u0119d\u0105 piel\u0119gnowa\u0107 na zawsze. Ten kola\u017c to nie tylko dekoracja. To pami\u0105tka, kt\u00f3ra b\u0119dzie im przypomina\u0107 o ich wyj\u0105tkowym dniu i pi\u0119knej podr\u00f3\u017cy, kt\u00f3r\u0105 dzielili. <\/p>\r\n\r\n<p>Wyobra\u017a sobie rado\u015b\u0107 i zaskoczenie na twarzach nowo\u017ce\u0144c\u00f3w, gdy rozpakowuj\u0105 prezent, kt\u00f3ry jest tak wyj\u0105tkowy i osobisty. Pan i Pani &#8211; Kola\u017c 4 Zdj\u0119\u0107 pozwala wyselekcjonowa\u0107 ich najszcz\u0119\u015bliwsze chwile i uchwyci\u0107 esencj\u0119 ich zwi\u0105zku. To prezent, kt\u00f3ry m\u00f3wi wiele o Twojej troskliwo\u015bci i mi\u0142o\u015bci do nich.\r\n\r\n<h2>Dlaczego warto wybra\u0107 nasz produkt Pan i Pani &#8211; Kola\u017c 4 Zdj\u0119\u0107? <\/h2>\r\n\r\n<p>Tworzenie kola\u017cu jest szybkie i proste. Odwied\u017a nasz\u0105 stron\u0119 internetow\u0105, skorzystaj z kreatora online, aby spersonalizowa\u0107 kola\u017c i z\u0142\u00f3\u017c zam\u00f3wienie. My zajmiemy si\u0119 reszt\u0105, zapewniaj\u0105c staranne wykonanie i szybk\u0105 dostaw\u0119.<\/p>\r\n\r\n<p>Niezale\u017cnie od tego, czy jest to wiecz\u00f3r panie\u0144ski, dzie\u0144 \u015blubu czy rocznica, ten kola\u017c b\u0119dzie niezapomnianym prezentem. Jest to r\u00f3wnie\u017c doskona\u0142y spos\u00f3b dla rodzic\u00f3w, przyjaci\u00f3\u0142 lub rodze\u0144stwa, aby pokaza\u0107 swoj\u0105 mi\u0142o\u015b\u0107 i wsparcie dla pary. Emocje uchwycone na zdj\u0119ciach wywo\u0142aj\u0105 u\u015bmiech, rado\u015b\u0107, a mo\u017ce nawet \u0142zy szcz\u0119\u015bcia.<\/p>\r\n\r\n<p>Podaruj prezent, kt\u00f3ry doskonale uchwyci histori\u0119 ich mi\u0142o\u015bci. Pan i Pani &#8211; Kola\u017c 4 Zdj\u0119\u0107 to pi\u0119kny i pomys\u0142owy spos\u00f3b na uczczenie wyj\u0105tkowej pary w swoim \u017cyciu.<\/p>","protected":false},"excerpt":{"rendered":"<ul class=\"check-list\">\n<li>Dodaj specjalne s\u0142owo, aby ka\u017cdy prezent by\u0142 wyj\u0105tkowy i wzruszaj\u0105cy<\/li>\n<li>Personalizuj w 2 minuty<\/li>\n<li>U\u017cyj jednego z naszych szablon\u00f3w lub daj popis swojej wyobra\u017ani<\/li>\n<li>Interaktywny podgl\u0105d pozwoli dopracowa\u0107 ka\u017cdy szczeg\u00f3\u0142<\/li>\n<\/ul>\n","protected":false},"featured_media":1156175,"template":"","meta":[],"product_brand":[],"product_cat":[11539,11542,11543,11540,11544,11541,11604,7643,7753,7500,11185,11184,11186,5333,3125,7929,99],"product_tag":[8709,16280,8482],"class_list":{"0":"post-1150291","1":"product","2":"type-product","3":"status-publish","4":"has-post-thumbnail","6":"product_cat-1-rocznica","7":"product_cat-10-rocznica","8":"product_cat-15-rocznica","9":"product_cat-2-rocznica","10":"product_cat-20-rocznica","11":"product_cat-5-rocznica","12":"product_cat-50-rocznica","13":"product_cat-prezent-dla-meza","14":"product_cat-prezent-dla-zony","15":"product_cat-foto-pl","16":"product_cat-prezenty-na-rocznice-dla-niego","17":"product_cat-prezenty-na-rocznice-dla-niej","18":"product_cat-prezenty-na-rocznice-dla-pary","19":"product_cat-prezent-na-rocznice","20":"product_cat-prezent-na-slub","21":"product_cat-prezent-na-wieczor-panienski","22":"product_cat-wszystkie-produkty","23":"product_tag-bridal-shower-pl","24":"product_tag-wedding-pl-2","25":"product_tag-wedding-pl","27":"first","28":"instock","29":"sale","30":"taxable","31":"shipping-taxable","32":"purchasable","33":"product-type-variable"},"yoast_head":"<!-- This site is optimized with the Yoast SEO Premium plugin v27.2 (Yoast SEO v27.2) - https:\/\/yoast.com\/product\/yoast-seo-premium-wordpress\/ -->\n<title>Pan i Pani - Kola\u017c 4 Zdj\u0119\u0107 - Positive Prints<\/title>\n<meta name=\"description\" content=\"Podaruj prezent, kt\u00f3ry idealnie uchwyci histori\u0119 ich mi\u0142o\u015bci. Pan i Pani - Kola\u017c 4 Zdj\u0119\u0107 to pi\u0119kny spos\u00f3b na upami\u0119tnienie wyj\u0105tkowej pary w Twoim \u017cyciu.\" \/>\n<meta name=\"robots\" content=\"index, follow, max-snippet:-1, max-image-preview:large, max-video-preview:-1\" \/>\n<link rel=\"canonical\" href=\"https:\/\/positiveprints.com\/pl\/produkt\/pan-i-pani-kolaz-4-zdjec\/\" \/>\n<meta property=\"og:locale\" content=\"pl_PL\" \/>\n<meta property=\"og:type\" content=\"article\" \/>\n<meta property=\"og:title\" content=\"Pan i Pani - Kola\u017c 4 Zdj\u0119\u0107\" \/>\n<meta property=\"og:description\" content=\"Dodaj specjalne s\u0142owo, aby ka\u017cdy prezent by\u0142 wyj\u0105tkowy i wzruszaj\u0105cy Personalizuj w 2 minuty U\u017cyj jednego z naszych szablon\u00f3w lub daj popis swojej wyobra\u017ani Interaktywny podgl\u0105d pozwoli dopracowa\u0107 ka\u017cdy szczeg\u00f3\u0142\" \/>\n<meta property=\"og:url\" content=\"https:\/\/positiveprints.com\/pl\/produkt\/pan-i-pani-kolaz-4-zdjec\/\" \/>\n<meta property=\"og:site_name\" content=\"Positive Prints\" \/>\n<meta property=\"article:publisher\" content=\"https:\/\/www.facebook.com\/positiveprintscom\" \/>\n<meta property=\"article:modified_time\" content=\"2026-04-28T12:47:57+00:00\" \/>\n<meta property=\"og:image\" content=\"https:\/\/positiveprints.com\/wp-content\/uploads\/2024\/06\/Mr-Mrs-4-Photo-Collage.jpg\" \/>\n\t<meta property=\"og:image:width\" content=\"1080\" \/>\n\t<meta property=\"og:image:height\" content=\"1080\" \/>\n\t<meta property=\"og:image:type\" content=\"image\/jpeg\" \/>\n<meta name=\"twitter:card\" content=\"summary_large_image\" \/>\n<!-- \/ Yoast SEO Premium plugin. -->","yoast_head_json":{"title":"Pan i Pani - Kola\u017c 4 Zdj\u0119\u0107 - Positive Prints","description":"Podaruj prezent, kt\u00f3ry idealnie uchwyci histori\u0119 ich mi\u0142o\u015bci. Pan i Pani - Kola\u017c 4 Zdj\u0119\u0107 to pi\u0119kny spos\u00f3b na upami\u0119tnienie wyj\u0105tkowej pary w Twoim \u017cyciu.","robots":{"index":"index","follow":"follow","max-snippet":"max-snippet:-1","max-image-preview":"max-image-preview:large","max-video-preview":"max-video-preview:-1"},"canonical":"https:\/\/positiveprints.com\/pl\/produkt\/pan-i-pani-kolaz-4-zdjec\/","og_locale":"pl_PL","og_type":"article","og_title":"Pan i Pani - Kola\u017c 4 Zdj\u0119\u0107","og_description":"Dodaj specjalne s\u0142owo, aby ka\u017cdy prezent by\u0142 wyj\u0105tkowy i wzruszaj\u0105cy Personalizuj w 2 minuty U\u017cyj jednego z naszych szablon\u00f3w lub daj popis swojej wyobra\u017ani Interaktywny podgl\u0105d pozwoli dopracowa\u0107 ka\u017cdy szczeg\u00f3\u0142","og_url":"https:\/\/positiveprints.com\/pl\/produkt\/pan-i-pani-kolaz-4-zdjec\/","og_site_name":"Positive Prints","article_publisher":"https:\/\/www.facebook.com\/positiveprintscom","article_modified_time":"2026-04-28T12:47:57+00:00","og_image":[{"width":1080,"height":1080,"url":"https:\/\/positiveprints.com\/wp-content\/uploads\/2024\/06\/Mr-Mrs-4-Photo-Collage.jpg","type":"image\/jpeg"}],"twitter_card":"summary_large_image","schema":{"@context":"https:\/\/schema.org","@graph":[{"@type":["WebPage","ItemPage"],"@id":"https:\/\/positiveprints.com\/pl\/produkt\/pan-i-pani-kolaz-4-zdjec\/","url":"https:\/\/positiveprints.com\/pl\/produkt\/pan-i-pani-kolaz-4-zdjec\/","name":"Pan i Pani - Kola\u017c 4 Zdj\u0119\u0107 - Positive Prints","isPartOf":{"@id":"https:\/\/positiveprints.com\/pl\/#website"},"primaryImageOfPage":{"@id":"https:\/\/positiveprints.com\/pl\/produkt\/pan-i-pani-kolaz-4-zdjec\/#primaryimage"},"image":{"@id":"https:\/\/positiveprints.com\/pl\/produkt\/pan-i-pani-kolaz-4-zdjec\/#primaryimage"},"thumbnailUrl":"https:\/\/positiveprints.com\/wp-content\/uploads\/2024\/06\/Mr-Mrs-4-Photo-Collage.jpg","datePublished":"2024-06-17T08:01:18+00:00","dateModified":"2026-04-28T12:47:57+00:00","description":"Podaruj prezent, kt\u00f3ry idealnie uchwyci histori\u0119 ich mi\u0142o\u015bci. Pan i Pani - Kola\u017c 4 Zdj\u0119\u0107 to pi\u0119kny spos\u00f3b na upami\u0119tnienie wyj\u0105tkowej pary w Twoim \u017cyciu.","breadcrumb":{"@id":"https:\/\/positiveprints.com\/pl\/produkt\/pan-i-pani-kolaz-4-zdjec\/#breadcrumb"},"inLanguage":"pl-PL","potentialAction":[{"@type":"ReadAction","target":["https:\/\/positiveprints.com\/pl\/produkt\/pan-i-pani-kolaz-4-zdjec\/"]}]},{"@type":"ImageObject","inLanguage":"pl-PL","@id":"https:\/\/positiveprints.com\/pl\/produkt\/pan-i-pani-kolaz-4-zdjec\/#primaryimage","url":"https:\/\/positiveprints.com\/wp-content\/uploads\/2024\/06\/Mr-Mrs-4-Photo-Collage.jpg","contentUrl":"https:\/\/positiveprints.com\/wp-content\/uploads\/2024\/06\/Mr-Mrs-4-Photo-Collage.jpg","width":1080,"height":1080},{"@type":"BreadcrumbList","@id":"https:\/\/positiveprints.com\/pl\/produkt\/pan-i-pani-kolaz-4-zdjec\/#breadcrumb","itemListElement":[{"@type":"ListItem","position":1,"name":"Home","item":"https:\/\/positiveprints.com\/pl\/"},{"@type":"ListItem","position":2,"name":"Produkty","item":"https:\/\/positiveprints.com\/pl\/shop\/"},{"@type":"ListItem","position":3,"name":"Pan i Pani &#8211; Kola\u017c 4 Zdj\u0119\u0107"}]},{"@type":"WebSite","@id":"https:\/\/positiveprints.com\/pl\/#website","url":"https:\/\/positiveprints.com\/pl\/","name":"Positive Prints","description":"Amazing Custom Personalized Gifts","publisher":{"@id":"https:\/\/positiveprints.com\/pl\/#organization"},"potentialAction":[{"@type":"SearchAction","target":{"@type":"EntryPoint","urlTemplate":"https:\/\/positiveprints.com\/pl\/?s={search_term_string}"},"query-input":{"@type":"PropertyValueSpecification","valueRequired":true,"valueName":"search_term_string"}}],"inLanguage":"pl-PL"},{"@type":"Organization","@id":"https:\/\/positiveprints.com\/pl\/#organization","name":"Positive Prints","alternateName":"Positive Prints","url":"https:\/\/positiveprints.com\/pl\/","logo":{"@type":"ImageObject","inLanguage":"pl-PL","@id":"https:\/\/positiveprints.com\/pl\/#\/schema\/logo\/image\/","url":"https:\/\/positiveprints.com\/wp-content\/uploads\/2026\/03\/245815646_1337939713319158_5671353136411139666_n.png","contentUrl":"https:\/\/positiveprints.com\/wp-content\/uploads\/2026\/03\/245815646_1337939713319158_5671353136411139666_n.png","width":800,"height":800,"caption":"Positive Prints"},"image":{"@id":"https:\/\/positiveprints.com\/pl\/#\/schema\/logo\/image\/"},"sameAs":["https:\/\/www.facebook.com\/positiveprintscom","https:\/\/www.instagram.com\/positiveprintscom\/","https:\/\/www.tiktok.com\/@positiveprintscom","https:\/\/www.pinterest.com\/positiveprintscom\/"]}]}},"jetpack_sharing_enabled":true,"_links":{"self":[{"href":"https:\/\/positiveprints.com\/pl\/wp-json\/wp\/v2\/product\/1150291","targetHints":{"allow":["GET"]}}],"collection":[{"href":"https:\/\/positiveprints.com\/pl\/wp-json\/wp\/v2\/product"}],"about":[{"href":"https:\/\/positiveprints.com\/pl\/wp-json\/wp\/v2\/types\/product"}],"wp:featuredmedia":[{"embeddable":true,"href":"https:\/\/positiveprints.com\/pl\/wp-json\/wp\/v2\/media\/1156175"}],"wp:attachment":[{"href":"https:\/\/positiveprints.com\/pl\/wp-json\/wp\/v2\/media?parent=1150291"}],"wp:term":[{"taxonomy":"product_brand","embeddable":true,"href":"https:\/\/positiveprints.com\/pl\/wp-json\/wp\/v2\/product_brand?post=1150291"},{"taxonomy":"product_cat","embeddable":true,"href":"https:\/\/positiveprints.com\/pl\/wp-json\/wp\/v2\/product_cat?post=1150291"},{"taxonomy":"product_tag","embeddable":true,"href":"https:\/\/positiveprints.com\/pl\/wp-json\/wp\/v2\/product_tag?post=1150291"}],"curies":[{"name":"wp","href":"https:\/\/api.w.org\/{rel}","templated":true}]}}