{"id":1150272,"date":"2024-06-17T07:29:34","date_gmt":"2024-06-17T06:29:34","guid":{"rendered":"https:\/\/positiveprints.com\/?post_type=product&#038;p=1150272"},"modified":"2026-04-12T20:52:53","modified_gmt":"2026-04-12T19:52:53","slug":"zona-plakat-z-definicja","status":"publish","type":"product","link":"https:\/\/positiveprints.com\/pl\/produkt\/zona-plakat-z-definicja\/","title":{"rendered":"\u017bona Plakat z Definicj\u0105"},"content":{"rendered":"<p>Uczcij wyj\u0105tkow\u0105 kobiet\u0119 dzi\u0119ki naszemu produktowi \u017bona Plakat z Definicj\u0105. Ten personalizowany wydruk zawiera Twoje w\u0142asne zdj\u0119cie i s\u0142ownikow\u0105 definicj\u0119 s\u0142owa &#8220;\u017cona&#8221;. Wszystko zale\u017cy od Ciebie, czy wybierzesz zabawn\u0105, czy emocjonaln\u0105 definicj\u0119. Przejd\u017a do naszego \u0142atwego kreatora online, aby rozpocz\u0105\u0107 projekt. Wybierz wersj\u0119 kolorystyczn\u0105 lub spersonalizuj j\u0105, wybieraj\u0105c w\u0142asne t\u0142o i kolory czcionek. Nast\u0119pnie prze\u015blij zdj\u0119cie, wprowad\u017a tytu\u0142 i dodaj definicj\u0119. Mo\u017cesz u\u017cy\u0107 naszej gotowej definicji lub stworzy\u0107 swoj\u0105 w\u0142asn\u0105, wyj\u0105tkow\u0105.<\/p>\r\n\r\n<h2>Stw\u00f3rz w\u0142asny Plakat z Definicj\u0105 \u017bony<\/h2>\r\n\r\n<p>Plakat z Definicj\u0105 \u017bony to idealny prezent od pana m\u0142odego, przyjaci\u00f3\u0142, a nawet rodzic\u00f3w dla panny m\u0142odej. Mo\u017ce by\u0107 wzruszaj\u0105cym ho\u0142dem lub zabawn\u0105 pami\u0105tk\u0105, w zale\u017cno\u015bci od wybranej definicji. Wyobra\u017a sobie rado\u015b\u0107 na jej twarzy, gdy zobaczy personalizowany wydruk, kt\u00f3ry oddaje jej osobowo\u015b\u0107 i Twoj\u0105 mi\u0142o\u015b\u0107.<\/p>\r\n\r\n<h2>Dlaczego warto wybra\u0107 produkt \u017bona Plakat z Definicj\u0105<\/h2>\r\n\r\n<p>Zamawianie jest proste. Wystarczy odwiedzi\u0107 nasz\u0105 stron\u0119 internetow\u0105, skorzysta\u0107 z kreatora online, aby spersonalizowa\u0107 plakat i z\u0142o\u017cy\u0107 zam\u00f3wienie. My zajmiemy si\u0119 reszt\u0105, zapewniaj\u0105c, \u017ce Tw\u00f3j plakat zostanie starannie wykonany i szybko dostarczony.<\/p>\r\n\r\n<p>Podaruj prezent, kt\u00f3ry b\u0119dzie ceniony na zawsze. \u017bona Plakat Definicja to wyj\u0105tkowy i szczery spos\u00f3b, aby pokaza\u0107 swoje uznanie i mi\u0142o\u015b\u0107, co czyni go idealnym prezentem na ka\u017cd\u0105 okazj\u0119.<\/p>","protected":false},"excerpt":{"rendered":"<ul class=\"check-list\">\n<li>Stw\u00f3rz swoj\u0105 w\u0142asn\u0105 definicj\u0119 lub wybierz jedn\u0105 z gotowych<\/li>\n<li>Dodaj swoje zdj\u0119cie<\/li>\n<li>Spersonalizuj w 3 prostych krokach<\/li>\n<li>Interaktywny podgl\u0105d pozwoli dopracowa\u0107 ka\u017cdy szczeg\u00f3\u0142<\/li>\n<\/ul>\n","protected":false},"featured_media":1153994,"template":"","meta":[],"product_brand":[],"product_cat":[9729,9765,99,7929,5271,11417,7753],"product_tag":[8709,11813,15084],"class_list":{"0":"post-1150272","1":"product","2":"type-product","3":"status-publish","4":"has-post-thumbnail","6":"product_cat-definicja","7":"product_cat-trending-label-pl","8":"product_cat-wszystkie-produkty","9":"product_cat-prezent-na-wieczor-panienski","10":"product_cat-prezent-na-boze-narodzenie","11":"product_cat-prezenty-pod-choinke-dla-zony","12":"product_cat-prezent-dla-zony","13":"product_tag-bridal-shower-pl","14":"product_tag-prezenty-pod-choinke-dla-zony","15":"product_tag-wife-pl","17":"first","18":"instock","19":"sale","20":"taxable","21":"shipping-taxable","22":"purchasable","23":"product-type-variable"},"yoast_head":"<!-- This site is optimized with the Yoast SEO Premium plugin v27.2 (Yoast SEO v27.2) - https:\/\/yoast.com\/product\/yoast-seo-premium-wordpress\/ -->\n<title>\u017bona Plakat z Definicj\u0105 - Positive Prints<\/title>\n<meta name=\"description\" content=\"Uczcij wyj\u0105tkow\u0105 kobiet\u0119 dzi\u0119ki naszemu produktowi \u017bona Plakat z Definicj\u0105. Ten personalizowany wydruk zawiera w\u0142asne zdj\u0119cie i s\u0142ownikow\u0105 definicj\u0119 \u017cony.\" \/>\n<meta name=\"robots\" content=\"index, follow, max-snippet:-1, max-image-preview:large, max-video-preview:-1\" \/>\n<link rel=\"canonical\" href=\"https:\/\/positiveprints.com\/pl\/produkt\/zona-plakat-z-definicja\/\" \/>\n<meta property=\"og:locale\" content=\"pl_PL\" \/>\n<meta property=\"og:type\" content=\"article\" \/>\n<meta property=\"og:title\" content=\"\u017bona Plakat z Definicj\u0105\" \/>\n<meta property=\"og:description\" content=\"Stw\u00f3rz swoj\u0105 w\u0142asn\u0105 definicj\u0119 lub wybierz jedn\u0105 z gotowych  Dodaj swoje zdj\u0119cie  Spersonalizuj w 3 prostych krokach  Interaktywny podgl\u0105d pozwoli dopracowa\u0107 ka\u017cdy szczeg\u00f3\u0142\" \/>\n<meta property=\"og:url\" content=\"https:\/\/positiveprints.com\/pl\/produkt\/zona-plakat-z-definicja\/\" \/>\n<meta property=\"og:site_name\" content=\"Positive Prints\" \/>\n<meta property=\"article:publisher\" content=\"https:\/\/www.facebook.com\/positiveprintscom\" \/>\n<meta property=\"article:modified_time\" content=\"2026-04-12T19:52:53+00:00\" \/>\n<meta property=\"og:image\" content=\"https:\/\/positiveprints.com\/wp-content\/uploads\/2024\/07\/Z\u0307ona-Plakat-z-Definicja\u0328.jpg\" \/>\n\t<meta property=\"og:image:width\" content=\"1080\" \/>\n\t<meta property=\"og:image:height\" content=\"1080\" \/>\n\t<meta property=\"og:image:type\" content=\"image\/jpeg\" \/>\n<meta name=\"twitter:card\" content=\"summary_large_image\" \/>\n<meta name=\"twitter:label1\" content=\"Szacowany czas czytania\" \/>\n\t<meta name=\"twitter:data1\" content=\"2 minuty\" \/>\n<!-- \/ Yoast SEO Premium plugin. -->","yoast_head_json":{"title":"\u017bona Plakat z Definicj\u0105 - Positive Prints","description":"Uczcij wyj\u0105tkow\u0105 kobiet\u0119 dzi\u0119ki naszemu produktowi \u017bona Plakat z Definicj\u0105. Ten personalizowany wydruk zawiera w\u0142asne zdj\u0119cie i s\u0142ownikow\u0105 definicj\u0119 \u017cony.","robots":{"index":"index","follow":"follow","max-snippet":"max-snippet:-1","max-image-preview":"max-image-preview:large","max-video-preview":"max-video-preview:-1"},"canonical":"https:\/\/positiveprints.com\/pl\/produkt\/zona-plakat-z-definicja\/","og_locale":"pl_PL","og_type":"article","og_title":"\u017bona Plakat z Definicj\u0105","og_description":"Stw\u00f3rz swoj\u0105 w\u0142asn\u0105 definicj\u0119 lub wybierz jedn\u0105 z gotowych  Dodaj swoje zdj\u0119cie  Spersonalizuj w 3 prostych krokach  Interaktywny podgl\u0105d pozwoli dopracowa\u0107 ka\u017cdy szczeg\u00f3\u0142","og_url":"https:\/\/positiveprints.com\/pl\/produkt\/zona-plakat-z-definicja\/","og_site_name":"Positive Prints","article_publisher":"https:\/\/www.facebook.com\/positiveprintscom","article_modified_time":"2026-04-12T19:52:53+00:00","og_image":[{"width":1080,"height":1080,"url":"https:\/\/positiveprints.com\/wp-content\/uploads\/2024\/07\/Z\u0307ona-Plakat-z-Definicja\u0328.jpg","type":"image\/jpeg"}],"twitter_card":"summary_large_image","twitter_misc":{"Szacowany czas czytania":"2 minuty"},"schema":{"@context":"https:\/\/schema.org","@graph":[{"@type":["WebPage","ItemPage"],"@id":"https:\/\/positiveprints.com\/pl\/produkt\/zona-plakat-z-definicja\/","url":"https:\/\/positiveprints.com\/pl\/produkt\/zona-plakat-z-definicja\/","name":"\u017bona Plakat z Definicj\u0105 - Positive Prints","isPartOf":{"@id":"https:\/\/positiveprints.com\/pl\/#website"},"primaryImageOfPage":{"@id":"https:\/\/positiveprints.com\/pl\/produkt\/zona-plakat-z-definicja\/#primaryimage"},"image":{"@id":"https:\/\/positiveprints.com\/pl\/produkt\/zona-plakat-z-definicja\/#primaryimage"},"thumbnailUrl":"https:\/\/positiveprints.com\/wp-content\/uploads\/2024\/07\/Z\u0307ona-Plakat-z-Definicja\u0328.jpg","datePublished":"2024-06-17T06:29:34+00:00","dateModified":"2026-04-12T19:52:53+00:00","description":"Uczcij wyj\u0105tkow\u0105 kobiet\u0119 dzi\u0119ki naszemu produktowi \u017bona Plakat z Definicj\u0105. Ten personalizowany wydruk zawiera w\u0142asne zdj\u0119cie i s\u0142ownikow\u0105 definicj\u0119 \u017cony.","breadcrumb":{"@id":"https:\/\/positiveprints.com\/pl\/produkt\/zona-plakat-z-definicja\/#breadcrumb"},"inLanguage":"pl-PL","potentialAction":[{"@type":"ReadAction","target":["https:\/\/positiveprints.com\/pl\/produkt\/zona-plakat-z-definicja\/"]}]},{"@type":"ImageObject","inLanguage":"pl-PL","@id":"https:\/\/positiveprints.com\/pl\/produkt\/zona-plakat-z-definicja\/#primaryimage","url":"https:\/\/positiveprints.com\/wp-content\/uploads\/2024\/07\/Z\u0307ona-Plakat-z-Definicja\u0328.jpg","contentUrl":"https:\/\/positiveprints.com\/wp-content\/uploads\/2024\/07\/Z\u0307ona-Plakat-z-Definicja\u0328.jpg","width":1080,"height":1080},{"@type":"BreadcrumbList","@id":"https:\/\/positiveprints.com\/pl\/produkt\/zona-plakat-z-definicja\/#breadcrumb","itemListElement":[{"@type":"ListItem","position":1,"name":"Home","item":"https:\/\/positiveprints.com\/pl\/"},{"@type":"ListItem","position":2,"name":"Produkty","item":"https:\/\/positiveprints.com\/pl\/shop\/"},{"@type":"ListItem","position":3,"name":"\u017bona Plakat z Definicj\u0105"}]},{"@type":"WebSite","@id":"https:\/\/positiveprints.com\/pl\/#website","url":"https:\/\/positiveprints.com\/pl\/","name":"Positive Prints","description":"Amazing Custom Personalized Gifts","publisher":{"@id":"https:\/\/positiveprints.com\/pl\/#organization"},"potentialAction":[{"@type":"SearchAction","target":{"@type":"EntryPoint","urlTemplate":"https:\/\/positiveprints.com\/pl\/?s={search_term_string}"},"query-input":{"@type":"PropertyValueSpecification","valueRequired":true,"valueName":"search_term_string"}}],"inLanguage":"pl-PL"},{"@type":"Organization","@id":"https:\/\/positiveprints.com\/pl\/#organization","name":"Positive Prints","alternateName":"Positive Prints","url":"https:\/\/positiveprints.com\/pl\/","logo":{"@type":"ImageObject","inLanguage":"pl-PL","@id":"https:\/\/positiveprints.com\/pl\/#\/schema\/logo\/image\/","url":"https:\/\/positiveprints.com\/wp-content\/uploads\/2026\/03\/245815646_1337939713319158_5671353136411139666_n.png","contentUrl":"https:\/\/positiveprints.com\/wp-content\/uploads\/2026\/03\/245815646_1337939713319158_5671353136411139666_n.png","width":800,"height":800,"caption":"Positive Prints"},"image":{"@id":"https:\/\/positiveprints.com\/pl\/#\/schema\/logo\/image\/"},"sameAs":["https:\/\/www.facebook.com\/positiveprintscom","https:\/\/www.instagram.com\/positiveprintscom\/","https:\/\/www.tiktok.com\/@positiveprintscom","https:\/\/www.pinterest.com\/positiveprintscom\/"]}]}},"jetpack_sharing_enabled":true,"_links":{"self":[{"href":"https:\/\/positiveprints.com\/pl\/wp-json\/wp\/v2\/product\/1150272","targetHints":{"allow":["GET"]}}],"collection":[{"href":"https:\/\/positiveprints.com\/pl\/wp-json\/wp\/v2\/product"}],"about":[{"href":"https:\/\/positiveprints.com\/pl\/wp-json\/wp\/v2\/types\/product"}],"wp:featuredmedia":[{"embeddable":true,"href":"https:\/\/positiveprints.com\/pl\/wp-json\/wp\/v2\/media\/1153994"}],"wp:attachment":[{"href":"https:\/\/positiveprints.com\/pl\/wp-json\/wp\/v2\/media?parent=1150272"}],"wp:term":[{"taxonomy":"product_brand","embeddable":true,"href":"https:\/\/positiveprints.com\/pl\/wp-json\/wp\/v2\/product_brand?post=1150272"},{"taxonomy":"product_cat","embeddable":true,"href":"https:\/\/positiveprints.com\/pl\/wp-json\/wp\/v2\/product_cat?post=1150272"},{"taxonomy":"product_tag","embeddable":true,"href":"https:\/\/positiveprints.com\/pl\/wp-json\/wp\/v2\/product_tag?post=1150272"}],"curies":[{"name":"wp","href":"https:\/\/api.w.org\/{rel}","templated":true}]}}