{"id":1145049,"date":"2024-06-21T10:44:43","date_gmt":"2024-06-21T09:44:43","guid":{"rendered":"https:\/\/positiveprints.com\/?post_type=product&#038;p=1145049"},"modified":"2026-04-03T02:48:56","modified_gmt":"2026-04-03T01:48:56","slug":"dziadek-plakat-z-definicja","status":"publish","type":"product","link":"https:\/\/positiveprints.com\/pl\/produkt\/dziadek-plakat-z-definicja\/","title":{"rendered":"Dziadek Plakat z Definicj\u0105"},"content":{"rendered":"<p>Uhonoruj wyj\u0105tkow\u0105 wi\u0119\u017a, kt\u00f3r\u0105 dzielisz ze swoim dziadkiem dzi\u0119ki naszemu produktowi Dziadek Plakat z Definicj\u0105. Ten personalizowany wydruk \u0142\u0105czy w sobie cenne zdj\u0119cie ze s\u0142ownikow\u0105 definicj\u0105 &#8220;dziadka&#8221; lub innego s\u0142owa, kt\u00f3re uosabia jego istot\u0119. Niezale\u017cnie od tego, czy wybierzesz definicj\u0119, kt\u00f3ra jest humorystyczna, czy g\u0142\u0119boko sentymentalna, ten prezent z pewno\u015bci\u0105 rozgrzeje jego serce.<\/p>\r\n\r\n<h2>Stw\u00f3rz Plakat z Definicj\u0105 Dziadka<\/h2>\r\n\r\n<p>Nasz intuicyjny kreator online sprawia, \u017ce tworzenie unikalnego plakatu jest proste i przyjemne. Wybierz preferowany schemat kolor\u00f3w lub dostosuj t\u0142o i kolory czcionek do swojego stylu. Prze\u015blij swoje ulubione zdj\u0119cie dziadka i wprowad\u017a tytu\u0142 oraz definicj\u0119. Mo\u017cesz u\u017cy\u0107 jednej z naszych gotowych definicji lub stworzy\u0107 w\u0142asn\u0105, aby uczyni\u0107 j\u0105 naprawd\u0119 wyj\u0105tkow\u0105.<\/p>\r\n\r\n<p>Tworzenie personalizowanego plakatu jest szybkie i \u0142atwe. Odwied\u017a nasz\u0105 stron\u0119 internetow\u0105, u\u017cyj kreatora online, aby spersonalizowa\u0107 sw\u00f3j wydruk i z\u0142\u00f3\u017c zam\u00f3wienie. My zajmiemy si\u0119 reszt\u0105, zapewniaj\u0105c, \u017ce wydruk zostanie wykonany z nale\u017cyt\u0105 staranno\u015bci\u0105 i szybko dostarczony.<\/p>\r\n\r\n<h2>Uczcij dziadka wyj\u0105tkowym prezentem<\/h2>\r\n\r\n<p>&#8220;Dziadek Plakat z Definicj\u0105&#8221; to idealny prezent na urodziny, Bo\u017ce Narodzenie lub ka\u017cd\u0105 inn\u0105 okazj\u0119, kt\u00f3ra wymaga szczeg\u00f3lnego uhonorowania dziadka. Wyobra\u017a sobie jego dum\u0119 i rado\u015b\u0107, gdy otrzyma ten pi\u0119knie wykonany wydruk, kt\u00f3ry celebruje jego wyj\u0105tkow\u0105 rol\u0119 w rodzinie.<\/p>\r\n\r\n<p>Poka\u017c swojemu dziadkowi, jak wiele dla Ciebie znaczy, dzi\u0119ki prezentowi Dziadek Plakat z Definicj\u0105. To pi\u0119kny i wyj\u0105tkowy spos\u00f3b na uczczenie jego pami\u0119ci, uchwycenie jego charakteru w spos\u00f3b, kt\u00f3rego same s\u0142owa nie s\u0105 w stanie wyrazi\u0107. Ten wyj\u0105tkowy prezent b\u0119dzie cennym dodatkiem do jego domu, stale przypominaj\u0105c mu o wyj\u0105tkowej wi\u0119zi, kt\u00f3r\u0105 dzielicie.<\/p>","protected":false},"excerpt":{"rendered":"<ul class=\"check-list\">\n<li>Stw\u00f3rz swoj\u0105 w\u0142asn\u0105 definicj\u0119 lub wybierz jedn\u0105 z gotowych<\/li>\n<li>Dodaj swoje zdj\u0119cie<\/li>\n<li>Spersonalizuj w 3 prostych krokach<\/li>\n<li>Interaktywny podgl\u0105d pozwoli dopracowa\u0107 ka\u017cdy szczeg\u00f3\u0142<\/li>\n<\/ul>\n","protected":false},"featured_media":1470955,"template":"","meta":[],"product_brand":[],"product_cat":[9729,11409,7610,5271,9765,99],"product_tag":[8667,11814],"class_list":{"0":"post-1145049","1":"product","2":"type-product","3":"status-publish","4":"has-post-thumbnail","6":"product_cat-definicja","7":"product_cat-prezenty-pod-choinke-dla-dziadka","8":"product_cat-prezent-dla-dziadka","9":"product_cat-prezent-na-boze-narodzenie","10":"product_cat-trending-label-pl","11":"product_cat-wszystkie-produkty","12":"product_tag-grandpa-pl","13":"product_tag-prezenty-pod-choinke-dla-dziadka","15":"first","16":"instock","17":"sale","18":"taxable","19":"shipping-taxable","20":"purchasable","21":"product-type-variable"},"yoast_head":"<!-- This site is optimized with the Yoast SEO Premium plugin v27.2 (Yoast SEO v27.2) - https:\/\/yoast.com\/product\/yoast-seo-premium-wordpress\/ -->\n<title>Dziadek Plakat z Definicj\u0105 - Positive Prints<\/title>\n<meta name=\"description\" content=\"Poka\u017c swojemu dziadkowi, jak wiele dla Ciebie znaczy, dzi\u0119ki produktowi Dziadek Plakat z Definicj\u0105. To pi\u0119kny i wyj\u0105tkowy spos\u00f3b na uczczenie jego pami\u0119ci.\" \/>\n<meta name=\"robots\" content=\"index, follow, max-snippet:-1, max-image-preview:large, max-video-preview:-1\" \/>\n<link rel=\"canonical\" href=\"https:\/\/positiveprints.com\/pl\/produkt\/dziadek-plakat-z-definicja\/\" \/>\n<meta property=\"og:locale\" content=\"pl_PL\" \/>\n<meta property=\"og:type\" content=\"article\" \/>\n<meta property=\"og:title\" content=\"Dziadek Plakat z Definicj\u0105\" \/>\n<meta property=\"og:description\" content=\"Stw\u00f3rz swoj\u0105 w\u0142asn\u0105 definicj\u0119 lub wybierz jedn\u0105 z gotowych  Dodaj swoje zdj\u0119cie  Spersonalizuj w 3 prostych krokach  Interaktywny podgl\u0105d pozwoli dopracowa\u0107 ka\u017cdy szczeg\u00f3\u0142\" \/>\n<meta property=\"og:url\" content=\"https:\/\/positiveprints.com\/pl\/produkt\/dziadek-plakat-z-definicja\/\" \/>\n<meta property=\"og:site_name\" content=\"Positive Prints\" \/>\n<meta property=\"article:publisher\" content=\"https:\/\/www.facebook.com\/positiveprintscom\" \/>\n<meta property=\"article:modified_time\" content=\"2026-04-03T01:48:56+00:00\" \/>\n<meta property=\"og:image\" content=\"https:\/\/positiveprints.com\/wp-content\/uploads\/2025\/07\/Packshot_PL_Dziadek-Plakat-z-Definicja\u0328.webp\" \/>\n\t<meta property=\"og:image:width\" content=\"1450\" \/>\n\t<meta property=\"og:image:height\" content=\"1450\" \/>\n\t<meta property=\"og:image:type\" content=\"image\/webp\" \/>\n<meta name=\"twitter:card\" content=\"summary_large_image\" \/>\n<meta name=\"twitter:label1\" content=\"Szacowany czas czytania\" \/>\n\t<meta name=\"twitter:data1\" content=\"2 minuty\" \/>\n<!-- \/ Yoast SEO Premium plugin. -->","yoast_head_json":{"title":"Dziadek Plakat z Definicj\u0105 - Positive Prints","description":"Poka\u017c swojemu dziadkowi, jak wiele dla Ciebie znaczy, dzi\u0119ki produktowi Dziadek Plakat z Definicj\u0105. To pi\u0119kny i wyj\u0105tkowy spos\u00f3b na uczczenie jego pami\u0119ci.","robots":{"index":"index","follow":"follow","max-snippet":"max-snippet:-1","max-image-preview":"max-image-preview:large","max-video-preview":"max-video-preview:-1"},"canonical":"https:\/\/positiveprints.com\/pl\/produkt\/dziadek-plakat-z-definicja\/","og_locale":"pl_PL","og_type":"article","og_title":"Dziadek Plakat z Definicj\u0105","og_description":"Stw\u00f3rz swoj\u0105 w\u0142asn\u0105 definicj\u0119 lub wybierz jedn\u0105 z gotowych  Dodaj swoje zdj\u0119cie  Spersonalizuj w 3 prostych krokach  Interaktywny podgl\u0105d pozwoli dopracowa\u0107 ka\u017cdy szczeg\u00f3\u0142","og_url":"https:\/\/positiveprints.com\/pl\/produkt\/dziadek-plakat-z-definicja\/","og_site_name":"Positive Prints","article_publisher":"https:\/\/www.facebook.com\/positiveprintscom","article_modified_time":"2026-04-03T01:48:56+00:00","og_image":[{"width":1450,"height":1450,"url":"https:\/\/positiveprints.com\/wp-content\/uploads\/2025\/07\/Packshot_PL_Dziadek-Plakat-z-Definicja\u0328.webp","type":"image\/webp"}],"twitter_card":"summary_large_image","twitter_misc":{"Szacowany czas czytania":"2 minuty"},"schema":{"@context":"https:\/\/schema.org","@graph":[{"@type":["WebPage","ItemPage"],"@id":"https:\/\/positiveprints.com\/pl\/produkt\/dziadek-plakat-z-definicja\/","url":"https:\/\/positiveprints.com\/pl\/produkt\/dziadek-plakat-z-definicja\/","name":"Dziadek Plakat z Definicj\u0105 - Positive Prints","isPartOf":{"@id":"https:\/\/positiveprints.com\/pl\/#website"},"primaryImageOfPage":{"@id":"https:\/\/positiveprints.com\/pl\/produkt\/dziadek-plakat-z-definicja\/#primaryimage"},"image":{"@id":"https:\/\/positiveprints.com\/pl\/produkt\/dziadek-plakat-z-definicja\/#primaryimage"},"thumbnailUrl":"https:\/\/positiveprints.com\/wp-content\/uploads\/2025\/07\/Packshot_PL_Dziadek-Plakat-z-Definicja\u0328.webp","datePublished":"2024-06-21T09:44:43+00:00","dateModified":"2026-04-03T01:48:56+00:00","description":"Poka\u017c swojemu dziadkowi, jak wiele dla Ciebie znaczy, dzi\u0119ki produktowi Dziadek Plakat z Definicj\u0105. To pi\u0119kny i wyj\u0105tkowy spos\u00f3b na uczczenie jego pami\u0119ci.","breadcrumb":{"@id":"https:\/\/positiveprints.com\/pl\/produkt\/dziadek-plakat-z-definicja\/#breadcrumb"},"inLanguage":"pl-PL","potentialAction":[{"@type":"ReadAction","target":["https:\/\/positiveprints.com\/pl\/produkt\/dziadek-plakat-z-definicja\/"]}]},{"@type":"ImageObject","inLanguage":"pl-PL","@id":"https:\/\/positiveprints.com\/pl\/produkt\/dziadek-plakat-z-definicja\/#primaryimage","url":"https:\/\/positiveprints.com\/wp-content\/uploads\/2025\/07\/Packshot_PL_Dziadek-Plakat-z-Definicja\u0328.webp","contentUrl":"https:\/\/positiveprints.com\/wp-content\/uploads\/2025\/07\/Packshot_PL_Dziadek-Plakat-z-Definicja\u0328.webp","width":1450,"height":1450},{"@type":"BreadcrumbList","@id":"https:\/\/positiveprints.com\/pl\/produkt\/dziadek-plakat-z-definicja\/#breadcrumb","itemListElement":[{"@type":"ListItem","position":1,"name":"Home","item":"https:\/\/positiveprints.com\/pl\/"},{"@type":"ListItem","position":2,"name":"Produkty","item":"https:\/\/positiveprints.com\/pl\/shop\/"},{"@type":"ListItem","position":3,"name":"Dziadek Plakat z Definicj\u0105"}]},{"@type":"WebSite","@id":"https:\/\/positiveprints.com\/pl\/#website","url":"https:\/\/positiveprints.com\/pl\/","name":"Positive Prints","description":"Amazing Custom Personalized Gifts","publisher":{"@id":"https:\/\/positiveprints.com\/pl\/#organization"},"potentialAction":[{"@type":"SearchAction","target":{"@type":"EntryPoint","urlTemplate":"https:\/\/positiveprints.com\/pl\/?s={search_term_string}"},"query-input":{"@type":"PropertyValueSpecification","valueRequired":true,"valueName":"search_term_string"}}],"inLanguage":"pl-PL"},{"@type":"Organization","@id":"https:\/\/positiveprints.com\/pl\/#organization","name":"Positive Prints","alternateName":"Positive Prints","url":"https:\/\/positiveprints.com\/pl\/","logo":{"@type":"ImageObject","inLanguage":"pl-PL","@id":"https:\/\/positiveprints.com\/pl\/#\/schema\/logo\/image\/","url":"https:\/\/positiveprints.com\/wp-content\/uploads\/2026\/03\/245815646_1337939713319158_5671353136411139666_n.png","contentUrl":"https:\/\/positiveprints.com\/wp-content\/uploads\/2026\/03\/245815646_1337939713319158_5671353136411139666_n.png","width":800,"height":800,"caption":"Positive Prints"},"image":{"@id":"https:\/\/positiveprints.com\/pl\/#\/schema\/logo\/image\/"},"sameAs":["https:\/\/www.facebook.com\/positiveprintscom","https:\/\/www.instagram.com\/positiveprintscom\/","https:\/\/www.tiktok.com\/@positiveprintscom","https:\/\/www.pinterest.com\/positiveprintscom\/"]}]}},"jetpack_sharing_enabled":true,"_links":{"self":[{"href":"https:\/\/positiveprints.com\/pl\/wp-json\/wp\/v2\/product\/1145049","targetHints":{"allow":["GET"]}}],"collection":[{"href":"https:\/\/positiveprints.com\/pl\/wp-json\/wp\/v2\/product"}],"about":[{"href":"https:\/\/positiveprints.com\/pl\/wp-json\/wp\/v2\/types\/product"}],"wp:featuredmedia":[{"embeddable":true,"href":"https:\/\/positiveprints.com\/pl\/wp-json\/wp\/v2\/media\/1470955"}],"wp:attachment":[{"href":"https:\/\/positiveprints.com\/pl\/wp-json\/wp\/v2\/media?parent=1145049"}],"wp:term":[{"taxonomy":"product_brand","embeddable":true,"href":"https:\/\/positiveprints.com\/pl\/wp-json\/wp\/v2\/product_brand?post=1145049"},{"taxonomy":"product_cat","embeddable":true,"href":"https:\/\/positiveprints.com\/pl\/wp-json\/wp\/v2\/product_cat?post=1145049"},{"taxonomy":"product_tag","embeddable":true,"href":"https:\/\/positiveprints.com\/pl\/wp-json\/wp\/v2\/product_tag?post=1145049"}],"curies":[{"name":"wp","href":"https:\/\/api.w.org\/{rel}","templated":true}]}}