{"id":1141356,"date":"2024-06-18T10:56:24","date_gmt":"2024-06-18T09:56:24","guid":{"rendered":"https:\/\/positiveprints.com\/?post_type=product&#038;p=1141356"},"modified":"2026-04-07T13:26:52","modified_gmt":"2026-04-07T12:26:52","slug":"tu-sie-pobralismy-mapa-ze-zdjeciem","status":"publish","type":"product","link":"https:\/\/positiveprints.com\/pl\/produkt\/tu-sie-pobralismy-mapa-ze-zdjeciem\/","title":{"rendered":"Tu Si\u0119 Pobrali\u015bmy Mapa ze Zdj\u0119ciem"},"content":{"rendered":"<p>Upami\u0119tnij miejsce, w kt\u00f3rym odby\u0142 si\u0119 \u015blub, dzi\u0119ki naszej Mapa ze Zdj\u0119ciem Tu Si\u0119 Pobrali\u015bmy. Ten personalizowany projekt zawiera szczeg\u00f3\u0142ow\u0105 map\u0119 wskazuj\u0105c\u0105 dok\u0142adn\u0105 lokalizacj\u0119, znacznik w kszta\u0142cie serca okre\u015blaj\u0105cy miejsce, zdj\u0119cie pary m\u0142odej oraz specjaln\u0105 wiadomo\u015b\u0107 pod map\u0105 i zdj\u0119ciem.<\/p>\r\n\r\n<h2>Stw\u00f3rz swoj\u0105 Map\u0119 ze Zdj\u0119ciem Tu Si\u0119 Pobrali\u015bmy<\/h2>\r\n\r\n<p>Nasz kreator online sprawia, \u017ce personalizacja jest prosta. Wybierz kszta\u0142t i kolory mapy, korzystaj\u0105c z gotowych szablon\u00f3w kolorystycznych lub eksperymentuj\u0105c z w\u0142asnymi wyborami. Wprowad\u017a specjalne miejsce, przybli\u017caj i oddalaj, aby uzyska\u0107 idealny widok i dodaj znacznik w kszta\u0142cie serca, aby dok\u0142adnie wskaza\u0107 miejsce. Prze\u015blij pi\u0119kne zdj\u0119cie pary i dodaj znacz\u0105c\u0105 wiadomo\u015b\u0107, tak\u0105 jak &#8220;Nasz \u015alub&#8221;.<\/p>\r\n\r\n<p>Wybieraj spo\u015br\u00f3d r\u00f3\u017cnych format\u00f3w: drukowany plakat, plakat w ramce, p\u0142\u00f3tno lub plik cyfrowy. Niezale\u017cnie od formatu, personalizowana mapa b\u0119dzie wygl\u0105da\u0107 osza\u0142amiaj\u0105co i s\u0142u\u017cy\u0107 jako cenne przypomnienie o wyj\u0105tkowym miejscu.<\/p>\r\n\r\n<h2>Idealny prezent na specjalne okazje<\/h2>\r\n\r\n<p>Tu Si\u0119 Pobrali\u015bmy Mapa ze Zdj\u0119ciem to wyj\u0105tkowy i przemy\u015blany prezent na \u015bluby i rocznice. Uczcij histori\u0119 mi\u0142o\u015bci pary i miejsce, w kt\u00f3rym rozpocz\u0119\u0142a si\u0119 ich wsp\u00f3lna podr\u00f3\u017c jako ma\u0142\u017ce\u0144stwo.<\/p>\r\n\r\n<p>Wyobra\u017a sobie rado\u015b\u0107 na ich twarzach, gdy zobacz\u0105 t\u0119 pi\u0119knie wykonan\u0105 map\u0119, wskazuj\u0105c\u0105 miejsce, w kt\u00f3rym odby\u0142 si\u0119 ich \u015blub. Dodanie zdj\u0119cia i personalizacja wiadomo\u015bci sprawiaj\u0105, \u017ce ten prezent jest naprawd\u0119 jedyny w swoim rodzaju, pokazuj\u0105c, jak bardzo cenisz ich wyj\u0105tkow\u0105 chwil\u0119. Niezale\u017cnie od tego, czy jest to prezent \u015blubny, czy z okazji rocznicy, ten prezent wywo\u0142a szczere emocje i stanie si\u0119 cenn\u0105 pami\u0105tk\u0105.<\/p>\r\n\r\n<h2>Dlaczego warto wybra\u0107 Map\u0119 ze Zdj\u0119ciem Tu Si\u0119 Pobrali\u015bmy?<\/h2>\r\n\r\n<p>Tworzenie mapy jest proste i szybkie. Odwied\u017a nasz\u0105 stron\u0119 internetow\u0105, skorzystaj z kreatora online, aby spersonalizowa\u0107 projekt i z\u0142\u00f3\u017c zam\u00f3wienie. My zajmiemy si\u0119 reszt\u0105, zapewniaj\u0105c, \u017ce wydruk zostanie wykonany z nale\u017cyt\u0105 staranno\u015bci\u0105 i szybko dostarczony.<\/p>","protected":false},"excerpt":{"rendered":"<ul class=\"check-list\">\n<li>Uchwy\u0107 wyj\u0105tkowy moment dzi\u0119ki personalizowanej mapie i zdj\u0119ciu, wskazuj\u0105c dok\u0142adn\u0105 lokalizacj\u0119 tych cennych wspomnie\u0144<\/li>\n<li>Podkre\u015bl wa\u017cne miejsce za pomoc\u0105 wybranego symbolu<\/li>\n<li>Spersonalizuj w 3 prostych krokach<\/li>\n<li>Dodaj dedykacj\u0119 prosto z serca<\/li>\n<li>Interaktywny podgl\u0105d pozwoli dopracowa\u0107 ka\u017cdy szczeg\u00f3\u0142<\/li>\n<\/ul>\n","protected":false},"featured_media":1695852,"template":"","meta":[],"product_brand":[],"product_cat":[99,7188,3125,7929],"product_tag":[16280],"class_list":{"0":"post-1141356","1":"product","2":"type-product","3":"status-publish","4":"has-post-thumbnail","6":"product_cat-wszystkie-produkty","7":"product_cat-map-pl","8":"product_cat-prezent-na-slub","9":"product_cat-prezent-na-wieczor-panienski","10":"product_tag-wedding-pl-2","12":"first","13":"instock","14":"sale","15":"taxable","16":"shipping-taxable","17":"purchasable","18":"product-type-variable"},"yoast_head":"<!-- This site is optimized with the Yoast SEO Premium plugin v27.2 (Yoast SEO v27.2) - https:\/\/yoast.com\/product\/yoast-seo-premium-wordpress\/ -->\n<title>Tu Si\u0119 Pobrali\u015bmy Mapa ze Zdj\u0119ciem - Positive Prints<\/title>\n<meta name=\"description\" content=\"Tu Si\u0119 Pobrali\u015bmy Mapa ze Zdj\u0119ciem to wyj\u0105tkowy i przemy\u015blany prezent na \u015bluby i rocznice. Uczcij histori\u0119 mi\u0142osn\u0105 m\u0142odej pary.\" \/>\n<meta name=\"robots\" content=\"index, follow, max-snippet:-1, max-image-preview:large, max-video-preview:-1\" \/>\n<link rel=\"canonical\" href=\"https:\/\/positiveprints.com\/pl\/produkt\/tu-sie-pobralismy-mapa-ze-zdjeciem\/\" \/>\n<meta property=\"og:locale\" content=\"pl_PL\" \/>\n<meta property=\"og:type\" content=\"article\" \/>\n<meta property=\"og:title\" content=\"Tu Si\u0119 Pobrali\u015bmy Mapa ze Zdj\u0119ciem\" \/>\n<meta property=\"og:description\" content=\"Uchwy\u0107 wyj\u0105tkowy moment dzi\u0119ki personalizowanej mapie i zdj\u0119ciu, wskazuj\u0105c dok\u0142adn\u0105 lokalizacj\u0119 tych cennych wspomnie\u0144  Podkre\u015bl wa\u017cne miejsce za pomoc\u0105 wybranego symbolu  Spersonalizuj w 3 prostych krokach  Dodaj dedykacj\u0119 prosto z serca  Interaktywny podgl\u0105d pozwoli dopracowa\u0107 ka\u017cdy szczeg\u00f3\u0142\" \/>\n<meta property=\"og:url\" content=\"https:\/\/positiveprints.com\/pl\/produkt\/tu-sie-pobralismy-mapa-ze-zdjeciem\/\" \/>\n<meta property=\"og:site_name\" content=\"Positive Prints\" \/>\n<meta property=\"article:publisher\" content=\"https:\/\/www.facebook.com\/positiveprintscom\" \/>\n<meta property=\"article:modified_time\" content=\"2026-04-07T12:26:52+00:00\" \/>\n<meta property=\"og:image\" content=\"https:\/\/positiveprints.com\/wp-content\/uploads\/2024\/07\/Tu-Sie\u0328-Pobralis\u0301my-Mapa-ze-Zdje\u0328ciem.jpg\" \/>\n\t<meta property=\"og:image:width\" content=\"1080\" \/>\n\t<meta property=\"og:image:height\" content=\"1080\" \/>\n\t<meta property=\"og:image:type\" content=\"image\/jpeg\" \/>\n<meta name=\"twitter:card\" content=\"summary_large_image\" \/>\n<meta name=\"twitter:label1\" content=\"Szacowany czas czytania\" \/>\n\t<meta name=\"twitter:data1\" content=\"2 minuty\" \/>\n<!-- \/ Yoast SEO Premium plugin. -->","yoast_head_json":{"title":"Tu Si\u0119 Pobrali\u015bmy Mapa ze Zdj\u0119ciem - Positive Prints","description":"Tu Si\u0119 Pobrali\u015bmy Mapa ze Zdj\u0119ciem to wyj\u0105tkowy i przemy\u015blany prezent na \u015bluby i rocznice. Uczcij histori\u0119 mi\u0142osn\u0105 m\u0142odej pary.","robots":{"index":"index","follow":"follow","max-snippet":"max-snippet:-1","max-image-preview":"max-image-preview:large","max-video-preview":"max-video-preview:-1"},"canonical":"https:\/\/positiveprints.com\/pl\/produkt\/tu-sie-pobralismy-mapa-ze-zdjeciem\/","og_locale":"pl_PL","og_type":"article","og_title":"Tu Si\u0119 Pobrali\u015bmy Mapa ze Zdj\u0119ciem","og_description":"Uchwy\u0107 wyj\u0105tkowy moment dzi\u0119ki personalizowanej mapie i zdj\u0119ciu, wskazuj\u0105c dok\u0142adn\u0105 lokalizacj\u0119 tych cennych wspomnie\u0144  Podkre\u015bl wa\u017cne miejsce za pomoc\u0105 wybranego symbolu  Spersonalizuj w 3 prostych krokach  Dodaj dedykacj\u0119 prosto z serca  Interaktywny podgl\u0105d pozwoli dopracowa\u0107 ka\u017cdy szczeg\u00f3\u0142","og_url":"https:\/\/positiveprints.com\/pl\/produkt\/tu-sie-pobralismy-mapa-ze-zdjeciem\/","og_site_name":"Positive Prints","article_publisher":"https:\/\/www.facebook.com\/positiveprintscom","article_modified_time":"2026-04-07T12:26:52+00:00","og_image":[{"width":1080,"height":1080,"url":"https:\/\/positiveprints.com\/wp-content\/uploads\/2024\/07\/Tu-Sie\u0328-Pobralis\u0301my-Mapa-ze-Zdje\u0328ciem.jpg","type":"image\/jpeg"}],"twitter_card":"summary_large_image","twitter_misc":{"Szacowany czas czytania":"2 minuty"},"schema":{"@context":"https:\/\/schema.org","@graph":[{"@type":["WebPage","ItemPage"],"@id":"https:\/\/positiveprints.com\/pl\/produkt\/tu-sie-pobralismy-mapa-ze-zdjeciem\/","url":"https:\/\/positiveprints.com\/pl\/produkt\/tu-sie-pobralismy-mapa-ze-zdjeciem\/","name":"Tu Si\u0119 Pobrali\u015bmy Mapa ze Zdj\u0119ciem - Positive Prints","isPartOf":{"@id":"https:\/\/positiveprints.com\/pl\/#website"},"primaryImageOfPage":{"@id":"https:\/\/positiveprints.com\/pl\/produkt\/tu-sie-pobralismy-mapa-ze-zdjeciem\/#primaryimage"},"image":{"@id":"https:\/\/positiveprints.com\/pl\/produkt\/tu-sie-pobralismy-mapa-ze-zdjeciem\/#primaryimage"},"thumbnailUrl":"https:\/\/positiveprints.com\/wp-content\/uploads\/2026\/04\/Packshot_PL_XX-Mapa-slubna-ze-zdjeciem.webp","datePublished":"2024-06-18T09:56:24+00:00","dateModified":"2026-04-07T12:26:52+00:00","description":"Tu Si\u0119 Pobrali\u015bmy Mapa ze Zdj\u0119ciem to wyj\u0105tkowy i przemy\u015blany prezent na \u015bluby i rocznice. Uczcij histori\u0119 mi\u0142osn\u0105 m\u0142odej pary.","breadcrumb":{"@id":"https:\/\/positiveprints.com\/pl\/produkt\/tu-sie-pobralismy-mapa-ze-zdjeciem\/#breadcrumb"},"inLanguage":"pl-PL","potentialAction":[{"@type":"ReadAction","target":["https:\/\/positiveprints.com\/pl\/produkt\/tu-sie-pobralismy-mapa-ze-zdjeciem\/"]}]},{"@type":"ImageObject","inLanguage":"pl-PL","@id":"https:\/\/positiveprints.com\/pl\/produkt\/tu-sie-pobralismy-mapa-ze-zdjeciem\/#primaryimage","url":"https:\/\/positiveprints.com\/wp-content\/uploads\/2026\/04\/Packshot_PL_XX-Mapa-slubna-ze-zdjeciem.webp","contentUrl":"https:\/\/positiveprints.com\/wp-content\/uploads\/2026\/04\/Packshot_PL_XX-Mapa-slubna-ze-zdjeciem.webp","width":1450,"height":1450},{"@type":"BreadcrumbList","@id":"https:\/\/positiveprints.com\/pl\/produkt\/tu-sie-pobralismy-mapa-ze-zdjeciem\/#breadcrumb","itemListElement":[{"@type":"ListItem","position":1,"name":"Home","item":"https:\/\/positiveprints.com\/pl\/"},{"@type":"ListItem","position":2,"name":"Produkty","item":"https:\/\/positiveprints.com\/pl\/shop\/"},{"@type":"ListItem","position":3,"name":"Tu Si\u0119 Pobrali\u015bmy Mapa ze Zdj\u0119ciem"}]},{"@type":"WebSite","@id":"https:\/\/positiveprints.com\/pl\/#website","url":"https:\/\/positiveprints.com\/pl\/","name":"Positive Prints","description":"Amazing Custom Personalized Gifts","publisher":{"@id":"https:\/\/positiveprints.com\/pl\/#organization"},"potentialAction":[{"@type":"SearchAction","target":{"@type":"EntryPoint","urlTemplate":"https:\/\/positiveprints.com\/pl\/?s={search_term_string}"},"query-input":{"@type":"PropertyValueSpecification","valueRequired":true,"valueName":"search_term_string"}}],"inLanguage":"pl-PL"},{"@type":"Organization","@id":"https:\/\/positiveprints.com\/pl\/#organization","name":"Positive Prints","alternateName":"Positive Prints","url":"https:\/\/positiveprints.com\/pl\/","logo":{"@type":"ImageObject","inLanguage":"pl-PL","@id":"https:\/\/positiveprints.com\/pl\/#\/schema\/logo\/image\/","url":"https:\/\/positiveprints.com\/wp-content\/uploads\/2026\/03\/245815646_1337939713319158_5671353136411139666_n.png","contentUrl":"https:\/\/positiveprints.com\/wp-content\/uploads\/2026\/03\/245815646_1337939713319158_5671353136411139666_n.png","width":800,"height":800,"caption":"Positive Prints"},"image":{"@id":"https:\/\/positiveprints.com\/pl\/#\/schema\/logo\/image\/"},"sameAs":["https:\/\/www.facebook.com\/positiveprintscom","https:\/\/www.instagram.com\/positiveprintscom\/","https:\/\/www.tiktok.com\/@positiveprintscom","https:\/\/www.pinterest.com\/positiveprintscom\/"]}]}},"jetpack_sharing_enabled":true,"_links":{"self":[{"href":"https:\/\/positiveprints.com\/pl\/wp-json\/wp\/v2\/product\/1141356","targetHints":{"allow":["GET"]}}],"collection":[{"href":"https:\/\/positiveprints.com\/pl\/wp-json\/wp\/v2\/product"}],"about":[{"href":"https:\/\/positiveprints.com\/pl\/wp-json\/wp\/v2\/types\/product"}],"wp:featuredmedia":[{"embeddable":true,"href":"https:\/\/positiveprints.com\/pl\/wp-json\/wp\/v2\/media\/1695852"}],"wp:attachment":[{"href":"https:\/\/positiveprints.com\/pl\/wp-json\/wp\/v2\/media?parent=1141356"}],"wp:term":[{"taxonomy":"product_brand","embeddable":true,"href":"https:\/\/positiveprints.com\/pl\/wp-json\/wp\/v2\/product_brand?post=1141356"},{"taxonomy":"product_cat","embeddable":true,"href":"https:\/\/positiveprints.com\/pl\/wp-json\/wp\/v2\/product_cat?post=1141356"},{"taxonomy":"product_tag","embeddable":true,"href":"https:\/\/positiveprints.com\/pl\/wp-json\/wp\/v2\/product_tag?post=1141356"}],"curies":[{"name":"wp","href":"https:\/\/api.w.org\/{rel}","templated":true}]}}