{"id":1137691,"date":"2024-06-18T10:49:11","date_gmt":"2024-06-18T09:49:11","guid":{"rendered":"https:\/\/positiveprints.com\/?post_type=product&#038;p=1137691"},"modified":"2026-04-12T20:49:54","modified_gmt":"2026-04-12T19:49:54","slug":"mapa-naszych-zareczyn-ze-zdjeciem","status":"publish","type":"product","link":"https:\/\/positiveprints.com\/pl\/produkt\/mapa-naszych-zareczyn-ze-zdjeciem\/","title":{"rendered":"Mapa Naszych Zar\u0119czyn ze Zdj\u0119ciem"},"content":{"rendered":"<p>Uwiecznij miejsce, w kt\u00f3rym zar\u0119czyli si\u0119 Twoi przyjaciele dzi\u0119ki Mapie Naszych Zar\u0119czyn ze Zdj\u0119ciem. Ten personalizowany wydruk podkre\u015bla dok\u0142adn\u0105 lokalizacj\u0119 ich zar\u0119czyn, zawiera szczeg\u00f3\u0142ow\u0105 map\u0119, znacznik w kszta\u0142cie serca, kt\u00f3ry wskazuje miejsce, zdj\u0119cie zar\u0119czonej pary oraz personalizowan\u0105 wiadomo\u015b\u0107 pod map\u0105 i zdj\u0119ciem.<\/p>\r\n\r\n<h2>Stw\u00f3rz Mapa Naszych Zar\u0119czyn ze Zdj\u0119ciem<\/h2>\r\n\r\n<p>Nasz kreator online sprawia, \u017ce personalizacja jest prosta. Wybierz kszta\u0142t i kolory mapy, korzystaj\u0105c z gotowych szablon\u00f3w kolorystycznych lub eksperymentuj\u0105c z w\u0142asnymi wyborami. Wprowad\u017a specjalne miejsce, przybli\u017caj i oddalaj, aby uzyska\u0107 idealny widok i dodaj znacznik w kszta\u0142cie serca, aby dok\u0142adnie wskaza\u0107 miejsce. Prze\u015blij pi\u0119kne zdj\u0119cie zar\u0119czonej pary i dodaj personalizowan\u0105 wiadomo\u015b\u0107, tak\u0105 jak &#8220;Nasze Zar\u0119czyny&#8221;.\r\n\r\n<p>Select from a variety of formats: printed or framed poster, canvas, or digital file. No matter the format, your personalized map will look stunning and serve as a cherished reminder of their special moment.<\/p>\r\n\r\n<h2>Idealny prezent na specjalne okazje<\/h2>\r\n\r\n<p>Mapa Naszych Zar\u0119czyn ze Zdj\u0119ciem to wyj\u0105tkowy i przemy\u015blany prezent na zar\u0119czyny, idealny do \u015bwi\u0119towania tego wyj\u0105tkowego wydarzenia. Podaruj prezent, kt\u00f3ry uchwyci istot\u0119 ich historii mi\u0142osnej i miejsce, w kt\u00f3rym rozpocz\u0119\u0142a si\u0119 ich wsp\u00f3lna droga do ma\u0142\u017ce\u0144stwa.<\/p>\r\n\r\n<p>Wyobra\u017a sobie rado\u015b\u0107 na twarzy ukochanej osoby, gdy zobaczy t\u0119 pi\u0119knie wykonan\u0105 map\u0119, oznaczaj\u0105c\u0105 miejsce, w kt\u00f3rym rozpocz\u0119\u0142a si\u0119 Wasza historia mi\u0142osna. Dodane zdj\u0119cie i personalizowana wiadomo\u015b\u0107 sprawiaj\u0105, \u017ce ten prezent jest naprawd\u0119 jedyny w swoim rodzaju, pokazuj\u0105c, jak bardzo cenisz swoje wsp\u00f3lne wspomnienia. Niezale\u017cnie od tego, czy jest to prezent dla partnera, rodzic\u00f3w, przyjaci\u00f3\u0142 czy rodze\u0144stwa, ten upominek wywo\u0142a szczere emocje i stanie si\u0119 cenn\u0105 pami\u0105tk\u0105.<\/p>\r\n\r\n<h2>Dlaczego warto wybra\u0107 Map\u0119 Naszych Zar\u0119czyn ze Zdj\u0119ciem?<\/h2>\r\n\r\n<p>Tworzenie mapy jest proste i szybkie. Odwied\u017a nasz\u0105 stron\u0119 internetow\u0105, skorzystaj z kreatora online, aby spersonalizowa\u0107 projekt i z\u0142\u00f3\u017c zam\u00f3wienie. My zajmiemy si\u0119 reszt\u0105, zapewniaj\u0105c, \u017ce wydruk zostanie wykonany z nale\u017cyt\u0105 staranno\u015bci\u0105 i szybko dostarczony.<\/p>","protected":false},"excerpt":{"rendered":"<ul class=\"check-list\">\n<li>Podkre\u015bl wa\u017cne miejsce za pomoc\u0105 wybranego symbolu<\/li>\n<li>Spersonalizuj w 3 prostych krokach<\/li>\n<li>Dodaj dedykacj\u0119 prosto z serca<\/li>\n<li>Interaktywny podgl\u0105d pozwoli dopracowa\u0107 ka\u017cdy szczeg\u00f3\u0142<\/li>\n<\/ul>\n","protected":false},"featured_media":1213472,"template":"","meta":[],"product_brand":[],"product_cat":[99,7188,5279],"product_tag":[8437],"class_list":{"0":"post-1137691","1":"product","2":"type-product","3":"status-publish","4":"has-post-thumbnail","6":"product_cat-wszystkie-produkty","7":"product_cat-map-pl","8":"product_cat-prezent-na-zareczyny","9":"product_tag-zareczyny","11":"first","12":"instock","13":"sale","14":"taxable","15":"shipping-taxable","16":"purchasable","17":"product-type-variable"},"yoast_head":"<!-- This site is optimized with the Yoast SEO Premium plugin v27.2 (Yoast SEO v27.2) - https:\/\/yoast.com\/product\/yoast-seo-premium-wordpress\/ -->\n<title>Mapa Naszych Zar\u0119czyn ze Zdj\u0119ciem - Positive Prints<\/title>\n<meta name=\"description\" content=\"Mapa Naszych Zar\u0119czyn ze Zdj\u0119ciem to wyj\u0105tkowy i przemy\u015blany prezent na zar\u0119czyny, idealny do \u015bwi\u0119towania wyj\u0105tkowego momentu Twoich przyjaci\u00f3\u0142.\" \/>\n<meta name=\"robots\" content=\"index, follow, max-snippet:-1, max-image-preview:large, max-video-preview:-1\" \/>\n<link rel=\"canonical\" href=\"https:\/\/positiveprints.com\/pl\/produkt\/mapa-naszych-zareczyn-ze-zdjeciem\/\" \/>\n<meta property=\"og:locale\" content=\"pl_PL\" \/>\n<meta property=\"og:type\" content=\"article\" \/>\n<meta property=\"og:title\" content=\"Mapa Naszych Zar\u0119czyn ze Zdj\u0119ciem\" \/>\n<meta property=\"og:description\" content=\"Podkre\u015bl wa\u017cne miejsce za pomoc\u0105 wybranego symbolu  Spersonalizuj w 3 prostych krokach  Dodaj dedykacj\u0119 prosto z serca  Interaktywny podgl\u0105d pozwoli dopracowa\u0107 ka\u017cdy szczeg\u00f3\u0142\" \/>\n<meta property=\"og:url\" content=\"https:\/\/positiveprints.com\/pl\/produkt\/mapa-naszych-zareczyn-ze-zdjeciem\/\" \/>\n<meta property=\"og:site_name\" content=\"Positive Prints\" \/>\n<meta property=\"article:publisher\" content=\"https:\/\/www.facebook.com\/positiveprintscom\" \/>\n<meta property=\"article:modified_time\" content=\"2026-04-12T19:49:54+00:00\" \/>\n<meta property=\"og:image\" content=\"https:\/\/positiveprints.com\/wp-content\/uploads\/2024\/10\/Packshot_PL_engagement-map-with-photo-product-image.webp\" \/>\n\t<meta property=\"og:image:width\" content=\"1450\" \/>\n\t<meta property=\"og:image:height\" content=\"1450\" \/>\n\t<meta property=\"og:image:type\" content=\"image\/webp\" \/>\n<meta name=\"twitter:card\" content=\"summary_large_image\" \/>\n<meta name=\"twitter:label1\" content=\"Szacowany czas czytania\" \/>\n\t<meta name=\"twitter:data1\" content=\"2 minuty\" \/>\n<!-- \/ Yoast SEO Premium plugin. -->","yoast_head_json":{"title":"Mapa Naszych Zar\u0119czyn ze Zdj\u0119ciem - Positive Prints","description":"Mapa Naszych Zar\u0119czyn ze Zdj\u0119ciem to wyj\u0105tkowy i przemy\u015blany prezent na zar\u0119czyny, idealny do \u015bwi\u0119towania wyj\u0105tkowego momentu Twoich przyjaci\u00f3\u0142.","robots":{"index":"index","follow":"follow","max-snippet":"max-snippet:-1","max-image-preview":"max-image-preview:large","max-video-preview":"max-video-preview:-1"},"canonical":"https:\/\/positiveprints.com\/pl\/produkt\/mapa-naszych-zareczyn-ze-zdjeciem\/","og_locale":"pl_PL","og_type":"article","og_title":"Mapa Naszych Zar\u0119czyn ze Zdj\u0119ciem","og_description":"Podkre\u015bl wa\u017cne miejsce za pomoc\u0105 wybranego symbolu  Spersonalizuj w 3 prostych krokach  Dodaj dedykacj\u0119 prosto z serca  Interaktywny podgl\u0105d pozwoli dopracowa\u0107 ka\u017cdy szczeg\u00f3\u0142","og_url":"https:\/\/positiveprints.com\/pl\/produkt\/mapa-naszych-zareczyn-ze-zdjeciem\/","og_site_name":"Positive Prints","article_publisher":"https:\/\/www.facebook.com\/positiveprintscom","article_modified_time":"2026-04-12T19:49:54+00:00","og_image":[{"width":1450,"height":1450,"url":"https:\/\/positiveprints.com\/wp-content\/uploads\/2024\/10\/Packshot_PL_engagement-map-with-photo-product-image.webp","type":"image\/webp"}],"twitter_card":"summary_large_image","twitter_misc":{"Szacowany czas czytania":"2 minuty"},"schema":{"@context":"https:\/\/schema.org","@graph":[{"@type":["WebPage","ItemPage"],"@id":"https:\/\/positiveprints.com\/pl\/produkt\/mapa-naszych-zareczyn-ze-zdjeciem\/","url":"https:\/\/positiveprints.com\/pl\/produkt\/mapa-naszych-zareczyn-ze-zdjeciem\/","name":"Mapa Naszych Zar\u0119czyn ze Zdj\u0119ciem - Positive Prints","isPartOf":{"@id":"https:\/\/positiveprints.com\/pl\/#website"},"primaryImageOfPage":{"@id":"https:\/\/positiveprints.com\/pl\/produkt\/mapa-naszych-zareczyn-ze-zdjeciem\/#primaryimage"},"image":{"@id":"https:\/\/positiveprints.com\/pl\/produkt\/mapa-naszych-zareczyn-ze-zdjeciem\/#primaryimage"},"thumbnailUrl":"https:\/\/positiveprints.com\/wp-content\/uploads\/2024\/10\/Packshot_PL_engagement-map-with-photo-product-image.webp","datePublished":"2024-06-18T09:49:11+00:00","dateModified":"2026-04-12T19:49:54+00:00","description":"Mapa Naszych Zar\u0119czyn ze Zdj\u0119ciem to wyj\u0105tkowy i przemy\u015blany prezent na zar\u0119czyny, idealny do \u015bwi\u0119towania wyj\u0105tkowego momentu Twoich przyjaci\u00f3\u0142.","breadcrumb":{"@id":"https:\/\/positiveprints.com\/pl\/produkt\/mapa-naszych-zareczyn-ze-zdjeciem\/#breadcrumb"},"inLanguage":"pl-PL","potentialAction":[{"@type":"ReadAction","target":["https:\/\/positiveprints.com\/pl\/produkt\/mapa-naszych-zareczyn-ze-zdjeciem\/"]}]},{"@type":"ImageObject","inLanguage":"pl-PL","@id":"https:\/\/positiveprints.com\/pl\/produkt\/mapa-naszych-zareczyn-ze-zdjeciem\/#primaryimage","url":"https:\/\/positiveprints.com\/wp-content\/uploads\/2024\/10\/Packshot_PL_engagement-map-with-photo-product-image.webp","contentUrl":"https:\/\/positiveprints.com\/wp-content\/uploads\/2024\/10\/Packshot_PL_engagement-map-with-photo-product-image.webp","width":1450,"height":1450},{"@type":"BreadcrumbList","@id":"https:\/\/positiveprints.com\/pl\/produkt\/mapa-naszych-zareczyn-ze-zdjeciem\/#breadcrumb","itemListElement":[{"@type":"ListItem","position":1,"name":"Home","item":"https:\/\/positiveprints.com\/pl\/"},{"@type":"ListItem","position":2,"name":"Produkty","item":"https:\/\/positiveprints.com\/pl\/shop\/"},{"@type":"ListItem","position":3,"name":"Mapa Naszych Zar\u0119czyn ze Zdj\u0119ciem"}]},{"@type":"WebSite","@id":"https:\/\/positiveprints.com\/pl\/#website","url":"https:\/\/positiveprints.com\/pl\/","name":"Positive Prints","description":"Amazing Custom Personalized Gifts","publisher":{"@id":"https:\/\/positiveprints.com\/pl\/#organization"},"potentialAction":[{"@type":"SearchAction","target":{"@type":"EntryPoint","urlTemplate":"https:\/\/positiveprints.com\/pl\/?s={search_term_string}"},"query-input":{"@type":"PropertyValueSpecification","valueRequired":true,"valueName":"search_term_string"}}],"inLanguage":"pl-PL"},{"@type":"Organization","@id":"https:\/\/positiveprints.com\/pl\/#organization","name":"Positive Prints","alternateName":"Positive Prints","url":"https:\/\/positiveprints.com\/pl\/","logo":{"@type":"ImageObject","inLanguage":"pl-PL","@id":"https:\/\/positiveprints.com\/pl\/#\/schema\/logo\/image\/","url":"https:\/\/positiveprints.com\/wp-content\/uploads\/2026\/03\/245815646_1337939713319158_5671353136411139666_n.png","contentUrl":"https:\/\/positiveprints.com\/wp-content\/uploads\/2026\/03\/245815646_1337939713319158_5671353136411139666_n.png","width":800,"height":800,"caption":"Positive Prints"},"image":{"@id":"https:\/\/positiveprints.com\/pl\/#\/schema\/logo\/image\/"},"sameAs":["https:\/\/www.facebook.com\/positiveprintscom","https:\/\/www.instagram.com\/positiveprintscom\/","https:\/\/www.tiktok.com\/@positiveprintscom","https:\/\/www.pinterest.com\/positiveprintscom\/"]}]}},"jetpack_sharing_enabled":true,"_links":{"self":[{"href":"https:\/\/positiveprints.com\/pl\/wp-json\/wp\/v2\/product\/1137691","targetHints":{"allow":["GET"]}}],"collection":[{"href":"https:\/\/positiveprints.com\/pl\/wp-json\/wp\/v2\/product"}],"about":[{"href":"https:\/\/positiveprints.com\/pl\/wp-json\/wp\/v2\/types\/product"}],"wp:featuredmedia":[{"embeddable":true,"href":"https:\/\/positiveprints.com\/pl\/wp-json\/wp\/v2\/media\/1213472"}],"wp:attachment":[{"href":"https:\/\/positiveprints.com\/pl\/wp-json\/wp\/v2\/media?parent=1137691"}],"wp:term":[{"taxonomy":"product_brand","embeddable":true,"href":"https:\/\/positiveprints.com\/pl\/wp-json\/wp\/v2\/product_brand?post=1137691"},{"taxonomy":"product_cat","embeddable":true,"href":"https:\/\/positiveprints.com\/pl\/wp-json\/wp\/v2\/product_cat?post=1137691"},{"taxonomy":"product_tag","embeddable":true,"href":"https:\/\/positiveprints.com\/pl\/wp-json\/wp\/v2\/product_tag?post=1137691"}],"curies":[{"name":"wp","href":"https:\/\/api.w.org\/{rel}","templated":true}]}}