{"id":1137674,"date":"2024-06-18T10:23:26","date_gmt":"2024-06-18T09:23:26","guid":{"rendered":"https:\/\/positiveprints.com\/?post_type=product&#038;p=1137674"},"modified":"2026-04-03T02:49:49","modified_gmt":"2026-04-03T01:49:49","slug":"poczatek-naszej-przygody-mapa-ze-zdjeciem","status":"publish","type":"product","link":"https:\/\/positiveprints.com\/pl\/produkt\/poczatek-naszej-przygody-mapa-ze-zdjeciem\/","title":{"rendered":"Pocz\u0105tek Naszej Przygody Mapa ze Zdj\u0119ciem"},"content":{"rendered":"<p>Uwiecznij miejsce, w kt\u00f3rym rozpocz\u0119\u0142a si\u0119 Wasza historia mi\u0142osna dzi\u0119ki naszemu produktowi Pocz\u0105tek Naszej Przygody Mapa ze Zdj\u0119ciem. Ten personalizowany wydruk przedstawia dok\u0142adn\u0105 lokalizacj\u0119, w kt\u00f3rej rozpocz\u0119\u0142a si\u0119 Wasza podr\u00f3\u017c, ze szczeg\u00f3\u0142ow\u0105 map\u0105, znacznikiem w kszta\u0142cie serca do precyzyjnego wskazania miejsca, Twoim zdj\u0119ciem i personalizowan\u0105 wiadomo\u015bci\u0105 pod map\u0105 i zdj\u0119ciem.<\/p>\r\n\r\n<h2>Stw\u00f3rz Map\u0119 ze Zdj\u0119ciem Pocz\u0105tek Naszej Przygody<\/h2>\r\n\r\n<p>Nasz kreator online u\u0142atwia personalizacj\u0119. Wybierz kszta\u0142t i kolory mapy, wybieraj\u0105c spo\u015br\u00f3d gotowych szablon\u00f3w kolorystycznych lub eksperymentuj\u0105c z w\u0142asnymi kolorami. Wprowad\u017a specjalne miejsce, przybli\u017caj i oddalaj, aby uzyska\u0107 idealny widok, i dodaj znacznik w kszta\u0142cie serca, aby dok\u0142adnie wskaza\u0107 miejsce. Prze\u015blij swoje ulubione zdj\u0119cie i dodaj w\u0142asn\u0105 wiadomo\u015b\u0107, tak\u0105 jak Pocz\u0105tek Naszej Przygody.<\/p>\r\n\r\n<p>Wybieraj spo\u015br\u00f3d r\u00f3\u017cnych format\u00f3w: drukowany plakat, plakat w ramce, p\u0142\u00f3tno lub plik cyfrowy. Niezale\u017cnie od formatu, personalizowana mapa b\u0119dzie wygl\u0105da\u0107 osza\u0142amiaj\u0105co i s\u0142u\u017cy\u0107 jako cenne przypomnienie o wyj\u0105tkowym miejscu.<\/p>\r\n\r\n<h2>Idealny prezent na specjalne okazje<\/h2>\r\n\r\n<p>Pocz\u0105tek Naszej Przygody Mapa ze Zdj\u0119ciem to wyj\u0105tkowy i przemy\u015blany prezent na rocznic\u0119, urodziny, Walentynki, \u015blub lub inn\u0105 specjaln\u0105 okazj\u0119. \u015awi\u0119tuj swoj\u0105 wsp\u00f3ln\u0105 podr\u00f3\u017c, daj\u0105c prezent, kt\u00f3ry oddaje istot\u0119 Waszego zwi\u0105zku.<\/p>\r\n\r\n<p>Wyobra\u017a sobie rado\u015b\u0107 na twarzy ukochanej osoby, gdy zobaczy t\u0119 pi\u0119knie wykonan\u0105 map\u0119, oznaczaj\u0105c\u0105 miejsce, w kt\u00f3rym rozpocz\u0119\u0142a si\u0119 Wasza historia mi\u0142osna. Dodane zdj\u0119cie i personalizowana wiadomo\u015b\u0107 sprawiaj\u0105, \u017ce ten prezent jest naprawd\u0119 jedyny w swoim rodzaju, pokazuj\u0105c, jak bardzo cenisz swoje wsp\u00f3lne wspomnienia. Niezale\u017cnie od tego, czy jest to prezent dla partnera, rodzic\u00f3w, przyjaci\u00f3\u0142 czy rodze\u0144stwa, ten upominek wywo\u0142a szczere emocje i stanie si\u0119 cenn\u0105 pami\u0105tk\u0105.<\/p>\r\n\r\n<h2>Dlaczego warto wybra\u0107 Map\u0119 ze Zdj\u0119ciem Pocz\u0105tek Naszej Przygody?<\/h2>\r\n\r\n<p>Tworzenie mapy jest proste i szybkie. Odwied\u017a nasz\u0105 stron\u0119 internetow\u0105, skorzystaj z kreatora online, aby spersonalizowa\u0107 projekt i z\u0142\u00f3\u017c zam\u00f3wienie. My zajmiemy si\u0119 reszt\u0105, zapewniaj\u0105c, \u017ce wydruk zostanie wykonany z nale\u017cyt\u0105 staranno\u015bci\u0105 i szybko dostarczony.<\/p>","protected":false},"excerpt":{"rendered":"<ul class=\"check-list\">\n<li>Podkre\u015bl wa\u017cne miejsce za pomoc\u0105 wybranego symbolu<\/li>\n<li>Spersonalizuj w 3 prostych krokach<\/li>\n<li>Dodaj dedykacj\u0119 prosto z serca<\/li>\n<li>Interaktywny podgl\u0105d pozwoli dopracowa\u0107 ka\u017cdy szczeg\u00f3\u0142<\/li>\n<\/ul>\n","protected":false},"featured_media":1387507,"template":"","meta":[],"product_brand":[],"product_cat":[9765,99,7188,5271,11410,11411,11407,11403,11417,11412,8010,7690],"product_tag":[14975,14970,14973,14981,14959,14960,14957,14962,9730,14980,11756,11770,11817,11816,11815,11813,14977,14174,14979,15465,14983,14968,14984,14976],"class_list":{"0":"post-1137674","1":"product","2":"type-product","3":"status-publish","4":"has-post-thumbnail","6":"product_cat-trending-label-pl","7":"product_cat-wszystkie-produkty","8":"product_cat-map-pl","9":"product_cat-prezent-na-boze-narodzenie","10":"product_cat-prezenty-pod-choinke-dla-niej","11":"product_cat-prezenty-pod-choinke-dla-niego","12":"product_cat-prezenty-pod-choinke-dla-dziewczyny","13":"product_cat-prezenty-pod-choinke-dla-chlopaka","14":"product_cat-prezenty-pod-choinke-dla-zony","15":"product_cat-prezenty-pod-choinke-dla-meza","16":"product_cat-prezent-dla-mezczyzny","17":"product_cat-prezent-dla-kobiety","18":"product_tag-anniversary-pl","19":"product_tag-anniversary-gift-pl","20":"product_tag-anniversary-gifts-pl","21":"product_tag-anniversary-present-pl","22":"product_tag-couple-gift-pl","23":"product_tag-gift-for-couple-pl","24":"product_tag-love-pl","25":"product_tag-love-gift-pl","26":"product_tag-pary","27":"product_tag-personalized-gift-pl","28":"product_tag-prezenty-pod-choinke-dla-chlopaka","29":"product_tag-prezenty-pod-choinke-dla-dziewczyny","30":"product_tag-prezenty-pod-choinke-dla-meza","31":"product_tag-prezenty-pod-choinke-dla-niego","32":"product_tag-prezenty-pod-choinke-dla-niej","33":"product_tag-prezenty-pod-choinke-dla-zony","34":"product_tag-romantic-gifts-pl","35":"product_tag-romantyczny-prezent","36":"product_tag-sentimental-gift-pl","37":"product_tag-serce-ze-zdjeciem","38":"product_tag-special-occasion-pl","39":"product_tag-thoughtful-gift-pl","40":"product_tag-unique-gift-pl","41":"product_tag-wedding-anniversary-pl","43":"first","44":"instock","45":"sale","46":"taxable","47":"shipping-taxable","48":"purchasable","49":"product-type-variable"},"yoast_head":"<!-- This site is optimized with the Yoast SEO Premium plugin v27.2 (Yoast SEO v27.2) - https:\/\/yoast.com\/product\/yoast-seo-premium-wordpress\/ -->\n<title>Pocz\u0105tek Naszej Przygody Mapa ze Zdj\u0119ciem - Positive Prints<\/title>\n<meta name=\"description\" content=\"Pocz\u0105tek Naszej Przygody Mapa ze Zdj\u0119ciem to wyj\u0105tkowy i przemy\u015blany prezent na rocznic\u0119, urodziny, Walentynki, \u015blub lub inn\u0105 specjaln\u0105 okazj\u0119.\" \/>\n<meta name=\"robots\" content=\"index, follow, max-snippet:-1, max-image-preview:large, max-video-preview:-1\" \/>\n<link rel=\"canonical\" href=\"https:\/\/positiveprints.com\/pl\/produkt\/poczatek-naszej-przygody-mapa-ze-zdjeciem\/\" \/>\n<meta property=\"og:locale\" content=\"pl_PL\" \/>\n<meta property=\"og:type\" content=\"article\" \/>\n<meta property=\"og:title\" content=\"Pocz\u0105tek Naszej Przygody Mapa ze Zdj\u0119ciem\" \/>\n<meta property=\"og:description\" content=\"Podkre\u015bl wa\u017cne miejsce za pomoc\u0105 wybranego symbolu  Spersonalizuj w 3 prostych krokach  Dodaj dedykacj\u0119 prosto z serca  Interaktywny podgl\u0105d pozwoli dopracowa\u0107 ka\u017cdy szczeg\u00f3\u0142\" \/>\n<meta property=\"og:url\" content=\"https:\/\/positiveprints.com\/pl\/produkt\/poczatek-naszej-przygody-mapa-ze-zdjeciem\/\" \/>\n<meta property=\"og:site_name\" content=\"Positive Prints\" \/>\n<meta property=\"article:publisher\" content=\"https:\/\/www.facebook.com\/positiveprintscom\" \/>\n<meta property=\"article:modified_time\" content=\"2026-04-03T01:49:49+00:00\" \/>\n<meta property=\"og:image\" content=\"https:\/\/positiveprints.com\/wp-content\/uploads\/2025\/03\/Pocza\u0328tek-Naszej-Przygody-Mapa-ze-Zdje\u0328ciem-1.webp\" \/>\n\t<meta property=\"og:image:width\" content=\"1450\" \/>\n\t<meta property=\"og:image:height\" content=\"1450\" \/>\n\t<meta property=\"og:image:type\" content=\"image\/webp\" \/>\n<meta name=\"twitter:card\" content=\"summary_large_image\" \/>\n<meta name=\"twitter:label1\" content=\"Szacowany czas czytania\" \/>\n\t<meta name=\"twitter:data1\" content=\"2 minuty\" \/>\n<!-- \/ Yoast SEO Premium plugin. -->","yoast_head_json":{"title":"Pocz\u0105tek Naszej Przygody Mapa ze Zdj\u0119ciem - Positive Prints","description":"Pocz\u0105tek Naszej Przygody Mapa ze Zdj\u0119ciem to wyj\u0105tkowy i przemy\u015blany prezent na rocznic\u0119, urodziny, Walentynki, \u015blub lub inn\u0105 specjaln\u0105 okazj\u0119.","robots":{"index":"index","follow":"follow","max-snippet":"max-snippet:-1","max-image-preview":"max-image-preview:large","max-video-preview":"max-video-preview:-1"},"canonical":"https:\/\/positiveprints.com\/pl\/produkt\/poczatek-naszej-przygody-mapa-ze-zdjeciem\/","og_locale":"pl_PL","og_type":"article","og_title":"Pocz\u0105tek Naszej Przygody Mapa ze Zdj\u0119ciem","og_description":"Podkre\u015bl wa\u017cne miejsce za pomoc\u0105 wybranego symbolu  Spersonalizuj w 3 prostych krokach  Dodaj dedykacj\u0119 prosto z serca  Interaktywny podgl\u0105d pozwoli dopracowa\u0107 ka\u017cdy szczeg\u00f3\u0142","og_url":"https:\/\/positiveprints.com\/pl\/produkt\/poczatek-naszej-przygody-mapa-ze-zdjeciem\/","og_site_name":"Positive Prints","article_publisher":"https:\/\/www.facebook.com\/positiveprintscom","article_modified_time":"2026-04-03T01:49:49+00:00","og_image":[{"width":1450,"height":1450,"url":"https:\/\/positiveprints.com\/wp-content\/uploads\/2025\/03\/Pocza\u0328tek-Naszej-Przygody-Mapa-ze-Zdje\u0328ciem-1.webp","type":"image\/webp"}],"twitter_card":"summary_large_image","twitter_misc":{"Szacowany czas czytania":"2 minuty"},"schema":{"@context":"https:\/\/schema.org","@graph":[{"@type":["WebPage","ItemPage"],"@id":"https:\/\/positiveprints.com\/pl\/produkt\/poczatek-naszej-przygody-mapa-ze-zdjeciem\/","url":"https:\/\/positiveprints.com\/pl\/produkt\/poczatek-naszej-przygody-mapa-ze-zdjeciem\/","name":"Pocz\u0105tek Naszej Przygody Mapa ze Zdj\u0119ciem - Positive Prints","isPartOf":{"@id":"https:\/\/positiveprints.com\/pl\/#website"},"primaryImageOfPage":{"@id":"https:\/\/positiveprints.com\/pl\/produkt\/poczatek-naszej-przygody-mapa-ze-zdjeciem\/#primaryimage"},"image":{"@id":"https:\/\/positiveprints.com\/pl\/produkt\/poczatek-naszej-przygody-mapa-ze-zdjeciem\/#primaryimage"},"thumbnailUrl":"https:\/\/positiveprints.com\/wp-content\/uploads\/2025\/03\/Pocza\u0328tek-Naszej-Przygody-Mapa-ze-Zdje\u0328ciem-1.webp","datePublished":"2024-06-18T09:23:26+00:00","dateModified":"2026-04-03T01:49:49+00:00","description":"Pocz\u0105tek Naszej Przygody Mapa ze Zdj\u0119ciem to wyj\u0105tkowy i przemy\u015blany prezent na rocznic\u0119, urodziny, Walentynki, \u015blub lub inn\u0105 specjaln\u0105 okazj\u0119.","breadcrumb":{"@id":"https:\/\/positiveprints.com\/pl\/produkt\/poczatek-naszej-przygody-mapa-ze-zdjeciem\/#breadcrumb"},"inLanguage":"pl-PL","potentialAction":[{"@type":"ReadAction","target":["https:\/\/positiveprints.com\/pl\/produkt\/poczatek-naszej-przygody-mapa-ze-zdjeciem\/"]}]},{"@type":"ImageObject","inLanguage":"pl-PL","@id":"https:\/\/positiveprints.com\/pl\/produkt\/poczatek-naszej-przygody-mapa-ze-zdjeciem\/#primaryimage","url":"https:\/\/positiveprints.com\/wp-content\/uploads\/2025\/03\/Pocza\u0328tek-Naszej-Przygody-Mapa-ze-Zdje\u0328ciem-1.webp","contentUrl":"https:\/\/positiveprints.com\/wp-content\/uploads\/2025\/03\/Pocza\u0328tek-Naszej-Przygody-Mapa-ze-Zdje\u0328ciem-1.webp","width":1450,"height":1450},{"@type":"BreadcrumbList","@id":"https:\/\/positiveprints.com\/pl\/produkt\/poczatek-naszej-przygody-mapa-ze-zdjeciem\/#breadcrumb","itemListElement":[{"@type":"ListItem","position":1,"name":"Home","item":"https:\/\/positiveprints.com\/pl\/"},{"@type":"ListItem","position":2,"name":"Produkty","item":"https:\/\/positiveprints.com\/pl\/shop\/"},{"@type":"ListItem","position":3,"name":"Pocz\u0105tek Naszej Przygody Mapa ze Zdj\u0119ciem"}]},{"@type":"WebSite","@id":"https:\/\/positiveprints.com\/pl\/#website","url":"https:\/\/positiveprints.com\/pl\/","name":"Positive Prints","description":"Amazing Custom Personalized Gifts","publisher":{"@id":"https:\/\/positiveprints.com\/pl\/#organization"},"potentialAction":[{"@type":"SearchAction","target":{"@type":"EntryPoint","urlTemplate":"https:\/\/positiveprints.com\/pl\/?s={search_term_string}"},"query-input":{"@type":"PropertyValueSpecification","valueRequired":true,"valueName":"search_term_string"}}],"inLanguage":"pl-PL"},{"@type":"Organization","@id":"https:\/\/positiveprints.com\/pl\/#organization","name":"Positive Prints","alternateName":"Positive Prints","url":"https:\/\/positiveprints.com\/pl\/","logo":{"@type":"ImageObject","inLanguage":"pl-PL","@id":"https:\/\/positiveprints.com\/pl\/#\/schema\/logo\/image\/","url":"https:\/\/positiveprints.com\/wp-content\/uploads\/2026\/03\/245815646_1337939713319158_5671353136411139666_n.png","contentUrl":"https:\/\/positiveprints.com\/wp-content\/uploads\/2026\/03\/245815646_1337939713319158_5671353136411139666_n.png","width":800,"height":800,"caption":"Positive Prints"},"image":{"@id":"https:\/\/positiveprints.com\/pl\/#\/schema\/logo\/image\/"},"sameAs":["https:\/\/www.facebook.com\/positiveprintscom","https:\/\/www.instagram.com\/positiveprintscom\/","https:\/\/www.tiktok.com\/@positiveprintscom","https:\/\/www.pinterest.com\/positiveprintscom\/"]}]}},"jetpack_sharing_enabled":true,"_links":{"self":[{"href":"https:\/\/positiveprints.com\/pl\/wp-json\/wp\/v2\/product\/1137674","targetHints":{"allow":["GET"]}}],"collection":[{"href":"https:\/\/positiveprints.com\/pl\/wp-json\/wp\/v2\/product"}],"about":[{"href":"https:\/\/positiveprints.com\/pl\/wp-json\/wp\/v2\/types\/product"}],"wp:featuredmedia":[{"embeddable":true,"href":"https:\/\/positiveprints.com\/pl\/wp-json\/wp\/v2\/media\/1387507"}],"wp:attachment":[{"href":"https:\/\/positiveprints.com\/pl\/wp-json\/wp\/v2\/media?parent=1137674"}],"wp:term":[{"taxonomy":"product_brand","embeddable":true,"href":"https:\/\/positiveprints.com\/pl\/wp-json\/wp\/v2\/product_brand?post=1137674"},{"taxonomy":"product_cat","embeddable":true,"href":"https:\/\/positiveprints.com\/pl\/wp-json\/wp\/v2\/product_cat?post=1137674"},{"taxonomy":"product_tag","embeddable":true,"href":"https:\/\/positiveprints.com\/pl\/wp-json\/wp\/v2\/product_tag?post=1137674"}],"curies":[{"name":"wp","href":"https:\/\/api.w.org\/{rel}","templated":true}]}}