{"id":1134523,"date":"2024-06-11T19:07:02","date_gmt":"2024-06-11T18:07:02","guid":{"rendered":"https:\/\/positiveprints.com\/?post_type=product&#038;p=1134523"},"modified":"2026-04-28T13:48:29","modified_gmt":"2026-04-28T12:48:29","slug":"historia-naszej-milosci-obraz-na-plotnie","status":"publish","type":"product","link":"https:\/\/positiveprints.com\/pl\/produkt\/historia-naszej-milosci-obraz-na-plotnie\/","title":{"rendered":"Historia Naszej Mi\u0142o\u015bci &#8211; Obraz na P\u0142\u00f3tnie"},"content":{"rendered":"<p>Szukasz wyj\u0105tkowego i warto\u015bciowego prezentu \u015blubnego? Nasz Obraz na P\u0142\u00f3tnie Historia Naszej Mi\u0142o\u015bci to idealny wyb\u00f3r. To personalizowane p\u0142\u00f3tno zawiera trzy mapy, z kt\u00f3rych ka\u017cda podkre\u015bla wa\u017cny moment w zwi\u0105zku pary: gdzie si\u0119 poznali, zar\u0119czyli i pobrali.<\/p>\r\n\r\n<h2>Stw\u00f3rz sw\u00f3j Obraz na P\u0142\u00f3tnie Historia Naszej Mi\u0142o\u015bci<\/h2>\r\n\r\n<p>Nasze Obraz na P\u0142\u00f3tnie Historia Naszej Mi\u0142o\u015bci pozwala stworzy\u0107 naprawd\u0119 jedyny w swoim rodzaju prezent. Wejd\u017a do naszego prostego edytora online, aby rozpocz\u0105\u0107. Wybierz kszta\u0142t i kolory mapy &#8211; skorzystaj z naszych gotowych wzorc\u00f3w kolorystycznych lub samodzielnie dobierz kolory. Nast\u0119pnie wprowad\u017a trzy szczeg\u00f3lne miejsca: gdzie para si\u0119 pozna\u0142a, gdzie si\u0119 zar\u0119czy\u0142a i gdzie wzi\u0119\u0142a \u015blub. Mo\u017cesz powi\u0119ksza\u0107 i pomniejsza\u0107 ka\u017cd\u0105 map\u0119, aby wygl\u0105da\u0142a dok\u0142adnie tak, jak chcesz. Dodaj znaczniki w kszta\u0142cie serca, aby wskaza\u0107 dok\u0142adne miejsca i do\u0142\u0105cz tytu\u0142y oraz trzy specjalne teksty pod ka\u017cd\u0105 z map, takie jak &#8220;Poznali\u015bmy si\u0119&#8221;, &#8220;Zar\u0119czyli\u015bmy si\u0119&#8221; i &#8220;Pobrali\u015bmy si\u0119&#8221;.<\/p>\r\n\r\n<h2>Idealny prezent na specjalne okazje<\/h2>\r\n\r\n<p>Obraz na P\u0142\u00f3tnie Historia Naszej Mi\u0142o\u015bci to idealny prezent dla przyjaci\u00f3\u0142, kt\u00f3rzy wzi\u0119li \u015blub. Wyobra\u017a sobie rado\u015b\u0107, gdy szcz\u0119\u015bliwa para otrzyma personalizowane p\u0142\u00f3tno, kt\u00f3re uchwyci trzy najwa\u017cniejsze etapy ich zwi\u0105zku.<\/p>\r\n\r\n<h2>Dlaczego warto wybra\u0107 nasze Obraz na P\u0142\u00f3tnie Historia Naszej Mi\u0142o\u015bci?<\/h2>\r\n\r\n<p>Wyb\u00f3r odpowiedniego rozmiaru jest \u0142atwy dzi\u0119ki naszym r\u00f3\u017cnorodnym opcjom obraz\u00f3w na p\u0142\u00f3tnie, dzi\u0119ki czemu mapa b\u0119dzie wygl\u0105da\u0107 niesamowicie na ka\u017cdej \u015bcianie. Zamawianie jest proste &#8211; wystarczy odwiedzi\u0107 nasz\u0105 stron\u0119 internetow\u0105, wprowadzi\u0107 lokalizacj\u0119, spersonalizowa\u0107 map\u0119, doda\u0107 indywidualn\u0105 wiadomo\u015b\u0107, wybra\u0107 rozmiar p\u0142\u00f3tna i z\u0142o\u017cy\u0107 zam\u00f3wienie. My zajmiemy si\u0119 reszt\u0105, zapewniaj\u0105c, \u017ce p\u0142\u00f3tno zostanie wykonane i dostarczone z nale\u017cyt\u0105 staranno\u015bci\u0105.<\/p>\r\n\r\n<p>Podaruj prezent, kt\u00f3ry b\u0119dzie piel\u0119gnowany na zawsze. Obraz na P\u0142\u00f3tnie Historia Naszej Mi\u0142o\u015bci s\u0142u\u017cy jako upami\u0119tnienie wyj\u0105tkowych miejsc, w kt\u00f3rych rozwin\u0119\u0142a si\u0119 historia mi\u0142o\u015bci pary, co sprawia, \u017ce jest to kreatywny i warto\u015bciowy prezent dla ka\u017cdego nowo\u017ce\u0144ca.<\/p>","protected":false},"excerpt":{"rendered":"<ul class=\"check-list\">\n<li>Uczcij trzy najwa\u017cniejsze momenty w zwi\u0105zku dzi\u0119ki personalizowanej mapie, kt\u00f3ra b\u0119dzie wyj\u0105tkow\u0105 i sentymentaln\u0105 pami\u0105tk\u0105<\/li>\n<li>Oznacz wyj\u0105tkowe miejsce wybranym symbolem<\/li>\n<li>Spersonalizuj w 3 prostych krokach<\/li>\n<li>Dodaj dedykacj\u0119 prosto z serca<\/li>\n<li>Interaktywny podgl\u0105d pozwoli dopracowa\u0107 ka\u017cdy szczeg\u00f3\u0142<\/li>\n<\/ul>\n","protected":false},"featured_media":1161085,"template":"","meta":[],"product_brand":[],"product_cat":[11145,8190,8206,99,11186,11184,11185,7929,7643,7753,7802],"product_tag":[16245,16280],"class_list":{"0":"post-1134523","1":"product","2":"type-product","3":"status-publish","4":"has-post-thumbnail","6":"product_cat-na-plotnie","7":"product_cat-dla-niej","8":"product_cat-dla-niego","9":"product_cat-wszystkie-produkty","10":"product_cat-prezenty-na-rocznice-dla-pary","11":"product_cat-prezenty-na-rocznice-dla-niej","12":"product_cat-prezenty-na-rocznice-dla-niego","13":"product_cat-prezent-na-wieczor-panienski","14":"product_cat-prezent-dla-meza","15":"product_cat-prezent-dla-zony","16":"product_cat-prezent-dla-pary","17":"product_tag-spersonalizowane-plotna","18":"product_tag-wedding-pl-2","20":"first","21":"instock","22":"sale","23":"taxable","24":"shipping-taxable","25":"purchasable","26":"product-type-variable"},"yoast_head":"<!-- This site is optimized with the Yoast SEO Premium plugin v27.2 (Yoast SEO v27.2) - https:\/\/yoast.com\/product\/yoast-seo-premium-wordpress\/ -->\n<title>Historia Naszej Mi\u0142o\u015bci - Obraz na P\u0142\u00f3tnie - Positive Prints<\/title>\n<meta name=\"description\" content=\"Obraz na P\u0142\u00f3tnie Historia Naszej Mi\u0142o\u015bci zawiera trzy mapy, z kt\u00f3rych ka\u017cda podkre\u015bla najwa\u017cniejsze momenty w zwi\u0105zku pary: gdzie si\u0119 poznali, zar\u0119czyli i pobrali.\" \/>\n<meta name=\"robots\" content=\"index, follow, max-snippet:-1, max-image-preview:large, max-video-preview:-1\" \/>\n<link rel=\"canonical\" href=\"https:\/\/positiveprints.com\/pl\/produkt\/historia-naszej-milosci-obraz-na-plotnie\/\" \/>\n<meta property=\"og:locale\" content=\"pl_PL\" \/>\n<meta property=\"og:type\" content=\"article\" \/>\n<meta property=\"og:title\" content=\"Historia Naszej Mi\u0142o\u015bci - Obraz na P\u0142\u00f3tnie\" \/>\n<meta property=\"og:description\" content=\"Uczcij trzy najwa\u017cniejsze momenty w zwi\u0105zku dzi\u0119ki personalizowanej mapie, kt\u00f3ra b\u0119dzie wyj\u0105tkow\u0105 i sentymentaln\u0105 pami\u0105tk\u0105 Oznacz wyj\u0105tkowe miejsce wybranym symbolem Spersonalizuj w 3 prostych krokach Dodaj dedykacj\u0119 prosto z serca Interaktywny podgl\u0105d pozwoli dopracowa\u0107 ka\u017cdy szczeg\u00f3\u0142\" \/>\n<meta property=\"og:url\" content=\"https:\/\/positiveprints.com\/pl\/produkt\/historia-naszej-milosci-obraz-na-plotnie\/\" \/>\n<meta property=\"og:site_name\" content=\"Positive Prints\" \/>\n<meta property=\"article:publisher\" content=\"https:\/\/www.facebook.com\/positiveprintscom\" \/>\n<meta property=\"article:modified_time\" content=\"2026-04-28T12:48:29+00:00\" \/>\n<meta property=\"og:image\" content=\"https:\/\/positiveprints.com\/wp-content\/uploads\/2024\/07\/Historia-Naszej-Milos\u0301ci-Obraz-na-Plo\u0301tnie-.jpg\" \/>\n\t<meta property=\"og:image:width\" content=\"1080\" \/>\n\t<meta property=\"og:image:height\" content=\"1080\" \/>\n\t<meta property=\"og:image:type\" content=\"image\/jpeg\" \/>\n<meta name=\"twitter:card\" content=\"summary_large_image\" \/>\n<!-- \/ Yoast SEO Premium plugin. -->","yoast_head_json":{"title":"Historia Naszej Mi\u0142o\u015bci - Obraz na P\u0142\u00f3tnie - Positive Prints","description":"Obraz na P\u0142\u00f3tnie Historia Naszej Mi\u0142o\u015bci zawiera trzy mapy, z kt\u00f3rych ka\u017cda podkre\u015bla najwa\u017cniejsze momenty w zwi\u0105zku pary: gdzie si\u0119 poznali, zar\u0119czyli i pobrali.","robots":{"index":"index","follow":"follow","max-snippet":"max-snippet:-1","max-image-preview":"max-image-preview:large","max-video-preview":"max-video-preview:-1"},"canonical":"https:\/\/positiveprints.com\/pl\/produkt\/historia-naszej-milosci-obraz-na-plotnie\/","og_locale":"pl_PL","og_type":"article","og_title":"Historia Naszej Mi\u0142o\u015bci - Obraz na P\u0142\u00f3tnie","og_description":"Uczcij trzy najwa\u017cniejsze momenty w zwi\u0105zku dzi\u0119ki personalizowanej mapie, kt\u00f3ra b\u0119dzie wyj\u0105tkow\u0105 i sentymentaln\u0105 pami\u0105tk\u0105 Oznacz wyj\u0105tkowe miejsce wybranym symbolem Spersonalizuj w 3 prostych krokach Dodaj dedykacj\u0119 prosto z serca Interaktywny podgl\u0105d pozwoli dopracowa\u0107 ka\u017cdy szczeg\u00f3\u0142","og_url":"https:\/\/positiveprints.com\/pl\/produkt\/historia-naszej-milosci-obraz-na-plotnie\/","og_site_name":"Positive Prints","article_publisher":"https:\/\/www.facebook.com\/positiveprintscom","article_modified_time":"2026-04-28T12:48:29+00:00","og_image":[{"width":1080,"height":1080,"url":"https:\/\/positiveprints.com\/wp-content\/uploads\/2024\/07\/Historia-Naszej-Milos\u0301ci-Obraz-na-Plo\u0301tnie-.jpg","type":"image\/jpeg"}],"twitter_card":"summary_large_image","schema":{"@context":"https:\/\/schema.org","@graph":[{"@type":["WebPage","ItemPage"],"@id":"https:\/\/positiveprints.com\/pl\/produkt\/historia-naszej-milosci-obraz-na-plotnie\/","url":"https:\/\/positiveprints.com\/pl\/produkt\/historia-naszej-milosci-obraz-na-plotnie\/","name":"Historia Naszej Mi\u0142o\u015bci - Obraz na P\u0142\u00f3tnie - Positive Prints","isPartOf":{"@id":"https:\/\/positiveprints.com\/pl\/#website"},"primaryImageOfPage":{"@id":"https:\/\/positiveprints.com\/pl\/produkt\/historia-naszej-milosci-obraz-na-plotnie\/#primaryimage"},"image":{"@id":"https:\/\/positiveprints.com\/pl\/produkt\/historia-naszej-milosci-obraz-na-plotnie\/#primaryimage"},"thumbnailUrl":"https:\/\/positiveprints.com\/wp-content\/uploads\/2024\/07\/Historia-Naszej-Milos\u0301ci-Obraz-na-Plo\u0301tnie-.jpg","datePublished":"2024-06-11T18:07:02+00:00","dateModified":"2026-04-28T12:48:29+00:00","description":"Obraz na P\u0142\u00f3tnie Historia Naszej Mi\u0142o\u015bci zawiera trzy mapy, z kt\u00f3rych ka\u017cda podkre\u015bla najwa\u017cniejsze momenty w zwi\u0105zku pary: gdzie si\u0119 poznali, zar\u0119czyli i pobrali.","breadcrumb":{"@id":"https:\/\/positiveprints.com\/pl\/produkt\/historia-naszej-milosci-obraz-na-plotnie\/#breadcrumb"},"inLanguage":"pl-PL","potentialAction":[{"@type":"ReadAction","target":["https:\/\/positiveprints.com\/pl\/produkt\/historia-naszej-milosci-obraz-na-plotnie\/"]}]},{"@type":"ImageObject","inLanguage":"pl-PL","@id":"https:\/\/positiveprints.com\/pl\/produkt\/historia-naszej-milosci-obraz-na-plotnie\/#primaryimage","url":"https:\/\/positiveprints.com\/wp-content\/uploads\/2024\/07\/Historia-Naszej-Milos\u0301ci-Obraz-na-Plo\u0301tnie-.jpg","contentUrl":"https:\/\/positiveprints.com\/wp-content\/uploads\/2024\/07\/Historia-Naszej-Milos\u0301ci-Obraz-na-Plo\u0301tnie-.jpg","width":1080,"height":1080},{"@type":"BreadcrumbList","@id":"https:\/\/positiveprints.com\/pl\/produkt\/historia-naszej-milosci-obraz-na-plotnie\/#breadcrumb","itemListElement":[{"@type":"ListItem","position":1,"name":"Home","item":"https:\/\/positiveprints.com\/pl\/"},{"@type":"ListItem","position":2,"name":"Produkty","item":"https:\/\/positiveprints.com\/pl\/shop\/"},{"@type":"ListItem","position":3,"name":"Historia Naszej Mi\u0142o\u015bci &#8211; Obraz na P\u0142\u00f3tnie"}]},{"@type":"WebSite","@id":"https:\/\/positiveprints.com\/pl\/#website","url":"https:\/\/positiveprints.com\/pl\/","name":"Positive Prints","description":"Amazing Custom Personalized Gifts","publisher":{"@id":"https:\/\/positiveprints.com\/pl\/#organization"},"potentialAction":[{"@type":"SearchAction","target":{"@type":"EntryPoint","urlTemplate":"https:\/\/positiveprints.com\/pl\/?s={search_term_string}"},"query-input":{"@type":"PropertyValueSpecification","valueRequired":true,"valueName":"search_term_string"}}],"inLanguage":"pl-PL"},{"@type":"Organization","@id":"https:\/\/positiveprints.com\/pl\/#organization","name":"Positive Prints","alternateName":"Positive Prints","url":"https:\/\/positiveprints.com\/pl\/","logo":{"@type":"ImageObject","inLanguage":"pl-PL","@id":"https:\/\/positiveprints.com\/pl\/#\/schema\/logo\/image\/","url":"https:\/\/positiveprints.com\/wp-content\/uploads\/2026\/03\/245815646_1337939713319158_5671353136411139666_n.png","contentUrl":"https:\/\/positiveprints.com\/wp-content\/uploads\/2026\/03\/245815646_1337939713319158_5671353136411139666_n.png","width":800,"height":800,"caption":"Positive Prints"},"image":{"@id":"https:\/\/positiveprints.com\/pl\/#\/schema\/logo\/image\/"},"sameAs":["https:\/\/www.facebook.com\/positiveprintscom","https:\/\/www.instagram.com\/positiveprintscom\/","https:\/\/www.tiktok.com\/@positiveprintscom","https:\/\/www.pinterest.com\/positiveprintscom\/"]}]}},"jetpack_sharing_enabled":true,"_links":{"self":[{"href":"https:\/\/positiveprints.com\/pl\/wp-json\/wp\/v2\/product\/1134523","targetHints":{"allow":["GET"]}}],"collection":[{"href":"https:\/\/positiveprints.com\/pl\/wp-json\/wp\/v2\/product"}],"about":[{"href":"https:\/\/positiveprints.com\/pl\/wp-json\/wp\/v2\/types\/product"}],"wp:featuredmedia":[{"embeddable":true,"href":"https:\/\/positiveprints.com\/pl\/wp-json\/wp\/v2\/media\/1161085"}],"wp:attachment":[{"href":"https:\/\/positiveprints.com\/pl\/wp-json\/wp\/v2\/media?parent=1134523"}],"wp:term":[{"taxonomy":"product_brand","embeddable":true,"href":"https:\/\/positiveprints.com\/pl\/wp-json\/wp\/v2\/product_brand?post=1134523"},{"taxonomy":"product_cat","embeddable":true,"href":"https:\/\/positiveprints.com\/pl\/wp-json\/wp\/v2\/product_cat?post=1134523"},{"taxonomy":"product_tag","embeddable":true,"href":"https:\/\/positiveprints.com\/pl\/wp-json\/wp\/v2\/product_tag?post=1134523"}],"curies":[{"name":"wp","href":"https:\/\/api.w.org\/{rel}","templated":true}]}}