{"id":1134396,"date":"2024-06-11T18:38:44","date_gmt":"2024-06-11T17:38:44","guid":{"rendered":"https:\/\/positiveprints.com\/?post_type=product&#038;p=1134396"},"modified":"2026-04-07T13:32:20","modified_gmt":"2026-04-07T12:32:20","slug":"nasz-slub-obraz-na-plotnie","status":"publish","type":"product","link":"https:\/\/positiveprints.com\/pl\/produkt\/nasz-slub-obraz-na-plotnie\/","title":{"rendered":"Nasz \u015alub &#8211; Obraz na P\u0142\u00f3tnie"},"content":{"rendered":"<p>Szukasz wyj\u0105tkowego i wzruszaj\u0105cego prezentu dla nowo\u017ce\u0144c\u00f3w? Nasz Obraz na P\u0142\u00f3tnie Nasz \u015alub to idealny wyb\u00f3r. Podkre\u015bl wyj\u0105tkowe miejsce, w kt\u00f3rym para powiedzia\u0142a sobie &#8221; TAK&#8221; za pomoc\u0105 pi\u0119knej, personalizowanej mapy.<\/p>\r\n\r\n<h2>Stw\u00f3rz sw\u00f3j Obraz na P\u0142\u00f3tnie Nasz \u015alub<\/h2>\r\n\r\n<p>Dzi\u0119ki naszemu Obrazowi na P\u0142\u00f3tnie Nasz \u015alub mo\u017cesz stworzy\u0107 naprawd\u0119 jedyne w swoim rodzaju pami\u0105tkowe dzie\u0142o. Wejd\u017a do naszego prostego edytora online, aby rozpocz\u0105\u0107. Wybierz kszta\u0142t i kolory mapy &#8211; skorzystaj z naszych gotowych wzorc\u00f3w kolorystycznych lub dopasuj kolory samodzielnie. Nast\u0119pnie wprowad\u017a miejsce, w kt\u00f3rym odby\u0142 si\u0119 \u015blub. Mo\u017cesz powi\u0119ksza\u0107 i pomniejsza\u0107 map\u0119, aby wygl\u0105da\u0142a dok\u0142adnie tak, jak chcesz. Dodaj znacznik w kszta\u0142cie serca, aby wskaza\u0107 dok\u0142adne miejsce i umie\u015b\u0107 poni\u017cej osobist\u0105 wiadomo\u015b\u0107, na przyk\u0142ad &#8220;Tutaj powiedzieli\u015bmy sobie Tak&#8221;.<\/p>\r\n\r\n<h2>Doskona\u0142y prezent na specjalne okazje<\/h2>\r\n\r\n<p>Nasz Obraz na P\u0142\u00f3tnie Nasz \u015alub to idealny prezent dla przyjaci\u00f3\u0142, kt\u00f3rzy wzi\u0119li \u015blub. Wyobra\u017a sobie rado\u015b\u0107, gdy szcz\u0119\u015bliwa para otrzyma personalizowany obraz, kt\u00f3ry uchwyci wyj\u0105tkowe miejsce, w kt\u00f3rym zawarli w\u0119ze\u0142 ma\u0142\u017ce\u0144ski.<\/p>\r\n\r\n<h2>Dlaczego warto wybra\u0107 nasz Obraz na P\u0142\u00f3tnie Nasz \u015alub?<\/h2>\r\n\r\n<p>Wyb\u00f3r odpowiedniego rozmiaru jest \u0142atwy dzi\u0119ki naszym r\u00f3\u017cnorodnym opcjom obraz\u00f3w na p\u0142\u00f3tnie, dzi\u0119ki czemu mapa b\u0119dzie wygl\u0105da\u0107 niesamowicie na ka\u017cdej \u015bcianie. Zamawianie jest proste &#8211; wystarczy odwiedzi\u0107 nasz\u0105 stron\u0119 internetow\u0105, wprowadzi\u0107 lokalizacj\u0119, spersonalizowa\u0107 map\u0119, doda\u0107 indywidualn\u0105 wiadomo\u015b\u0107, wybra\u0107 rozmiar p\u0142\u00f3tna i z\u0142o\u017cy\u0107 zam\u00f3wienie. My zajmiemy si\u0119 reszt\u0105, zapewniaj\u0105c, \u017ce p\u0142\u00f3tno zostanie wykonane i dostarczone z nale\u017cyt\u0105 staranno\u015bci\u0105.<\/p>\r\n\r\n<p>Podaruj prezent, kt\u00f3ry b\u0119dzie ceniony na zawsze. Obraz na P\u0142\u00f3tnie Nasz \u015alub to trwa\u0142y ho\u0142d dla wyj\u0105tkowego miejsca, w kt\u00f3rym odby\u0142 si\u0119 \u015blub, co czyni go kreatywnym i warto\u015bciowym prezentem dla ka\u017cdej m\u0142odej pary.<\/p>","protected":false},"excerpt":{"rendered":"<ul class=\"check-list\">\n<li>Upami\u0119tnij ten wyj\u0105tkowy dzie\u0144, tworz\u0105c personalizowany obraz na p\u0142\u00f3tnie przedstawiaj\u0105cy miejsce \u015blubu<\/li>\n<li>Oznacz wyj\u0105tkowe miejsce wybranym symbolem<\/li>\n<li>Spersonalizuj w 3 prostych krokach<\/li>\n<li>Dodaj dedykacj\u0119 prosto z serca<\/li>\n<li>Interaktywny podgl\u0105d pozwoli dopracowa\u0107 ka\u017cdy szczeg\u00f3\u0142<\/li>\n<\/ul>\n","protected":false},"featured_media":1696688,"template":"","meta":[],"product_brand":[],"product_cat":[11145,7929,99],"product_tag":[16227,16245],"class_list":{"0":"post-1134396","1":"product","2":"type-product","3":"status-publish","4":"has-post-thumbnail","6":"product_cat-na-plotnie","7":"product_cat-prezent-na-wieczor-panienski","8":"product_cat-wszystkie-produkty","9":"product_tag-plotno","10":"product_tag-spersonalizowane-plotna","12":"first","13":"instock","14":"sale","15":"taxable","16":"shipping-taxable","17":"purchasable","18":"product-type-variable"},"yoast_head":"<!-- This site is optimized with the Yoast SEO Premium plugin v27.2 (Yoast SEO v27.2) - https:\/\/yoast.com\/product\/yoast-seo-premium-wordpress\/ -->\n<title>Nasz \u015alub Obraz na P\u0142\u00f3tnie - Positive Prints<\/title>\n<meta name=\"description\" content=\"Szukasz wyj\u0105tkowego prezentu dla nowo\u017ce\u0144c\u00f3w? Podkre\u015bl wyj\u0105tkowe miejsce, w kt\u00f3rym para powiedzia\u0142a sobie TAK za pomoc\u0105 pi\u0119knego, personalizowanego Obrazu na P\u0142\u00f3tnie Nasz \u015alub.\" \/>\n<meta name=\"robots\" content=\"index, follow, max-snippet:-1, max-image-preview:large, max-video-preview:-1\" \/>\n<link rel=\"canonical\" href=\"https:\/\/positiveprints.com\/pl\/produkt\/nasz-slub-obraz-na-plotnie\/\" \/>\n<meta property=\"og:locale\" content=\"pl_PL\" \/>\n<meta property=\"og:type\" content=\"article\" \/>\n<meta property=\"og:title\" content=\"Nasz \u015alub - Obraz na P\u0142\u00f3tnie\" \/>\n<meta property=\"og:description\" content=\"Upami\u0119tnij ten wyj\u0105tkowy dzie\u0144, tworz\u0105c personalizowany obraz na p\u0142\u00f3tnie przedstawiaj\u0105cy miejsce \u015blubu Oznacz wyj\u0105tkowe miejsce wybranym symbolem Spersonalizuj w 3 prostych krokach Dodaj dedykacj\u0119 prosto z serca Interaktywny podgl\u0105d pozwoli dopracowa\u0107 ka\u017cdy szczeg\u00f3\u0142\" \/>\n<meta property=\"og:url\" content=\"https:\/\/positiveprints.com\/pl\/produkt\/nasz-slub-obraz-na-plotnie\/\" \/>\n<meta property=\"og:site_name\" content=\"Positive Prints\" \/>\n<meta property=\"article:publisher\" content=\"https:\/\/www.facebook.com\/positiveprintscom\" \/>\n<meta property=\"article:modified_time\" content=\"2026-04-07T12:32:20+00:00\" \/>\n<meta property=\"og:image\" content=\"https:\/\/positiveprints.com\/wp-content\/uploads\/2026\/04\/Packshot_PL_XX-mapa-z-dnia-slubu-canvas.webp\" \/>\n\t<meta property=\"og:image:width\" content=\"1450\" \/>\n\t<meta property=\"og:image:height\" content=\"1450\" \/>\n\t<meta property=\"og:image:type\" content=\"image\/webp\" \/>\n<meta name=\"twitter:card\" content=\"summary_large_image\" \/>\n<meta name=\"twitter:label1\" content=\"Szacowany czas czytania\" \/>\n\t<meta name=\"twitter:data1\" content=\"2 minuty\" \/>\n<!-- \/ Yoast SEO Premium plugin. -->","yoast_head_json":{"title":"Nasz \u015alub Obraz na P\u0142\u00f3tnie - Positive Prints","description":"Szukasz wyj\u0105tkowego prezentu dla nowo\u017ce\u0144c\u00f3w? Podkre\u015bl wyj\u0105tkowe miejsce, w kt\u00f3rym para powiedzia\u0142a sobie TAK za pomoc\u0105 pi\u0119knego, personalizowanego Obrazu na P\u0142\u00f3tnie Nasz \u015alub.","robots":{"index":"index","follow":"follow","max-snippet":"max-snippet:-1","max-image-preview":"max-image-preview:large","max-video-preview":"max-video-preview:-1"},"canonical":"https:\/\/positiveprints.com\/pl\/produkt\/nasz-slub-obraz-na-plotnie\/","og_locale":"pl_PL","og_type":"article","og_title":"Nasz \u015alub - Obraz na P\u0142\u00f3tnie","og_description":"Upami\u0119tnij ten wyj\u0105tkowy dzie\u0144, tworz\u0105c personalizowany obraz na p\u0142\u00f3tnie przedstawiaj\u0105cy miejsce \u015blubu Oznacz wyj\u0105tkowe miejsce wybranym symbolem Spersonalizuj w 3 prostych krokach Dodaj dedykacj\u0119 prosto z serca Interaktywny podgl\u0105d pozwoli dopracowa\u0107 ka\u017cdy szczeg\u00f3\u0142","og_url":"https:\/\/positiveprints.com\/pl\/produkt\/nasz-slub-obraz-na-plotnie\/","og_site_name":"Positive Prints","article_publisher":"https:\/\/www.facebook.com\/positiveprintscom","article_modified_time":"2026-04-07T12:32:20+00:00","og_image":[{"width":1450,"height":1450,"url":"https:\/\/positiveprints.com\/wp-content\/uploads\/2026\/04\/Packshot_PL_XX-mapa-z-dnia-slubu-canvas.webp","type":"image\/webp"}],"twitter_card":"summary_large_image","twitter_misc":{"Szacowany czas czytania":"2 minuty"},"schema":{"@context":"https:\/\/schema.org","@graph":[{"@type":["WebPage","ItemPage"],"@id":"https:\/\/positiveprints.com\/pl\/produkt\/nasz-slub-obraz-na-plotnie\/","url":"https:\/\/positiveprints.com\/pl\/produkt\/nasz-slub-obraz-na-plotnie\/","name":"Nasz \u015alub Obraz na P\u0142\u00f3tnie - Positive Prints","isPartOf":{"@id":"https:\/\/positiveprints.com\/pl\/#website"},"primaryImageOfPage":{"@id":"https:\/\/positiveprints.com\/pl\/produkt\/nasz-slub-obraz-na-plotnie\/#primaryimage"},"image":{"@id":"https:\/\/positiveprints.com\/pl\/produkt\/nasz-slub-obraz-na-plotnie\/#primaryimage"},"thumbnailUrl":"https:\/\/positiveprints.com\/wp-content\/uploads\/2026\/04\/Packshot_PL_XX-mapa-z-dnia-slubu-canvas.webp","datePublished":"2024-06-11T17:38:44+00:00","dateModified":"2026-04-07T12:32:20+00:00","description":"Szukasz wyj\u0105tkowego prezentu dla nowo\u017ce\u0144c\u00f3w? Podkre\u015bl wyj\u0105tkowe miejsce, w kt\u00f3rym para powiedzia\u0142a sobie TAK za pomoc\u0105 pi\u0119knego, personalizowanego Obrazu na P\u0142\u00f3tnie Nasz \u015alub.","breadcrumb":{"@id":"https:\/\/positiveprints.com\/pl\/produkt\/nasz-slub-obraz-na-plotnie\/#breadcrumb"},"inLanguage":"pl-PL","potentialAction":[{"@type":"ReadAction","target":["https:\/\/positiveprints.com\/pl\/produkt\/nasz-slub-obraz-na-plotnie\/"]}]},{"@type":"ImageObject","inLanguage":"pl-PL","@id":"https:\/\/positiveprints.com\/pl\/produkt\/nasz-slub-obraz-na-plotnie\/#primaryimage","url":"https:\/\/positiveprints.com\/wp-content\/uploads\/2026\/04\/Packshot_PL_XX-mapa-z-dnia-slubu-canvas.webp","contentUrl":"https:\/\/positiveprints.com\/wp-content\/uploads\/2026\/04\/Packshot_PL_XX-mapa-z-dnia-slubu-canvas.webp","width":1450,"height":1450},{"@type":"BreadcrumbList","@id":"https:\/\/positiveprints.com\/pl\/produkt\/nasz-slub-obraz-na-plotnie\/#breadcrumb","itemListElement":[{"@type":"ListItem","position":1,"name":"Home","item":"https:\/\/positiveprints.com\/pl\/"},{"@type":"ListItem","position":2,"name":"Produkty","item":"https:\/\/positiveprints.com\/pl\/shop\/"},{"@type":"ListItem","position":3,"name":"Nasz \u015alub &#8211; Obraz na P\u0142\u00f3tnie"}]},{"@type":"WebSite","@id":"https:\/\/positiveprints.com\/pl\/#website","url":"https:\/\/positiveprints.com\/pl\/","name":"Positive Prints","description":"Amazing Custom Personalized Gifts","publisher":{"@id":"https:\/\/positiveprints.com\/pl\/#organization"},"potentialAction":[{"@type":"SearchAction","target":{"@type":"EntryPoint","urlTemplate":"https:\/\/positiveprints.com\/pl\/?s={search_term_string}"},"query-input":{"@type":"PropertyValueSpecification","valueRequired":true,"valueName":"search_term_string"}}],"inLanguage":"pl-PL"},{"@type":"Organization","@id":"https:\/\/positiveprints.com\/pl\/#organization","name":"Positive Prints","alternateName":"Positive Prints","url":"https:\/\/positiveprints.com\/pl\/","logo":{"@type":"ImageObject","inLanguage":"pl-PL","@id":"https:\/\/positiveprints.com\/pl\/#\/schema\/logo\/image\/","url":"https:\/\/positiveprints.com\/wp-content\/uploads\/2026\/03\/245815646_1337939713319158_5671353136411139666_n.png","contentUrl":"https:\/\/positiveprints.com\/wp-content\/uploads\/2026\/03\/245815646_1337939713319158_5671353136411139666_n.png","width":800,"height":800,"caption":"Positive Prints"},"image":{"@id":"https:\/\/positiveprints.com\/pl\/#\/schema\/logo\/image\/"},"sameAs":["https:\/\/www.facebook.com\/positiveprintscom","https:\/\/www.instagram.com\/positiveprintscom\/","https:\/\/www.tiktok.com\/@positiveprintscom","https:\/\/www.pinterest.com\/positiveprintscom\/"]}]}},"jetpack_sharing_enabled":true,"_links":{"self":[{"href":"https:\/\/positiveprints.com\/pl\/wp-json\/wp\/v2\/product\/1134396","targetHints":{"allow":["GET"]}}],"collection":[{"href":"https:\/\/positiveprints.com\/pl\/wp-json\/wp\/v2\/product"}],"about":[{"href":"https:\/\/positiveprints.com\/pl\/wp-json\/wp\/v2\/types\/product"}],"wp:featuredmedia":[{"embeddable":true,"href":"https:\/\/positiveprints.com\/pl\/wp-json\/wp\/v2\/media\/1696688"}],"wp:attachment":[{"href":"https:\/\/positiveprints.com\/pl\/wp-json\/wp\/v2\/media?parent=1134396"}],"wp:term":[{"taxonomy":"product_brand","embeddable":true,"href":"https:\/\/positiveprints.com\/pl\/wp-json\/wp\/v2\/product_brand?post=1134396"},{"taxonomy":"product_cat","embeddable":true,"href":"https:\/\/positiveprints.com\/pl\/wp-json\/wp\/v2\/product_cat?post=1134396"},{"taxonomy":"product_tag","embeddable":true,"href":"https:\/\/positiveprints.com\/pl\/wp-json\/wp\/v2\/product_tag?post=1134396"}],"curies":[{"name":"wp","href":"https:\/\/api.w.org\/{rel}","templated":true}]}}