{"id":1133814,"date":"2024-06-10T12:37:39","date_gmt":"2024-06-10T11:37:39","guid":{"rendered":"https:\/\/positiveprints.com\/?post_type=product&#038;p=1133814"},"modified":"2026-04-23T11:01:47","modified_gmt":"2026-04-23T10:01:47","slug":"bizuteria-z-rysunkiem-dzieciecym","status":"publish","type":"product","link":"https:\/\/positiveprints.com\/pl\/produkt\/bizuteria-z-rysunkiem-dzieciecym\/","title":{"rendered":"Bi\u017cuteria z Rysunkiem Dzieci\u0119cym"},"content":{"rendered":"<p>Szukasz wyj\u0105tkowego i wzruszaj\u0105cego prezentu? Nasza personalizowana Bi\u017cuteria z Rysunkiem Dzieci\u0119cym to idealny wyb\u00f3r. Przekszta\u0142\u0107 ulubione prace swojego dziecka w osza\u0142amiaj\u0105cy wisiorek z personalizowanym grawerem.<\/p>\n\n\n\n<h2>Stw\u00f3rz w\u0142asn\u0105 Bi\u017cuteri\u0119 z Rysunkiem Dzieci\u0119cym<\/h2>\n\n\n\n<p>Dzi\u0119ki naszej personalizowanej Bi\u017cuterii z Rysunkiem Dzieci\u0119cym, ka\u017cdy wisiorek jest naprawd\u0119 jedyny w swoim rodzaju. Przekszta\u0142camy wspomnienie z wczesnego \u017cycia dziecka w pi\u0119kne minimalistyczne ilustracje. Nasi utalentowani arty\u015bci r\u0119cznie rysuj\u0105 ka\u017cdy projekt na podstawie zdj\u0119cia rysunku, dzi\u0119ki czemu ka\u017cdy wisiorek jest wyj\u0105tkowy.<\/p>\n\n\n\n<p>Za pomoc\u0105 naszego \u0142atwego w obs\u0142udze kreatora online, mo\u017cesz \u0142atwo przes\u0142a\u0107 zdj\u0119cie rysunku swojego dziecka i doda\u0107 personalizowan\u0105 wiadomo\u015b\u0107. Ka\u017cdy wisiorek, niezale\u017cnie od tego, czy jest to sama zawieszka, czy po\u0142\u0105czona z \u0142a\u0144cuszkiem o d\u0142ugo\u015bci 45 cm, podlega precyzyjnemu grawerowaniu laserowemu, co zapewnia doskona\u0142e detale i trwa\u0142o\u015b\u0107.<\/p>\n\n\n\n<h2>Idealny prezent dla Mamy<\/h2>\n\n\n\n<p>Nasza personalizowana Bi\u017cuteria z Rysunkiem Dzieci\u0119cym jest idealnym prezentem na urodziny lub Dzie\u0144 Matki. Wyobra\u017a sobie rado\u015b\u0107, gdy mama otrzymuje personalizowany wisiorek, kt\u00f3ry w pi\u0119kny, artystyczny spos\u00f3b przedstawia dzie\u0142o jej dziecka.<\/p>\n\n\n\n<h2>Dlaczego warto wybra\u0107 nasz\u0105 personalizowan\u0105 Bi\u017cuteri\u0119 z Rysunkiem Dzieci\u0119cym?<\/h2>\n\n\n\n<p><p>Zamawianie jest proste. Wystarczy odwiedzi\u0107 nasz\u0105 stron\u0119 internetow\u0105, przes\u0142a\u0107 zdj\u0119cie rysunku, doda\u0107 personalizowan\u0105 wiadomo\u015b\u0107, wybra\u0107 materia\u0142 i z\u0142o\u017cy\u0107 zam\u00f3wienie. My zajmiemy si\u0119 reszt\u0105, dbaj\u0105c o to, aby Tw\u00f3j wisiorek by\u0142 starannie wygrawerowany i zapakowany.<\/p><\/p>\n\n\n\n<p>Podaruj prezent, kt\u00f3ry b\u0119dzie ceniony na zawsze. Pozw\u00f3l, aby personalizowana Bi\u017cuteria z Rysunkiem Dzieci\u0119cym s\u0142u\u017cy\u0142a jako d\u0142ugotrwa\u0142y upominek dla najbardziej cennych chwil i celebrowa\u0142a wyj\u0105tkow\u0105 wi\u0119\u017a mi\u0119dzy mam\u0105 a dzieckiem w kreatywny i warto\u015bciowy spos\u00f3b.<\/p>","protected":false},"excerpt":{"rendered":"<ul class=\"check-list\">\n<li>Podaruj sobie lub bliskim bi\u017cuteri\u0119 z grawerem na podstawie rysunku dziecka<\/li>\n<li>Nasza bi\u017cuteria jest grawerowana laserowo i polerowana r\u0119cznie. Grawer wykonujemy na najwy\u017cszej jako\u015bci srebrze<\/li>\n<li>Dodaj dedykacj\u0119 prosto z serca<\/li>\n<li>Zaprojektuj w 2 minuty<\/li>\n<li>Podgl\u0105d projektu na ka\u017cdym etapie pozwoli Ci dopracowa\u0107 ka\u017cdy detal<\/li>\n<\/ul>\n","protected":false},"featured_media":1532160,"template":"","meta":[],"product_brand":[],"product_cat":[11408,7723,7690,7706,11414,7328,9255,12256,12184,5271,99],"product_tag":[13392,12618,13393,12619,8407,13394,13395,13360,11819],"class_list":{"0":"post-1133814","1":"product","2":"type-product","3":"status-publish","4":"has-post-thumbnail","6":"product_cat-prezenty-pod-choinke-dla-babci","7":"product_cat-prezent-dla-babci","8":"product_cat-prezent-dla-kobiety","9":"product_cat-prezent-dla-mamy","10":"product_cat-prezenty-pod-choinke-dla-mamy","11":"product_cat-prezenty-na-dzien-matki","12":"product_cat-jewelry-pl","13":"product_cat-jewelry-basic-pl","14":"product_cat-line-art-jewelry-pl","15":"product_cat-prezent-na-boze-narodzenie","16":"product_cat-wszystkie-produkty","17":"product_tag-mam-pl","18":"product_tag-mama-pl","19":"product_tag-mammy-pl","20":"product_tag-mamusia","21":"product_tag-mother-pl","22":"product_tag-mum-pl","23":"product_tag-mummy-pl","24":"product_tag-prezent-swiateczny-dla-babci","25":"product_tag-prezenty-pod-choinke-dla-mamy","27":"first","28":"instock","29":"sale","30":"taxable","31":"shipping-taxable","32":"purchasable","33":"product-type-variable"},"yoast_head":"<!-- This site is optimized with the Yoast SEO Premium plugin v27.2 (Yoast SEO v27.2) - https:\/\/yoast.com\/product\/yoast-seo-premium-wordpress\/ -->\n<title>Bi\u017cuteria z Rysunkiem Dzieci\u0119cym - Positive Prints<\/title>\n<meta name=\"description\" content=\"Szukasz wyj\u0105tkowego i wzruszaj\u0105cego prezentu? Przekszta\u0142\u0107 ulubione prace swojego dziecka w osza\u0142amiaj\u0105c\u0105 bi\u017cuteri\u0119. Stw\u00f3rz w\u0142asn\u0105 Bi\u017cuteri\u0119 z Rysunkiem Dzieci\u0119cym.\" \/>\n<meta name=\"robots\" content=\"index, follow, max-snippet:-1, max-image-preview:large, max-video-preview:-1\" \/>\n<link rel=\"canonical\" href=\"https:\/\/positiveprints.com\/pl\/produkt\/bizuteria-z-rysunkiem-dzieciecym\/\" \/>\n<meta property=\"og:locale\" content=\"pl_PL\" \/>\n<meta property=\"og:type\" content=\"article\" \/>\n<meta property=\"og:title\" content=\"Bi\u017cuteria z Rysunkiem Dzieci\u0119cym\" \/>\n<meta property=\"og:description\" content=\"Podaruj sobie lub bliskim bi\u017cuteri\u0119 z grawerem na podstawie rysunku dziecka Nasza bi\u017cuteria jest grawerowana laserowo i polerowana r\u0119cznie. Grawer wykonujemy na najwy\u017cszej jako\u015bci srebrze Dodaj dedykacj\u0119 prosto z serca Zaprojektuj w 2 minuty Podgl\u0105d projektu na ka\u017cdym etapie pozwoli Ci dopracowa\u0107 ka\u017cdy detal\" \/>\n<meta property=\"og:url\" content=\"https:\/\/positiveprints.com\/pl\/produkt\/bizuteria-z-rysunkiem-dzieciecym\/\" \/>\n<meta property=\"og:site_name\" content=\"Positive Prints\" \/>\n<meta property=\"article:publisher\" content=\"https:\/\/www.facebook.com\/positiveprintscom\" \/>\n<meta property=\"article:modified_time\" content=\"2026-04-23T10:01:47+00:00\" \/>\n<meta property=\"og:image\" content=\"https:\/\/positiveprints.com\/wp-content\/uploads\/2025\/10\/MAIN_PL_Biz\u0307uteria-z-Rysunkiem-Dziecie\u0328cym.webp\" \/>\n\t<meta property=\"og:image:width\" content=\"2500\" \/>\n\t<meta property=\"og:image:height\" content=\"2500\" \/>\n\t<meta property=\"og:image:type\" content=\"image\/webp\" \/>\n<meta name=\"twitter:card\" content=\"summary_large_image\" \/>\n<!-- \/ Yoast SEO Premium plugin. -->","yoast_head_json":{"title":"Bi\u017cuteria z Rysunkiem Dzieci\u0119cym - Positive Prints","description":"Szukasz wyj\u0105tkowego i wzruszaj\u0105cego prezentu? Przekszta\u0142\u0107 ulubione prace swojego dziecka w osza\u0142amiaj\u0105c\u0105 bi\u017cuteri\u0119. Stw\u00f3rz w\u0142asn\u0105 Bi\u017cuteri\u0119 z Rysunkiem Dzieci\u0119cym.","robots":{"index":"index","follow":"follow","max-snippet":"max-snippet:-1","max-image-preview":"max-image-preview:large","max-video-preview":"max-video-preview:-1"},"canonical":"https:\/\/positiveprints.com\/pl\/produkt\/bizuteria-z-rysunkiem-dzieciecym\/","og_locale":"pl_PL","og_type":"article","og_title":"Bi\u017cuteria z Rysunkiem Dzieci\u0119cym","og_description":"Podaruj sobie lub bliskim bi\u017cuteri\u0119 z grawerem na podstawie rysunku dziecka Nasza bi\u017cuteria jest grawerowana laserowo i polerowana r\u0119cznie. Grawer wykonujemy na najwy\u017cszej jako\u015bci srebrze Dodaj dedykacj\u0119 prosto z serca Zaprojektuj w 2 minuty Podgl\u0105d projektu na ka\u017cdym etapie pozwoli Ci dopracowa\u0107 ka\u017cdy detal","og_url":"https:\/\/positiveprints.com\/pl\/produkt\/bizuteria-z-rysunkiem-dzieciecym\/","og_site_name":"Positive Prints","article_publisher":"https:\/\/www.facebook.com\/positiveprintscom","article_modified_time":"2026-04-23T10:01:47+00:00","og_image":[{"width":2500,"height":2500,"url":"https:\/\/positiveprints.com\/wp-content\/uploads\/2025\/10\/MAIN_PL_Biz\u0307uteria-z-Rysunkiem-Dziecie\u0328cym.webp","type":"image\/webp"}],"twitter_card":"summary_large_image","schema":{"@context":"https:\/\/schema.org","@graph":[{"@type":["WebPage","ItemPage"],"@id":"https:\/\/positiveprints.com\/pl\/produkt\/bizuteria-z-rysunkiem-dzieciecym\/","url":"https:\/\/positiveprints.com\/pl\/produkt\/bizuteria-z-rysunkiem-dzieciecym\/","name":"Bi\u017cuteria z Rysunkiem Dzieci\u0119cym - Positive Prints","isPartOf":{"@id":"https:\/\/positiveprints.com\/pl\/#website"},"primaryImageOfPage":{"@id":"https:\/\/positiveprints.com\/pl\/produkt\/bizuteria-z-rysunkiem-dzieciecym\/#primaryimage"},"image":{"@id":"https:\/\/positiveprints.com\/pl\/produkt\/bizuteria-z-rysunkiem-dzieciecym\/#primaryimage"},"thumbnailUrl":"https:\/\/positiveprints.com\/wp-content\/uploads\/2025\/10\/MAIN_PL_Biz\u0307uteria-z-Rysunkiem-Dziecie\u0328cym.webp","datePublished":"2024-06-10T11:37:39+00:00","dateModified":"2026-04-23T10:01:47+00:00","description":"Szukasz wyj\u0105tkowego i wzruszaj\u0105cego prezentu? Przekszta\u0142\u0107 ulubione prace swojego dziecka w osza\u0142amiaj\u0105c\u0105 bi\u017cuteri\u0119. Stw\u00f3rz w\u0142asn\u0105 Bi\u017cuteri\u0119 z Rysunkiem Dzieci\u0119cym.","breadcrumb":{"@id":"https:\/\/positiveprints.com\/pl\/produkt\/bizuteria-z-rysunkiem-dzieciecym\/#breadcrumb"},"inLanguage":"pl-PL","potentialAction":[{"@type":"ReadAction","target":["https:\/\/positiveprints.com\/pl\/produkt\/bizuteria-z-rysunkiem-dzieciecym\/"]}]},{"@type":"ImageObject","inLanguage":"pl-PL","@id":"https:\/\/positiveprints.com\/pl\/produkt\/bizuteria-z-rysunkiem-dzieciecym\/#primaryimage","url":"https:\/\/positiveprints.com\/wp-content\/uploads\/2025\/10\/MAIN_PL_Biz\u0307uteria-z-Rysunkiem-Dziecie\u0328cym.webp","contentUrl":"https:\/\/positiveprints.com\/wp-content\/uploads\/2025\/10\/MAIN_PL_Biz\u0307uteria-z-Rysunkiem-Dziecie\u0328cym.webp","width":2500,"height":2500},{"@type":"BreadcrumbList","@id":"https:\/\/positiveprints.com\/pl\/produkt\/bizuteria-z-rysunkiem-dzieciecym\/#breadcrumb","itemListElement":[{"@type":"ListItem","position":1,"name":"Home","item":"https:\/\/positiveprints.com\/pl\/"},{"@type":"ListItem","position":2,"name":"Produkty","item":"https:\/\/positiveprints.com\/pl\/shop\/"},{"@type":"ListItem","position":3,"name":"Bi\u017cuteria z Rysunkiem Dzieci\u0119cym"}]},{"@type":"WebSite","@id":"https:\/\/positiveprints.com\/pl\/#website","url":"https:\/\/positiveprints.com\/pl\/","name":"Positive Prints","description":"Amazing Custom Personalized Gifts","publisher":{"@id":"https:\/\/positiveprints.com\/pl\/#organization"},"potentialAction":[{"@type":"SearchAction","target":{"@type":"EntryPoint","urlTemplate":"https:\/\/positiveprints.com\/pl\/?s={search_term_string}"},"query-input":{"@type":"PropertyValueSpecification","valueRequired":true,"valueName":"search_term_string"}}],"inLanguage":"pl-PL"},{"@type":"Organization","@id":"https:\/\/positiveprints.com\/pl\/#organization","name":"Positive Prints","alternateName":"Positive Prints","url":"https:\/\/positiveprints.com\/pl\/","logo":{"@type":"ImageObject","inLanguage":"pl-PL","@id":"https:\/\/positiveprints.com\/pl\/#\/schema\/logo\/image\/","url":"https:\/\/positiveprints.com\/wp-content\/uploads\/2026\/03\/245815646_1337939713319158_5671353136411139666_n.png","contentUrl":"https:\/\/positiveprints.com\/wp-content\/uploads\/2026\/03\/245815646_1337939713319158_5671353136411139666_n.png","width":800,"height":800,"caption":"Positive Prints"},"image":{"@id":"https:\/\/positiveprints.com\/pl\/#\/schema\/logo\/image\/"},"sameAs":["https:\/\/www.facebook.com\/positiveprintscom","https:\/\/www.instagram.com\/positiveprintscom\/","https:\/\/www.tiktok.com\/@positiveprintscom","https:\/\/www.pinterest.com\/positiveprintscom\/"]}]}},"jetpack_sharing_enabled":true,"_links":{"self":[{"href":"https:\/\/positiveprints.com\/pl\/wp-json\/wp\/v2\/product\/1133814","targetHints":{"allow":["GET"]}}],"collection":[{"href":"https:\/\/positiveprints.com\/pl\/wp-json\/wp\/v2\/product"}],"about":[{"href":"https:\/\/positiveprints.com\/pl\/wp-json\/wp\/v2\/types\/product"}],"wp:featuredmedia":[{"embeddable":true,"href":"https:\/\/positiveprints.com\/pl\/wp-json\/wp\/v2\/media\/1532160"}],"wp:attachment":[{"href":"https:\/\/positiveprints.com\/pl\/wp-json\/wp\/v2\/media?parent=1133814"}],"wp:term":[{"taxonomy":"product_brand","embeddable":true,"href":"https:\/\/positiveprints.com\/pl\/wp-json\/wp\/v2\/product_brand?post=1133814"},{"taxonomy":"product_cat","embeddable":true,"href":"https:\/\/positiveprints.com\/pl\/wp-json\/wp\/v2\/product_cat?post=1133814"},{"taxonomy":"product_tag","embeddable":true,"href":"https:\/\/positiveprints.com\/pl\/wp-json\/wp\/v2\/product_tag?post=1133814"}],"curies":[{"name":"wp","href":"https:\/\/api.w.org\/{rel}","templated":true}]}}