{"id":1131867,"date":"2024-05-27T08:34:35","date_gmt":"2024-05-27T07:34:35","guid":{"rendered":"https:\/\/positiveprints.com\/?post_type=product&#038;p=1131867"},"modified":"2026-04-03T02:51:53","modified_gmt":"2026-04-03T01:51:53","slug":"bizuteria-line-art-na-zareczyny","status":"publish","type":"product","link":"https:\/\/positiveprints.com\/pl\/produkt\/bizuteria-line-art-na-zareczyny\/","title":{"rendered":"Bi\u017cuteria Line Art na Zar\u0119czyny"},"content":{"rendered":"<p>Szukasz unikalnego i wyj\u0105tkowego prezentu na zar\u0119czyny? Nasza Bi\u017cuteria Line Art na Zar\u0119czyny to idealny wyb\u00f3r. Przekszta\u0142\u0107 swoje cenne wspomnienia w osza\u0142amiaj\u0105cy wisiorek z r\u0119cznie rysowan\u0105 ilustracj\u0105 na podstawie Twojego zdj\u0119cia.<\/p>\n\n\n\n<h2>Stw\u00f3rz swoj\u0105 Bi\u017cuteri\u0119 Line Art na Zar\u0119czyny<\/h2>\n\n\n\n<p>Dzi\u0119ki naszej Bi\u017cuterii Line Art na Zar\u0119czyny, ka\u017cdy wisiorek jest wyj\u0105tkowy. Nasi utalentowani arty\u015bci r\u0119cznie rysuj\u0105 ka\u017cdy projekt na podstawie Twojego zdj\u0119cia, tworz\u0105c pi\u0119kne, minimalistyczne ilustracje. Na odwrocie mo\u017cesz doda\u0107 personalizowan\u0105 wiadomo\u015b\u0107, tak\u0105 jak data zar\u0119czyn lub osobist\u0105 notatk\u0119, na przyk\u0142ad &#8220;Na zawsze Tw\u00f3j.&#8221;<\/p>\n\n\n\n<p>Za pomoc\u0105 naszego \u0142atwego w obs\u0142udze kreatora online, mo\u017cesz \u0142atwo przes\u0142a\u0107 swoje zdj\u0119cie i doda\u0107 personalizowan\u0105 wiadomo\u015b\u0107. Ka\u017cdy wisiorek, niezale\u017cnie od tego, czy jest to sama zawieszka, czy po\u0142\u0105czona z \u0142a\u0144cuszkiem o d\u0142ugo\u015bci 45 cm, podlega precyzyjnemu grawerowaniu laserowemu, co zapewnia doskona\u0142e detale i trwa\u0142o\u015b\u0107.<\/p>\n\n\n\n<h2>Idealny prezent na zar\u0119czyny<\/h2>\n\n\n\n<p>Nasza Bi\u017cuteria Line Art na Zar\u0119czyny to idealny prezent na uczczenie Waszych zar\u0119czyn. Wyobra\u017a sobie rado\u015b\u0107, gdy Twoja druga po\u0142\u00f3wka zobaczy personalizowany wisiorek, kt\u00f3ry w pi\u0119kny, artystyczny spos\u00f3b upami\u0119tnia ten szczeg\u00f3lny moment.<\/p>\n\n\n\n<h2>Dlaczego warto wybra\u0107 nasz\u0105 Bi\u017cuteri\u0119 Line Art na Zar\u0119czyny?<\/h2>\n\n\n\n<p>Zamawianie jest proste. Wystarczy odwiedzi\u0107 nasz\u0105 stron\u0119 internetow\u0105, przes\u0142a\u0107 zdj\u0119cie, doda\u0107 personalizowan\u0105 wiadomo\u015b\u0107, wybra\u0107 materia\u0142 i z\u0142o\u017cy\u0107 zam\u00f3wienie. My zajmiemy si\u0119 reszt\u0105, dbaj\u0105c o to, aby Tw\u00f3j wisiorek by\u0142 starannie wygrawerowany i zapakowany.<\/p>\n\n\n\n<p>Podaruj prezent, kt\u00f3ry b\u0119dzie ceniony na zawsze. Niech Bi\u017cuteria Line Art na Zar\u0119czyny b\u0119dzie trwa\u0142ym ho\u0142dem dla Twoich najcenniejszych chwil i celebruje Wasz\u0105 mi\u0142o\u015b\u0107 w kreatywny i wyj\u0105tkowy spos\u00f3b.<\/p>","protected":false},"excerpt":{"rendered":"<ul class=\"check-list\">\n<li>Pozw\u00f3l naszym artystom narysowa\u0107 unikalny Line Art na podstawie Twojego zdj\u0119cia<\/li>\n<li>Nasza bi\u017cuteria jest grawerowana laserowo i polerowana r\u0119cznie. Grawer wykonujemy na najwy\u017cszej jako\u015bci srebrze<\/li>\n<li>Wybierz wzruszaj\u0105cy tekst w zale\u017cno\u015bci od okazji<\/li>\n<li>Zaprojektuj w zaledwie 2 minuty<\/li>\n<li>Podgl\u0105d projektu na ka\u017cdym etapie<\/li>\n<\/ul>\n","protected":false},"featured_media":1529284,"template":"","meta":[],"product_brand":[],"product_cat":[9255,12184,99,5279],"product_tag":[8437],"class_list":{"0":"post-1131867","1":"product","2":"type-product","3":"status-publish","4":"has-post-thumbnail","6":"product_cat-jewelry-pl","7":"product_cat-line-art-jewelry-pl","8":"product_cat-wszystkie-produkty","9":"product_cat-prezent-na-zareczyny","10":"product_tag-zareczyny","12":"first","13":"instock","14":"sale","15":"taxable","16":"shipping-taxable","17":"purchasable","18":"product-type-variable"},"yoast_head":"<!-- This site is optimized with the Yoast SEO Premium plugin v27.2 (Yoast SEO v27.2) - https:\/\/yoast.com\/product\/yoast-seo-premium-wordpress\/ -->\n<title>Bi\u017cuteria Line Art na Zar\u0119czyny - Positive Prints<\/title>\n<meta name=\"description\" content=\"Szukasz wyj\u0105tkowego i warto\u015bciowego prezentu zar\u0119czynowego? Nasza Bi\u017cuteria Line Art na Zar\u0119czyny to idealny wyb\u00f3r. Kup teraz.\" \/>\n<meta name=\"robots\" content=\"index, follow, max-snippet:-1, max-image-preview:large, max-video-preview:-1\" \/>\n<link rel=\"canonical\" href=\"https:\/\/positiveprints.com\/pl\/produkt\/bizuteria-line-art-na-zareczyny\/\" \/>\n<meta property=\"og:locale\" content=\"pl_PL\" \/>\n<meta property=\"og:type\" content=\"article\" \/>\n<meta property=\"og:title\" content=\"Bi\u017cuteria Line Art na Zar\u0119czyny\" \/>\n<meta property=\"og:description\" content=\"Pozw\u00f3l naszym artystom narysowa\u0107 unikalny Line Art na podstawie Twojego zdj\u0119cia  Nasza bi\u017cuteria jest grawerowana laserowo i polerowana r\u0119cznie. Grawer wykonujemy na najwy\u017cszej jako\u015bci srebrze  Wybierz wzruszaj\u0105cy tekst w zale\u017cno\u015bci od okazji  Zaprojektuj w zaledwie 2 minuty   Podgl\u0105d projektu na ka\u017cdym etapie\" \/>\n<meta property=\"og:url\" content=\"https:\/\/positiveprints.com\/pl\/produkt\/bizuteria-line-art-na-zareczyny\/\" \/>\n<meta property=\"og:site_name\" content=\"Positive Prints\" \/>\n<meta property=\"article:publisher\" content=\"https:\/\/www.facebook.com\/positiveprintscom\" \/>\n<meta property=\"article:modified_time\" content=\"2026-04-03T01:51:53+00:00\" \/>\n<meta property=\"og:image\" content=\"https:\/\/positiveprints.com\/wp-content\/uploads\/2025\/09\/MAIN_PL_Biz\u0307uteria-Line-Art-na-Zare\u0328czyny.webp\" \/>\n\t<meta property=\"og:image:width\" content=\"2500\" \/>\n\t<meta property=\"og:image:height\" content=\"2500\" \/>\n\t<meta property=\"og:image:type\" content=\"image\/webp\" \/>\n<meta name=\"twitter:card\" content=\"summary_large_image\" \/>\n<meta name=\"twitter:label1\" content=\"Szacowany czas czytania\" \/>\n\t<meta name=\"twitter:data1\" content=\"2 minuty\" \/>\n<!-- \/ Yoast SEO Premium plugin. -->","yoast_head_json":{"title":"Bi\u017cuteria Line Art na Zar\u0119czyny - Positive Prints","description":"Szukasz wyj\u0105tkowego i warto\u015bciowego prezentu zar\u0119czynowego? Nasza Bi\u017cuteria Line Art na Zar\u0119czyny to idealny wyb\u00f3r. Kup teraz.","robots":{"index":"index","follow":"follow","max-snippet":"max-snippet:-1","max-image-preview":"max-image-preview:large","max-video-preview":"max-video-preview:-1"},"canonical":"https:\/\/positiveprints.com\/pl\/produkt\/bizuteria-line-art-na-zareczyny\/","og_locale":"pl_PL","og_type":"article","og_title":"Bi\u017cuteria Line Art na Zar\u0119czyny","og_description":"Pozw\u00f3l naszym artystom narysowa\u0107 unikalny Line Art na podstawie Twojego zdj\u0119cia  Nasza bi\u017cuteria jest grawerowana laserowo i polerowana r\u0119cznie. Grawer wykonujemy na najwy\u017cszej jako\u015bci srebrze  Wybierz wzruszaj\u0105cy tekst w zale\u017cno\u015bci od okazji  Zaprojektuj w zaledwie 2 minuty   Podgl\u0105d projektu na ka\u017cdym etapie","og_url":"https:\/\/positiveprints.com\/pl\/produkt\/bizuteria-line-art-na-zareczyny\/","og_site_name":"Positive Prints","article_publisher":"https:\/\/www.facebook.com\/positiveprintscom","article_modified_time":"2026-04-03T01:51:53+00:00","og_image":[{"width":2500,"height":2500,"url":"https:\/\/positiveprints.com\/wp-content\/uploads\/2025\/09\/MAIN_PL_Biz\u0307uteria-Line-Art-na-Zare\u0328czyny.webp","type":"image\/webp"}],"twitter_card":"summary_large_image","twitter_misc":{"Szacowany czas czytania":"2 minuty"},"schema":{"@context":"https:\/\/schema.org","@graph":[{"@type":["WebPage","ItemPage"],"@id":"https:\/\/positiveprints.com\/pl\/produkt\/bizuteria-line-art-na-zareczyny\/","url":"https:\/\/positiveprints.com\/pl\/produkt\/bizuteria-line-art-na-zareczyny\/","name":"Bi\u017cuteria Line Art na Zar\u0119czyny - Positive Prints","isPartOf":{"@id":"https:\/\/positiveprints.com\/pl\/#website"},"primaryImageOfPage":{"@id":"https:\/\/positiveprints.com\/pl\/produkt\/bizuteria-line-art-na-zareczyny\/#primaryimage"},"image":{"@id":"https:\/\/positiveprints.com\/pl\/produkt\/bizuteria-line-art-na-zareczyny\/#primaryimage"},"thumbnailUrl":"https:\/\/positiveprints.com\/wp-content\/uploads\/2025\/09\/MAIN_PL_Biz\u0307uteria-Line-Art-na-Zare\u0328czyny.webp","datePublished":"2024-05-27T07:34:35+00:00","dateModified":"2026-04-03T01:51:53+00:00","description":"Szukasz wyj\u0105tkowego i warto\u015bciowego prezentu zar\u0119czynowego? Nasza Bi\u017cuteria Line Art na Zar\u0119czyny to idealny wyb\u00f3r. Kup teraz.","breadcrumb":{"@id":"https:\/\/positiveprints.com\/pl\/produkt\/bizuteria-line-art-na-zareczyny\/#breadcrumb"},"inLanguage":"pl-PL","potentialAction":[{"@type":"ReadAction","target":["https:\/\/positiveprints.com\/pl\/produkt\/bizuteria-line-art-na-zareczyny\/"]}]},{"@type":"ImageObject","inLanguage":"pl-PL","@id":"https:\/\/positiveprints.com\/pl\/produkt\/bizuteria-line-art-na-zareczyny\/#primaryimage","url":"https:\/\/positiveprints.com\/wp-content\/uploads\/2025\/09\/MAIN_PL_Biz\u0307uteria-Line-Art-na-Zare\u0328czyny.webp","contentUrl":"https:\/\/positiveprints.com\/wp-content\/uploads\/2025\/09\/MAIN_PL_Biz\u0307uteria-Line-Art-na-Zare\u0328czyny.webp","width":2500,"height":2500},{"@type":"BreadcrumbList","@id":"https:\/\/positiveprints.com\/pl\/produkt\/bizuteria-line-art-na-zareczyny\/#breadcrumb","itemListElement":[{"@type":"ListItem","position":1,"name":"Home","item":"https:\/\/positiveprints.com\/pl\/"},{"@type":"ListItem","position":2,"name":"Produkty","item":"https:\/\/positiveprints.com\/pl\/shop\/"},{"@type":"ListItem","position":3,"name":"Bi\u017cuteria Line Art na Zar\u0119czyny"}]},{"@type":"WebSite","@id":"https:\/\/positiveprints.com\/pl\/#website","url":"https:\/\/positiveprints.com\/pl\/","name":"Positive Prints","description":"Amazing Custom Personalized Gifts","publisher":{"@id":"https:\/\/positiveprints.com\/pl\/#organization"},"potentialAction":[{"@type":"SearchAction","target":{"@type":"EntryPoint","urlTemplate":"https:\/\/positiveprints.com\/pl\/?s={search_term_string}"},"query-input":{"@type":"PropertyValueSpecification","valueRequired":true,"valueName":"search_term_string"}}],"inLanguage":"pl-PL"},{"@type":"Organization","@id":"https:\/\/positiveprints.com\/pl\/#organization","name":"Positive Prints","alternateName":"Positive Prints","url":"https:\/\/positiveprints.com\/pl\/","logo":{"@type":"ImageObject","inLanguage":"pl-PL","@id":"https:\/\/positiveprints.com\/pl\/#\/schema\/logo\/image\/","url":"https:\/\/positiveprints.com\/wp-content\/uploads\/2026\/03\/245815646_1337939713319158_5671353136411139666_n.png","contentUrl":"https:\/\/positiveprints.com\/wp-content\/uploads\/2026\/03\/245815646_1337939713319158_5671353136411139666_n.png","width":800,"height":800,"caption":"Positive Prints"},"image":{"@id":"https:\/\/positiveprints.com\/pl\/#\/schema\/logo\/image\/"},"sameAs":["https:\/\/www.facebook.com\/positiveprintscom","https:\/\/www.instagram.com\/positiveprintscom\/","https:\/\/www.tiktok.com\/@positiveprintscom","https:\/\/www.pinterest.com\/positiveprintscom\/"]}]}},"jetpack_sharing_enabled":true,"_links":{"self":[{"href":"https:\/\/positiveprints.com\/pl\/wp-json\/wp\/v2\/product\/1131867","targetHints":{"allow":["GET"]}}],"collection":[{"href":"https:\/\/positiveprints.com\/pl\/wp-json\/wp\/v2\/product"}],"about":[{"href":"https:\/\/positiveprints.com\/pl\/wp-json\/wp\/v2\/types\/product"}],"wp:featuredmedia":[{"embeddable":true,"href":"https:\/\/positiveprints.com\/pl\/wp-json\/wp\/v2\/media\/1529284"}],"wp:attachment":[{"href":"https:\/\/positiveprints.com\/pl\/wp-json\/wp\/v2\/media?parent=1131867"}],"wp:term":[{"taxonomy":"product_brand","embeddable":true,"href":"https:\/\/positiveprints.com\/pl\/wp-json\/wp\/v2\/product_brand?post=1131867"},{"taxonomy":"product_cat","embeddable":true,"href":"https:\/\/positiveprints.com\/pl\/wp-json\/wp\/v2\/product_cat?post=1131867"},{"taxonomy":"product_tag","embeddable":true,"href":"https:\/\/positiveprints.com\/pl\/wp-json\/wp\/v2\/product_tag?post=1131867"}],"curies":[{"name":"wp","href":"https:\/\/api.w.org\/{rel}","templated":true}]}}