{"id":1121249,"date":"2024-05-14T10:11:39","date_gmt":"2024-05-14T09:11:39","guid":{"rendered":"https:\/\/positiveprints.com\/?post_type=product&#038;p=1121249"},"modified":"2026-04-28T13:50:08","modified_gmt":"2026-04-28T12:50:08","slug":"pies-plakat-z-definicja","status":"publish","type":"product","link":"https:\/\/positiveprints.com\/pl\/produkt\/pies-plakat-z-definicja\/","title":{"rendered":"Pies Plakat z Definicj\u0105"},"content":{"rendered":"<p>Szukasz wyj\u0105tkowego sposobu na upami\u0119tnienie swojego futrzanego przyjaciela? Nasz produkt Pies Plakat z Definicj\u0105 to idealny personalizowany wydruk. Uchwy\u0107, co znaczy dla Ciebie Tw\u00f3j pies, dzi\u0119ki w\u0142asnej definicji i zdj\u0119ciu, kt\u00f3re doda mu indywidualnego charakteru.<\/p>\r\n\r\n<h2>Opcje personalizacji i wolno\u015b\u0107 tw\u00f3rcza<\/h2>\r\n\r\n<p>Dzi\u0119ki naszemu produktowi Pies Plakat z Definicj\u0105 mo\u017cesz zdefiniowa\u0107 s\u0142owo &#8220;pies&#8221;, imi\u0119 swojego zwierzaka lub &#8220;najlepszy przyjaciel&#8221; na sw\u00f3j w\u0142asny spos\u00f3b. Niezale\u017cnie od tego, czy definicja jest zabawna, emocjonalna czy wyj\u0105tkowa, wyb\u00f3r nale\u017cy do Ciebie.<\/p>\r\n\r\n<p>Stw\u00f3rz naprawd\u0119 personalizowan\u0105 grafik\u0119, dodaj\u0105c w\u0142asne zdj\u0119cie do definicji. Wybierz spo\u015br\u00f3d naszych gotowych definicji lub stw\u00f3rz w\u0142asn\u0105 &#8211; mo\u017ce by\u0107 ona zabawna, emocjonalna lub bardzo sentymentalna. Dostosuj sw\u00f3j plakat, wybieraj\u0105c idealny styl lub graj\u0105c z kolorami samodzielnie, aby dopasowa\u0107 t\u0142o i czcionk\u0119 do swojego stylu i nastroju.<\/p>\r\n\r\n<h2>Idealny prezent dla w\u0142a\u015bcicieli ps\u00f3w i jako dekoracja domu<\/h2>\r\n\r\n<p>Niezale\u017cnie od tego, czy jest to prezent dla w\u0142a\u015bciciela psa, czy te\u017c wyj\u0105tkowe dzie\u0142o sztuki do w\u0142asnego domu, nasz produkt Pies Plakat z Definicj\u0105 to \u015bwietny wyb\u00f3r. Wyobra\u017a sobie u\u015bmiechy, gdy zobacz\u0105 wydruk, kt\u00f3ry pi\u0119knie pokazuje, co znaczy dla nich ich pies.<\/p>\r\n\r\n<h2>Dlaczego warto wybra\u0107 Pies Plakat z Definicj\u0105?<\/h2>\r\n\r\n<p>Zam\u00f3wienie jest proste &#8211; wystarczy odwiedzi\u0107 nasz\u0105 stron\u0119 internetow\u0105, spersonalizowa\u0107 sw\u00f3j plakat wybieraj\u0105c swoje s\u0142owo i definicj\u0119, doda\u0107 zdj\u0119cie, wybra\u0107 styl i z\u0142o\u017cy\u0107 zam\u00f3wienie. My zajmiemy si\u0119 reszt\u0105, zapewniaj\u0105c, \u017ce Tw\u00f3j plakat zostanie wydrukowany i zapakowany z najwy\u017csz\u0105 staranno\u015bci\u0105.<\/p>\r\n\r\n<p>Wyeksponuj go dumnie w swoim domu lub podaruj jako wspania\u0142y prezent, a Pies Plakat z Definicj\u0105 b\u0119dzie trwa\u0142ym przypomnieniem rado\u015bci i mi\u0142o\u015bci, jak\u0105 przynosi Tw\u00f3j pies. Uczcij swoj\u0105 wyj\u0105tkow\u0105 wi\u0119\u017a w kreatywny i wzruszaj\u0105cy spos\u00f3b.<\/p>","protected":false},"excerpt":{"rendered":"<ul class=\"check-list\">\n<li>Stw\u00f3rz swoj\u0105 w\u0142asn\u0105 definicj\u0119 lub wybierz jedn\u0105 z gotowych<\/li>\n<li>Dodaj swoje zdj\u0119cie<\/li>\n<li>Spersonalizuj w 3 prostych krokach<\/li>\n<li>Interaktywny podgl\u0105d pozwoli dopracowa\u0107 ka\u017cdy szczeg\u00f3\u0142<\/li>\n<\/ul>\n","protected":false},"featured_media":1125740,"template":"","meta":[],"product_brand":[],"product_cat":[9729,9765,99,7898],"product_tag":[15631,8694,13919,13922,13920,13923,13925,13924,15398],"class_list":{"0":"post-1121249","1":"product","2":"type-product","3":"status-publish","4":"has-post-thumbnail","6":"product_cat-definicja","7":"product_cat-trending-label-pl","8":"product_cat-wszystkie-produkty","9":"product_cat-prezent-dla-psiarza","10":"product_tag-animals-pl","11":"product_tag-dog-lovers-pl","12":"product_tag-personalizowane-prezenty-dla-psa","13":"product_tag-prezenty-dla-milosnikow-psow","14":"product_tag-prezenty-dla-psiego-taty","15":"product_tag-prezenty-dla-psiej-mamy","16":"product_tag-prezenty-dla-wlascicieli-psow","17":"product_tag-wlasciciel-psa","18":"product_tag-zwierzeta","20":"first","21":"instock","22":"sale","23":"taxable","24":"shipping-taxable","25":"purchasable","26":"product-type-variable"},"yoast_head":"<!-- This site is optimized with the Yoast SEO Premium plugin v27.2 (Yoast SEO v27.2) - https:\/\/yoast.com\/product\/yoast-seo-premium-wordpress\/ -->\n<title>Pies Plakat z Definicj\u0105 - Positive Prints<\/title>\n<meta name=\"description\" content=\"Szukasz specjalnego sposobu na upami\u0119tnienie swojego futrzanego przyjaciela? Nasz produkt Pies Plakat z Definicj\u0105 to idealny personalizowany wydruk. Stw\u00f3rz sw\u00f3j ju\u017c teraz.\" \/>\n<meta name=\"robots\" content=\"index, follow, max-snippet:-1, max-image-preview:large, max-video-preview:-1\" \/>\n<link rel=\"canonical\" href=\"https:\/\/positiveprints.com\/pl\/produkt\/pies-plakat-z-definicja\/\" \/>\n<meta property=\"og:locale\" content=\"pl_PL\" \/>\n<meta property=\"og:type\" content=\"article\" \/>\n<meta property=\"og:title\" content=\"Pies Plakat z Definicj\u0105\" \/>\n<meta property=\"og:description\" content=\"Stw\u00f3rz swoj\u0105 w\u0142asn\u0105 definicj\u0119 lub wybierz jedn\u0105 z gotowych  Dodaj swoje zdj\u0119cie  Spersonalizuj w 3 prostych krokach  Interaktywny podgl\u0105d pozwoli dopracowa\u0107 ka\u017cdy szczeg\u00f3\u0142\" \/>\n<meta property=\"og:url\" content=\"https:\/\/positiveprints.com\/pl\/produkt\/pies-plakat-z-definicja\/\" \/>\n<meta property=\"og:site_name\" content=\"Positive Prints\" \/>\n<meta property=\"article:publisher\" content=\"https:\/\/www.facebook.com\/positiveprintscom\" \/>\n<meta property=\"article:modified_time\" content=\"2026-04-28T12:50:08+00:00\" \/>\n<meta property=\"og:image\" content=\"https:\/\/positiveprints.com\/wp-content\/uploads\/2024\/06\/Pies-Plakat-z-Definicja.jpg\" \/>\n\t<meta property=\"og:image:width\" content=\"1080\" \/>\n\t<meta property=\"og:image:height\" content=\"1080\" \/>\n\t<meta property=\"og:image:type\" content=\"image\/jpeg\" \/>\n<meta name=\"twitter:card\" content=\"summary_large_image\" \/>\n<!-- \/ Yoast SEO Premium plugin. -->","yoast_head_json":{"title":"Pies Plakat z Definicj\u0105 - Positive Prints","description":"Szukasz specjalnego sposobu na upami\u0119tnienie swojego futrzanego przyjaciela? Nasz produkt Pies Plakat z Definicj\u0105 to idealny personalizowany wydruk. Stw\u00f3rz sw\u00f3j ju\u017c teraz.","robots":{"index":"index","follow":"follow","max-snippet":"max-snippet:-1","max-image-preview":"max-image-preview:large","max-video-preview":"max-video-preview:-1"},"canonical":"https:\/\/positiveprints.com\/pl\/produkt\/pies-plakat-z-definicja\/","og_locale":"pl_PL","og_type":"article","og_title":"Pies Plakat z Definicj\u0105","og_description":"Stw\u00f3rz swoj\u0105 w\u0142asn\u0105 definicj\u0119 lub wybierz jedn\u0105 z gotowych  Dodaj swoje zdj\u0119cie  Spersonalizuj w 3 prostych krokach  Interaktywny podgl\u0105d pozwoli dopracowa\u0107 ka\u017cdy szczeg\u00f3\u0142","og_url":"https:\/\/positiveprints.com\/pl\/produkt\/pies-plakat-z-definicja\/","og_site_name":"Positive Prints","article_publisher":"https:\/\/www.facebook.com\/positiveprintscom","article_modified_time":"2026-04-28T12:50:08+00:00","og_image":[{"width":1080,"height":1080,"url":"https:\/\/positiveprints.com\/wp-content\/uploads\/2024\/06\/Pies-Plakat-z-Definicja.jpg","type":"image\/jpeg"}],"twitter_card":"summary_large_image","schema":{"@context":"https:\/\/schema.org","@graph":[{"@type":["WebPage","ItemPage"],"@id":"https:\/\/positiveprints.com\/pl\/produkt\/pies-plakat-z-definicja\/","url":"https:\/\/positiveprints.com\/pl\/produkt\/pies-plakat-z-definicja\/","name":"Pies Plakat z Definicj\u0105 - Positive Prints","isPartOf":{"@id":"https:\/\/positiveprints.com\/pl\/#website"},"primaryImageOfPage":{"@id":"https:\/\/positiveprints.com\/pl\/produkt\/pies-plakat-z-definicja\/#primaryimage"},"image":{"@id":"https:\/\/positiveprints.com\/pl\/produkt\/pies-plakat-z-definicja\/#primaryimage"},"thumbnailUrl":"https:\/\/positiveprints.com\/wp-content\/uploads\/2024\/06\/Pies-Plakat-z-Definicja.jpg","datePublished":"2024-05-14T09:11:39+00:00","dateModified":"2026-04-28T12:50:08+00:00","description":"Szukasz specjalnego sposobu na upami\u0119tnienie swojego futrzanego przyjaciela? Nasz produkt Pies Plakat z Definicj\u0105 to idealny personalizowany wydruk. Stw\u00f3rz sw\u00f3j ju\u017c teraz.","breadcrumb":{"@id":"https:\/\/positiveprints.com\/pl\/produkt\/pies-plakat-z-definicja\/#breadcrumb"},"inLanguage":"pl-PL","potentialAction":[{"@type":"ReadAction","target":["https:\/\/positiveprints.com\/pl\/produkt\/pies-plakat-z-definicja\/"]}]},{"@type":"ImageObject","inLanguage":"pl-PL","@id":"https:\/\/positiveprints.com\/pl\/produkt\/pies-plakat-z-definicja\/#primaryimage","url":"https:\/\/positiveprints.com\/wp-content\/uploads\/2024\/06\/Pies-Plakat-z-Definicja.jpg","contentUrl":"https:\/\/positiveprints.com\/wp-content\/uploads\/2024\/06\/Pies-Plakat-z-Definicja.jpg","width":1080,"height":1080},{"@type":"BreadcrumbList","@id":"https:\/\/positiveprints.com\/pl\/produkt\/pies-plakat-z-definicja\/#breadcrumb","itemListElement":[{"@type":"ListItem","position":1,"name":"Home","item":"https:\/\/positiveprints.com\/pl\/"},{"@type":"ListItem","position":2,"name":"Produkty","item":"https:\/\/positiveprints.com\/pl\/shop\/"},{"@type":"ListItem","position":3,"name":"Pies Plakat z Definicj\u0105"}]},{"@type":"WebSite","@id":"https:\/\/positiveprints.com\/pl\/#website","url":"https:\/\/positiveprints.com\/pl\/","name":"Positive Prints","description":"Amazing Custom Personalized Gifts","publisher":{"@id":"https:\/\/positiveprints.com\/pl\/#organization"},"potentialAction":[{"@type":"SearchAction","target":{"@type":"EntryPoint","urlTemplate":"https:\/\/positiveprints.com\/pl\/?s={search_term_string}"},"query-input":{"@type":"PropertyValueSpecification","valueRequired":true,"valueName":"search_term_string"}}],"inLanguage":"pl-PL"},{"@type":"Organization","@id":"https:\/\/positiveprints.com\/pl\/#organization","name":"Positive Prints","alternateName":"Positive Prints","url":"https:\/\/positiveprints.com\/pl\/","logo":{"@type":"ImageObject","inLanguage":"pl-PL","@id":"https:\/\/positiveprints.com\/pl\/#\/schema\/logo\/image\/","url":"https:\/\/positiveprints.com\/wp-content\/uploads\/2026\/03\/245815646_1337939713319158_5671353136411139666_n.png","contentUrl":"https:\/\/positiveprints.com\/wp-content\/uploads\/2026\/03\/245815646_1337939713319158_5671353136411139666_n.png","width":800,"height":800,"caption":"Positive Prints"},"image":{"@id":"https:\/\/positiveprints.com\/pl\/#\/schema\/logo\/image\/"},"sameAs":["https:\/\/www.facebook.com\/positiveprintscom","https:\/\/www.instagram.com\/positiveprintscom\/","https:\/\/www.tiktok.com\/@positiveprintscom","https:\/\/www.pinterest.com\/positiveprintscom\/"]}]}},"jetpack_sharing_enabled":true,"_links":{"self":[{"href":"https:\/\/positiveprints.com\/pl\/wp-json\/wp\/v2\/product\/1121249","targetHints":{"allow":["GET"]}}],"collection":[{"href":"https:\/\/positiveprints.com\/pl\/wp-json\/wp\/v2\/product"}],"about":[{"href":"https:\/\/positiveprints.com\/pl\/wp-json\/wp\/v2\/types\/product"}],"wp:featuredmedia":[{"embeddable":true,"href":"https:\/\/positiveprints.com\/pl\/wp-json\/wp\/v2\/media\/1125740"}],"wp:attachment":[{"href":"https:\/\/positiveprints.com\/pl\/wp-json\/wp\/v2\/media?parent=1121249"}],"wp:term":[{"taxonomy":"product_brand","embeddable":true,"href":"https:\/\/positiveprints.com\/pl\/wp-json\/wp\/v2\/product_brand?post=1121249"},{"taxonomy":"product_cat","embeddable":true,"href":"https:\/\/positiveprints.com\/pl\/wp-json\/wp\/v2\/product_cat?post=1121249"},{"taxonomy":"product_tag","embeddable":true,"href":"https:\/\/positiveprints.com\/pl\/wp-json\/wp\/v2\/product_tag?post=1121249"}],"curies":[{"name":"wp","href":"https:\/\/api.w.org\/{rel}","templated":true}]}}