{"id":1121182,"date":"2024-05-14T09:45:50","date_gmt":"2024-05-14T08:45:50","guid":{"rendered":"https:\/\/positiveprints.com\/?post_type=product&#038;p=1121182"},"modified":"2026-04-03T02:52:31","modified_gmt":"2026-04-03T01:52:31","slug":"malzenstwo-plakat-z-definicja","status":"publish","type":"product","link":"https:\/\/positiveprints.com\/pl\/produkt\/malzenstwo-plakat-z-definicja\/","title":{"rendered":"Ma\u0142\u017ce\u0144stwo Plakat z Definicj\u0105"},"content":{"rendered":"<p>Szukasz wyj\u0105tkowego i wzruszaj\u0105cego sposobu na uczczenie ma\u0142\u017ce\u0144stwa? Nasz produkt Ma\u0142\u017ce\u0144stwo Plakat z Definicj\u0105 to idealny personalizowany prezent. Uchwy\u0107 istot\u0119 tego prawdziwego zaanga\u017cowania dzi\u0119ki specjalnej definicji i zdj\u0119ciu, kt\u00f3re przemawia prosto z serca.<\/p>\r\n\r\n<h2>Opcje personalizacji i wolno\u015b\u0107 tw\u00f3rcza<\/h2>\r\n\r\n\r\n<p>Dzi\u0119ki naszemu produktowi Ma\u0142\u017ce\u0144stwo Plakat z Definicj\u0105 mo\u017cesz zdefiniowa\u0107 &#8220;ma\u0142\u017ce\u0144stwo&#8221; lub inne romantyczne s\u0142owo, kt\u00f3re do Ciebie przemawia. Niezale\u017cnie od tego, czy jest to &#8220;mi\u0142o\u015b\u0107&#8221;, &#8220;jedno\u015b\u0107&#8221; czy specjalne pseudonim, wyb\u00f3r nale\u017cy do Ciebie.<\/p>\r\n\r\n<p>Stw\u00f3rz naprawd\u0119 personalizowan\u0105 grafik\u0119, dodaj\u0105c w\u0142asne zdj\u0119cie do definicji. Wybierz spo\u015br\u00f3d naszych gotowych definicji lub stw\u00f3rz w\u0142asn\u0105 &#8211; mo\u017ce by\u0107 ona zabawna, emocjonalna lub bardzo sentymentalna. Dostosuj sw\u00f3j plakat, wybieraj\u0105c idealny styl lub graj\u0105c z kolorami samodzielnie, aby dopasowa\u0107 t\u0142o i czcionk\u0119 do swojego stylu i nastroju.<\/p>\r\n\r\n<h2>Idealny prezent na \u015blub<\/h2>\r\n\r\n<p>Niezale\u017cnie od tego, czy jest to prezent dla przyjaci\u00f3\u0142, kt\u00f3rzy bior\u0105 \u015blub, czy jako prezent \u015blubny dla kogokolwiek innego, nasz produkt Ma\u0142\u017ce\u0144stwo Plakat z Definicj\u0105 jest niezapomnianym prezentem. Wyobra\u017a sobie rado\u015b\u0107 na ich twarzach, gdy otrzymaj\u0105 wydruk, kt\u00f3ry pi\u0119knie oddaje istot\u0119 ich mi\u0142o\u015bci i zaanga\u017cowania.<\/p>\r\n\r\n<h2>Dlaczego warto wybra\u0107 Ma\u0142\u017ce\u0144stwo Plakat z Definicj\u0105?<\/h2>\r\n\r\n<p>Zam\u00f3wienie jest proste &#8211; wystarczy odwiedzi\u0107 nasz\u0105 stron\u0119 internetow\u0105, spersonalizowa\u0107 sw\u00f3j plakat wybieraj\u0105c swoje s\u0142owo i definicj\u0119, doda\u0107 zdj\u0119cie, wybra\u0107 styl i z\u0142o\u017cy\u0107 zam\u00f3wienie. My zajmiemy si\u0119 reszt\u0105, zapewniaj\u0105c, \u017ce Tw\u00f3j plakat zostanie wydrukowany i zapakowany z najwy\u017csz\u0105 staranno\u015bci\u0105.<\/p>\r\n\r\n<p>Wyeksponuj go na weselu lub podaruj jako cenny prezent i pozw\u00f3l, aby Ma\u0142\u017ce\u0144stwo Plakat z Definicj\u0105 by\u0142 trwa\u0142ym ho\u0142dem dla tego wspania\u0142ego wydarzenia. Uczcij wyj\u0105tkow\u0105 wi\u0119\u017a ma\u0142\u017ce\u0144sk\u0105 w kreatywny i wzruszaj\u0105cy spos\u00f3b.<\/p>","protected":false},"excerpt":{"rendered":"<ul class=\"check-list\">\n<li>Stw\u00f3rz swoj\u0105 w\u0142asn\u0105 definicj\u0119 lub wybierz jedn\u0105 z gotowych<\/li>\n<li>Dodaj swoje zdj\u0119cie<\/li>\n<li>Spersonalizuj w 3 prostych krokach<\/li>\n<li>Interaktywny podgl\u0105d pozwoli dopracowa\u0107 ka\u017cdy szczeg\u00f3\u0142<\/li>\n<\/ul>\n","protected":false},"featured_media":1123403,"template":"","meta":[],"product_brand":[],"product_cat":[9729,99,3125,7929],"product_tag":[16280,8482],"class_list":{"0":"post-1121182","1":"product","2":"type-product","3":"status-publish","4":"has-post-thumbnail","6":"product_cat-definicja","7":"product_cat-wszystkie-produkty","8":"product_cat-prezent-na-slub","9":"product_cat-prezent-na-wieczor-panienski","10":"product_tag-wedding-pl-2","11":"product_tag-wedding-pl","13":"first","14":"instock","15":"sale","16":"taxable","17":"shipping-taxable","18":"purchasable","19":"product-type-variable"},"yoast_head":"<!-- This site is optimized with the Yoast SEO Premium plugin v27.2 (Yoast SEO v27.2) - https:\/\/yoast.com\/product\/yoast-seo-premium-wordpress\/ -->\n<title>Ma\u0142\u017ce\u0144stwo Plakat z Definicj\u0105 - Positive Prints<\/title>\n<meta name=\"description\" content=\"Szukasz wyj\u0105tkowego i niezapomnianego sposobu na uczczenie ma\u0142\u017ce\u0144stwa? Nasz produkt Ma\u0142\u017ce\u0144stwo Plakat z Definicj\u0105 to idealny personalizowany prezent.\" \/>\n<meta name=\"robots\" content=\"index, follow, max-snippet:-1, max-image-preview:large, max-video-preview:-1\" \/>\n<link rel=\"canonical\" href=\"https:\/\/positiveprints.com\/pl\/produkt\/malzenstwo-plakat-z-definicja\/\" \/>\n<meta property=\"og:locale\" content=\"pl_PL\" \/>\n<meta property=\"og:type\" content=\"article\" \/>\n<meta property=\"og:title\" content=\"Ma\u0142\u017ce\u0144stwo Plakat z Definicj\u0105\" \/>\n<meta property=\"og:description\" content=\"Stw\u00f3rz swoj\u0105 w\u0142asn\u0105 definicj\u0119 lub wybierz jedn\u0105 z gotowych  Dodaj swoje zdj\u0119cie  Spersonalizuj w 3 prostych krokach  Interaktywny podgl\u0105d pozwoli dopracowa\u0107 ka\u017cdy szczeg\u00f3\u0142\" \/>\n<meta property=\"og:url\" content=\"https:\/\/positiveprints.com\/pl\/produkt\/malzenstwo-plakat-z-definicja\/\" \/>\n<meta property=\"og:site_name\" content=\"Positive Prints\" \/>\n<meta property=\"article:publisher\" content=\"https:\/\/www.facebook.com\/positiveprintscom\" \/>\n<meta property=\"article:modified_time\" content=\"2026-04-03T01:52:31+00:00\" \/>\n<meta property=\"og:image\" content=\"https:\/\/positiveprints.com\/wp-content\/uploads\/2024\/05\/Malzenstwo-Plakat-z-Definicja.jpg\" \/>\n\t<meta property=\"og:image:width\" content=\"1080\" \/>\n\t<meta property=\"og:image:height\" content=\"1080\" \/>\n\t<meta property=\"og:image:type\" content=\"image\/jpeg\" \/>\n<meta name=\"twitter:card\" content=\"summary_large_image\" \/>\n<meta name=\"twitter:label1\" content=\"Szacowany czas czytania\" \/>\n\t<meta name=\"twitter:data1\" content=\"2 minuty\" \/>\n<!-- \/ Yoast SEO Premium plugin. -->","yoast_head_json":{"title":"Ma\u0142\u017ce\u0144stwo Plakat z Definicj\u0105 - Positive Prints","description":"Szukasz wyj\u0105tkowego i niezapomnianego sposobu na uczczenie ma\u0142\u017ce\u0144stwa? Nasz produkt Ma\u0142\u017ce\u0144stwo Plakat z Definicj\u0105 to idealny personalizowany prezent.","robots":{"index":"index","follow":"follow","max-snippet":"max-snippet:-1","max-image-preview":"max-image-preview:large","max-video-preview":"max-video-preview:-1"},"canonical":"https:\/\/positiveprints.com\/pl\/produkt\/malzenstwo-plakat-z-definicja\/","og_locale":"pl_PL","og_type":"article","og_title":"Ma\u0142\u017ce\u0144stwo Plakat z Definicj\u0105","og_description":"Stw\u00f3rz swoj\u0105 w\u0142asn\u0105 definicj\u0119 lub wybierz jedn\u0105 z gotowych  Dodaj swoje zdj\u0119cie  Spersonalizuj w 3 prostych krokach  Interaktywny podgl\u0105d pozwoli dopracowa\u0107 ka\u017cdy szczeg\u00f3\u0142","og_url":"https:\/\/positiveprints.com\/pl\/produkt\/malzenstwo-plakat-z-definicja\/","og_site_name":"Positive Prints","article_publisher":"https:\/\/www.facebook.com\/positiveprintscom","article_modified_time":"2026-04-03T01:52:31+00:00","og_image":[{"width":1080,"height":1080,"url":"https:\/\/positiveprints.com\/wp-content\/uploads\/2024\/05\/Malzenstwo-Plakat-z-Definicja.jpg","type":"image\/jpeg"}],"twitter_card":"summary_large_image","twitter_misc":{"Szacowany czas czytania":"2 minuty"},"schema":{"@context":"https:\/\/schema.org","@graph":[{"@type":["WebPage","ItemPage"],"@id":"https:\/\/positiveprints.com\/pl\/produkt\/malzenstwo-plakat-z-definicja\/","url":"https:\/\/positiveprints.com\/pl\/produkt\/malzenstwo-plakat-z-definicja\/","name":"Ma\u0142\u017ce\u0144stwo Plakat z Definicj\u0105 - Positive Prints","isPartOf":{"@id":"https:\/\/positiveprints.com\/pl\/#website"},"primaryImageOfPage":{"@id":"https:\/\/positiveprints.com\/pl\/produkt\/malzenstwo-plakat-z-definicja\/#primaryimage"},"image":{"@id":"https:\/\/positiveprints.com\/pl\/produkt\/malzenstwo-plakat-z-definicja\/#primaryimage"},"thumbnailUrl":"https:\/\/positiveprints.com\/wp-content\/uploads\/2024\/05\/Malzenstwo-Plakat-z-Definicja.jpg","datePublished":"2024-05-14T08:45:50+00:00","dateModified":"2026-04-03T01:52:31+00:00","description":"Szukasz wyj\u0105tkowego i niezapomnianego sposobu na uczczenie ma\u0142\u017ce\u0144stwa? Nasz produkt Ma\u0142\u017ce\u0144stwo Plakat z Definicj\u0105 to idealny personalizowany prezent.","breadcrumb":{"@id":"https:\/\/positiveprints.com\/pl\/produkt\/malzenstwo-plakat-z-definicja\/#breadcrumb"},"inLanguage":"pl-PL","potentialAction":[{"@type":"ReadAction","target":["https:\/\/positiveprints.com\/pl\/produkt\/malzenstwo-plakat-z-definicja\/"]}]},{"@type":"ImageObject","inLanguage":"pl-PL","@id":"https:\/\/positiveprints.com\/pl\/produkt\/malzenstwo-plakat-z-definicja\/#primaryimage","url":"https:\/\/positiveprints.com\/wp-content\/uploads\/2024\/05\/Malzenstwo-Plakat-z-Definicja.jpg","contentUrl":"https:\/\/positiveprints.com\/wp-content\/uploads\/2024\/05\/Malzenstwo-Plakat-z-Definicja.jpg","width":1080,"height":1080},{"@type":"BreadcrumbList","@id":"https:\/\/positiveprints.com\/pl\/produkt\/malzenstwo-plakat-z-definicja\/#breadcrumb","itemListElement":[{"@type":"ListItem","position":1,"name":"Home","item":"https:\/\/positiveprints.com\/pl\/"},{"@type":"ListItem","position":2,"name":"Produkty","item":"https:\/\/positiveprints.com\/pl\/shop\/"},{"@type":"ListItem","position":3,"name":"Ma\u0142\u017ce\u0144stwo Plakat z Definicj\u0105"}]},{"@type":"WebSite","@id":"https:\/\/positiveprints.com\/pl\/#website","url":"https:\/\/positiveprints.com\/pl\/","name":"Positive Prints","description":"Amazing Custom Personalized Gifts","publisher":{"@id":"https:\/\/positiveprints.com\/pl\/#organization"},"potentialAction":[{"@type":"SearchAction","target":{"@type":"EntryPoint","urlTemplate":"https:\/\/positiveprints.com\/pl\/?s={search_term_string}"},"query-input":{"@type":"PropertyValueSpecification","valueRequired":true,"valueName":"search_term_string"}}],"inLanguage":"pl-PL"},{"@type":"Organization","@id":"https:\/\/positiveprints.com\/pl\/#organization","name":"Positive Prints","alternateName":"Positive Prints","url":"https:\/\/positiveprints.com\/pl\/","logo":{"@type":"ImageObject","inLanguage":"pl-PL","@id":"https:\/\/positiveprints.com\/pl\/#\/schema\/logo\/image\/","url":"https:\/\/positiveprints.com\/wp-content\/uploads\/2026\/03\/245815646_1337939713319158_5671353136411139666_n.png","contentUrl":"https:\/\/positiveprints.com\/wp-content\/uploads\/2026\/03\/245815646_1337939713319158_5671353136411139666_n.png","width":800,"height":800,"caption":"Positive Prints"},"image":{"@id":"https:\/\/positiveprints.com\/pl\/#\/schema\/logo\/image\/"},"sameAs":["https:\/\/www.facebook.com\/positiveprintscom","https:\/\/www.instagram.com\/positiveprintscom\/","https:\/\/www.tiktok.com\/@positiveprintscom","https:\/\/www.pinterest.com\/positiveprintscom\/"]}]}},"jetpack_sharing_enabled":true,"_links":{"self":[{"href":"https:\/\/positiveprints.com\/pl\/wp-json\/wp\/v2\/product\/1121182","targetHints":{"allow":["GET"]}}],"collection":[{"href":"https:\/\/positiveprints.com\/pl\/wp-json\/wp\/v2\/product"}],"about":[{"href":"https:\/\/positiveprints.com\/pl\/wp-json\/wp\/v2\/types\/product"}],"wp:featuredmedia":[{"embeddable":true,"href":"https:\/\/positiveprints.com\/pl\/wp-json\/wp\/v2\/media\/1123403"}],"wp:attachment":[{"href":"https:\/\/positiveprints.com\/pl\/wp-json\/wp\/v2\/media?parent=1121182"}],"wp:term":[{"taxonomy":"product_brand","embeddable":true,"href":"https:\/\/positiveprints.com\/pl\/wp-json\/wp\/v2\/product_brand?post=1121182"},{"taxonomy":"product_cat","embeddable":true,"href":"https:\/\/positiveprints.com\/pl\/wp-json\/wp\/v2\/product_cat?post=1121182"},{"taxonomy":"product_tag","embeddable":true,"href":"https:\/\/positiveprints.com\/pl\/wp-json\/wp\/v2\/product_tag?post=1121182"}],"curies":[{"name":"wp","href":"https:\/\/api.w.org\/{rel}","templated":true}]}}