{"id":1121128,"date":"2024-05-14T09:01:54","date_gmt":"2024-05-14T08:01:54","guid":{"rendered":"https:\/\/positiveprints.com\/?post_type=product&#038;p=1121128"},"modified":"2026-04-18T04:19:34","modified_gmt":"2026-04-18T03:19:34","slug":"milosc-plakat-z-definicja","status":"publish","type":"product","link":"https:\/\/positiveprints.com\/pl\/produkt\/milosc-plakat-z-definicja\/","title":{"rendered":"Mi\u0142o\u015b\u0107 Plakat z Definicj\u0105"},"content":{"rendered":"<p>Szukasz szczerego i unikalnego sposobu wyra\u017cenia mi\u0142o\u015bci? Nasz Mi\u0142o\u015b\u0107 Plakat z Definicj\u0105 to doskona\u0142y, personalizowany prezent. Uchwy\u0107 istot\u0119 Waszego zwi\u0105zku za pomoc\u0105 personalizowanej definicji i zdj\u0119cia, kt\u00f3re m\u00f3wi\u0105 wiele.<p\/>\r\n\r\n<h2>Opcje personalizacji i wolno\u015b\u0107 tw\u00f3rcza<\/h2>\r\n\r\n<p>Z naszym produktem Mi\u0142o\u015b\u0107 Plakat z Definicj\u0105 mo\u017cesz zdefiniowa\u0107 &#8220;mi\u0142o\u015b\u0107&#8221; lub jakiekolwiek inne romantyczne s\u0142owo, kt\u00f3re ma dla Ciebie szczeg\u00f3lne znaczenie. Czy to b\u0119dzie &#8220;szcz\u0119\u015bcie&#8221;, ukochany pseudonim czy s\u0142owo, kt\u00f3re uchwyci Wasz zwi\u0105zek, wyb\u00f3r nale\u017cy do Ciebie.<\/p>\r\n\r\n<p>Stw\u00f3rz naprawd\u0119 personalizowan\u0105 grafik\u0119, dodaj\u0105c w\u0142asne zdj\u0119cie do definicji. Wybierz spo\u015br\u00f3d naszych gotowych definicji lub stw\u00f3rz w\u0142asn\u0105 &#8211; mo\u017ce by\u0107 ona zabawna, emocjonalna lub bardzo sentymentalna. Dostosuj sw\u00f3j plakat, wybieraj\u0105c idealny styl lub graj\u0105c z kolorami samodzielnie, aby dopasowa\u0107 t\u0142o i czcionk\u0119 do swojego stylu i nastroju.<\/p>\r\n\r\n<h2>Doskona\u0142y prezent na ka\u017cd\u0105 romantyczn\u0105 okazj\u0119<\/h2>\r\n\r\n<p>Czy to na rocznic\u0119, \u015blub, Walentynki czy inn\u0105 wyj\u0105tkow\u0105 okazj\u0119, nasz Mi\u0142o\u015b\u0107 Plakat z Definicj\u0105 stanowi niezapomniany prezent. Wyobra\u017a sobie rado\u015b\u0107 na twarzy Twojej ukochanej osoby, gdy otrzyma grafik\u0119, kt\u00f3ra pi\u0119knie uchwyci istot\u0119 Waszego zwi\u0105zku.<\/p>\r\n\r\n<h2>Dlaczego warto wybra\u0107 Mi\u0142o\u015b\u0107 Plakat z Definicj\u0105?<\/h2>\r\n\r\n<p>Zam\u00f3wienie jest proste &#8211; wystarczy odwiedzi\u0107 nasz\u0105 stron\u0119 internetow\u0105, spersonalizowa\u0107 sw\u00f3j plakat wybieraj\u0105c swoje s\u0142owo i definicj\u0119, doda\u0107 zdj\u0119cie, wybra\u0107 styl i z\u0142o\u017cy\u0107 zam\u00f3wienie. My zajmiemy si\u0119 reszt\u0105, zapewniaj\u0105c, \u017ce Tw\u00f3j plakat zostanie wydrukowany i zapakowany z najwy\u017csz\u0105 staranno\u015bci\u0105.<\/p>\r\n\r\n<p>Powie\u015b go w swoim domu lub podaruj jako prezent i pozw\u00f3l aby Mi\u0142o\u015b\u0107 Plakat z Definicj\u0105 by\u0142 trwa\u0142ym ho\u0142dem dla Waszej mi\u0142o\u015bci i wi\u0119zi. \u015awi\u0119tuj swoj\u0105 wyj\u0105tkow\u0105 wi\u0119\u017a w kreatywny i wyj\u0105tkowy spos\u00f3b.<\/p>","protected":false},"excerpt":{"rendered":"<ul class=\"check-list\">\n<li>Stw\u00f3rz swoj\u0105 w\u0142asn\u0105 definicj\u0119 lub wybierz jedn\u0105 z gotowych<\/li>\n<li>Dodaj swoje zdj\u0119cie<\/li>\n<li>Spersonalizuj w 3 prostych krokach<\/li>\n<li>Interaktywny podgl\u0105d pozwoli dopracowa\u0107 ka\u017cdy szczeg\u00f3\u0142<\/li>\n<\/ul>\n","protected":false},"featured_media":1128295,"template":"","meta":[],"product_brand":[],"product_cat":[9729,8190,99,5333,11186,11184,11185,7929,8010,7690,7786,7802,3120,11239,11240],"product_tag":[14975,12682,11756,11770,11812,11817,11818,11816,11815,11813,8375,14982,14964,12666],"class_list":{"0":"post-1121128","1":"product","2":"type-product","3":"status-publish","4":"has-post-thumbnail","6":"product_cat-definicja","7":"product_cat-dla-niej","8":"product_cat-wszystkie-produkty","9":"product_cat-prezent-na-rocznice","10":"product_cat-prezenty-na-rocznice-dla-pary","11":"product_cat-prezenty-na-rocznice-dla-niej","12":"product_cat-prezenty-na-rocznice-dla-niego","13":"product_cat-prezent-na-wieczor-panienski","14":"product_cat-prezent-dla-mezczyzny","15":"product_cat-prezent-dla-kobiety","16":"product_cat-prezent-dla-dziewczyny","17":"product_cat-prezent-dla-pary","18":"product_cat-prezent-na-walentynki","19":"product_cat-prezenty-na-walentynki-dla-niej","20":"product_cat-prezenty-na-walentynki-dla-niego","21":"product_tag-anniversary-pl","22":"product_tag-prezent-na-walentynki","23":"product_tag-prezenty-pod-choinke-dla-chlopaka","24":"product_tag-prezenty-pod-choinke-dla-dziewczyny","25":"product_tag-prezenty-pod-choinke-dla-kobiety","26":"product_tag-prezenty-pod-choinke-dla-meza","27":"product_tag-prezenty-pod-choinke-dla-mezczyzny","28":"product_tag-prezenty-pod-choinke-dla-niego","29":"product_tag-prezenty-pod-choinke-dla-niej","30":"product_tag-prezenty-pod-choinke-dla-zony","31":"product_tag-rocznica","32":"product_tag-valentines-day-pl","33":"product_tag-valentines-day-gift-pl","34":"product_tag-walentynki","36":"first","37":"instock","38":"sale","39":"taxable","40":"shipping-taxable","41":"purchasable","42":"product-type-variable"},"yoast_head":"<!-- This site is optimized with the Yoast SEO Premium plugin v27.2 (Yoast SEO v27.2) - https:\/\/yoast.com\/product\/yoast-seo-premium-wordpress\/ -->\n<title>Mi\u0142o\u015b\u0107 Plakat z Definicj\u0105 - Positive Prints<\/title>\n<meta name=\"description\" content=\"Szukasz wzruszaj\u0105cego i wyj\u0105tkowego sposobu na wyra\u017cenie swojej mi\u0142o\u015bci? Nasz Mi\u0142o\u015b\u0107 Plakat z Definicj\u0105 to idealny personalizowany prezent.\" \/>\n<meta name=\"robots\" content=\"index, follow, max-snippet:-1, max-image-preview:large, max-video-preview:-1\" \/>\n<link rel=\"canonical\" href=\"https:\/\/positiveprints.com\/pl\/produkt\/milosc-plakat-z-definicja\/\" \/>\n<meta property=\"og:locale\" content=\"pl_PL\" \/>\n<meta property=\"og:type\" content=\"article\" \/>\n<meta property=\"og:title\" content=\"Mi\u0142o\u015b\u0107 Plakat z Definicj\u0105\" \/>\n<meta property=\"og:description\" content=\"Stw\u00f3rz swoj\u0105 w\u0142asn\u0105 definicj\u0119 lub wybierz jedn\u0105 z gotowych  Dodaj swoje zdj\u0119cie  Spersonalizuj w 3 prostych krokach  Interaktywny podgl\u0105d pozwoli dopracowa\u0107 ka\u017cdy szczeg\u00f3\u0142\" \/>\n<meta property=\"og:url\" content=\"https:\/\/positiveprints.com\/pl\/produkt\/milosc-plakat-z-definicja\/\" \/>\n<meta property=\"og:site_name\" content=\"Positive Prints\" \/>\n<meta property=\"article:publisher\" content=\"https:\/\/www.facebook.com\/positiveprintscom\" \/>\n<meta property=\"article:modified_time\" content=\"2026-04-18T03:19:34+00:00\" \/>\n<meta property=\"og:image\" content=\"https:\/\/positiveprints.com\/wp-content\/uploads\/2024\/06\/Milos\u0301c\u0301-Plakat-z-Definicja\u0328.jpg\" \/>\n\t<meta property=\"og:image:width\" content=\"1080\" \/>\n\t<meta property=\"og:image:height\" content=\"1080\" \/>\n\t<meta property=\"og:image:type\" content=\"image\/jpeg\" \/>\n<meta name=\"twitter:card\" content=\"summary_large_image\" \/>\n<meta name=\"twitter:label1\" content=\"Szacowany czas czytania\" \/>\n\t<meta name=\"twitter:data1\" content=\"2 minuty\" \/>\n<!-- \/ Yoast SEO Premium plugin. -->","yoast_head_json":{"title":"Mi\u0142o\u015b\u0107 Plakat z Definicj\u0105 - Positive Prints","description":"Szukasz wzruszaj\u0105cego i wyj\u0105tkowego sposobu na wyra\u017cenie swojej mi\u0142o\u015bci? Nasz Mi\u0142o\u015b\u0107 Plakat z Definicj\u0105 to idealny personalizowany prezent.","robots":{"index":"index","follow":"follow","max-snippet":"max-snippet:-1","max-image-preview":"max-image-preview:large","max-video-preview":"max-video-preview:-1"},"canonical":"https:\/\/positiveprints.com\/pl\/produkt\/milosc-plakat-z-definicja\/","og_locale":"pl_PL","og_type":"article","og_title":"Mi\u0142o\u015b\u0107 Plakat z Definicj\u0105","og_description":"Stw\u00f3rz swoj\u0105 w\u0142asn\u0105 definicj\u0119 lub wybierz jedn\u0105 z gotowych  Dodaj swoje zdj\u0119cie  Spersonalizuj w 3 prostych krokach  Interaktywny podgl\u0105d pozwoli dopracowa\u0107 ka\u017cdy szczeg\u00f3\u0142","og_url":"https:\/\/positiveprints.com\/pl\/produkt\/milosc-plakat-z-definicja\/","og_site_name":"Positive Prints","article_publisher":"https:\/\/www.facebook.com\/positiveprintscom","article_modified_time":"2026-04-18T03:19:34+00:00","og_image":[{"width":1080,"height":1080,"url":"https:\/\/positiveprints.com\/wp-content\/uploads\/2024\/06\/Milos\u0301c\u0301-Plakat-z-Definicja\u0328.jpg","type":"image\/jpeg"}],"twitter_card":"summary_large_image","twitter_misc":{"Szacowany czas czytania":"2 minuty"},"schema":{"@context":"https:\/\/schema.org","@graph":[{"@type":["WebPage","ItemPage"],"@id":"https:\/\/positiveprints.com\/pl\/produkt\/milosc-plakat-z-definicja\/","url":"https:\/\/positiveprints.com\/pl\/produkt\/milosc-plakat-z-definicja\/","name":"Mi\u0142o\u015b\u0107 Plakat z Definicj\u0105 - Positive Prints","isPartOf":{"@id":"https:\/\/positiveprints.com\/pl\/#website"},"primaryImageOfPage":{"@id":"https:\/\/positiveprints.com\/pl\/produkt\/milosc-plakat-z-definicja\/#primaryimage"},"image":{"@id":"https:\/\/positiveprints.com\/pl\/produkt\/milosc-plakat-z-definicja\/#primaryimage"},"thumbnailUrl":"https:\/\/positiveprints.com\/wp-content\/uploads\/2024\/06\/Milos\u0301c\u0301-Plakat-z-Definicja\u0328.jpg","datePublished":"2024-05-14T08:01:54+00:00","dateModified":"2026-04-18T03:19:34+00:00","description":"Szukasz wzruszaj\u0105cego i wyj\u0105tkowego sposobu na wyra\u017cenie swojej mi\u0142o\u015bci? Nasz Mi\u0142o\u015b\u0107 Plakat z Definicj\u0105 to idealny personalizowany prezent.","breadcrumb":{"@id":"https:\/\/positiveprints.com\/pl\/produkt\/milosc-plakat-z-definicja\/#breadcrumb"},"inLanguage":"pl-PL","potentialAction":[{"@type":"ReadAction","target":["https:\/\/positiveprints.com\/pl\/produkt\/milosc-plakat-z-definicja\/"]}]},{"@type":"ImageObject","inLanguage":"pl-PL","@id":"https:\/\/positiveprints.com\/pl\/produkt\/milosc-plakat-z-definicja\/#primaryimage","url":"https:\/\/positiveprints.com\/wp-content\/uploads\/2024\/06\/Milos\u0301c\u0301-Plakat-z-Definicja\u0328.jpg","contentUrl":"https:\/\/positiveprints.com\/wp-content\/uploads\/2024\/06\/Milos\u0301c\u0301-Plakat-z-Definicja\u0328.jpg","width":1080,"height":1080,"caption":"Mi\u0142os\u0301c\u0301 Plakat z Definicja\u0328"},{"@type":"BreadcrumbList","@id":"https:\/\/positiveprints.com\/pl\/produkt\/milosc-plakat-z-definicja\/#breadcrumb","itemListElement":[{"@type":"ListItem","position":1,"name":"Home","item":"https:\/\/positiveprints.com\/pl\/"},{"@type":"ListItem","position":2,"name":"Produkty","item":"https:\/\/positiveprints.com\/pl\/shop\/"},{"@type":"ListItem","position":3,"name":"Mi\u0142o\u015b\u0107 Plakat z Definicj\u0105"}]},{"@type":"WebSite","@id":"https:\/\/positiveprints.com\/pl\/#website","url":"https:\/\/positiveprints.com\/pl\/","name":"Positive Prints","description":"Amazing Custom Personalized Gifts","publisher":{"@id":"https:\/\/positiveprints.com\/pl\/#organization"},"potentialAction":[{"@type":"SearchAction","target":{"@type":"EntryPoint","urlTemplate":"https:\/\/positiveprints.com\/pl\/?s={search_term_string}"},"query-input":{"@type":"PropertyValueSpecification","valueRequired":true,"valueName":"search_term_string"}}],"inLanguage":"pl-PL"},{"@type":"Organization","@id":"https:\/\/positiveprints.com\/pl\/#organization","name":"Positive Prints","alternateName":"Positive Prints","url":"https:\/\/positiveprints.com\/pl\/","logo":{"@type":"ImageObject","inLanguage":"pl-PL","@id":"https:\/\/positiveprints.com\/pl\/#\/schema\/logo\/image\/","url":"https:\/\/positiveprints.com\/wp-content\/uploads\/2026\/03\/245815646_1337939713319158_5671353136411139666_n.png","contentUrl":"https:\/\/positiveprints.com\/wp-content\/uploads\/2026\/03\/245815646_1337939713319158_5671353136411139666_n.png","width":800,"height":800,"caption":"Positive Prints"},"image":{"@id":"https:\/\/positiveprints.com\/pl\/#\/schema\/logo\/image\/"},"sameAs":["https:\/\/www.facebook.com\/positiveprintscom","https:\/\/www.instagram.com\/positiveprintscom\/","https:\/\/www.tiktok.com\/@positiveprintscom","https:\/\/www.pinterest.com\/positiveprintscom\/"]}]}},"jetpack_sharing_enabled":true,"_links":{"self":[{"href":"https:\/\/positiveprints.com\/pl\/wp-json\/wp\/v2\/product\/1121128","targetHints":{"allow":["GET"]}}],"collection":[{"href":"https:\/\/positiveprints.com\/pl\/wp-json\/wp\/v2\/product"}],"about":[{"href":"https:\/\/positiveprints.com\/pl\/wp-json\/wp\/v2\/types\/product"}],"wp:featuredmedia":[{"embeddable":true,"href":"https:\/\/positiveprints.com\/pl\/wp-json\/wp\/v2\/media\/1128295"}],"wp:attachment":[{"href":"https:\/\/positiveprints.com\/pl\/wp-json\/wp\/v2\/media?parent=1121128"}],"wp:term":[{"taxonomy":"product_brand","embeddable":true,"href":"https:\/\/positiveprints.com\/pl\/wp-json\/wp\/v2\/product_brand?post=1121128"},{"taxonomy":"product_cat","embeddable":true,"href":"https:\/\/positiveprints.com\/pl\/wp-json\/wp\/v2\/product_cat?post=1121128"},{"taxonomy":"product_tag","embeddable":true,"href":"https:\/\/positiveprints.com\/pl\/wp-json\/wp\/v2\/product_tag?post=1121128"}],"curies":[{"name":"wp","href":"https:\/\/api.w.org\/{rel}","templated":true}]}}