{"id":111461,"date":"2021-07-22T16:35:42","date_gmt":"2021-07-22T15:35:42","guid":{"rendered":"https:\/\/positiveprints.com\/?post_type=product&#038;p=111461"},"modified":"2026-04-18T08:37:09","modified_gmt":"2026-04-18T07:37:09","slug":"plakat-wspolrzedne-gps","status":"publish","type":"product","link":"https:\/\/positiveprints.com\/pl\/produkt\/plakat-wspolrzedne-gps\/","title":{"rendered":"Plakat Wsp\u00f3\u0142rz\u0119dne GPS"},"content":{"rendered":"<h2 class=\"grenB f24 cblue\" style=\"margin-top: 3rem\">Zachowaj wspomnienia na plakacie ze wsp\u00f3\u0142rz\u0119dnymi GPS<\/h2>\r\n\r\n<p style=\"margin-top: 1rem\">Bez wzgl\u0119du na to, jak odleg\u0142e jest miejsce bliskie Twojemu sercu, uwiecznij je w kreatywny spos\u00f3b, projektuj\u0105c Plakat Wsp\u00f3\u0142rz\u0119dne GPS. <\/p>\r\n\r\n<p style=\"margin-top: 1rem\">Ka\u017cde miejsce na ziemi ma swoje unikalne wsp\u00f3\u0142rz\u0119dne geograficzne. Za tajemniczymi cyferkami kryj\u0105 si\u0119 d\u0142ugo\u015b\u0107 i szeroko\u015b\u0107 geograficzna. W ka\u017cdym kraju, w ka\u017cdym j\u0119zyku dane dla konkretnego miejsca s\u0105 takie same. Dlatego bez wzgl\u0119du na to, sk\u0105d pochodzisz lub dok\u0105d zmierzasz \u2013 wsp\u00f3\u0142rz\u0119dne geograficzne dla Twojego ukochanego miejsca pozostan\u0105 identyczne.  <\/p>\r\n\r\n<p style=\"margin-top: 1rem\">Plakat Wsp\u00f3\u0142rz\u0119dne Geograficzne dzi\u0119ki swojej minimalistycznej formie, jest znakomitym dodatkiem do ka\u017cdego wn\u0119trza. Co wi\u0119cej \u2013 plakat jest projektowany przez Ciebie i drukowany specjalnie dla Ciebie, wi\u0119c z pewno\u015bci\u0105 b\u0119dzie jedyny w swoim rodzaju. Ka\u017cdy z wysy\u0142anych przez nas wydruk\u00f3w jest drukowany na wysokiej jako\u015bci papierze i \u0142atwy do oprawienia, dzi\u0119ki czemu pi\u0119knie b\u0119dzie prezentowa\u0142 si\u0119 przez d\u0142ugie lata. <\/p>\r\n\r\n<p style=\"margin-top: 1rem\">Plakat Wsp\u00f3\u0142rz\u0119dne GPS pasuje zar\u00f3wno do salonu, sypialni, biura, pokoju zabaw i wsz\u0119dzie tam, gdzie potrzebujesz doda\u0107 troch\u0119 osobliwo\u015bci. Ka\u017cde spojrzenie na plakat przypomni Ci cudowne chwile, sp\u0119dzone w oznaczonym miejscu. <\/p>\r\n\r\n\r\n\r\n\r\n<h2 class=\"grenB f24 cblue\" style=\"margin-top: 3rem\">Co wyr\u00f3\u017cnia Plakat Wsp\u00f3\u0142rz\u0119dne GPS?<\/h2>\r\n\r\n<p style=\"margin-top: 1rem\">Ka\u017cda \u015bciana jest jak bia\u0142a kartka, kt\u00f3ra czeka na wyzwolenie Twoich pok\u0142ad\u00f3w kreatywno\u015bci. Niekt\u00f3rzy id\u0105 do sklepu wn\u0119trzarskiego i wybieraj\u0105 gotowe plakaty, jakich mo\u017cna znale\u017a\u0107 w tysi\u0105cach miejsc. Innym zale\u017cy na oryginalno\u015bci, dlatego szukaj\u0105 rozwi\u0105za\u0144, kt\u00f3re s\u0105 niepowtarzalne.<\/p>\r\n\r\n<p style=\"margin-top: 1rem\">Taki w\u0142a\u015bnie jest Plakat Wsp\u00f3\u0142rz\u0119dne GPS. To gratka dla os\u00f3b, kt\u00f3re lubi\u0105 personalizowane produkty, ale nie maj\u0105 na tyle zdolno\u015bci artystycznych, aby stworzy\u0107 co\u015b samemu zupe\u0142nie od podstaw. Za pomoc\u0105 prostego w u\u017cyciu kreatora uzyskujesz dost\u0119p do narz\u0119dzi, kt\u00f3re pozwol\u0105 Ci poczu\u0107 si\u0119 jak artysta w procesie tw\u00f3rczym, ale bez znajomo\u015bci technicznych niuans\u00f3w pracy artysty. Efekt jest taki, \u017ce Tw\u00f3j plakat wygl\u0105da, jakby\u015b sp\u0119dzi\u0142 godziny na jego projektowaniu i wyszukiwaniu danych. Tymczasem proces tworzenia zajmie Ci zaledwie kilka minut, a wszystkie wprowadzane zmiany mo\u017cesz sprawdza\u0107 w podgl\u0105dzie na \u017cywo!<\/p>\r\n\r\n<p style=\"margin-top: 1rem\">Znajdziemy dla Ciebie wsp\u00f3\u0142rz\u0119dne geograficzne Twojej sali weselnej, pierwszego w\u0142asnego mieszkania, pierwszej pracy, Twojej szko\u0142y lub uniwersytetu, domu rodzinnego i ka\u017cdego innego miejsca na \u015bwiecie, kt\u00f3re jest bliskie Twojemu sercu. Zachowaj najbardziej wzruszaj\u0105ce wspomnienia za pomoc\u0105 Plakatu Wsp\u00f3\u0142rz\u0119dne GPS.<\/p>\r\n\r\n\r\n\r\n<h2 class=\"grenB f24 cblue\" style=\"margin-top: 3rem\">Plakat Wsp\u00f3\u0142rz\u0119dne Geograficzne \u2013 idealny pomys\u0142 na prezent<\/h2>\r\n\r\n<p style=\"margin-top: 1rem\">Produkty z nadrukowanymi wsp\u00f3\u0142rz\u0119dnymi geograficznymi konkretnego miejsca to niezwykle popularny pomys\u0142 na prezent w ostatnich latach. I to jest w\u0142a\u015bnie klucz do sukcesu \u2013 podarowa\u0107 komu\u015b nieoczywisty prezent, kt\u00f3ry ma g\u0142\u0119bokie znaczenie i kt\u00f3ry zostanie zapami\u0119tany na lata! <br><br>Ten niezwyk\u0142y podarunek spe\u0142nia wszystkie kryteria prezentu idealnego:<\/p>\r\n\r\n<ul>\r\n<li>Unikalny i kreatywny<\/li>\r\n<li>Jedyny w swoim rodzaju<\/li>\r\n<li>Personalizowany pod osob\u0119 obdarowywan\u0105<\/li>\r\n<li>Kompletnie niespodziewany<\/li>\r\n<li>Zaskakuje i wzrusza<\/li>\r\n<\/ul>\r\n \r\n<p>Plakat z dedykowanymi wsp\u00f3\u0142rz\u0119dnymi geograficznymi to nie jest zwyk\u0142y podarunek, kt\u00f3ry znajdziesz na sklepowej p\u00f3\u0142ce. To prezent przemy\u015blany \u2013 od samego pomys\u0142u, a\u017c do wszystkich personalizowanych detali, kt\u00f3re sk\u0142adaj\u0105 si\u0119 na plakat. Starania w\u0142o\u017cone w przygotowanie tego podarunku na pewno nie przejd\u0105 bez echa.<\/p>\r\n\r\n<p style=\"margin-top: 1rem\">Plakat Wsp\u00f3\u0142rz\u0119dne Geograficzne to doskona\u0142y pomys\u0142 na prezent na ka\u017cd\u0105 okazj\u0119: rocznic\u0119, \u015blub, zar\u0119czyny, urodziny, Bo\u017ce Narodzenie, uko\u0144czenie szko\u0142y, nowy dom, emerytur\u0119 i ka\u017cde inne wa\u017cne wydarzenie w \u017cyciu Twoich bliskich. Ka\u017cdy zagorza\u0142y podr\u00f3\u017cnik lub osoba szczeg\u00f3lnie przywi\u0105zana do jakiego\u015b miejsca z przyjemno\u015bci\u0105 wyeksponuje tak oryginaln\u0105 pami\u0105tk\u0119 w swoim wn\u0119trzu. <\/p>\r\n\r\n<p style=\"margin-top: 1rem\">Ka\u017cdy z naszych plakat\u00f3w drukowany jest na wysokiej jako\u015bci grubym, matowym papierze, kt\u00f3ry podbija kolory i sprawia, \u017ce wydruk pozostanie z Tob\u0105 na d\u0142ugie lata. Na naszej stronie znajdziesz r\u00f3wnie\u017c opcj\u0119 wyboru ramy, kt\u00f3ra sprawdza si\u0119, zw\u0142aszcza kiedy zamawiasz plakat na prezent. Osoba obdarowywana w\u0142a\u015bciwie od razu b\u0119dzie mog\u0142a powiesi\u0107 plakat w wybranym przez siebie miejscu. Je\u015bli za\u015b szukasz prezentu na ostatni\u0105 chwil\u0119, zam\u00f3w plik cyfrowy. Wy\u015blemy go do Ciebie od razu po op\u0142aceniu zam\u00f3wienia. Wydrukuj plik w pobliskiej drukarni od r\u0119ki i oszcz\u0119d\u017a czas oczekiwania na wysy\u0142k\u0119.<\/p>\r\n\r\n\r\n\r\n<h2 class=\"grenB f24 cblue\" style=\"margin-top: 3rem\">Jak zaprojektowa\u0107 Plakat Wsp\u00f3\u0142rz\u0119dne Geograficzne?<\/h2>\r\n\r\n<p style=\"margin-top: 1rem\">W Positive Prints wychodzimy z za\u0142o\u017cenia, \u017ce ka\u017cdy powinien bez problemu zaprojektowa\u0107 Plakat Wsp\u00f3\u0142rz\u0119dne GPS. Dlatego maksymalnie upro\u015bcili\u015bmy proces tworzenia. Zaprojektowanie Plakatu Wsp\u00f3\u0142rz\u0119dne GPS to tylko 3 proste kroki!<\/p>\r\n\r\n<p style=\"margin-top: 1rem\">Wystarczy, \u017ce podasz nazw\u0119 miejsca, a system automatycznie odszuka jego wsp\u00f3\u0142rz\u0119dne. Do dyspozycji masz kilka styl\u00f3w zaprojektowanych przez nas, ale z \u0142atwo\u015bci\u0105 mo\u017cesz samodzielnie dobra\u0107 kolorystyk\u0119. U\u017cyj miejsca do wpisania tekstu, aby wklei\u0107 tam ulubiony cytat lub dedykacj\u0119 zwi\u0105zan\u0105 z wybranym przez Ciebie miejscem. Ten minimalistyczny plakat mo\u017ce opowiedzie\u0107 naprawd\u0119 z\u0142o\u017cone historie w niezwykle prosty spos\u00f3b. <\/p>\r\n\r\n<p style=\"margin-top: 1rem\">Dzi\u0119ki podgl\u0105dowi na \u017cywo mo\u017cesz na bie\u017c\u0105co sprawdza\u0107 wszelkie wprowadzane zmiany na plakacie. Nasze plakaty dost\u0119pne s\u0105 w kilku standardowych rozmiarach \u2013 dobranie do nich ramki nie powinno przysporzy\u0107 Ci wi\u0119kszych k\u0142opot\u00f3w. <\/p>\r\n\r\n<p style=\"margin-top: 1rem\">Kiedy zako\u0144czysz ju\u017c proces tworzenia, staniesz przed decyzj\u0105 czy chcesz, aby Tw\u00f3j plakat zosta\u0142 wys\u0142any przez nas. A mo\u017ce samodzielnie wydrukujesz go w pobliskiej drukarni, oszcz\u0119dzaj\u0105c tym samym czasu oczekiwania na wysy\u0142k\u0119? <\/p>\r\n\r\n\r\n\r\n\r\n<h2 class=\"grenB f24 cblue\" style=\"margin-top: 3rem\">Zacznij projektowanie plakatu Wsp\u00f3\u0142rz\u0119dne GPS w\u0142a\u015bnie tutaj<\/h2>\r\n\r\n<p style=\"margin-top: 1rem\">Bez wzgl\u0119du na to, czy szukasz oryginalnej dekoracji do swojego domu, czy oryginalnego pomys\u0142u na prezent dla bliskiej Ci osoby, plakat Wsp\u00f3\u0142rz\u0119dne GPS sprawdzi si\u0119 idealnie! <\/p>\r\n\r\n<p style=\"margin-top: 1rem\">Zamie\u0144 swoje ulubione miejsce na ziemi w dzie\u0142o sztuki. Przejd\u017a do naszego kreatora i zaprojektuj sw\u00f3j plakat ju\u017c teraz!<\/p>","protected":false},"excerpt":{"rendered":"<ul class=\"check-list\">\n<li>U\u017cyj wsp\u00f3\u0142rz\u0119dnych geograficznych, by zamieni\u0107 swoje ulubione miejsce w przyci\u0105gaj\u0105c\u0105 wzrok dekoracj\u0119<\/li>\n<li>Dodaj dedykacj\u0119 prosto z serca<\/li>\n<li>Spersonalizuj w 3 prostych krokach<\/li>\n<li>U\u017cyj jednego z naszych szablon\u00f3w lub daj popis swojej wyobra\u017ani<\/li>\n<li>Interaktywny podgl\u0105d pozwoli dopracowa\u0107 ka\u017cdy szczeg\u00f3\u0142<\/li>\n<\/ul>\n","protected":false},"featured_media":1477863,"template":"","meta":[],"product_brand":[],"product_cat":[8238,7171,262],"product_tag":[14956],"class_list":{"0":"post-111461","1":"product","2":"type-product","3":"status-publish","4":"has-post-thumbnail","6":"product_cat-digital-products-pl","7":"product_cat-coordinates-pl","8":"product_cat-creators-pl","9":"product_tag-creators-pl-2","11":"first","12":"instock","13":"sale","14":"taxable","15":"shipping-taxable","16":"purchasable","17":"product-type-variable"},"yoast_head":"<!-- This site is optimized with the Yoast SEO Premium plugin v27.2 (Yoast SEO v27.2) - https:\/\/yoast.com\/product\/yoast-seo-premium-wordpress\/ -->\n<title>Plakat Wsp\u00f3\u0142rz\u0119dne GPS - Personalizowany Plakat - Positive Prints<\/title>\n<meta name=\"description\" content=\"Spersonalizuj i zam\u00f3w Plakat Wsp\u00f3\u0142rz\u0119dne GPS jako oryginaln\u0105 pami\u0105tk\u0119 pi\u0119knych wspomnie\u0144. Zacznij projektowa\u0107 ju\u017c teraz!\" \/>\n<meta name=\"robots\" content=\"index, follow, max-snippet:-1, max-image-preview:large, max-video-preview:-1\" \/>\n<link rel=\"canonical\" href=\"https:\/\/positiveprints.com\/pl\/produkt\/plakat-wspolrzedne-gps\/\" \/>\n<meta property=\"og:locale\" content=\"pl_PL\" \/>\n<meta property=\"og:type\" content=\"article\" \/>\n<meta property=\"og:title\" content=\"Plakat Wsp\u00f3\u0142rz\u0119dne GPS\" \/>\n<meta property=\"og:description\" content=\"U\u017cyj wsp\u00f3\u0142rz\u0119dnych geograficznych, by zamieni\u0107 swoje ulubione miejsce w przyci\u0105gaj\u0105c\u0105 wzrok dekoracj\u0119  Dodaj dedykacj\u0119 prosto z serca  Spersonalizuj w 3 prostych krokach  U\u017cyj jednego z naszych szablon\u00f3w lub daj popis swojej wyobra\u017ani  Interaktywny podgl\u0105d pozwoli dopracowa\u0107 ka\u017cdy szczeg\u00f3\u0142\" \/>\n<meta property=\"og:url\" content=\"https:\/\/positiveprints.com\/pl\/produkt\/plakat-wspolrzedne-gps\/\" \/>\n<meta property=\"og:site_name\" content=\"Positive Prints\" \/>\n<meta property=\"article:publisher\" content=\"https:\/\/www.facebook.com\/positiveprintscom\" \/>\n<meta property=\"article:modified_time\" content=\"2026-04-18T07:37:09+00:00\" \/>\n<meta property=\"og:image\" content=\"https:\/\/positiveprints.com\/wp-content\/uploads\/2021\/07\/plakat-wspolrzedne-gps.jpg\" \/>\n\t<meta property=\"og:image:width\" content=\"1080\" \/>\n\t<meta property=\"og:image:height\" content=\"1080\" \/>\n\t<meta property=\"og:image:type\" content=\"image\/jpeg\" \/>\n<meta name=\"twitter:card\" content=\"summary_large_image\" \/>\n<meta name=\"twitter:label1\" content=\"Szacowany czas czytania\" \/>\n\t<meta name=\"twitter:data1\" content=\"4 minuty\" \/>\n<!-- \/ Yoast SEO Premium plugin. -->","yoast_head_json":{"title":"Plakat Wsp\u00f3\u0142rz\u0119dne GPS - Personalizowany Plakat - Positive Prints","description":"Spersonalizuj i zam\u00f3w Plakat Wsp\u00f3\u0142rz\u0119dne GPS jako oryginaln\u0105 pami\u0105tk\u0119 pi\u0119knych wspomnie\u0144. Zacznij projektowa\u0107 ju\u017c teraz!","robots":{"index":"index","follow":"follow","max-snippet":"max-snippet:-1","max-image-preview":"max-image-preview:large","max-video-preview":"max-video-preview:-1"},"canonical":"https:\/\/positiveprints.com\/pl\/produkt\/plakat-wspolrzedne-gps\/","og_locale":"pl_PL","og_type":"article","og_title":"Plakat Wsp\u00f3\u0142rz\u0119dne GPS","og_description":"U\u017cyj wsp\u00f3\u0142rz\u0119dnych geograficznych, by zamieni\u0107 swoje ulubione miejsce w przyci\u0105gaj\u0105c\u0105 wzrok dekoracj\u0119  Dodaj dedykacj\u0119 prosto z serca  Spersonalizuj w 3 prostych krokach  U\u017cyj jednego z naszych szablon\u00f3w lub daj popis swojej wyobra\u017ani  Interaktywny podgl\u0105d pozwoli dopracowa\u0107 ka\u017cdy szczeg\u00f3\u0142","og_url":"https:\/\/positiveprints.com\/pl\/produkt\/plakat-wspolrzedne-gps\/","og_site_name":"Positive Prints","article_publisher":"https:\/\/www.facebook.com\/positiveprintscom","article_modified_time":"2026-04-18T07:37:09+00:00","og_image":[{"width":1080,"height":1080,"url":"https:\/\/positiveprints.com\/wp-content\/uploads\/2021\/07\/plakat-wspolrzedne-gps.jpg","type":"image\/jpeg"}],"twitter_card":"summary_large_image","twitter_misc":{"Szacowany czas czytania":"4 minuty"},"schema":{"@context":"https:\/\/schema.org","@graph":[{"@type":["WebPage","ItemPage"],"@id":"https:\/\/positiveprints.com\/pl\/produkt\/plakat-wspolrzedne-gps\/","url":"https:\/\/positiveprints.com\/pl\/produkt\/plakat-wspolrzedne-gps\/","name":"Plakat Wsp\u00f3\u0142rz\u0119dne GPS - Personalizowany Plakat - Positive Prints","isPartOf":{"@id":"https:\/\/positiveprints.com\/pl\/#website"},"primaryImageOfPage":{"@id":"https:\/\/positiveprints.com\/pl\/produkt\/plakat-wspolrzedne-gps\/#primaryimage"},"image":{"@id":"https:\/\/positiveprints.com\/pl\/produkt\/plakat-wspolrzedne-gps\/#primaryimage"},"thumbnailUrl":"https:\/\/positiveprints.com\/wp-content\/uploads\/2025\/07\/Packshot_PL_Plakat-Wspo\u0301lrze\u0328dne-GPS.webp","datePublished":"2021-07-22T15:35:42+00:00","dateModified":"2026-04-18T07:37:09+00:00","description":"Spersonalizuj i zam\u00f3w Plakat Wsp\u00f3\u0142rz\u0119dne GPS jako oryginaln\u0105 pami\u0105tk\u0119 pi\u0119knych wspomnie\u0144. Zacznij projektowa\u0107 ju\u017c teraz!","breadcrumb":{"@id":"https:\/\/positiveprints.com\/pl\/produkt\/plakat-wspolrzedne-gps\/#breadcrumb"},"inLanguage":"pl-PL","potentialAction":[{"@type":"ReadAction","target":["https:\/\/positiveprints.com\/pl\/produkt\/plakat-wspolrzedne-gps\/"]}]},{"@type":"ImageObject","inLanguage":"pl-PL","@id":"https:\/\/positiveprints.com\/pl\/produkt\/plakat-wspolrzedne-gps\/#primaryimage","url":"https:\/\/positiveprints.com\/wp-content\/uploads\/2025\/07\/Packshot_PL_Plakat-Wspo\u0301lrze\u0328dne-GPS.webp","contentUrl":"https:\/\/positiveprints.com\/wp-content\/uploads\/2025\/07\/Packshot_PL_Plakat-Wspo\u0301lrze\u0328dne-GPS.webp","width":1450,"height":1450},{"@type":"BreadcrumbList","@id":"https:\/\/positiveprints.com\/pl\/produkt\/plakat-wspolrzedne-gps\/#breadcrumb","itemListElement":[{"@type":"ListItem","position":1,"name":"Home","item":"https:\/\/positiveprints.com\/pl\/"},{"@type":"ListItem","position":2,"name":"Produkty","item":"https:\/\/positiveprints.com\/pl\/shop\/"},{"@type":"ListItem","position":3,"name":"Plakat Wsp\u00f3\u0142rz\u0119dne GPS"}]},{"@type":"WebSite","@id":"https:\/\/positiveprints.com\/pl\/#website","url":"https:\/\/positiveprints.com\/pl\/","name":"Positive Prints","description":"Amazing Custom Personalized Gifts","publisher":{"@id":"https:\/\/positiveprints.com\/pl\/#organization"},"potentialAction":[{"@type":"SearchAction","target":{"@type":"EntryPoint","urlTemplate":"https:\/\/positiveprints.com\/pl\/?s={search_term_string}"},"query-input":{"@type":"PropertyValueSpecification","valueRequired":true,"valueName":"search_term_string"}}],"inLanguage":"pl-PL"},{"@type":"Organization","@id":"https:\/\/positiveprints.com\/pl\/#organization","name":"Positive Prints","alternateName":"Positive Prints","url":"https:\/\/positiveprints.com\/pl\/","logo":{"@type":"ImageObject","inLanguage":"pl-PL","@id":"https:\/\/positiveprints.com\/pl\/#\/schema\/logo\/image\/","url":"https:\/\/positiveprints.com\/wp-content\/uploads\/2026\/03\/245815646_1337939713319158_5671353136411139666_n.png","contentUrl":"https:\/\/positiveprints.com\/wp-content\/uploads\/2026\/03\/245815646_1337939713319158_5671353136411139666_n.png","width":800,"height":800,"caption":"Positive Prints"},"image":{"@id":"https:\/\/positiveprints.com\/pl\/#\/schema\/logo\/image\/"},"sameAs":["https:\/\/www.facebook.com\/positiveprintscom","https:\/\/www.instagram.com\/positiveprintscom\/","https:\/\/www.tiktok.com\/@positiveprintscom","https:\/\/www.pinterest.com\/positiveprintscom\/"]}]}},"jetpack_sharing_enabled":true,"_links":{"self":[{"href":"https:\/\/positiveprints.com\/pl\/wp-json\/wp\/v2\/product\/111461","targetHints":{"allow":["GET"]}}],"collection":[{"href":"https:\/\/positiveprints.com\/pl\/wp-json\/wp\/v2\/product"}],"about":[{"href":"https:\/\/positiveprints.com\/pl\/wp-json\/wp\/v2\/types\/product"}],"wp:featuredmedia":[{"embeddable":true,"href":"https:\/\/positiveprints.com\/pl\/wp-json\/wp\/v2\/media\/1477863"}],"wp:attachment":[{"href":"https:\/\/positiveprints.com\/pl\/wp-json\/wp\/v2\/media?parent=111461"}],"wp:term":[{"taxonomy":"product_brand","embeddable":true,"href":"https:\/\/positiveprints.com\/pl\/wp-json\/wp\/v2\/product_brand?post=111461"},{"taxonomy":"product_cat","embeddable":true,"href":"https:\/\/positiveprints.com\/pl\/wp-json\/wp\/v2\/product_cat?post=111461"},{"taxonomy":"product_tag","embeddable":true,"href":"https:\/\/positiveprints.com\/pl\/wp-json\/wp\/v2\/product_tag?post=111461"}],"curies":[{"name":"wp","href":"https:\/\/api.w.org\/{rel}","templated":true}]}}