{"id":1113491,"date":"2024-05-09T19:50:35","date_gmt":"2024-05-09T18:50:35","guid":{"rendered":"https:\/\/positiveprints.com\/product\/bratnia-dusza-plakat-z-definicja\/"},"modified":"2026-04-07T13:40:54","modified_gmt":"2026-04-07T12:40:54","slug":"bratnia-dusza-plakat-definicja","status":"publish","type":"product","link":"https:\/\/positiveprints.com\/pl\/produkt\/bratnia-dusza-plakat-definicja\/","title":{"rendered":"Bratnia Dusza Plakat z Definicj\u0105"},"content":{"rendered":"<p>Szukasz unikalnego sposobu na zdefiniowanie swojego zwi\u0105zku z osob\u0105 wyj\u0105tkow\u0105? Odkryj nasz Plakat z Definicj\u0105 &#8211; Bratnia Dusza, spersonalizowany wydruk, kt\u00f3ry uchwyci esencj\u0119 waszej wi\u0119zi w kreatywny i serdeczny spos\u00f3b.<\/p>\r\n\r\n<h2>Spersonalizuj Plakat z Definicj\u0105 &#8211; Bratnia Dusza<\/h2>\r\n\r\n<p>Dzi\u0119ki naszemu Plakatowi z Definicj\u0105 mo\u017cesz zdefiniowa\u0107 wasz zwi\u0105zek w spos\u00f3b, kt\u00f3ry jest dla ciebie g\u0142\u0119boko znacz\u0105cy. Dostosuj sw\u00f3j plakat, wybieraj\u0105c spo\u015br\u00f3d naszej predefiniowanej definicji lub stworz w\u0142asn\u0105, czy to zabawn\u0105, emocjonaln\u0105, czy g\u0142\u0119boko osobist\u0105.<\/p>\r\n\r\n<p>Wzboga\u0107 sw\u00f3j plakat zdj\u0119ciem, kt\u00f3re odzwierciedla wasz\u0105 relacj\u0119, dodaj\u0105c dodatkow\u0105 warstw\u0119 sentymentalno\u015bci. Eksperymentuj z kolorami, wybieraj\u0105c t\u0142o i kolor czcionki, kt\u00f3re b\u0119d\u0105 wsp\u00f3\u0142gra\u0107 z twoim stylem i nastrojem.<\/p>\r\n\r\n<h2>Bratnia Dusza Plakat z Definicj\u0105 &#8211; Idealny Prezent na Ka\u017cd\u0105 Okazj\u0119<\/h2>\r\n\r\n<p>Czy to urodziny, rocznica, \u015blub, czy inna wyj\u0105tkowa okazja, nasz Plakat z Definicj\u0105 Bratniej Duszy to wyj\u0105tkowy prezent, kt\u00f3ry celebruje wasz\u0105 niepowtarzaln\u0105 wi\u0119\u017a. Wyobra\u017a sobie rado\u015b\u0107 na twarzy twojej bratniej duszy, gdy otrzyma spersonalizowany wydruk, kt\u00f3ry uchwyci istot\u0119 waszego zwi\u0105zku.<\/p>\r\n\r\n<p>Zam\u00f3wienie jest proste &#8211; odwied\u017a nasz\u0105 stron\u0119 internetow\u0105, spersonalizuj sw\u00f3j plakat, za\u0142aduj zdj\u0119cie, wybierz schemat kolor\u00f3w i z\u0142o\u017c zam\u00f3wienie. My zajmiemy si\u0119 reszt\u0105, dbaj\u0105c o to, aby tw\u00f3j plakat zosta\u0142 wydrukowany i zapakowany z nale\u017cyt\u0105 staranno\u015bci\u0105.<\/p>\r\n\r\n<p>Wystaw go dumnie w swoim domu lub podaruj swojej duszy jako wyraz twojej mi\u0142o\u015bci. Stw\u00f3rz trwa\u0142e upami\u0119tnienie waszej wi\u0119zi i \u015bwi\u0119tuj mi\u0142o\u015b\u0107, kt\u00f3ra was \u0142\u0105czy.<\/p>","protected":false},"excerpt":{"rendered":"<ul class=\"check-list\">\n<li>Stw\u00f3rz swoj\u0105 w\u0142asn\u0105 definicj\u0119 lub wybierz jedn\u0105 z gotowych<\/li>\n<li>Dodaj swoje zdj\u0119cie<\/li>\n<li>Spersonalizuj w 3 prostych krokach<\/li>\n<li>Interaktywny podgl\u0105d pozwoli dopracowa\u0107 ka\u017cdy szczeg\u00f3\u0142<\/li>\n<\/ul>\n","protected":false},"featured_media":1477383,"template":"","meta":[],"product_brand":[],"product_cat":[9729,99,5271,11410,11411,8010,7690],"product_tag":[9125,9730,11816,11815],"class_list":{"0":"post-1113491","1":"product","2":"type-product","3":"status-publish","4":"has-post-thumbnail","6":"product_cat-definicja","7":"product_cat-wszystkie-produkty","8":"product_cat-prezent-na-boze-narodzenie","9":"product_cat-prezenty-pod-choinke-dla-niej","10":"product_cat-prezenty-pod-choinke-dla-niego","11":"product_cat-prezent-dla-mezczyzny","12":"product_cat-prezent-dla-kobiety","13":"product_tag-couples-pl-2","14":"product_tag-pary","15":"product_tag-prezenty-pod-choinke-dla-niego","16":"product_tag-prezenty-pod-choinke-dla-niej","18":"first","19":"instock","20":"sale","21":"taxable","22":"shipping-taxable","23":"purchasable","24":"product-type-variable"},"yoast_head":"<!-- This site is optimized with the Yoast SEO Premium plugin v27.2 (Yoast SEO v27.2) - https:\/\/yoast.com\/product\/yoast-seo-premium-wordpress\/ -->\n<title>Bratnia Dusza Plakat z Definicj\u0105 - Positive Prints<\/title>\n<meta name=\"description\" content=\"Odkryj nasz Plakat z Definicj\u0105 - Bratnia Dusza, spersonalizowany wydruk, kt\u00f3ry uchwyci esencj\u0119 waszej wi\u0119zi w kreatywny i serdeczny spos\u00f3b.\" \/>\n<meta name=\"robots\" content=\"index, follow, max-snippet:-1, max-image-preview:large, max-video-preview:-1\" \/>\n<link rel=\"canonical\" href=\"https:\/\/positiveprints.com\/pl\/produkt\/bratnia-dusza-plakat-definicja\/\" \/>\n<meta property=\"og:locale\" content=\"pl_PL\" \/>\n<meta property=\"og:type\" content=\"article\" \/>\n<meta property=\"og:title\" content=\"Bratnia Dusza Plakat z Definicj\u0105\" \/>\n<meta property=\"og:description\" content=\"Stw\u00f3rz swoj\u0105 w\u0142asn\u0105 definicj\u0119 lub wybierz jedn\u0105 z gotowych  Dodaj swoje zdj\u0119cie  Spersonalizuj w 3 prostych krokach  Interaktywny podgl\u0105d pozwoli dopracowa\u0107 ka\u017cdy szczeg\u00f3\u0142\" \/>\n<meta property=\"og:url\" content=\"https:\/\/positiveprints.com\/pl\/produkt\/bratnia-dusza-plakat-definicja\/\" \/>\n<meta property=\"og:site_name\" content=\"Positive Prints\" \/>\n<meta property=\"article:publisher\" content=\"https:\/\/www.facebook.com\/positiveprintscom\" \/>\n<meta property=\"article:modified_time\" content=\"2026-04-07T12:40:54+00:00\" \/>\n<meta property=\"og:image\" content=\"https:\/\/positiveprints.com\/wp-content\/uploads\/2024\/05\/soulmate-bratnia-dusza-plakat.jpg\" \/>\n\t<meta property=\"og:image:width\" content=\"1080\" \/>\n\t<meta property=\"og:image:height\" content=\"1080\" \/>\n\t<meta property=\"og:image:type\" content=\"image\/jpeg\" \/>\n<meta name=\"twitter:card\" content=\"summary_large_image\" \/>\n<meta name=\"twitter:label1\" content=\"Szacowany czas czytania\" \/>\n\t<meta name=\"twitter:data1\" content=\"2 minuty\" \/>\n<!-- \/ Yoast SEO Premium plugin. -->","yoast_head_json":{"title":"Bratnia Dusza Plakat z Definicj\u0105 - Positive Prints","description":"Odkryj nasz Plakat z Definicj\u0105 - Bratnia Dusza, spersonalizowany wydruk, kt\u00f3ry uchwyci esencj\u0119 waszej wi\u0119zi w kreatywny i serdeczny spos\u00f3b.","robots":{"index":"index","follow":"follow","max-snippet":"max-snippet:-1","max-image-preview":"max-image-preview:large","max-video-preview":"max-video-preview:-1"},"canonical":"https:\/\/positiveprints.com\/pl\/produkt\/bratnia-dusza-plakat-definicja\/","og_locale":"pl_PL","og_type":"article","og_title":"Bratnia Dusza Plakat z Definicj\u0105","og_description":"Stw\u00f3rz swoj\u0105 w\u0142asn\u0105 definicj\u0119 lub wybierz jedn\u0105 z gotowych  Dodaj swoje zdj\u0119cie  Spersonalizuj w 3 prostych krokach  Interaktywny podgl\u0105d pozwoli dopracowa\u0107 ka\u017cdy szczeg\u00f3\u0142","og_url":"https:\/\/positiveprints.com\/pl\/produkt\/bratnia-dusza-plakat-definicja\/","og_site_name":"Positive Prints","article_publisher":"https:\/\/www.facebook.com\/positiveprintscom","article_modified_time":"2026-04-07T12:40:54+00:00","og_image":[{"width":1080,"height":1080,"url":"https:\/\/positiveprints.com\/wp-content\/uploads\/2024\/05\/soulmate-bratnia-dusza-plakat.jpg","type":"image\/jpeg"}],"twitter_card":"summary_large_image","twitter_misc":{"Szacowany czas czytania":"2 minuty"},"schema":{"@context":"https:\/\/schema.org","@graph":[{"@type":["WebPage","ItemPage"],"@id":"https:\/\/positiveprints.com\/pl\/produkt\/bratnia-dusza-plakat-definicja\/","url":"https:\/\/positiveprints.com\/pl\/produkt\/bratnia-dusza-plakat-definicja\/","name":"Bratnia Dusza Plakat z Definicj\u0105 - Positive Prints","isPartOf":{"@id":"https:\/\/positiveprints.com\/pl\/#website"},"primaryImageOfPage":{"@id":"https:\/\/positiveprints.com\/pl\/produkt\/bratnia-dusza-plakat-definicja\/#primaryimage"},"image":{"@id":"https:\/\/positiveprints.com\/pl\/produkt\/bratnia-dusza-plakat-definicja\/#primaryimage"},"thumbnailUrl":"https:\/\/positiveprints.com\/wp-content\/uploads\/2025\/07\/Packshot_PL_Bratnia-Dusza-Plakat-z-Definicja\u0328.webp","datePublished":"2024-05-09T18:50:35+00:00","dateModified":"2026-04-07T12:40:54+00:00","description":"Odkryj nasz Plakat z Definicj\u0105 - Bratnia Dusza, spersonalizowany wydruk, kt\u00f3ry uchwyci esencj\u0119 waszej wi\u0119zi w kreatywny i serdeczny spos\u00f3b.","breadcrumb":{"@id":"https:\/\/positiveprints.com\/pl\/produkt\/bratnia-dusza-plakat-definicja\/#breadcrumb"},"inLanguage":"pl-PL","potentialAction":[{"@type":"ReadAction","target":["https:\/\/positiveprints.com\/pl\/produkt\/bratnia-dusza-plakat-definicja\/"]}]},{"@type":"ImageObject","inLanguage":"pl-PL","@id":"https:\/\/positiveprints.com\/pl\/produkt\/bratnia-dusza-plakat-definicja\/#primaryimage","url":"https:\/\/positiveprints.com\/wp-content\/uploads\/2025\/07\/Packshot_PL_Bratnia-Dusza-Plakat-z-Definicja\u0328.webp","contentUrl":"https:\/\/positiveprints.com\/wp-content\/uploads\/2025\/07\/Packshot_PL_Bratnia-Dusza-Plakat-z-Definicja\u0328.webp","width":1450,"height":1450,"caption":"Packshot_PL_Bratnia Dusza Plakat z Definicja\u0328"},{"@type":"BreadcrumbList","@id":"https:\/\/positiveprints.com\/pl\/produkt\/bratnia-dusza-plakat-definicja\/#breadcrumb","itemListElement":[{"@type":"ListItem","position":1,"name":"Home","item":"https:\/\/positiveprints.com\/pl\/"},{"@type":"ListItem","position":2,"name":"Produkty","item":"https:\/\/positiveprints.com\/pl\/shop\/"},{"@type":"ListItem","position":3,"name":"Bratnia Dusza Plakat z Definicj\u0105"}]},{"@type":"WebSite","@id":"https:\/\/positiveprints.com\/pl\/#website","url":"https:\/\/positiveprints.com\/pl\/","name":"Positive Prints","description":"Amazing Custom Personalized Gifts","publisher":{"@id":"https:\/\/positiveprints.com\/pl\/#organization"},"potentialAction":[{"@type":"SearchAction","target":{"@type":"EntryPoint","urlTemplate":"https:\/\/positiveprints.com\/pl\/?s={search_term_string}"},"query-input":{"@type":"PropertyValueSpecification","valueRequired":true,"valueName":"search_term_string"}}],"inLanguage":"pl-PL"},{"@type":"Organization","@id":"https:\/\/positiveprints.com\/pl\/#organization","name":"Positive Prints","alternateName":"Positive Prints","url":"https:\/\/positiveprints.com\/pl\/","logo":{"@type":"ImageObject","inLanguage":"pl-PL","@id":"https:\/\/positiveprints.com\/pl\/#\/schema\/logo\/image\/","url":"https:\/\/positiveprints.com\/wp-content\/uploads\/2026\/03\/245815646_1337939713319158_5671353136411139666_n.png","contentUrl":"https:\/\/positiveprints.com\/wp-content\/uploads\/2026\/03\/245815646_1337939713319158_5671353136411139666_n.png","width":800,"height":800,"caption":"Positive Prints"},"image":{"@id":"https:\/\/positiveprints.com\/pl\/#\/schema\/logo\/image\/"},"sameAs":["https:\/\/www.facebook.com\/positiveprintscom","https:\/\/www.instagram.com\/positiveprintscom\/","https:\/\/www.tiktok.com\/@positiveprintscom","https:\/\/www.pinterest.com\/positiveprintscom\/"]}]}},"jetpack_sharing_enabled":true,"_links":{"self":[{"href":"https:\/\/positiveprints.com\/pl\/wp-json\/wp\/v2\/product\/1113491","targetHints":{"allow":["GET"]}}],"collection":[{"href":"https:\/\/positiveprints.com\/pl\/wp-json\/wp\/v2\/product"}],"about":[{"href":"https:\/\/positiveprints.com\/pl\/wp-json\/wp\/v2\/types\/product"}],"wp:featuredmedia":[{"embeddable":true,"href":"https:\/\/positiveprints.com\/pl\/wp-json\/wp\/v2\/media\/1477383"}],"wp:attachment":[{"href":"https:\/\/positiveprints.com\/pl\/wp-json\/wp\/v2\/media?parent=1113491"}],"wp:term":[{"taxonomy":"product_brand","embeddable":true,"href":"https:\/\/positiveprints.com\/pl\/wp-json\/wp\/v2\/product_brand?post=1113491"},{"taxonomy":"product_cat","embeddable":true,"href":"https:\/\/positiveprints.com\/pl\/wp-json\/wp\/v2\/product_cat?post=1113491"},{"taxonomy":"product_tag","embeddable":true,"href":"https:\/\/positiveprints.com\/pl\/wp-json\/wp\/v2\/product_tag?post=1113491"}],"curies":[{"name":"wp","href":"https:\/\/api.w.org\/{rel}","templated":true}]}}