{"id":1106483,"date":"2024-04-26T10:19:49","date_gmt":"2024-04-26T09:19:49","guid":{"rendered":"https:\/\/positiveprints.com\/product\/wlochy-plakat\/"},"modified":"2026-04-23T11:03:59","modified_gmt":"2026-04-23T10:03:59","slug":"wlochy-plakat","status":"publish","type":"product","link":"https:\/\/positiveprints.com\/pl\/produkt\/wlochy-plakat\/","title":{"rendered":"W\u0142ochy Plakat"},"content":{"rendered":"<p>Przekszta\u0142\u0107 wspomnienia z W\u0142och w osza\u0142amiaj\u0105cy dzie\u0142o sztuki za pomoc\u0105 naszego Plakatu W\u0142och. Ale co czyni ten spersonalizowany wydruk tak niezwyk\u0142ym?<\/p>\r\n\r\n<h2>Stw\u00f3rz sw\u00f3j Plakat W\u0142och<\/h2>\r\n\r\n<p>Nasz Plakat W\u0142och pozwala ci dostosowa\u0107 zarys W\u0142och do swojego wyboru kolor\u00f3w, tworz\u0105c unikalny i wizualnie przyci\u0105gaj\u0105cy kawa\u0142ek. Wybierz spo\u015br\u00f3d r\u00f3\u017cnych styl\u00f3w i kolor\u00f3w, aby dopasowa\u0107 do swojego wystroju i osobistego gustu.<\/p>\r\n\r\n<p>Wybierz W\u0142ochy z naszej listy kraj\u00f3w i spersonalizuj sw\u00f3j wydruk dalej, dodaj\u0105c serce, aby wyr\u00f3\u017cni\u0107 dok\u0142adne miejsce, gdzie wydarzy\u0142o si\u0119 co\u015b szczeg\u00f3lnego. Niezale\u017cnie czy to lokalizacja niezapomnianych wakacji, romantyczna podr\u00f3\u017c czy chwila, kt\u00f3r\u0105 chcesz zachowa\u0107 w pami\u0119ci, znacznik w kszta\u0142cie serca dodaje dodatkowej warstwy znaczenia do twojego wydruku.<\/p>\r\n\r\n<p>Dodaj w\u0142asn\u0105 wiadomo\u015b\u0107 lub tytu\u0142, aby uczyni\u0107 sw\u00f3j Plakat W\u0142och jeszcze bardziej osobistym i znacz\u0105cym. Niezale\u017cnie czy to tytu\u0142 upami\u0119tniaj\u0105cy szczeg\u00f3ln\u0105 okazj\u0119 czy serdeczna wiadomo\u015b\u0107 wyra\u017caj\u0105ca twoj\u0105 mi\u0142o\u015b\u0107 do W\u0142och, opcje dostosowania s\u0105 nieograniczone.<\/p>\r\n\r\n<h2>Plakat W\u0142och jako prezent<\/h2>\r\n\r\n<p>Szukasz idealnego prezentu dla kogo\u015b, kto kocha W\u0142ochy? Nasz Plakat W\u0142och to przemy\u015blany i unikalny spos\u00f3b na \u015bwi\u0119towanie ich zwi\u0105zku z tym pi\u0119knym krajem. Wyobra\u017a sobie rado\u015b\u0107 na ich twarzy, gdy otrzymaj\u0105 spersonalizowany wydruk, kt\u00f3ry oddaje ich ulubione miejsce we W\u0142oszech, wype\u0142niony kolorami, kt\u00f3re przywo\u0142uj\u0105 wspomnienia i emocje.<\/p>\r\n\r\n<p>Czy wy\u015bwietlany w domu, biurze, czy jako prezent, nasz Plakat W\u0142och na pewno wywo\u0142a mi\u0142e wspomnienia i stworzy poczucie zwi\u0105zku z tym ukochanym miejscem. Po co wi\u0119c czeka\u0107? Stw\u00f3rz dzisiaj sw\u00f3j spersonalizowany kawa\u0142ek W\u0142och i pozw\u00f3l swoim wspomnieniom o\u017cy\u0107 w \u017cywych kolorach!<\/p>","protected":false},"excerpt":{"rendered":"<ul class=\"check-list\">\n<li>Udekoruj sw\u00f3j dom pi\u0119kn\u0105 map\u0105 swojego ulubionego kraju<\/li>\n<li>Oznacz specjalne miejsce wybranym symbolem<\/li>\n<li>Spersonalizuj w 3 prostych krokach<\/li>\n<li>Wybierz szablon lub wyka\u017c si\u0119 kreatywno\u015bci\u0105<\/li>\n<li>Podgl\u0105d projektu na ka\u017cdym etapie<\/li>\n<\/ul>\n","protected":false},"featured_media":1104919,"template":"","meta":[],"product_brand":[],"product_cat":[9707,10595,99],"product_tag":[10857,9708],"class_list":{"0":"post-1106483","1":"product","2":"type-product","3":"status-publish","4":"has-post-thumbnail","6":"product_cat-contour-pl","7":"product_cat-miejsca","8":"product_cat-wszystkie-produkty","9":"product_tag-country-pl","10":"product_tag-wlochy","12":"first","13":"instock","14":"sale","15":"taxable","16":"shipping-taxable","17":"purchasable","18":"product-type-variable"},"yoast_head":"<!-- This site is optimized with the Yoast SEO Premium plugin v27.2 (Yoast SEO v27.2) - https:\/\/yoast.com\/product\/yoast-seo-premium-wordpress\/ -->\n<title>W\u0142ochy Plakat - Positive Prints<\/title>\n<meta name=\"description\" content=\"Szukasz idealnego prezentu dla kogo\u015b, kto kocha W\u0142ochy? Nasz plakat W\u0142ochy jest wyj\u0105tkowym sposobem na podkre\u015blenie zwi\u0105zku z tym pi\u0119knym krajem.\" \/>\n<meta name=\"robots\" content=\"index, follow, max-snippet:-1, max-image-preview:large, max-video-preview:-1\" \/>\n<link rel=\"canonical\" href=\"https:\/\/positiveprints.com\/pl\/produkt\/wlochy-plakat\/\" \/>\n<meta property=\"og:locale\" content=\"pl_PL\" \/>\n<meta property=\"og:type\" content=\"article\" \/>\n<meta property=\"og:title\" content=\"W\u0142ochy Plakat\" \/>\n<meta property=\"og:description\" content=\"Udekoruj sw\u00f3j dom pi\u0119kn\u0105 map\u0105 swojego ulubionego kraju Oznacz specjalne miejsce wybranym symbolem Spersonalizuj w 3 prostych krokach Wybierz szablon lub wyka\u017c si\u0119 kreatywno\u015bci\u0105 Podgl\u0105d projektu na ka\u017cdym etapie\" \/>\n<meta property=\"og:url\" content=\"https:\/\/positiveprints.com\/pl\/produkt\/wlochy-plakat\/\" \/>\n<meta property=\"og:site_name\" content=\"Positive Prints\" \/>\n<meta property=\"article:publisher\" content=\"https:\/\/www.facebook.com\/positiveprintscom\" \/>\n<meta property=\"article:modified_time\" content=\"2026-04-23T10:03:59+00:00\" \/>\n<meta property=\"og:image\" content=\"https:\/\/positiveprints.com\/wp-content\/uploads\/2024\/04\/italy-map-print.jpg\" \/>\n\t<meta property=\"og:image:width\" content=\"1080\" \/>\n\t<meta property=\"og:image:height\" content=\"1080\" \/>\n\t<meta property=\"og:image:type\" content=\"image\/jpeg\" \/>\n<meta name=\"twitter:card\" content=\"summary_large_image\" \/>\n<!-- \/ Yoast SEO Premium plugin. -->","yoast_head_json":{"title":"W\u0142ochy Plakat - Positive Prints","description":"Szukasz idealnego prezentu dla kogo\u015b, kto kocha W\u0142ochy? Nasz plakat W\u0142ochy jest wyj\u0105tkowym sposobem na podkre\u015blenie zwi\u0105zku z tym pi\u0119knym krajem.","robots":{"index":"index","follow":"follow","max-snippet":"max-snippet:-1","max-image-preview":"max-image-preview:large","max-video-preview":"max-video-preview:-1"},"canonical":"https:\/\/positiveprints.com\/pl\/produkt\/wlochy-plakat\/","og_locale":"pl_PL","og_type":"article","og_title":"W\u0142ochy Plakat","og_description":"Udekoruj sw\u00f3j dom pi\u0119kn\u0105 map\u0105 swojego ulubionego kraju Oznacz specjalne miejsce wybranym symbolem Spersonalizuj w 3 prostych krokach Wybierz szablon lub wyka\u017c si\u0119 kreatywno\u015bci\u0105 Podgl\u0105d projektu na ka\u017cdym etapie","og_url":"https:\/\/positiveprints.com\/pl\/produkt\/wlochy-plakat\/","og_site_name":"Positive Prints","article_publisher":"https:\/\/www.facebook.com\/positiveprintscom","article_modified_time":"2026-04-23T10:03:59+00:00","og_image":[{"width":1080,"height":1080,"url":"https:\/\/positiveprints.com\/wp-content\/uploads\/2024\/04\/italy-map-print.jpg","type":"image\/jpeg"}],"twitter_card":"summary_large_image","schema":{"@context":"https:\/\/schema.org","@graph":[{"@type":["WebPage","ItemPage"],"@id":"https:\/\/positiveprints.com\/pl\/produkt\/wlochy-plakat\/","url":"https:\/\/positiveprints.com\/pl\/produkt\/wlochy-plakat\/","name":"W\u0142ochy Plakat - Positive Prints","isPartOf":{"@id":"https:\/\/positiveprints.com\/pl\/#website"},"primaryImageOfPage":{"@id":"https:\/\/positiveprints.com\/pl\/produkt\/wlochy-plakat\/#primaryimage"},"image":{"@id":"https:\/\/positiveprints.com\/pl\/produkt\/wlochy-plakat\/#primaryimage"},"thumbnailUrl":"https:\/\/positiveprints.com\/wp-content\/uploads\/2024\/04\/italy-map-print.jpg","datePublished":"2024-04-26T09:19:49+00:00","dateModified":"2026-04-23T10:03:59+00:00","description":"Szukasz idealnego prezentu dla kogo\u015b, kto kocha W\u0142ochy? Nasz plakat W\u0142ochy jest wyj\u0105tkowym sposobem na podkre\u015blenie zwi\u0105zku z tym pi\u0119knym krajem.","breadcrumb":{"@id":"https:\/\/positiveprints.com\/pl\/produkt\/wlochy-plakat\/#breadcrumb"},"inLanguage":"pl-PL","potentialAction":[{"@type":"ReadAction","target":["https:\/\/positiveprints.com\/pl\/produkt\/wlochy-plakat\/"]}]},{"@type":"ImageObject","inLanguage":"pl-PL","@id":"https:\/\/positiveprints.com\/pl\/produkt\/wlochy-plakat\/#primaryimage","url":"https:\/\/positiveprints.com\/wp-content\/uploads\/2024\/04\/italy-map-print.jpg","contentUrl":"https:\/\/positiveprints.com\/wp-content\/uploads\/2024\/04\/italy-map-print.jpg","width":1080,"height":1080,"caption":"Plakat W\u0142ochy"},{"@type":"BreadcrumbList","@id":"https:\/\/positiveprints.com\/pl\/produkt\/wlochy-plakat\/#breadcrumb","itemListElement":[{"@type":"ListItem","position":1,"name":"Home","item":"https:\/\/positiveprints.com\/pl\/"},{"@type":"ListItem","position":2,"name":"Produkty","item":"https:\/\/positiveprints.com\/pl\/shop\/"},{"@type":"ListItem","position":3,"name":"W\u0142ochy Plakat"}]},{"@type":"WebSite","@id":"https:\/\/positiveprints.com\/pl\/#website","url":"https:\/\/positiveprints.com\/pl\/","name":"Positive Prints","description":"Amazing Custom Personalized Gifts","publisher":{"@id":"https:\/\/positiveprints.com\/pl\/#organization"},"potentialAction":[{"@type":"SearchAction","target":{"@type":"EntryPoint","urlTemplate":"https:\/\/positiveprints.com\/pl\/?s={search_term_string}"},"query-input":{"@type":"PropertyValueSpecification","valueRequired":true,"valueName":"search_term_string"}}],"inLanguage":"pl-PL"},{"@type":"Organization","@id":"https:\/\/positiveprints.com\/pl\/#organization","name":"Positive Prints","alternateName":"Positive Prints","url":"https:\/\/positiveprints.com\/pl\/","logo":{"@type":"ImageObject","inLanguage":"pl-PL","@id":"https:\/\/positiveprints.com\/pl\/#\/schema\/logo\/image\/","url":"https:\/\/positiveprints.com\/wp-content\/uploads\/2026\/03\/245815646_1337939713319158_5671353136411139666_n.png","contentUrl":"https:\/\/positiveprints.com\/wp-content\/uploads\/2026\/03\/245815646_1337939713319158_5671353136411139666_n.png","width":800,"height":800,"caption":"Positive Prints"},"image":{"@id":"https:\/\/positiveprints.com\/pl\/#\/schema\/logo\/image\/"},"sameAs":["https:\/\/www.facebook.com\/positiveprintscom","https:\/\/www.instagram.com\/positiveprintscom\/","https:\/\/www.tiktok.com\/@positiveprintscom","https:\/\/www.pinterest.com\/positiveprintscom\/"]}]}},"jetpack_sharing_enabled":true,"_links":{"self":[{"href":"https:\/\/positiveprints.com\/pl\/wp-json\/wp\/v2\/product\/1106483","targetHints":{"allow":["GET"]}}],"collection":[{"href":"https:\/\/positiveprints.com\/pl\/wp-json\/wp\/v2\/product"}],"about":[{"href":"https:\/\/positiveprints.com\/pl\/wp-json\/wp\/v2\/types\/product"}],"wp:featuredmedia":[{"embeddable":true,"href":"https:\/\/positiveprints.com\/pl\/wp-json\/wp\/v2\/media\/1104919"}],"wp:attachment":[{"href":"https:\/\/positiveprints.com\/pl\/wp-json\/wp\/v2\/media?parent=1106483"}],"wp:term":[{"taxonomy":"product_brand","embeddable":true,"href":"https:\/\/positiveprints.com\/pl\/wp-json\/wp\/v2\/product_brand?post=1106483"},{"taxonomy":"product_cat","embeddable":true,"href":"https:\/\/positiveprints.com\/pl\/wp-json\/wp\/v2\/product_cat?post=1106483"},{"taxonomy":"product_tag","embeddable":true,"href":"https:\/\/positiveprints.com\/pl\/wp-json\/wp\/v2\/product_tag?post=1106483"}],"curies":[{"name":"wp","href":"https:\/\/api.w.org\/{rel}","templated":true}]}}