{"id":1105086,"date":"2024-04-22T08:31:06","date_gmt":"2024-04-22T07:31:06","guid":{"rendered":"https:\/\/positiveprints.com\/?post_type=product&#038;p=1105086"},"modified":"2026-04-28T13:52:57","modified_gmt":"2026-04-28T12:52:57","slug":"bizuteria-line-art","status":"publish","type":"product","link":"https:\/\/positiveprints.com\/pl\/produkt\/bizuteria-line-art\/","title":{"rendered":"Bi\u017cuteria Line Art"},"content":{"rendered":"Czy kiedykolwiek marzy\u0142e\u015b o przekszta\u0142ceniu swojego ulubionego zdj\u0119cia w nadaj\u0105ce si\u0119 do noszenia dzie\u0142o sztuki? Przedstawiamy nasz\u0105 Bi\u017cuteri\u0119 Line Art. Ale co sprawia, \u017ce ta bi\u017cuteria jest tak wyj\u0105tkowa?\n\n<h2>Stw\u00f3rz w\u0142asn\u0105 Bi\u017cuteri\u0119 Line Art<\/h2>\n\nDzi\u0119ki naszej personalizowanej Bi\u017cuterii Line Art przekszta\u0142camy Twoje cenne wspomnienia w osza\u0142amiaj\u0105ce, minimalistyczne ilustracje Line Art. Nasi utalentowani arty\u015bci r\u0119cznie rysuj\u0105 ka\u017cdy projekt ze zdj\u0119cia, zapewniaj\u0105c, \u017ce ka\u017cdy wisiorek jest naprawd\u0119 jedyny w swoim rodzaju.\n\n\n\nKorzystaj\u0105c z naszego przyjaznego dla u\u017cytkownika kreatora online, po prostu prze\u015blij swoje zdj\u0119cie i dodaj w\u0142asn\u0105 wiadomo\u015b\u0107 z ty\u0142u wisiorka.\n\n\n\nKa\u017cda zawieszka, zar\u00f3wno sama, jak i z 45-centymetrowym \u0142a\u0144cuszkiem, jest grawerowana laserowo, aby zapewni\u0107 doskona\u0142\u0105 szczeg\u00f3\u0142owo\u015b\u0107 i trwa\u0142o\u015b\u0107. Oznacza to, \u017ce Twoja personalizowana bi\u017cuteria b\u0119dzie trwa\u0142ym upami\u0119tnieniem najcenniejszych chwil.\n\n<h2>Zamawianie Bi\u017cuterii Line Art na prezent<\/h2>\n\nSzukasz idealnego prezentu urodzinowego dla ukochanej osoby? Nasza personalizowana Bi\u017cuteria Line Art z pewno\u015bci\u0105 sprawi, \u017ce ten dzie\u0144 b\u0119dzie wyj\u0105tkowy. Wyobra\u017a sobie zachwyt na jej twarzy, gdy otrzyma wisiorek z unikaln\u0105 ilustracj\u0105 opart\u0105 na Waszych wsp\u00f3lnych wspomnieniach, wraz z osobist\u0105, szczer\u0105 wiadomo\u015bci\u0105. To przemy\u015blany gest, kt\u00f3ry celebruje Wasz\u0105 wi\u0119\u017a i wsp\u00f3lne chwile.\n\n\n\nZamawianie jest proste &#8211; wystarczy odwiedzi\u0107 nasz\u0105 stron\u0119 internetow\u0105, przes\u0142a\u0107 zdj\u0119cie, spersonalizowa\u0107 wisiorek za pomoc\u0105 specjalnej wiadomo\u015bci, wybra\u0107 preferowany materia\u0142 i opcj\u0119 \u0142a\u0144cuszka, a nast\u0119pnie z\u0142o\u017cy\u0107 zam\u00f3wienie. My zajmiemy si\u0119 reszt\u0105, zapewniaj\u0105c, \u017ce wisiorek zostanie pi\u0119knie zapakowany w pude\u0142ko jubilerskie, wraz z instrukcj\u0105 piel\u0119gnacji i specjaln\u0105 \u015bciereczk\u0105 do czyszczenia.\n\n\n\nNiezale\u017cnie od tego, czy \u015bwi\u0119tujesz urodziny, rocznic\u0119, czy po prostu pokazujesz komu\u015b, \u017ce Ci zale\u017cy, nasza Bi\u017cuteria Line Art to idealny spos\u00f3b na uchwycenie esencji najcenniejszych wspomnie\u0144. Dlaczego wi\u0119c czeka\u0107? Stw\u00f3rz swoj\u0105 personalizowan\u0105 bi\u017cuteri\u0119 ju\u017c dzi\u015b i pozw\u00f3l swoim wspomnieniom o\u017cy\u0107 w osza\u0142amiaj\u0105cych szczeg\u00f3\u0142ach!","protected":false},"excerpt":{"rendered":"<ul class=\"check-list\">\n<li>Twoje zdj\u0119cie w formie niepowtarzalnego Line Artu, stworzonego przez naszych grafik\u00f3w<\/li>\n<li>Zawieszka o \u015brednicy 20 mm, wykonana z najwy\u017cszej jako\u015bci srebra pr\u00f3by 925, precyzyjnie grawerowana laserowo i wyko\u0144czona z najwy\u017csz\u0105 precyzj\u0105<\/li>\n<li>Dodaj dedykacj\u0119 prosto z serca<\/li>\n<li>Zaprojektuj w 2 minuty<\/li>\n<li>Podgl\u0105d projektu na ka\u017cdym etapie pozwoli Ci dopracowa\u0107 ka\u017cdy detal<\/li>\n<\/ul>\n","protected":false},"featured_media":1531729,"template":"","meta":[],"product_brand":[],"product_cat":[9255,12256,12184,9765,99,5271,11410,11407,11417,7690],"product_tag":[14956,9316,9331,9339,11770,11815,11813,9356,11901,11902],"class_list":{"0":"post-1105086","1":"product","2":"type-product","3":"status-publish","4":"has-post-thumbnail","6":"product_cat-jewelry-pl","7":"product_cat-jewelry-basic-pl","8":"product_cat-line-art-jewelry-pl","9":"product_cat-trending-label-pl","10":"product_cat-wszystkie-produkty","11":"product_cat-prezent-na-boze-narodzenie","12":"product_cat-prezenty-pod-choinke-dla-niej","13":"product_cat-prezenty-pod-choinke-dla-dziewczyny","14":"product_cat-prezenty-pod-choinke-dla-zony","15":"product_cat-prezent-dla-kobiety","16":"product_tag-creators-pl-2","17":"product_tag-lancuszek","18":"product_tag-medalion","19":"product_tag-naszyjnik","20":"product_tag-prezenty-pod-choinke-dla-dziewczyny","21":"product_tag-prezenty-pod-choinke-dla-niej","22":"product_tag-prezenty-pod-choinke-dla-zony","23":"product_tag-wisiorek","24":"product_tag-zawieszka","25":"product_tag-zawieszki","27":"first","28":"instock","29":"sale","30":"taxable","31":"shipping-taxable","32":"purchasable","33":"product-type-variable"},"yoast_head":"<!-- This site is optimized with the Yoast SEO Premium plugin v27.2 (Yoast SEO v27.2) - https:\/\/yoast.com\/product\/yoast-seo-premium-wordpress\/ -->\n<title>Bi\u017cuteria Line Art - Positive Prints<\/title>\n<meta name=\"description\" content=\"Zamie\u0144 swoje ulubione wspomnienia w sztuk\u0119 do noszenia dzi\u0119ki personalizowanej Bi\u017cuterii Line Art. Stw\u00f3rz swoj\u0105 ju\u017c teraz!\" \/>\n<meta name=\"robots\" content=\"index, follow, max-snippet:-1, max-image-preview:large, max-video-preview:-1\" \/>\n<link rel=\"canonical\" href=\"https:\/\/positiveprints.com\/pl\/produkt\/bizuteria-line-art\/\" \/>\n<meta property=\"og:locale\" content=\"pl_PL\" \/>\n<meta property=\"og:type\" content=\"article\" \/>\n<meta property=\"og:title\" content=\"Bi\u017cuteria Line Art\" \/>\n<meta property=\"og:description\" content=\"Twoje zdj\u0119cie w formie niepowtarzalnego Line Artu, stworzonego przez naszych grafik\u00f3w Zawieszka o \u015brednicy 20 mm, wykonana z najwy\u017cszej jako\u015bci srebra pr\u00f3by 925, precyzyjnie grawerowana laserowo i wyko\u0144czona z najwy\u017csz\u0105 precyzj\u0105 Dodaj dedykacj\u0119 prosto z serca Zaprojektuj w 2 minuty Podgl\u0105d projektu na ka\u017cdym etapie pozwoli Ci dopracowa\u0107 ka\u017cdy detal\" \/>\n<meta property=\"og:url\" content=\"https:\/\/positiveprints.com\/pl\/produkt\/bizuteria-line-art\/\" \/>\n<meta property=\"og:site_name\" content=\"Positive Prints\" \/>\n<meta property=\"article:publisher\" content=\"https:\/\/www.facebook.com\/positiveprintscom\" \/>\n<meta property=\"article:modified_time\" content=\"2026-04-28T12:52:57+00:00\" \/>\n<meta property=\"og:image\" content=\"https:\/\/positiveprints.com\/wp-content\/uploads\/2025\/10\/MAIN_PL_Biz\u0307uteria-Line-Art.webp\" \/>\n\t<meta property=\"og:image:width\" content=\"2500\" \/>\n\t<meta property=\"og:image:height\" content=\"2500\" \/>\n\t<meta property=\"og:image:type\" content=\"image\/webp\" \/>\n<meta name=\"twitter:card\" content=\"summary_large_image\" \/>\n<!-- \/ Yoast SEO Premium plugin. -->","yoast_head_json":{"title":"Bi\u017cuteria Line Art - Positive Prints","description":"Zamie\u0144 swoje ulubione wspomnienia w sztuk\u0119 do noszenia dzi\u0119ki personalizowanej Bi\u017cuterii Line Art. Stw\u00f3rz swoj\u0105 ju\u017c teraz!","robots":{"index":"index","follow":"follow","max-snippet":"max-snippet:-1","max-image-preview":"max-image-preview:large","max-video-preview":"max-video-preview:-1"},"canonical":"https:\/\/positiveprints.com\/pl\/produkt\/bizuteria-line-art\/","og_locale":"pl_PL","og_type":"article","og_title":"Bi\u017cuteria Line Art","og_description":"Twoje zdj\u0119cie w formie niepowtarzalnego Line Artu, stworzonego przez naszych grafik\u00f3w Zawieszka o \u015brednicy 20 mm, wykonana z najwy\u017cszej jako\u015bci srebra pr\u00f3by 925, precyzyjnie grawerowana laserowo i wyko\u0144czona z najwy\u017csz\u0105 precyzj\u0105 Dodaj dedykacj\u0119 prosto z serca Zaprojektuj w 2 minuty Podgl\u0105d projektu na ka\u017cdym etapie pozwoli Ci dopracowa\u0107 ka\u017cdy detal","og_url":"https:\/\/positiveprints.com\/pl\/produkt\/bizuteria-line-art\/","og_site_name":"Positive Prints","article_publisher":"https:\/\/www.facebook.com\/positiveprintscom","article_modified_time":"2026-04-28T12:52:57+00:00","og_image":[{"width":2500,"height":2500,"url":"https:\/\/positiveprints.com\/wp-content\/uploads\/2025\/10\/MAIN_PL_Biz\u0307uteria-Line-Art.webp","type":"image\/webp"}],"twitter_card":"summary_large_image","schema":{"@context":"https:\/\/schema.org","@graph":[{"@type":["WebPage","ItemPage"],"@id":"https:\/\/positiveprints.com\/pl\/produkt\/bizuteria-line-art\/","url":"https:\/\/positiveprints.com\/pl\/produkt\/bizuteria-line-art\/","name":"Bi\u017cuteria Line Art - Positive Prints","isPartOf":{"@id":"https:\/\/positiveprints.com\/pl\/#website"},"primaryImageOfPage":{"@id":"https:\/\/positiveprints.com\/pl\/produkt\/bizuteria-line-art\/#primaryimage"},"image":{"@id":"https:\/\/positiveprints.com\/pl\/produkt\/bizuteria-line-art\/#primaryimage"},"thumbnailUrl":"https:\/\/positiveprints.com\/wp-content\/uploads\/2025\/10\/MAIN_PL_Biz\u0307uteria-Line-Art.webp","datePublished":"2024-04-22T07:31:06+00:00","dateModified":"2026-04-28T12:52:57+00:00","description":"Zamie\u0144 swoje ulubione wspomnienia w sztuk\u0119 do noszenia dzi\u0119ki personalizowanej Bi\u017cuterii Line Art. Stw\u00f3rz swoj\u0105 ju\u017c teraz!","breadcrumb":{"@id":"https:\/\/positiveprints.com\/pl\/produkt\/bizuteria-line-art\/#breadcrumb"},"inLanguage":"pl-PL","potentialAction":[{"@type":"ReadAction","target":["https:\/\/positiveprints.com\/pl\/produkt\/bizuteria-line-art\/"]}]},{"@type":"ImageObject","inLanguage":"pl-PL","@id":"https:\/\/positiveprints.com\/pl\/produkt\/bizuteria-line-art\/#primaryimage","url":"https:\/\/positiveprints.com\/wp-content\/uploads\/2025\/10\/MAIN_PL_Biz\u0307uteria-Line-Art.webp","contentUrl":"https:\/\/positiveprints.com\/wp-content\/uploads\/2025\/10\/MAIN_PL_Biz\u0307uteria-Line-Art.webp","width":2500,"height":2500},{"@type":"BreadcrumbList","@id":"https:\/\/positiveprints.com\/pl\/produkt\/bizuteria-line-art\/#breadcrumb","itemListElement":[{"@type":"ListItem","position":1,"name":"Home","item":"https:\/\/positiveprints.com\/pl\/"},{"@type":"ListItem","position":2,"name":"Produkty","item":"https:\/\/positiveprints.com\/pl\/shop\/"},{"@type":"ListItem","position":3,"name":"Bi\u017cuteria Line Art"}]},{"@type":"WebSite","@id":"https:\/\/positiveprints.com\/pl\/#website","url":"https:\/\/positiveprints.com\/pl\/","name":"Positive Prints","description":"Amazing Custom Personalized Gifts","publisher":{"@id":"https:\/\/positiveprints.com\/pl\/#organization"},"potentialAction":[{"@type":"SearchAction","target":{"@type":"EntryPoint","urlTemplate":"https:\/\/positiveprints.com\/pl\/?s={search_term_string}"},"query-input":{"@type":"PropertyValueSpecification","valueRequired":true,"valueName":"search_term_string"}}],"inLanguage":"pl-PL"},{"@type":"Organization","@id":"https:\/\/positiveprints.com\/pl\/#organization","name":"Positive Prints","alternateName":"Positive Prints","url":"https:\/\/positiveprints.com\/pl\/","logo":{"@type":"ImageObject","inLanguage":"pl-PL","@id":"https:\/\/positiveprints.com\/pl\/#\/schema\/logo\/image\/","url":"https:\/\/positiveprints.com\/wp-content\/uploads\/2026\/03\/245815646_1337939713319158_5671353136411139666_n.png","contentUrl":"https:\/\/positiveprints.com\/wp-content\/uploads\/2026\/03\/245815646_1337939713319158_5671353136411139666_n.png","width":800,"height":800,"caption":"Positive Prints"},"image":{"@id":"https:\/\/positiveprints.com\/pl\/#\/schema\/logo\/image\/"},"sameAs":["https:\/\/www.facebook.com\/positiveprintscom","https:\/\/www.instagram.com\/positiveprintscom\/","https:\/\/www.tiktok.com\/@positiveprintscom","https:\/\/www.pinterest.com\/positiveprintscom\/"]}]}},"jetpack_sharing_enabled":true,"_links":{"self":[{"href":"https:\/\/positiveprints.com\/pl\/wp-json\/wp\/v2\/product\/1105086","targetHints":{"allow":["GET"]}}],"collection":[{"href":"https:\/\/positiveprints.com\/pl\/wp-json\/wp\/v2\/product"}],"about":[{"href":"https:\/\/positiveprints.com\/pl\/wp-json\/wp\/v2\/types\/product"}],"wp:featuredmedia":[{"embeddable":true,"href":"https:\/\/positiveprints.com\/pl\/wp-json\/wp\/v2\/media\/1531729"}],"wp:attachment":[{"href":"https:\/\/positiveprints.com\/pl\/wp-json\/wp\/v2\/media?parent=1105086"}],"wp:term":[{"taxonomy":"product_brand","embeddable":true,"href":"https:\/\/positiveprints.com\/pl\/wp-json\/wp\/v2\/product_brand?post=1105086"},{"taxonomy":"product_cat","embeddable":true,"href":"https:\/\/positiveprints.com\/pl\/wp-json\/wp\/v2\/product_cat?post=1105086"},{"taxonomy":"product_tag","embeddable":true,"href":"https:\/\/positiveprints.com\/pl\/wp-json\/wp\/v2\/product_tag?post=1105086"}],"curies":[{"name":"wp","href":"https:\/\/api.w.org\/{rel}","templated":true}]}}