{"id":1104985,"date":"2024-04-22T19:48:52","date_gmt":"2024-04-22T18:48:52","guid":{"rendered":"https:\/\/positiveprints.com\/?post_type=product&#038;p=1104985"},"modified":"2026-04-03T02:54:02","modified_gmt":"2026-04-03T01:54:02","slug":"bizuteria-ze-wspolrzednymi-geograficznymi","status":"publish","type":"product","link":"https:\/\/positiveprints.com\/pl\/produkt\/bizuteria-ze-wspolrzednymi-geograficznymi\/","title":{"rendered":"Bi\u017cuteria ze Wsp\u00f3\u0142rz\u0119dnymi Geograficznymi"},"content":{"rendered":"<p>Czy kiedykolwiek chcia\u0142e\u015b mie\u0107 przy sobie kawa\u0142ek swoich najcenniejszych wspomnie\u0144, gdziekolwiek jeste\u015b? Odkryj nasz\u0105 bi\u017cuteri\u0119 z personalizowanymi wsp\u00f3\u0142rz\u0119dnymi geograficznymi. Ale co sprawia, \u017ce ta bi\u017cuteria jest tak wyj\u0105tkowa?<\/p>\n\n\n\n<h2>Stw\u00f3rz swoj\u0105 personalizowan\u0105 Bi\u017cuteri\u0119 ze Wsp\u00f3\u0142rz\u0119dnymi Geograficznymi<\/h2>\n\n<p>Dzi\u0119ki naszej personalizowanej Bi\u017cuterii ze Wsp\u00f3\u0142rz\u0119dnymi Geograficznymi mo\u017cesz uchwyci\u0107 dok\u0142adne miejsce, w kt\u00f3rym rozegra\u0142y si\u0119 Twoje najcenniejsze chwile. Korzystaj\u0105c z naszego intuicyjnego kreatora online, po prostu wybierz po\u017c\u0105dan\u0105 lokalizacj\u0119, a my wygrawerujemy jej wsp\u00f3\u0142rz\u0119dne z przodu wisiorka.<\/p>\n\n\n\n<p>Ale to nie wszystko &#8211; mo\u017cesz r\u00f3wnie\u017c doda\u0107 w\u0142asn\u0105 wiadomo\u015b\u0107 z ty\u0142u wisiorka, czyni\u0105c go prawdziwie spersonalizowan\u0105 pami\u0105tk\u0105.<\/p>\n\n\n\n<p>Ka\u017cda zawieszka, zar\u00f3wno sama, jak i z 45-centymetrowym \u0142a\u0144cuszkiem, jest grawerowana laserowo, aby zapewni\u0107 precyzj\u0119 i trwa\u0142o\u015b\u0107 Oznacza to, \u017ce Twoja wyj\u0105tkowa bi\u017cuteria przetrwa pr\u00f3b\u0119 czasu, podobnie jak Twoje cenne wspomnienia.<\/p>\n\n\n\n<h2>Zamawianie Bi\u017cuterii ze Wsp\u00f3\u0142rz\u0119dnymi Geograficznymi na prezent<\/h2>\n\n<p>Szukasz idealnego prezentu dla ukochanej osoby? Nasza Bi\u017cuterii ze Wsp\u00f3\u0142rz\u0119dnymi Geograficznymi jest odpowiedzi\u0105. Wyobra\u017a sobie rado\u015b\u0107 na jej twarzy, gdy otrzyma wisiorek ze wsp\u00f3\u0142rz\u0119dnymi miejsca, w kt\u00f3rym po raz pierwszy si\u0119 spotkali\u015bcie lub innego miejsca, kt\u00f3re ma szczeg\u00f3lne znaczenie dla Was obojga. To serdeczny gest, kt\u00f3ry wiele m\u00f3wi o Waszym zwi\u0105zku.<\/p>\n\n\n\n<p>Zamawianie jest bardzo proste &#8211; wystarczy odwiedzi\u0107 nasz\u0105 stron\u0119 internetow\u0105, skorzysta\u0107 z naszego kreatora online, aby spersonalizowa\u0107 sw\u00f3j wisiorek, wybra\u0107 preferowany materia\u0142 i opcj\u0119 \u0142a\u0144cuszka, a nast\u0119pnie z\u0142o\u017cy\u0107 zam\u00f3wienie. \n\nMy zajmiemy si\u0119 reszt\u0105, zapewniaj\u0105c eleganckie zapakowanie wisiorka w pude\u0142ko jubilerskie, wraz z instrukcj\u0105 piel\u0119gnacji i specjaln\u0105 \u015bciereczk\u0105 do czyszczenia.<\/p>\n\n\n\n<p>Niezale\u017cnie od tego, czy \u015bwi\u0119tujesz kamie\u0144 milowy, upami\u0119tniasz wyj\u0105tkow\u0105 chwil\u0119, czy po prostu pokazujesz komu\u015b, \u017ce Ci zale\u017cy, nasza Bi\u017cuteria ze Wsp\u00f3\u0142rz\u0119dnymi Geograficznymi jest idealnym sposobem na wyra\u017cenie mi\u0142o\u015bci i zachowanie wspomnie\u0144 blisko serca. Dlaczego wi\u0119c czeka\u0107? Stw\u00f3rz swoj\u0105 spersonalizowan\u0105 bi\u017cuteri\u0119 ju\u017c dzi\u015b i pozw\u00f3l swoim wspomnieniom zab\u0142ysn\u0105\u0107!<\/p>","protected":false},"excerpt":{"rendered":"<ul class=\"check-list\">\n<li>Stw\u00f3rz wyj\u0105tkow\u0105 bi\u017cuteri\u0119 ze wsp\u00f3\u0142rz\u0119dnymi geograficznymi specjalnego miejsca<\/li>\n<li>Zawieszka o \u015brednicy 20 mm wykonana z najwy\u017cszej jako\u015bci srebra pr\u00f3by 925, grawerowana laserowo i wyka\u0144czana r\u0119cznie<\/li>\n<li>Wybierz wzruszaj\u0105cy tekst w zale\u017cno\u015bci od okazji<\/li>\n<li>Zaprojektuj w zaledwie 2 minuty<\/li>\n<li>Podgl\u0105d projektu na ka\u017cdym etapie<\/li>\n<\/ul>\n","protected":false},"featured_media":1551967,"template":"","meta":[],"product_brand":[],"product_cat":[12181,7770,11413,11407,7786,7690,11410,8190,15037,7834,7739,11416,11417,9255,12256,5296,5271,99],"product_tag":[9316,9331,9339,12776,13360,11815,11813,13478,9356,11901,11902],"class_list":{"0":"post-1104985","1":"product","2":"type-product","3":"status-publish","4":"has-post-thumbnail","6":"product_cat-coordinates-jewelry-pl","7":"product_cat-prezent-dla-corki","8":"product_cat-prezenty-pod-choinke-dla-dzieci","9":"product_cat-prezenty-pod-choinke-dla-dziewczyny","10":"product_cat-prezent-dla-dziewczyny","11":"product_cat-prezent-dla-kobiety","12":"product_cat-prezenty-pod-choinke-dla-niej","13":"product_cat-dla-niej","14":"product_cat-prezenty-pod-choinke-dla-przyjaciol","15":"product_cat-prezent-dla-przyjaciol","16":"product_cat-prezent-dla-siostry","17":"product_cat-prezenty-pod-choinke-dla-siostry","18":"product_cat-prezenty-pod-choinke-dla-zony","19":"product_cat-jewelry-pl","20":"product_cat-jewelry-basic-pl","21":"product_cat-prezent-na-parapetowke","22":"product_cat-prezent-na-boze-narodzenie","23":"product_cat-wszystkie-produkty","24":"product_tag-lancuszek","25":"product_tag-medalion","26":"product_tag-naszyjnik","27":"product_tag-prezent-pod-choinke-dla-siostry","28":"product_tag-prezent-swiateczny-dla-babci","29":"product_tag-prezenty-pod-choinke-dla-niej","30":"product_tag-prezenty-pod-choinke-dla-zony","31":"product_tag-prezenty-swiateczne-dla-przyjaciol","32":"product_tag-wisiorek","33":"product_tag-zawieszka","34":"product_tag-zawieszki","36":"first","37":"instock","38":"sale","39":"taxable","40":"shipping-taxable","41":"purchasable","42":"product-type-variable"},"yoast_head":"<!-- This site is optimized with the Yoast SEO Premium plugin v27.2 (Yoast SEO v27.2) - https:\/\/yoast.com\/product\/yoast-seo-premium-wordpress\/ -->\n<title>Bi\u017cuteria ze Wsp\u00f3\u0142rz\u0119dnymi Geograficznymi - Positive Prints<\/title>\n<meta name=\"description\" content=\"Zachowaj cenne miejsca w sercu dzi\u0119ki personalizowanej bi\u017cuterii ze wsp\u00f3\u0142rz\u0119dnymi geograficznymi. Zaprojektuj swoj\u0105 ju\u017c dzi\u015b!\" \/>\n<meta name=\"robots\" content=\"index, follow, max-snippet:-1, max-image-preview:large, max-video-preview:-1\" \/>\n<link rel=\"canonical\" href=\"https:\/\/positiveprints.com\/pl\/produkt\/bizuteria-ze-wspolrzednymi-geograficznymi\/\" \/>\n<meta property=\"og:locale\" content=\"pl_PL\" \/>\n<meta property=\"og:type\" content=\"article\" \/>\n<meta property=\"og:title\" content=\"Bi\u017cuteria ze Wsp\u00f3\u0142rz\u0119dnymi Geograficznymi\" \/>\n<meta property=\"og:description\" content=\"Stw\u00f3rz wyj\u0105tkow\u0105 bi\u017cuteri\u0119 ze wsp\u00f3\u0142rz\u0119dnymi geograficznymi specjalnego miejsca Zawieszka o \u015brednicy 20 mm wykonana z najwy\u017cszej jako\u015bci srebra pr\u00f3by 925, grawerowana laserowo i wyka\u0144czana r\u0119cznie Wybierz wzruszaj\u0105cy tekst w zale\u017cno\u015bci od okazji Zaprojektuj w zaledwie 2 minuty Podgl\u0105d projektu na ka\u017cdym etapie\" \/>\n<meta property=\"og:url\" content=\"https:\/\/positiveprints.com\/pl\/produkt\/bizuteria-ze-wspolrzednymi-geograficznymi\/\" \/>\n<meta property=\"og:site_name\" content=\"Positive Prints\" \/>\n<meta property=\"article:publisher\" content=\"https:\/\/www.facebook.com\/positiveprintscom\" \/>\n<meta property=\"article:modified_time\" content=\"2026-04-03T01:54:02+00:00\" \/>\n<meta property=\"og:image\" content=\"https:\/\/positiveprints.com\/wp-content\/uploads\/2025\/10\/MAIN-and-packshot-all-Custom-Coordinates-Jewelry.webp\" \/>\n\t<meta property=\"og:image:width\" content=\"2500\" \/>\n\t<meta property=\"og:image:height\" content=\"2500\" \/>\n\t<meta property=\"og:image:type\" content=\"image\/webp\" \/>\n<meta name=\"twitter:card\" content=\"summary_large_image\" \/>\n<meta name=\"twitter:label1\" content=\"Szacowany czas czytania\" \/>\n\t<meta name=\"twitter:data1\" content=\"2 minuty\" \/>\n<!-- \/ Yoast SEO Premium plugin. -->","yoast_head_json":{"title":"Bi\u017cuteria ze Wsp\u00f3\u0142rz\u0119dnymi Geograficznymi - Positive Prints","description":"Zachowaj cenne miejsca w sercu dzi\u0119ki personalizowanej bi\u017cuterii ze wsp\u00f3\u0142rz\u0119dnymi geograficznymi. Zaprojektuj swoj\u0105 ju\u017c dzi\u015b!","robots":{"index":"index","follow":"follow","max-snippet":"max-snippet:-1","max-image-preview":"max-image-preview:large","max-video-preview":"max-video-preview:-1"},"canonical":"https:\/\/positiveprints.com\/pl\/produkt\/bizuteria-ze-wspolrzednymi-geograficznymi\/","og_locale":"pl_PL","og_type":"article","og_title":"Bi\u017cuteria ze Wsp\u00f3\u0142rz\u0119dnymi Geograficznymi","og_description":"Stw\u00f3rz wyj\u0105tkow\u0105 bi\u017cuteri\u0119 ze wsp\u00f3\u0142rz\u0119dnymi geograficznymi specjalnego miejsca Zawieszka o \u015brednicy 20 mm wykonana z najwy\u017cszej jako\u015bci srebra pr\u00f3by 925, grawerowana laserowo i wyka\u0144czana r\u0119cznie Wybierz wzruszaj\u0105cy tekst w zale\u017cno\u015bci od okazji Zaprojektuj w zaledwie 2 minuty Podgl\u0105d projektu na ka\u017cdym etapie","og_url":"https:\/\/positiveprints.com\/pl\/produkt\/bizuteria-ze-wspolrzednymi-geograficznymi\/","og_site_name":"Positive Prints","article_publisher":"https:\/\/www.facebook.com\/positiveprintscom","article_modified_time":"2026-04-03T01:54:02+00:00","og_image":[{"width":2500,"height":2500,"url":"https:\/\/positiveprints.com\/wp-content\/uploads\/2025\/10\/MAIN-and-packshot-all-Custom-Coordinates-Jewelry.webp","type":"image\/webp"}],"twitter_card":"summary_large_image","twitter_misc":{"Szacowany czas czytania":"2 minuty"},"schema":{"@context":"https:\/\/schema.org","@graph":[{"@type":["WebPage","ItemPage"],"@id":"https:\/\/positiveprints.com\/pl\/produkt\/bizuteria-ze-wspolrzednymi-geograficznymi\/","url":"https:\/\/positiveprints.com\/pl\/produkt\/bizuteria-ze-wspolrzednymi-geograficznymi\/","name":"Bi\u017cuteria ze Wsp\u00f3\u0142rz\u0119dnymi Geograficznymi - Positive Prints","isPartOf":{"@id":"https:\/\/positiveprints.com\/pl\/#website"},"primaryImageOfPage":{"@id":"https:\/\/positiveprints.com\/pl\/produkt\/bizuteria-ze-wspolrzednymi-geograficznymi\/#primaryimage"},"image":{"@id":"https:\/\/positiveprints.com\/pl\/produkt\/bizuteria-ze-wspolrzednymi-geograficznymi\/#primaryimage"},"thumbnailUrl":"https:\/\/positiveprints.com\/wp-content\/uploads\/2025\/10\/MAIN-and-packshot-all-Custom-Coordinates-Jewelry.webp","datePublished":"2024-04-22T18:48:52+00:00","dateModified":"2026-04-03T01:54:02+00:00","description":"Zachowaj cenne miejsca w sercu dzi\u0119ki personalizowanej bi\u017cuterii ze wsp\u00f3\u0142rz\u0119dnymi geograficznymi. Zaprojektuj swoj\u0105 ju\u017c dzi\u015b!","breadcrumb":{"@id":"https:\/\/positiveprints.com\/pl\/produkt\/bizuteria-ze-wspolrzednymi-geograficznymi\/#breadcrumb"},"inLanguage":"pl-PL","potentialAction":[{"@type":"ReadAction","target":["https:\/\/positiveprints.com\/pl\/produkt\/bizuteria-ze-wspolrzednymi-geograficznymi\/"]}]},{"@type":"ImageObject","inLanguage":"pl-PL","@id":"https:\/\/positiveprints.com\/pl\/produkt\/bizuteria-ze-wspolrzednymi-geograficznymi\/#primaryimage","url":"https:\/\/positiveprints.com\/wp-content\/uploads\/2025\/10\/MAIN-and-packshot-all-Custom-Coordinates-Jewelry.webp","contentUrl":"https:\/\/positiveprints.com\/wp-content\/uploads\/2025\/10\/MAIN-and-packshot-all-Custom-Coordinates-Jewelry.webp","width":2500,"height":2500},{"@type":"BreadcrumbList","@id":"https:\/\/positiveprints.com\/pl\/produkt\/bizuteria-ze-wspolrzednymi-geograficznymi\/#breadcrumb","itemListElement":[{"@type":"ListItem","position":1,"name":"Home","item":"https:\/\/positiveprints.com\/pl\/"},{"@type":"ListItem","position":2,"name":"Produkty","item":"https:\/\/positiveprints.com\/pl\/shop\/"},{"@type":"ListItem","position":3,"name":"Bi\u017cuteria ze Wsp\u00f3\u0142rz\u0119dnymi Geograficznymi"}]},{"@type":"WebSite","@id":"https:\/\/positiveprints.com\/pl\/#website","url":"https:\/\/positiveprints.com\/pl\/","name":"Positive Prints","description":"Amazing Custom Personalized Gifts","publisher":{"@id":"https:\/\/positiveprints.com\/pl\/#organization"},"potentialAction":[{"@type":"SearchAction","target":{"@type":"EntryPoint","urlTemplate":"https:\/\/positiveprints.com\/pl\/?s={search_term_string}"},"query-input":{"@type":"PropertyValueSpecification","valueRequired":true,"valueName":"search_term_string"}}],"inLanguage":"pl-PL"},{"@type":"Organization","@id":"https:\/\/positiveprints.com\/pl\/#organization","name":"Positive Prints","alternateName":"Positive Prints","url":"https:\/\/positiveprints.com\/pl\/","logo":{"@type":"ImageObject","inLanguage":"pl-PL","@id":"https:\/\/positiveprints.com\/pl\/#\/schema\/logo\/image\/","url":"https:\/\/positiveprints.com\/wp-content\/uploads\/2026\/03\/245815646_1337939713319158_5671353136411139666_n.png","contentUrl":"https:\/\/positiveprints.com\/wp-content\/uploads\/2026\/03\/245815646_1337939713319158_5671353136411139666_n.png","width":800,"height":800,"caption":"Positive Prints"},"image":{"@id":"https:\/\/positiveprints.com\/pl\/#\/schema\/logo\/image\/"},"sameAs":["https:\/\/www.facebook.com\/positiveprintscom","https:\/\/www.instagram.com\/positiveprintscom\/","https:\/\/www.tiktok.com\/@positiveprintscom","https:\/\/www.pinterest.com\/positiveprintscom\/"]}]}},"jetpack_sharing_enabled":true,"_links":{"self":[{"href":"https:\/\/positiveprints.com\/pl\/wp-json\/wp\/v2\/product\/1104985","targetHints":{"allow":["GET"]}}],"collection":[{"href":"https:\/\/positiveprints.com\/pl\/wp-json\/wp\/v2\/product"}],"about":[{"href":"https:\/\/positiveprints.com\/pl\/wp-json\/wp\/v2\/types\/product"}],"wp:featuredmedia":[{"embeddable":true,"href":"https:\/\/positiveprints.com\/pl\/wp-json\/wp\/v2\/media\/1551967"}],"wp:attachment":[{"href":"https:\/\/positiveprints.com\/pl\/wp-json\/wp\/v2\/media?parent=1104985"}],"wp:term":[{"taxonomy":"product_brand","embeddable":true,"href":"https:\/\/positiveprints.com\/pl\/wp-json\/wp\/v2\/product_brand?post=1104985"},{"taxonomy":"product_cat","embeddable":true,"href":"https:\/\/positiveprints.com\/pl\/wp-json\/wp\/v2\/product_cat?post=1104985"},{"taxonomy":"product_tag","embeddable":true,"href":"https:\/\/positiveprints.com\/pl\/wp-json\/wp\/v2\/product_tag?post=1104985"}],"curies":[{"name":"wp","href":"https:\/\/api.w.org\/{rel}","templated":true}]}}