{"id":1104629,"date":"2024-04-22T19:25:54","date_gmt":"2024-04-22T18:25:54","guid":{"rendered":"https:\/\/positiveprints.com\/?post_type=product&#038;p=1104629"},"modified":"2026-04-07T13:45:17","modified_gmt":"2026-04-07T12:45:17","slug":"bizuteria-modern-znak-zodiaku","status":"publish","type":"product","link":"https:\/\/positiveprints.com\/pl\/produkt\/bizuteria-modern-znak-zodiaku\/","title":{"rendered":"Bi\u017cuteria Modern Znak Zodiaku"},"content":{"rendered":"<p>Szukasz wyj\u0105tkowego sposobu na uczczenie swojego znaku zodiaku, jednocze\u015bnie dodaj\u0105c odrobin\u0119 nowoczesnej elegancji do swojego stylu? Odkryj nasz\u0105 personalizowan\u0105 Bi\u017cuteri\u0119 Modern Znak Zodiaku. Ale co odr\u00f3\u017cnia t\u0119 bi\u017cuteri\u0119 od reszty?<\/p>\n\n\n\n<h2>Stw\u00f3rz swoj\u0105 Bi\u017cuteri\u0119 Modern Znak Zodiaku<\/h2>\n\n<p>Nasza personalizowana Bi\u017cuteria Modern Znak Zodiaku oferuje wsp\u00f3\u0142czesne podej\u015bcie do tradycyjnych symboli zodiaku. Dzi\u0119ki naszemu przyjaznemu dla u\u017cytkownika kreatorowi online mo\u017cesz wybra\u0107 sw\u00f3j znak zodiaku lub wyszukiwa\u0107 wed\u0142ug daty, aby znale\u017a\u0107 nowoczesn\u0105 ilustracj\u0119 zodiaku, kt\u00f3ra do Ciebie przemawia.<\/p>\n\n\n\n<p>Po wybraniu projektu mo\u017cesz spersonalizowa\u0107 wisiorek za pomoc\u0105 specjalnej wiadomo\u015bci z ty\u0142u, dzi\u0119ki czemu b\u0119dzie on naprawd\u0119 jedyny w swoim rodzaju. <\/p>\n\n\n\n<p>Ka\u017cdy wisiorek, niezale\u017cnie od tego, czy jest to eleganckie k\u00f3\u0142ko, czy 45-centymetrowy \u0142a\u0144cuszek, poddawany jest precyzyjnemu grawerowaniu laserowemu, aby zapewni\u0107 nieskazitelne szczeg\u00f3\u0142y. Gwarantuje to, \u017ce personalizowana bi\u017cuteria b\u0119dzie ponadczasowym wyrazem Twojej indywidualno\u015bci.<\/p>\n\n\n\n<h2>Zamawianie Bi\u017cuterii ze Znakiem Zodiaku na prezent<\/h2>\n\n<p>Szukasz idealnego prezentu urodzinowego dla ukochanej osoby? Nasza personalizowana Bi\u017cuteria Modern Znak Zodiaku to idealny wyb\u00f3r. Wyobra\u017a sobie zachwyt na jej twarzy, gdy otrzyma wisiorek ze swoim znakiem zodiaku, ozdobiony serdeczn\u0105, personalizowan\u0105 wiadomo\u015bci\u0105 od Ciebie. To przemy\u015blany gest, kt\u00f3ry celebruje jej wyj\u0105tkow\u0105 to\u017csamo\u015b\u0107 i osobist\u0105 podr\u00f3\u017c.<\/p>\n\n\n\n<p>Zamawianie jest proste &#8211; wystarczy odwiedzi\u0107 nasz\u0105 stron\u0119 internetow\u0105, skorzysta\u0107 z intuicyjnego kreatora online, aby stworzy\u0107 sw\u00f3j wisiorek, wybra\u0107 preferowany materia\u0142 i opcj\u0119 \u0142a\u0144cuszka, a nast\u0119pnie z\u0142o\u017cy\u0107 zam\u00f3wienie. My zajmiemy si\u0119 reszt\u0105, zapewniaj\u0105c eleganckie zapakowanie wisiorka w pude\u0142ko jubilerskie, wraz z instrukcj\u0105 piel\u0119gnacji i specjaln\u0105 \u015bciereczk\u0105 do czyszczenia.<\/p>\n\n\n\n<p>Niezale\u017cnie od tego, czy chcesz upami\u0119tni\u0107 urodziny, uhonorowa\u0107 specjaln\u0105 okazj\u0119, czy po prostu wyrazi\u0107 swoj\u0105 mi\u0142o\u015b\u0107, nasza personalizowana Bi\u017cuteria Modern Znak Zodiaku jest idealnym sposobem na nawi\u0105zanie wyj\u0105tkowej wi\u0119zi. Dlaczego wi\u0119c czeka\u0107? Zaprojektuj sw\u00f3j personalizowan\u0105 bi\u017cuteri\u0119 ju\u017c dzi\u015b i podkre\u015bl sw\u00f3j znak zodiaku nowoczesnym stylem!<\/p>","protected":false},"excerpt":{"rendered":"<li>Uwiecznij sw\u00f3j znak zodiaku lub znak zodiaku ukochanej osoby, dzi\u0119ki wyj\u0105tkowej bi\u017cuterii<\/li>\n<li>Zawieszka o \u015brednicy 20 mm wykonana z najwy\u017cszej jako\u015bci srebra pr\u00f3by 925, grawerowana laserowo i wyka\u0144czana r\u0119cznie<\/li>\n<li>Wybierz wzruszaj\u0105cy tekst w zale\u017cno\u015bci od okazji<\/li>\n<li>Zaprojektuj w zaledwie 2 minuty<\/li>\n<li>Podgl\u0105d projektu na ka\u017cdym etapie<\/li>\n<\/ul>\n","protected":false},"featured_media":1551411,"template":"","meta":[],"product_brand":[],"product_cat":[7961,7594,7690,7818,7834,7739,9255,5253,11209,3126,99,12200],"product_tag":[13625],"class_list":{"0":"post-1104629","1":"product","2":"type-product","3":"status-publish","4":"has-post-thumbnail","6":"product_cat-prezenty-na-baby-shower","7":"product_cat-prezent-na-chrzest","8":"product_cat-prezent-dla-kobiety","9":"product_cat-prezent-dla-mlodych-rodzicow","10":"product_cat-prezent-dla-przyjaciol","11":"product_cat-prezent-dla-siostry","12":"product_cat-jewelry-pl","13":"product_cat-prezent-na-narodziny-dziecka","14":"product_cat-prezenty-urodzinowe-dla-niej","15":"product_cat-prezent-na-urodziny","16":"product_cat-wszystkie-produkty","17":"product_cat-zodiac-jewelry-pl","18":"product_tag-naszyjnik-zodiak","20":"first","21":"instock","22":"sale","23":"taxable","24":"shipping-taxable","25":"purchasable","26":"product-type-variable"},"yoast_head":"<!-- This site is optimized with the Yoast SEO Premium plugin v27.2 (Yoast SEO v27.2) - https:\/\/yoast.com\/product\/yoast-seo-premium-wordpress\/ -->\n<title>Bi\u017cuteria Modern Znak Zodiaku - Positive Prints<\/title>\n<meta name=\"description\" content=\"Poka\u017c sw\u00f3j znak zodiaku w nowoczesnym stylu dzi\u0119ki personalizowanej bi\u017cuterii. Zaprojektuj swoj\u0105 ju\u017c teraz!\" \/>\n<meta name=\"robots\" content=\"index, follow, max-snippet:-1, max-image-preview:large, max-video-preview:-1\" \/>\n<link rel=\"canonical\" href=\"https:\/\/positiveprints.com\/pl\/produkt\/bizuteria-modern-znak-zodiaku\/\" \/>\n<meta property=\"og:locale\" content=\"pl_PL\" \/>\n<meta property=\"og:type\" content=\"article\" \/>\n<meta property=\"og:title\" content=\"Bi\u017cuteria Modern Znak Zodiaku\" \/>\n<meta property=\"og:description\" content=\"Uwiecznij sw\u00f3j znak zodiaku lub znak zodiaku ukochanej osoby, dzi\u0119ki wyj\u0105tkowej bi\u017cuterii Zawieszka o \u015brednicy 20 mm wykonana z najwy\u017cszej jako\u015bci srebra pr\u00f3by 925, grawerowana laserowo i wyka\u0144czana r\u0119cznie Wybierz wzruszaj\u0105cy tekst w zale\u017cno\u015bci od okazji Zaprojektuj w zaledwie 2 minuty Podgl\u0105d projektu na ka\u017cdym etapie\" \/>\n<meta property=\"og:url\" content=\"https:\/\/positiveprints.com\/pl\/produkt\/bizuteria-modern-znak-zodiaku\/\" \/>\n<meta property=\"og:site_name\" content=\"Positive Prints\" \/>\n<meta property=\"article:publisher\" content=\"https:\/\/www.facebook.com\/positiveprintscom\" \/>\n<meta property=\"article:modified_time\" content=\"2026-04-07T12:45:17+00:00\" \/>\n<meta property=\"og:image\" content=\"https:\/\/positiveprints.com\/wp-content\/uploads\/2025\/10\/PACKSHOT_ALL-Custom-Modern-Zodiac-Jewelry.webp\" \/>\n\t<meta property=\"og:image:width\" content=\"1450\" \/>\n\t<meta property=\"og:image:height\" content=\"1450\" \/>\n\t<meta property=\"og:image:type\" content=\"image\/webp\" \/>\n<meta name=\"twitter:card\" content=\"summary_large_image\" \/>\n<meta name=\"twitter:label1\" content=\"Szacowany czas czytania\" \/>\n\t<meta name=\"twitter:data1\" content=\"2 minuty\" \/>\n<!-- \/ Yoast SEO Premium plugin. -->","yoast_head_json":{"title":"Bi\u017cuteria Modern Znak Zodiaku - Positive Prints","description":"Poka\u017c sw\u00f3j znak zodiaku w nowoczesnym stylu dzi\u0119ki personalizowanej bi\u017cuterii. Zaprojektuj swoj\u0105 ju\u017c teraz!","robots":{"index":"index","follow":"follow","max-snippet":"max-snippet:-1","max-image-preview":"max-image-preview:large","max-video-preview":"max-video-preview:-1"},"canonical":"https:\/\/positiveprints.com\/pl\/produkt\/bizuteria-modern-znak-zodiaku\/","og_locale":"pl_PL","og_type":"article","og_title":"Bi\u017cuteria Modern Znak Zodiaku","og_description":"Uwiecznij sw\u00f3j znak zodiaku lub znak zodiaku ukochanej osoby, dzi\u0119ki wyj\u0105tkowej bi\u017cuterii Zawieszka o \u015brednicy 20 mm wykonana z najwy\u017cszej jako\u015bci srebra pr\u00f3by 925, grawerowana laserowo i wyka\u0144czana r\u0119cznie Wybierz wzruszaj\u0105cy tekst w zale\u017cno\u015bci od okazji Zaprojektuj w zaledwie 2 minuty Podgl\u0105d projektu na ka\u017cdym etapie","og_url":"https:\/\/positiveprints.com\/pl\/produkt\/bizuteria-modern-znak-zodiaku\/","og_site_name":"Positive Prints","article_publisher":"https:\/\/www.facebook.com\/positiveprintscom","article_modified_time":"2026-04-07T12:45:17+00:00","og_image":[{"width":1450,"height":1450,"url":"https:\/\/positiveprints.com\/wp-content\/uploads\/2025\/10\/PACKSHOT_ALL-Custom-Modern-Zodiac-Jewelry.webp","type":"image\/webp"}],"twitter_card":"summary_large_image","twitter_misc":{"Szacowany czas czytania":"2 minuty"},"schema":{"@context":"https:\/\/schema.org","@graph":[{"@type":["WebPage","ItemPage"],"@id":"https:\/\/positiveprints.com\/pl\/produkt\/bizuteria-modern-znak-zodiaku\/","url":"https:\/\/positiveprints.com\/pl\/produkt\/bizuteria-modern-znak-zodiaku\/","name":"Bi\u017cuteria Modern Znak Zodiaku - Positive Prints","isPartOf":{"@id":"https:\/\/positiveprints.com\/pl\/#website"},"primaryImageOfPage":{"@id":"https:\/\/positiveprints.com\/pl\/produkt\/bizuteria-modern-znak-zodiaku\/#primaryimage"},"image":{"@id":"https:\/\/positiveprints.com\/pl\/produkt\/bizuteria-modern-znak-zodiaku\/#primaryimage"},"thumbnailUrl":"https:\/\/positiveprints.com\/wp-content\/uploads\/2025\/10\/PACKSHOT_ALL-Custom-Modern-Zodiac-Jewelry.webp","datePublished":"2024-04-22T18:25:54+00:00","dateModified":"2026-04-07T12:45:17+00:00","description":"Poka\u017c sw\u00f3j znak zodiaku w nowoczesnym stylu dzi\u0119ki personalizowanej bi\u017cuterii. Zaprojektuj swoj\u0105 ju\u017c teraz!","breadcrumb":{"@id":"https:\/\/positiveprints.com\/pl\/produkt\/bizuteria-modern-znak-zodiaku\/#breadcrumb"},"inLanguage":"pl-PL","potentialAction":[{"@type":"ReadAction","target":["https:\/\/positiveprints.com\/pl\/produkt\/bizuteria-modern-znak-zodiaku\/"]}]},{"@type":"ImageObject","inLanguage":"pl-PL","@id":"https:\/\/positiveprints.com\/pl\/produkt\/bizuteria-modern-znak-zodiaku\/#primaryimage","url":"https:\/\/positiveprints.com\/wp-content\/uploads\/2025\/10\/PACKSHOT_ALL-Custom-Modern-Zodiac-Jewelry.webp","contentUrl":"https:\/\/positiveprints.com\/wp-content\/uploads\/2025\/10\/PACKSHOT_ALL-Custom-Modern-Zodiac-Jewelry.webp","width":1450,"height":1450},{"@type":"BreadcrumbList","@id":"https:\/\/positiveprints.com\/pl\/produkt\/bizuteria-modern-znak-zodiaku\/#breadcrumb","itemListElement":[{"@type":"ListItem","position":1,"name":"Home","item":"https:\/\/positiveprints.com\/pl\/"},{"@type":"ListItem","position":2,"name":"Produkty","item":"https:\/\/positiveprints.com\/pl\/shop\/"},{"@type":"ListItem","position":3,"name":"Bi\u017cuteria Modern Znak Zodiaku"}]},{"@type":"WebSite","@id":"https:\/\/positiveprints.com\/pl\/#website","url":"https:\/\/positiveprints.com\/pl\/","name":"Positive Prints","description":"Amazing Custom Personalized Gifts","publisher":{"@id":"https:\/\/positiveprints.com\/pl\/#organization"},"potentialAction":[{"@type":"SearchAction","target":{"@type":"EntryPoint","urlTemplate":"https:\/\/positiveprints.com\/pl\/?s={search_term_string}"},"query-input":{"@type":"PropertyValueSpecification","valueRequired":true,"valueName":"search_term_string"}}],"inLanguage":"pl-PL"},{"@type":"Organization","@id":"https:\/\/positiveprints.com\/pl\/#organization","name":"Positive Prints","alternateName":"Positive Prints","url":"https:\/\/positiveprints.com\/pl\/","logo":{"@type":"ImageObject","inLanguage":"pl-PL","@id":"https:\/\/positiveprints.com\/pl\/#\/schema\/logo\/image\/","url":"https:\/\/positiveprints.com\/wp-content\/uploads\/2026\/03\/245815646_1337939713319158_5671353136411139666_n.png","contentUrl":"https:\/\/positiveprints.com\/wp-content\/uploads\/2026\/03\/245815646_1337939713319158_5671353136411139666_n.png","width":800,"height":800,"caption":"Positive Prints"},"image":{"@id":"https:\/\/positiveprints.com\/pl\/#\/schema\/logo\/image\/"},"sameAs":["https:\/\/www.facebook.com\/positiveprintscom","https:\/\/www.instagram.com\/positiveprintscom\/","https:\/\/www.tiktok.com\/@positiveprintscom","https:\/\/www.pinterest.com\/positiveprintscom\/"]}]}},"jetpack_sharing_enabled":true,"_links":{"self":[{"href":"https:\/\/positiveprints.com\/pl\/wp-json\/wp\/v2\/product\/1104629","targetHints":{"allow":["GET"]}}],"collection":[{"href":"https:\/\/positiveprints.com\/pl\/wp-json\/wp\/v2\/product"}],"about":[{"href":"https:\/\/positiveprints.com\/pl\/wp-json\/wp\/v2\/types\/product"}],"wp:featuredmedia":[{"embeddable":true,"href":"https:\/\/positiveprints.com\/pl\/wp-json\/wp\/v2\/media\/1551411"}],"wp:attachment":[{"href":"https:\/\/positiveprints.com\/pl\/wp-json\/wp\/v2\/media?parent=1104629"}],"wp:term":[{"taxonomy":"product_brand","embeddable":true,"href":"https:\/\/positiveprints.com\/pl\/wp-json\/wp\/v2\/product_brand?post=1104629"},{"taxonomy":"product_cat","embeddable":true,"href":"https:\/\/positiveprints.com\/pl\/wp-json\/wp\/v2\/product_cat?post=1104629"},{"taxonomy":"product_tag","embeddable":true,"href":"https:\/\/positiveprints.com\/pl\/wp-json\/wp\/v2\/product_tag?post=1104629"}],"curies":[{"name":"wp","href":"https:\/\/api.w.org\/{rel}","templated":true}]}}