{"id":1103869,"date":"2024-04-22T19:45:35","date_gmt":"2024-04-22T18:45:35","guid":{"rendered":"https:\/\/positiveprints.com\/?post_type=product&#038;p=1103869"},"modified":"2026-04-03T02:54:08","modified_gmt":"2026-04-03T01:54:08","slug":"bizuteria-mistyczny-znak-zodiaku","status":"publish","type":"product","link":"https:\/\/positiveprints.com\/pl\/produkt\/bizuteria-mistyczny-znak-zodiaku\/","title":{"rendered":"Bi\u017cuteria Mistyczny Znak Zodiaku"},"content":{"rendered":"Szukasz wyj\u0105tkowego sposobu na wyra\u017cenie swojej duchowo\u015bci i indywidualno\u015bci poprzez bi\u017cuteri\u0119? Nie szukaj dalej ni\u017c nasza personalizowana Bi\u017cuteria Mistyczny Znak Zodiaku. Ale co sprawia, \u017ce ta bi\u017cuteria jest tak wyj\u0105tkowa?\n\n<h2>Stw\u00f3rz swoj\u0105 personalizowan\u0105 Bi\u017cuteri\u0119 Mistyczny Znak Zodiaku<\/h2>\n\nNasza personalizowana Bi\u017cuteria Mistyczny Znak Zodiaku pozwala przekaza\u0107 Twoj\u0105 w\u0142asn\u0105 energi\u0119 do pi\u0119knie wykonanego wisiorka. Korzystaj\u0105c z naszego kreatora online, mo\u017cesz wybra\u0107 sw\u00f3j znak zodiaku lub wyszuka\u0107 wed\u0142ug daty, aby znale\u017a\u0107 ilustracj\u0119 mistycznego zodiaku, kt\u00f3ra rezonuje z Tob\u0105.\n\n\n\nPo wybraniu projektu mo\u017cesz doda\u0107 spersonalizowan\u0105 wiadomo\u015b\u0107 z ty\u0142u wisiorka, aby uczyni\u0107 go niepowtarzalnym. \n\n\n\nKa\u017cda zawieszka, zar\u00f3wno sama, jak i z 45-centymetrowym \u0142a\u0144cuszkiem, jest grawerowana laserowo, aby przeku\u0107 znak zodiaku w bi\u017cuteri\u0119 specjalnie dla Ciebie. Niewielki znak pr\u00f3by metalu na zawieszce i \u0142a\u0144cuszku zapewnia unikatowo\u015b\u0107 i wysok\u0105 jako\u015b\u0107. Gwarantuje to, \u017ce Twoja personalizowana bi\u017cuteria b\u0119dzie ponadczasowym skarbem, kt\u00f3ry odzwierciedla Twoj\u0105 indywidualno\u015b\u0107.\n\n<h2>Uczcij wyj\u0105tkow\u0105 to\u017csamo\u015b\u0107 i duchow\u0105 podr\u00f3\u017c<\/h2>\n\nSzukasz idealnego prezentu urodzinowego dla ukochanej osoby? Nasza personalizowana Bi\u017cuteria Mistyczny Znak Zodiaku jest odpowiedzi\u0105. Wyobra\u017a sobie rado\u015b\u0107 na jej twarzy, gdy otrzyma wisiorek ze swoim znakiem zodiaku, kt\u00f3remu towarzyszy szczera, spersonalizowana wiadomo\u015b\u0107 od Ciebie. To przemy\u015blany gest, kt\u00f3ry celebruje jej wyj\u0105tkow\u0105 to\u017csamo\u015b\u0107 i duchow\u0105 podr\u00f3\u017c.\n\n\n\nZamawianie jest proste &#8211; wystarczy odwiedzi\u0107 nasz\u0105 stron\u0119 internetow\u0105, wprowadzi\u0107 odpowiednie dane, wpisa\u0107 wiadomo\u015b\u0107, wybra\u0107 preferowany materia\u0142 i opcj\u0119 \u0142a\u0144cuszka, a nast\u0119pnie z\u0142o\u017cy\u0107 zam\u00f3wienie. My zajmiemy si\u0119 reszt\u0105, zapewniaj\u0105c, \u017ce wisiorek zostanie pi\u0119knie zapakowany w pude\u0142ko jubilerskie, wraz z instrukcj\u0105 piel\u0119gnacji i specjaln\u0105 \u015bciereczk\u0105 do czyszczenia.\n\n\n\nNiezale\u017cnie od tego, czy \u015bwi\u0119tujesz urodziny, honorujesz specjaln\u0105 okazj\u0119, czy po prostu pokazujesz komu\u015b, \u017ce Ci zale\u017cy, nasza personalizowana Bi\u017cuteria Mistyczny Znak Zodiaku jest idealnym sposobem na przekazanie swojej mi\u0142o\u015bci i duchowej wi\u0119zi. Po co wi\u0119c czeka\u0107? Stw\u00f3rz swoj\u0105 personalizowan\u0105 bi\u017cuteri\u0119 ju\u017c dzi\u015b i pozw\u00f3l swojej wyj\u0105tkowej energii \u015bwieci\u0107 jasno!","protected":false},"excerpt":{"rendered":"<ul class=\"check-list\">\n<li>Uwiecznij sw\u00f3j znak zodiaku lub znak zodiaku ukochanej osoby, dzi\u0119ki wyj\u0105tkowej bi\u017cuterii<\/li>\n<li>Zawieszka o \u015brednicy 20 mm wykonana z najwy\u017cszej jako\u015bci srebra pr\u00f3by 925, grawerowana laserowo i wyka\u0144czana r\u0119cznie<\/li>\n<li>Wybierz wzruszaj\u0105cy tekst w zale\u017cno\u015bci od okazji<\/li>\n<li>Zaprojektuj w zaledwie 2 minuty<\/li>\n<li>Podgl\u0105d projektu na ka\u017cdym etapie<\/li>\n<\/ul>\n","protected":false},"featured_media":1549991,"template":"","meta":[],"product_brand":[],"product_cat":[7961,7594,11408,7770,11413,7786,11407,7690,11414,8190,11410,15037,7834,7739,11416,7753,11417,9255,12256,5253,11209,5271,3126,99,12200],"product_tag":[13625,12776,13360,11770,11819,11815,11813,13478],"class_list":{"0":"post-1103869","1":"product","2":"type-product","3":"status-publish","4":"has-post-thumbnail","6":"product_cat-prezenty-na-baby-shower","7":"product_cat-prezent-na-chrzest","8":"product_cat-prezenty-pod-choinke-dla-babci","9":"product_cat-prezent-dla-corki","10":"product_cat-prezenty-pod-choinke-dla-dzieci","11":"product_cat-prezent-dla-dziewczyny","12":"product_cat-prezenty-pod-choinke-dla-dziewczyny","13":"product_cat-prezent-dla-kobiety","14":"product_cat-prezenty-pod-choinke-dla-mamy","15":"product_cat-dla-niej","16":"product_cat-prezenty-pod-choinke-dla-niej","17":"product_cat-prezenty-pod-choinke-dla-przyjaciol","18":"product_cat-prezent-dla-przyjaciol","19":"product_cat-prezent-dla-siostry","20":"product_cat-prezenty-pod-choinke-dla-siostry","21":"product_cat-prezent-dla-zony","22":"product_cat-prezenty-pod-choinke-dla-zony","23":"product_cat-jewelry-pl","24":"product_cat-jewelry-basic-pl","25":"product_cat-prezent-na-narodziny-dziecka","26":"product_cat-prezenty-urodzinowe-dla-niej","27":"product_cat-prezent-na-boze-narodzenie","28":"product_cat-prezent-na-urodziny","29":"product_cat-wszystkie-produkty","30":"product_cat-zodiac-jewelry-pl","31":"product_tag-naszyjnik-zodiak","32":"product_tag-prezent-pod-choinke-dla-siostry","33":"product_tag-prezent-swiateczny-dla-babci","34":"product_tag-prezenty-pod-choinke-dla-dziewczyny","35":"product_tag-prezenty-pod-choinke-dla-mamy","36":"product_tag-prezenty-pod-choinke-dla-niej","37":"product_tag-prezenty-pod-choinke-dla-zony","38":"product_tag-prezenty-swiateczne-dla-przyjaciol","40":"first","41":"instock","42":"sale","43":"taxable","44":"shipping-taxable","45":"purchasable","46":"product-type-variable"},"yoast_head":"<!-- This site is optimized with the Yoast SEO Premium plugin v27.2 (Yoast SEO v27.2) - https:\/\/yoast.com\/product\/yoast-seo-premium-wordpress\/ -->\n<title>Bi\u017cuteria Mistyczny Znak Zodiaku - Positive Prints<\/title>\n<meta name=\"description\" content=\"Wyrusz w duchow\u0105 podr\u00f3\u017c z personalizowan\u0105 bi\u017cuteri\u0105 ze znakiem zodiaku. Zaprojektuj swoj\u0105 online!\" \/>\n<meta name=\"robots\" content=\"index, follow, max-snippet:-1, max-image-preview:large, max-video-preview:-1\" \/>\n<link rel=\"canonical\" href=\"https:\/\/positiveprints.com\/pl\/produkt\/bizuteria-mistyczny-znak-zodiaku\/\" \/>\n<meta property=\"og:locale\" content=\"pl_PL\" \/>\n<meta property=\"og:type\" content=\"article\" \/>\n<meta property=\"og:title\" content=\"Bi\u017cuteria Mistyczny Znak Zodiaku\" \/>\n<meta property=\"og:description\" content=\"Uwiecznij sw\u00f3j znak zodiaku lub znak zodiaku ukochanej osoby, dzi\u0119ki wyj\u0105tkowej bi\u017cuterii   Zawieszka o \u015brednicy 20 mm wykonana z najwy\u017cszej jako\u015bci srebra pr\u00f3by 925, grawerowana laserowo i wyka\u0144czana r\u0119cznie   Wybierz wzruszaj\u0105cy tekst w zale\u017cno\u015bci od okazji   Zaprojektuj w zaledwie 2 minuty   Podgl\u0105d projektu na ka\u017cdym etapie\" \/>\n<meta property=\"og:url\" content=\"https:\/\/positiveprints.com\/pl\/produkt\/bizuteria-mistyczny-znak-zodiaku\/\" \/>\n<meta property=\"og:site_name\" content=\"Positive Prints\" \/>\n<meta property=\"article:publisher\" content=\"https:\/\/www.facebook.com\/positiveprintscom\" \/>\n<meta property=\"article:modified_time\" content=\"2026-04-03T01:54:08+00:00\" \/>\n<meta property=\"og:image\" content=\"https:\/\/positiveprints.com\/wp-content\/uploads\/2025\/10\/main-and-packshot-Custom-Spiritual-Zodiac-Jewelry.webp\" \/>\n\t<meta property=\"og:image:width\" content=\"2500\" \/>\n\t<meta property=\"og:image:height\" content=\"2500\" \/>\n\t<meta property=\"og:image:type\" content=\"image\/webp\" \/>\n<meta name=\"twitter:card\" content=\"summary_large_image\" \/>\n<meta name=\"twitter:label1\" content=\"Szacowany czas czytania\" \/>\n\t<meta name=\"twitter:data1\" content=\"2 minuty\" \/>\n<!-- \/ Yoast SEO Premium plugin. -->","yoast_head_json":{"title":"Bi\u017cuteria Mistyczny Znak Zodiaku - Positive Prints","description":"Wyrusz w duchow\u0105 podr\u00f3\u017c z personalizowan\u0105 bi\u017cuteri\u0105 ze znakiem zodiaku. Zaprojektuj swoj\u0105 online!","robots":{"index":"index","follow":"follow","max-snippet":"max-snippet:-1","max-image-preview":"max-image-preview:large","max-video-preview":"max-video-preview:-1"},"canonical":"https:\/\/positiveprints.com\/pl\/produkt\/bizuteria-mistyczny-znak-zodiaku\/","og_locale":"pl_PL","og_type":"article","og_title":"Bi\u017cuteria Mistyczny Znak Zodiaku","og_description":"Uwiecznij sw\u00f3j znak zodiaku lub znak zodiaku ukochanej osoby, dzi\u0119ki wyj\u0105tkowej bi\u017cuterii   Zawieszka o \u015brednicy 20 mm wykonana z najwy\u017cszej jako\u015bci srebra pr\u00f3by 925, grawerowana laserowo i wyka\u0144czana r\u0119cznie   Wybierz wzruszaj\u0105cy tekst w zale\u017cno\u015bci od okazji   Zaprojektuj w zaledwie 2 minuty   Podgl\u0105d projektu na ka\u017cdym etapie","og_url":"https:\/\/positiveprints.com\/pl\/produkt\/bizuteria-mistyczny-znak-zodiaku\/","og_site_name":"Positive Prints","article_publisher":"https:\/\/www.facebook.com\/positiveprintscom","article_modified_time":"2026-04-03T01:54:08+00:00","og_image":[{"width":2500,"height":2500,"url":"https:\/\/positiveprints.com\/wp-content\/uploads\/2025\/10\/main-and-packshot-Custom-Spiritual-Zodiac-Jewelry.webp","type":"image\/webp"}],"twitter_card":"summary_large_image","twitter_misc":{"Szacowany czas czytania":"2 minuty"},"schema":{"@context":"https:\/\/schema.org","@graph":[{"@type":["WebPage","ItemPage"],"@id":"https:\/\/positiveprints.com\/pl\/produkt\/bizuteria-mistyczny-znak-zodiaku\/","url":"https:\/\/positiveprints.com\/pl\/produkt\/bizuteria-mistyczny-znak-zodiaku\/","name":"Bi\u017cuteria Mistyczny Znak Zodiaku - Positive Prints","isPartOf":{"@id":"https:\/\/positiveprints.com\/pl\/#website"},"primaryImageOfPage":{"@id":"https:\/\/positiveprints.com\/pl\/produkt\/bizuteria-mistyczny-znak-zodiaku\/#primaryimage"},"image":{"@id":"https:\/\/positiveprints.com\/pl\/produkt\/bizuteria-mistyczny-znak-zodiaku\/#primaryimage"},"thumbnailUrl":"https:\/\/positiveprints.com\/wp-content\/uploads\/2025\/10\/main-and-packshot-Custom-Spiritual-Zodiac-Jewelry.webp","datePublished":"2024-04-22T18:45:35+00:00","dateModified":"2026-04-03T01:54:08+00:00","description":"Wyrusz w duchow\u0105 podr\u00f3\u017c z personalizowan\u0105 bi\u017cuteri\u0105 ze znakiem zodiaku. Zaprojektuj swoj\u0105 online!","breadcrumb":{"@id":"https:\/\/positiveprints.com\/pl\/produkt\/bizuteria-mistyczny-znak-zodiaku\/#breadcrumb"},"inLanguage":"pl-PL","potentialAction":[{"@type":"ReadAction","target":["https:\/\/positiveprints.com\/pl\/produkt\/bizuteria-mistyczny-znak-zodiaku\/"]}]},{"@type":"ImageObject","inLanguage":"pl-PL","@id":"https:\/\/positiveprints.com\/pl\/produkt\/bizuteria-mistyczny-znak-zodiaku\/#primaryimage","url":"https:\/\/positiveprints.com\/wp-content\/uploads\/2025\/10\/main-and-packshot-Custom-Spiritual-Zodiac-Jewelry.webp","contentUrl":"https:\/\/positiveprints.com\/wp-content\/uploads\/2025\/10\/main-and-packshot-Custom-Spiritual-Zodiac-Jewelry.webp","width":2500,"height":2500},{"@type":"BreadcrumbList","@id":"https:\/\/positiveprints.com\/pl\/produkt\/bizuteria-mistyczny-znak-zodiaku\/#breadcrumb","itemListElement":[{"@type":"ListItem","position":1,"name":"Home","item":"https:\/\/positiveprints.com\/pl\/"},{"@type":"ListItem","position":2,"name":"Produkty","item":"https:\/\/positiveprints.com\/pl\/shop\/"},{"@type":"ListItem","position":3,"name":"Bi\u017cuteria Mistyczny Znak Zodiaku"}]},{"@type":"WebSite","@id":"https:\/\/positiveprints.com\/pl\/#website","url":"https:\/\/positiveprints.com\/pl\/","name":"Positive Prints","description":"Amazing Custom Personalized Gifts","publisher":{"@id":"https:\/\/positiveprints.com\/pl\/#organization"},"potentialAction":[{"@type":"SearchAction","target":{"@type":"EntryPoint","urlTemplate":"https:\/\/positiveprints.com\/pl\/?s={search_term_string}"},"query-input":{"@type":"PropertyValueSpecification","valueRequired":true,"valueName":"search_term_string"}}],"inLanguage":"pl-PL"},{"@type":"Organization","@id":"https:\/\/positiveprints.com\/pl\/#organization","name":"Positive Prints","alternateName":"Positive Prints","url":"https:\/\/positiveprints.com\/pl\/","logo":{"@type":"ImageObject","inLanguage":"pl-PL","@id":"https:\/\/positiveprints.com\/pl\/#\/schema\/logo\/image\/","url":"https:\/\/positiveprints.com\/wp-content\/uploads\/2026\/03\/245815646_1337939713319158_5671353136411139666_n.png","contentUrl":"https:\/\/positiveprints.com\/wp-content\/uploads\/2026\/03\/245815646_1337939713319158_5671353136411139666_n.png","width":800,"height":800,"caption":"Positive Prints"},"image":{"@id":"https:\/\/positiveprints.com\/pl\/#\/schema\/logo\/image\/"},"sameAs":["https:\/\/www.facebook.com\/positiveprintscom","https:\/\/www.instagram.com\/positiveprintscom\/","https:\/\/www.tiktok.com\/@positiveprintscom","https:\/\/www.pinterest.com\/positiveprintscom\/"]}]}},"jetpack_sharing_enabled":true,"_links":{"self":[{"href":"https:\/\/positiveprints.com\/pl\/wp-json\/wp\/v2\/product\/1103869","targetHints":{"allow":["GET"]}}],"collection":[{"href":"https:\/\/positiveprints.com\/pl\/wp-json\/wp\/v2\/product"}],"about":[{"href":"https:\/\/positiveprints.com\/pl\/wp-json\/wp\/v2\/types\/product"}],"wp:featuredmedia":[{"embeddable":true,"href":"https:\/\/positiveprints.com\/pl\/wp-json\/wp\/v2\/media\/1549991"}],"wp:attachment":[{"href":"https:\/\/positiveprints.com\/pl\/wp-json\/wp\/v2\/media?parent=1103869"}],"wp:term":[{"taxonomy":"product_brand","embeddable":true,"href":"https:\/\/positiveprints.com\/pl\/wp-json\/wp\/v2\/product_brand?post=1103869"},{"taxonomy":"product_cat","embeddable":true,"href":"https:\/\/positiveprints.com\/pl\/wp-json\/wp\/v2\/product_cat?post=1103869"},{"taxonomy":"product_tag","embeddable":true,"href":"https:\/\/positiveprints.com\/pl\/wp-json\/wp\/v2\/product_tag?post=1103869"}],"curies":[{"name":"wp","href":"https:\/\/api.w.org\/{rel}","templated":true}]}}