{"id":1091396,"date":"2024-03-28T19:22:38","date_gmt":"2024-03-28T18:22:38","guid":{"rendered":"https:\/\/positiveprints.com\/?post_type=product&#038;p=1091396"},"modified":"2026-04-03T02:55:26","modified_gmt":"2026-04-03T01:55:26","slug":"ukonczenie-szkoly-kolaz-4-zdjec","status":"publish","type":"product","link":"https:\/\/positiveprints.com\/pl\/produkt\/ukonczenie-szkoly-kolaz-4-zdjec\/","title":{"rendered":"Uko\u0144czenie Szko\u0142y &#8211; Kola\u017c 4 Zdj\u0119\u0107"},"content":{"rendered":"<p>Szukasz idealnego prezentu z okazji uko\u0144czenia szko\u0142y przez ukochan\u0105 osob\u0119? Nie szukaj dalej! Nasz plakat &#8220;Uko\u0144czenie Szko\u0142y &#8211; Kola\u017c 4 Zdj\u0119\u0107&#8221; to idealny spos\u00f3b na uhonorowanie tego prze\u0142omowego osi\u0105gni\u0119cia i stworzenie trwa\u0142ego wspomnienia. Sprawd\u017amy, jak mo\u017cesz uczyni\u0107 dzie\u0144 uko\u0144czenia szko\u0142y wyj\u0105tkowym dzi\u0119ki personalizowanemu kola\u017cowi.<\/p>\r\n\r\n<h2>Personalizowany plakat Uko\u0144czenie Szko\u0142y &#8211; Kola\u017c 4 Zdj\u0119\u0107<\/h2>\r\n\r\n<p>Stworzenie plakatu &#8220;Uko\u0144czenie Szko\u0142y &#8211; Kola\u017c 4 Zdj\u0119\u0107&#8221; jest bardzo proste! Wystarczy wybra\u0107 motyw, kt\u00f3ry odzwierciedla podr\u00f3\u017c absolwenta &#8211; niezale\u017cnie od tego, czy s\u0105 to kolory szko\u0142y, najdumniejsze chwile czy ulubione wspomnienia. Nast\u0119pnie dodaj cztery wyj\u0105tkowe zdj\u0119cia, kt\u00f3re uchwyc\u0105 wspomnienia z uko\u0144czenia szko\u0142y, od dumnych chwil rodzinnych po radosne uroczysto\u015bci z przyjaci\u00f3\u0142mi.<\/p>\r\n\r\n<p>Gdy zdj\u0119cia s\u0105 ju\u017c gotowe, wybierz idealn\u0105 opcj\u0119, aby zaprezentowa\u0107 ich kola\u017c. Niezale\u017cnie od tego, czy zdecydujesz si\u0119 na wydrukowany plakat, plakat w ramie, wydruk na p\u0142\u00f3tnie czy plik cyfrowy do natychmiastowego pobrania, ka\u017cdy wyb\u00f3r oferuje wyj\u0105tkowy spos\u00f3b na docenienie ich osi\u0105gni\u0119\u0107. W zaledwie kilku prostych krokach mo\u017cesz stworzy\u0107 wyj\u0105tkowy prezent, kt\u00f3ry uczci ich ci\u0119\u017ck\u0105 prac\u0119 i po\u015bwi\u0119cenie.<\/p>\r\n\r\n<h2>Wyj\u0105tkowy prezent na zako\u0144czenie szko\u0142y<\/h2>\r\n\r\n<p>Wyobra\u017a sobie rado\u015b\u0107 na twarzy absolwenta, gdy rozpakowuje personalizowany prezent \u201cUko\u0144czenie Szko\u0142y &#8211; Kola\u017c 4 Zdj\u0119\u0107\u201d, przedstawiaj\u0105cy jego podr\u00f3\u017c i osi\u0105gni\u0119cia. Zam\u00f3wienie tego kola\u017cu jako prezentu to nie tylko zakup, ale dumna demonstracja ich ci\u0119\u017ckiej pracy i po\u015bwi\u0119cenia. To namacalny symbol Twojego wsparcia i wiary w ich umiej\u0119tno\u015bci, gdy rozpoczynaj\u0105 kolejny rozdzia\u0142 w \u017cyciu.<\/p>\r\n\r\n<p>Wr\u0119czenie tego kola\u017cu absolwentowi to moment pe\u0142en dumy &#8211; \u015bwiadectwo jego osi\u0105gni\u0119\u0107 i ekscytuj\u0105cej podr\u00f3\u017cy, kt\u00f3ra jest przed nim. Niezale\u017cnie od tego, czy chodzi o uko\u0144czenie szko\u0142y \u015bredniej, studi\u00f3w czy jakikolwiek inny kamie\u0144 milowy, ten prezent celebruje ich osi\u0105gni\u0119cia w niesamowity i wyj\u0105tkowy spos\u00f3b.<\/p>\r\n\r\n<p>Dzi\u0119ki ka\u017cdej starannie opracowanej opcji, aby zaprezentowa\u0107 kola\u017c w najlepszym \u015bwietle, mo\u017cesz mie\u0107 pewno\u015b\u0107, \u017ce Tw\u00f3j prezent b\u0119dzie podziwiany przez wiele lat. Zam\u00f3w ju\u017c dzi\u015b i podaruj swojemu absolwentowi prezent wyra\u017caj\u0105cy dum\u0119, mi\u0142o\u015b\u0107 i rado\u015b\u0107, gdy rozpocznie kolejn\u0105 przygod\u0119.<\/p>","protected":false},"excerpt":{"rendered":"<ul class=\"check-list\">\n<li>Poka\u017c swoj\u0105 dum\u0119 i podziw dla absolwenta za pomoc\u0105 osza\u0142amiaj\u0105cego projektu i uczcij jego \u015bcie\u017ck\u0119 edukacji i rozwoju<\/li>\n<li>Dodaj specjalne s\u0142owo, aby ka\u017cdy prezent by\u0142 wyj\u0105tkowy i wzruszaj\u0105cy<\/li>\n<li>Personalizuj w 2 minuty<\/li>\n<li>U\u017cyj jednego z naszych szablon\u00f3w lub daj popis swojej wyobra\u017ani<\/li>\n<li>Interaktywny podgl\u0105d pozwoli dopracowa\u0107 ka\u017cdy szczeg\u00f3\u0142<\/li>\n<\/ul>\n","protected":false},"featured_media":1097611,"template":"","meta":[],"product_brand":[],"product_cat":[7500,7915,99],"product_tag":[15255,8495,16698,16699],"class_list":{"0":"post-1091396","1":"product","2":"type-product","3":"status-publish","4":"has-post-thumbnail","6":"product_cat-foto-pl","7":"product_cat-prezent-na-zakonczenie-studiow","8":"product_cat-wszystkie-produkty","9":"product_tag-graduation-en-gb-pl","10":"product_tag-graduation-pl","11":"product_tag-prezent-na-zakonczenie-szkoly","12":"product_tag-prezenty-na-zakonczenie-szkoly","14":"first","15":"instock","16":"sale","17":"taxable","18":"shipping-taxable","19":"purchasable","20":"product-type-variable"},"yoast_head":"<!-- This site is optimized with the Yoast SEO Premium plugin v27.2 (Yoast SEO v27.2) - https:\/\/yoast.com\/product\/yoast-seo-premium-wordpress\/ -->\n<title>Uko\u0144czenie Szko\u0142y - Kola\u017c 4 Zdj\u0119\u0107 - Positive Prints<\/title>\n<meta name=\"description\" content=\"Upami\u0119tnij swoje uko\u0144czenie szko\u0142y dzi\u0119ki naszemu prezentowi Uko\u0144czenie Szko\u0142y - Kola\u017c 4 Zdj\u0119\u0107. Piel\u0119gnuj swoje osi\u0105gni\u0119cia za pomoc\u0105 wyj\u0105tkowego kola\u017cu. Zam\u00f3w ju\u017c dzi\u015b!\" \/>\n<meta name=\"robots\" content=\"index, follow, max-snippet:-1, max-image-preview:large, max-video-preview:-1\" \/>\n<link rel=\"canonical\" href=\"https:\/\/positiveprints.com\/pl\/produkt\/ukonczenie-szkoly-kolaz-4-zdjec\/\" \/>\n<meta property=\"og:locale\" content=\"pl_PL\" \/>\n<meta property=\"og:type\" content=\"article\" \/>\n<meta property=\"og:title\" content=\"Uko\u0144czenie Szko\u0142y - Kola\u017c 4 Zdj\u0119\u0107\" \/>\n<meta property=\"og:description\" content=\"Poka\u017c swoj\u0105 dum\u0119 i podziw dla absolwenta za pomoc\u0105 osza\u0142amiaj\u0105cego projektu i uczcij jego \u015bcie\u017ck\u0119 edukacji i rozwoju Dodaj specjalne s\u0142owo, aby ka\u017cdy prezent by\u0142 wyj\u0105tkowy i wzruszaj\u0105cy Personalizuj w 2 minuty U\u017cyj jednego z naszych szablon\u00f3w lub daj popis swojej wyobra\u017ani Interaktywny podgl\u0105d pozwoli dopracowa\u0107 ka\u017cdy szczeg\u00f3\u0142\" \/>\n<meta property=\"og:url\" content=\"https:\/\/positiveprints.com\/pl\/produkt\/ukonczenie-szkoly-kolaz-4-zdjec\/\" \/>\n<meta property=\"og:site_name\" content=\"Positive Prints\" \/>\n<meta property=\"article:publisher\" content=\"https:\/\/www.facebook.com\/positiveprintscom\" \/>\n<meta property=\"article:modified_time\" content=\"2026-04-03T01:55:26+00:00\" \/>\n<meta property=\"og:image\" content=\"https:\/\/positiveprints.com\/wp-content\/uploads\/2024\/04\/Graduation-4-Photo-Collage.jpg\" \/>\n\t<meta property=\"og:image:width\" content=\"1080\" \/>\n\t<meta property=\"og:image:height\" content=\"1080\" \/>\n\t<meta property=\"og:image:type\" content=\"image\/jpeg\" \/>\n<meta name=\"twitter:card\" content=\"summary_large_image\" \/>\n<meta name=\"twitter:label1\" content=\"Szacowany czas czytania\" \/>\n\t<meta name=\"twitter:data1\" content=\"2 minuty\" \/>\n<!-- \/ Yoast SEO Premium plugin. -->","yoast_head_json":{"title":"Uko\u0144czenie Szko\u0142y - Kola\u017c 4 Zdj\u0119\u0107 - Positive Prints","description":"Upami\u0119tnij swoje uko\u0144czenie szko\u0142y dzi\u0119ki naszemu prezentowi Uko\u0144czenie Szko\u0142y - Kola\u017c 4 Zdj\u0119\u0107. Piel\u0119gnuj swoje osi\u0105gni\u0119cia za pomoc\u0105 wyj\u0105tkowego kola\u017cu. Zam\u00f3w ju\u017c dzi\u015b!","robots":{"index":"index","follow":"follow","max-snippet":"max-snippet:-1","max-image-preview":"max-image-preview:large","max-video-preview":"max-video-preview:-1"},"canonical":"https:\/\/positiveprints.com\/pl\/produkt\/ukonczenie-szkoly-kolaz-4-zdjec\/","og_locale":"pl_PL","og_type":"article","og_title":"Uko\u0144czenie Szko\u0142y - Kola\u017c 4 Zdj\u0119\u0107","og_description":"Poka\u017c swoj\u0105 dum\u0119 i podziw dla absolwenta za pomoc\u0105 osza\u0142amiaj\u0105cego projektu i uczcij jego \u015bcie\u017ck\u0119 edukacji i rozwoju Dodaj specjalne s\u0142owo, aby ka\u017cdy prezent by\u0142 wyj\u0105tkowy i wzruszaj\u0105cy Personalizuj w 2 minuty U\u017cyj jednego z naszych szablon\u00f3w lub daj popis swojej wyobra\u017ani Interaktywny podgl\u0105d pozwoli dopracowa\u0107 ka\u017cdy szczeg\u00f3\u0142","og_url":"https:\/\/positiveprints.com\/pl\/produkt\/ukonczenie-szkoly-kolaz-4-zdjec\/","og_site_name":"Positive Prints","article_publisher":"https:\/\/www.facebook.com\/positiveprintscom","article_modified_time":"2026-04-03T01:55:26+00:00","og_image":[{"width":1080,"height":1080,"url":"https:\/\/positiveprints.com\/wp-content\/uploads\/2024\/04\/Graduation-4-Photo-Collage.jpg","type":"image\/jpeg"}],"twitter_card":"summary_large_image","twitter_misc":{"Szacowany czas czytania":"2 minuty"},"schema":{"@context":"https:\/\/schema.org","@graph":[{"@type":["WebPage","ItemPage"],"@id":"https:\/\/positiveprints.com\/pl\/produkt\/ukonczenie-szkoly-kolaz-4-zdjec\/","url":"https:\/\/positiveprints.com\/pl\/produkt\/ukonczenie-szkoly-kolaz-4-zdjec\/","name":"Uko\u0144czenie Szko\u0142y - Kola\u017c 4 Zdj\u0119\u0107 - Positive Prints","isPartOf":{"@id":"https:\/\/positiveprints.com\/pl\/#website"},"primaryImageOfPage":{"@id":"https:\/\/positiveprints.com\/pl\/produkt\/ukonczenie-szkoly-kolaz-4-zdjec\/#primaryimage"},"image":{"@id":"https:\/\/positiveprints.com\/pl\/produkt\/ukonczenie-szkoly-kolaz-4-zdjec\/#primaryimage"},"thumbnailUrl":"https:\/\/positiveprints.com\/wp-content\/uploads\/2024\/04\/Graduation-4-Photo-Collage.jpg","datePublished":"2024-03-28T18:22:38+00:00","dateModified":"2026-04-03T01:55:26+00:00","description":"Upami\u0119tnij swoje uko\u0144czenie szko\u0142y dzi\u0119ki naszemu prezentowi Uko\u0144czenie Szko\u0142y - Kola\u017c 4 Zdj\u0119\u0107. Piel\u0119gnuj swoje osi\u0105gni\u0119cia za pomoc\u0105 wyj\u0105tkowego kola\u017cu. Zam\u00f3w ju\u017c dzi\u015b!","breadcrumb":{"@id":"https:\/\/positiveprints.com\/pl\/produkt\/ukonczenie-szkoly-kolaz-4-zdjec\/#breadcrumb"},"inLanguage":"pl-PL","potentialAction":[{"@type":"ReadAction","target":["https:\/\/positiveprints.com\/pl\/produkt\/ukonczenie-szkoly-kolaz-4-zdjec\/"]}]},{"@type":"ImageObject","inLanguage":"pl-PL","@id":"https:\/\/positiveprints.com\/pl\/produkt\/ukonczenie-szkoly-kolaz-4-zdjec\/#primaryimage","url":"https:\/\/positiveprints.com\/wp-content\/uploads\/2024\/04\/Graduation-4-Photo-Collage.jpg","contentUrl":"https:\/\/positiveprints.com\/wp-content\/uploads\/2024\/04\/Graduation-4-Photo-Collage.jpg","width":1080,"height":1080,"caption":"Graduation 4 Photo Collage"},{"@type":"BreadcrumbList","@id":"https:\/\/positiveprints.com\/pl\/produkt\/ukonczenie-szkoly-kolaz-4-zdjec\/#breadcrumb","itemListElement":[{"@type":"ListItem","position":1,"name":"Home","item":"https:\/\/positiveprints.com\/pl\/"},{"@type":"ListItem","position":2,"name":"Produkty","item":"https:\/\/positiveprints.com\/pl\/shop\/"},{"@type":"ListItem","position":3,"name":"Uko\u0144czenie Szko\u0142y &#8211; Kola\u017c 4 Zdj\u0119\u0107"}]},{"@type":"WebSite","@id":"https:\/\/positiveprints.com\/pl\/#website","url":"https:\/\/positiveprints.com\/pl\/","name":"Positive Prints","description":"Amazing Custom Personalized Gifts","publisher":{"@id":"https:\/\/positiveprints.com\/pl\/#organization"},"potentialAction":[{"@type":"SearchAction","target":{"@type":"EntryPoint","urlTemplate":"https:\/\/positiveprints.com\/pl\/?s={search_term_string}"},"query-input":{"@type":"PropertyValueSpecification","valueRequired":true,"valueName":"search_term_string"}}],"inLanguage":"pl-PL"},{"@type":"Organization","@id":"https:\/\/positiveprints.com\/pl\/#organization","name":"Positive Prints","alternateName":"Positive Prints","url":"https:\/\/positiveprints.com\/pl\/","logo":{"@type":"ImageObject","inLanguage":"pl-PL","@id":"https:\/\/positiveprints.com\/pl\/#\/schema\/logo\/image\/","url":"https:\/\/positiveprints.com\/wp-content\/uploads\/2026\/03\/245815646_1337939713319158_5671353136411139666_n.png","contentUrl":"https:\/\/positiveprints.com\/wp-content\/uploads\/2026\/03\/245815646_1337939713319158_5671353136411139666_n.png","width":800,"height":800,"caption":"Positive Prints"},"image":{"@id":"https:\/\/positiveprints.com\/pl\/#\/schema\/logo\/image\/"},"sameAs":["https:\/\/www.facebook.com\/positiveprintscom","https:\/\/www.instagram.com\/positiveprintscom\/","https:\/\/www.tiktok.com\/@positiveprintscom","https:\/\/www.pinterest.com\/positiveprintscom\/"]}]}},"jetpack_sharing_enabled":true,"_links":{"self":[{"href":"https:\/\/positiveprints.com\/pl\/wp-json\/wp\/v2\/product\/1091396","targetHints":{"allow":["GET"]}}],"collection":[{"href":"https:\/\/positiveprints.com\/pl\/wp-json\/wp\/v2\/product"}],"about":[{"href":"https:\/\/positiveprints.com\/pl\/wp-json\/wp\/v2\/types\/product"}],"wp:featuredmedia":[{"embeddable":true,"href":"https:\/\/positiveprints.com\/pl\/wp-json\/wp\/v2\/media\/1097611"}],"wp:attachment":[{"href":"https:\/\/positiveprints.com\/pl\/wp-json\/wp\/v2\/media?parent=1091396"}],"wp:term":[{"taxonomy":"product_brand","embeddable":true,"href":"https:\/\/positiveprints.com\/pl\/wp-json\/wp\/v2\/product_brand?post=1091396"},{"taxonomy":"product_cat","embeddable":true,"href":"https:\/\/positiveprints.com\/pl\/wp-json\/wp\/v2\/product_cat?post=1091396"},{"taxonomy":"product_tag","embeddable":true,"href":"https:\/\/positiveprints.com\/pl\/wp-json\/wp\/v2\/product_tag?post=1091396"}],"curies":[{"name":"wp","href":"https:\/\/api.w.org\/{rel}","templated":true}]}}