{"id":1091353,"date":"2024-03-28T19:18:06","date_gmt":"2024-03-28T18:18:06","guid":{"rendered":"https:\/\/positiveprints.com\/?post_type=product&#038;p=1091353"},"modified":"2026-04-18T04:30:26","modified_gmt":"2026-04-18T03:30:26","slug":"tata-kolaz-4-zdjec","status":"publish","type":"product","link":"https:\/\/positiveprints.com\/pl\/produkt\/tata-kolaz-4-zdjec\/","title":{"rendered":"Tata &#8211; Kola\u017c 4 Zdj\u0119\u0107"},"content":{"rendered":"<p>Szukasz prezentu, kt\u00f3ry idealnie wyrazi Twoj\u0105 mi\u0142o\u015b\u0107 i uznanie dla Taty? Nie szukaj dalej! Nasz kola\u017c &#8220;Tata &#8211; Kola\u017c 4 Zdj\u0119\u0107&#8221; oferuje wyj\u0105tkowe rozwi\u0105zanie. Odkryj, jak mo\u017cesz stworzy\u0107 personalizowane arcydzie\u0142o, kt\u00f3re Tw\u00f3j Tata b\u0119dzie ceni\u0142 na zawsze.<\/p>\r\n\r\n<h2>Stworz sw\u00f3j projekt Tata &#8211; Kola\u017c 4 zdj\u0119\u0107<\/h2>\r\n\r\n\r\n<p>Zacznij od wybrania motywu, kt\u00f3ry wsp\u00f3\u0142gra z osobowo\u015bci\u0105 i zainteresowaniami Twojego Taty. Niezale\u017cnie od tego, czy chodzi o uczczenie jego roli jako &#8220;Najlepszego Taty&#8221;, czy te\u017c pokazanie niezapomnianych chwil, nasz wyb\u00f3r motyw\u00f3w zapewnia co\u015b specjalnego dla ka\u017cdego Taty. Ponadto ka\u017cdy motyw zawiera eleganck\u0105 czcionk\u0119 pisma odr\u0119cznego, kt\u00f3ra dodaje wyrafinowania.<\/p>\r\n\r\n<p>Wzboga\u0107 sw\u00f3j kola\u017c wspomnieniami, dodaj\u0105c cztery ulubione zdj\u0119cia. Od rodzinnych przyg\u00f3d po wzruszaj\u0105ce chwile &#8211; te zdj\u0119cia uchwyc\u0105 istot\u0119 Twojej wi\u0119zi z Tat\u0105. Nasz kreator u\u0142atwia przesy\u0142anie i uk\u0142adanie zdj\u0119\u0107 w celu uzyskania idealnej kompozycji.<\/p>\r\n\r\n<h2>Prezent, kt\u00f3ry skrywa wspania\u0142e wspomnienia<\/h2>\r\n\r\n<p>Podaruj swojemu Tacie prezent, kt\u00f3ry m\u00f3wi wiele, dzi\u0119ki naszemu personalizowanemu kola\u017cowi &#8220;Tata &#8211; Kola\u017c 4 Zdj\u0119\u0107&#8221;. To co\u015b wi\u0119cej ni\u017c prezent, to szczery wyraz wdzi\u0119czno\u015bci i mi\u0142o\u015bci. Niezale\u017cnie od tego, czy jest to Dzie\u0144 Ojca, jego urodziny, czy jakakolwiek inna specjalna okazja, ten kola\u017c z pewno\u015bci\u0105 sprawi, \u017ce jego dzie\u0144 b\u0119dzie niezapomniany. Niezale\u017cnie od tego, czy zdecydujesz si\u0119 na drukowany plakat, plakat w ramie, p\u0142\u00f3tno, czy plik cyfrowy do natychmiastowego pobrania, oferujemy wszechstronne opcje dostosowane do Twoich preferencji.<\/p>\r\n\r\n<p>Poka\u017c swojemu Tacie, jak wiele dla Ciebie znaczy, dzi\u0119ki prezentowi, kt\u00f3ry jest tak wyj\u0105tkowy jak on. Zam\u00f3w personalizowany kola\u017c &#8220;Tata &#8211; Kola\u017c 4 Zdj\u0119\u0107&#8221; ju\u017c dzi\u015b i daj swojemu Tacie zna\u0107, \u017ce jest naprawd\u0119 doceniany.<\/p>","protected":false},"excerpt":{"rendered":"<ul class=\"check-list\">\n<li>Poka\u017c swojemu Tacie, jak bardzo go cenisz, dzi\u0119ki wspania\u0142emu prezentowi, kt\u00f3ry upami\u0119tni wsp\u00f3lnie sp\u0119dzone chwile.<\/li>\n<li>Dodaj specjalne s\u0142owo, aby ka\u017cdy prezent by\u0142 wyj\u0105tkowy i wzruszaj\u0105cy<\/li>\n<li>Personalizuj w 2 minuty<\/li>\n<li>U\u017cyj jednego z naszych szablon\u00f3w lub daj popis swojej wyobra\u017ani<\/li>\n<li>Interaktywny podgl\u0105d pozwoli dopracowa\u0107 ka\u017cdy szczeg\u00f3\u0142<\/li>\n<\/ul>\n","protected":false},"featured_media":1096648,"template":"","meta":[],"product_brand":[],"product_cat":[15059,7978,11406,7339,7500,5271,99],"product_tag":[8556,11763,13468],"class_list":{"0":"post-1091353","1":"product","2":"type-product","3":"status-publish","4":"has-post-thumbnail","6":"product_cat-prezenty-pod-choinke-dla-rodziny","7":"product_cat-prezent-dla-taty","8":"product_cat-prezenty-pod-choinke-dla-taty","9":"product_cat-prezenty-na-dzien-ojca","10":"product_cat-foto-pl","11":"product_cat-prezent-na-boze-narodzenie","12":"product_cat-wszystkie-produkty","13":"product_tag-father-pl","14":"product_tag-prezenty-pod-choinke-dla-taty","15":"product_tag-prezenty-swiateczne-dla-rodziny","17":"first","18":"instock","19":"sale","20":"taxable","21":"shipping-taxable","22":"purchasable","23":"product-type-variable"},"yoast_head":"<!-- This site is optimized with the Yoast SEO Premium plugin v27.2 (Yoast SEO v27.2) - https:\/\/yoast.com\/product\/yoast-seo-premium-wordpress\/ -->\n<title>Tata - Kola\u017c 4 Zdj\u0119\u0107 - Positive Prints<\/title>\n<meta name=\"description\" content=\"\u015awi\u0119tuj kamienie milowe Taty z naszym prezentem Tata - Kola\u017c 4 Zdj\u0119\u0107. Stw\u00f3rz personalizowane arcydzie\u0142o w trzech prostych krokach. Zam\u00f3w teraz!\" \/>\n<meta name=\"robots\" content=\"index, follow, max-snippet:-1, max-image-preview:large, max-video-preview:-1\" \/>\n<link rel=\"canonical\" href=\"https:\/\/positiveprints.com\/pl\/produkt\/tata-kolaz-4-zdjec\/\" \/>\n<meta property=\"og:locale\" content=\"pl_PL\" \/>\n<meta property=\"og:type\" content=\"article\" \/>\n<meta property=\"og:title\" content=\"Tata - Kola\u017c 4 Zdj\u0119\u0107\" \/>\n<meta property=\"og:description\" content=\"Poka\u017c swojemu Tacie, jak bardzo go cenisz, dzi\u0119ki wspania\u0142emu prezentowi, kt\u00f3ry upami\u0119tni wsp\u00f3lnie sp\u0119dzone chwile. Dodaj specjalne s\u0142owo, aby ka\u017cdy prezent by\u0142 wyj\u0105tkowy i wzruszaj\u0105cy Personalizuj w 2 minuty U\u017cyj jednego z naszych szablon\u00f3w lub daj popis swojej wyobra\u017ani Interaktywny podgl\u0105d pozwoli dopracowa\u0107 ka\u017cdy szczeg\u00f3\u0142\" \/>\n<meta property=\"og:url\" content=\"https:\/\/positiveprints.com\/pl\/produkt\/tata-kolaz-4-zdjec\/\" \/>\n<meta property=\"og:site_name\" content=\"Positive Prints\" \/>\n<meta property=\"article:publisher\" content=\"https:\/\/www.facebook.com\/positiveprintscom\" \/>\n<meta property=\"article:modified_time\" content=\"2026-04-18T03:30:26+00:00\" \/>\n<meta property=\"og:image\" content=\"https:\/\/positiveprints.com\/wp-content\/uploads\/2024\/04\/Tata-Kolaz-4-Zdjec.jpg\" \/>\n\t<meta property=\"og:image:width\" content=\"1080\" \/>\n\t<meta property=\"og:image:height\" content=\"1080\" \/>\n\t<meta property=\"og:image:type\" content=\"image\/jpeg\" \/>\n<meta name=\"twitter:card\" content=\"summary_large_image\" \/>\n<meta name=\"twitter:label1\" content=\"Szacowany czas czytania\" \/>\n\t<meta name=\"twitter:data1\" content=\"2 minuty\" \/>\n<!-- \/ Yoast SEO Premium plugin. -->","yoast_head_json":{"title":"Tata - Kola\u017c 4 Zdj\u0119\u0107 - Positive Prints","description":"\u015awi\u0119tuj kamienie milowe Taty z naszym prezentem Tata - Kola\u017c 4 Zdj\u0119\u0107. Stw\u00f3rz personalizowane arcydzie\u0142o w trzech prostych krokach. Zam\u00f3w teraz!","robots":{"index":"index","follow":"follow","max-snippet":"max-snippet:-1","max-image-preview":"max-image-preview:large","max-video-preview":"max-video-preview:-1"},"canonical":"https:\/\/positiveprints.com\/pl\/produkt\/tata-kolaz-4-zdjec\/","og_locale":"pl_PL","og_type":"article","og_title":"Tata - Kola\u017c 4 Zdj\u0119\u0107","og_description":"Poka\u017c swojemu Tacie, jak bardzo go cenisz, dzi\u0119ki wspania\u0142emu prezentowi, kt\u00f3ry upami\u0119tni wsp\u00f3lnie sp\u0119dzone chwile. Dodaj specjalne s\u0142owo, aby ka\u017cdy prezent by\u0142 wyj\u0105tkowy i wzruszaj\u0105cy Personalizuj w 2 minuty U\u017cyj jednego z naszych szablon\u00f3w lub daj popis swojej wyobra\u017ani Interaktywny podgl\u0105d pozwoli dopracowa\u0107 ka\u017cdy szczeg\u00f3\u0142","og_url":"https:\/\/positiveprints.com\/pl\/produkt\/tata-kolaz-4-zdjec\/","og_site_name":"Positive Prints","article_publisher":"https:\/\/www.facebook.com\/positiveprintscom","article_modified_time":"2026-04-18T03:30:26+00:00","og_image":[{"width":1080,"height":1080,"url":"https:\/\/positiveprints.com\/wp-content\/uploads\/2024\/04\/Tata-Kolaz-4-Zdjec.jpg","type":"image\/jpeg"}],"twitter_card":"summary_large_image","twitter_misc":{"Szacowany czas czytania":"2 minuty"},"schema":{"@context":"https:\/\/schema.org","@graph":[{"@type":["WebPage","ItemPage"],"@id":"https:\/\/positiveprints.com\/pl\/produkt\/tata-kolaz-4-zdjec\/","url":"https:\/\/positiveprints.com\/pl\/produkt\/tata-kolaz-4-zdjec\/","name":"Tata - Kola\u017c 4 Zdj\u0119\u0107 - Positive Prints","isPartOf":{"@id":"https:\/\/positiveprints.com\/pl\/#website"},"primaryImageOfPage":{"@id":"https:\/\/positiveprints.com\/pl\/produkt\/tata-kolaz-4-zdjec\/#primaryimage"},"image":{"@id":"https:\/\/positiveprints.com\/pl\/produkt\/tata-kolaz-4-zdjec\/#primaryimage"},"thumbnailUrl":"https:\/\/positiveprints.com\/wp-content\/uploads\/2024\/04\/Tata-Kolaz-4-Zdjec.jpg","datePublished":"2024-03-28T18:18:06+00:00","dateModified":"2026-04-18T03:30:26+00:00","description":"\u015awi\u0119tuj kamienie milowe Taty z naszym prezentem Tata - Kola\u017c 4 Zdj\u0119\u0107. Stw\u00f3rz personalizowane arcydzie\u0142o w trzech prostych krokach. Zam\u00f3w teraz!","breadcrumb":{"@id":"https:\/\/positiveprints.com\/pl\/produkt\/tata-kolaz-4-zdjec\/#breadcrumb"},"inLanguage":"pl-PL","potentialAction":[{"@type":"ReadAction","target":["https:\/\/positiveprints.com\/pl\/produkt\/tata-kolaz-4-zdjec\/"]}]},{"@type":"ImageObject","inLanguage":"pl-PL","@id":"https:\/\/positiveprints.com\/pl\/produkt\/tata-kolaz-4-zdjec\/#primaryimage","url":"https:\/\/positiveprints.com\/wp-content\/uploads\/2024\/04\/Tata-Kolaz-4-Zdjec.jpg","contentUrl":"https:\/\/positiveprints.com\/wp-content\/uploads\/2024\/04\/Tata-Kolaz-4-Zdjec.jpg","width":1080,"height":1080,"caption":"Tata - Kola\u017c 4 Zdj\u0119\u0107"},{"@type":"BreadcrumbList","@id":"https:\/\/positiveprints.com\/pl\/produkt\/tata-kolaz-4-zdjec\/#breadcrumb","itemListElement":[{"@type":"ListItem","position":1,"name":"Home","item":"https:\/\/positiveprints.com\/pl\/"},{"@type":"ListItem","position":2,"name":"Produkty","item":"https:\/\/positiveprints.com\/pl\/shop\/"},{"@type":"ListItem","position":3,"name":"Tata &#8211; Kola\u017c 4 Zdj\u0119\u0107"}]},{"@type":"WebSite","@id":"https:\/\/positiveprints.com\/pl\/#website","url":"https:\/\/positiveprints.com\/pl\/","name":"Positive Prints","description":"Amazing Custom Personalized Gifts","publisher":{"@id":"https:\/\/positiveprints.com\/pl\/#organization"},"potentialAction":[{"@type":"SearchAction","target":{"@type":"EntryPoint","urlTemplate":"https:\/\/positiveprints.com\/pl\/?s={search_term_string}"},"query-input":{"@type":"PropertyValueSpecification","valueRequired":true,"valueName":"search_term_string"}}],"inLanguage":"pl-PL"},{"@type":"Organization","@id":"https:\/\/positiveprints.com\/pl\/#organization","name":"Positive Prints","alternateName":"Positive Prints","url":"https:\/\/positiveprints.com\/pl\/","logo":{"@type":"ImageObject","inLanguage":"pl-PL","@id":"https:\/\/positiveprints.com\/pl\/#\/schema\/logo\/image\/","url":"https:\/\/positiveprints.com\/wp-content\/uploads\/2026\/03\/245815646_1337939713319158_5671353136411139666_n.png","contentUrl":"https:\/\/positiveprints.com\/wp-content\/uploads\/2026\/03\/245815646_1337939713319158_5671353136411139666_n.png","width":800,"height":800,"caption":"Positive Prints"},"image":{"@id":"https:\/\/positiveprints.com\/pl\/#\/schema\/logo\/image\/"},"sameAs":["https:\/\/www.facebook.com\/positiveprintscom","https:\/\/www.instagram.com\/positiveprintscom\/","https:\/\/www.tiktok.com\/@positiveprintscom","https:\/\/www.pinterest.com\/positiveprintscom\/"]}]}},"jetpack_sharing_enabled":true,"_links":{"self":[{"href":"https:\/\/positiveprints.com\/pl\/wp-json\/wp\/v2\/product\/1091353","targetHints":{"allow":["GET"]}}],"collection":[{"href":"https:\/\/positiveprints.com\/pl\/wp-json\/wp\/v2\/product"}],"about":[{"href":"https:\/\/positiveprints.com\/pl\/wp-json\/wp\/v2\/types\/product"}],"wp:featuredmedia":[{"embeddable":true,"href":"https:\/\/positiveprints.com\/pl\/wp-json\/wp\/v2\/media\/1096648"}],"wp:attachment":[{"href":"https:\/\/positiveprints.com\/pl\/wp-json\/wp\/v2\/media?parent=1091353"}],"wp:term":[{"taxonomy":"product_brand","embeddable":true,"href":"https:\/\/positiveprints.com\/pl\/wp-json\/wp\/v2\/product_brand?post=1091353"},{"taxonomy":"product_cat","embeddable":true,"href":"https:\/\/positiveprints.com\/pl\/wp-json\/wp\/v2\/product_cat?post=1091353"},{"taxonomy":"product_tag","embeddable":true,"href":"https:\/\/positiveprints.com\/pl\/wp-json\/wp\/v2\/product_tag?post=1091353"}],"curies":[{"name":"wp","href":"https:\/\/api.w.org\/{rel}","templated":true}]}}