{"id":1090263,"date":"2024-03-28T19:13:40","date_gmt":"2024-03-28T18:13:40","guid":{"rendered":"https:\/\/positiveprints.com\/?post_type=product&#038;p=1090263"},"modified":"2026-04-12T21:11:07","modified_gmt":"2026-04-12T20:11:07","slug":"mama-kolaz-4-zdjec","status":"publish","type":"product","link":"https:\/\/positiveprints.com\/pl\/produkt\/mama-kolaz-4-zdjec\/","title":{"rendered":"Mama &#8211; Kola\u017c 4 Zdj\u0119\u0107"},"content":{"rendered":"<p>Szukasz idealnego sposobu na wyra\u017cenie swojej mi\u0142o\u015bci i uznania dla Mamy? Nasz &#8220;Mama &#8211; Kola\u017c 4 Zdj\u0119\u0107&#8221; to idealny wyb\u00f3r! Dzi\u0119ki personalizowanemu projektowi i przemy\u015blanym funkcjom, ten kola\u017c z pewno\u015bci\u0105 stanie si\u0119 cenn\u0105 pami\u0105tk\u0105 dla Twojej Mamy.<\/p>\r\n\r\n<h2>Stw\u00f3rz sw\u00f3j projekt Mama &#8211; Kola\u017c 4 zdj\u0119\u0107<\/h2>\r\n\r\n<p>Projektowanie personalizowanego kola\u017cu jest \u0142atwe dzi\u0119ki naszemu przyjaznemu dla u\u017cytkownika kreatorowi online. W zaledwie trzech prostych krokach mo\u017cesz stworzy\u0107 personalizowane arcydzie\u0142o, kt\u00f3re uchwyci istot\u0119 Twojej relacji z Mam\u0105. Zacznij od wybrania motywu przewodniego kola\u017cu. Niezale\u017cnie od tego, czy chcesz uczci\u0107 rol\u0119 swojej Mamy jako &#8220;Najlepszej Mamy&#8221;, czy te\u017c podkre\u015bli\u0107 szczeg\u00f3lne wspomnienie, nasza kolekcja motyw\u00f3w oferuje co\u015b dla ka\u017cdej Mamy. Ka\u017cdy motyw zawiera eleganck\u0105 czcionk\u0119 pisma odr\u0119cznego, kt\u00f3ra dodaje kola\u017cowi odrobin\u0119 wyrafinowania.<\/p>\r\n\r\n<p>Nast\u0119pnie dodaj do kola\u017cu cztery ulubione zdj\u0119cia. Od rodzinnych wakacji po codzienne chwile &#8211; te zdj\u0119cia o\u017cywi\u0105 kola\u017c i stworz\u0105 wzruszaj\u0105c\u0105 reprezentacj\u0119 wi\u0119zi z Mam\u0105. Nasz intuicyjny kreator umo\u017cliwia \u0142atwe przesy\u0142anie i uk\u0142adanie zdj\u0119\u0107 w celu uzyskania idealnego projektu. Na koniec wybierz format prezentacji kola\u017cu. Niezale\u017cnie od tego, czy wolisz drukowany plakat, plakat w ramie, wydruk na p\u0142\u00f3tnie czy plik cyfrowy do natychmiastowego pobrania, oferujemy wiele opcji dostosowanych do Twoich potrzeb. <\/p>\r\n\r\n<h2>Idealny prezent dla Mamy<\/h2>\r\n\r\n<p>Podaruj swojej Mamie prezent, kt\u00f3ry b\u0119dzie ceni\u0107 ju\u017c na zawsze, dzi\u0119ki naszemu personalizowanemu kola\u017cowi &#8220;Mama &#8211; Kola\u017c 4 Zdj\u0119\u0107&#8221;. Niezale\u017cnie od tego, czy jest to prezent na Dzie\u0144 Matki, urodziny, czy po prostu bez okazji, ten kola\u017c to wyj\u0105tkowy spos\u00f3b na pokazanie Mamie, jak wiele dla Ciebie znaczy. Zam\u00f3w go ju\u017c dzi\u015b i spraw, by dzie\u0144 Twojej Mamy by\u0142 wyj\u0105tkowy!<\/p>","protected":false},"excerpt":{"rendered":"<ul class=\"check-list\">\n<li>Przypomnij swojej Mamie o wyj\u0105tkowych chwilach, kt\u00f3re sp\u0119dzili\u015bcie razem i o\u017cyw te wspomnienia<\/li>\n<li>Dodaj specjalne s\u0142owo, aby ka\u017cdy prezent by\u0142 wyj\u0105tkowy i wzruszaj\u0105cy<\/li>\n<li>Personalizuj w 2 minuty<\/li>\n<li>U\u017cyj jednego z naszych szablon\u00f3w lub daj popis swojej wyobra\u017ani<\/li>\n<li>Interaktywny podgl\u0105d pozwoli dopracowa\u0107 ka\u017cdy szczeg\u00f3\u0142<\/li>\n<\/ul>\n","protected":false},"featured_media":1096277,"template":"","meta":[],"product_brand":[],"product_cat":[11414,7706,11415,7328,7500,5271,99],"product_tag":[13392,12618,13393,12619,8407,13394,13395,11819],"class_list":{"0":"post-1090263","1":"product","2":"type-product","3":"status-publish","4":"has-post-thumbnail","6":"product_cat-prezenty-pod-choinke-dla-mamy","7":"product_cat-prezent-dla-mamy","8":"product_cat-prezenty-pod-choinke-dla-rodzicow","9":"product_cat-prezenty-na-dzien-matki","10":"product_cat-foto-pl","11":"product_cat-prezent-na-boze-narodzenie","12":"product_cat-wszystkie-produkty","13":"product_tag-mam-pl","14":"product_tag-mama-pl","15":"product_tag-mammy-pl","16":"product_tag-mamusia","17":"product_tag-mother-pl","18":"product_tag-mum-pl","19":"product_tag-mummy-pl","20":"product_tag-prezenty-pod-choinke-dla-mamy","22":"first","23":"instock","24":"sale","25":"taxable","26":"shipping-taxable","27":"purchasable","28":"product-type-variable"},"yoast_head":"<!-- This site is optimized with the Yoast SEO Premium plugin v27.2 (Yoast SEO v27.2) - https:\/\/yoast.com\/product\/yoast-seo-premium-wordpress\/ -->\n<title>Mama - Kola\u017c 4 Zdj\u0119\u0107 - Positive Prints<\/title>\n<meta name=\"description\" content=\"Utrwal cenne wspomnienia dzi\u0119ki naszemu kola\u017cowi Mama - Kola\u017c 4 Zdj\u0119\u0107. \u0141atwy do zaprojektowania, personalizowania i wydrukowania. Idealny prezent na wyj\u0105tkowy Dzie\u0144 Matki!\" \/>\n<meta name=\"robots\" content=\"index, follow, max-snippet:-1, max-image-preview:large, max-video-preview:-1\" \/>\n<link rel=\"canonical\" href=\"https:\/\/positiveprints.com\/pl\/produkt\/mama-kolaz-4-zdjec\/\" \/>\n<meta property=\"og:locale\" content=\"pl_PL\" \/>\n<meta property=\"og:type\" content=\"article\" \/>\n<meta property=\"og:title\" content=\"Mama - Kola\u017c 4 Zdj\u0119\u0107\" \/>\n<meta property=\"og:description\" content=\"Przypomnij swojej Mamie o wyj\u0105tkowych chwilach, kt\u00f3re sp\u0119dzili\u015bcie razem i o\u017cyw te wspomnienia Dodaj specjalne s\u0142owo, aby ka\u017cdy prezent by\u0142 wyj\u0105tkowy i wzruszaj\u0105cy Personalizuj w 2 minuty U\u017cyj jednego z naszych szablon\u00f3w lub daj popis swojej wyobra\u017ani Interaktywny podgl\u0105d pozwoli dopracowa\u0107 ka\u017cdy szczeg\u00f3\u0142\" \/>\n<meta property=\"og:url\" content=\"https:\/\/positiveprints.com\/pl\/produkt\/mama-kolaz-4-zdjec\/\" \/>\n<meta property=\"og:site_name\" content=\"Positive Prints\" \/>\n<meta property=\"article:publisher\" content=\"https:\/\/www.facebook.com\/positiveprintscom\" \/>\n<meta property=\"article:modified_time\" content=\"2026-04-12T20:11:07+00:00\" \/>\n<meta property=\"og:image\" content=\"https:\/\/positiveprints.com\/wp-content\/uploads\/2024\/04\/Mama-kolaz-4-zdjec.jpg\" \/>\n\t<meta property=\"og:image:width\" content=\"1080\" \/>\n\t<meta property=\"og:image:height\" content=\"1080\" \/>\n\t<meta property=\"og:image:type\" content=\"image\/jpeg\" \/>\n<meta name=\"twitter:card\" content=\"summary_large_image\" \/>\n<meta name=\"twitter:label1\" content=\"Szacowany czas czytania\" \/>\n\t<meta name=\"twitter:data1\" content=\"2 minuty\" \/>\n<!-- \/ Yoast SEO Premium plugin. -->","yoast_head_json":{"title":"Mama - Kola\u017c 4 Zdj\u0119\u0107 - Positive Prints","description":"Utrwal cenne wspomnienia dzi\u0119ki naszemu kola\u017cowi Mama - Kola\u017c 4 Zdj\u0119\u0107. \u0141atwy do zaprojektowania, personalizowania i wydrukowania. Idealny prezent na wyj\u0105tkowy Dzie\u0144 Matki!","robots":{"index":"index","follow":"follow","max-snippet":"max-snippet:-1","max-image-preview":"max-image-preview:large","max-video-preview":"max-video-preview:-1"},"canonical":"https:\/\/positiveprints.com\/pl\/produkt\/mama-kolaz-4-zdjec\/","og_locale":"pl_PL","og_type":"article","og_title":"Mama - Kola\u017c 4 Zdj\u0119\u0107","og_description":"Przypomnij swojej Mamie o wyj\u0105tkowych chwilach, kt\u00f3re sp\u0119dzili\u015bcie razem i o\u017cyw te wspomnienia Dodaj specjalne s\u0142owo, aby ka\u017cdy prezent by\u0142 wyj\u0105tkowy i wzruszaj\u0105cy Personalizuj w 2 minuty U\u017cyj jednego z naszych szablon\u00f3w lub daj popis swojej wyobra\u017ani Interaktywny podgl\u0105d pozwoli dopracowa\u0107 ka\u017cdy szczeg\u00f3\u0142","og_url":"https:\/\/positiveprints.com\/pl\/produkt\/mama-kolaz-4-zdjec\/","og_site_name":"Positive Prints","article_publisher":"https:\/\/www.facebook.com\/positiveprintscom","article_modified_time":"2026-04-12T20:11:07+00:00","og_image":[{"width":1080,"height":1080,"url":"https:\/\/positiveprints.com\/wp-content\/uploads\/2024\/04\/Mama-kolaz-4-zdjec.jpg","type":"image\/jpeg"}],"twitter_card":"summary_large_image","twitter_misc":{"Szacowany czas czytania":"2 minuty"},"schema":{"@context":"https:\/\/schema.org","@graph":[{"@type":["WebPage","ItemPage"],"@id":"https:\/\/positiveprints.com\/pl\/produkt\/mama-kolaz-4-zdjec\/","url":"https:\/\/positiveprints.com\/pl\/produkt\/mama-kolaz-4-zdjec\/","name":"Mama - Kola\u017c 4 Zdj\u0119\u0107 - Positive Prints","isPartOf":{"@id":"https:\/\/positiveprints.com\/pl\/#website"},"primaryImageOfPage":{"@id":"https:\/\/positiveprints.com\/pl\/produkt\/mama-kolaz-4-zdjec\/#primaryimage"},"image":{"@id":"https:\/\/positiveprints.com\/pl\/produkt\/mama-kolaz-4-zdjec\/#primaryimage"},"thumbnailUrl":"https:\/\/positiveprints.com\/wp-content\/uploads\/2024\/04\/Mama-kolaz-4-zdjec.jpg","datePublished":"2024-03-28T18:13:40+00:00","dateModified":"2026-04-12T20:11:07+00:00","description":"Utrwal cenne wspomnienia dzi\u0119ki naszemu kola\u017cowi Mama - Kola\u017c 4 Zdj\u0119\u0107. \u0141atwy do zaprojektowania, personalizowania i wydrukowania. Idealny prezent na wyj\u0105tkowy Dzie\u0144 Matki!","breadcrumb":{"@id":"https:\/\/positiveprints.com\/pl\/produkt\/mama-kolaz-4-zdjec\/#breadcrumb"},"inLanguage":"pl-PL","potentialAction":[{"@type":"ReadAction","target":["https:\/\/positiveprints.com\/pl\/produkt\/mama-kolaz-4-zdjec\/"]}]},{"@type":"ImageObject","inLanguage":"pl-PL","@id":"https:\/\/positiveprints.com\/pl\/produkt\/mama-kolaz-4-zdjec\/#primaryimage","url":"https:\/\/positiveprints.com\/wp-content\/uploads\/2024\/04\/Mama-kolaz-4-zdjec.jpg","contentUrl":"https:\/\/positiveprints.com\/wp-content\/uploads\/2024\/04\/Mama-kolaz-4-zdjec.jpg","width":1080,"height":1080,"caption":"Mama kola\u017c 4 zdj\u0119\u0107"},{"@type":"BreadcrumbList","@id":"https:\/\/positiveprints.com\/pl\/produkt\/mama-kolaz-4-zdjec\/#breadcrumb","itemListElement":[{"@type":"ListItem","position":1,"name":"Home","item":"https:\/\/positiveprints.com\/pl\/"},{"@type":"ListItem","position":2,"name":"Produkty","item":"https:\/\/positiveprints.com\/pl\/shop\/"},{"@type":"ListItem","position":3,"name":"Mama &#8211; Kola\u017c 4 Zdj\u0119\u0107"}]},{"@type":"WebSite","@id":"https:\/\/positiveprints.com\/pl\/#website","url":"https:\/\/positiveprints.com\/pl\/","name":"Positive Prints","description":"Amazing Custom Personalized Gifts","publisher":{"@id":"https:\/\/positiveprints.com\/pl\/#organization"},"potentialAction":[{"@type":"SearchAction","target":{"@type":"EntryPoint","urlTemplate":"https:\/\/positiveprints.com\/pl\/?s={search_term_string}"},"query-input":{"@type":"PropertyValueSpecification","valueRequired":true,"valueName":"search_term_string"}}],"inLanguage":"pl-PL"},{"@type":"Organization","@id":"https:\/\/positiveprints.com\/pl\/#organization","name":"Positive Prints","alternateName":"Positive Prints","url":"https:\/\/positiveprints.com\/pl\/","logo":{"@type":"ImageObject","inLanguage":"pl-PL","@id":"https:\/\/positiveprints.com\/pl\/#\/schema\/logo\/image\/","url":"https:\/\/positiveprints.com\/wp-content\/uploads\/2026\/03\/245815646_1337939713319158_5671353136411139666_n.png","contentUrl":"https:\/\/positiveprints.com\/wp-content\/uploads\/2026\/03\/245815646_1337939713319158_5671353136411139666_n.png","width":800,"height":800,"caption":"Positive Prints"},"image":{"@id":"https:\/\/positiveprints.com\/pl\/#\/schema\/logo\/image\/"},"sameAs":["https:\/\/www.facebook.com\/positiveprintscom","https:\/\/www.instagram.com\/positiveprintscom\/","https:\/\/www.tiktok.com\/@positiveprintscom","https:\/\/www.pinterest.com\/positiveprintscom\/"]}]}},"jetpack_sharing_enabled":true,"_links":{"self":[{"href":"https:\/\/positiveprints.com\/pl\/wp-json\/wp\/v2\/product\/1090263","targetHints":{"allow":["GET"]}}],"collection":[{"href":"https:\/\/positiveprints.com\/pl\/wp-json\/wp\/v2\/product"}],"about":[{"href":"https:\/\/positiveprints.com\/pl\/wp-json\/wp\/v2\/types\/product"}],"wp:featuredmedia":[{"embeddable":true,"href":"https:\/\/positiveprints.com\/pl\/wp-json\/wp\/v2\/media\/1096277"}],"wp:attachment":[{"href":"https:\/\/positiveprints.com\/pl\/wp-json\/wp\/v2\/media?parent=1090263"}],"wp:term":[{"taxonomy":"product_brand","embeddable":true,"href":"https:\/\/positiveprints.com\/pl\/wp-json\/wp\/v2\/product_brand?post=1090263"},{"taxonomy":"product_cat","embeddable":true,"href":"https:\/\/positiveprints.com\/pl\/wp-json\/wp\/v2\/product_cat?post=1090263"},{"taxonomy":"product_tag","embeddable":true,"href":"https:\/\/positiveprints.com\/pl\/wp-json\/wp\/v2\/product_tag?post=1090263"}],"curies":[{"name":"wp","href":"https:\/\/api.w.org\/{rel}","templated":true}]}}