{"id":1090186,"date":"2024-03-28T19:54:54","date_gmt":"2024-03-28T18:54:54","guid":{"rendered":"https:\/\/positiveprints.com\/?post_type=product&#038;p=1090186"},"modified":"2026-04-23T11:06:21","modified_gmt":"2026-04-23T10:06:21","slug":"bizuteria-line-art-na-ukonczenie-szkoly","status":"publish","type":"product","link":"https:\/\/positiveprints.com\/pl\/produkt\/bizuteria-line-art-na-ukonczenie-szkoly\/","title":{"rendered":"Bi\u017cuteria Line Art na Uko\u0144czenie Szko\u0142y"},"content":{"rendered":"<p>\u015awi\u0119tuj osi\u0105gni\u0119cie i kamie\u0144 milowy jakim jest uko\u0144czenia szko\u0142y dzi\u0119ki naszej wyj\u0105tkowej Bi\u017cuterii Line Art na Uko\u0144czenie Szko\u0142y. Przekszta\u0142\u0107 cenne wspomnienia w ponadczasowe personalizowane dzie\u0142a sztuki, symbolizuj\u0105ce po\u015bwi\u0119cenie i sukces absolwent\u00f3w. Nasi wykwalifikowani arty\u015bci skrupulatnie r\u0119cznie rysuj\u0105 ka\u017cdy szczeg\u00f3\u0142, tworz\u0105c unikalne reprezentacje, kt\u00f3re oddaj\u0105 esencj\u0119 osi\u0105gni\u0119\u0107 akademickich.<\/p>\n\n\n\n<h2>Prosty trzyetapowy proces:<\/h2>\n\n\n\n<p>Nasz intuicyjny kreator pozwala spersonalizowa\u0107 Bi\u017cuteri\u0119 Line Art na Uko\u0144czenie Szko\u0142y w trzech prostych krokach. Wy\u015bwietl podgl\u0105d projektu na ka\u017cdym etapie, aby upewni\u0107 si\u0119, \u017ce doskonale oddaje znaczenie tego osi\u0105gni\u0119cia. Wybierz dat\u0119, miejsce i personalizuj swoje dzie\u0142o, aby stworzy\u0107 cenn\u0105 pami\u0105tk\u0119 z tej donios\u0142ej okazji.<\/p>\n\n\n\n<ol>\n\n<li>Wybierz styl i kolory: <\/li>\n\n<p>Wybierz styl i kolory, kt\u00f3re odzwierciedlaj\u0105 charakter osi\u0105gni\u0119\u0107 akademickich i sukcesu.<\/p>\n\n\n\n<li>Prze\u015blij wyj\u0105tkowe zdj\u0119cie z uko\u0144czenia szko\u0142y: <\/li>\n\n<p>Podziel si\u0119 zdj\u0119ciem, kt\u00f3re symbolizuje po\u015bwi\u0119cenie i ci\u0119\u017ck\u0105 prac\u0119 absolwenta. Nasi arty\u015bci starannie r\u0119cznie narysuj\u0105 grafik\u0119, zapewniaj\u0105c, \u017ce uchwyci ona wyj\u0105tkow\u0105 esencj\u0119 tego prze\u0142omowego momentu.<\/p>\n\n\n\n<li>Dodaj personalizowan\u0105 wiadomo\u015b\u0107 i sfinalizuj: <\/li>\n\n<p>Wzboga\u0107 swoj\u0105 Bi\u017cuteri\u0119 Line Art na Uko\u0144czenie Szko\u0142y o wzruszaj\u0105c\u0105 wiadomo\u015b\u0107. Nasz zesp\u00f3\u0142 obs\u0142ugi klienta potwierdzi Twoje zam\u00f3wienie, a po jego zako\u0144czeniu otrzymasz cyfrowy podgl\u0105d do przejrzenia. Twoja satysfakcja ma znaczenie, wi\u0119c mo\u017cesz poprosi\u0107 o dwie poprawki. Po zatwierdzeniu, Twoje personalizowane arcydzie\u0142o zostanie wykonane i dostarczone, upami\u0119tniaj\u0105c przebyt\u0105 drog\u0119 i osi\u0105gni\u0119cia.<\/p>\n\n<\/ol>\n\n\n\n<h2>\u015awi\u0119tuj uko\u0144czenie szko\u0142y dzi\u0119ki Bi\u017cuterii Line Art na Uko\u0144czenie Szko\u0142y<\/h2>\n\n\n\n<p>\u015awi\u0119tuj po\u015bwi\u0119cenie, wytrwa\u0142o\u015b\u0107 i sukces uko\u0144czenia studi\u00f3w dzi\u0119ki Bi\u017cuterii Line Art na Uko\u0144czenie Szko\u0142y \u2014 doskona\u0142emu prezentowi z okazji kulminacji wysi\u0142k\u00f3w akademickich. Zam\u00f3w teraz i uhonoruj absolwenta personalizowanym arcydzie\u0142em, kt\u00f3re oddaje istot\u0119 jego osi\u0105gni\u0119\u0107.<\/p>\n\n\n\n<p>Personalizowana bi\u017cuteria jest dostarczana w eleganckim pude\u0142ku, wraz z instrukcjami piel\u0119gnacji i specjaln\u0105 \u015bciereczk\u0105 do czyszczenia, uosabiaj\u0105c nasze zaanga\u017cowanie w dostarczanie nie tylko bi\u017cuterii, ale tak\u017ce cennego do\u015bwiadczenia. Prze\u015blij zdj\u0119cie z uko\u0144czenia szko\u0142y, aby stworzy\u0107 unikaln\u0105 grafik\u0119 z przodu wisiorka &#8211; pi\u0119kn\u0105 pami\u0105tk\u0119 tego wa\u017cnego kamienia milowego. Z ty\u0142u mo\u017cna wygrawerowa\u0107 wzruszaj\u0105c\u0105 wiadomo\u015b\u0107, dodaj\u0105c osobisty akcent, aby upami\u0119tni\u0107 \u015bcie\u017ck\u0119 edukacji i rozwoju.<\/p>","protected":false},"excerpt":{"rendered":"<ul class=\"check-list\">\n<li>Pozw\u00f3l naszym artystom przekszta\u0142ci\u0107 wa\u017cny moment uko\u0144czenia szko\u0142y w ponadczasow\u0105 personalizowan\u0105 bi\u017cuteri\u0119<\/li>\n<li>Narysowane i wys\u0142ane do Twojej akceptacji w ci\u0105gu 2-3 dni roboczych<\/li>\n<li>Zawieszka o \u015brednicy 20 mm wykonana z najwy\u017cszej jako\u015bci srebra pr\u00f3by 925, grawerowana laserowo i wyka\u0144czana r\u0119cznie<\/li>\n<li>Wybierz wzruszaj\u0105cy tekst w zale\u017cno\u015bci od okazji<\/li>\n<li>2 poprawki dost\u0119pne na Twoje \u017cyczenie<\/li>\n<\/ul>\n","protected":false},"featured_media":1533035,"template":"","meta":[],"product_brand":[],"product_cat":[9255,12184,99,7915],"product_tag":[15255,9316,9331,9339,9356,11901,11902],"class_list":{"0":"post-1090186","1":"product","2":"type-product","3":"status-publish","4":"has-post-thumbnail","6":"product_cat-jewelry-pl","7":"product_cat-line-art-jewelry-pl","8":"product_cat-wszystkie-produkty","9":"product_cat-prezent-na-zakonczenie-studiow","10":"product_tag-graduation-en-gb-pl","11":"product_tag-lancuszek","12":"product_tag-medalion","13":"product_tag-naszyjnik","14":"product_tag-wisiorek","15":"product_tag-zawieszka","16":"product_tag-zawieszki","18":"first","19":"instock","20":"sale","21":"taxable","22":"shipping-taxable","23":"purchasable","24":"product-type-variable"},"yoast_head":"<!-- This site is optimized with the Yoast SEO Premium plugin v27.2 (Yoast SEO v27.2) - https:\/\/yoast.com\/product\/yoast-seo-premium-wordpress\/ -->\n<title>Bi\u017cuteria Line Art na Uko\u0144czenie Szko\u0142y - Positive Prints<\/title>\n<meta name=\"description\" content=\"Upami\u0119tnij sukces akademicki dzi\u0119ki Bi\u017cuterii Line Art na Uko\u0144czenie Szko\u0142y. Spersonalizowana do perfekcji, jest cenionym symbolem osi\u0105gni\u0119\u0107.\" \/>\n<meta name=\"robots\" content=\"index, follow, max-snippet:-1, max-image-preview:large, max-video-preview:-1\" \/>\n<link rel=\"canonical\" href=\"https:\/\/positiveprints.com\/pl\/produkt\/bizuteria-line-art-na-ukonczenie-szkoly\/\" \/>\n<meta property=\"og:locale\" content=\"pl_PL\" \/>\n<meta property=\"og:type\" content=\"article\" \/>\n<meta property=\"og:title\" content=\"Bi\u017cuteria Line Art na Uko\u0144czenie Szko\u0142y\" \/>\n<meta property=\"og:description\" content=\"Pozw\u00f3l naszym artystom przekszta\u0142ci\u0107 wa\u017cny moment uko\u0144czenia szko\u0142y w ponadczasow\u0105 personalizowan\u0105 bi\u017cuteri\u0119  Narysowane i wys\u0142ane do Twojej akceptacji w ci\u0105gu 2-3 dni roboczych  Zawieszka o \u015brednicy 20 mm wykonana z najwy\u017cszej jako\u015bci srebra pr\u00f3by 925, grawerowana laserowo i wyka\u0144czana r\u0119cznie  Wybierz wzruszaj\u0105cy tekst w zale\u017cno\u015bci od okazji  2 poprawki dost\u0119pne na Twoje \u017cyczenie\" \/>\n<meta property=\"og:url\" content=\"https:\/\/positiveprints.com\/pl\/produkt\/bizuteria-line-art-na-ukonczenie-szkoly\/\" \/>\n<meta property=\"og:site_name\" content=\"Positive Prints\" \/>\n<meta property=\"article:publisher\" content=\"https:\/\/www.facebook.com\/positiveprintscom\" \/>\n<meta property=\"article:modified_time\" content=\"2026-04-23T10:06:21+00:00\" \/>\n<meta property=\"og:image\" content=\"https:\/\/positiveprints.com\/wp-content\/uploads\/2025\/10\/MAIN_PL_Biz\u0307uteria-Line-Art-na-Ukon\u0301czenie-Szkoly.webp\" \/>\n\t<meta property=\"og:image:width\" content=\"2500\" \/>\n\t<meta property=\"og:image:height\" content=\"2500\" \/>\n\t<meta property=\"og:image:type\" content=\"image\/webp\" \/>\n<meta name=\"twitter:card\" content=\"summary_large_image\" \/>\n<meta name=\"twitter:label1\" content=\"Szacowany czas czytania\" \/>\n\t<meta name=\"twitter:data1\" content=\"2 minuty\" \/>\n<!-- \/ Yoast SEO Premium plugin. -->","yoast_head_json":{"title":"Bi\u017cuteria Line Art na Uko\u0144czenie Szko\u0142y - Positive Prints","description":"Upami\u0119tnij sukces akademicki dzi\u0119ki Bi\u017cuterii Line Art na Uko\u0144czenie Szko\u0142y. Spersonalizowana do perfekcji, jest cenionym symbolem osi\u0105gni\u0119\u0107.","robots":{"index":"index","follow":"follow","max-snippet":"max-snippet:-1","max-image-preview":"max-image-preview:large","max-video-preview":"max-video-preview:-1"},"canonical":"https:\/\/positiveprints.com\/pl\/produkt\/bizuteria-line-art-na-ukonczenie-szkoly\/","og_locale":"pl_PL","og_type":"article","og_title":"Bi\u017cuteria Line Art na Uko\u0144czenie Szko\u0142y","og_description":"Pozw\u00f3l naszym artystom przekszta\u0142ci\u0107 wa\u017cny moment uko\u0144czenia szko\u0142y w ponadczasow\u0105 personalizowan\u0105 bi\u017cuteri\u0119  Narysowane i wys\u0142ane do Twojej akceptacji w ci\u0105gu 2-3 dni roboczych  Zawieszka o \u015brednicy 20 mm wykonana z najwy\u017cszej jako\u015bci srebra pr\u00f3by 925, grawerowana laserowo i wyka\u0144czana r\u0119cznie  Wybierz wzruszaj\u0105cy tekst w zale\u017cno\u015bci od okazji  2 poprawki dost\u0119pne na Twoje \u017cyczenie","og_url":"https:\/\/positiveprints.com\/pl\/produkt\/bizuteria-line-art-na-ukonczenie-szkoly\/","og_site_name":"Positive Prints","article_publisher":"https:\/\/www.facebook.com\/positiveprintscom","article_modified_time":"2026-04-23T10:06:21+00:00","og_image":[{"width":2500,"height":2500,"url":"https:\/\/positiveprints.com\/wp-content\/uploads\/2025\/10\/MAIN_PL_Biz\u0307uteria-Line-Art-na-Ukon\u0301czenie-Szkoly.webp","type":"image\/webp"}],"twitter_card":"summary_large_image","twitter_misc":{"Szacowany czas czytania":"2 minuty"},"schema":{"@context":"https:\/\/schema.org","@graph":[{"@type":["WebPage","ItemPage"],"@id":"https:\/\/positiveprints.com\/pl\/produkt\/bizuteria-line-art-na-ukonczenie-szkoly\/","url":"https:\/\/positiveprints.com\/pl\/produkt\/bizuteria-line-art-na-ukonczenie-szkoly\/","name":"Bi\u017cuteria Line Art na Uko\u0144czenie Szko\u0142y - Positive Prints","isPartOf":{"@id":"https:\/\/positiveprints.com\/pl\/#website"},"primaryImageOfPage":{"@id":"https:\/\/positiveprints.com\/pl\/produkt\/bizuteria-line-art-na-ukonczenie-szkoly\/#primaryimage"},"image":{"@id":"https:\/\/positiveprints.com\/pl\/produkt\/bizuteria-line-art-na-ukonczenie-szkoly\/#primaryimage"},"thumbnailUrl":"https:\/\/positiveprints.com\/wp-content\/uploads\/2025\/10\/MAIN_PL_Biz\u0307uteria-Line-Art-na-Ukon\u0301czenie-Szkoly.webp","datePublished":"2024-03-28T18:54:54+00:00","dateModified":"2026-04-23T10:06:21+00:00","description":"Upami\u0119tnij sukces akademicki dzi\u0119ki Bi\u017cuterii Line Art na Uko\u0144czenie Szko\u0142y. Spersonalizowana do perfekcji, jest cenionym symbolem osi\u0105gni\u0119\u0107.","breadcrumb":{"@id":"https:\/\/positiveprints.com\/pl\/produkt\/bizuteria-line-art-na-ukonczenie-szkoly\/#breadcrumb"},"inLanguage":"pl-PL","potentialAction":[{"@type":"ReadAction","target":["https:\/\/positiveprints.com\/pl\/produkt\/bizuteria-line-art-na-ukonczenie-szkoly\/"]}]},{"@type":"ImageObject","inLanguage":"pl-PL","@id":"https:\/\/positiveprints.com\/pl\/produkt\/bizuteria-line-art-na-ukonczenie-szkoly\/#primaryimage","url":"https:\/\/positiveprints.com\/wp-content\/uploads\/2025\/10\/MAIN_PL_Biz\u0307uteria-Line-Art-na-Ukon\u0301czenie-Szkoly.webp","contentUrl":"https:\/\/positiveprints.com\/wp-content\/uploads\/2025\/10\/MAIN_PL_Biz\u0307uteria-Line-Art-na-Ukon\u0301czenie-Szkoly.webp","width":2500,"height":2500},{"@type":"BreadcrumbList","@id":"https:\/\/positiveprints.com\/pl\/produkt\/bizuteria-line-art-na-ukonczenie-szkoly\/#breadcrumb","itemListElement":[{"@type":"ListItem","position":1,"name":"Home","item":"https:\/\/positiveprints.com\/pl\/"},{"@type":"ListItem","position":2,"name":"Produkty","item":"https:\/\/positiveprints.com\/pl\/shop\/"},{"@type":"ListItem","position":3,"name":"Bi\u017cuteria Line Art na Uko\u0144czenie Szko\u0142y"}]},{"@type":"WebSite","@id":"https:\/\/positiveprints.com\/pl\/#website","url":"https:\/\/positiveprints.com\/pl\/","name":"Positive Prints","description":"Amazing Custom Personalized Gifts","publisher":{"@id":"https:\/\/positiveprints.com\/pl\/#organization"},"potentialAction":[{"@type":"SearchAction","target":{"@type":"EntryPoint","urlTemplate":"https:\/\/positiveprints.com\/pl\/?s={search_term_string}"},"query-input":{"@type":"PropertyValueSpecification","valueRequired":true,"valueName":"search_term_string"}}],"inLanguage":"pl-PL"},{"@type":"Organization","@id":"https:\/\/positiveprints.com\/pl\/#organization","name":"Positive Prints","alternateName":"Positive Prints","url":"https:\/\/positiveprints.com\/pl\/","logo":{"@type":"ImageObject","inLanguage":"pl-PL","@id":"https:\/\/positiveprints.com\/pl\/#\/schema\/logo\/image\/","url":"https:\/\/positiveprints.com\/wp-content\/uploads\/2026\/03\/245815646_1337939713319158_5671353136411139666_n.png","contentUrl":"https:\/\/positiveprints.com\/wp-content\/uploads\/2026\/03\/245815646_1337939713319158_5671353136411139666_n.png","width":800,"height":800,"caption":"Positive Prints"},"image":{"@id":"https:\/\/positiveprints.com\/pl\/#\/schema\/logo\/image\/"},"sameAs":["https:\/\/www.facebook.com\/positiveprintscom","https:\/\/www.instagram.com\/positiveprintscom\/","https:\/\/www.tiktok.com\/@positiveprintscom","https:\/\/www.pinterest.com\/positiveprintscom\/"]}]}},"jetpack_sharing_enabled":true,"_links":{"self":[{"href":"https:\/\/positiveprints.com\/pl\/wp-json\/wp\/v2\/product\/1090186","targetHints":{"allow":["GET"]}}],"collection":[{"href":"https:\/\/positiveprints.com\/pl\/wp-json\/wp\/v2\/product"}],"about":[{"href":"https:\/\/positiveprints.com\/pl\/wp-json\/wp\/v2\/types\/product"}],"wp:featuredmedia":[{"embeddable":true,"href":"https:\/\/positiveprints.com\/pl\/wp-json\/wp\/v2\/media\/1533035"}],"wp:attachment":[{"href":"https:\/\/positiveprints.com\/pl\/wp-json\/wp\/v2\/media?parent=1090186"}],"wp:term":[{"taxonomy":"product_brand","embeddable":true,"href":"https:\/\/positiveprints.com\/pl\/wp-json\/wp\/v2\/product_brand?post=1090186"},{"taxonomy":"product_cat","embeddable":true,"href":"https:\/\/positiveprints.com\/pl\/wp-json\/wp\/v2\/product_cat?post=1090186"},{"taxonomy":"product_tag","embeddable":true,"href":"https:\/\/positiveprints.com\/pl\/wp-json\/wp\/v2\/product_tag?post=1090186"}],"curies":[{"name":"wp","href":"https:\/\/api.w.org\/{rel}","templated":true}]}}